{"id":187058,"date":"2023-06-29T09:11:52","date_gmt":"2023-06-29T07:11:52","guid":{"rendered":"https:\/\/insektenliebe.com\/shop\/produkt\/bioloark-tazza-di-vetro-luji\/"},"modified":"2026-02-27T14:43:32","modified_gmt":"2026-02-27T13:43:32","slug":"bioloark-tazza-di-vetro-luji","status":"publish","type":"product","link":"https:\/\/insektenliebe.com\/it\/shop\/prodotto\/bioloark-tazza-di-vetro-luji\/","title":{"rendered":"Bioloark - Tazza di vetro Luji"},"content":{"rendered":"<h3><span class=\"s1\" style=\"color: #99cc33;\">Coppa di vetro Luji - Piccolo mondo, grande impatto<\/span><\/h3>\n<p class=\"p1\"><span class=\"s1\">La tazza di vetro Bioloark Luji<\/span><span class=\"s1\">  \u00e8 una fioriera in vetro elegante e ben progettata in cui puoi coltivare un&#8217;ampia gamma di piante. Ti offriamo questo modello in sei diverse dimensioni, in modo che tu possa pianificare in modo flessibile. Tutte le varianti convincono non solo per il loro design intelligente, ma anche per la loro lavorazione di alta qualit\u00e0.  <\/span><\/p>\n<p class=\"p1\"><span class=\"s1\">Il vetro cristallino trasparente ti offre una visione illimitata dell&#8217;interno, in modo che tu possa godere in ogni momento dello splendore colorato delle tue piante. Allo stesso tempo, i fori di ventilazione integrati garantiscono una circolazione dell&#8217;aria equilibrata. In questo modo l&#8217;umidit\u00e0 si mantiene stabile e si evita che i vetri si appannino. Un&#8217;estensione a forma di goccia sul coperchio raccoglie la condensa che normalmente si forma sulla parte superiore dei contenitori per terrari e la fa gocciolare nuovamente nel substrato in modo controllato. In questo modo si crea un ciclo naturale dell&#8217;acqua che prolunga la durata di vita e riduce la manutenzione necessaria.    <\/span><\/p>\n<p class=\"p1\"><span class=\"s1\">Grazie al suo design sofisticato, la fioriera in vetro \u00e8 particolarmente facile da curare. Allo stesso tempo, offre un&#8217;ampia gamma di opzioni di design. Ad esempio, puoi creare un piccolo paesaggio di muschio o mettere in risalto singole piante particolarmente decorative. In combinazione con una luce LED abbinata, come ad esempio una lampada Wabi-Kusa, si crea un quadro d&#8217;insieme armonioso che invita all&#8217;osservazione e al relax.   <\/span><\/p>\n<p class=\"p1\"><span class=\"s1\">In linea di massima, molte specie di piante sono adatte alla coltivazione in un contenitore di vetro chiuso, poich\u00e9 molte specie sono adattate ad ambienti umidi. Oltre a un&#8217;annaffiatura regolare e a spruzzature occasionali, le esigenze di cura rimangono gestibili finch\u00e9 il microclima viene mantenuto stabile. <\/span><\/p>\n<p class=\"p1\"><span class=\"s1\">La fioriera \u00e8 realizzata in vetro borosilicato di alta qualit\u00e0. Questo materiale \u00e8 caratterizzato da un&#8217;eccezionale trasparenza e da un basso assorbimento della luce, che permette di mostrare al meglio le tue piante. Inoltre \u00e8 robusto e durevole, il che lo rende ideale per la costruzione di terrari.  <\/span><\/p>\n<p class=\"p1\"><span class=\"s1\">Il sistema \u00e8 adatto anche a piccoli abitanti come le code a molla, i piccoli millepiedi o gli isopodi tropicali. La struttura compatta e il design chiuso creano un microclima controllato che giova a queste specie. Tuttavia, \u00e8 importante prevedere uno strato di drenaggio adeguato per far defluire l&#8217;umidit\u00e0 in eccesso e mantenere un livello di umidit\u00e0 costantemente elevato.  <\/span><\/p>\n<h3><span style=\"color: #99cc33;\"><strong>Dimensioni:<\/strong><\/span><\/h3>\n<p><strong><span class=\"brand\">Bioloark -<\/span> Coppa di vetro Luji MY-120<\/strong><\/p>\n<p>Diametro: 12 cm<br \/>\nAltezza: 12 cm<br \/>\nVolume: 1 litro<\/p>\n<p><strong><span class=\"brand\">Bioloark-<\/span> Coppa di vetro Luji MY-120H<\/strong><\/p>\n<p>Diametro: 12 cm<br \/>\nAltezza: 17,5 cm<br \/>\nVolume: 1,8 litri<\/p>\n<p><strong><span class=\"brand\">Bioloark-<\/span> Coppa di vetro Luji MY-150<\/strong><\/p>\n<p>Diametro: 15 cm<br \/>\nAltezza: 16 cm<br \/>\nVolume: 2 litri<\/p>\n<p><strong><span class=\"brand\">Bioloark-<\/span> Coppa di vetro Luji MY-150H<\/strong><\/p>\n<p>Diametro: 15 cm<br \/>\nAltezza: 23,5 cm<br \/>\nVolume: 4 litri<\/p>\n<p><strong><span class=\"brand\">Bioloark-<\/span> Coppa di vetro Luji MY-180<\/strong><\/p>\n<p>Diametro: 18 cm<br \/>\nAltezza: 20,5 cm<br \/>\nVolume: 4 litri<\/p>\n<p><strong><span class=\"brand\">Bioloark-<\/span> Coppa di vetro Luji MY-180H<\/strong><\/p>\n<p>Diametro: 18 cm<br \/>\nAltezza: 26,5 cm<br \/>\nVolume: 6,5 litri<\/p>\n","protected":false},"excerpt":{"rendered":"<p>Coppa di vetro Luji - Piccolo mondo, grande impatto La tazza di vetro Bioloark Luji \u00e8 una fioriera in vetro elegante e ben progettata in cui puoi coltivare un&#8217;ampia gamma di piante. Ti offriamo questo modello in sei diverse dimensioni, in modo che tu possa pianificare in modo flessibile. Tutte le varianti convincono non solo [&hellip;]<\/p>\n","protected":false},"featured_media":187060,"template":"","meta":{"_acf_changed":false},"product-supplier":[],"product_brand":[3228],"product_cat":[2760],"product_tag":[],"lce-checkout-addons":[],"class_list":{"0":"post-187058","1":"product","2":"type-product","3":"status-publish","4":"has-post-thumbnail","6":"product_brand-bioloark","7":"product_cat-terrari-e-contenitori","8":"product_shipping_class-equipment-shipping","10":"first","11":"instock","12":"taxable","13":"shipping-taxable","14":"purchasable","15":"product-type-variable"},"acf":[],"yoast_head":"<!-- This site is optimized with the Yoast SEO plugin v27.3 - https:\/\/yoast.com\/product\/yoast-seo-wordpress\/ -->\n<title>Bioloark - Tazza di vetro Luji - Insektenliebe<\/title>\n<meta name=\"description\" content=\"Acquista direttamente online la tazza di vetro Bioloark Luji a basso costo. Lasciati ispirare dal fascino e crea il tuo piccolo paradiso verde!\" \/>\n<meta name=\"robots\" content=\"index, follow, max-snippet:-1, max-image-preview:large, max-video-preview:-1\" \/>\n<link rel=\"canonical\" href=\"https:\/\/insektenliebe.com\/it\/shop\/prodotto\/bioloark-tazza-di-vetro-luji\/\" \/>\n<meta property=\"og:locale\" content=\"it_IT\" \/>\n<meta property=\"og:type\" content=\"article\" \/>\n<meta property=\"og:title\" content=\"Bioloark - Tazza di vetro Luji - Insektenliebe\" \/>\n<meta property=\"og:description\" content=\"Acquista direttamente online la tazza di vetro Bioloark Luji a basso costo. Lasciati ispirare dal fascino e crea il tuo piccolo paradiso verde!\" \/>\n<meta property=\"og:url\" content=\"https:\/\/insektenliebe.com\/it\/shop\/prodotto\/bioloark-tazza-di-vetro-luji\/\" \/>\n<meta property=\"og:site_name\" content=\"Insektenliebe\" \/>\n<meta property=\"article:modified_time\" content=\"2026-02-27T13:43:32+00:00\" \/>\n<meta property=\"og:image\" content=\"https:\/\/insektenliebe.com\/wp-content\/uploads\/2025\/05\/Bioloark-Luji-Glass-Cup-1-2.jpg\" \/>\n\t<meta property=\"og:image:width\" content=\"820\" \/>\n\t<meta property=\"og:image:height\" content=\"820\" \/>\n\t<meta property=\"og:image:type\" content=\"image\/jpeg\" \/>\n<meta name=\"twitter:card\" content=\"summary_large_image\" \/>\n<meta name=\"twitter:label1\" content=\"Tempo di lettura stimato\" \/>\n\t<meta name=\"twitter:data1\" content=\"2 minuto\" \/>\n<script type=\"application\/ld+json\" class=\"yoast-schema-graph\">{\"@context\":\"https:\\\/\\\/schema.org\",\"@graph\":[{\"@type\":\"WebPage\",\"@id\":\"https:\\\/\\\/insektenliebe.com\\\/it\\\/shop\\\/prodotto\\\/bioloark-tazza-di-vetro-luji\\\/\",\"url\":\"https:\\\/\\\/insektenliebe.com\\\/it\\\/shop\\\/prodotto\\\/bioloark-tazza-di-vetro-luji\\\/\",\"name\":\"Bioloark - Tazza di vetro Luji - Insektenliebe\",\"isPartOf\":{\"@id\":\"https:\\\/\\\/insektenliebe.com\\\/it\\\/#website\"},\"primaryImageOfPage\":{\"@id\":\"https:\\\/\\\/insektenliebe.com\\\/it\\\/shop\\\/prodotto\\\/bioloark-tazza-di-vetro-luji\\\/#primaryimage\"},\"image\":{\"@id\":\"https:\\\/\\\/insektenliebe.com\\\/it\\\/shop\\\/prodotto\\\/bioloark-tazza-di-vetro-luji\\\/#primaryimage\"},\"thumbnailUrl\":\"https:\\\/\\\/insektenliebe.com\\\/wp-content\\\/uploads\\\/2025\\\/05\\\/Bioloark-Luji-Glass-Cup-1-2.jpg\",\"datePublished\":\"2023-06-29T07:11:52+00:00\",\"dateModified\":\"2026-02-27T13:43:32+00:00\",\"description\":\"Acquista direttamente online la tazza di vetro Bioloark Luji a basso costo. Lasciati ispirare dal fascino e crea il tuo piccolo paradiso verde!\",\"breadcrumb\":{\"@id\":\"https:\\\/\\\/insektenliebe.com\\\/it\\\/shop\\\/prodotto\\\/bioloark-tazza-di-vetro-luji\\\/#breadcrumb\"},\"inLanguage\":\"it-IT\",\"potentialAction\":[{\"@type\":\"ReadAction\",\"target\":[\"https:\\\/\\\/insektenliebe.com\\\/it\\\/shop\\\/prodotto\\\/bioloark-tazza-di-vetro-luji\\\/\"]}]},{\"@type\":\"ImageObject\",\"inLanguage\":\"it-IT\",\"@id\":\"https:\\\/\\\/insektenliebe.com\\\/it\\\/shop\\\/prodotto\\\/bioloark-tazza-di-vetro-luji\\\/#primaryimage\",\"url\":\"https:\\\/\\\/insektenliebe.com\\\/wp-content\\\/uploads\\\/2025\\\/05\\\/Bioloark-Luji-Glass-Cup-1-2.jpg\",\"contentUrl\":\"https:\\\/\\\/insektenliebe.com\\\/wp-content\\\/uploads\\\/2025\\\/05\\\/Bioloark-Luji-Glass-Cup-1-2.jpg\",\"width\":820,\"height\":820,\"caption\":\"Tazza di vetro Bioloark-Luji-1-2.jpg\"},{\"@type\":\"BreadcrumbList\",\"@id\":\"https:\\\/\\\/insektenliebe.com\\\/it\\\/shop\\\/prodotto\\\/bioloark-tazza-di-vetro-luji\\\/#breadcrumb\",\"itemListElement\":[{\"@type\":\"ListItem\",\"position\":1,\"name\":\"Startseite\",\"item\":\"https:\\\/\\\/insektenliebe.com\\\/it\\\/\"},{\"@type\":\"ListItem\",\"position\":2,\"name\":\"Negozio\",\"item\":\"https:\\\/\\\/insektenliebe.com\\\/it\\\/negozio\\\/\"},{\"@type\":\"ListItem\",\"position\":3,\"name\":\"Bioloark - Tazza di vetro Luji\"}]},{\"@type\":\"WebSite\",\"@id\":\"https:\\\/\\\/insektenliebe.com\\\/it\\\/#website\",\"url\":\"https:\\\/\\\/insektenliebe.com\\\/it\\\/\",\"name\":\"Insektenliebe\",\"description\":\"Dein Zuhause f\u00fcr die kleinen Lebewesen\",\"publisher\":{\"@id\":\"https:\\\/\\\/insektenliebe.com\\\/it\\\/#organization\"},\"potentialAction\":[{\"@type\":\"SearchAction\",\"target\":{\"@type\":\"EntryPoint\",\"urlTemplate\":\"https:\\\/\\\/insektenliebe.com\\\/it\\\/?s={search_term_string}\"},\"query-input\":{\"@type\":\"PropertyValueSpecification\",\"valueRequired\":true,\"valueName\":\"search_term_string\"}}],\"inLanguage\":\"it-IT\"},{\"@type\":\"Organization\",\"@id\":\"https:\\\/\\\/insektenliebe.com\\\/it\\\/#organization\",\"name\":\"Insektenliebe\",\"url\":\"https:\\\/\\\/insektenliebe.com\\\/it\\\/\",\"logo\":{\"@type\":\"ImageObject\",\"inLanguage\":\"it-IT\",\"@id\":\"https:\\\/\\\/insektenliebe.com\\\/it\\\/#\\\/schema\\\/logo\\\/image\\\/\",\"url\":\"https:\\\/\\\/insektenliebe.com\\\/wp-content\\\/uploads\\\/2025\\\/03\\\/logo-white.png\",\"contentUrl\":\"https:\\\/\\\/insektenliebe.com\\\/wp-content\\\/uploads\\\/2025\\\/03\\\/logo-white.png\",\"width\":288,\"height\":188,\"caption\":\"Insektenliebe\"},\"image\":{\"@id\":\"https:\\\/\\\/insektenliebe.com\\\/it\\\/#\\\/schema\\\/logo\\\/image\\\/\"}}]}<\/script>\n<!-- \/ Yoast SEO plugin. -->","yoast_head_json":{"title":"Bioloark - Tazza di vetro Luji - Insektenliebe","description":"Acquista direttamente online la tazza di vetro Bioloark Luji a basso costo. Lasciati ispirare dal fascino e crea il tuo piccolo paradiso verde!","robots":{"index":"index","follow":"follow","max-snippet":"max-snippet:-1","max-image-preview":"max-image-preview:large","max-video-preview":"max-video-preview:-1"},"canonical":"https:\/\/insektenliebe.com\/it\/shop\/prodotto\/bioloark-tazza-di-vetro-luji\/","og_locale":"it_IT","og_type":"article","og_title":"Bioloark - Tazza di vetro Luji - Insektenliebe","og_description":"Acquista direttamente online la tazza di vetro Bioloark Luji a basso costo. Lasciati ispirare dal fascino e crea il tuo piccolo paradiso verde!","og_url":"https:\/\/insektenliebe.com\/it\/shop\/prodotto\/bioloark-tazza-di-vetro-luji\/","og_site_name":"Insektenliebe","article_modified_time":"2026-02-27T13:43:32+00:00","og_image":[{"width":820,"height":820,"url":"https:\/\/insektenliebe.com\/wp-content\/uploads\/2025\/05\/Bioloark-Luji-Glass-Cup-1-2.jpg","type":"image\/jpeg"}],"twitter_card":"summary_large_image","twitter_misc":{"Tempo di lettura stimato":"2 minuto"},"schema":{"@context":"https:\/\/schema.org","@graph":[{"@type":"WebPage","@id":"https:\/\/insektenliebe.com\/it\/shop\/prodotto\/bioloark-tazza-di-vetro-luji\/","url":"https:\/\/insektenliebe.com\/it\/shop\/prodotto\/bioloark-tazza-di-vetro-luji\/","name":"Bioloark - Tazza di vetro Luji - Insektenliebe","isPartOf":{"@id":"https:\/\/insektenliebe.com\/it\/#website"},"primaryImageOfPage":{"@id":"https:\/\/insektenliebe.com\/it\/shop\/prodotto\/bioloark-tazza-di-vetro-luji\/#primaryimage"},"image":{"@id":"https:\/\/insektenliebe.com\/it\/shop\/prodotto\/bioloark-tazza-di-vetro-luji\/#primaryimage"},"thumbnailUrl":"https:\/\/insektenliebe.com\/wp-content\/uploads\/2025\/05\/Bioloark-Luji-Glass-Cup-1-2.jpg","datePublished":"2023-06-29T07:11:52+00:00","dateModified":"2026-02-27T13:43:32+00:00","description":"Acquista direttamente online la tazza di vetro Bioloark Luji a basso costo. Lasciati ispirare dal fascino e crea il tuo piccolo paradiso verde!","breadcrumb":{"@id":"https:\/\/insektenliebe.com\/it\/shop\/prodotto\/bioloark-tazza-di-vetro-luji\/#breadcrumb"},"inLanguage":"it-IT","potentialAction":[{"@type":"ReadAction","target":["https:\/\/insektenliebe.com\/it\/shop\/prodotto\/bioloark-tazza-di-vetro-luji\/"]}]},{"@type":"ImageObject","inLanguage":"it-IT","@id":"https:\/\/insektenliebe.com\/it\/shop\/prodotto\/bioloark-tazza-di-vetro-luji\/#primaryimage","url":"https:\/\/insektenliebe.com\/wp-content\/uploads\/2025\/05\/Bioloark-Luji-Glass-Cup-1-2.jpg","contentUrl":"https:\/\/insektenliebe.com\/wp-content\/uploads\/2025\/05\/Bioloark-Luji-Glass-Cup-1-2.jpg","width":820,"height":820,"caption":"Tazza di vetro Bioloark-Luji-1-2.jpg"},{"@type":"BreadcrumbList","@id":"https:\/\/insektenliebe.com\/it\/shop\/prodotto\/bioloark-tazza-di-vetro-luji\/#breadcrumb","itemListElement":[{"@type":"ListItem","position":1,"name":"Startseite","item":"https:\/\/insektenliebe.com\/it\/"},{"@type":"ListItem","position":2,"name":"Negozio","item":"https:\/\/insektenliebe.com\/it\/negozio\/"},{"@type":"ListItem","position":3,"name":"Bioloark - Tazza di vetro Luji"}]},{"@type":"WebSite","@id":"https:\/\/insektenliebe.com\/it\/#website","url":"https:\/\/insektenliebe.com\/it\/","name":"Insektenliebe","description":"Dein Zuhause f\u00fcr die kleinen Lebewesen","publisher":{"@id":"https:\/\/insektenliebe.com\/it\/#organization"},"potentialAction":[{"@type":"SearchAction","target":{"@type":"EntryPoint","urlTemplate":"https:\/\/insektenliebe.com\/it\/?s={search_term_string}"},"query-input":{"@type":"PropertyValueSpecification","valueRequired":true,"valueName":"search_term_string"}}],"inLanguage":"it-IT"},{"@type":"Organization","@id":"https:\/\/insektenliebe.com\/it\/#organization","name":"Insektenliebe","url":"https:\/\/insektenliebe.com\/it\/","logo":{"@type":"ImageObject","inLanguage":"it-IT","@id":"https:\/\/insektenliebe.com\/it\/#\/schema\/logo\/image\/","url":"https:\/\/insektenliebe.com\/wp-content\/uploads\/2025\/03\/logo-white.png","contentUrl":"https:\/\/insektenliebe.com\/wp-content\/uploads\/2025\/03\/logo-white.png","width":288,"height":188,"caption":"Insektenliebe"},"image":{"@id":"https:\/\/insektenliebe.com\/it\/#\/schema\/logo\/image\/"}}]}},"_links":{"self":[{"href":"https:\/\/insektenliebe.com\/it\/wp-json\/wp\/v2\/product\/187058","targetHints":{"allow":["GET"]}}],"collection":[{"href":"https:\/\/insektenliebe.com\/it\/wp-json\/wp\/v2\/product"}],"about":[{"href":"https:\/\/insektenliebe.com\/it\/wp-json\/wp\/v2\/types\/product"}],"wp:featuredmedia":[{"embeddable":true,"href":"https:\/\/insektenliebe.com\/it\/wp-json\/wp\/v2\/media\/187060"}],"wp:attachment":[{"href":"https:\/\/insektenliebe.com\/it\/wp-json\/wp\/v2\/media?parent=187058"}],"wp:term":[{"taxonomy":"product-supplier","embeddable":true,"href":"https:\/\/insektenliebe.com\/it\/wp-json\/wp\/v2\/product-supplier?post=187058"},{"taxonomy":"product_brand","embeddable":true,"href":"https:\/\/insektenliebe.com\/it\/wp-json\/wp\/v2\/product_brand?post=187058"},{"taxonomy":"product_cat","embeddable":true,"href":"https:\/\/insektenliebe.com\/it\/wp-json\/wp\/v2\/product_cat?post=187058"},{"taxonomy":"product_tag","embeddable":true,"href":"https:\/\/insektenliebe.com\/it\/wp-json\/wp\/v2\/product_tag?post=187058"},{"taxonomy":"lce-checkout-addons","embeddable":true,"href":"https:\/\/insektenliebe.com\/it\/wp-json\/wp\/v2\/lce-checkout-addons?post=187058"}],"curies":[{"name":"wp","href":"https:\/\/api.w.org\/{rel}","templated":true}]}}