{"id":187042,"date":"2023-04-18T21:13:01","date_gmt":"2023-04-18T19:13:01","guid":{"rendered":"https:\/\/insektenliebe.com\/shop\/produkt\/euphorbia-hobby\/"},"modified":"2026-03-03T19:36:44","modified_gmt":"2026-03-03T18:36:44","slug":"euphorbia-hobby","status":"publish","type":"product","link":"https:\/\/insektenliebe.com\/it\/shop\/prodotto\/euphorbia-hobby\/","title":{"rendered":"Euphorbia Hobby"},"content":{"rendered":"<h3><span class=\"s1\" style=\"color: #99cc33;\">Euphorbia Hobby - Aspetto naturale del deserto senza manutenzione<\/span><\/h3>\n<p class=\"p1\"><span class=\"s1\">Con la <\/span><strong><span class=\"s2\">Euforbia Hobby<\/span><\/strong><span class=\"s1\">  puoi aggiungere al tuo terrario degli eleganti accenti desertici. Questa dettagliata pianta artificiale \u00e8 modellata visivamente su una tipica specie di cactus e crea immediatamente un autentico design paesaggistico. Allo stesso tempo, potrai beneficiare di una soluzione assolutamente priva di manutenzione.  <\/span><\/p>\n<p class=\"p1\"><span class=\"s1\">Soprattutto nei terrari del deserto, la cura delle piante vere \u00e8 spesso una sfida. Troppa umidit\u00e0 \u00e8 dannosa, troppa poca luce inibisce la crescita. L&#8217;<strong>Euphorbia Hobby<\/strong>, invece, rimane stabile e attraente a lungo termine. Non \u00e8 necessario annaffiare o concimare. Questo ti fa risparmiare tempo ed evita errori di cura.    <\/span><\/p>\n<p class=\"p1\"><span class=\"s1\">Questa pianta non \u00e8 adatta solo ad allestimenti desertici e secchi, ma anche a terrari semi-umidi. Grazie alle sue diverse dimensioni, puoi integrarla in modo flessibile. Sia come singolo richiamo visivo che in combinazione con pietre e radici, si integra armoniosamente in diversi design.  <\/span><\/p>\n<p class=\"p1\"><span class=\"s1\">Oltre a migliorare la vista, l&#8217;<strong>Euforbia Hobby<\/strong> offre anche benefici funzionali. I rettili amano usare la pianta come copertura o come punto di orientamento. Le specie pi\u00f9 piccole trovano aree riparate al di sotto. In questo modo si creano ulteriori rifugi che rafforzano il senso di sicurezza dei tuoi animali.   <\/span><\/p>\n<p class=\"p1\"><span class=\"s1\">Il materiale utilizzato \u00e8 di alta qualit\u00e0, inerte e, ovviamente, non tossico. Ci\u00f2 significa che l&#8217;impianto \u00e8 completamente sicuro per i tuoi animali domestici. Inoltre \u00e8 facile da pulire se necessario. La polvere o i residui possono essere facilmente rimossi con acqua pulita.   <\/span><\/p>\n<p class=\"p1\"><span class=\"s1\">A differenza dei cactus veri, non c&#8217;\u00e8 nemmeno il rischio di ferirsi con le spine. I tuoi animali possono muoversi in tutta sicurezza, mentre il terrario conserva il carattere autentico del deserto. <\/span><\/p>\n<p class=\"p1\"><span class=\"s1\">Con la <\/span><strong><span class=\"s2\">Euforbia Hobby<\/span><\/strong><span class=\"s1\">  combina un design dall&#8217;aspetto naturale con la massima facilit\u00e0 di cura. Conferisce struttura, altezza e profondit\u00e0 visiva al tuo terrario, creando al contempo un ambiente sicuro per i tuoi animali. Una soluzione ideale per chi vuole godere di un&#8217;atmosfera desertica senza compromessi.  <\/span><\/p>\n","protected":false},"excerpt":{"rendered":"<p>Euphorbia Hobby - Aspetto naturale del deserto senza manutenzione Con la Euforbia Hobby puoi aggiungere al tuo terrario degli eleganti accenti desertici. Questa dettagliata pianta artificiale \u00e8 modellata visivamente su una tipica specie di cactus e crea immediatamente un autentico design paesaggistico. Allo stesso tempo, potrai beneficiare di una soluzione assolutamente priva di manutenzione. Soprattutto [&hellip;]<\/p>\n","protected":false},"featured_media":187044,"template":"","meta":{"_acf_changed":false},"product-supplier":[2555],"product_brand":[2739],"product_cat":[3142],"product_tag":[],"lce-checkout-addons":[],"class_list":{"0":"post-187042","1":"product","2":"type-product","3":"status-publish","4":"has-post-thumbnail","6":"product_brand-hobby-terraristica","7":"product_cat-piante-artificiali","8":"product_shipping_class-equipment-shipping","10":"first","11":"instock","12":"sale","13":"taxable","14":"shipping-taxable","15":"purchasable","16":"product-type-variable"},"acf":[],"yoast_head":"<!-- This site is optimized with the Yoast SEO plugin v27.3 - https:\/\/yoast.com\/product\/yoast-seo-wordpress\/ -->\n<title>Euphorbia Hobby - Insektenliebe<\/title>\n<meta name=\"description\" content=\"Ordina direttamente online l&#039;Euphorbia Hobby a basso costo. Offre innumerevoli opzioni di design e crea un terrario naturale!\" \/>\n<meta name=\"robots\" content=\"index, follow, max-snippet:-1, max-image-preview:large, max-video-preview:-1\" \/>\n<link rel=\"canonical\" href=\"https:\/\/insektenliebe.com\/it\/shop\/prodotto\/euphorbia-hobby\/\" \/>\n<meta property=\"og:locale\" content=\"it_IT\" \/>\n<meta property=\"og:type\" content=\"article\" \/>\n<meta property=\"og:title\" content=\"Euphorbia Hobby - Insektenliebe\" \/>\n<meta property=\"og:description\" content=\"Ordina direttamente online l&#039;Euphorbia Hobby a basso costo. Offre innumerevoli opzioni di design e crea un terrario naturale!\" \/>\n<meta property=\"og:url\" content=\"https:\/\/insektenliebe.com\/it\/shop\/prodotto\/euphorbia-hobby\/\" \/>\n<meta property=\"og:site_name\" content=\"Insektenliebe\" \/>\n<meta property=\"article:modified_time\" content=\"2026-03-03T18:36:44+00:00\" \/>\n<meta property=\"og:image\" content=\"https:\/\/insektenliebe.com\/wp-content\/uploads\/2025\/05\/Hobby-Euphorbia-M-2.jpg\" \/>\n\t<meta property=\"og:image:width\" content=\"820\" \/>\n\t<meta property=\"og:image:height\" content=\"820\" \/>\n\t<meta property=\"og:image:type\" content=\"image\/jpeg\" \/>\n<meta name=\"twitter:card\" content=\"summary_large_image\" \/>\n<meta name=\"twitter:label1\" content=\"Tempo di lettura stimato\" \/>\n\t<meta name=\"twitter:data1\" content=\"2 minuto\" \/>\n<script type=\"application\/ld+json\" class=\"yoast-schema-graph\">{\"@context\":\"https:\\\/\\\/schema.org\",\"@graph\":[{\"@type\":\"WebPage\",\"@id\":\"https:\\\/\\\/insektenliebe.com\\\/it\\\/shop\\\/prodotto\\\/euphorbia-hobby\\\/\",\"url\":\"https:\\\/\\\/insektenliebe.com\\\/it\\\/shop\\\/prodotto\\\/euphorbia-hobby\\\/\",\"name\":\"Euphorbia Hobby - Insektenliebe\",\"isPartOf\":{\"@id\":\"https:\\\/\\\/insektenliebe.com\\\/it\\\/#website\"},\"primaryImageOfPage\":{\"@id\":\"https:\\\/\\\/insektenliebe.com\\\/it\\\/shop\\\/prodotto\\\/euphorbia-hobby\\\/#primaryimage\"},\"image\":{\"@id\":\"https:\\\/\\\/insektenliebe.com\\\/it\\\/shop\\\/prodotto\\\/euphorbia-hobby\\\/#primaryimage\"},\"thumbnailUrl\":\"https:\\\/\\\/insektenliebe.com\\\/wp-content\\\/uploads\\\/2025\\\/05\\\/Hobby-Euphorbia-M-2.jpg\",\"datePublished\":\"2023-04-18T19:13:01+00:00\",\"dateModified\":\"2026-03-03T18:36:44+00:00\",\"description\":\"Ordina direttamente online l'Euphorbia Hobby a basso costo. Offre innumerevoli opzioni di design e crea un terrario naturale!\",\"breadcrumb\":{\"@id\":\"https:\\\/\\\/insektenliebe.com\\\/it\\\/shop\\\/prodotto\\\/euphorbia-hobby\\\/#breadcrumb\"},\"inLanguage\":\"it-IT\",\"potentialAction\":[{\"@type\":\"ReadAction\",\"target\":[\"https:\\\/\\\/insektenliebe.com\\\/it\\\/shop\\\/prodotto\\\/euphorbia-hobby\\\/\"]}]},{\"@type\":\"ImageObject\",\"inLanguage\":\"it-IT\",\"@id\":\"https:\\\/\\\/insektenliebe.com\\\/it\\\/shop\\\/prodotto\\\/euphorbia-hobby\\\/#primaryimage\",\"url\":\"https:\\\/\\\/insektenliebe.com\\\/wp-content\\\/uploads\\\/2025\\\/05\\\/Hobby-Euphorbia-M-2.jpg\",\"contentUrl\":\"https:\\\/\\\/insektenliebe.com\\\/wp-content\\\/uploads\\\/2025\\\/05\\\/Hobby-Euphorbia-M-2.jpg\",\"width\":820,\"height\":820,\"caption\":\"Hobby-Euphorbia-M-2.jpg\"},{\"@type\":\"BreadcrumbList\",\"@id\":\"https:\\\/\\\/insektenliebe.com\\\/it\\\/shop\\\/prodotto\\\/euphorbia-hobby\\\/#breadcrumb\",\"itemListElement\":[{\"@type\":\"ListItem\",\"position\":1,\"name\":\"Startseite\",\"item\":\"https:\\\/\\\/insektenliebe.com\\\/it\\\/\"},{\"@type\":\"ListItem\",\"position\":2,\"name\":\"Negozio\",\"item\":\"https:\\\/\\\/insektenliebe.com\\\/it\\\/negozio\\\/\"},{\"@type\":\"ListItem\",\"position\":3,\"name\":\"Euphorbia Hobby\"}]},{\"@type\":\"WebSite\",\"@id\":\"https:\\\/\\\/insektenliebe.com\\\/it\\\/#website\",\"url\":\"https:\\\/\\\/insektenliebe.com\\\/it\\\/\",\"name\":\"Insektenliebe\",\"description\":\"Dein Zuhause f\u00fcr die kleinen Lebewesen\",\"publisher\":{\"@id\":\"https:\\\/\\\/insektenliebe.com\\\/it\\\/#organization\"},\"potentialAction\":[{\"@type\":\"SearchAction\",\"target\":{\"@type\":\"EntryPoint\",\"urlTemplate\":\"https:\\\/\\\/insektenliebe.com\\\/it\\\/?s={search_term_string}\"},\"query-input\":{\"@type\":\"PropertyValueSpecification\",\"valueRequired\":true,\"valueName\":\"search_term_string\"}}],\"inLanguage\":\"it-IT\"},{\"@type\":\"Organization\",\"@id\":\"https:\\\/\\\/insektenliebe.com\\\/it\\\/#organization\",\"name\":\"Insektenliebe\",\"url\":\"https:\\\/\\\/insektenliebe.com\\\/it\\\/\",\"logo\":{\"@type\":\"ImageObject\",\"inLanguage\":\"it-IT\",\"@id\":\"https:\\\/\\\/insektenliebe.com\\\/it\\\/#\\\/schema\\\/logo\\\/image\\\/\",\"url\":\"https:\\\/\\\/insektenliebe.com\\\/wp-content\\\/uploads\\\/2025\\\/03\\\/logo-white.png\",\"contentUrl\":\"https:\\\/\\\/insektenliebe.com\\\/wp-content\\\/uploads\\\/2025\\\/03\\\/logo-white.png\",\"width\":288,\"height\":188,\"caption\":\"Insektenliebe\"},\"image\":{\"@id\":\"https:\\\/\\\/insektenliebe.com\\\/it\\\/#\\\/schema\\\/logo\\\/image\\\/\"}}]}<\/script>\n<!-- \/ Yoast SEO plugin. -->","yoast_head_json":{"title":"Euphorbia Hobby - Insektenliebe","description":"Ordina direttamente online l'Euphorbia Hobby a basso costo. Offre innumerevoli opzioni di design e crea un terrario naturale!","robots":{"index":"index","follow":"follow","max-snippet":"max-snippet:-1","max-image-preview":"max-image-preview:large","max-video-preview":"max-video-preview:-1"},"canonical":"https:\/\/insektenliebe.com\/it\/shop\/prodotto\/euphorbia-hobby\/","og_locale":"it_IT","og_type":"article","og_title":"Euphorbia Hobby - Insektenliebe","og_description":"Ordina direttamente online l'Euphorbia Hobby a basso costo. Offre innumerevoli opzioni di design e crea un terrario naturale!","og_url":"https:\/\/insektenliebe.com\/it\/shop\/prodotto\/euphorbia-hobby\/","og_site_name":"Insektenliebe","article_modified_time":"2026-03-03T18:36:44+00:00","og_image":[{"width":820,"height":820,"url":"https:\/\/insektenliebe.com\/wp-content\/uploads\/2025\/05\/Hobby-Euphorbia-M-2.jpg","type":"image\/jpeg"}],"twitter_card":"summary_large_image","twitter_misc":{"Tempo di lettura stimato":"2 minuto"},"schema":{"@context":"https:\/\/schema.org","@graph":[{"@type":"WebPage","@id":"https:\/\/insektenliebe.com\/it\/shop\/prodotto\/euphorbia-hobby\/","url":"https:\/\/insektenliebe.com\/it\/shop\/prodotto\/euphorbia-hobby\/","name":"Euphorbia Hobby - Insektenliebe","isPartOf":{"@id":"https:\/\/insektenliebe.com\/it\/#website"},"primaryImageOfPage":{"@id":"https:\/\/insektenliebe.com\/it\/shop\/prodotto\/euphorbia-hobby\/#primaryimage"},"image":{"@id":"https:\/\/insektenliebe.com\/it\/shop\/prodotto\/euphorbia-hobby\/#primaryimage"},"thumbnailUrl":"https:\/\/insektenliebe.com\/wp-content\/uploads\/2025\/05\/Hobby-Euphorbia-M-2.jpg","datePublished":"2023-04-18T19:13:01+00:00","dateModified":"2026-03-03T18:36:44+00:00","description":"Ordina direttamente online l'Euphorbia Hobby a basso costo. Offre innumerevoli opzioni di design e crea un terrario naturale!","breadcrumb":{"@id":"https:\/\/insektenliebe.com\/it\/shop\/prodotto\/euphorbia-hobby\/#breadcrumb"},"inLanguage":"it-IT","potentialAction":[{"@type":"ReadAction","target":["https:\/\/insektenliebe.com\/it\/shop\/prodotto\/euphorbia-hobby\/"]}]},{"@type":"ImageObject","inLanguage":"it-IT","@id":"https:\/\/insektenliebe.com\/it\/shop\/prodotto\/euphorbia-hobby\/#primaryimage","url":"https:\/\/insektenliebe.com\/wp-content\/uploads\/2025\/05\/Hobby-Euphorbia-M-2.jpg","contentUrl":"https:\/\/insektenliebe.com\/wp-content\/uploads\/2025\/05\/Hobby-Euphorbia-M-2.jpg","width":820,"height":820,"caption":"Hobby-Euphorbia-M-2.jpg"},{"@type":"BreadcrumbList","@id":"https:\/\/insektenliebe.com\/it\/shop\/prodotto\/euphorbia-hobby\/#breadcrumb","itemListElement":[{"@type":"ListItem","position":1,"name":"Startseite","item":"https:\/\/insektenliebe.com\/it\/"},{"@type":"ListItem","position":2,"name":"Negozio","item":"https:\/\/insektenliebe.com\/it\/negozio\/"},{"@type":"ListItem","position":3,"name":"Euphorbia Hobby"}]},{"@type":"WebSite","@id":"https:\/\/insektenliebe.com\/it\/#website","url":"https:\/\/insektenliebe.com\/it\/","name":"Insektenliebe","description":"Dein Zuhause f\u00fcr die kleinen Lebewesen","publisher":{"@id":"https:\/\/insektenliebe.com\/it\/#organization"},"potentialAction":[{"@type":"SearchAction","target":{"@type":"EntryPoint","urlTemplate":"https:\/\/insektenliebe.com\/it\/?s={search_term_string}"},"query-input":{"@type":"PropertyValueSpecification","valueRequired":true,"valueName":"search_term_string"}}],"inLanguage":"it-IT"},{"@type":"Organization","@id":"https:\/\/insektenliebe.com\/it\/#organization","name":"Insektenliebe","url":"https:\/\/insektenliebe.com\/it\/","logo":{"@type":"ImageObject","inLanguage":"it-IT","@id":"https:\/\/insektenliebe.com\/it\/#\/schema\/logo\/image\/","url":"https:\/\/insektenliebe.com\/wp-content\/uploads\/2025\/03\/logo-white.png","contentUrl":"https:\/\/insektenliebe.com\/wp-content\/uploads\/2025\/03\/logo-white.png","width":288,"height":188,"caption":"Insektenliebe"},"image":{"@id":"https:\/\/insektenliebe.com\/it\/#\/schema\/logo\/image\/"}}]}},"_links":{"self":[{"href":"https:\/\/insektenliebe.com\/it\/wp-json\/wp\/v2\/product\/187042","targetHints":{"allow":["GET"]}}],"collection":[{"href":"https:\/\/insektenliebe.com\/it\/wp-json\/wp\/v2\/product"}],"about":[{"href":"https:\/\/insektenliebe.com\/it\/wp-json\/wp\/v2\/types\/product"}],"wp:featuredmedia":[{"embeddable":true,"href":"https:\/\/insektenliebe.com\/it\/wp-json\/wp\/v2\/media\/187044"}],"wp:attachment":[{"href":"https:\/\/insektenliebe.com\/it\/wp-json\/wp\/v2\/media?parent=187042"}],"wp:term":[{"taxonomy":"product-supplier","embeddable":true,"href":"https:\/\/insektenliebe.com\/it\/wp-json\/wp\/v2\/product-supplier?post=187042"},{"taxonomy":"product_brand","embeddable":true,"href":"https:\/\/insektenliebe.com\/it\/wp-json\/wp\/v2\/product_brand?post=187042"},{"taxonomy":"product_cat","embeddable":true,"href":"https:\/\/insektenliebe.com\/it\/wp-json\/wp\/v2\/product_cat?post=187042"},{"taxonomy":"product_tag","embeddable":true,"href":"https:\/\/insektenliebe.com\/it\/wp-json\/wp\/v2\/product_tag?post=187042"},{"taxonomy":"lce-checkout-addons","embeddable":true,"href":"https:\/\/insektenliebe.com\/it\/wp-json\/wp\/v2\/lce-checkout-addons?post=187042"}],"curies":[{"name":"wp","href":"https:\/\/api.w.org\/{rel}","templated":true}]}}