{"id":187030,"date":"2023-06-28T11:57:00","date_gmt":"2023-06-28T09:57:00","guid":{"rendered":"https:\/\/insektenliebe.com\/shop\/produkt\/teschio-di-bufalo-exo-terra\/"},"modified":"2026-03-03T11:46:41","modified_gmt":"2026-03-03T10:46:41","slug":"teschio-di-bufalo-exo-terra","status":"publish","type":"product","link":"https:\/\/insektenliebe.com\/it\/shop\/prodotto\/teschio-di-bufalo-exo-terra\/","title":{"rendered":"Teschio di bufalo Exo Terra"},"content":{"rendered":"<h3><span class=\"s1\" style=\"color: #99cc33\">Teschio di bufalo Exo Terra - Impressionante decorazione per terrario con funzionalit\u00e0<\/span><\/h3>\n<p class=\"p1\"><span class=\"s1\">Il <\/span><strong><span class=\"s2\">Teschio di bufalo Exo Terra<\/span><\/strong><span class=\"s1\">  \u00e8 un&#8217;insolita decorazione per terrari che cattura immediatamente l&#8217;attenzione. Che tu lo trovi affascinante, mistico o suggestivo, questo teschio riprodotto fedelmente conferisce al tuo terrario un&#8217;atmosfera speciale. Allo stesso tempo, offre ai tuoi animali un rifugio funzionale.  <\/span><\/p>\n<p class=\"p1\"><span class=\"s1\">La struttura scheletrica di un teschio di bufalo \u00e8 stata riprodotta con un&#8217;impressionante attenzione ai dettagli. La superficie, la struttura ossea e la colorazione sembrano ingannevolmente reali. Di conseguenza, la grotta si integra armoniosamente in un&#8217;ampia variet\u00e0 di terrari. Che si tratti di terrario secco, terrario della foresta pluviale o paludario, il teschio di bufalo crea un forte accento visivo e distingue chiaramente il tuo allestimento dalle decorazioni convenzionali.   <\/span><\/p>\n<p class=\"p1\"><span class=\"s1\">Ma il <strong>teschio di bufalo<\/strong> di <strong>Exo Terra<\/strong> non colpisce solo per il suo aspetto. Grazie alle sue dimensioni generose, offre spazio sufficiente anche ai rettili pi\u00f9 grandi. Allo stesso tempo, gli animali pi\u00f9 piccoli, come gli anfibi o gli invertebrati, possono beneficiare delle molteplici entrate e uscite. Queste garantiscono una ventilazione naturale e permettono di entrare e uscire senza stress.   <\/span><\/p>\n<p class=\"p1\"><span class=\"s1\">Soprattutto in situazioni di stress, molti animali da terrario cercano rifugi protetti. Il teschio di bufalo crea proprio quest&#8217;area protetta. Questo riduce lo stress e favorisce il comportamento naturale dei tuoi animali. Allo stesso tempo, strutturi l&#8217;habitat in modo tridimensionale, il che \u00e8 particolarmente vantaggioso per le specie territoriali.   <\/span><\/p>\n<p class=\"p1\"><span class=\"s1\">Questa grotta terrario ha un ottimo punteggio anche in termini di igiene. \u00c8 realizzata in plastica impermeabile e priva di sostanze inquinanti e pertanto rimane resistente e stabile. Il materiale non assorbe l&#8217;umidit\u00e0 ed \u00e8 facile da pulire. Il teschio mantiene la sua forma e il suo colore anche in ambienti permanentemente umidi o nel paludario.   <\/span><\/p>\n<p class=\"p1\"><span class=\"s1\">Disponibile in due dimensioni, il <strong>teschio di bufalo di Exo Terra<\/strong> \u00e8 adatto sia ai terrari pi\u00f9 piccoli che a quelli pi\u00f9 grandi. Questo ti permette di integrarlo in modo flessibile in diversi allestimenti. <\/span><\/p>\n<p class=\"p1\"><span class=\"s1\">Il <\/span><strong><span class=\"s2\">Teschio di bufalo Exo Terra<\/span><\/strong><span class=\"s1\">  combina un design eccezionale con una funzione pratica. Se vuoi dare carattere al tuo terrario e allo stesso tempo creare un rifugio sicuro, questa \u00e8 una grotta terrario decorativa e ben studiata con un potenziale davvero accattivante. <\/span><\/p>\n","protected":false},"excerpt":{"rendered":"<p>Teschio di bufalo Exo Terra - Impressionante decorazione per terrario con funzionalit\u00e0 Il Teschio di bufalo Exo Terra \u00e8 un&#8217;insolita decorazione per terrari che cattura immediatamente l&#8217;attenzione. Che tu lo trovi affascinante, mistico o suggestivo, questo teschio riprodotto fedelmente conferisce al tuo terrario un&#8217;atmosfera speciale. Allo stesso tempo, offre ai tuoi animali un rifugio funzionale. [&hellip;]<\/p>\n","protected":false},"featured_media":187032,"template":"","meta":{"_acf_changed":false},"product-supplier":[2554],"product_brand":[3027],"product_cat":[2740],"product_tag":[],"lce-checkout-addons":[],"class_list":{"0":"post-187030","1":"product","2":"type-product","3":"status-publish","4":"has-post-thumbnail","6":"product_brand-exo-terra","7":"product_cat-arredamento-e-decorazione","8":"product_shipping_class-equipment-shipping","10":"first","11":"instock","12":"sale","13":"taxable","14":"shipping-taxable","15":"purchasable","16":"product-type-variable"},"acf":[],"yoast_head":"<!-- This site is optimized with the Yoast SEO plugin v27.3 - https:\/\/yoast.com\/product\/yoast-seo-wordpress\/ -->\n<title>Teschio di bufalo Exo Terra - Insektenliebe<\/title>\n<meta name=\"description\" content=\"Exo Terra Buffalo Skull \u00e8 una grotta terrario realistica con entrate multiple. \u00c8 sicura, decorativa e impermeabile.\" \/>\n<meta name=\"robots\" content=\"index, follow, max-snippet:-1, max-image-preview:large, max-video-preview:-1\" \/>\n<link rel=\"canonical\" href=\"https:\/\/insektenliebe.com\/it\/shop\/prodotto\/teschio-di-bufalo-exo-terra\/\" \/>\n<meta property=\"og:locale\" content=\"it_IT\" \/>\n<meta property=\"og:type\" content=\"article\" \/>\n<meta property=\"og:title\" content=\"Teschio di bufalo Exo Terra - Insektenliebe\" \/>\n<meta property=\"og:description\" content=\"Exo Terra Buffalo Skull \u00e8 una grotta terrario realistica con entrate multiple. \u00c8 sicura, decorativa e impermeabile.\" \/>\n<meta property=\"og:url\" content=\"https:\/\/insektenliebe.com\/it\/shop\/prodotto\/teschio-di-bufalo-exo-terra\/\" \/>\n<meta property=\"og:site_name\" content=\"Insektenliebe\" \/>\n<meta property=\"article:modified_time\" content=\"2026-03-03T10:46:41+00:00\" \/>\n<meta property=\"og:image\" content=\"https:\/\/insektenliebe.com\/wp-content\/uploads\/2025\/05\/Exo-Terra-Buffelschaedel-2.jpg\" \/>\n\t<meta property=\"og:image:width\" content=\"820\" \/>\n\t<meta property=\"og:image:height\" content=\"820\" \/>\n\t<meta property=\"og:image:type\" content=\"image\/jpeg\" \/>\n<meta name=\"twitter:card\" content=\"summary_large_image\" \/>\n<meta name=\"twitter:label1\" content=\"Tempo di lettura stimato\" \/>\n\t<meta name=\"twitter:data1\" content=\"2 minuto\" \/>\n<script type=\"application\/ld+json\" class=\"yoast-schema-graph\">{\"@context\":\"https:\\\/\\\/schema.org\",\"@graph\":[{\"@type\":\"WebPage\",\"@id\":\"https:\\\/\\\/insektenliebe.com\\\/it\\\/shop\\\/prodotto\\\/teschio-di-bufalo-exo-terra\\\/\",\"url\":\"https:\\\/\\\/insektenliebe.com\\\/it\\\/shop\\\/prodotto\\\/teschio-di-bufalo-exo-terra\\\/\",\"name\":\"Teschio di bufalo Exo Terra - Insektenliebe\",\"isPartOf\":{\"@id\":\"https:\\\/\\\/insektenliebe.com\\\/it\\\/#website\"},\"primaryImageOfPage\":{\"@id\":\"https:\\\/\\\/insektenliebe.com\\\/it\\\/shop\\\/prodotto\\\/teschio-di-bufalo-exo-terra\\\/#primaryimage\"},\"image\":{\"@id\":\"https:\\\/\\\/insektenliebe.com\\\/it\\\/shop\\\/prodotto\\\/teschio-di-bufalo-exo-terra\\\/#primaryimage\"},\"thumbnailUrl\":\"https:\\\/\\\/insektenliebe.com\\\/wp-content\\\/uploads\\\/2025\\\/05\\\/Exo-Terra-Buffelschaedel-2.jpg\",\"datePublished\":\"2023-06-28T09:57:00+00:00\",\"dateModified\":\"2026-03-03T10:46:41+00:00\",\"description\":\"Exo Terra Buffalo Skull \u00e8 una grotta terrario realistica con entrate multiple. \u00c8 sicura, decorativa e impermeabile.\",\"breadcrumb\":{\"@id\":\"https:\\\/\\\/insektenliebe.com\\\/it\\\/shop\\\/prodotto\\\/teschio-di-bufalo-exo-terra\\\/#breadcrumb\"},\"inLanguage\":\"it-IT\",\"potentialAction\":[{\"@type\":\"ReadAction\",\"target\":[\"https:\\\/\\\/insektenliebe.com\\\/it\\\/shop\\\/prodotto\\\/teschio-di-bufalo-exo-terra\\\/\"]}]},{\"@type\":\"ImageObject\",\"inLanguage\":\"it-IT\",\"@id\":\"https:\\\/\\\/insektenliebe.com\\\/it\\\/shop\\\/prodotto\\\/teschio-di-bufalo-exo-terra\\\/#primaryimage\",\"url\":\"https:\\\/\\\/insektenliebe.com\\\/wp-content\\\/uploads\\\/2025\\\/05\\\/Exo-Terra-Buffelschaedel-2.jpg\",\"contentUrl\":\"https:\\\/\\\/insektenliebe.com\\\/wp-content\\\/uploads\\\/2025\\\/05\\\/Exo-Terra-Buffelschaedel-2.jpg\",\"width\":820,\"height\":820,\"caption\":\"Exo-Terra-Buffelschaedel-2.jpg\"},{\"@type\":\"BreadcrumbList\",\"@id\":\"https:\\\/\\\/insektenliebe.com\\\/it\\\/shop\\\/prodotto\\\/teschio-di-bufalo-exo-terra\\\/#breadcrumb\",\"itemListElement\":[{\"@type\":\"ListItem\",\"position\":1,\"name\":\"Startseite\",\"item\":\"https:\\\/\\\/insektenliebe.com\\\/it\\\/\"},{\"@type\":\"ListItem\",\"position\":2,\"name\":\"Negozio\",\"item\":\"https:\\\/\\\/insektenliebe.com\\\/it\\\/negozio\\\/\"},{\"@type\":\"ListItem\",\"position\":3,\"name\":\"Teschio di bufalo Exo Terra\"}]},{\"@type\":\"WebSite\",\"@id\":\"https:\\\/\\\/insektenliebe.com\\\/it\\\/#website\",\"url\":\"https:\\\/\\\/insektenliebe.com\\\/it\\\/\",\"name\":\"Insektenliebe\",\"description\":\"Dein Zuhause f\u00fcr die kleinen Lebewesen\",\"publisher\":{\"@id\":\"https:\\\/\\\/insektenliebe.com\\\/it\\\/#organization\"},\"potentialAction\":[{\"@type\":\"SearchAction\",\"target\":{\"@type\":\"EntryPoint\",\"urlTemplate\":\"https:\\\/\\\/insektenliebe.com\\\/it\\\/?s={search_term_string}\"},\"query-input\":{\"@type\":\"PropertyValueSpecification\",\"valueRequired\":true,\"valueName\":\"search_term_string\"}}],\"inLanguage\":\"it-IT\"},{\"@type\":\"Organization\",\"@id\":\"https:\\\/\\\/insektenliebe.com\\\/it\\\/#organization\",\"name\":\"Insektenliebe\",\"url\":\"https:\\\/\\\/insektenliebe.com\\\/it\\\/\",\"logo\":{\"@type\":\"ImageObject\",\"inLanguage\":\"it-IT\",\"@id\":\"https:\\\/\\\/insektenliebe.com\\\/it\\\/#\\\/schema\\\/logo\\\/image\\\/\",\"url\":\"https:\\\/\\\/insektenliebe.com\\\/wp-content\\\/uploads\\\/2025\\\/03\\\/logo-white.png\",\"contentUrl\":\"https:\\\/\\\/insektenliebe.com\\\/wp-content\\\/uploads\\\/2025\\\/03\\\/logo-white.png\",\"width\":288,\"height\":188,\"caption\":\"Insektenliebe\"},\"image\":{\"@id\":\"https:\\\/\\\/insektenliebe.com\\\/it\\\/#\\\/schema\\\/logo\\\/image\\\/\"}}]}<\/script>\n<!-- \/ Yoast SEO plugin. -->","yoast_head_json":{"title":"Teschio di bufalo Exo Terra - Insektenliebe","description":"Exo Terra Buffalo Skull \u00e8 una grotta terrario realistica con entrate multiple. \u00c8 sicura, decorativa e impermeabile.","robots":{"index":"index","follow":"follow","max-snippet":"max-snippet:-1","max-image-preview":"max-image-preview:large","max-video-preview":"max-video-preview:-1"},"canonical":"https:\/\/insektenliebe.com\/it\/shop\/prodotto\/teschio-di-bufalo-exo-terra\/","og_locale":"it_IT","og_type":"article","og_title":"Teschio di bufalo Exo Terra - Insektenliebe","og_description":"Exo Terra Buffalo Skull \u00e8 una grotta terrario realistica con entrate multiple. \u00c8 sicura, decorativa e impermeabile.","og_url":"https:\/\/insektenliebe.com\/it\/shop\/prodotto\/teschio-di-bufalo-exo-terra\/","og_site_name":"Insektenliebe","article_modified_time":"2026-03-03T10:46:41+00:00","og_image":[{"width":820,"height":820,"url":"https:\/\/insektenliebe.com\/wp-content\/uploads\/2025\/05\/Exo-Terra-Buffelschaedel-2.jpg","type":"image\/jpeg"}],"twitter_card":"summary_large_image","twitter_misc":{"Tempo di lettura stimato":"2 minuto"},"schema":{"@context":"https:\/\/schema.org","@graph":[{"@type":"WebPage","@id":"https:\/\/insektenliebe.com\/it\/shop\/prodotto\/teschio-di-bufalo-exo-terra\/","url":"https:\/\/insektenliebe.com\/it\/shop\/prodotto\/teschio-di-bufalo-exo-terra\/","name":"Teschio di bufalo Exo Terra - Insektenliebe","isPartOf":{"@id":"https:\/\/insektenliebe.com\/it\/#website"},"primaryImageOfPage":{"@id":"https:\/\/insektenliebe.com\/it\/shop\/prodotto\/teschio-di-bufalo-exo-terra\/#primaryimage"},"image":{"@id":"https:\/\/insektenliebe.com\/it\/shop\/prodotto\/teschio-di-bufalo-exo-terra\/#primaryimage"},"thumbnailUrl":"https:\/\/insektenliebe.com\/wp-content\/uploads\/2025\/05\/Exo-Terra-Buffelschaedel-2.jpg","datePublished":"2023-06-28T09:57:00+00:00","dateModified":"2026-03-03T10:46:41+00:00","description":"Exo Terra Buffalo Skull \u00e8 una grotta terrario realistica con entrate multiple. \u00c8 sicura, decorativa e impermeabile.","breadcrumb":{"@id":"https:\/\/insektenliebe.com\/it\/shop\/prodotto\/teschio-di-bufalo-exo-terra\/#breadcrumb"},"inLanguage":"it-IT","potentialAction":[{"@type":"ReadAction","target":["https:\/\/insektenliebe.com\/it\/shop\/prodotto\/teschio-di-bufalo-exo-terra\/"]}]},{"@type":"ImageObject","inLanguage":"it-IT","@id":"https:\/\/insektenliebe.com\/it\/shop\/prodotto\/teschio-di-bufalo-exo-terra\/#primaryimage","url":"https:\/\/insektenliebe.com\/wp-content\/uploads\/2025\/05\/Exo-Terra-Buffelschaedel-2.jpg","contentUrl":"https:\/\/insektenliebe.com\/wp-content\/uploads\/2025\/05\/Exo-Terra-Buffelschaedel-2.jpg","width":820,"height":820,"caption":"Exo-Terra-Buffelschaedel-2.jpg"},{"@type":"BreadcrumbList","@id":"https:\/\/insektenliebe.com\/it\/shop\/prodotto\/teschio-di-bufalo-exo-terra\/#breadcrumb","itemListElement":[{"@type":"ListItem","position":1,"name":"Startseite","item":"https:\/\/insektenliebe.com\/it\/"},{"@type":"ListItem","position":2,"name":"Negozio","item":"https:\/\/insektenliebe.com\/it\/negozio\/"},{"@type":"ListItem","position":3,"name":"Teschio di bufalo Exo Terra"}]},{"@type":"WebSite","@id":"https:\/\/insektenliebe.com\/it\/#website","url":"https:\/\/insektenliebe.com\/it\/","name":"Insektenliebe","description":"Dein Zuhause f\u00fcr die kleinen Lebewesen","publisher":{"@id":"https:\/\/insektenliebe.com\/it\/#organization"},"potentialAction":[{"@type":"SearchAction","target":{"@type":"EntryPoint","urlTemplate":"https:\/\/insektenliebe.com\/it\/?s={search_term_string}"},"query-input":{"@type":"PropertyValueSpecification","valueRequired":true,"valueName":"search_term_string"}}],"inLanguage":"it-IT"},{"@type":"Organization","@id":"https:\/\/insektenliebe.com\/it\/#organization","name":"Insektenliebe","url":"https:\/\/insektenliebe.com\/it\/","logo":{"@type":"ImageObject","inLanguage":"it-IT","@id":"https:\/\/insektenliebe.com\/it\/#\/schema\/logo\/image\/","url":"https:\/\/insektenliebe.com\/wp-content\/uploads\/2025\/03\/logo-white.png","contentUrl":"https:\/\/insektenliebe.com\/wp-content\/uploads\/2025\/03\/logo-white.png","width":288,"height":188,"caption":"Insektenliebe"},"image":{"@id":"https:\/\/insektenliebe.com\/it\/#\/schema\/logo\/image\/"}}]}},"_links":{"self":[{"href":"https:\/\/insektenliebe.com\/it\/wp-json\/wp\/v2\/product\/187030","targetHints":{"allow":["GET"]}}],"collection":[{"href":"https:\/\/insektenliebe.com\/it\/wp-json\/wp\/v2\/product"}],"about":[{"href":"https:\/\/insektenliebe.com\/it\/wp-json\/wp\/v2\/types\/product"}],"wp:featuredmedia":[{"embeddable":true,"href":"https:\/\/insektenliebe.com\/it\/wp-json\/wp\/v2\/media\/187032"}],"wp:attachment":[{"href":"https:\/\/insektenliebe.com\/it\/wp-json\/wp\/v2\/media?parent=187030"}],"wp:term":[{"taxonomy":"product-supplier","embeddable":true,"href":"https:\/\/insektenliebe.com\/it\/wp-json\/wp\/v2\/product-supplier?post=187030"},{"taxonomy":"product_brand","embeddable":true,"href":"https:\/\/insektenliebe.com\/it\/wp-json\/wp\/v2\/product_brand?post=187030"},{"taxonomy":"product_cat","embeddable":true,"href":"https:\/\/insektenliebe.com\/it\/wp-json\/wp\/v2\/product_cat?post=187030"},{"taxonomy":"product_tag","embeddable":true,"href":"https:\/\/insektenliebe.com\/it\/wp-json\/wp\/v2\/product_tag?post=187030"},{"taxonomy":"lce-checkout-addons","embeddable":true,"href":"https:\/\/insektenliebe.com\/it\/wp-json\/wp\/v2\/lce-checkout-addons?post=187030"}],"curies":[{"name":"wp","href":"https:\/\/api.w.org\/{rel}","templated":true}]}}