{"id":186996,"date":"2023-05-16T18:06:10","date_gmt":"2023-05-16T16:06:10","guid":{"rendered":"https:\/\/insektenliebe.com\/shop\/produkt\/brachypelma-albiceps\/"},"modified":"2026-03-06T18:33:37","modified_gmt":"2026-03-06T17:33:37","slug":"brachypelma-albiceps","status":"publish","type":"product","link":"https:\/\/insektenliebe.com\/it\/shop\/prodotto\/brachypelma-albiceps\/","title":{"rendered":"Brachypelma albiceps"},"content":{"rendered":"<h3 class=\"p1\"><span style=\"color: #99cc33;\"><strong><span class=\"s1\">Brachypelma albiceps - La bellezza tranquilla del Messico<\/span><\/strong><\/span><\/h3>\n<p class=\"p1\"><span class=\"s1\">Il <strong>Brachypelma albiceps<\/strong>, noto anche come <\/span><span class=\"s2\">Brachypelma ruhnaui<\/span><span class=\"s1\">  \u00e8 un&#8217;impressionante tarantola terrestre proveniente dal Messico che cattura immediatamente l&#8217;attenzione con il suo carapace chiaro, i peli rossi brillanti sull&#8217;addome e il corpo nero intenso. Il suo aspetto elegante e il suo comportamento tranquillo la rendono particolarmente popolare, sia tra i principianti che tra gli esperti. <\/span><\/p>\n<p class=\"p1\"><span class=\"s1\">Questa specie predilige un clima piuttosto secco. \u00c8 necessario evitare un&#8217;umidit\u00e0 elevata e permanente. Tuttavia, un piccolo angolo umido nel terrario \u00e8 essenziale per garantire un microclima stabile. Un piatto d&#8217;acqua poco profondo assicura inoltre che il ragno possa sempre assorbire liquidi. Il terrario deve avere una superficie di base di almeno 30 \u00d7 30 cm e deve essere dotato di un substrato per le tane. Una miscela di humus forestale e sabbia argillosa \u00e8 perfetta per incoraggiare il comportamento naturale del ragno. Il <strong>Brachypelma albiceps<\/strong> \u00e8 un entusiasta scavatore e ama creare tunnel sotto la superficie. Un nascondiglio, ad esempio mezzo tubo di sughero, gli d\u00e0 ulteriore sicurezza.       <\/span><\/p>\n<p class=\"p1\"><span class=\"s1\">Questa specie cresce piuttosto lentamente e spesso raggiunge la maturit\u00e0 sessuale solo dopo sei-dieci anni. Le femmine possono raggiungere un&#8217;et\u00e0 superiore ai 20 anni, il che le rende compagne di casa a lungo termine. Nonostante il suo aspetto imponente, il <strong>Brachypelma albiceps<\/strong> \u00e8 estremamente pacifico. Si mostra spesso e non passa tutto il tempo a nascondersi. Il suo comportamento calmo lo rende un animale ideale per l&#8217;osservazione. \u00c8 particolarmente adatto ai neofiti della terraristica grazie alla sua natura calma e al suo comportamento semplice. Anche quando viene leggermente disturbato, di solito rimane calmo e si ritira invece di reagire in modo aggressivo.      <\/span><\/p>\n<p class=\"p1\"><span class=\"s1\">Come molte specie del genere, possiede anche peli urticanti. Tuttavia, li usa solo molto raramente. Di conseguenza, il contatto con questo ragno \u00e8 di solito del tutto privo di problemi, a patto che lo si lasci in pace e lo si tratti con rispetto. La sua scarsa tendenza alla difesa la rende una delle specie pi\u00f9 piacevoli per chi vuole avventurarsi nel mondo delle tarantole. Il design del terrario pu\u00f2 essere vario e naturalizzato. Radici, pezzi di corteccia, muschio, pietre e piante artificiali non solo contribuiscono all&#8217;aspetto visivo, ma offrono al ragno la possibilit\u00e0 di arrampicarsi e di ritirarsi. In questo modo si crea un ambiente dall&#8217;aspetto naturale che \u00e8 sia funzionale che decorativo.      <\/span><\/p>\n<p class=\"p1\"><span class=\"s1\">Il <strong>Brachypelma albiceps<\/strong> \u00e8 robusto, si mostra spesso e perdona anche i piccoli errori dei principianti. Colpisce per il suo splendore colorato e la sua natura tranquilla: \u00e8 un abitante del terrario ideale per chi cerca un aracnide affascinante e facile da curare. <\/span><\/p>\n<p class=\"p1\"><strong>Nota sull&#8217;obbligo di rendicontazione:<\/strong><\/p>\n<p class=\"p1\">Questa specie di tarantola \u00e8 soggetta a registrazione obbligatoria. La legge richiede una prova di origine per questo animale. Se ordini da noi una specie soggetta a registrazione, riceverai automaticamente un link per scaricare il relativo certificato con la conferma dell&#8217;ordine. In questo modo avrai subito a portata di mano tutti i documenti necessari e potrai conservarli in formato digitale o stampato.   <\/p>\n","protected":false},"excerpt":{"rendered":"<p>Brachypelma albiceps - La bellezza tranquilla del Messico Il Brachypelma albiceps, noto anche come Brachypelma ruhnaui \u00e8 un&#8217;impressionante tarantola terrestre proveniente dal Messico che cattura immediatamente l&#8217;attenzione con il suo carapace chiaro, i peli rossi brillanti sull&#8217;addome e il corpo nero intenso. Il suo aspetto elegante e il suo comportamento tranquillo la rendono particolarmente popolare, [&hellip;]<\/p>\n","protected":false},"featured_media":187001,"template":"","meta":{"_acf_changed":false},"product-supplier":[],"product_brand":[],"product_cat":[2809,3004],"product_tag":[],"lce-checkout-addons":[2746],"class_list":{"0":"post-186996","1":"product","2":"type-product","3":"status-publish","4":"has-post-thumbnail","6":"product_cat-ragni","7":"product_cat-tarantole","8":"product_shipping_class-spedizione-di-animali","9":"pa_geschlecht-donna","10":"pa_geschlecht-indeterminato","11":"pa_geschlecht-uomo","12":"pa_herkunft-messico","13":"pa_kontinent-nord-america","14":"lce-checkout-addons-imballaggio-invernale","16":"first","17":"instock","18":"taxable","19":"shipping-taxable","20":"purchasable","21":"product-type-variable"},"acf":[],"yoast_head":"<!-- This site is optimized with the Yoast SEO plugin v27.3 - https:\/\/yoast.com\/product\/yoast-seo-wordpress\/ -->\n<title>Brachypelma albiceps - Insektenliebe<\/title>\n<meta name=\"description\" content=\"Acquista la Brachypelma albiceps a basso costo direttamente online! La Brachypelma albiceps \u00e8 una tarantola davvero affascinante e straordinariamente bella.\" \/>\n<meta name=\"robots\" content=\"index, follow, max-snippet:-1, max-image-preview:large, max-video-preview:-1\" \/>\n<link rel=\"canonical\" href=\"https:\/\/insektenliebe.com\/it\/shop\/prodotto\/brachypelma-albiceps\/\" \/>\n<meta property=\"og:locale\" content=\"it_IT\" \/>\n<meta property=\"og:type\" content=\"article\" \/>\n<meta property=\"og:title\" content=\"Brachypelma albiceps - Insektenliebe\" \/>\n<meta property=\"og:description\" content=\"Acquista la Brachypelma albiceps a basso costo direttamente online! La Brachypelma albiceps \u00e8 una tarantola davvero affascinante e straordinariamente bella.\" \/>\n<meta property=\"og:url\" content=\"https:\/\/insektenliebe.com\/it\/shop\/prodotto\/brachypelma-albiceps\/\" \/>\n<meta property=\"og:site_name\" content=\"Insektenliebe\" \/>\n<meta property=\"article:modified_time\" content=\"2026-03-06T17:33:37+00:00\" \/>\n<meta property=\"og:image\" content=\"https:\/\/insektenliebe.com\/wp-content\/uploads\/2023\/05\/Brachypelma-albiceps-Hoehle.jpg\" \/>\n\t<meta property=\"og:image:width\" content=\"820\" \/>\n\t<meta property=\"og:image:height\" content=\"820\" \/>\n\t<meta property=\"og:image:type\" content=\"image\/jpeg\" \/>\n<meta name=\"twitter:card\" content=\"summary_large_image\" \/>\n<meta name=\"twitter:label1\" content=\"Tempo di lettura stimato\" \/>\n\t<meta name=\"twitter:data1\" content=\"2 minuto\" \/>\n<script type=\"application\/ld+json\" class=\"yoast-schema-graph\">{\"@context\":\"https:\\\/\\\/schema.org\",\"@graph\":[{\"@type\":\"WebPage\",\"@id\":\"https:\\\/\\\/insektenliebe.com\\\/it\\\/shop\\\/prodotto\\\/brachypelma-albiceps\\\/\",\"url\":\"https:\\\/\\\/insektenliebe.com\\\/it\\\/shop\\\/prodotto\\\/brachypelma-albiceps\\\/\",\"name\":\"Brachypelma albiceps - Insektenliebe\",\"isPartOf\":{\"@id\":\"https:\\\/\\\/insektenliebe.com\\\/it\\\/#website\"},\"primaryImageOfPage\":{\"@id\":\"https:\\\/\\\/insektenliebe.com\\\/it\\\/shop\\\/prodotto\\\/brachypelma-albiceps\\\/#primaryimage\"},\"image\":{\"@id\":\"https:\\\/\\\/insektenliebe.com\\\/it\\\/shop\\\/prodotto\\\/brachypelma-albiceps\\\/#primaryimage\"},\"thumbnailUrl\":\"https:\\\/\\\/insektenliebe.com\\\/wp-content\\\/uploads\\\/2023\\\/05\\\/Brachypelma-albiceps-Hoehle.jpg\",\"datePublished\":\"2023-05-16T16:06:10+00:00\",\"dateModified\":\"2026-03-06T17:33:37+00:00\",\"description\":\"Acquista la Brachypelma albiceps a basso costo direttamente online! La Brachypelma albiceps \u00e8 una tarantola davvero affascinante e straordinariamente bella.\",\"breadcrumb\":{\"@id\":\"https:\\\/\\\/insektenliebe.com\\\/it\\\/shop\\\/prodotto\\\/brachypelma-albiceps\\\/#breadcrumb\"},\"inLanguage\":\"it-IT\",\"potentialAction\":[{\"@type\":\"ReadAction\",\"target\":[\"https:\\\/\\\/insektenliebe.com\\\/it\\\/shop\\\/prodotto\\\/brachypelma-albiceps\\\/\"]}]},{\"@type\":\"ImageObject\",\"inLanguage\":\"it-IT\",\"@id\":\"https:\\\/\\\/insektenliebe.com\\\/it\\\/shop\\\/prodotto\\\/brachypelma-albiceps\\\/#primaryimage\",\"url\":\"https:\\\/\\\/insektenliebe.com\\\/wp-content\\\/uploads\\\/2023\\\/05\\\/Brachypelma-albiceps-Hoehle.jpg\",\"contentUrl\":\"https:\\\/\\\/insektenliebe.com\\\/wp-content\\\/uploads\\\/2023\\\/05\\\/Brachypelma-albiceps-Hoehle.jpg\",\"width\":820,\"height\":820,\"caption\":\"Brachypelma albiceps- Grotta\"},{\"@type\":\"BreadcrumbList\",\"@id\":\"https:\\\/\\\/insektenliebe.com\\\/it\\\/shop\\\/prodotto\\\/brachypelma-albiceps\\\/#breadcrumb\",\"itemListElement\":[{\"@type\":\"ListItem\",\"position\":1,\"name\":\"Startseite\",\"item\":\"https:\\\/\\\/insektenliebe.com\\\/it\\\/\"},{\"@type\":\"ListItem\",\"position\":2,\"name\":\"Negozio\",\"item\":\"https:\\\/\\\/insektenliebe.com\\\/it\\\/negozio\\\/\"},{\"@type\":\"ListItem\",\"position\":3,\"name\":\"Brachypelma albiceps\"}]},{\"@type\":\"WebSite\",\"@id\":\"https:\\\/\\\/insektenliebe.com\\\/it\\\/#website\",\"url\":\"https:\\\/\\\/insektenliebe.com\\\/it\\\/\",\"name\":\"Insektenliebe\",\"description\":\"Dein Zuhause f\u00fcr die kleinen Lebewesen\",\"publisher\":{\"@id\":\"https:\\\/\\\/insektenliebe.com\\\/it\\\/#organization\"},\"potentialAction\":[{\"@type\":\"SearchAction\",\"target\":{\"@type\":\"EntryPoint\",\"urlTemplate\":\"https:\\\/\\\/insektenliebe.com\\\/it\\\/?s={search_term_string}\"},\"query-input\":{\"@type\":\"PropertyValueSpecification\",\"valueRequired\":true,\"valueName\":\"search_term_string\"}}],\"inLanguage\":\"it-IT\"},{\"@type\":\"Organization\",\"@id\":\"https:\\\/\\\/insektenliebe.com\\\/it\\\/#organization\",\"name\":\"Insektenliebe\",\"url\":\"https:\\\/\\\/insektenliebe.com\\\/it\\\/\",\"logo\":{\"@type\":\"ImageObject\",\"inLanguage\":\"it-IT\",\"@id\":\"https:\\\/\\\/insektenliebe.com\\\/it\\\/#\\\/schema\\\/logo\\\/image\\\/\",\"url\":\"https:\\\/\\\/insektenliebe.com\\\/wp-content\\\/uploads\\\/2025\\\/03\\\/logo-white.png\",\"contentUrl\":\"https:\\\/\\\/insektenliebe.com\\\/wp-content\\\/uploads\\\/2025\\\/03\\\/logo-white.png\",\"width\":288,\"height\":188,\"caption\":\"Insektenliebe\"},\"image\":{\"@id\":\"https:\\\/\\\/insektenliebe.com\\\/it\\\/#\\\/schema\\\/logo\\\/image\\\/\"}}]}<\/script>\n<!-- \/ Yoast SEO plugin. -->","yoast_head_json":{"title":"Brachypelma albiceps - Insektenliebe","description":"Acquista la Brachypelma albiceps a basso costo direttamente online! La Brachypelma albiceps \u00e8 una tarantola davvero affascinante e straordinariamente bella.","robots":{"index":"index","follow":"follow","max-snippet":"max-snippet:-1","max-image-preview":"max-image-preview:large","max-video-preview":"max-video-preview:-1"},"canonical":"https:\/\/insektenliebe.com\/it\/shop\/prodotto\/brachypelma-albiceps\/","og_locale":"it_IT","og_type":"article","og_title":"Brachypelma albiceps - Insektenliebe","og_description":"Acquista la Brachypelma albiceps a basso costo direttamente online! La Brachypelma albiceps \u00e8 una tarantola davvero affascinante e straordinariamente bella.","og_url":"https:\/\/insektenliebe.com\/it\/shop\/prodotto\/brachypelma-albiceps\/","og_site_name":"Insektenliebe","article_modified_time":"2026-03-06T17:33:37+00:00","og_image":[{"width":820,"height":820,"url":"https:\/\/insektenliebe.com\/wp-content\/uploads\/2023\/05\/Brachypelma-albiceps-Hoehle.jpg","type":"image\/jpeg"}],"twitter_card":"summary_large_image","twitter_misc":{"Tempo di lettura stimato":"2 minuto"},"schema":{"@context":"https:\/\/schema.org","@graph":[{"@type":"WebPage","@id":"https:\/\/insektenliebe.com\/it\/shop\/prodotto\/brachypelma-albiceps\/","url":"https:\/\/insektenliebe.com\/it\/shop\/prodotto\/brachypelma-albiceps\/","name":"Brachypelma albiceps - Insektenliebe","isPartOf":{"@id":"https:\/\/insektenliebe.com\/it\/#website"},"primaryImageOfPage":{"@id":"https:\/\/insektenliebe.com\/it\/shop\/prodotto\/brachypelma-albiceps\/#primaryimage"},"image":{"@id":"https:\/\/insektenliebe.com\/it\/shop\/prodotto\/brachypelma-albiceps\/#primaryimage"},"thumbnailUrl":"https:\/\/insektenliebe.com\/wp-content\/uploads\/2023\/05\/Brachypelma-albiceps-Hoehle.jpg","datePublished":"2023-05-16T16:06:10+00:00","dateModified":"2026-03-06T17:33:37+00:00","description":"Acquista la Brachypelma albiceps a basso costo direttamente online! La Brachypelma albiceps \u00e8 una tarantola davvero affascinante e straordinariamente bella.","breadcrumb":{"@id":"https:\/\/insektenliebe.com\/it\/shop\/prodotto\/brachypelma-albiceps\/#breadcrumb"},"inLanguage":"it-IT","potentialAction":[{"@type":"ReadAction","target":["https:\/\/insektenliebe.com\/it\/shop\/prodotto\/brachypelma-albiceps\/"]}]},{"@type":"ImageObject","inLanguage":"it-IT","@id":"https:\/\/insektenliebe.com\/it\/shop\/prodotto\/brachypelma-albiceps\/#primaryimage","url":"https:\/\/insektenliebe.com\/wp-content\/uploads\/2023\/05\/Brachypelma-albiceps-Hoehle.jpg","contentUrl":"https:\/\/insektenliebe.com\/wp-content\/uploads\/2023\/05\/Brachypelma-albiceps-Hoehle.jpg","width":820,"height":820,"caption":"Brachypelma albiceps- Grotta"},{"@type":"BreadcrumbList","@id":"https:\/\/insektenliebe.com\/it\/shop\/prodotto\/brachypelma-albiceps\/#breadcrumb","itemListElement":[{"@type":"ListItem","position":1,"name":"Startseite","item":"https:\/\/insektenliebe.com\/it\/"},{"@type":"ListItem","position":2,"name":"Negozio","item":"https:\/\/insektenliebe.com\/it\/negozio\/"},{"@type":"ListItem","position":3,"name":"Brachypelma albiceps"}]},{"@type":"WebSite","@id":"https:\/\/insektenliebe.com\/it\/#website","url":"https:\/\/insektenliebe.com\/it\/","name":"Insektenliebe","description":"Dein Zuhause f\u00fcr die kleinen Lebewesen","publisher":{"@id":"https:\/\/insektenliebe.com\/it\/#organization"},"potentialAction":[{"@type":"SearchAction","target":{"@type":"EntryPoint","urlTemplate":"https:\/\/insektenliebe.com\/it\/?s={search_term_string}"},"query-input":{"@type":"PropertyValueSpecification","valueRequired":true,"valueName":"search_term_string"}}],"inLanguage":"it-IT"},{"@type":"Organization","@id":"https:\/\/insektenliebe.com\/it\/#organization","name":"Insektenliebe","url":"https:\/\/insektenliebe.com\/it\/","logo":{"@type":"ImageObject","inLanguage":"it-IT","@id":"https:\/\/insektenliebe.com\/it\/#\/schema\/logo\/image\/","url":"https:\/\/insektenliebe.com\/wp-content\/uploads\/2025\/03\/logo-white.png","contentUrl":"https:\/\/insektenliebe.com\/wp-content\/uploads\/2025\/03\/logo-white.png","width":288,"height":188,"caption":"Insektenliebe"},"image":{"@id":"https:\/\/insektenliebe.com\/it\/#\/schema\/logo\/image\/"}}]}},"_links":{"self":[{"href":"https:\/\/insektenliebe.com\/it\/wp-json\/wp\/v2\/product\/186996","targetHints":{"allow":["GET"]}}],"collection":[{"href":"https:\/\/insektenliebe.com\/it\/wp-json\/wp\/v2\/product"}],"about":[{"href":"https:\/\/insektenliebe.com\/it\/wp-json\/wp\/v2\/types\/product"}],"wp:featuredmedia":[{"embeddable":true,"href":"https:\/\/insektenliebe.com\/it\/wp-json\/wp\/v2\/media\/187001"}],"wp:attachment":[{"href":"https:\/\/insektenliebe.com\/it\/wp-json\/wp\/v2\/media?parent=186996"}],"wp:term":[{"taxonomy":"product-supplier","embeddable":true,"href":"https:\/\/insektenliebe.com\/it\/wp-json\/wp\/v2\/product-supplier?post=186996"},{"taxonomy":"product_brand","embeddable":true,"href":"https:\/\/insektenliebe.com\/it\/wp-json\/wp\/v2\/product_brand?post=186996"},{"taxonomy":"product_cat","embeddable":true,"href":"https:\/\/insektenliebe.com\/it\/wp-json\/wp\/v2\/product_cat?post=186996"},{"taxonomy":"product_tag","embeddable":true,"href":"https:\/\/insektenliebe.com\/it\/wp-json\/wp\/v2\/product_tag?post=186996"},{"taxonomy":"lce-checkout-addons","embeddable":true,"href":"https:\/\/insektenliebe.com\/it\/wp-json\/wp\/v2\/lce-checkout-addons?post=186996"}],"curies":[{"name":"wp","href":"https:\/\/api.w.org\/{rel}","templated":true}]}}