{"id":186969,"date":"2023-09-07T10:42:33","date_gmt":"2023-09-07T08:42:33","guid":{"rendered":"https:\/\/insektenliebe.com\/shop\/produkt\/adattatore-per-lucernario\/"},"modified":"2023-09-07T10:42:33","modified_gmt":"2023-09-07T08:42:33","slug":"adattatore-per-lucernario","status":"publish","type":"product","link":"https:\/\/insektenliebe.com\/it\/shop\/prodotto\/adattatore-per-lucernario\/","title":{"rendered":"Adattatore per lucernario"},"content":{"rendered":"<h3><span style=\"color: #99cc33\">Adattatore per lucernari: flessibilit\u00e0 per la tua illuminazione<\/span><\/h3>\n<p>Ottimizza l&#8217;efficienza della tua illuminazione con l&#8217;<strong>adattatore Skylight<\/strong>. Questo pratico accessorio \u00e8 disponibile nelle versioni a 2, 3 e 4 vie e ti permette di collegare facilmente due, tre o quattro lampade a un unico alimentatore, a seconda del modello. <\/p>\n<p>Grazie all&#8217;<strong>adattatore Skylight<\/strong> non solo risparmierai spazio, ma anche tempo durante l&#8217;installazione dell&#8217;illuminazione. \u00c8 stato sviluppato appositamente per semplificare il collegamento di pi\u00f9 lampade, garantendo comunque un&#8217;alimentazione affidabile e sicura. \u00c8 l&#8217;ideale per chi vuole organizzare l&#8217;illuminazione in modo efficiente e ordinato.  <\/p>\n<p>Con l&#8217;adattatore a 4 vie, ad esempio, puoi facilmente far funzionare quattro lampade con un unico alimentatore. In questo modo potrai creare un&#8217;illuminazione armoniosa e omogenea, perfetta per acquari o terrari di grandi dimensioni. <\/p>\n<p>Affidati alla qualit\u00e0 e all&#8217;esperienza di Skylight e amplia le tue opzioni di illuminazione con l&#8217;<strong>adattatore Skylight<\/strong>.<\/p>\n","protected":false},"excerpt":{"rendered":"<p>Adattatore per lucernari: flessibilit\u00e0 per la tua illuminazione Ottimizza l&#8217;efficienza della tua illuminazione con l&#8217;adattatore Skylight. Questo pratico accessorio \u00e8 disponibile nelle versioni a 2, 3 e 4 vie e ti permette di collegare facilmente due, tre o quattro lampade a un unico alimentatore, a seconda del modello. Grazie all&#8217;adattatore Skylight non solo risparmierai spazio, [&hellip;]<\/p>\n","protected":false},"featured_media":186971,"template":"","meta":{"_acf_changed":false},"product-supplier":[],"product_brand":[3176],"product_cat":[2741],"product_tag":[],"lce-checkout-addons":[],"class_list":{"0":"post-186969","1":"product","2":"type-product","3":"status-publish","4":"has-post-thumbnail","6":"product_brand-lucernario","7":"product_cat-illuminazione-e-clima","8":"product_shipping_class-equipment-shipping","10":"first","11":"instock","12":"taxable","13":"shipping-taxable","14":"purchasable","15":"product-type-variable"},"acf":[],"yoast_head":"<!-- This site is optimized with the Yoast SEO plugin v27.3 - https:\/\/yoast.com\/product\/yoast-seo-wordpress\/ -->\n<title>Adattatore per lucernario - Insektenliebe<\/title>\n<meta name=\"description\" content=\"Acquista un adattatore Skylight a basso costo direttamente online. Ottimizza l&#039;efficienza della tua illuminazione con l&#039;adattatore Skylight e collega fino a 4 lampade.\" \/>\n<meta name=\"robots\" content=\"index, follow, max-snippet:-1, max-image-preview:large, max-video-preview:-1\" \/>\n<link rel=\"canonical\" href=\"https:\/\/insektenliebe.com\/it\/shop\/prodotto\/adattatore-per-lucernario\/\" \/>\n<meta property=\"og:locale\" content=\"it_IT\" \/>\n<meta property=\"og:type\" content=\"article\" \/>\n<meta property=\"og:title\" content=\"Adattatore per lucernario - Insektenliebe\" \/>\n<meta property=\"og:description\" content=\"Acquista un adattatore Skylight a basso costo direttamente online. Ottimizza l&#039;efficienza della tua illuminazione con l&#039;adattatore Skylight e collega fino a 4 lampade.\" \/>\n<meta property=\"og:url\" content=\"https:\/\/insektenliebe.com\/it\/shop\/prodotto\/adattatore-per-lucernario\/\" \/>\n<meta property=\"og:site_name\" content=\"Insektenliebe\" \/>\n<meta property=\"og:image\" content=\"https:\/\/insektenliebe.com\/wp-content\/uploads\/2025\/05\/Skylight-Adapter-2-fach-2.jpg\" \/>\n\t<meta property=\"og:image:width\" content=\"820\" \/>\n\t<meta property=\"og:image:height\" content=\"820\" \/>\n\t<meta property=\"og:image:type\" content=\"image\/jpeg\" \/>\n<meta name=\"twitter:card\" content=\"summary_large_image\" \/>\n<meta name=\"twitter:label1\" content=\"Tempo di lettura stimato\" \/>\n\t<meta name=\"twitter:data1\" content=\"1 minuto\" \/>\n<script type=\"application\/ld+json\" class=\"yoast-schema-graph\">{\"@context\":\"https:\\\/\\\/schema.org\",\"@graph\":[{\"@type\":\"WebPage\",\"@id\":\"https:\\\/\\\/insektenliebe.com\\\/it\\\/shop\\\/prodotto\\\/adattatore-per-lucernario\\\/\",\"url\":\"https:\\\/\\\/insektenliebe.com\\\/it\\\/shop\\\/prodotto\\\/adattatore-per-lucernario\\\/\",\"name\":\"Adattatore per lucernario - Insektenliebe\",\"isPartOf\":{\"@id\":\"https:\\\/\\\/insektenliebe.com\\\/it\\\/#website\"},\"primaryImageOfPage\":{\"@id\":\"https:\\\/\\\/insektenliebe.com\\\/it\\\/shop\\\/prodotto\\\/adattatore-per-lucernario\\\/#primaryimage\"},\"image\":{\"@id\":\"https:\\\/\\\/insektenliebe.com\\\/it\\\/shop\\\/prodotto\\\/adattatore-per-lucernario\\\/#primaryimage\"},\"thumbnailUrl\":\"https:\\\/\\\/insektenliebe.com\\\/wp-content\\\/uploads\\\/2025\\\/05\\\/Skylight-Adapter-2-fach-2.jpg\",\"datePublished\":\"2023-09-07T08:42:33+00:00\",\"description\":\"Acquista un adattatore Skylight a basso costo direttamente online. Ottimizza l'efficienza della tua illuminazione con l'adattatore Skylight e collega fino a 4 lampade.\",\"breadcrumb\":{\"@id\":\"https:\\\/\\\/insektenliebe.com\\\/it\\\/shop\\\/prodotto\\\/adattatore-per-lucernario\\\/#breadcrumb\"},\"inLanguage\":\"it-IT\",\"potentialAction\":[{\"@type\":\"ReadAction\",\"target\":[\"https:\\\/\\\/insektenliebe.com\\\/it\\\/shop\\\/prodotto\\\/adattatore-per-lucernario\\\/\"]}]},{\"@type\":\"ImageObject\",\"inLanguage\":\"it-IT\",\"@id\":\"https:\\\/\\\/insektenliebe.com\\\/it\\\/shop\\\/prodotto\\\/adattatore-per-lucernario\\\/#primaryimage\",\"url\":\"https:\\\/\\\/insektenliebe.com\\\/wp-content\\\/uploads\\\/2025\\\/05\\\/Skylight-Adapter-2-fach-2.jpg\",\"contentUrl\":\"https:\\\/\\\/insektenliebe.com\\\/wp-content\\\/uploads\\\/2025\\\/05\\\/Skylight-Adapter-2-fach-2.jpg\",\"width\":820,\"height\":820,\"caption\":\"Lucernario-Adattatore-2-fold-2.jpg\"},{\"@type\":\"BreadcrumbList\",\"@id\":\"https:\\\/\\\/insektenliebe.com\\\/it\\\/shop\\\/prodotto\\\/adattatore-per-lucernario\\\/#breadcrumb\",\"itemListElement\":[{\"@type\":\"ListItem\",\"position\":1,\"name\":\"Startseite\",\"item\":\"https:\\\/\\\/insektenliebe.com\\\/it\\\/\"},{\"@type\":\"ListItem\",\"position\":2,\"name\":\"Negozio\",\"item\":\"https:\\\/\\\/insektenliebe.com\\\/it\\\/negozio\\\/\"},{\"@type\":\"ListItem\",\"position\":3,\"name\":\"Adattatore per lucernario\"}]},{\"@type\":\"WebSite\",\"@id\":\"https:\\\/\\\/insektenliebe.com\\\/it\\\/#website\",\"url\":\"https:\\\/\\\/insektenliebe.com\\\/it\\\/\",\"name\":\"Insektenliebe\",\"description\":\"Dein Zuhause f\u00fcr die kleinen Lebewesen\",\"publisher\":{\"@id\":\"https:\\\/\\\/insektenliebe.com\\\/it\\\/#organization\"},\"potentialAction\":[{\"@type\":\"SearchAction\",\"target\":{\"@type\":\"EntryPoint\",\"urlTemplate\":\"https:\\\/\\\/insektenliebe.com\\\/it\\\/?s={search_term_string}\"},\"query-input\":{\"@type\":\"PropertyValueSpecification\",\"valueRequired\":true,\"valueName\":\"search_term_string\"}}],\"inLanguage\":\"it-IT\"},{\"@type\":\"Organization\",\"@id\":\"https:\\\/\\\/insektenliebe.com\\\/it\\\/#organization\",\"name\":\"Insektenliebe\",\"url\":\"https:\\\/\\\/insektenliebe.com\\\/it\\\/\",\"logo\":{\"@type\":\"ImageObject\",\"inLanguage\":\"it-IT\",\"@id\":\"https:\\\/\\\/insektenliebe.com\\\/it\\\/#\\\/schema\\\/logo\\\/image\\\/\",\"url\":\"https:\\\/\\\/insektenliebe.com\\\/wp-content\\\/uploads\\\/2025\\\/03\\\/logo-white.png\",\"contentUrl\":\"https:\\\/\\\/insektenliebe.com\\\/wp-content\\\/uploads\\\/2025\\\/03\\\/logo-white.png\",\"width\":288,\"height\":188,\"caption\":\"Insektenliebe\"},\"image\":{\"@id\":\"https:\\\/\\\/insektenliebe.com\\\/it\\\/#\\\/schema\\\/logo\\\/image\\\/\"}}]}<\/script>\n<!-- \/ Yoast SEO plugin. -->","yoast_head_json":{"title":"Adattatore per lucernario - Insektenliebe","description":"Acquista un adattatore Skylight a basso costo direttamente online. Ottimizza l'efficienza della tua illuminazione con l'adattatore Skylight e collega fino a 4 lampade.","robots":{"index":"index","follow":"follow","max-snippet":"max-snippet:-1","max-image-preview":"max-image-preview:large","max-video-preview":"max-video-preview:-1"},"canonical":"https:\/\/insektenliebe.com\/it\/shop\/prodotto\/adattatore-per-lucernario\/","og_locale":"it_IT","og_type":"article","og_title":"Adattatore per lucernario - Insektenliebe","og_description":"Acquista un adattatore Skylight a basso costo direttamente online. Ottimizza l'efficienza della tua illuminazione con l'adattatore Skylight e collega fino a 4 lampade.","og_url":"https:\/\/insektenliebe.com\/it\/shop\/prodotto\/adattatore-per-lucernario\/","og_site_name":"Insektenliebe","og_image":[{"width":820,"height":820,"url":"https:\/\/insektenliebe.com\/wp-content\/uploads\/2025\/05\/Skylight-Adapter-2-fach-2.jpg","type":"image\/jpeg"}],"twitter_card":"summary_large_image","twitter_misc":{"Tempo di lettura stimato":"1 minuto"},"schema":{"@context":"https:\/\/schema.org","@graph":[{"@type":"WebPage","@id":"https:\/\/insektenliebe.com\/it\/shop\/prodotto\/adattatore-per-lucernario\/","url":"https:\/\/insektenliebe.com\/it\/shop\/prodotto\/adattatore-per-lucernario\/","name":"Adattatore per lucernario - Insektenliebe","isPartOf":{"@id":"https:\/\/insektenliebe.com\/it\/#website"},"primaryImageOfPage":{"@id":"https:\/\/insektenliebe.com\/it\/shop\/prodotto\/adattatore-per-lucernario\/#primaryimage"},"image":{"@id":"https:\/\/insektenliebe.com\/it\/shop\/prodotto\/adattatore-per-lucernario\/#primaryimage"},"thumbnailUrl":"https:\/\/insektenliebe.com\/wp-content\/uploads\/2025\/05\/Skylight-Adapter-2-fach-2.jpg","datePublished":"2023-09-07T08:42:33+00:00","description":"Acquista un adattatore Skylight a basso costo direttamente online. Ottimizza l'efficienza della tua illuminazione con l'adattatore Skylight e collega fino a 4 lampade.","breadcrumb":{"@id":"https:\/\/insektenliebe.com\/it\/shop\/prodotto\/adattatore-per-lucernario\/#breadcrumb"},"inLanguage":"it-IT","potentialAction":[{"@type":"ReadAction","target":["https:\/\/insektenliebe.com\/it\/shop\/prodotto\/adattatore-per-lucernario\/"]}]},{"@type":"ImageObject","inLanguage":"it-IT","@id":"https:\/\/insektenliebe.com\/it\/shop\/prodotto\/adattatore-per-lucernario\/#primaryimage","url":"https:\/\/insektenliebe.com\/wp-content\/uploads\/2025\/05\/Skylight-Adapter-2-fach-2.jpg","contentUrl":"https:\/\/insektenliebe.com\/wp-content\/uploads\/2025\/05\/Skylight-Adapter-2-fach-2.jpg","width":820,"height":820,"caption":"Lucernario-Adattatore-2-fold-2.jpg"},{"@type":"BreadcrumbList","@id":"https:\/\/insektenliebe.com\/it\/shop\/prodotto\/adattatore-per-lucernario\/#breadcrumb","itemListElement":[{"@type":"ListItem","position":1,"name":"Startseite","item":"https:\/\/insektenliebe.com\/it\/"},{"@type":"ListItem","position":2,"name":"Negozio","item":"https:\/\/insektenliebe.com\/it\/negozio\/"},{"@type":"ListItem","position":3,"name":"Adattatore per lucernario"}]},{"@type":"WebSite","@id":"https:\/\/insektenliebe.com\/it\/#website","url":"https:\/\/insektenliebe.com\/it\/","name":"Insektenliebe","description":"Dein Zuhause f\u00fcr die kleinen Lebewesen","publisher":{"@id":"https:\/\/insektenliebe.com\/it\/#organization"},"potentialAction":[{"@type":"SearchAction","target":{"@type":"EntryPoint","urlTemplate":"https:\/\/insektenliebe.com\/it\/?s={search_term_string}"},"query-input":{"@type":"PropertyValueSpecification","valueRequired":true,"valueName":"search_term_string"}}],"inLanguage":"it-IT"},{"@type":"Organization","@id":"https:\/\/insektenliebe.com\/it\/#organization","name":"Insektenliebe","url":"https:\/\/insektenliebe.com\/it\/","logo":{"@type":"ImageObject","inLanguage":"it-IT","@id":"https:\/\/insektenliebe.com\/it\/#\/schema\/logo\/image\/","url":"https:\/\/insektenliebe.com\/wp-content\/uploads\/2025\/03\/logo-white.png","contentUrl":"https:\/\/insektenliebe.com\/wp-content\/uploads\/2025\/03\/logo-white.png","width":288,"height":188,"caption":"Insektenliebe"},"image":{"@id":"https:\/\/insektenliebe.com\/it\/#\/schema\/logo\/image\/"}}]}},"_links":{"self":[{"href":"https:\/\/insektenliebe.com\/it\/wp-json\/wp\/v2\/product\/186969","targetHints":{"allow":["GET"]}}],"collection":[{"href":"https:\/\/insektenliebe.com\/it\/wp-json\/wp\/v2\/product"}],"about":[{"href":"https:\/\/insektenliebe.com\/it\/wp-json\/wp\/v2\/types\/product"}],"wp:featuredmedia":[{"embeddable":true,"href":"https:\/\/insektenliebe.com\/it\/wp-json\/wp\/v2\/media\/186971"}],"wp:attachment":[{"href":"https:\/\/insektenliebe.com\/it\/wp-json\/wp\/v2\/media?parent=186969"}],"wp:term":[{"taxonomy":"product-supplier","embeddable":true,"href":"https:\/\/insektenliebe.com\/it\/wp-json\/wp\/v2\/product-supplier?post=186969"},{"taxonomy":"product_brand","embeddable":true,"href":"https:\/\/insektenliebe.com\/it\/wp-json\/wp\/v2\/product_brand?post=186969"},{"taxonomy":"product_cat","embeddable":true,"href":"https:\/\/insektenliebe.com\/it\/wp-json\/wp\/v2\/product_cat?post=186969"},{"taxonomy":"product_tag","embeddable":true,"href":"https:\/\/insektenliebe.com\/it\/wp-json\/wp\/v2\/product_tag?post=186969"},{"taxonomy":"lce-checkout-addons","embeddable":true,"href":"https:\/\/insektenliebe.com\/it\/wp-json\/wp\/v2\/lce-checkout-addons?post=186969"}],"curies":[{"name":"wp","href":"https:\/\/api.w.org\/{rel}","templated":true}]}}