{"id":186961,"date":"2023-07-28T12:39:44","date_gmt":"2023-07-28T10:39:43","guid":{"rendered":"https:\/\/insektenliebe.com\/shop\/produkt\/bucephalandra-spec-super-blue\/"},"modified":"2023-07-28T12:39:44","modified_gmt":"2023-07-28T10:39:44","slug":"bucephalandra-spec-super-blue","status":"publish","type":"product","link":"https:\/\/insektenliebe.com\/it\/shop\/prodotto\/bucephalandra-spec-super-blue\/","title":{"rendered":"Bucephalandra spec. \"Super Blue\""},"content":{"rendered":"<h3><span style=\"color: #99cc33\">Breve descrizione Bucephalandra spec. \"Super Blue\": <\/span><\/h3>\n<p>Attendiamo con ansia l&#8217;affascinante  <strong>Bucephalandra spec. \"Super Blue\" <\/strong>  per il tuo terrario! Questa singolare pianta appollaiata del genere Bucephalandra ti delizier\u00e0 con il suo aspetto insolito e la sua facilit\u00e0 di cura. Originaria delle zone alluvionali del Borneo, si adatta perfettamente alla vita in terrario.  <\/p>\n<p>Il  <strong>Bucephalandra spec. \"Super Blue\" <\/strong>  \u00e8 una delle reofite in grado di adattarsi alle fluttuazioni del livello dell&#8217;acqua. Sebbene molte specie di Bucephalandra non siano ancora state identificate con precisione e siano quindi elencate come Bucephalandra spec. \u00e8 proprio questa natura spensierata a renderla cos\u00ec speciale. Questa pianta \u00e8 facile da mantenere e sta diventando sempre pi\u00f9 popolare nell&#8217;hobby del terrario.   <\/p>\n<p>Le sue foglie sono ondulate e le conferiscono un aspetto incantevole. Il lato superiore verde scuro delle foglie e la loro struttura ondulata rendono il   <strong>Bucephalandra spec. \"Super Blu\" <\/strong>  un vero e proprio colpo d&#8217;occhio nel tuo terrario. Questa pianta pu\u00f2 prosperare all&#8217;ombra di altre piante. Ma se le dai pi\u00f9 luce, vedrai come il suo tasso di crescita aumenta e si trasforma in una vera bellezza.  <\/p>\n<p>Il  <strong>Bucephalandra spec. \"Super Blue\" <\/strong>  \u00e8 la scelta perfetta per te se cerchi una pianta che si sviluppi lentamente e cresca in modo splendido. Le sue forti radici adesive le permettono di aggrapparsi a qualsiasi cosa. Nel tuo terrario, puoi attaccarla alla roccia o al legno oppure piantarla sul substrato. Fai attenzione a non seppellire il delicato rizoma.    Il  <strong>Bucephalandra spec. \"Super Blue\" <\/strong>  con il tempo diventer\u00e0 un gruppo impressionante e arricchir\u00e0 il terrario con il suo carisma unico.<\/p>\n<p>Se sei alla ricerca di nuovi  <strong>Bucephalandra spec. \"Super Blue\" <\/strong>  Se vuoi coltivare delle piante, \u00e8 molto semplice. Basta tagliare un pezzo del portainnesto e legarlo. La propagazione di questa pianta non \u00e8 quindi un problema.  <\/p>\n","protected":false},"excerpt":{"rendered":"<p>Breve descrizione Bucephalandra spec. \"Super Blue\": Attendiamo con ansia l&#8217;affascinante Bucephalandra spec. \"Super Blue\" per il tuo terrario! Questa singolare pianta appollaiata del genere Bucephalandra ti delizier\u00e0 con il suo aspetto insolito e la sua facilit\u00e0 di cura. Originaria delle zone alluvionali del Borneo, si adatta perfettamente alla vita in terrario. Il Bucephalandra spec. \"Super [&hellip;]<\/p>\n","protected":false},"featured_media":186962,"template":"","meta":{"_acf_changed":false},"product-supplier":[],"product_brand":[],"product_cat":[3181],"product_tag":[],"lce-checkout-addons":[2746],"class_list":{"0":"post-186961","1":"product","2":"type-product","3":"status-publish","4":"has-post-thumbnail","6":"product_cat-piante-da-terrario","7":"product_shipping_class-equipment-shipping","8":"pa_herkunft-borneo","9":"lce-checkout-addons-imballaggio-invernale","11":"first","12":"outofstock","13":"taxable","14":"shipping-taxable","15":"purchasable","16":"product-type-simple"},"acf":[],"yoast_head":"<!-- This site is optimized with the Yoast SEO plugin v27.3 - https:\/\/yoast.com\/product\/yoast-seo-wordpress\/ -->\n<title>Bucephalandra spec. &quot;Super Blue&quot; - Insektenliebe<\/title>\n<meta name=\"description\" content=\"Acquista direttamente online la Bucephalandra spec. &quot;Super Blue&quot;. Una pianta perenne che crea un ambiente naturale ed esotico.\" \/>\n<meta name=\"robots\" content=\"index, follow, max-snippet:-1, max-image-preview:large, max-video-preview:-1\" \/>\n<link rel=\"canonical\" href=\"https:\/\/insektenliebe.com\/it\/shop\/prodotto\/bucephalandra-spec-super-blue\/\" \/>\n<meta property=\"og:locale\" content=\"it_IT\" \/>\n<meta property=\"og:type\" content=\"article\" \/>\n<meta property=\"og:title\" content=\"Bucephalandra spec. &quot;Super Blue&quot; - Insektenliebe\" \/>\n<meta property=\"og:description\" content=\"Acquista direttamente online la Bucephalandra spec. &quot;Super Blue&quot;. Una pianta perenne che crea un ambiente naturale ed esotico.\" \/>\n<meta property=\"og:url\" content=\"https:\/\/insektenliebe.com\/it\/shop\/prodotto\/bucephalandra-spec-super-blue\/\" \/>\n<meta property=\"og:site_name\" content=\"Insektenliebe\" \/>\n<meta property=\"article:modified_time\" content=\"2023-07-28T10:39:44+00:00\" \/>\n<meta property=\"og:image\" content=\"https:\/\/insektenliebe.com\/wp-content\/uploads\/2025\/05\/Bucephalandra-spec.-22Super-Blue22-2.jpg\" \/>\n\t<meta property=\"og:image:width\" content=\"820\" \/>\n\t<meta property=\"og:image:height\" content=\"820\" \/>\n\t<meta property=\"og:image:type\" content=\"image\/jpeg\" \/>\n<meta name=\"twitter:card\" content=\"summary_large_image\" \/>\n<meta name=\"twitter:label1\" content=\"Tempo di lettura stimato\" \/>\n\t<meta name=\"twitter:data1\" content=\"1 minuto\" \/>\n<script type=\"application\/ld+json\" class=\"yoast-schema-graph\">{\"@context\":\"https:\\\/\\\/schema.org\",\"@graph\":[{\"@type\":\"WebPage\",\"@id\":\"https:\\\/\\\/insektenliebe.com\\\/it\\\/shop\\\/prodotto\\\/bucephalandra-spec-super-blue\\\/\",\"url\":\"https:\\\/\\\/insektenliebe.com\\\/it\\\/shop\\\/prodotto\\\/bucephalandra-spec-super-blue\\\/\",\"name\":\"Bucephalandra spec. \\\"Super Blue\\\" - Insektenliebe\",\"isPartOf\":{\"@id\":\"https:\\\/\\\/insektenliebe.com\\\/it\\\/#website\"},\"primaryImageOfPage\":{\"@id\":\"https:\\\/\\\/insektenliebe.com\\\/it\\\/shop\\\/prodotto\\\/bucephalandra-spec-super-blue\\\/#primaryimage\"},\"image\":{\"@id\":\"https:\\\/\\\/insektenliebe.com\\\/it\\\/shop\\\/prodotto\\\/bucephalandra-spec-super-blue\\\/#primaryimage\"},\"thumbnailUrl\":\"https:\\\/\\\/insektenliebe.com\\\/wp-content\\\/uploads\\\/2025\\\/05\\\/Bucephalandra-spec.-22Super-Blue22-2.jpg\",\"datePublished\":\"2023-07-28T10:39:43+00:00\",\"dateModified\":\"2023-07-28T10:39:44+00:00\",\"description\":\"Acquista direttamente online la Bucephalandra spec. \\\"Super Blue\\\". Una pianta perenne che crea un ambiente naturale ed esotico.\",\"breadcrumb\":{\"@id\":\"https:\\\/\\\/insektenliebe.com\\\/it\\\/shop\\\/prodotto\\\/bucephalandra-spec-super-blue\\\/#breadcrumb\"},\"inLanguage\":\"it-IT\",\"potentialAction\":[{\"@type\":\"ReadAction\",\"target\":[\"https:\\\/\\\/insektenliebe.com\\\/it\\\/shop\\\/prodotto\\\/bucephalandra-spec-super-blue\\\/\"]}]},{\"@type\":\"ImageObject\",\"inLanguage\":\"it-IT\",\"@id\":\"https:\\\/\\\/insektenliebe.com\\\/it\\\/shop\\\/prodotto\\\/bucephalandra-spec-super-blue\\\/#primaryimage\",\"url\":\"https:\\\/\\\/insektenliebe.com\\\/wp-content\\\/uploads\\\/2025\\\/05\\\/Bucephalandra-spec.-22Super-Blue22-2.jpg\",\"contentUrl\":\"https:\\\/\\\/insektenliebe.com\\\/wp-content\\\/uploads\\\/2025\\\/05\\\/Bucephalandra-spec.-22Super-Blue22-2.jpg\",\"width\":820,\"height\":820,\"caption\":\"Bucephalandra-spec.-22Super-Blue22-2.jpg\"},{\"@type\":\"BreadcrumbList\",\"@id\":\"https:\\\/\\\/insektenliebe.com\\\/it\\\/shop\\\/prodotto\\\/bucephalandra-spec-super-blue\\\/#breadcrumb\",\"itemListElement\":[{\"@type\":\"ListItem\",\"position\":1,\"name\":\"Startseite\",\"item\":\"https:\\\/\\\/insektenliebe.com\\\/it\\\/\"},{\"@type\":\"ListItem\",\"position\":2,\"name\":\"Negozio\",\"item\":\"https:\\\/\\\/insektenliebe.com\\\/it\\\/negozio\\\/\"},{\"@type\":\"ListItem\",\"position\":3,\"name\":\"Bucephalandra spec. &#8220;Super Blue&#8221;\"}]},{\"@type\":\"WebSite\",\"@id\":\"https:\\\/\\\/insektenliebe.com\\\/it\\\/#website\",\"url\":\"https:\\\/\\\/insektenliebe.com\\\/it\\\/\",\"name\":\"Insektenliebe\",\"description\":\"Dein Zuhause f\u00fcr die kleinen Lebewesen\",\"publisher\":{\"@id\":\"https:\\\/\\\/insektenliebe.com\\\/it\\\/#organization\"},\"potentialAction\":[{\"@type\":\"SearchAction\",\"target\":{\"@type\":\"EntryPoint\",\"urlTemplate\":\"https:\\\/\\\/insektenliebe.com\\\/it\\\/?s={search_term_string}\"},\"query-input\":{\"@type\":\"PropertyValueSpecification\",\"valueRequired\":true,\"valueName\":\"search_term_string\"}}],\"inLanguage\":\"it-IT\"},{\"@type\":\"Organization\",\"@id\":\"https:\\\/\\\/insektenliebe.com\\\/it\\\/#organization\",\"name\":\"Insektenliebe\",\"url\":\"https:\\\/\\\/insektenliebe.com\\\/it\\\/\",\"logo\":{\"@type\":\"ImageObject\",\"inLanguage\":\"it-IT\",\"@id\":\"https:\\\/\\\/insektenliebe.com\\\/it\\\/#\\\/schema\\\/logo\\\/image\\\/\",\"url\":\"https:\\\/\\\/insektenliebe.com\\\/wp-content\\\/uploads\\\/2025\\\/03\\\/logo-white.png\",\"contentUrl\":\"https:\\\/\\\/insektenliebe.com\\\/wp-content\\\/uploads\\\/2025\\\/03\\\/logo-white.png\",\"width\":288,\"height\":188,\"caption\":\"Insektenliebe\"},\"image\":{\"@id\":\"https:\\\/\\\/insektenliebe.com\\\/it\\\/#\\\/schema\\\/logo\\\/image\\\/\"}}]}<\/script>\n<!-- \/ Yoast SEO plugin. -->","yoast_head_json":{"title":"Bucephalandra spec. \"Super Blue\" - Insektenliebe","description":"Acquista direttamente online la Bucephalandra spec. \"Super Blue\". Una pianta perenne che crea un ambiente naturale ed esotico.","robots":{"index":"index","follow":"follow","max-snippet":"max-snippet:-1","max-image-preview":"max-image-preview:large","max-video-preview":"max-video-preview:-1"},"canonical":"https:\/\/insektenliebe.com\/it\/shop\/prodotto\/bucephalandra-spec-super-blue\/","og_locale":"it_IT","og_type":"article","og_title":"Bucephalandra spec. \"Super Blue\" - Insektenliebe","og_description":"Acquista direttamente online la Bucephalandra spec. \"Super Blue\". Una pianta perenne che crea un ambiente naturale ed esotico.","og_url":"https:\/\/insektenliebe.com\/it\/shop\/prodotto\/bucephalandra-spec-super-blue\/","og_site_name":"Insektenliebe","article_modified_time":"2023-07-28T10:39:44+00:00","og_image":[{"width":820,"height":820,"url":"https:\/\/insektenliebe.com\/wp-content\/uploads\/2025\/05\/Bucephalandra-spec.-22Super-Blue22-2.jpg","type":"image\/jpeg"}],"twitter_card":"summary_large_image","twitter_misc":{"Tempo di lettura stimato":"1 minuto"},"schema":{"@context":"https:\/\/schema.org","@graph":[{"@type":"WebPage","@id":"https:\/\/insektenliebe.com\/it\/shop\/prodotto\/bucephalandra-spec-super-blue\/","url":"https:\/\/insektenliebe.com\/it\/shop\/prodotto\/bucephalandra-spec-super-blue\/","name":"Bucephalandra spec. \"Super Blue\" - Insektenliebe","isPartOf":{"@id":"https:\/\/insektenliebe.com\/it\/#website"},"primaryImageOfPage":{"@id":"https:\/\/insektenliebe.com\/it\/shop\/prodotto\/bucephalandra-spec-super-blue\/#primaryimage"},"image":{"@id":"https:\/\/insektenliebe.com\/it\/shop\/prodotto\/bucephalandra-spec-super-blue\/#primaryimage"},"thumbnailUrl":"https:\/\/insektenliebe.com\/wp-content\/uploads\/2025\/05\/Bucephalandra-spec.-22Super-Blue22-2.jpg","datePublished":"2023-07-28T10:39:43+00:00","dateModified":"2023-07-28T10:39:44+00:00","description":"Acquista direttamente online la Bucephalandra spec. \"Super Blue\". Una pianta perenne che crea un ambiente naturale ed esotico.","breadcrumb":{"@id":"https:\/\/insektenliebe.com\/it\/shop\/prodotto\/bucephalandra-spec-super-blue\/#breadcrumb"},"inLanguage":"it-IT","potentialAction":[{"@type":"ReadAction","target":["https:\/\/insektenliebe.com\/it\/shop\/prodotto\/bucephalandra-spec-super-blue\/"]}]},{"@type":"ImageObject","inLanguage":"it-IT","@id":"https:\/\/insektenliebe.com\/it\/shop\/prodotto\/bucephalandra-spec-super-blue\/#primaryimage","url":"https:\/\/insektenliebe.com\/wp-content\/uploads\/2025\/05\/Bucephalandra-spec.-22Super-Blue22-2.jpg","contentUrl":"https:\/\/insektenliebe.com\/wp-content\/uploads\/2025\/05\/Bucephalandra-spec.-22Super-Blue22-2.jpg","width":820,"height":820,"caption":"Bucephalandra-spec.-22Super-Blue22-2.jpg"},{"@type":"BreadcrumbList","@id":"https:\/\/insektenliebe.com\/it\/shop\/prodotto\/bucephalandra-spec-super-blue\/#breadcrumb","itemListElement":[{"@type":"ListItem","position":1,"name":"Startseite","item":"https:\/\/insektenliebe.com\/it\/"},{"@type":"ListItem","position":2,"name":"Negozio","item":"https:\/\/insektenliebe.com\/it\/negozio\/"},{"@type":"ListItem","position":3,"name":"Bucephalandra spec. &#8220;Super Blue&#8221;"}]},{"@type":"WebSite","@id":"https:\/\/insektenliebe.com\/it\/#website","url":"https:\/\/insektenliebe.com\/it\/","name":"Insektenliebe","description":"Dein Zuhause f\u00fcr die kleinen Lebewesen","publisher":{"@id":"https:\/\/insektenliebe.com\/it\/#organization"},"potentialAction":[{"@type":"SearchAction","target":{"@type":"EntryPoint","urlTemplate":"https:\/\/insektenliebe.com\/it\/?s={search_term_string}"},"query-input":{"@type":"PropertyValueSpecification","valueRequired":true,"valueName":"search_term_string"}}],"inLanguage":"it-IT"},{"@type":"Organization","@id":"https:\/\/insektenliebe.com\/it\/#organization","name":"Insektenliebe","url":"https:\/\/insektenliebe.com\/it\/","logo":{"@type":"ImageObject","inLanguage":"it-IT","@id":"https:\/\/insektenliebe.com\/it\/#\/schema\/logo\/image\/","url":"https:\/\/insektenliebe.com\/wp-content\/uploads\/2025\/03\/logo-white.png","contentUrl":"https:\/\/insektenliebe.com\/wp-content\/uploads\/2025\/03\/logo-white.png","width":288,"height":188,"caption":"Insektenliebe"},"image":{"@id":"https:\/\/insektenliebe.com\/it\/#\/schema\/logo\/image\/"}}]}},"_links":{"self":[{"href":"https:\/\/insektenliebe.com\/it\/wp-json\/wp\/v2\/product\/186961","targetHints":{"allow":["GET"]}}],"collection":[{"href":"https:\/\/insektenliebe.com\/it\/wp-json\/wp\/v2\/product"}],"about":[{"href":"https:\/\/insektenliebe.com\/it\/wp-json\/wp\/v2\/types\/product"}],"wp:featuredmedia":[{"embeddable":true,"href":"https:\/\/insektenliebe.com\/it\/wp-json\/wp\/v2\/media\/186962"}],"wp:attachment":[{"href":"https:\/\/insektenliebe.com\/it\/wp-json\/wp\/v2\/media?parent=186961"}],"wp:term":[{"taxonomy":"product-supplier","embeddable":true,"href":"https:\/\/insektenliebe.com\/it\/wp-json\/wp\/v2\/product-supplier?post=186961"},{"taxonomy":"product_brand","embeddable":true,"href":"https:\/\/insektenliebe.com\/it\/wp-json\/wp\/v2\/product_brand?post=186961"},{"taxonomy":"product_cat","embeddable":true,"href":"https:\/\/insektenliebe.com\/it\/wp-json\/wp\/v2\/product_cat?post=186961"},{"taxonomy":"product_tag","embeddable":true,"href":"https:\/\/insektenliebe.com\/it\/wp-json\/wp\/v2\/product_tag?post=186961"},{"taxonomy":"lce-checkout-addons","embeddable":true,"href":"https:\/\/insektenliebe.com\/it\/wp-json\/wp\/v2\/lce-checkout-addons?post=186961"}],"curies":[{"name":"wp","href":"https:\/\/api.w.org\/{rel}","templated":true}]}}