{"id":186929,"date":"2023-07-30T10:19:00","date_gmt":"2023-07-30T08:19:00","guid":{"rendered":"https:\/\/insektenliebe.com\/shop\/produkt\/hobby-terrano-humus-di-primavera\/"},"modified":"2026-03-03T19:19:25","modified_gmt":"2026-03-03T18:19:25","slug":"hobby-terrano-humus-di-primavera","status":"publish","type":"product","link":"https:\/\/insektenliebe.com\/it\/shop\/prodotto\/hobby-terrano-humus-di-primavera\/","title":{"rendered":"Hobby Terrano humus di primavera"},"content":{"rendered":"<h3><span style=\"color: #99cc33;\"><span class=\"s1\">Hobby Terrano Quellhumus - bricchetto di fibra <\/span><span class=\"s1\">Bricchetto di fibra ad alta resa con un volume fino a 8 litri<\/span><\/span><\/h3>\n<p class=\"p1\"><span class=\"s1\">Il <\/span><strong><span class=\"s2\">Hobby Terrano Quellhumus<\/span><\/strong><span class=\"s1\">  ti offre un&#8217;alternativa sostenibile e di alta qualit\u00e0 al classico substrato per terrari. Il bricchetto di fibre pressate \u00e8 composto da fibre di guscio di cocco, ottenute risparmiando risorse. Ci\u00f2 significa che non solo sceglierai la qualit\u00e0, ma anche la consapevolezza ambientale.  <\/span><\/p>\n<p class=\"p1\"><span class=\"s1\">Non appena si aggiunge acqua, il bricchetto compatto si gonfia in pochi minuti. Il risultato \u00e8 un substrato di terreno sciolto, strutturalmente stabile e quasi naturale. Un singolo bricchetto produce circa 8 litri di humus pronto all&#8217;uso. Il bricchetto ha anche un pratico intaglio al centro. Questo ti permette di dividerlo facilmente e di ottenere due porzioni separate da 4 litri. In questo modo potrai utilizzare sempre la quantit\u00e0 esatta di cui hai bisogno.     <\/span><\/p>\n<p class=\"p1\"><span class=\"s1\">L&#8217;humus di sorgente di Terrano \u00e8 particolarmente impressionante grazie alla sua eccellente capacit\u00e0 di trattenere l&#8217;umidit\u00e0. Assorbe in modo affidabile l&#8217;acqua e la rilascia in modo uniforme. In questo modo mantiene costante l&#8217;umidit\u00e0 del terreno senza causare ristagni d&#8217;acqua. Si tratta di un vantaggio decisivo, soprattutto nei terrari tropicali o quando si tengono le tarantole. Gli animali beneficiano di un microclima stabile, mentre le piante godono di condizioni di crescita ottimali.    <\/span><\/p>\n<p class=\"p1\"><span class=\"s1\">Il substrato \u00e8 ideale anche per altri animali da terrario. Piccoli rettili, anfibi e numerosi invertebrati lo troveranno un substrato piacevole e naturale. Allo stesso tempo, l&#8217;humus primaverile pu\u00f2 essere facilmente combinato con fogliame, muschio o altri substrati. Questo ti permette di personalizzare il tuo allestimento.   <\/span><\/p>\n<p class=\"p1\"><span class=\"s1\">Grazie alla sua struttura sciolta, molte specie amano scavare in questo materiale. Inoltre, il materiale mantiene la sua forma e non crolla rapidamente. Questo facilita la manutenzione e garantisce uno strato di terreno stabile a lungo termine.  <\/span><\/p>\n<p class=\"p1\"><span class=\"s1\">Con il <\/span><strong><span class=\"s2\">Hobby Terrano Quellhumus<\/span><\/strong><span class=\"s1\">  crea una base naturale, umida e sostenibile per il tuo terrario. Unisce resa, qualit\u00e0 e attenzione all&#8217;ambiente e costituisce quindi la base ideale per un terrario adatto alle specie e di successo. <\/span><\/p>\n<p><strong>Il substrato in fibra di cocco non deve essere utilizzato per i primi decompositori. Sebbene abbia molte propriet\u00e0 attraenti e fornisca un ambiente eccellente per gli animali e le piante del terrario, non \u00e8 adatto a millepiedi, cocciniglie, scarafaggi e altri decompositori primari che ingeriscono questo materiale. Per i decompositori primari, raccomandiamo comunque l&#8217;uso di humus forestale, legno bianco marcio e foglie di cibo.    <\/strong><\/p>\n<h3><span style=\"color: #99cc33;\">Applicazione:<\/span><\/h3>\n<p>Per preparare l&#8217;humus di sorgente HOBBY Terrano in modo ottimale, utilizza un secchio da 10 litri o un contenitore di dimensioni adeguate. Poi versa con cura <strong>3-4 litri di acqua tiepida<\/strong> sull&#8217;humus di sorgente e lascia agire per <strong>circa<\/strong> <strong>30 minuti<\/strong>, mescolando di tanto in tanto. <\/p>\n<p>Il blocco si gonfier\u00e0 gradualmente e diventer\u00e0 un substrato sciolto e naturale per il tuo terrario.<\/p>\n","protected":false},"excerpt":{"rendered":"<p>Hobby Terrano Quellhumus - bricchetto di fibra Bricchetto di fibra ad alta resa con un volume fino a 8 litri Il Hobby Terrano Quellhumus ti offre un&#8217;alternativa sostenibile e di alta qualit\u00e0 al classico substrato per terrari. Il bricchetto di fibre pressate \u00e8 composto da fibre di guscio di cocco, ottenute risparmiando risorse. Ci\u00f2 significa [&hellip;]<\/p>\n","protected":false},"featured_media":186931,"template":"","meta":{"_acf_changed":false},"product-supplier":[2555],"product_brand":[2739],"product_cat":[2894],"product_tag":[],"lce-checkout-addons":[],"class_list":{"0":"post-186929","1":"product","2":"type-product","3":"status-publish","4":"has-post-thumbnail","6":"product_brand-hobby-terraristica","7":"product_cat-substrati-e-muschi","8":"product_shipping_class-equipment-shipping","10":"first","11":"instock","12":"sale","13":"taxable","14":"shipping-taxable","15":"purchasable","16":"product-type-simple"},"acf":[],"yoast_head":"<!-- This site is optimized with the Yoast SEO plugin v27.3 - https:\/\/yoast.com\/product\/yoast-seo-wordpress\/ -->\n<title>Hobby Terrano humus di primavera - Insektenliebe<\/title>\n<meta name=\"description\" content=\"Acquista a buon mercato Hobby Terrano Quellhumus direttamente online. \u00c8 perfetto come substrato naturale per tutte le tarantole nel terrario.\" \/>\n<meta name=\"robots\" content=\"index, follow, max-snippet:-1, max-image-preview:large, max-video-preview:-1\" \/>\n<link rel=\"canonical\" href=\"https:\/\/insektenliebe.com\/it\/shop\/prodotto\/hobby-terrano-humus-di-primavera\/\" \/>\n<meta property=\"og:locale\" content=\"it_IT\" \/>\n<meta property=\"og:type\" content=\"article\" \/>\n<meta property=\"og:title\" content=\"Hobby Terrano humus di primavera - Insektenliebe\" \/>\n<meta property=\"og:description\" content=\"Acquista a buon mercato Hobby Terrano Quellhumus direttamente online. \u00c8 perfetto come substrato naturale per tutte le tarantole nel terrario.\" \/>\n<meta property=\"og:url\" content=\"https:\/\/insektenliebe.com\/it\/shop\/prodotto\/hobby-terrano-humus-di-primavera\/\" \/>\n<meta property=\"og:site_name\" content=\"Insektenliebe\" \/>\n<meta property=\"article:modified_time\" content=\"2026-03-03T18:19:25+00:00\" \/>\n<meta property=\"og:image\" content=\"https:\/\/insektenliebe.com\/wp-content\/uploads\/2025\/05\/Hobby-Terrano-Quellhumus-2.jpg\" \/>\n\t<meta property=\"og:image:width\" content=\"820\" \/>\n\t<meta property=\"og:image:height\" content=\"820\" \/>\n\t<meta property=\"og:image:type\" content=\"image\/jpeg\" \/>\n<meta name=\"twitter:card\" content=\"summary_large_image\" \/>\n<meta name=\"twitter:label1\" content=\"Tempo di lettura stimato\" \/>\n\t<meta name=\"twitter:data1\" content=\"2 minuto\" \/>\n<script type=\"application\/ld+json\" class=\"yoast-schema-graph\">{\"@context\":\"https:\\\/\\\/schema.org\",\"@graph\":[{\"@type\":\"WebPage\",\"@id\":\"https:\\\/\\\/insektenliebe.com\\\/it\\\/shop\\\/prodotto\\\/hobby-terrano-humus-di-primavera\\\/\",\"url\":\"https:\\\/\\\/insektenliebe.com\\\/it\\\/shop\\\/prodotto\\\/hobby-terrano-humus-di-primavera\\\/\",\"name\":\"Hobby Terrano humus di primavera - Insektenliebe\",\"isPartOf\":{\"@id\":\"https:\\\/\\\/insektenliebe.com\\\/it\\\/#website\"},\"primaryImageOfPage\":{\"@id\":\"https:\\\/\\\/insektenliebe.com\\\/it\\\/shop\\\/prodotto\\\/hobby-terrano-humus-di-primavera\\\/#primaryimage\"},\"image\":{\"@id\":\"https:\\\/\\\/insektenliebe.com\\\/it\\\/shop\\\/prodotto\\\/hobby-terrano-humus-di-primavera\\\/#primaryimage\"},\"thumbnailUrl\":\"https:\\\/\\\/insektenliebe.com\\\/wp-content\\\/uploads\\\/2025\\\/05\\\/Hobby-Terrano-Quellhumus-2.jpg\",\"datePublished\":\"2023-07-30T08:19:00+00:00\",\"dateModified\":\"2026-03-03T18:19:25+00:00\",\"description\":\"Acquista a buon mercato Hobby Terrano Quellhumus direttamente online. \u00c8 perfetto come substrato naturale per tutte le tarantole nel terrario.\",\"breadcrumb\":{\"@id\":\"https:\\\/\\\/insektenliebe.com\\\/it\\\/shop\\\/prodotto\\\/hobby-terrano-humus-di-primavera\\\/#breadcrumb\"},\"inLanguage\":\"it-IT\",\"potentialAction\":[{\"@type\":\"ReadAction\",\"target\":[\"https:\\\/\\\/insektenliebe.com\\\/it\\\/shop\\\/prodotto\\\/hobby-terrano-humus-di-primavera\\\/\"]}]},{\"@type\":\"ImageObject\",\"inLanguage\":\"it-IT\",\"@id\":\"https:\\\/\\\/insektenliebe.com\\\/it\\\/shop\\\/prodotto\\\/hobby-terrano-humus-di-primavera\\\/#primaryimage\",\"url\":\"https:\\\/\\\/insektenliebe.com\\\/wp-content\\\/uploads\\\/2025\\\/05\\\/Hobby-Terrano-Quellhumus-2.jpg\",\"contentUrl\":\"https:\\\/\\\/insektenliebe.com\\\/wp-content\\\/uploads\\\/2025\\\/05\\\/Hobby-Terrano-Quellhumus-2.jpg\",\"width\":820,\"height\":820,\"caption\":\"Hobby-Terrano-Quellhumus-2.jpg\"},{\"@type\":\"BreadcrumbList\",\"@id\":\"https:\\\/\\\/insektenliebe.com\\\/it\\\/shop\\\/prodotto\\\/hobby-terrano-humus-di-primavera\\\/#breadcrumb\",\"itemListElement\":[{\"@type\":\"ListItem\",\"position\":1,\"name\":\"Startseite\",\"item\":\"https:\\\/\\\/insektenliebe.com\\\/it\\\/\"},{\"@type\":\"ListItem\",\"position\":2,\"name\":\"Negozio\",\"item\":\"https:\\\/\\\/insektenliebe.com\\\/it\\\/negozio\\\/\"},{\"@type\":\"ListItem\",\"position\":3,\"name\":\"Hobby Terrano humus di primavera\"}]},{\"@type\":\"WebSite\",\"@id\":\"https:\\\/\\\/insektenliebe.com\\\/it\\\/#website\",\"url\":\"https:\\\/\\\/insektenliebe.com\\\/it\\\/\",\"name\":\"Insektenliebe\",\"description\":\"Dein Zuhause f\u00fcr die kleinen Lebewesen\",\"publisher\":{\"@id\":\"https:\\\/\\\/insektenliebe.com\\\/it\\\/#organization\"},\"potentialAction\":[{\"@type\":\"SearchAction\",\"target\":{\"@type\":\"EntryPoint\",\"urlTemplate\":\"https:\\\/\\\/insektenliebe.com\\\/it\\\/?s={search_term_string}\"},\"query-input\":{\"@type\":\"PropertyValueSpecification\",\"valueRequired\":true,\"valueName\":\"search_term_string\"}}],\"inLanguage\":\"it-IT\"},{\"@type\":\"Organization\",\"@id\":\"https:\\\/\\\/insektenliebe.com\\\/it\\\/#organization\",\"name\":\"Insektenliebe\",\"url\":\"https:\\\/\\\/insektenliebe.com\\\/it\\\/\",\"logo\":{\"@type\":\"ImageObject\",\"inLanguage\":\"it-IT\",\"@id\":\"https:\\\/\\\/insektenliebe.com\\\/it\\\/#\\\/schema\\\/logo\\\/image\\\/\",\"url\":\"https:\\\/\\\/insektenliebe.com\\\/wp-content\\\/uploads\\\/2025\\\/03\\\/logo-white.png\",\"contentUrl\":\"https:\\\/\\\/insektenliebe.com\\\/wp-content\\\/uploads\\\/2025\\\/03\\\/logo-white.png\",\"width\":288,\"height\":188,\"caption\":\"Insektenliebe\"},\"image\":{\"@id\":\"https:\\\/\\\/insektenliebe.com\\\/it\\\/#\\\/schema\\\/logo\\\/image\\\/\"}}]}<\/script>\n<!-- \/ Yoast SEO plugin. -->","yoast_head_json":{"title":"Hobby Terrano humus di primavera - Insektenliebe","description":"Acquista a buon mercato Hobby Terrano Quellhumus direttamente online. \u00c8 perfetto come substrato naturale per tutte le tarantole nel terrario.","robots":{"index":"index","follow":"follow","max-snippet":"max-snippet:-1","max-image-preview":"max-image-preview:large","max-video-preview":"max-video-preview:-1"},"canonical":"https:\/\/insektenliebe.com\/it\/shop\/prodotto\/hobby-terrano-humus-di-primavera\/","og_locale":"it_IT","og_type":"article","og_title":"Hobby Terrano humus di primavera - Insektenliebe","og_description":"Acquista a buon mercato Hobby Terrano Quellhumus direttamente online. \u00c8 perfetto come substrato naturale per tutte le tarantole nel terrario.","og_url":"https:\/\/insektenliebe.com\/it\/shop\/prodotto\/hobby-terrano-humus-di-primavera\/","og_site_name":"Insektenliebe","article_modified_time":"2026-03-03T18:19:25+00:00","og_image":[{"width":820,"height":820,"url":"https:\/\/insektenliebe.com\/wp-content\/uploads\/2025\/05\/Hobby-Terrano-Quellhumus-2.jpg","type":"image\/jpeg"}],"twitter_card":"summary_large_image","twitter_misc":{"Tempo di lettura stimato":"2 minuto"},"schema":{"@context":"https:\/\/schema.org","@graph":[{"@type":"WebPage","@id":"https:\/\/insektenliebe.com\/it\/shop\/prodotto\/hobby-terrano-humus-di-primavera\/","url":"https:\/\/insektenliebe.com\/it\/shop\/prodotto\/hobby-terrano-humus-di-primavera\/","name":"Hobby Terrano humus di primavera - Insektenliebe","isPartOf":{"@id":"https:\/\/insektenliebe.com\/it\/#website"},"primaryImageOfPage":{"@id":"https:\/\/insektenliebe.com\/it\/shop\/prodotto\/hobby-terrano-humus-di-primavera\/#primaryimage"},"image":{"@id":"https:\/\/insektenliebe.com\/it\/shop\/prodotto\/hobby-terrano-humus-di-primavera\/#primaryimage"},"thumbnailUrl":"https:\/\/insektenliebe.com\/wp-content\/uploads\/2025\/05\/Hobby-Terrano-Quellhumus-2.jpg","datePublished":"2023-07-30T08:19:00+00:00","dateModified":"2026-03-03T18:19:25+00:00","description":"Acquista a buon mercato Hobby Terrano Quellhumus direttamente online. \u00c8 perfetto come substrato naturale per tutte le tarantole nel terrario.","breadcrumb":{"@id":"https:\/\/insektenliebe.com\/it\/shop\/prodotto\/hobby-terrano-humus-di-primavera\/#breadcrumb"},"inLanguage":"it-IT","potentialAction":[{"@type":"ReadAction","target":["https:\/\/insektenliebe.com\/it\/shop\/prodotto\/hobby-terrano-humus-di-primavera\/"]}]},{"@type":"ImageObject","inLanguage":"it-IT","@id":"https:\/\/insektenliebe.com\/it\/shop\/prodotto\/hobby-terrano-humus-di-primavera\/#primaryimage","url":"https:\/\/insektenliebe.com\/wp-content\/uploads\/2025\/05\/Hobby-Terrano-Quellhumus-2.jpg","contentUrl":"https:\/\/insektenliebe.com\/wp-content\/uploads\/2025\/05\/Hobby-Terrano-Quellhumus-2.jpg","width":820,"height":820,"caption":"Hobby-Terrano-Quellhumus-2.jpg"},{"@type":"BreadcrumbList","@id":"https:\/\/insektenliebe.com\/it\/shop\/prodotto\/hobby-terrano-humus-di-primavera\/#breadcrumb","itemListElement":[{"@type":"ListItem","position":1,"name":"Startseite","item":"https:\/\/insektenliebe.com\/it\/"},{"@type":"ListItem","position":2,"name":"Negozio","item":"https:\/\/insektenliebe.com\/it\/negozio\/"},{"@type":"ListItem","position":3,"name":"Hobby Terrano humus di primavera"}]},{"@type":"WebSite","@id":"https:\/\/insektenliebe.com\/it\/#website","url":"https:\/\/insektenliebe.com\/it\/","name":"Insektenliebe","description":"Dein Zuhause f\u00fcr die kleinen Lebewesen","publisher":{"@id":"https:\/\/insektenliebe.com\/it\/#organization"},"potentialAction":[{"@type":"SearchAction","target":{"@type":"EntryPoint","urlTemplate":"https:\/\/insektenliebe.com\/it\/?s={search_term_string}"},"query-input":{"@type":"PropertyValueSpecification","valueRequired":true,"valueName":"search_term_string"}}],"inLanguage":"it-IT"},{"@type":"Organization","@id":"https:\/\/insektenliebe.com\/it\/#organization","name":"Insektenliebe","url":"https:\/\/insektenliebe.com\/it\/","logo":{"@type":"ImageObject","inLanguage":"it-IT","@id":"https:\/\/insektenliebe.com\/it\/#\/schema\/logo\/image\/","url":"https:\/\/insektenliebe.com\/wp-content\/uploads\/2025\/03\/logo-white.png","contentUrl":"https:\/\/insektenliebe.com\/wp-content\/uploads\/2025\/03\/logo-white.png","width":288,"height":188,"caption":"Insektenliebe"},"image":{"@id":"https:\/\/insektenliebe.com\/it\/#\/schema\/logo\/image\/"}}]}},"_links":{"self":[{"href":"https:\/\/insektenliebe.com\/it\/wp-json\/wp\/v2\/product\/186929","targetHints":{"allow":["GET"]}}],"collection":[{"href":"https:\/\/insektenliebe.com\/it\/wp-json\/wp\/v2\/product"}],"about":[{"href":"https:\/\/insektenliebe.com\/it\/wp-json\/wp\/v2\/types\/product"}],"wp:featuredmedia":[{"embeddable":true,"href":"https:\/\/insektenliebe.com\/it\/wp-json\/wp\/v2\/media\/186931"}],"wp:attachment":[{"href":"https:\/\/insektenliebe.com\/it\/wp-json\/wp\/v2\/media?parent=186929"}],"wp:term":[{"taxonomy":"product-supplier","embeddable":true,"href":"https:\/\/insektenliebe.com\/it\/wp-json\/wp\/v2\/product-supplier?post=186929"},{"taxonomy":"product_brand","embeddable":true,"href":"https:\/\/insektenliebe.com\/it\/wp-json\/wp\/v2\/product_brand?post=186929"},{"taxonomy":"product_cat","embeddable":true,"href":"https:\/\/insektenliebe.com\/it\/wp-json\/wp\/v2\/product_cat?post=186929"},{"taxonomy":"product_tag","embeddable":true,"href":"https:\/\/insektenliebe.com\/it\/wp-json\/wp\/v2\/product_tag?post=186929"},{"taxonomy":"lce-checkout-addons","embeddable":true,"href":"https:\/\/insektenliebe.com\/it\/wp-json\/wp\/v2\/lce-checkout-addons?post=186929"}],"curies":[{"name":"wp","href":"https:\/\/api.w.org\/{rel}","templated":true}]}}