{"id":186914,"date":"2023-11-20T10:04:07","date_gmt":"2023-11-20T08:04:07","guid":{"rendered":"https:\/\/insektenliebe.com\/shop\/produkt\/piloctenus-ematostoma\/"},"modified":"2023-11-20T10:04:07","modified_gmt":"2023-11-20T09:04:07","slug":"piloctenus-ematostoma","status":"publish","type":"product","link":"https:\/\/insektenliebe.com\/it\/shop\/prodotto\/piloctenus-ematostoma\/","title":{"rendered":"Piloctenus ematostoma"},"content":{"rendered":"<h3>Media<\/h3>\n<h3>Africa occidentale<\/h3>\n<h3>5 CM<\/h3>\n<h3>23-27 \u00b0C<\/h3>\n<h3><span style=\"color: #99cc33\">Piloctenus haematostoma- I ragni territoriali con le zanne rosse<\/span><\/h3>\n<p class=\"p1\"><strong>Il Piloctenus haematostoma<\/strong>, noto anche come \"ragno dalle zanne rosse\", \u00e8 una specie di ragno estremamente affascinante che di solito ha una lunghezza del corpo di circa 3 cm. Il suo corpo \u00e8 caratterizzato da un colore di base prevalentemente beige, intervallato da disegni scuri e suggestivi. Particolarmente appariscenti sono le zanne di colore rosso, da cui deriva il suo nome caratteristico.  <\/p>\n<p class=\"p1\">Ci\u00f2 che rende questa specie di ragno particolarmente notevole \u00e8 il suo modo unico di cacciare. <strong>Il Piloctenus haematostoma<\/strong> \u00e8 prevalentemente notturno e si muove abilmente sul terreno per cacciare le sue prede. Si distingue per la sua straordinaria agilit\u00e0 ed \u00e8 in grado di inseguire e catturare le prede, tra cui insetti e altri piccoli invertebrati, con estrema rapidit\u00e0. <\/p>\n<p class=\"p1\">A differenza di altre specie di ragni che si affidano a complesse strutture di ragnatela, il <strong>Piloctenus haematostoma<\/strong> non costruisce ragnatele di questo tipo. Preferiscono invece nascondersi in nascondigli naturali o dietro la corteccia. Inoltre, mostrano un marcato comportamento territoriale e difendono il loro territorio in modo estremamente aggressivo contro potenziali intrusi.  <\/p>\n<p><img decoding=\"async\" src=\"https:\/\/insektenliebe.com\/wp-content\/uploads\/2023\/11\/Piloctenus-haematostoma-von-oben.jpg\" alt=\"Piloctenus ematostoma - dall'alto\"><\/p>\n<p><img decoding=\"async\" src=\"https:\/\/insektenliebe.com\/wp-content\/uploads\/2023\/11\/Piloctenus-haematostoma-Produktbild.jpg\" alt=\"Immagine del prodotto Piloctenus ematostoma\"><\/p>\n<p class=\"p1\">Per il successo di questa affascinante specie di ragno si consiglia un terrario di dimensioni generose (30x30x30 cm). In questo ambiente deve essere garantita un&#8217;umidit\u00e0 costante di circa il 70-80%. Il cibo ideale \u00e8 costituito da scarafaggi, cavallette o grilli, da offrire a intervalli regolari di circa due settimane. L&#8217;allevamento e l&#8217;osservazione del <strong>Piloctenus haematostoma<\/strong> offrono quindi un&#8217;interessante visione del comportamento di questa affascinante specie di ragno.   <\/p>\n<div><\/div>\n<h3><span style=\"color: #99cc33\"><strong>Prodotti per Piloctenus haematostoma!<\/strong><\/span><\/h3>\n","protected":false},"excerpt":{"rendered":"<p>Media Africa occidentale 5 CM 23-27 \u00b0C Piloctenus haematostoma- I ragni territoriali con le zanne rosse Il Piloctenus haematostoma, noto anche come \"ragno dalle zanne rosse\", \u00e8 una specie di ragno estremamente affascinante che di solito ha una lunghezza del corpo di circa 3 cm. Il suo corpo \u00e8 caratterizzato da un colore di base [&hellip;]<\/p>\n","protected":false},"featured_media":186922,"template":"","meta":{"_acf_changed":false},"product-supplier":[],"product_brand":[],"product_cat":[2999,2809],"product_tag":[],"lce-checkout-addons":[2746],"class_list":{"0":"post-186914","1":"product","2":"type-product","3":"status-publish","4":"has-post-thumbnail","6":"product_cat-altri-ragni","7":"product_cat-ragni","8":"product_shipping_class-spedizione-di-animali","9":"lce-checkout-addons-imballaggio-invernale","11":"first","12":"outofstock","13":"taxable","14":"shipping-taxable","15":"product-type-variable"},"acf":[],"yoast_head":"<!-- This site is optimized with the Yoast SEO Premium plugin v26.8 (Yoast SEO v27.3) - https:\/\/yoast.com\/product\/yoast-seo-premium-wordpress\/ -->\n<title>Piloctenus ematostoma - Insektenliebe<\/title>\n<meta name=\"description\" content=\"Acquista a buon mercato Piloctenus haematostoma direttamente online! I ragni territoriali con le zanne rosse e la notevole tecnica di caccia.\" \/>\n<meta name=\"robots\" content=\"index, follow, max-snippet:-1, max-image-preview:large, max-video-preview:-1\" \/>\n<link rel=\"canonical\" href=\"https:\/\/insektenliebe.com\/it\/shop\/prodotto\/piloctenus-ematostoma\/\" \/>\n<meta property=\"og:locale\" content=\"it_IT\" \/>\n<meta property=\"og:type\" content=\"article\" \/>\n<meta property=\"og:title\" content=\"Piloctenus ematostoma\" \/>\n<meta property=\"og:description\" content=\"Acquista a buon mercato Piloctenus haematostoma direttamente online! I ragni territoriali con le zanne rosse e la notevole tecnica di caccia.\" \/>\n<meta property=\"og:url\" content=\"https:\/\/insektenliebe.com\/it\/shop\/prodotto\/piloctenus-ematostoma\/\" \/>\n<meta property=\"og:site_name\" content=\"Insektenliebe\" \/>\n<meta property=\"article:modified_time\" content=\"2023-11-20T09:04:07+00:00\" \/>\n<meta property=\"og:image\" content=\"https:\/\/insektenliebe.com\/wp-content\/uploads\/2023\/11\/Piloctenus-haematostoma.jpg\" \/>\n\t<meta property=\"og:image:width\" content=\"820\" \/>\n\t<meta property=\"og:image:height\" content=\"820\" \/>\n\t<meta property=\"og:image:type\" content=\"image\/jpeg\" \/>\n<meta name=\"twitter:card\" content=\"summary_large_image\" \/>\n<meta name=\"twitter:label1\" content=\"Disponibilit\u00e0\" \/>\n\t<meta name=\"twitter:data1\" content=\"Esaurito\" \/>\n<script type=\"application\/ld+json\" class=\"yoast-schema-graph\">{\"@context\":\"https:\\\/\\\/schema.org\",\"@graph\":[{\"@type\":\"WebPage\",\"@id\":\"https:\\\/\\\/insektenliebe.com\\\/it\\\/shop\\\/prodotto\\\/piloctenus-ematostoma\\\/\",\"url\":\"https:\\\/\\\/insektenliebe.com\\\/it\\\/shop\\\/prodotto\\\/piloctenus-ematostoma\\\/\",\"name\":\"Piloctenus ematostoma - Insektenliebe\",\"isPartOf\":{\"@id\":\"https:\\\/\\\/insektenliebe.com\\\/it\\\/#website\"},\"primaryImageOfPage\":{\"@id\":\"https:\\\/\\\/insektenliebe.com\\\/it\\\/shop\\\/prodotto\\\/piloctenus-ematostoma\\\/#primaryimage\"},\"image\":{\"@id\":\"https:\\\/\\\/insektenliebe.com\\\/it\\\/shop\\\/prodotto\\\/piloctenus-ematostoma\\\/#primaryimage\"},\"thumbnailUrl\":\"https:\\\/\\\/insektenliebe.com\\\/wp-content\\\/uploads\\\/2023\\\/11\\\/Piloctenus-haematostoma.jpg\",\"datePublished\":\"2023-11-20T08:04:07+00:00\",\"dateModified\":\"2023-11-20T09:04:07+00:00\",\"description\":\"Acquista a buon mercato Piloctenus haematostoma direttamente online! I ragni territoriali con le zanne rosse e la notevole tecnica di caccia.\",\"breadcrumb\":{\"@id\":\"https:\\\/\\\/insektenliebe.com\\\/it\\\/shop\\\/prodotto\\\/piloctenus-ematostoma\\\/#breadcrumb\"},\"inLanguage\":\"it-IT\",\"potentialAction\":[{\"@type\":\"ReadAction\",\"target\":[\"https:\\\/\\\/insektenliebe.com\\\/it\\\/shop\\\/prodotto\\\/piloctenus-ematostoma\\\/\"]}]},{\"@type\":\"ImageObject\",\"inLanguage\":\"it-IT\",\"@id\":\"https:\\\/\\\/insektenliebe.com\\\/it\\\/shop\\\/prodotto\\\/piloctenus-ematostoma\\\/#primaryimage\",\"url\":\"https:\\\/\\\/insektenliebe.com\\\/wp-content\\\/uploads\\\/2023\\\/11\\\/Piloctenus-haematostoma.jpg\",\"contentUrl\":\"https:\\\/\\\/insektenliebe.com\\\/wp-content\\\/uploads\\\/2023\\\/11\\\/Piloctenus-haematostoma.jpg\",\"width\":820,\"height\":820,\"caption\":\"Piloctenus ematostoma\"},{\"@type\":\"BreadcrumbList\",\"@id\":\"https:\\\/\\\/insektenliebe.com\\\/it\\\/shop\\\/prodotto\\\/piloctenus-ematostoma\\\/#breadcrumb\",\"itemListElement\":[{\"@type\":\"ListItem\",\"position\":1,\"name\":\"Startseite\",\"item\":\"https:\\\/\\\/insektenliebe.com\\\/it\\\/\"},{\"@type\":\"ListItem\",\"position\":2,\"name\":\"Negozio\",\"item\":\"https:\\\/\\\/insektenliebe.com\\\/it\\\/negozio\\\/\"},{\"@type\":\"ListItem\",\"position\":3,\"name\":\"Piloctenus ematostoma\"}]},{\"@type\":\"WebSite\",\"@id\":\"https:\\\/\\\/insektenliebe.com\\\/it\\\/#website\",\"url\":\"https:\\\/\\\/insektenliebe.com\\\/it\\\/\",\"name\":\"Insektenliebe\",\"description\":\"Dein Zuhause f\u00fcr die kleinen Lebewesen\",\"publisher\":{\"@id\":\"https:\\\/\\\/insektenliebe.com\\\/it\\\/#organization\"},\"potentialAction\":[{\"@type\":\"SearchAction\",\"target\":{\"@type\":\"EntryPoint\",\"urlTemplate\":\"https:\\\/\\\/insektenliebe.com\\\/it\\\/?s={search_term_string}\"},\"query-input\":{\"@type\":\"PropertyValueSpecification\",\"valueRequired\":true,\"valueName\":\"search_term_string\"}}],\"inLanguage\":\"it-IT\"},{\"@type\":\"Organization\",\"@id\":\"https:\\\/\\\/insektenliebe.com\\\/it\\\/#organization\",\"name\":\"Insektenliebe\",\"url\":\"https:\\\/\\\/insektenliebe.com\\\/it\\\/\",\"logo\":{\"@type\":\"ImageObject\",\"inLanguage\":\"it-IT\",\"@id\":\"https:\\\/\\\/insektenliebe.com\\\/it\\\/#\\\/schema\\\/logo\\\/image\\\/\",\"url\":\"https:\\\/\\\/insektenliebe.com\\\/wp-content\\\/uploads\\\/2025\\\/03\\\/logo-white.png\",\"contentUrl\":\"https:\\\/\\\/insektenliebe.com\\\/wp-content\\\/uploads\\\/2025\\\/03\\\/logo-white.png\",\"width\":288,\"height\":188,\"caption\":\"Insektenliebe\"},\"image\":{\"@id\":\"https:\\\/\\\/insektenliebe.com\\\/it\\\/#\\\/schema\\\/logo\\\/image\\\/\"}}]}<\/script>\n<meta property=\"og:availability\" content=\"out of stock\" \/>\n<meta property=\"product:availability\" content=\"out of stock\" \/>\n<meta property=\"product:retailer_item_id\" content=\"493\" \/>\n<meta property=\"product:condition\" content=\"new\" \/>\n<!-- \/ Yoast SEO Premium plugin. -->","yoast_head_json":{"title":"Piloctenus ematostoma - Insektenliebe","description":"Acquista a buon mercato Piloctenus haematostoma direttamente online! I ragni territoriali con le zanne rosse e la notevole tecnica di caccia.","robots":{"index":"index","follow":"follow","max-snippet":"max-snippet:-1","max-image-preview":"max-image-preview:large","max-video-preview":"max-video-preview:-1"},"canonical":"https:\/\/insektenliebe.com\/it\/shop\/prodotto\/piloctenus-ematostoma\/","og_locale":"it_IT","og_type":"article","og_title":"Piloctenus ematostoma","og_description":"Acquista a buon mercato Piloctenus haematostoma direttamente online! I ragni territoriali con le zanne rosse e la notevole tecnica di caccia.","og_url":"https:\/\/insektenliebe.com\/it\/shop\/prodotto\/piloctenus-ematostoma\/","og_site_name":"Insektenliebe","article_modified_time":"2023-11-20T09:04:07+00:00","og_image":[{"width":820,"height":820,"url":"https:\/\/insektenliebe.com\/wp-content\/uploads\/2023\/11\/Piloctenus-haematostoma.jpg","type":"image\/jpeg"}],"twitter_card":"summary_large_image","twitter_misc":{"Disponibilit\u00e0":"Esaurito"},"schema":{"@context":"https:\/\/schema.org","@graph":[{"@type":"WebPage","@id":"https:\/\/insektenliebe.com\/it\/shop\/prodotto\/piloctenus-ematostoma\/","url":"https:\/\/insektenliebe.com\/it\/shop\/prodotto\/piloctenus-ematostoma\/","name":"Piloctenus ematostoma - Insektenliebe","isPartOf":{"@id":"https:\/\/insektenliebe.com\/it\/#website"},"primaryImageOfPage":{"@id":"https:\/\/insektenliebe.com\/it\/shop\/prodotto\/piloctenus-ematostoma\/#primaryimage"},"image":{"@id":"https:\/\/insektenliebe.com\/it\/shop\/prodotto\/piloctenus-ematostoma\/#primaryimage"},"thumbnailUrl":"https:\/\/insektenliebe.com\/wp-content\/uploads\/2023\/11\/Piloctenus-haematostoma.jpg","datePublished":"2023-11-20T08:04:07+00:00","dateModified":"2023-11-20T09:04:07+00:00","description":"Acquista a buon mercato Piloctenus haematostoma direttamente online! I ragni territoriali con le zanne rosse e la notevole tecnica di caccia.","breadcrumb":{"@id":"https:\/\/insektenliebe.com\/it\/shop\/prodotto\/piloctenus-ematostoma\/#breadcrumb"},"inLanguage":"it-IT","potentialAction":[{"@type":"ReadAction","target":["https:\/\/insektenliebe.com\/it\/shop\/prodotto\/piloctenus-ematostoma\/"]}]},{"@type":"ImageObject","inLanguage":"it-IT","@id":"https:\/\/insektenliebe.com\/it\/shop\/prodotto\/piloctenus-ematostoma\/#primaryimage","url":"https:\/\/insektenliebe.com\/wp-content\/uploads\/2023\/11\/Piloctenus-haematostoma.jpg","contentUrl":"https:\/\/insektenliebe.com\/wp-content\/uploads\/2023\/11\/Piloctenus-haematostoma.jpg","width":820,"height":820,"caption":"Piloctenus ematostoma"},{"@type":"BreadcrumbList","@id":"https:\/\/insektenliebe.com\/it\/shop\/prodotto\/piloctenus-ematostoma\/#breadcrumb","itemListElement":[{"@type":"ListItem","position":1,"name":"Startseite","item":"https:\/\/insektenliebe.com\/it\/"},{"@type":"ListItem","position":2,"name":"Negozio","item":"https:\/\/insektenliebe.com\/it\/negozio\/"},{"@type":"ListItem","position":3,"name":"Piloctenus ematostoma"}]},{"@type":"WebSite","@id":"https:\/\/insektenliebe.com\/it\/#website","url":"https:\/\/insektenliebe.com\/it\/","name":"Insektenliebe","description":"Dein Zuhause f\u00fcr die kleinen Lebewesen","publisher":{"@id":"https:\/\/insektenliebe.com\/it\/#organization"},"potentialAction":[{"@type":"SearchAction","target":{"@type":"EntryPoint","urlTemplate":"https:\/\/insektenliebe.com\/it\/?s={search_term_string}"},"query-input":{"@type":"PropertyValueSpecification","valueRequired":true,"valueName":"search_term_string"}}],"inLanguage":"it-IT"},{"@type":"Organization","@id":"https:\/\/insektenliebe.com\/it\/#organization","name":"Insektenliebe","url":"https:\/\/insektenliebe.com\/it\/","logo":{"@type":"ImageObject","inLanguage":"it-IT","@id":"https:\/\/insektenliebe.com\/it\/#\/schema\/logo\/image\/","url":"https:\/\/insektenliebe.com\/wp-content\/uploads\/2025\/03\/logo-white.png","contentUrl":"https:\/\/insektenliebe.com\/wp-content\/uploads\/2025\/03\/logo-white.png","width":288,"height":188,"caption":"Insektenliebe"},"image":{"@id":"https:\/\/insektenliebe.com\/it\/#\/schema\/logo\/image\/"}}]},"og_availability":"out of stock","product_availability":"out of stock","product_retailer_item_id":"493","product_condition":"new"},"_links":{"self":[{"href":"https:\/\/insektenliebe.com\/it\/wp-json\/wp\/v2\/product\/186914","targetHints":{"allow":["GET"]}}],"collection":[{"href":"https:\/\/insektenliebe.com\/it\/wp-json\/wp\/v2\/product"}],"about":[{"href":"https:\/\/insektenliebe.com\/it\/wp-json\/wp\/v2\/types\/product"}],"wp:featuredmedia":[{"embeddable":true,"href":"https:\/\/insektenliebe.com\/it\/wp-json\/wp\/v2\/media\/186922"}],"wp:attachment":[{"href":"https:\/\/insektenliebe.com\/it\/wp-json\/wp\/v2\/media?parent=186914"}],"wp:term":[{"taxonomy":"product-supplier","embeddable":true,"href":"https:\/\/insektenliebe.com\/it\/wp-json\/wp\/v2\/product-supplier?post=186914"},{"taxonomy":"product_brand","embeddable":true,"href":"https:\/\/insektenliebe.com\/it\/wp-json\/wp\/v2\/product_brand?post=186914"},{"taxonomy":"product_cat","embeddable":true,"href":"https:\/\/insektenliebe.com\/it\/wp-json\/wp\/v2\/product_cat?post=186914"},{"taxonomy":"product_tag","embeddable":true,"href":"https:\/\/insektenliebe.com\/it\/wp-json\/wp\/v2\/product_tag?post=186914"},{"taxonomy":"lce-checkout-addons","embeddable":true,"href":"https:\/\/insektenliebe.com\/it\/wp-json\/wp\/v2\/lce-checkout-addons?post=186914"}],"curies":[{"name":"wp","href":"https:\/\/api.w.org\/{rel}","templated":true}]}}