{"id":186903,"date":"2024-04-06T14:19:45","date_gmt":"2024-04-06T12:19:45","guid":{"rendered":"https:\/\/insektenliebe.com\/shop\/produkt\/cyclosternum-spec-aureum\/"},"modified":"2026-03-06T18:32:42","modified_gmt":"2026-03-06T17:32:42","slug":"cyclosternum-spec-aureum","status":"publish","type":"product","link":"https:\/\/insektenliebe.com\/it\/shop\/prodotto\/cyclosternum-spec-aureum\/","title":{"rendered":"Cyclosternum spec. \"Aureum\""},"content":{"rendered":"<h3><span style=\"color: #99cc33;\">Meraviglie d&#8217;oro: approfondimenti su una rara specie di tarantola<\/span><\/h3>\n<div class=\"react-scroll-to-bottom--css-sbfrk-1n7m0yu\">\n<div class=\"flex flex-col text-sm pb-9\">\n<div class=\"w-full text-token-text-primary sm:AIPRM__conversation__response\" data-testid=\"conversation-turn-29\">\n<div class=\"px-4 py-2 justify-center text-base md:gap-6 m-auto\">\n<div class=\"flex flex-1 text-base mx-auto gap-3 md:px-5 lg:px-1 xl:px-5 md:max-w-3xl lg:max-w- xl:max-w- group final-completion\">\n<div class=\"relative flex w-full flex-col agent-turn\">\n<div class=\"flex-col gap-1 md:gap-3\">\n<div class=\"flex flex-grow flex-col max-w-full\">\n<div class=\"min-h- text-message flex flex-col items-start gap-3 whitespace-pre-wrap break-words :mt-5 overflow-x-auto\" data-message-author-role=\"assistant\" data-message-id=\"89823a24-f53f-48eb-82b0-84e3103fabe2\">\n<div class=\"markdown prose w-full break-words dark:prose-invert light AIPRM__conversation__response\">\n<p class=\"p1\">Il  <strong>Cyclosternum spec. \"Aureum\" <\/strong>  \u00e8 una delle tarantole pi\u00f9 rare disponibili in commercio. Si sa poco di questa specie, originaria del Sud America. Con una lunghezza del corpo di circa 4 cm, questa tarantola rimane relativamente piccola e conduce uno stile di vita fossile, creando tunnel sotterranei con diverse entrate. Trova condizioni di vita ottimali a temperature di 20-25 \u00b0C e un&#8217;umidit\u00e0 superiore all&#8217;80%.   <\/p>\n<p class=\"p1\">Il nome \"Aureum\", che significa oro, si riflette nel suo aspetto: il carapace del ragno \u00e8 di colore dorato, che contrasta in modo impressionante con le zampe di colore bluastro e l&#8217;addome rosso-marrone. Anche le articolazioni delle zampe spiccano in un colore dorato. <\/p>\n<p class=\"p1\">La prole in vendita qui discende da genitori che sono stati tra i primi disponibili in Germania.<\/p>\n<p class=\"p1\">Poich\u00e9 questa specie non \u00e8 ancora stata descritta scientificamente, non si sa se rimarr\u00e0 nel genere Cyclosternum. Una descrizione morfologica dettagliata \u00e8 ancora in sospeso e le prime analisi genetiche potrebbero indicare una classificazione diversa. Resta da vedere quali ulteriori conoscenze otterremo su questa specie di tarantola eccezionalmente rara!  <\/p>\n<\/div>\n<\/div>\n<\/div>\n<\/div>\n<\/div>\n<\/div>\n<\/div>\n<\/div>\n<\/div>\n<\/div>\n<p>Ti consigliamo un terrario di ReptiPlanet che misura 20 x 20 x 20 cm, ideale per  <strong>Cyclosternum spec. \"Aureum\" <\/strong>  \u00e8. L&#8217;altezza del substrato consigliata, compresa tra i 10 e i 15 cm, offre uno spazio sufficiente per scavare o nascondersi, ed \u00e8 ideale per  <strong>Cyclosternum spec. \"Aureum\" <\/strong>  \u00e8 essenziale.<\/p>\n<p>Questa profondit\u00e0 del substrato favorisce anche un&#8217;adeguata regolazione dell&#8217;umidit\u00e0 e offre spazio sufficiente per piante o elementi decorativi per creare un ambiente naturale. Il design compatto di questo terrario lo rende una scelta eccellente per   <strong>Cyclosternum spec. \"Aureum\" <\/strong>per trovare una casa adatta alla specie e attraente per il tuo piccolo ragno animale.<\/p>\n","protected":false},"excerpt":{"rendered":"<p>Meraviglie d&#8217;oro: approfondimenti su una rara specie di tarantola Il Cyclosternum spec. \"Aureum\" \u00e8 una delle tarantole pi\u00f9 rare disponibili in commercio. Si sa poco di questa specie, originaria del Sud America. Con una lunghezza del corpo di circa 4 cm, questa tarantola rimane relativamente piccola e conduce uno stile di vita fossile, creando tunnel [&hellip;]<\/p>\n","protected":false},"featured_media":186909,"template":"","meta":{"_acf_changed":false},"product-supplier":[],"product_brand":[],"product_cat":[2809,3004],"product_tag":[],"lce-checkout-addons":[2746],"class_list":{"0":"post-186903","1":"product","2":"type-product","3":"status-publish","4":"has-post-thumbnail","6":"product_cat-ragni","7":"product_cat-tarantole","8":"product_shipping_class-spedizione-di-animali","9":"pa_geschlecht-donna","10":"pa_geschlecht-indeterminato","11":"pa_geschlecht-uomo","12":"pa_herkunft-brasile","13":"pa_kontinent-sud-america","14":"lce-checkout-addons-imballaggio-invernale","16":"first","17":"outofstock","18":"taxable","19":"shipping-taxable","20":"product-type-variable"},"acf":[],"yoast_head":"<!-- This site is optimized with the Yoast SEO Premium plugin v26.8 (Yoast SEO v27.3) - https:\/\/yoast.com\/product\/yoast-seo-premium-wordpress\/ -->\n<title>Cyclosternum spec. &quot;Aureum&quot; - Insektenliebe<\/title>\n<meta name=\"description\" content=\"Acquista a buon mercato Cyclosternum spec. &quot;Aureum&quot; direttamente online! Questa \u00e8 una delle tarantole pi\u00f9 rare disponibili in commercio.\" \/>\n<meta name=\"robots\" content=\"index, follow, max-snippet:-1, max-image-preview:large, max-video-preview:-1\" \/>\n<link rel=\"canonical\" href=\"https:\/\/insektenliebe.com\/it\/shop\/prodotto\/cyclosternum-spec-aureum\/\" \/>\n<meta property=\"og:locale\" content=\"it_IT\" \/>\n<meta property=\"og:type\" content=\"article\" \/>\n<meta property=\"og:title\" content=\"Cyclosternum spec. &quot;Aureum&quot;\" \/>\n<meta property=\"og:description\" content=\"Acquista a buon mercato Cyclosternum spec. &quot;Aureum&quot; direttamente online! Questa \u00e8 una delle tarantole pi\u00f9 rare disponibili in commercio.\" \/>\n<meta property=\"og:url\" content=\"https:\/\/insektenliebe.com\/it\/shop\/prodotto\/cyclosternum-spec-aureum\/\" \/>\n<meta property=\"og:site_name\" content=\"Insektenliebe\" \/>\n<meta property=\"article:modified_time\" content=\"2026-03-06T17:32:42+00:00\" \/>\n<meta property=\"og:image\" content=\"https:\/\/insektenliebe.com\/wp-content\/uploads\/2025\/05\/Cyclosternum-spec.-22Aureum22-2.jpg\" \/>\n\t<meta property=\"og:image:width\" content=\"820\" \/>\n\t<meta property=\"og:image:height\" content=\"820\" \/>\n\t<meta property=\"og:image:type\" content=\"image\/jpeg\" \/>\n<meta name=\"twitter:card\" content=\"summary_large_image\" \/>\n<meta name=\"twitter:label1\" content=\"Disponibilit\u00e0\" \/>\n\t<meta name=\"twitter:data1\" content=\"Esaurito\" \/>\n<script type=\"application\/ld+json\" class=\"yoast-schema-graph\">{\"@context\":\"https:\\\/\\\/schema.org\",\"@graph\":[{\"@type\":\"WebPage\",\"@id\":\"https:\\\/\\\/insektenliebe.com\\\/it\\\/shop\\\/prodotto\\\/cyclosternum-spec-aureum\\\/\",\"url\":\"https:\\\/\\\/insektenliebe.com\\\/it\\\/shop\\\/prodotto\\\/cyclosternum-spec-aureum\\\/\",\"name\":\"Cyclosternum spec. \\\"Aureum\\\" - Insektenliebe\",\"isPartOf\":{\"@id\":\"https:\\\/\\\/insektenliebe.com\\\/it\\\/#website\"},\"primaryImageOfPage\":{\"@id\":\"https:\\\/\\\/insektenliebe.com\\\/it\\\/shop\\\/prodotto\\\/cyclosternum-spec-aureum\\\/#primaryimage\"},\"image\":{\"@id\":\"https:\\\/\\\/insektenliebe.com\\\/it\\\/shop\\\/prodotto\\\/cyclosternum-spec-aureum\\\/#primaryimage\"},\"thumbnailUrl\":\"https:\\\/\\\/insektenliebe.com\\\/wp-content\\\/uploads\\\/2025\\\/05\\\/Cyclosternum-spec.-22Aureum22-2.jpg\",\"datePublished\":\"2024-04-06T12:19:45+00:00\",\"dateModified\":\"2026-03-06T17:32:42+00:00\",\"description\":\"Acquista a buon mercato Cyclosternum spec. \\\"Aureum\\\" direttamente online! Questa \u00e8 una delle tarantole pi\u00f9 rare disponibili in commercio.\",\"breadcrumb\":{\"@id\":\"https:\\\/\\\/insektenliebe.com\\\/it\\\/shop\\\/prodotto\\\/cyclosternum-spec-aureum\\\/#breadcrumb\"},\"inLanguage\":\"it-IT\",\"potentialAction\":[{\"@type\":\"ReadAction\",\"target\":[\"https:\\\/\\\/insektenliebe.com\\\/it\\\/shop\\\/prodotto\\\/cyclosternum-spec-aureum\\\/\"]}]},{\"@type\":\"ImageObject\",\"inLanguage\":\"it-IT\",\"@id\":\"https:\\\/\\\/insektenliebe.com\\\/it\\\/shop\\\/prodotto\\\/cyclosternum-spec-aureum\\\/#primaryimage\",\"url\":\"https:\\\/\\\/insektenliebe.com\\\/wp-content\\\/uploads\\\/2025\\\/05\\\/Cyclosternum-spec.-22Aureum22-2.jpg\",\"contentUrl\":\"https:\\\/\\\/insektenliebe.com\\\/wp-content\\\/uploads\\\/2025\\\/05\\\/Cyclosternum-spec.-22Aureum22-2.jpg\",\"width\":820,\"height\":820,\"caption\":\"Cyclosternum-spec.-22Aureum22-2.jpg\"},{\"@type\":\"BreadcrumbList\",\"@id\":\"https:\\\/\\\/insektenliebe.com\\\/it\\\/shop\\\/prodotto\\\/cyclosternum-spec-aureum\\\/#breadcrumb\",\"itemListElement\":[{\"@type\":\"ListItem\",\"position\":1,\"name\":\"Startseite\",\"item\":\"https:\\\/\\\/insektenliebe.com\\\/it\\\/\"},{\"@type\":\"ListItem\",\"position\":2,\"name\":\"Negozio\",\"item\":\"https:\\\/\\\/insektenliebe.com\\\/it\\\/negozio\\\/\"},{\"@type\":\"ListItem\",\"position\":3,\"name\":\"Cyclosternum spec. \\\"Aureum\\\"\"}]},{\"@type\":\"WebSite\",\"@id\":\"https:\\\/\\\/insektenliebe.com\\\/it\\\/#website\",\"url\":\"https:\\\/\\\/insektenliebe.com\\\/it\\\/\",\"name\":\"Insektenliebe\",\"description\":\"Dein Zuhause f\u00fcr die kleinen Lebewesen\",\"publisher\":{\"@id\":\"https:\\\/\\\/insektenliebe.com\\\/it\\\/#organization\"},\"potentialAction\":[{\"@type\":\"SearchAction\",\"target\":{\"@type\":\"EntryPoint\",\"urlTemplate\":\"https:\\\/\\\/insektenliebe.com\\\/it\\\/?s={search_term_string}\"},\"query-input\":{\"@type\":\"PropertyValueSpecification\",\"valueRequired\":true,\"valueName\":\"search_term_string\"}}],\"inLanguage\":\"it-IT\"},{\"@type\":\"Organization\",\"@id\":\"https:\\\/\\\/insektenliebe.com\\\/it\\\/#organization\",\"name\":\"Insektenliebe\",\"url\":\"https:\\\/\\\/insektenliebe.com\\\/it\\\/\",\"logo\":{\"@type\":\"ImageObject\",\"inLanguage\":\"it-IT\",\"@id\":\"https:\\\/\\\/insektenliebe.com\\\/it\\\/#\\\/schema\\\/logo\\\/image\\\/\",\"url\":\"https:\\\/\\\/insektenliebe.com\\\/wp-content\\\/uploads\\\/2025\\\/03\\\/logo-white.png\",\"contentUrl\":\"https:\\\/\\\/insektenliebe.com\\\/wp-content\\\/uploads\\\/2025\\\/03\\\/logo-white.png\",\"width\":288,\"height\":188,\"caption\":\"Insektenliebe\"},\"image\":{\"@id\":\"https:\\\/\\\/insektenliebe.com\\\/it\\\/#\\\/schema\\\/logo\\\/image\\\/\"}}]}<\/script>\n<meta property=\"og:availability\" content=\"out of stock\" \/>\n<meta property=\"product:availability\" content=\"out of stock\" \/>\n<meta property=\"product:retailer_item_id\" content=\"608\" \/>\n<meta property=\"product:condition\" content=\"new\" \/>\n<!-- \/ Yoast SEO Premium plugin. -->","yoast_head_json":{"title":"Cyclosternum spec. \"Aureum\" - Insektenliebe","description":"Acquista a buon mercato Cyclosternum spec. \"Aureum\" direttamente online! Questa \u00e8 una delle tarantole pi\u00f9 rare disponibili in commercio.","robots":{"index":"index","follow":"follow","max-snippet":"max-snippet:-1","max-image-preview":"max-image-preview:large","max-video-preview":"max-video-preview:-1"},"canonical":"https:\/\/insektenliebe.com\/it\/shop\/prodotto\/cyclosternum-spec-aureum\/","og_locale":"it_IT","og_type":"article","og_title":"Cyclosternum spec. \"Aureum\"","og_description":"Acquista a buon mercato Cyclosternum spec. \"Aureum\" direttamente online! Questa \u00e8 una delle tarantole pi\u00f9 rare disponibili in commercio.","og_url":"https:\/\/insektenliebe.com\/it\/shop\/prodotto\/cyclosternum-spec-aureum\/","og_site_name":"Insektenliebe","article_modified_time":"2026-03-06T17:32:42+00:00","og_image":[{"width":820,"height":820,"url":"https:\/\/insektenliebe.com\/wp-content\/uploads\/2025\/05\/Cyclosternum-spec.-22Aureum22-2.jpg","type":"image\/jpeg"}],"twitter_card":"summary_large_image","twitter_misc":{"Disponibilit\u00e0":"Esaurito"},"schema":{"@context":"https:\/\/schema.org","@graph":[{"@type":"WebPage","@id":"https:\/\/insektenliebe.com\/it\/shop\/prodotto\/cyclosternum-spec-aureum\/","url":"https:\/\/insektenliebe.com\/it\/shop\/prodotto\/cyclosternum-spec-aureum\/","name":"Cyclosternum spec. \"Aureum\" - Insektenliebe","isPartOf":{"@id":"https:\/\/insektenliebe.com\/it\/#website"},"primaryImageOfPage":{"@id":"https:\/\/insektenliebe.com\/it\/shop\/prodotto\/cyclosternum-spec-aureum\/#primaryimage"},"image":{"@id":"https:\/\/insektenliebe.com\/it\/shop\/prodotto\/cyclosternum-spec-aureum\/#primaryimage"},"thumbnailUrl":"https:\/\/insektenliebe.com\/wp-content\/uploads\/2025\/05\/Cyclosternum-spec.-22Aureum22-2.jpg","datePublished":"2024-04-06T12:19:45+00:00","dateModified":"2026-03-06T17:32:42+00:00","description":"Acquista a buon mercato Cyclosternum spec. \"Aureum\" direttamente online! Questa \u00e8 una delle tarantole pi\u00f9 rare disponibili in commercio.","breadcrumb":{"@id":"https:\/\/insektenliebe.com\/it\/shop\/prodotto\/cyclosternum-spec-aureum\/#breadcrumb"},"inLanguage":"it-IT","potentialAction":[{"@type":"ReadAction","target":["https:\/\/insektenliebe.com\/it\/shop\/prodotto\/cyclosternum-spec-aureum\/"]}]},{"@type":"ImageObject","inLanguage":"it-IT","@id":"https:\/\/insektenliebe.com\/it\/shop\/prodotto\/cyclosternum-spec-aureum\/#primaryimage","url":"https:\/\/insektenliebe.com\/wp-content\/uploads\/2025\/05\/Cyclosternum-spec.-22Aureum22-2.jpg","contentUrl":"https:\/\/insektenliebe.com\/wp-content\/uploads\/2025\/05\/Cyclosternum-spec.-22Aureum22-2.jpg","width":820,"height":820,"caption":"Cyclosternum-spec.-22Aureum22-2.jpg"},{"@type":"BreadcrumbList","@id":"https:\/\/insektenliebe.com\/it\/shop\/prodotto\/cyclosternum-spec-aureum\/#breadcrumb","itemListElement":[{"@type":"ListItem","position":1,"name":"Startseite","item":"https:\/\/insektenliebe.com\/it\/"},{"@type":"ListItem","position":2,"name":"Negozio","item":"https:\/\/insektenliebe.com\/it\/negozio\/"},{"@type":"ListItem","position":3,"name":"Cyclosternum spec. \"Aureum\""}]},{"@type":"WebSite","@id":"https:\/\/insektenliebe.com\/it\/#website","url":"https:\/\/insektenliebe.com\/it\/","name":"Insektenliebe","description":"Dein Zuhause f\u00fcr die kleinen Lebewesen","publisher":{"@id":"https:\/\/insektenliebe.com\/it\/#organization"},"potentialAction":[{"@type":"SearchAction","target":{"@type":"EntryPoint","urlTemplate":"https:\/\/insektenliebe.com\/it\/?s={search_term_string}"},"query-input":{"@type":"PropertyValueSpecification","valueRequired":true,"valueName":"search_term_string"}}],"inLanguage":"it-IT"},{"@type":"Organization","@id":"https:\/\/insektenliebe.com\/it\/#organization","name":"Insektenliebe","url":"https:\/\/insektenliebe.com\/it\/","logo":{"@type":"ImageObject","inLanguage":"it-IT","@id":"https:\/\/insektenliebe.com\/it\/#\/schema\/logo\/image\/","url":"https:\/\/insektenliebe.com\/wp-content\/uploads\/2025\/03\/logo-white.png","contentUrl":"https:\/\/insektenliebe.com\/wp-content\/uploads\/2025\/03\/logo-white.png","width":288,"height":188,"caption":"Insektenliebe"},"image":{"@id":"https:\/\/insektenliebe.com\/it\/#\/schema\/logo\/image\/"}}]},"og_availability":"out of stock","product_availability":"out of stock","product_retailer_item_id":"608","product_condition":"new"},"_links":{"self":[{"href":"https:\/\/insektenliebe.com\/it\/wp-json\/wp\/v2\/product\/186903","targetHints":{"allow":["GET"]}}],"collection":[{"href":"https:\/\/insektenliebe.com\/it\/wp-json\/wp\/v2\/product"}],"about":[{"href":"https:\/\/insektenliebe.com\/it\/wp-json\/wp\/v2\/types\/product"}],"wp:featuredmedia":[{"embeddable":true,"href":"https:\/\/insektenliebe.com\/it\/wp-json\/wp\/v2\/media\/186909"}],"wp:attachment":[{"href":"https:\/\/insektenliebe.com\/it\/wp-json\/wp\/v2\/media?parent=186903"}],"wp:term":[{"taxonomy":"product-supplier","embeddable":true,"href":"https:\/\/insektenliebe.com\/it\/wp-json\/wp\/v2\/product-supplier?post=186903"},{"taxonomy":"product_brand","embeddable":true,"href":"https:\/\/insektenliebe.com\/it\/wp-json\/wp\/v2\/product_brand?post=186903"},{"taxonomy":"product_cat","embeddable":true,"href":"https:\/\/insektenliebe.com\/it\/wp-json\/wp\/v2\/product_cat?post=186903"},{"taxonomy":"product_tag","embeddable":true,"href":"https:\/\/insektenliebe.com\/it\/wp-json\/wp\/v2\/product_tag?post=186903"},{"taxonomy":"lce-checkout-addons","embeddable":true,"href":"https:\/\/insektenliebe.com\/it\/wp-json\/wp\/v2\/lce-checkout-addons?post=186903"}],"curies":[{"name":"wp","href":"https:\/\/api.w.org\/{rel}","templated":true}]}}