{"id":186902,"date":"2023-11-27T18:47:11","date_gmt":"2023-11-27T16:47:11","guid":{"rendered":"https:\/\/insektenliebe.com\/shop\/produkt\/addolcitore-dacqua-aquaguard\/"},"modified":"2023-11-27T18:47:11","modified_gmt":"2023-11-27T17:47:11","slug":"addolcitore-dacqua-aquaguard","status":"publish","type":"product","link":"https:\/\/insektenliebe.com\/it\/shop\/prodotto\/addolcitore-dacqua-aquaguard\/","title":{"rendered":"Addolcitore d&#8217;acqua AquaGuard"},"content":{"rendered":"<h3><span style=\"color: #99cc33\">Addolcitore AquaGuard: la soluzione per un&#8217;acqua senza calcare!<\/span><\/h3>\n<p>Libera l&#8217;acqua del tuo rubinetto dal fastidioso calcare e garantisci risultati cristallini al tuo impianto di irrigazione o alla tua bottiglia a spruzzo con l&#8217;<strong>addolcitore AquaGuard<\/strong>. Il nostro prodotto \u00e8 la soluzione definitiva per disincrostare l&#8217;acqua dura e proteggere il tuo sistema di irrigazione da depositi indesiderati. <\/p>\n<p>Con l&#8217;<strong>addolcitore AquaGuard<\/strong> avrai a disposizione un agente decalcificante altamente efficace in un pratico flacone da 250 ml. La siringa dosatrice che ti forniamo ti permette di dosare in modo semplice e preciso, cos\u00ec da miscelare esattamente la giusta quantit\u00e0 nell&#8217;acqua. Con le strisce per il test della durezza carbonatica incluse nel set, puoi misurare la durezza della tua acqua di rubinetto e regolare il dosaggio di conseguenza.  <\/p>\n<p>\u00c8 molto semplice da usare: misura la durezza carbonatica dell&#8217;acqua del tuo rubinetto, dosa il <strong>decalcificante AquaGuard<\/strong> con la siringa dosatrice, mescola il decalcificante nell&#8217;acqua e lascia che il decalcificante faccia il suo lavoro. Grazie al filtro dell&#8217;acqua integrato nel sistema di irrigazione o nel flacone a spruzzo, le scaglie di calcare vengono trattenute e ottieni un&#8217;acqua priva di calcare che non macchia pi\u00f9 le finestre. <\/p>\n<p><strong>AquaGuard Water Descaler<\/strong> non solo \u00e8 estremamente efficace per disincrostare l&#8217;acqua, ma \u00e8 anche completamente sicuro per animali e piante. La nostra formula \u00e8 stata appositamente sviluppata per non danneggiare l&#8217;ambiente e fornire una soluzione sicura per i tuoi animali e le tue piante. <\/p>\n<p>I vantaggi dell&#8217;<strong>addolcitore AquaGuard<\/strong> sono evidenti: ottieni un&#8217;acqua priva di calcare, il dosaggio \u00e8 semplice e preciso e puoi assicurarti che la durezza carbonatica rimanga a un livello ottimale. Puoi utilizzare le strisce reattive per verificare l&#8217;efficacia del decalcificante e assicurarti che l&#8217;acqua rimanga priva di calcare. <\/p>\n<p>D\u00ec addio ai problemi di calcare e investi nell&#8217;<strong>addolcitore d&#8217;acqua AquaGuard<\/strong>. Acquista il tuo set oggi stesso e goditi un&#8217;acqua priva di calcare per il tuo terrario. Affidati alla qualit\u00e0 e all&#8217;efficienza dei nostri prodotti per ottimizzare l&#8217;approvvigionamento idrico e prolungare la vita delle tue attrezzature.  <\/p>\n<h3 class=\"uppercase\"><span style=\"font-size: 130%\">Misurazione e dosaggio<\/span><\/h3>\n<blockquote class=\"wp-embedded-content\" data-secret=\"jxpoLbOSNa\"><p><a href=\"https:\/\/insektenliebe.com\/de\/kurzanleitung-carbonathaerte-test\/\">Anleitung zum Carbonath\u00e4rte Test<\/a><\/p><\/blockquote>\n<p><iframe loading=\"lazy\" class=\"wp-embedded-content\" sandbox=\"allow-scripts\" security=\"restricted\" style=\"position: absolute; visibility: hidden;\" title=\"&#8220;Anleitung zum Carbonath\u00e4rte Test&#8221; &#8212; Insektenliebe\" src=\"https:\/\/insektenliebe.com\/de\/kurzanleitung-carbonathaerte-test\/embed\/#?secret=upOAYf8gUG#?secret=jxpoLbOSNa\" data-secret=\"jxpoLbOSNa\" width=\"500\" height=\"282\" frameborder=\"0\" marginwidth=\"0\" marginheight=\"0\" scrolling=\"no\"><\/iframe><\/p>\n","protected":false},"excerpt":{"rendered":"<p>Addolcitore AquaGuard: la soluzione per un&#8217;acqua senza calcare! Libera l&#8217;acqua del tuo rubinetto dal fastidioso calcare e garantisci risultati cristallini al tuo impianto di irrigazione o alla tua bottiglia a spruzzo con l&#8217;addolcitore AquaGuard. Il nostro prodotto \u00e8 la soluzione definitiva per disincrostare l&#8217;acqua dura e proteggere il tuo sistema di irrigazione da depositi indesiderati. [&hellip;]<\/p>\n","protected":false},"featured_media":186904,"template":"","meta":{"_acf_changed":false},"product-supplier":[],"product_brand":[],"product_cat":[2741],"product_tag":[],"lce-checkout-addons":[],"class_list":{"0":"post-186902","1":"product","2":"type-product","3":"status-publish","4":"has-post-thumbnail","6":"product_cat-illuminazione-e-clima","7":"product_shipping_class-equipment-shipping","9":"first","10":"instock","11":"sale","12":"taxable","13":"shipping-taxable","14":"purchasable","15":"product-type-variable"},"acf":[],"yoast_head":"<!-- This site is optimized with the Yoast SEO plugin v27.3 - https:\/\/yoast.com\/product\/yoast-seo-wordpress\/ -->\n<title>Addolcitore d&#039;acqua AquaGuard - Insektenliebe<\/title>\n<meta name=\"description\" content=\"Acquista direttamente online l&#039;addolcitore d&#039;acqua AquaGuard a basso costo. Grazie a questo efficacissimo decalcificante, l&#039;acqua del tuo rubinetto sar\u00e0 priva di calcare in pochissimo tempo.\" \/>\n<meta name=\"robots\" content=\"index, follow, max-snippet:-1, max-image-preview:large, max-video-preview:-1\" \/>\n<link rel=\"canonical\" href=\"https:\/\/insektenliebe.com\/it\/shop\/prodotto\/addolcitore-dacqua-aquaguard\/\" \/>\n<meta property=\"og:locale\" content=\"it_IT\" \/>\n<meta property=\"og:type\" content=\"article\" \/>\n<meta property=\"og:title\" content=\"Addolcitore d&#039;acqua AquaGuard - Insektenliebe\" \/>\n<meta property=\"og:description\" content=\"Acquista direttamente online l&#039;addolcitore d&#039;acqua AquaGuard a basso costo. Grazie a questo efficacissimo decalcificante, l&#039;acqua del tuo rubinetto sar\u00e0 priva di calcare in pochissimo tempo.\" \/>\n<meta property=\"og:url\" content=\"https:\/\/insektenliebe.com\/it\/shop\/prodotto\/addolcitore-dacqua-aquaguard\/\" \/>\n<meta property=\"og:site_name\" content=\"Insektenliebe\" \/>\n<meta property=\"article:modified_time\" content=\"2023-11-27T17:47:11+00:00\" \/>\n<meta property=\"og:image\" content=\"https:\/\/insektenliebe.com\/wp-content\/uploads\/2025\/05\/AquaGuard-Wasserentkalker-Set-2.jpg\" \/>\n\t<meta property=\"og:image:width\" content=\"820\" \/>\n\t<meta property=\"og:image:height\" content=\"820\" \/>\n\t<meta property=\"og:image:type\" content=\"image\/jpeg\" \/>\n<meta name=\"twitter:card\" content=\"summary_large_image\" \/>\n<meta name=\"twitter:label1\" content=\"Tempo di lettura stimato\" \/>\n\t<meta name=\"twitter:data1\" content=\"2 minuto\" \/>\n<script type=\"application\/ld+json\" class=\"yoast-schema-graph\">{\"@context\":\"https:\\\/\\\/schema.org\",\"@graph\":[{\"@type\":\"WebPage\",\"@id\":\"https:\\\/\\\/insektenliebe.com\\\/it\\\/shop\\\/prodotto\\\/addolcitore-dacqua-aquaguard\\\/\",\"url\":\"https:\\\/\\\/insektenliebe.com\\\/it\\\/shop\\\/prodotto\\\/addolcitore-dacqua-aquaguard\\\/\",\"name\":\"Addolcitore d'acqua AquaGuard - Insektenliebe\",\"isPartOf\":{\"@id\":\"https:\\\/\\\/insektenliebe.com\\\/it\\\/#website\"},\"primaryImageOfPage\":{\"@id\":\"https:\\\/\\\/insektenliebe.com\\\/it\\\/shop\\\/prodotto\\\/addolcitore-dacqua-aquaguard\\\/#primaryimage\"},\"image\":{\"@id\":\"https:\\\/\\\/insektenliebe.com\\\/it\\\/shop\\\/prodotto\\\/addolcitore-dacqua-aquaguard\\\/#primaryimage\"},\"thumbnailUrl\":\"https:\\\/\\\/insektenliebe.com\\\/wp-content\\\/uploads\\\/2025\\\/05\\\/AquaGuard-Wasserentkalker-Set-2.jpg\",\"datePublished\":\"2023-11-27T16:47:11+00:00\",\"dateModified\":\"2023-11-27T17:47:11+00:00\",\"description\":\"Acquista direttamente online l'addolcitore d'acqua AquaGuard a basso costo. Grazie a questo efficacissimo decalcificante, l'acqua del tuo rubinetto sar\u00e0 priva di calcare in pochissimo tempo.\",\"breadcrumb\":{\"@id\":\"https:\\\/\\\/insektenliebe.com\\\/it\\\/shop\\\/prodotto\\\/addolcitore-dacqua-aquaguard\\\/#breadcrumb\"},\"inLanguage\":\"it-IT\",\"potentialAction\":[{\"@type\":\"ReadAction\",\"target\":[\"https:\\\/\\\/insektenliebe.com\\\/it\\\/shop\\\/prodotto\\\/addolcitore-dacqua-aquaguard\\\/\"]}]},{\"@type\":\"ImageObject\",\"inLanguage\":\"it-IT\",\"@id\":\"https:\\\/\\\/insektenliebe.com\\\/it\\\/shop\\\/prodotto\\\/addolcitore-dacqua-aquaguard\\\/#primaryimage\",\"url\":\"https:\\\/\\\/insektenliebe.com\\\/wp-content\\\/uploads\\\/2025\\\/05\\\/AquaGuard-Wasserentkalker-Set-2.jpg\",\"contentUrl\":\"https:\\\/\\\/insektenliebe.com\\\/wp-content\\\/uploads\\\/2025\\\/05\\\/AquaGuard-Wasserentkalker-Set-2.jpg\",\"width\":820,\"height\":820,\"caption\":\"AquaGuard addolcitore d'acqua set-2.jpg\"},{\"@type\":\"BreadcrumbList\",\"@id\":\"https:\\\/\\\/insektenliebe.com\\\/it\\\/shop\\\/prodotto\\\/addolcitore-dacqua-aquaguard\\\/#breadcrumb\",\"itemListElement\":[{\"@type\":\"ListItem\",\"position\":1,\"name\":\"Startseite\",\"item\":\"https:\\\/\\\/insektenliebe.com\\\/it\\\/\"},{\"@type\":\"ListItem\",\"position\":2,\"name\":\"Negozio\",\"item\":\"https:\\\/\\\/insektenliebe.com\\\/it\\\/negozio\\\/\"},{\"@type\":\"ListItem\",\"position\":3,\"name\":\"Addolcitore d&#8217;acqua AquaGuard\"}]},{\"@type\":\"WebSite\",\"@id\":\"https:\\\/\\\/insektenliebe.com\\\/it\\\/#website\",\"url\":\"https:\\\/\\\/insektenliebe.com\\\/it\\\/\",\"name\":\"Insektenliebe\",\"description\":\"Dein Zuhause f\u00fcr die kleinen Lebewesen\",\"publisher\":{\"@id\":\"https:\\\/\\\/insektenliebe.com\\\/it\\\/#organization\"},\"potentialAction\":[{\"@type\":\"SearchAction\",\"target\":{\"@type\":\"EntryPoint\",\"urlTemplate\":\"https:\\\/\\\/insektenliebe.com\\\/it\\\/?s={search_term_string}\"},\"query-input\":{\"@type\":\"PropertyValueSpecification\",\"valueRequired\":true,\"valueName\":\"search_term_string\"}}],\"inLanguage\":\"it-IT\"},{\"@type\":\"Organization\",\"@id\":\"https:\\\/\\\/insektenliebe.com\\\/it\\\/#organization\",\"name\":\"Insektenliebe\",\"url\":\"https:\\\/\\\/insektenliebe.com\\\/it\\\/\",\"logo\":{\"@type\":\"ImageObject\",\"inLanguage\":\"it-IT\",\"@id\":\"https:\\\/\\\/insektenliebe.com\\\/it\\\/#\\\/schema\\\/logo\\\/image\\\/\",\"url\":\"https:\\\/\\\/insektenliebe.com\\\/wp-content\\\/uploads\\\/2025\\\/03\\\/logo-white.png\",\"contentUrl\":\"https:\\\/\\\/insektenliebe.com\\\/wp-content\\\/uploads\\\/2025\\\/03\\\/logo-white.png\",\"width\":288,\"height\":188,\"caption\":\"Insektenliebe\"},\"image\":{\"@id\":\"https:\\\/\\\/insektenliebe.com\\\/it\\\/#\\\/schema\\\/logo\\\/image\\\/\"}}]}<\/script>\n<!-- \/ Yoast SEO plugin. -->","yoast_head_json":{"title":"Addolcitore d'acqua AquaGuard - Insektenliebe","description":"Acquista direttamente online l'addolcitore d'acqua AquaGuard a basso costo. Grazie a questo efficacissimo decalcificante, l'acqua del tuo rubinetto sar\u00e0 priva di calcare in pochissimo tempo.","robots":{"index":"index","follow":"follow","max-snippet":"max-snippet:-1","max-image-preview":"max-image-preview:large","max-video-preview":"max-video-preview:-1"},"canonical":"https:\/\/insektenliebe.com\/it\/shop\/prodotto\/addolcitore-dacqua-aquaguard\/","og_locale":"it_IT","og_type":"article","og_title":"Addolcitore d'acqua AquaGuard - Insektenliebe","og_description":"Acquista direttamente online l'addolcitore d'acqua AquaGuard a basso costo. Grazie a questo efficacissimo decalcificante, l'acqua del tuo rubinetto sar\u00e0 priva di calcare in pochissimo tempo.","og_url":"https:\/\/insektenliebe.com\/it\/shop\/prodotto\/addolcitore-dacqua-aquaguard\/","og_site_name":"Insektenliebe","article_modified_time":"2023-11-27T17:47:11+00:00","og_image":[{"width":820,"height":820,"url":"https:\/\/insektenliebe.com\/wp-content\/uploads\/2025\/05\/AquaGuard-Wasserentkalker-Set-2.jpg","type":"image\/jpeg"}],"twitter_card":"summary_large_image","twitter_misc":{"Tempo di lettura stimato":"2 minuto"},"schema":{"@context":"https:\/\/schema.org","@graph":[{"@type":"WebPage","@id":"https:\/\/insektenliebe.com\/it\/shop\/prodotto\/addolcitore-dacqua-aquaguard\/","url":"https:\/\/insektenliebe.com\/it\/shop\/prodotto\/addolcitore-dacqua-aquaguard\/","name":"Addolcitore d'acqua AquaGuard - Insektenliebe","isPartOf":{"@id":"https:\/\/insektenliebe.com\/it\/#website"},"primaryImageOfPage":{"@id":"https:\/\/insektenliebe.com\/it\/shop\/prodotto\/addolcitore-dacqua-aquaguard\/#primaryimage"},"image":{"@id":"https:\/\/insektenliebe.com\/it\/shop\/prodotto\/addolcitore-dacqua-aquaguard\/#primaryimage"},"thumbnailUrl":"https:\/\/insektenliebe.com\/wp-content\/uploads\/2025\/05\/AquaGuard-Wasserentkalker-Set-2.jpg","datePublished":"2023-11-27T16:47:11+00:00","dateModified":"2023-11-27T17:47:11+00:00","description":"Acquista direttamente online l'addolcitore d'acqua AquaGuard a basso costo. Grazie a questo efficacissimo decalcificante, l'acqua del tuo rubinetto sar\u00e0 priva di calcare in pochissimo tempo.","breadcrumb":{"@id":"https:\/\/insektenliebe.com\/it\/shop\/prodotto\/addolcitore-dacqua-aquaguard\/#breadcrumb"},"inLanguage":"it-IT","potentialAction":[{"@type":"ReadAction","target":["https:\/\/insektenliebe.com\/it\/shop\/prodotto\/addolcitore-dacqua-aquaguard\/"]}]},{"@type":"ImageObject","inLanguage":"it-IT","@id":"https:\/\/insektenliebe.com\/it\/shop\/prodotto\/addolcitore-dacqua-aquaguard\/#primaryimage","url":"https:\/\/insektenliebe.com\/wp-content\/uploads\/2025\/05\/AquaGuard-Wasserentkalker-Set-2.jpg","contentUrl":"https:\/\/insektenliebe.com\/wp-content\/uploads\/2025\/05\/AquaGuard-Wasserentkalker-Set-2.jpg","width":820,"height":820,"caption":"AquaGuard addolcitore d'acqua set-2.jpg"},{"@type":"BreadcrumbList","@id":"https:\/\/insektenliebe.com\/it\/shop\/prodotto\/addolcitore-dacqua-aquaguard\/#breadcrumb","itemListElement":[{"@type":"ListItem","position":1,"name":"Startseite","item":"https:\/\/insektenliebe.com\/it\/"},{"@type":"ListItem","position":2,"name":"Negozio","item":"https:\/\/insektenliebe.com\/it\/negozio\/"},{"@type":"ListItem","position":3,"name":"Addolcitore d&#8217;acqua AquaGuard"}]},{"@type":"WebSite","@id":"https:\/\/insektenliebe.com\/it\/#website","url":"https:\/\/insektenliebe.com\/it\/","name":"Insektenliebe","description":"Dein Zuhause f\u00fcr die kleinen Lebewesen","publisher":{"@id":"https:\/\/insektenliebe.com\/it\/#organization"},"potentialAction":[{"@type":"SearchAction","target":{"@type":"EntryPoint","urlTemplate":"https:\/\/insektenliebe.com\/it\/?s={search_term_string}"},"query-input":{"@type":"PropertyValueSpecification","valueRequired":true,"valueName":"search_term_string"}}],"inLanguage":"it-IT"},{"@type":"Organization","@id":"https:\/\/insektenliebe.com\/it\/#organization","name":"Insektenliebe","url":"https:\/\/insektenliebe.com\/it\/","logo":{"@type":"ImageObject","inLanguage":"it-IT","@id":"https:\/\/insektenliebe.com\/it\/#\/schema\/logo\/image\/","url":"https:\/\/insektenliebe.com\/wp-content\/uploads\/2025\/03\/logo-white.png","contentUrl":"https:\/\/insektenliebe.com\/wp-content\/uploads\/2025\/03\/logo-white.png","width":288,"height":188,"caption":"Insektenliebe"},"image":{"@id":"https:\/\/insektenliebe.com\/it\/#\/schema\/logo\/image\/"}}]}},"_links":{"self":[{"href":"https:\/\/insektenliebe.com\/it\/wp-json\/wp\/v2\/product\/186902","targetHints":{"allow":["GET"]}}],"collection":[{"href":"https:\/\/insektenliebe.com\/it\/wp-json\/wp\/v2\/product"}],"about":[{"href":"https:\/\/insektenliebe.com\/it\/wp-json\/wp\/v2\/types\/product"}],"wp:featuredmedia":[{"embeddable":true,"href":"https:\/\/insektenliebe.com\/it\/wp-json\/wp\/v2\/media\/186904"}],"wp:attachment":[{"href":"https:\/\/insektenliebe.com\/it\/wp-json\/wp\/v2\/media?parent=186902"}],"wp:term":[{"taxonomy":"product-supplier","embeddable":true,"href":"https:\/\/insektenliebe.com\/it\/wp-json\/wp\/v2\/product-supplier?post=186902"},{"taxonomy":"product_brand","embeddable":true,"href":"https:\/\/insektenliebe.com\/it\/wp-json\/wp\/v2\/product_brand?post=186902"},{"taxonomy":"product_cat","embeddable":true,"href":"https:\/\/insektenliebe.com\/it\/wp-json\/wp\/v2\/product_cat?post=186902"},{"taxonomy":"product_tag","embeddable":true,"href":"https:\/\/insektenliebe.com\/it\/wp-json\/wp\/v2\/product_tag?post=186902"},{"taxonomy":"lce-checkout-addons","embeddable":true,"href":"https:\/\/insektenliebe.com\/it\/wp-json\/wp\/v2\/lce-checkout-addons?post=186902"}],"curies":[{"name":"wp","href":"https:\/\/api.w.org\/{rel}","templated":true}]}}