{"id":186878,"date":"2024-04-12T09:36:49","date_gmt":"2024-03-28T15:36:48","guid":{"rendered":"https:\/\/insektenliebe.com\/shop\/produkt\/sibylla-pretiosa\/"},"modified":"2024-04-12T09:36:49","modified_gmt":"2024-04-12T07:36:49","slug":"sibylla-pretiosa","status":"publish","type":"product","link":"https:\/\/insektenliebe.com\/it\/shop\/prodotto\/sibylla-pretiosa\/","title":{"rendered":"Sibylla pretiosa"},"content":{"rendered":"<h3>Media<\/h3>\n<h3>Africa orientale<\/h3>\n<h3>5 CM<\/h3>\n<h3>25-32 \u00b0C<\/h3>\n<h3><span style=\"color: #99cc33\">Ciclo vitale della Sibylla pretiosa: da larva a magnifico cacciatore<\/span><\/h3>\n<p><strong>La Sibylla pretiosa<\/strong>, nota anche come mantide criptica, \u00e8 un&#8217;affascinante specie di mantide dell&#8217;Africa orientale. Si trova principalmente nelle savane, dove vive su alberi e arbusti. Nei primi due stadi larvali (L1\/2), la mantide criptica si nutre di Drosophila hydei e Drosophila melanogaster. Nel terzo e quarto stadio (L4\/5) si nutre di pesci fornai e Drosophila hydei, nel quinto e sesto stadio (L5\/6) la sua dieta cambia in mosche dorate e pesci fornai e negli ultimi due stadi larvali (L7\/8) predilige mosconi e scarafaggi cioccolato.   <\/p>\n<p>Questa specie pu\u00f2 muoversi abbastanza velocemente, soprattutto nello stadio adulto. A differenza di altre specie, la <strong>Sibylla pretiosa<\/strong> tollera anche gli scarafaggi, ma si consiglia di scegliere le mosche come cibo per gli adulti fecondati, poich\u00e9 gli scarafaggi come cibo possono influenzare negativamente la forma e la schiuma delle ooteche. <\/p>\n<p>La <strong>Sibylla pretiosa<\/strong> pu\u00f2 essere tenuta bene in gruppo, anche se \u00e8 consigliabile separare gli animali a partire dallo stadio pre-subadulto per evitare il cannibalismo. I maschi possono continuare a vivere in gruppo. Le femmine depongono un&#8217;ooteca ogni sette giorni circa, anche se non viene fecondata.  <\/p>\n<p>&nbsp;<\/p>\n<p><img loading=\"lazy\" decoding=\"async\" class=\"alignnone wp-image-138813 size-full\" src=\"https:\/\/insektenliebe.com\/wp-content\/uploads\/2024\/03\/Sibylla-pretiosa-oben-1.jpg\" alt=\"Sibylla Pretiosa\" width=\"820\" height=\"820\" srcset=\"https:\/\/insektenliebe.com\/wp-content\/uploads\/2024\/03\/Sibylla-pretiosa-oben-1.jpg 820w, https:\/\/insektenliebe.com\/wp-content\/uploads\/2024\/03\/Sibylla-pretiosa-oben-1-300x300.jpg 300w, https:\/\/insektenliebe.com\/wp-content\/uploads\/2024\/03\/Sibylla-pretiosa-oben-1-150x150.jpg 150w, https:\/\/insektenliebe.com\/wp-content\/uploads\/2024\/03\/Sibylla-pretiosa-oben-1-768x768.jpg 768w, https:\/\/insektenliebe.com\/wp-content\/uploads\/2024\/03\/Sibylla-pretiosa-oben-1-600x600.jpg 600w, https:\/\/insektenliebe.com\/wp-content\/uploads\/2024\/03\/Sibylla-pretiosa-oben-1-100x100.jpg 100w\" sizes=\"auto, (max-width: 820px) 100vw, 820px\" \/><\/p>\n<div class=\"react-scroll-to-bottom--css-pztwj-1n7m0yu\">\n<div class=\"flex flex-col text-sm pb-9\">\n<div class=\"w-full text-token-text-primary sm:AIPRM__conversation__response\" data-testid=\"conversation-turn-3\">\n<div class=\"px-4 py-2 justify-center text-base md:gap-6 m-auto\">\n<div class=\"flex flex-1 text-base mx-auto gap-3 md:px-5 lg:px-1 xl:px-5 md:max-w-3xl lg:max-w- xl:max-w- group final-completion\">\n<div class=\"relative flex w-full flex-col agent-turn\">\n<div class=\"flex-col gap-1 md:gap-3\">\n<div class=\"flex flex-grow flex-col max-w-full\">\n<div class=\"min-h- text-message flex flex-col items-start gap-3 whitespace-pre-wrap break-words :mt-5 overflow-x-auto\" data-message-author-role=\"assistant\" data-message-id=\"c2ee0180-e53b-4417-9e32-aa21a229dea5\">\n<div class=\"markdown prose w-full break-words dark:prose-invert light AIPRM__conversation__response\">\n<p>A seconda delle dimensioni dell&#8217;ooteca, circa 25-40 piccoli si schiudono solo dall&#8217;ooteca fecondata. I maschi adulti mostrano un comportamento volubile. Nei giovani stadi larvali \u00e8 importante mantenere gli animali freschi e umidi, mentre negli stadi successivi sono opportune condizioni pi\u00f9 calde e un po&#8217; pi\u00f9 secche. Le condizioni ottimali di temperatura e umidit\u00e0 per i diversi stadi sono le seguenti:   <\/p>\n<p><strong>L1\/2<\/strong>, la temperatura deve essere compresa tra i 23 e i 25 gradi Celsius e l&#8217;umidit\u00e0 tra il 60 e il 75%.<br \/>\nIn <strong>L3\/4<\/strong> ci sono dai 25 ai 27 gradi centigradi e un&#8217;umidit\u00e0 del 60-75%.<br \/>\n<strong>L5\/6<\/strong> gli animali necessitano di una temperatura compresa tra i 26 e i 29 gradi e un&#8217;umidit\u00e0 del 60-70%.<br \/>\n<strong>L7\/8<\/strong> la temperatura \u00e8 compresa tra i 26 e i 31 gradi e l&#8217;umidit\u00e0 tra il 55 e il 70%.<\/p>\n<p>\u00c8 meglio posizionare la lampada in un angolo del terrario, in modo che ci sia un punto caldo e uno leggermente pi\u00f9 fresco. L&#8217;animale potr\u00e0 cos\u00ec scegliere il clima perfetto per s\u00e9. <\/p>\n<p>Le ooteche sono spesso posizionate sulla parte inferiore delle foglie o su superfici piane. Le ooteche devono essere tenute a una temperatura compresa tra i 25 e i 29 gradi Celsius e a un&#8217;umidit\u00e0 di circa il 60-70%. Una buona ventilazione \u00e8 essenziale sia per gli animali che per le ooteche. Le larve degli stadi L1\/2 sono particolarmente sensibili alla temperatura e muoiono rapidamente a temperature superiori ai 27 gradi. \u00c8 consigliabile spruzzare leggermente la <strong>Sibylla pretiosa<\/strong> per permettere loro di bere.    <\/p>\n<p>L&#8217;accoppiamento della mantide criptica \u00e8 relativamente semplice. Il maschio \u00e8 facilmente attratto dall&#8217;accoppiamento e spesso osserva la femmina. Per garantire il successo dell&#8217;accoppiamento, la femmina deve essere ben nutrita. L&#8217;accoppiamento della femmina \u00e8 consigliato circa tre o quattro settimane dopo aver raggiunto lo stadio adulto, mentre il maschio \u00e8 pronto per l&#8217;accoppiamento due o tre settimane dopo la muta degli adulti. Prima dell&#8217;accoppiamento, le antenne del maschio di <strong>Sibylla pretiosa<\/strong> tremano in modo particolarmente forte, segno che ha riconosciuto la femmina. L&#8217;accoppiamento di solito dura solo quattro o cinque ore e la copula vera e propria dura da 30 minuti a un&#8217;ora. Non si conoscono problemi di fecondazione della femmina in questa specie.      <\/p>\n<p>Le ooteche si schiudono in circa quattro-sei settimane, a seconda della temperatura. Per fare la muta, gli animali hanno bisogno di uno spazio sufficiente verso il basso, almeno il doppio della lunghezza del loro corpo. <strong>Sibylla pretiosa<\/strong> appartiene all&#8217;ordine Mantodea, alla famiglia Sibyllidae e alla sottofamiglia Sibyllinae. <\/p>\n<\/div>\n<\/div>\n<\/div>\n<div class=\"mt-1 flex justify-start gap-3 empty:hidden\">\n<div class=\"text-gray-400 flex self-end lg:self-center items-center justify-center lg:justify-start mt-0 -ml-1 h-7 gap- visible\">\n<div class=\"flex\"><\/div>\n<\/div>\n<\/div>\n<\/div>\n<\/div>\n<\/div>\n<\/div>\n<\/div>\n<\/div>\n<\/div>\n<h3><span style=\"color: #99cc33\"><strong>Prodotti per Sibylla pretiosa!<\/strong><\/span><\/h3>\n","protected":false},"excerpt":{"rendered":"<p>Media Africa orientale 5 CM 25-32 \u00b0C Ciclo vitale della Sibylla pretiosa: da larva a magnifico cacciatore La Sibylla pretiosa, nota anche come mantide criptica, \u00e8 un&#8217;affascinante specie di mantide dell&#8217;Africa orientale. Si trova principalmente nelle savane, dove vive su alberi e arbusti. Nei primi due stadi larvali (L1\/2), la mantide criptica si nutre di [&hellip;]<\/p>\n","protected":false},"featured_media":186879,"template":"","meta":{"_acf_changed":false},"product-supplier":[],"product_brand":[],"product_cat":[2754],"product_tag":[],"lce-checkout-addons":[2746],"class_list":{"0":"post-186878","1":"product","2":"type-product","3":"status-publish","4":"has-post-thumbnail","6":"product_cat-mantidi","7":"product_shipping_class-spedizione-di-animali","8":"lce-checkout-addons-imballaggio-invernale","10":"first","11":"outofstock","12":"taxable","13":"shipping-taxable","14":"product-type-variable"},"acf":[],"yoast_head":"<!-- This site is optimized with the Yoast SEO plugin v27.3 - https:\/\/yoast.com\/product\/yoast-seo-wordpress\/ -->\n<title>Sibylla pretiosa - Insektenliebe<\/title>\n<meta name=\"description\" content=\"Acquista la bellissima Sibylla pretiosa direttamente online. Offriamo la prole di questa grande specie di mantide. Acquista direttamente dall&#039;allevatore!\" \/>\n<meta name=\"robots\" content=\"index, follow, max-snippet:-1, max-image-preview:large, max-video-preview:-1\" \/>\n<link rel=\"canonical\" href=\"https:\/\/insektenliebe.com\/it\/shop\/prodotto\/sibylla-pretiosa\/\" \/>\n<meta property=\"og:locale\" content=\"it_IT\" \/>\n<meta property=\"og:type\" content=\"article\" \/>\n<meta property=\"og:title\" content=\"Sibylla pretiosa - Insektenliebe\" \/>\n<meta property=\"og:description\" content=\"Acquista la bellissima Sibylla pretiosa direttamente online. Offriamo la prole di questa grande specie di mantide. Acquista direttamente dall&#039;allevatore!\" \/>\n<meta property=\"og:url\" content=\"https:\/\/insektenliebe.com\/it\/shop\/prodotto\/sibylla-pretiosa\/\" \/>\n<meta property=\"og:site_name\" content=\"Insektenliebe\" \/>\n<meta property=\"article:modified_time\" content=\"2024-04-12T07:36:49+00:00\" \/>\n<meta property=\"og:image\" content=\"https:\/\/insektenliebe.com\/wp-content\/uploads\/2025\/05\/Sibylla-pretiosa-3-2.jpg\" \/>\n\t<meta property=\"og:image:width\" content=\"820\" \/>\n\t<meta property=\"og:image:height\" content=\"820\" \/>\n\t<meta property=\"og:image:type\" content=\"image\/jpeg\" \/>\n<meta name=\"twitter:card\" content=\"summary_large_image\" \/>\n<meta name=\"twitter:label1\" content=\"Tempo di lettura stimato\" \/>\n\t<meta name=\"twitter:data1\" content=\"3 minuto\" \/>\n<script type=\"application\/ld+json\" class=\"yoast-schema-graph\">{\"@context\":\"https:\\\/\\\/schema.org\",\"@graph\":[{\"@type\":\"WebPage\",\"@id\":\"https:\\\/\\\/insektenliebe.com\\\/it\\\/shop\\\/prodotto\\\/sibylla-pretiosa\\\/\",\"url\":\"https:\\\/\\\/insektenliebe.com\\\/it\\\/shop\\\/prodotto\\\/sibylla-pretiosa\\\/\",\"name\":\"Sibylla pretiosa - Insektenliebe\",\"isPartOf\":{\"@id\":\"https:\\\/\\\/insektenliebe.com\\\/it\\\/#website\"},\"primaryImageOfPage\":{\"@id\":\"https:\\\/\\\/insektenliebe.com\\\/it\\\/shop\\\/prodotto\\\/sibylla-pretiosa\\\/#primaryimage\"},\"image\":{\"@id\":\"https:\\\/\\\/insektenliebe.com\\\/it\\\/shop\\\/prodotto\\\/sibylla-pretiosa\\\/#primaryimage\"},\"thumbnailUrl\":\"https:\\\/\\\/insektenliebe.com\\\/wp-content\\\/uploads\\\/2025\\\/05\\\/Sibylla-pretiosa-3-2.jpg\",\"datePublished\":\"2024-03-28T15:36:48+00:00\",\"dateModified\":\"2024-04-12T07:36:49+00:00\",\"description\":\"Acquista la bellissima Sibylla pretiosa direttamente online. Offriamo la prole di questa grande specie di mantide. Acquista direttamente dall'allevatore!\",\"breadcrumb\":{\"@id\":\"https:\\\/\\\/insektenliebe.com\\\/it\\\/shop\\\/prodotto\\\/sibylla-pretiosa\\\/#breadcrumb\"},\"inLanguage\":\"it-IT\",\"potentialAction\":[{\"@type\":\"ReadAction\",\"target\":[\"https:\\\/\\\/insektenliebe.com\\\/it\\\/shop\\\/prodotto\\\/sibylla-pretiosa\\\/\"]}]},{\"@type\":\"ImageObject\",\"inLanguage\":\"it-IT\",\"@id\":\"https:\\\/\\\/insektenliebe.com\\\/it\\\/shop\\\/prodotto\\\/sibylla-pretiosa\\\/#primaryimage\",\"url\":\"https:\\\/\\\/insektenliebe.com\\\/wp-content\\\/uploads\\\/2025\\\/05\\\/Sibylla-pretiosa-3-2.jpg\",\"contentUrl\":\"https:\\\/\\\/insektenliebe.com\\\/wp-content\\\/uploads\\\/2025\\\/05\\\/Sibylla-pretiosa-3-2.jpg\",\"width\":820,\"height\":820,\"caption\":\"Sibylla-pretiosa-3-2.jpg\"},{\"@type\":\"BreadcrumbList\",\"@id\":\"https:\\\/\\\/insektenliebe.com\\\/it\\\/shop\\\/prodotto\\\/sibylla-pretiosa\\\/#breadcrumb\",\"itemListElement\":[{\"@type\":\"ListItem\",\"position\":1,\"name\":\"Startseite\",\"item\":\"https:\\\/\\\/insektenliebe.com\\\/it\\\/\"},{\"@type\":\"ListItem\",\"position\":2,\"name\":\"Negozio\",\"item\":\"https:\\\/\\\/insektenliebe.com\\\/it\\\/negozio\\\/\"},{\"@type\":\"ListItem\",\"position\":3,\"name\":\"Sibylla pretiosa\"}]},{\"@type\":\"WebSite\",\"@id\":\"https:\\\/\\\/insektenliebe.com\\\/it\\\/#website\",\"url\":\"https:\\\/\\\/insektenliebe.com\\\/it\\\/\",\"name\":\"Insektenliebe\",\"description\":\"Dein Zuhause f\u00fcr die kleinen Lebewesen\",\"publisher\":{\"@id\":\"https:\\\/\\\/insektenliebe.com\\\/it\\\/#organization\"},\"potentialAction\":[{\"@type\":\"SearchAction\",\"target\":{\"@type\":\"EntryPoint\",\"urlTemplate\":\"https:\\\/\\\/insektenliebe.com\\\/it\\\/?s={search_term_string}\"},\"query-input\":{\"@type\":\"PropertyValueSpecification\",\"valueRequired\":true,\"valueName\":\"search_term_string\"}}],\"inLanguage\":\"it-IT\"},{\"@type\":\"Organization\",\"@id\":\"https:\\\/\\\/insektenliebe.com\\\/it\\\/#organization\",\"name\":\"Insektenliebe\",\"url\":\"https:\\\/\\\/insektenliebe.com\\\/it\\\/\",\"logo\":{\"@type\":\"ImageObject\",\"inLanguage\":\"it-IT\",\"@id\":\"https:\\\/\\\/insektenliebe.com\\\/it\\\/#\\\/schema\\\/logo\\\/image\\\/\",\"url\":\"https:\\\/\\\/insektenliebe.com\\\/wp-content\\\/uploads\\\/2025\\\/03\\\/logo-white.png\",\"contentUrl\":\"https:\\\/\\\/insektenliebe.com\\\/wp-content\\\/uploads\\\/2025\\\/03\\\/logo-white.png\",\"width\":288,\"height\":188,\"caption\":\"Insektenliebe\"},\"image\":{\"@id\":\"https:\\\/\\\/insektenliebe.com\\\/it\\\/#\\\/schema\\\/logo\\\/image\\\/\"}}]}<\/script>\n<!-- \/ Yoast SEO plugin. -->","yoast_head_json":{"title":"Sibylla pretiosa - Insektenliebe","description":"Acquista la bellissima Sibylla pretiosa direttamente online. Offriamo la prole di questa grande specie di mantide. Acquista direttamente dall'allevatore!","robots":{"index":"index","follow":"follow","max-snippet":"max-snippet:-1","max-image-preview":"max-image-preview:large","max-video-preview":"max-video-preview:-1"},"canonical":"https:\/\/insektenliebe.com\/it\/shop\/prodotto\/sibylla-pretiosa\/","og_locale":"it_IT","og_type":"article","og_title":"Sibylla pretiosa - Insektenliebe","og_description":"Acquista la bellissima Sibylla pretiosa direttamente online. Offriamo la prole di questa grande specie di mantide. Acquista direttamente dall'allevatore!","og_url":"https:\/\/insektenliebe.com\/it\/shop\/prodotto\/sibylla-pretiosa\/","og_site_name":"Insektenliebe","article_modified_time":"2024-04-12T07:36:49+00:00","og_image":[{"width":820,"height":820,"url":"https:\/\/insektenliebe.com\/wp-content\/uploads\/2025\/05\/Sibylla-pretiosa-3-2.jpg","type":"image\/jpeg"}],"twitter_card":"summary_large_image","twitter_misc":{"Tempo di lettura stimato":"3 minuto"},"schema":{"@context":"https:\/\/schema.org","@graph":[{"@type":"WebPage","@id":"https:\/\/insektenliebe.com\/it\/shop\/prodotto\/sibylla-pretiosa\/","url":"https:\/\/insektenliebe.com\/it\/shop\/prodotto\/sibylla-pretiosa\/","name":"Sibylla pretiosa - Insektenliebe","isPartOf":{"@id":"https:\/\/insektenliebe.com\/it\/#website"},"primaryImageOfPage":{"@id":"https:\/\/insektenliebe.com\/it\/shop\/prodotto\/sibylla-pretiosa\/#primaryimage"},"image":{"@id":"https:\/\/insektenliebe.com\/it\/shop\/prodotto\/sibylla-pretiosa\/#primaryimage"},"thumbnailUrl":"https:\/\/insektenliebe.com\/wp-content\/uploads\/2025\/05\/Sibylla-pretiosa-3-2.jpg","datePublished":"2024-03-28T15:36:48+00:00","dateModified":"2024-04-12T07:36:49+00:00","description":"Acquista la bellissima Sibylla pretiosa direttamente online. Offriamo la prole di questa grande specie di mantide. Acquista direttamente dall'allevatore!","breadcrumb":{"@id":"https:\/\/insektenliebe.com\/it\/shop\/prodotto\/sibylla-pretiosa\/#breadcrumb"},"inLanguage":"it-IT","potentialAction":[{"@type":"ReadAction","target":["https:\/\/insektenliebe.com\/it\/shop\/prodotto\/sibylla-pretiosa\/"]}]},{"@type":"ImageObject","inLanguage":"it-IT","@id":"https:\/\/insektenliebe.com\/it\/shop\/prodotto\/sibylla-pretiosa\/#primaryimage","url":"https:\/\/insektenliebe.com\/wp-content\/uploads\/2025\/05\/Sibylla-pretiosa-3-2.jpg","contentUrl":"https:\/\/insektenliebe.com\/wp-content\/uploads\/2025\/05\/Sibylla-pretiosa-3-2.jpg","width":820,"height":820,"caption":"Sibylla-pretiosa-3-2.jpg"},{"@type":"BreadcrumbList","@id":"https:\/\/insektenliebe.com\/it\/shop\/prodotto\/sibylla-pretiosa\/#breadcrumb","itemListElement":[{"@type":"ListItem","position":1,"name":"Startseite","item":"https:\/\/insektenliebe.com\/it\/"},{"@type":"ListItem","position":2,"name":"Negozio","item":"https:\/\/insektenliebe.com\/it\/negozio\/"},{"@type":"ListItem","position":3,"name":"Sibylla pretiosa"}]},{"@type":"WebSite","@id":"https:\/\/insektenliebe.com\/it\/#website","url":"https:\/\/insektenliebe.com\/it\/","name":"Insektenliebe","description":"Dein Zuhause f\u00fcr die kleinen Lebewesen","publisher":{"@id":"https:\/\/insektenliebe.com\/it\/#organization"},"potentialAction":[{"@type":"SearchAction","target":{"@type":"EntryPoint","urlTemplate":"https:\/\/insektenliebe.com\/it\/?s={search_term_string}"},"query-input":{"@type":"PropertyValueSpecification","valueRequired":true,"valueName":"search_term_string"}}],"inLanguage":"it-IT"},{"@type":"Organization","@id":"https:\/\/insektenliebe.com\/it\/#organization","name":"Insektenliebe","url":"https:\/\/insektenliebe.com\/it\/","logo":{"@type":"ImageObject","inLanguage":"it-IT","@id":"https:\/\/insektenliebe.com\/it\/#\/schema\/logo\/image\/","url":"https:\/\/insektenliebe.com\/wp-content\/uploads\/2025\/03\/logo-white.png","contentUrl":"https:\/\/insektenliebe.com\/wp-content\/uploads\/2025\/03\/logo-white.png","width":288,"height":188,"caption":"Insektenliebe"},"image":{"@id":"https:\/\/insektenliebe.com\/it\/#\/schema\/logo\/image\/"}}]}},"_links":{"self":[{"href":"https:\/\/insektenliebe.com\/it\/wp-json\/wp\/v2\/product\/186878","targetHints":{"allow":["GET"]}}],"collection":[{"href":"https:\/\/insektenliebe.com\/it\/wp-json\/wp\/v2\/product"}],"about":[{"href":"https:\/\/insektenliebe.com\/it\/wp-json\/wp\/v2\/types\/product"}],"wp:featuredmedia":[{"embeddable":true,"href":"https:\/\/insektenliebe.com\/it\/wp-json\/wp\/v2\/media\/186879"}],"wp:attachment":[{"href":"https:\/\/insektenliebe.com\/it\/wp-json\/wp\/v2\/media?parent=186878"}],"wp:term":[{"taxonomy":"product-supplier","embeddable":true,"href":"https:\/\/insektenliebe.com\/it\/wp-json\/wp\/v2\/product-supplier?post=186878"},{"taxonomy":"product_brand","embeddable":true,"href":"https:\/\/insektenliebe.com\/it\/wp-json\/wp\/v2\/product_brand?post=186878"},{"taxonomy":"product_cat","embeddable":true,"href":"https:\/\/insektenliebe.com\/it\/wp-json\/wp\/v2\/product_cat?post=186878"},{"taxonomy":"product_tag","embeddable":true,"href":"https:\/\/insektenliebe.com\/it\/wp-json\/wp\/v2\/product_tag?post=186878"},{"taxonomy":"lce-checkout-addons","embeddable":true,"href":"https:\/\/insektenliebe.com\/it\/wp-json\/wp\/v2\/lce-checkout-addons?post=186878"}],"curies":[{"name":"wp","href":"https:\/\/api.w.org\/{rel}","templated":true}]}}