{"id":186857,"date":"2024-03-15T18:24:54","date_gmt":"2024-03-15T16:24:54","guid":{"rendered":"https:\/\/insektenliebe.com\/shop\/produkt\/avicularia-purpurea\/"},"modified":"2026-03-11T21:21:13","modified_gmt":"2026-03-11T20:21:13","slug":"avicularia-purpurea","status":"publish","type":"product","link":"https:\/\/insektenliebe.com\/it\/shop\/prodotto\/avicularia-purpurea\/","title":{"rendered":"Avicularia purpurea"},"content":{"rendered":"<h3><span class=\"s1\" style=\"color: #99cc33\">Avicularia purpurea - La bellezza misteriosa tra gli abitanti degli alberi<\/span><\/h3>\n<div>\n<p class=\"p1\"><strong><span class=\"s1\">Avicularia purpurea<\/span><\/strong><span class=\"s2\">conosciuta anche come tarantola viola, \u00e8 una delle tarantole arboricole pi\u00f9 impressionanti del mondo dei terrari. La sua insolita colorazione \u00e8 particolarmente sorprendente. Gli animali hanno un colore di base scuro che brilla con intensi riflessi viola o porpora a seconda dell&#8217;incidenza della luce. Questo colore \u00e8 particolarmente impressionante in presenza di una buona illuminazione e rende questa specie un vero e proprio richiamo visivo nel terrario.   <\/span><\/p>\n<p class=\"p1\"><span class=\"s2\">In natura, l&#8217;<strong>Avicularia purpurea<\/strong> vive nelle regioni tropicali del Sud America. Qui vive principalmente su alberi e arbusti. Fa quindi parte delle cosiddette tarantole arboricole. Mostra chiaramente questo comportamento anche nel terrario. Gli animali preferiscono cercare luoghi elevati e costruire i loro tipici tubi palmati tra rami, piante o pezzi di corteccia.    <\/span><\/p>\n<p class=\"p1\"><span class=\"s2\">Un terrario a struttura alta \u00e8 quindi adatto <\/span><span class=\"s1\">terrario alto<\/span><span class=\"s2\">  molto meglio di una vasca poco profonda. Rami, corteccia di sughero, ramoscelli e piante creano un ambiente naturale e allo stesso tempo offrono al ragno sufficienti opportunit\u00e0 di arrampicarsi. Queste strutture incoraggiano il comportamento naturale e forniscono anche luoghi sicuri in cui ritirarsi.  <\/span><\/p>\n<p class=\"p1\"><span class=\"s2\">Anche l&#8217;umidit\u00e0 gioca un ruolo importante. <\/span><span class=\"s1\">L&#8217;umidit\u00e0<\/span><span class=\"s2\">che idealmente dovrebbe essere compresa tra <\/span><span class=\"s1\">75-85%.<\/span><span class=\"s2\">  \u00e8 opportuno mantenere il terrario in condizioni di stabilit\u00e0. Per garantire lo sviluppo di condizioni stabili, il terrario pu\u00f2 essere leggermente nebulizzato regolarmente. Allo stesso tempo, per\u00f2, \u00e8 necessario che ci siano sempre    <\/span><span class=\"s1\">Buona ventilazione<\/span><span class=\"s2\">  essere presente. L&#8217;aria fresca evita il ristagno dell&#8217;umidit\u00e0 e garantisce un clima sano al terrario. <\/span><\/p>\n<p class=\"p1\"><span class=\"s2\">L<strong>&#8216;Avicularia purpurea<\/strong> \u00e8 generalmente considerata una tarantola piuttosto pacifica. Tuttavia, molti animali reagiscono molto rapidamente quando vengono disturbati e di solito fuggono in un lampo. Questi movimenti rapidi, in particolare, possono sorprendere i custodi inesperti. Questa specie \u00e8 quindi pi\u00f9 adatta a chi possiede un terrario e ha gi\u00e0 una certa esperienza con le tarantole.   <\/span><\/p>\n<p class=\"p1\"><span class=\"s2\">L&#8217;alimentazione dell <strong>&#8216;Avicularia purpurea<\/strong> \u00e8 semplice. Gli animali assumono diversi   <\/span><span class=\"s1\">Nutrire gli insetti<\/span><span class=\"s2\">  come grilli, scarafaggi o altri animali da mangiare adatti. Una dieta varia favorisce la crescita e assicura uno sviluppo sano del ragno. <\/span><\/p>\n<p class=\"p1\"><span class=\"s2\">Con la sua intensa colorazione viola, il suo fisico elegante e il suo tipico comportamento arboricolo, la <\/span><strong><span class=\"s1\">Avicularia purpurea<\/span><\/strong><span class=\"s2\">  \u00e8 una delle tarantole pi\u00f9 affascinanti dell&#8217;hobby del terrario. Se le fornisci un terrario ben strutturato con sufficienti strutture per arrampicarsi e un clima stabile, potrai goderti questa straordinaria specie per molto tempo. <\/span><\/p>\n<\/div>\n","protected":false},"excerpt":{"rendered":"<p>Avicularia purpurea - La bellezza misteriosa tra gli abitanti degli alberi Avicularia purpureaconosciuta anche come tarantola viola, \u00e8 una delle tarantole arboricole pi\u00f9 impressionanti del mondo dei terrari. La sua insolita colorazione \u00e8 particolarmente sorprendente. Gli animali hanno un colore di base scuro che brilla con intensi riflessi viola o porpora a seconda dell&#8217;incidenza della [&hellip;]<\/p>\n","protected":false},"featured_media":186864,"template":"","meta":{"_acf_changed":false},"product-supplier":[],"product_brand":[],"product_cat":[2809,3004],"product_tag":[],"lce-checkout-addons":[2746],"class_list":{"0":"post-186857","1":"product","2":"type-product","3":"status-publish","4":"has-post-thumbnail","6":"product_cat-ragni","7":"product_cat-tarantole","8":"product_shipping_class-spedizione-di-animali","9":"pa_geschlecht-donna","10":"pa_geschlecht-indeterminato","11":"pa_geschlecht-uomo","12":"pa_herkunft-ecuador","13":"pa_kontinent-sud-america","14":"lce-checkout-addons-imballaggio-invernale","16":"first","17":"instock","18":"taxable","19":"shipping-taxable","20":"purchasable","21":"product-type-variable"},"acf":[],"yoast_head":"<!-- This site is optimized with the Yoast SEO plugin v27.3 - https:\/\/yoast.com\/product\/yoast-seo-wordpress\/ -->\n<title>Avicularia purpurea - Insektenliebe<\/title>\n<meta name=\"description\" content=\"Avicularia purpurea - imponente tarantola arboricola dalla colorazione viola. Perfetta per i terrari tropicali e per i detentori esperti.\" \/>\n<meta name=\"robots\" content=\"index, follow, max-snippet:-1, max-image-preview:large, max-video-preview:-1\" \/>\n<link rel=\"canonical\" href=\"https:\/\/insektenliebe.com\/it\/shop\/prodotto\/avicularia-purpurea\/\" \/>\n<meta property=\"og:locale\" content=\"it_IT\" \/>\n<meta property=\"og:type\" content=\"article\" \/>\n<meta property=\"og:title\" content=\"Avicularia purpurea - Insektenliebe\" \/>\n<meta property=\"og:description\" content=\"Avicularia purpurea - imponente tarantola arboricola dalla colorazione viola. Perfetta per i terrari tropicali e per i detentori esperti.\" \/>\n<meta property=\"og:url\" content=\"https:\/\/insektenliebe.com\/it\/shop\/prodotto\/avicularia-purpurea\/\" \/>\n<meta property=\"og:site_name\" content=\"Insektenliebe\" \/>\n<meta property=\"article:modified_time\" content=\"2026-03-11T20:21:13+00:00\" \/>\n<meta property=\"og:image\" content=\"https:\/\/insektenliebe.com\/wp-content\/uploads\/2025\/05\/Avicularia-purpurea-2.jpg\" \/>\n\t<meta property=\"og:image:width\" content=\"820\" \/>\n\t<meta property=\"og:image:height\" content=\"820\" \/>\n\t<meta property=\"og:image:type\" content=\"image\/jpeg\" \/>\n<meta name=\"twitter:card\" content=\"summary_large_image\" \/>\n<meta name=\"twitter:label1\" content=\"Tempo di lettura stimato\" \/>\n\t<meta name=\"twitter:data1\" content=\"2 minuto\" \/>\n<script type=\"application\/ld+json\" class=\"yoast-schema-graph\">{\"@context\":\"https:\\\/\\\/schema.org\",\"@graph\":[{\"@type\":\"WebPage\",\"@id\":\"https:\\\/\\\/insektenliebe.com\\\/it\\\/shop\\\/prodotto\\\/avicularia-purpurea\\\/\",\"url\":\"https:\\\/\\\/insektenliebe.com\\\/it\\\/shop\\\/prodotto\\\/avicularia-purpurea\\\/\",\"name\":\"Avicularia purpurea - Insektenliebe\",\"isPartOf\":{\"@id\":\"https:\\\/\\\/insektenliebe.com\\\/it\\\/#website\"},\"primaryImageOfPage\":{\"@id\":\"https:\\\/\\\/insektenliebe.com\\\/it\\\/shop\\\/prodotto\\\/avicularia-purpurea\\\/#primaryimage\"},\"image\":{\"@id\":\"https:\\\/\\\/insektenliebe.com\\\/it\\\/shop\\\/prodotto\\\/avicularia-purpurea\\\/#primaryimage\"},\"thumbnailUrl\":\"https:\\\/\\\/insektenliebe.com\\\/wp-content\\\/uploads\\\/2025\\\/05\\\/Avicularia-purpurea-2.jpg\",\"datePublished\":\"2024-03-15T16:24:54+00:00\",\"dateModified\":\"2026-03-11T20:21:13+00:00\",\"description\":\"Avicularia purpurea - imponente tarantola arboricola dalla colorazione viola. Perfetta per i terrari tropicali e per i detentori esperti.\",\"breadcrumb\":{\"@id\":\"https:\\\/\\\/insektenliebe.com\\\/it\\\/shop\\\/prodotto\\\/avicularia-purpurea\\\/#breadcrumb\"},\"inLanguage\":\"it-IT\",\"potentialAction\":[{\"@type\":\"ReadAction\",\"target\":[\"https:\\\/\\\/insektenliebe.com\\\/it\\\/shop\\\/prodotto\\\/avicularia-purpurea\\\/\"]}]},{\"@type\":\"ImageObject\",\"inLanguage\":\"it-IT\",\"@id\":\"https:\\\/\\\/insektenliebe.com\\\/it\\\/shop\\\/prodotto\\\/avicularia-purpurea\\\/#primaryimage\",\"url\":\"https:\\\/\\\/insektenliebe.com\\\/wp-content\\\/uploads\\\/2025\\\/05\\\/Avicularia-purpurea-2.jpg\",\"contentUrl\":\"https:\\\/\\\/insektenliebe.com\\\/wp-content\\\/uploads\\\/2025\\\/05\\\/Avicularia-purpurea-2.jpg\",\"width\":820,\"height\":820,\"caption\":\"Avicularia-purpurea-2.jpg\"},{\"@type\":\"BreadcrumbList\",\"@id\":\"https:\\\/\\\/insektenliebe.com\\\/it\\\/shop\\\/prodotto\\\/avicularia-purpurea\\\/#breadcrumb\",\"itemListElement\":[{\"@type\":\"ListItem\",\"position\":1,\"name\":\"Startseite\",\"item\":\"https:\\\/\\\/insektenliebe.com\\\/it\\\/\"},{\"@type\":\"ListItem\",\"position\":2,\"name\":\"Negozio\",\"item\":\"https:\\\/\\\/insektenliebe.com\\\/it\\\/negozio\\\/\"},{\"@type\":\"ListItem\",\"position\":3,\"name\":\"Avicularia purpurea\"}]},{\"@type\":\"WebSite\",\"@id\":\"https:\\\/\\\/insektenliebe.com\\\/it\\\/#website\",\"url\":\"https:\\\/\\\/insektenliebe.com\\\/it\\\/\",\"name\":\"Insektenliebe\",\"description\":\"Dein Zuhause f\u00fcr die kleinen Lebewesen\",\"publisher\":{\"@id\":\"https:\\\/\\\/insektenliebe.com\\\/it\\\/#organization\"},\"potentialAction\":[{\"@type\":\"SearchAction\",\"target\":{\"@type\":\"EntryPoint\",\"urlTemplate\":\"https:\\\/\\\/insektenliebe.com\\\/it\\\/?s={search_term_string}\"},\"query-input\":{\"@type\":\"PropertyValueSpecification\",\"valueRequired\":true,\"valueName\":\"search_term_string\"}}],\"inLanguage\":\"it-IT\"},{\"@type\":\"Organization\",\"@id\":\"https:\\\/\\\/insektenliebe.com\\\/it\\\/#organization\",\"name\":\"Insektenliebe\",\"url\":\"https:\\\/\\\/insektenliebe.com\\\/it\\\/\",\"logo\":{\"@type\":\"ImageObject\",\"inLanguage\":\"it-IT\",\"@id\":\"https:\\\/\\\/insektenliebe.com\\\/it\\\/#\\\/schema\\\/logo\\\/image\\\/\",\"url\":\"https:\\\/\\\/insektenliebe.com\\\/wp-content\\\/uploads\\\/2025\\\/03\\\/logo-white.png\",\"contentUrl\":\"https:\\\/\\\/insektenliebe.com\\\/wp-content\\\/uploads\\\/2025\\\/03\\\/logo-white.png\",\"width\":288,\"height\":188,\"caption\":\"Insektenliebe\"},\"image\":{\"@id\":\"https:\\\/\\\/insektenliebe.com\\\/it\\\/#\\\/schema\\\/logo\\\/image\\\/\"}}]}<\/script>\n<!-- \/ Yoast SEO plugin. -->","yoast_head_json":{"title":"Avicularia purpurea - Insektenliebe","description":"Avicularia purpurea - imponente tarantola arboricola dalla colorazione viola. Perfetta per i terrari tropicali e per i detentori esperti.","robots":{"index":"index","follow":"follow","max-snippet":"max-snippet:-1","max-image-preview":"max-image-preview:large","max-video-preview":"max-video-preview:-1"},"canonical":"https:\/\/insektenliebe.com\/it\/shop\/prodotto\/avicularia-purpurea\/","og_locale":"it_IT","og_type":"article","og_title":"Avicularia purpurea - Insektenliebe","og_description":"Avicularia purpurea - imponente tarantola arboricola dalla colorazione viola. Perfetta per i terrari tropicali e per i detentori esperti.","og_url":"https:\/\/insektenliebe.com\/it\/shop\/prodotto\/avicularia-purpurea\/","og_site_name":"Insektenliebe","article_modified_time":"2026-03-11T20:21:13+00:00","og_image":[{"width":820,"height":820,"url":"https:\/\/insektenliebe.com\/wp-content\/uploads\/2025\/05\/Avicularia-purpurea-2.jpg","type":"image\/jpeg"}],"twitter_card":"summary_large_image","twitter_misc":{"Tempo di lettura stimato":"2 minuto"},"schema":{"@context":"https:\/\/schema.org","@graph":[{"@type":"WebPage","@id":"https:\/\/insektenliebe.com\/it\/shop\/prodotto\/avicularia-purpurea\/","url":"https:\/\/insektenliebe.com\/it\/shop\/prodotto\/avicularia-purpurea\/","name":"Avicularia purpurea - Insektenliebe","isPartOf":{"@id":"https:\/\/insektenliebe.com\/it\/#website"},"primaryImageOfPage":{"@id":"https:\/\/insektenliebe.com\/it\/shop\/prodotto\/avicularia-purpurea\/#primaryimage"},"image":{"@id":"https:\/\/insektenliebe.com\/it\/shop\/prodotto\/avicularia-purpurea\/#primaryimage"},"thumbnailUrl":"https:\/\/insektenliebe.com\/wp-content\/uploads\/2025\/05\/Avicularia-purpurea-2.jpg","datePublished":"2024-03-15T16:24:54+00:00","dateModified":"2026-03-11T20:21:13+00:00","description":"Avicularia purpurea - imponente tarantola arboricola dalla colorazione viola. Perfetta per i terrari tropicali e per i detentori esperti.","breadcrumb":{"@id":"https:\/\/insektenliebe.com\/it\/shop\/prodotto\/avicularia-purpurea\/#breadcrumb"},"inLanguage":"it-IT","potentialAction":[{"@type":"ReadAction","target":["https:\/\/insektenliebe.com\/it\/shop\/prodotto\/avicularia-purpurea\/"]}]},{"@type":"ImageObject","inLanguage":"it-IT","@id":"https:\/\/insektenliebe.com\/it\/shop\/prodotto\/avicularia-purpurea\/#primaryimage","url":"https:\/\/insektenliebe.com\/wp-content\/uploads\/2025\/05\/Avicularia-purpurea-2.jpg","contentUrl":"https:\/\/insektenliebe.com\/wp-content\/uploads\/2025\/05\/Avicularia-purpurea-2.jpg","width":820,"height":820,"caption":"Avicularia-purpurea-2.jpg"},{"@type":"BreadcrumbList","@id":"https:\/\/insektenliebe.com\/it\/shop\/prodotto\/avicularia-purpurea\/#breadcrumb","itemListElement":[{"@type":"ListItem","position":1,"name":"Startseite","item":"https:\/\/insektenliebe.com\/it\/"},{"@type":"ListItem","position":2,"name":"Negozio","item":"https:\/\/insektenliebe.com\/it\/negozio\/"},{"@type":"ListItem","position":3,"name":"Avicularia purpurea"}]},{"@type":"WebSite","@id":"https:\/\/insektenliebe.com\/it\/#website","url":"https:\/\/insektenliebe.com\/it\/","name":"Insektenliebe","description":"Dein Zuhause f\u00fcr die kleinen Lebewesen","publisher":{"@id":"https:\/\/insektenliebe.com\/it\/#organization"},"potentialAction":[{"@type":"SearchAction","target":{"@type":"EntryPoint","urlTemplate":"https:\/\/insektenliebe.com\/it\/?s={search_term_string}"},"query-input":{"@type":"PropertyValueSpecification","valueRequired":true,"valueName":"search_term_string"}}],"inLanguage":"it-IT"},{"@type":"Organization","@id":"https:\/\/insektenliebe.com\/it\/#organization","name":"Insektenliebe","url":"https:\/\/insektenliebe.com\/it\/","logo":{"@type":"ImageObject","inLanguage":"it-IT","@id":"https:\/\/insektenliebe.com\/it\/#\/schema\/logo\/image\/","url":"https:\/\/insektenliebe.com\/wp-content\/uploads\/2025\/03\/logo-white.png","contentUrl":"https:\/\/insektenliebe.com\/wp-content\/uploads\/2025\/03\/logo-white.png","width":288,"height":188,"caption":"Insektenliebe"},"image":{"@id":"https:\/\/insektenliebe.com\/it\/#\/schema\/logo\/image\/"}}]}},"_links":{"self":[{"href":"https:\/\/insektenliebe.com\/it\/wp-json\/wp\/v2\/product\/186857","targetHints":{"allow":["GET"]}}],"collection":[{"href":"https:\/\/insektenliebe.com\/it\/wp-json\/wp\/v2\/product"}],"about":[{"href":"https:\/\/insektenliebe.com\/it\/wp-json\/wp\/v2\/types\/product"}],"wp:featuredmedia":[{"embeddable":true,"href":"https:\/\/insektenliebe.com\/it\/wp-json\/wp\/v2\/media\/186864"}],"wp:attachment":[{"href":"https:\/\/insektenliebe.com\/it\/wp-json\/wp\/v2\/media?parent=186857"}],"wp:term":[{"taxonomy":"product-supplier","embeddable":true,"href":"https:\/\/insektenliebe.com\/it\/wp-json\/wp\/v2\/product-supplier?post=186857"},{"taxonomy":"product_brand","embeddable":true,"href":"https:\/\/insektenliebe.com\/it\/wp-json\/wp\/v2\/product_brand?post=186857"},{"taxonomy":"product_cat","embeddable":true,"href":"https:\/\/insektenliebe.com\/it\/wp-json\/wp\/v2\/product_cat?post=186857"},{"taxonomy":"product_tag","embeddable":true,"href":"https:\/\/insektenliebe.com\/it\/wp-json\/wp\/v2\/product_tag?post=186857"},{"taxonomy":"lce-checkout-addons","embeddable":true,"href":"https:\/\/insektenliebe.com\/it\/wp-json\/wp\/v2\/lce-checkout-addons?post=186857"}],"curies":[{"name":"wp","href":"https:\/\/api.w.org\/{rel}","templated":true}]}}