{"id":186856,"date":"2024-04-16T17:25:00","date_gmt":"2024-04-16T15:25:00","guid":{"rendered":"https:\/\/insektenliebe.com\/shop\/produkt\/muschio-di-renna\/"},"modified":"2026-03-08T17:15:31","modified_gmt":"2026-03-08T16:15:31","slug":"muschio-di-renna","status":"publish","type":"product","link":"https:\/\/insektenliebe.com\/it\/shop\/prodotto\/muschio-di-renna\/","title":{"rendered":"Muschio di renna"},"content":{"rendered":"<h3><span style=\"color: #99cc33;\"><strong>Il muschio di renna crea degli accenti nel terrario<\/strong><\/span><\/h3>\n<p class=\"p1\">Preparati a una piccola rivoluzione verde nel tuo terrario con il nostro nuovo <b>muschio di renna<\/b> proveniente direttamente dalle foreste incontaminate della Lettonia! Questa meraviglia naturale \u00e8 il connubio perfetto tra decorazione e praticit\u00e0. <\/p>\n<p class=\"p1\">Stai cercando un rifugio segreto per i tuoi ragni saltatori? Con questo muschio, diamo loro il posto perfetto per nascondersi e godersi la vita dalla seconda fila. Ma il nostro <b>muschio di renna<\/b> non si limita a questo. \u00c8 anche un vero e proprio richiamo visivo e porta un pezzo di natura selvaggia direttamente a casa tua.   <\/p>\n<p class=\"p1\">Il <b>muschio di renna<\/b> non \u00e8 solo bello da vedere, ma \u00e8 anche un vero e proprio toccasana per la salute. Aiuta a mantenere un&#8217;umidit\u00e0 ottimale nel terrario, perfetta per gli abitanti del terrario che amano l&#8217;umidit\u00e0. Allo stesso tempo, \u00e8 una fonte naturale di proteine e ha un effetto antisettico, che le tue lumache come l&#8217;Archachatina e diverse lumache arboree apprezzeranno particolarmente. Queste piccole bellezze hanno bisogno di proteine e chi vuole additivi chimici nel cibo dei propri animali?   <\/p>\n<p class=\"p1\">Anche i millepiedi e le cocciniglie sono grandi fan del nostro <b>muschio di renna<\/b>. Beneficiano della sua composizione ricca di sostanze nutritive e si sentono completamente a loro agio nel loro nuovo ambiente verde. <\/p>\n<p>&nbsp;<\/p>\n<div id=\"cc-m-12719937849\" class=\"j-module n j-hgrid \">\n<div class=\"cc-m-hgrid-column last\">\n<div id=\"cc-matrix-3557208649\">\n<div id=\"cc-m-12719945849\" class=\"j-module n j-text \">\n<p class=\"p1\">Il nostro <b>muschio di renna<\/b> viene accuratamente raccolto a mano nella foresta lettone e liberato dalle impurit\u00e0 senza l&#8217;uso di pesticidi. In questo modo ti garantiamo un prodotto naturale al 100%, sicuro e salutare per tutti gli abitanti del tuo terrario. <\/p>\n<p>Sebbene venga spesso definito<strong>\"muschio di renna<\/strong>\", il nostro prodotto \u00e8 in realt\u00e0 un lichene. Questa robusta simbiosi di funghi e alghe non solo \u00e8 pi\u00f9 resistente del normale muschio, ma \u00e8 anche estremamente adattabile e ideale per il tuo terrario. Non solo offre una variet\u00e0 visiva, ma favorisce anche il microclima.  <\/p>\n<p class=\"p1\">Abbellisci il tuo terrario con un tocco di natura selvaggia lettone e allo stesso tempo offri ai tuoi piccoli amici una casa sana e ricca di nutrienti. Prova il nostro <b>muschio di renna<\/b> e scoprirai tu stesso il suo effetto magico! <\/p>\n<\/div>\n<\/div>\n<\/div>\n<\/div>\n","protected":false},"excerpt":{"rendered":"<p>Il muschio di renna crea degli accenti nel terrario Preparati a una piccola rivoluzione verde nel tuo terrario con il nostro nuovo muschio di renna proveniente direttamente dalle foreste incontaminate della Lettonia! Questa meraviglia naturale \u00e8 il connubio perfetto tra decorazione e praticit\u00e0. Stai cercando un rifugio segreto per i tuoi ragni saltatori? Con questo [&hellip;]<\/p>\n","protected":false},"featured_media":186858,"template":"","meta":{"_acf_changed":false},"product-supplier":[],"product_brand":[],"product_cat":[2740,2815],"product_tag":[],"lce-checkout-addons":[],"class_list":{"0":"post-186856","1":"product","2":"type-product","3":"status-publish","4":"has-post-thumbnail","6":"product_cat-arredamento-e-decorazione","7":"product_cat-cibo-e-calcio","8":"product_shipping_class-equipment-shipping","9":"pa_herkunft-lettonia","11":"first","12":"instock","13":"sale","14":"taxable","15":"shipping-taxable","16":"purchasable","17":"product-type-simple"},"acf":[],"yoast_head":"<!-- This site is optimized with the Yoast SEO plugin v27.3 - https:\/\/yoast.com\/product\/yoast-seo-wordpress\/ -->\n<title>Muschio di renna - Insektenliebe<\/title>\n<meta name=\"description\" content=\"Acquista il muschio di renna a basso costo direttamente online. Il nascondiglio naturale perfetto e la decorazione del terrario. Il cibo perfetto per i primi decompositori.\" \/>\n<meta name=\"robots\" content=\"index, follow, max-snippet:-1, max-image-preview:large, max-video-preview:-1\" \/>\n<link rel=\"canonical\" href=\"https:\/\/insektenliebe.com\/it\/shop\/prodotto\/muschio-di-renna\/\" \/>\n<meta property=\"og:locale\" content=\"it_IT\" \/>\n<meta property=\"og:type\" content=\"article\" \/>\n<meta property=\"og:title\" content=\"Muschio di renna - Insektenliebe\" \/>\n<meta property=\"og:description\" content=\"Acquista il muschio di renna a basso costo direttamente online. Il nascondiglio naturale perfetto e la decorazione del terrario. Il cibo perfetto per i primi decompositori.\" \/>\n<meta property=\"og:url\" content=\"https:\/\/insektenliebe.com\/it\/shop\/prodotto\/muschio-di-renna\/\" \/>\n<meta property=\"og:site_name\" content=\"Insektenliebe\" \/>\n<meta property=\"article:modified_time\" content=\"2026-03-08T16:15:31+00:00\" \/>\n<meta property=\"og:image\" content=\"https:\/\/insektenliebe.com\/wp-content\/uploads\/2025\/05\/Rentiermoos-1-2.jpg\" \/>\n\t<meta property=\"og:image:width\" content=\"820\" \/>\n\t<meta property=\"og:image:height\" content=\"820\" \/>\n\t<meta property=\"og:image:type\" content=\"image\/jpeg\" \/>\n<meta name=\"twitter:card\" content=\"summary_large_image\" \/>\n<meta name=\"twitter:label1\" content=\"Tempo di lettura stimato\" \/>\n\t<meta name=\"twitter:data1\" content=\"2 minuto\" \/>\n<script type=\"application\/ld+json\" class=\"yoast-schema-graph\">{\"@context\":\"https:\\\/\\\/schema.org\",\"@graph\":[{\"@type\":\"WebPage\",\"@id\":\"https:\\\/\\\/insektenliebe.com\\\/it\\\/shop\\\/prodotto\\\/muschio-di-renna\\\/\",\"url\":\"https:\\\/\\\/insektenliebe.com\\\/it\\\/shop\\\/prodotto\\\/muschio-di-renna\\\/\",\"name\":\"Muschio di renna - Insektenliebe\",\"isPartOf\":{\"@id\":\"https:\\\/\\\/insektenliebe.com\\\/it\\\/#website\"},\"primaryImageOfPage\":{\"@id\":\"https:\\\/\\\/insektenliebe.com\\\/it\\\/shop\\\/prodotto\\\/muschio-di-renna\\\/#primaryimage\"},\"image\":{\"@id\":\"https:\\\/\\\/insektenliebe.com\\\/it\\\/shop\\\/prodotto\\\/muschio-di-renna\\\/#primaryimage\"},\"thumbnailUrl\":\"https:\\\/\\\/insektenliebe.com\\\/wp-content\\\/uploads\\\/2025\\\/05\\\/Rentiermoos-1-2.jpg\",\"datePublished\":\"2024-04-16T15:25:00+00:00\",\"dateModified\":\"2026-03-08T16:15:31+00:00\",\"description\":\"Acquista il muschio di renna a basso costo direttamente online. Il nascondiglio naturale perfetto e la decorazione del terrario. Il cibo perfetto per i primi decompositori.\",\"breadcrumb\":{\"@id\":\"https:\\\/\\\/insektenliebe.com\\\/it\\\/shop\\\/prodotto\\\/muschio-di-renna\\\/#breadcrumb\"},\"inLanguage\":\"it-IT\",\"potentialAction\":[{\"@type\":\"ReadAction\",\"target\":[\"https:\\\/\\\/insektenliebe.com\\\/it\\\/shop\\\/prodotto\\\/muschio-di-renna\\\/\"]}]},{\"@type\":\"ImageObject\",\"inLanguage\":\"it-IT\",\"@id\":\"https:\\\/\\\/insektenliebe.com\\\/it\\\/shop\\\/prodotto\\\/muschio-di-renna\\\/#primaryimage\",\"url\":\"https:\\\/\\\/insektenliebe.com\\\/wp-content\\\/uploads\\\/2025\\\/05\\\/Rentiermoos-1-2.jpg\",\"contentUrl\":\"https:\\\/\\\/insektenliebe.com\\\/wp-content\\\/uploads\\\/2025\\\/05\\\/Rentiermoos-1-2.jpg\",\"width\":820,\"height\":820,\"caption\":\"Muschio di renna-1-2.jpg\"},{\"@type\":\"BreadcrumbList\",\"@id\":\"https:\\\/\\\/insektenliebe.com\\\/it\\\/shop\\\/prodotto\\\/muschio-di-renna\\\/#breadcrumb\",\"itemListElement\":[{\"@type\":\"ListItem\",\"position\":1,\"name\":\"Startseite\",\"item\":\"https:\\\/\\\/insektenliebe.com\\\/it\\\/\"},{\"@type\":\"ListItem\",\"position\":2,\"name\":\"Negozio\",\"item\":\"https:\\\/\\\/insektenliebe.com\\\/it\\\/negozio\\\/\"},{\"@type\":\"ListItem\",\"position\":3,\"name\":\"Muschio di renna\"}]},{\"@type\":\"WebSite\",\"@id\":\"https:\\\/\\\/insektenliebe.com\\\/it\\\/#website\",\"url\":\"https:\\\/\\\/insektenliebe.com\\\/it\\\/\",\"name\":\"Insektenliebe\",\"description\":\"Dein Zuhause f\u00fcr die kleinen Lebewesen\",\"publisher\":{\"@id\":\"https:\\\/\\\/insektenliebe.com\\\/it\\\/#organization\"},\"potentialAction\":[{\"@type\":\"SearchAction\",\"target\":{\"@type\":\"EntryPoint\",\"urlTemplate\":\"https:\\\/\\\/insektenliebe.com\\\/it\\\/?s={search_term_string}\"},\"query-input\":{\"@type\":\"PropertyValueSpecification\",\"valueRequired\":true,\"valueName\":\"search_term_string\"}}],\"inLanguage\":\"it-IT\"},{\"@type\":\"Organization\",\"@id\":\"https:\\\/\\\/insektenliebe.com\\\/it\\\/#organization\",\"name\":\"Insektenliebe\",\"url\":\"https:\\\/\\\/insektenliebe.com\\\/it\\\/\",\"logo\":{\"@type\":\"ImageObject\",\"inLanguage\":\"it-IT\",\"@id\":\"https:\\\/\\\/insektenliebe.com\\\/it\\\/#\\\/schema\\\/logo\\\/image\\\/\",\"url\":\"https:\\\/\\\/insektenliebe.com\\\/wp-content\\\/uploads\\\/2025\\\/03\\\/logo-white.png\",\"contentUrl\":\"https:\\\/\\\/insektenliebe.com\\\/wp-content\\\/uploads\\\/2025\\\/03\\\/logo-white.png\",\"width\":288,\"height\":188,\"caption\":\"Insektenliebe\"},\"image\":{\"@id\":\"https:\\\/\\\/insektenliebe.com\\\/it\\\/#\\\/schema\\\/logo\\\/image\\\/\"}}]}<\/script>\n<!-- \/ Yoast SEO plugin. -->","yoast_head_json":{"title":"Muschio di renna - Insektenliebe","description":"Acquista il muschio di renna a basso costo direttamente online. Il nascondiglio naturale perfetto e la decorazione del terrario. Il cibo perfetto per i primi decompositori.","robots":{"index":"index","follow":"follow","max-snippet":"max-snippet:-1","max-image-preview":"max-image-preview:large","max-video-preview":"max-video-preview:-1"},"canonical":"https:\/\/insektenliebe.com\/it\/shop\/prodotto\/muschio-di-renna\/","og_locale":"it_IT","og_type":"article","og_title":"Muschio di renna - Insektenliebe","og_description":"Acquista il muschio di renna a basso costo direttamente online. Il nascondiglio naturale perfetto e la decorazione del terrario. Il cibo perfetto per i primi decompositori.","og_url":"https:\/\/insektenliebe.com\/it\/shop\/prodotto\/muschio-di-renna\/","og_site_name":"Insektenliebe","article_modified_time":"2026-03-08T16:15:31+00:00","og_image":[{"width":820,"height":820,"url":"https:\/\/insektenliebe.com\/wp-content\/uploads\/2025\/05\/Rentiermoos-1-2.jpg","type":"image\/jpeg"}],"twitter_card":"summary_large_image","twitter_misc":{"Tempo di lettura stimato":"2 minuto"},"schema":{"@context":"https:\/\/schema.org","@graph":[{"@type":"WebPage","@id":"https:\/\/insektenliebe.com\/it\/shop\/prodotto\/muschio-di-renna\/","url":"https:\/\/insektenliebe.com\/it\/shop\/prodotto\/muschio-di-renna\/","name":"Muschio di renna - Insektenliebe","isPartOf":{"@id":"https:\/\/insektenliebe.com\/it\/#website"},"primaryImageOfPage":{"@id":"https:\/\/insektenliebe.com\/it\/shop\/prodotto\/muschio-di-renna\/#primaryimage"},"image":{"@id":"https:\/\/insektenliebe.com\/it\/shop\/prodotto\/muschio-di-renna\/#primaryimage"},"thumbnailUrl":"https:\/\/insektenliebe.com\/wp-content\/uploads\/2025\/05\/Rentiermoos-1-2.jpg","datePublished":"2024-04-16T15:25:00+00:00","dateModified":"2026-03-08T16:15:31+00:00","description":"Acquista il muschio di renna a basso costo direttamente online. Il nascondiglio naturale perfetto e la decorazione del terrario. Il cibo perfetto per i primi decompositori.","breadcrumb":{"@id":"https:\/\/insektenliebe.com\/it\/shop\/prodotto\/muschio-di-renna\/#breadcrumb"},"inLanguage":"it-IT","potentialAction":[{"@type":"ReadAction","target":["https:\/\/insektenliebe.com\/it\/shop\/prodotto\/muschio-di-renna\/"]}]},{"@type":"ImageObject","inLanguage":"it-IT","@id":"https:\/\/insektenliebe.com\/it\/shop\/prodotto\/muschio-di-renna\/#primaryimage","url":"https:\/\/insektenliebe.com\/wp-content\/uploads\/2025\/05\/Rentiermoos-1-2.jpg","contentUrl":"https:\/\/insektenliebe.com\/wp-content\/uploads\/2025\/05\/Rentiermoos-1-2.jpg","width":820,"height":820,"caption":"Muschio di renna-1-2.jpg"},{"@type":"BreadcrumbList","@id":"https:\/\/insektenliebe.com\/it\/shop\/prodotto\/muschio-di-renna\/#breadcrumb","itemListElement":[{"@type":"ListItem","position":1,"name":"Startseite","item":"https:\/\/insektenliebe.com\/it\/"},{"@type":"ListItem","position":2,"name":"Negozio","item":"https:\/\/insektenliebe.com\/it\/negozio\/"},{"@type":"ListItem","position":3,"name":"Muschio di renna"}]},{"@type":"WebSite","@id":"https:\/\/insektenliebe.com\/it\/#website","url":"https:\/\/insektenliebe.com\/it\/","name":"Insektenliebe","description":"Dein Zuhause f\u00fcr die kleinen Lebewesen","publisher":{"@id":"https:\/\/insektenliebe.com\/it\/#organization"},"potentialAction":[{"@type":"SearchAction","target":{"@type":"EntryPoint","urlTemplate":"https:\/\/insektenliebe.com\/it\/?s={search_term_string}"},"query-input":{"@type":"PropertyValueSpecification","valueRequired":true,"valueName":"search_term_string"}}],"inLanguage":"it-IT"},{"@type":"Organization","@id":"https:\/\/insektenliebe.com\/it\/#organization","name":"Insektenliebe","url":"https:\/\/insektenliebe.com\/it\/","logo":{"@type":"ImageObject","inLanguage":"it-IT","@id":"https:\/\/insektenliebe.com\/it\/#\/schema\/logo\/image\/","url":"https:\/\/insektenliebe.com\/wp-content\/uploads\/2025\/03\/logo-white.png","contentUrl":"https:\/\/insektenliebe.com\/wp-content\/uploads\/2025\/03\/logo-white.png","width":288,"height":188,"caption":"Insektenliebe"},"image":{"@id":"https:\/\/insektenliebe.com\/it\/#\/schema\/logo\/image\/"}}]}},"_links":{"self":[{"href":"https:\/\/insektenliebe.com\/it\/wp-json\/wp\/v2\/product\/186856","targetHints":{"allow":["GET"]}}],"collection":[{"href":"https:\/\/insektenliebe.com\/it\/wp-json\/wp\/v2\/product"}],"about":[{"href":"https:\/\/insektenliebe.com\/it\/wp-json\/wp\/v2\/types\/product"}],"wp:featuredmedia":[{"embeddable":true,"href":"https:\/\/insektenliebe.com\/it\/wp-json\/wp\/v2\/media\/186858"}],"wp:attachment":[{"href":"https:\/\/insektenliebe.com\/it\/wp-json\/wp\/v2\/media?parent=186856"}],"wp:term":[{"taxonomy":"product-supplier","embeddable":true,"href":"https:\/\/insektenliebe.com\/it\/wp-json\/wp\/v2\/product-supplier?post=186856"},{"taxonomy":"product_brand","embeddable":true,"href":"https:\/\/insektenliebe.com\/it\/wp-json\/wp\/v2\/product_brand?post=186856"},{"taxonomy":"product_cat","embeddable":true,"href":"https:\/\/insektenliebe.com\/it\/wp-json\/wp\/v2\/product_cat?post=186856"},{"taxonomy":"product_tag","embeddable":true,"href":"https:\/\/insektenliebe.com\/it\/wp-json\/wp\/v2\/product_tag?post=186856"},{"taxonomy":"lce-checkout-addons","embeddable":true,"href":"https:\/\/insektenliebe.com\/it\/wp-json\/wp\/v2\/lce-checkout-addons?post=186856"}],"curies":[{"name":"wp","href":"https:\/\/api.w.org\/{rel}","templated":true}]}}