{"id":185810,"date":"2021-05-20T10:54:44","date_gmt":"2021-05-20T08:54:44","guid":{"rendered":"https:\/\/insektenliebe.com\/shop\/produkt\/vermiculite-per-hobby\/"},"modified":"2026-03-05T18:23:01","modified_gmt":"2026-03-05T17:23:01","slug":"vermiculite-per-hobby","status":"publish","type":"product","link":"https:\/\/insektenliebe.com\/it\/shop\/prodotto\/vermiculite-per-hobby\/","title":{"rendered":"Vermiculite per hobby"},"content":{"rendered":"<h3><span class=\"s1\" style=\"color: #99cc33;\">Vermiculite Hobby - Il substrato di riproduzione affidabile per le uova di rettile<\/span><\/h3>\n<p class=\"p1\"><strong><span class=\"s1\">Vermiculite Hobby<\/span><\/strong><span class=\"s2\"> \u00e8 un substrato di allevamento di provata efficacia per <\/span><span class=\"s1\">incubazione di uova di rettile<\/span><span class=\"s2\">. Favorisce lo sviluppo stabile delle uova perch\u00e9 immagazzina l&#8217;umidit\u00e0 e allo stesso tempo consente una buona ventilazione. La giusta umidit\u00e0 del substrato gioca un ruolo decisivo per il successo della riproduzione, soprattutto durante il periodo di incubazione. <\/span><\/p>\n<p class=\"p1\"><span class=\"s2\">Molte uova di rettile, soprattutto <\/span><span class=\"s1\">uova dal guscio morbido<\/span><span class=\"s2\">assorbono grandi quantit\u00e0 di umidit\u00e0 durante l&#8217;incubazione. Il substrato di allevamento deve quindi immagazzinare l&#8217;acqua in modo affidabile e rilasciarla nuovamente in modo controllato. La vermiculite svolge proprio questo compito in modo particolarmente affidabile.  <\/span><\/p>\n<p class=\"p1\"><span class=\"s2\">L&#8217;umidit\u00e0 <\/span><span class=\"s1\">umidit\u00e0 nell&#8217;incubatrice<\/span><span class=\"s2\">  pu\u00f2 essere facilmente regolata dalla quantit\u00e0 di acqua aggiunta. Allo stesso tempo, anche la granulometria della vermiculite influenza le propriet\u00e0 del substrato. <\/span><\/p>\n<p class=\"p1\"><span class=\"s1\">Vermiculite a grana fine<\/span><span class=\"s2\">  ha una maggiore capacit\u00e0 di trattenere l&#8217;acqua. Inoltre aderisce maggiormente alle uova. Questo lo rende particolarmente adatto per    <\/span><span class=\"s1\">uova pi\u00f9 piccole o dal guscio morbido<\/span><span class=\"s2\">che assorbono pi\u00f9 umidit\u00e0 durante l&#8217;incubazione.<\/span><\/p>\n<p class=\"p1\"><span class=\"s1\">Vermiculite a grana grossa<\/span><span class=\"s2\">  contiene pi\u00f9 pori pieni d&#8217;aria. Questo migliora la   <\/span><span class=\"s1\">Lo scambio di gas nel substrato di allevamento<\/span><span class=\"s2\">che \u00e8 particolarmente importante per <\/span><span class=\"s1\">uova pi\u00f9 grandi o con il guscio duro<\/span><span class=\"s2\"> \u00e8 importante.<\/span><\/p>\n<p class=\"p1\"><span class=\"s2\">Durante il periodo di incubazione, devi sostituire regolarmente l&#8217;acqua evaporata. In questo modo si mantiene costante l&#8217;umidit\u00e0 nel substrato di incubazione. Per ottenere risultati ottimali, si consiglia inoltre di inserire in ogni contenitore di incubazione solo un numero di uova pari al numero di esemplari.    <\/span><span class=\"s1\">met\u00e0 del peso dell&#8217;acqua<\/span><span class=\"s2\"> dell&#8217;acqua.<\/span><\/p>\n<p class=\"p1\"><span class=\"s2\">Anche l <\/span><span class=\"s1\">l&#8217;umidit\u00e0 nell&#8217;incubatrice<\/span><span class=\"s2\">  gioca un ruolo importante. Per le uova a guscio duro, l&#8217;umidit\u00e0 relativa non deve scendere al di sotto di   <\/span><span class=\"s1\">70 %<\/span><span class=\"s2\">  lavandino. Le uova dal guscio morbido richiedono un&#8217;umidit\u00e0 di almeno   <\/span><span class=\"s1\">90 %<\/span><span class=\"s2\">.<\/span><\/p>\n<p class=\"p1\"><span class=\"s2\">Oltre a regolare l&#8217;umidit\u00e0, la vermiculite stabilizza anche la posizione delle uova. In questo modo si evita che le delicate uova si muovano avanti e indietro nell&#8217;incubatrice. In questo modo le uova rimangono al sicuro per tutta la fase di incubazione.  <\/span><\/p>\n<p class=\"p1\"><span class=\"s2\">Con <\/span><strong><span class=\"s1\">Vermiculite Hobby<\/span><\/strong><span class=\"s2\"> ottieni un substrato di allevamento affidabile e di alta qualit\u00e0 che fornisce le condizioni ottimali per l&#8217;incubazione e l&#8217;allevamento di successo dei rettili. <\/span><span class=\"s1\">incubazione e per un allevamento di successo dei rettili.<\/span><span class=\"s2\"> rettili.<\/span><\/p>\n<p><strong>Esecuzione:<\/strong><\/p>\n<p class=\"title4\"><strong>Vermiculite per hobby \u00d80-4 mm: <\/strong>Contenuto 4 litri. Substrato per l&#8217;incubazione delle uova di rettile. Granulometria fine da 0 a 4 mm con un potenziale idrico maggiore, pi\u00f9 vicino alle uova. Consigliato per uova piccole e dal guscio morbido.  <\/p>\n<p><strong>Vermiculite per hobby \u00d83-6 mm: <\/strong>Contenuto 4 litri. Substrato per l&#8217;incubazione delle uova di rettile. Granulometria grossolana da 3 a 6 mm con un migliore scambio di gas grazie ai pori pi\u00f9 pieni d&#8217;aria. Consigliato per uova grandi e dal guscio duro.  <\/p>\n","protected":false},"excerpt":{"rendered":"<p>Vermiculite Hobby - Il substrato di riproduzione affidabile per le uova di rettile Vermiculite Hobby \u00e8 un substrato di allevamento di provata efficacia per incubazione di uova di rettile. Favorisce lo sviluppo stabile delle uova perch\u00e9 immagazzina l&#8217;umidit\u00e0 e allo stesso tempo consente una buona ventilazione. La giusta umidit\u00e0 del substrato gioca un ruolo decisivo [&hellip;]<\/p>\n","protected":false},"featured_media":185811,"template":"","meta":{"_acf_changed":false},"product-supplier":[2555],"product_brand":[2739],"product_cat":[2894],"product_tag":[],"lce-checkout-addons":[],"class_list":{"0":"post-185810","1":"product","2":"type-product","3":"status-publish","4":"has-post-thumbnail","6":"product_brand-hobby-terraristica","7":"product_cat-substrati-e-muschi","8":"product_shipping_class-equipment-shipping","10":"first","11":"instock","12":"sale","13":"taxable","14":"shipping-taxable","15":"purchasable","16":"product-type-variable"},"acf":[],"yoast_head":"<!-- This site is optimized with the Yoast SEO plugin v27.3 - https:\/\/yoast.com\/product\/yoast-seo-wordpress\/ -->\n<title>Vermiculite per hobby - Insektenliebe<\/title>\n<meta name=\"description\" content=\"Acquista la Vermiculite Hobby a basso costo direttamente online. Substrato di riproduzione di alta qualit\u00e0 per un allevamento di successo con due diverse granulometrie.\" \/>\n<meta name=\"robots\" content=\"index, follow, max-snippet:-1, max-image-preview:large, max-video-preview:-1\" \/>\n<link rel=\"canonical\" href=\"https:\/\/insektenliebe.com\/it\/shop\/prodotto\/vermiculite-per-hobby\/\" \/>\n<meta property=\"og:locale\" content=\"it_IT\" \/>\n<meta property=\"og:type\" content=\"article\" \/>\n<meta property=\"og:title\" content=\"Vermiculite per hobby - Insektenliebe\" \/>\n<meta property=\"og:description\" content=\"Acquista la Vermiculite Hobby a basso costo direttamente online. Substrato di riproduzione di alta qualit\u00e0 per un allevamento di successo con due diverse granulometrie.\" \/>\n<meta property=\"og:url\" content=\"https:\/\/insektenliebe.com\/it\/shop\/prodotto\/vermiculite-per-hobby\/\" \/>\n<meta property=\"og:site_name\" content=\"Insektenliebe\" \/>\n<meta property=\"article:modified_time\" content=\"2026-03-05T17:23:01+00:00\" \/>\n<meta property=\"og:image\" content=\"https:\/\/insektenliebe.com\/wp-content\/uploads\/2025\/05\/Hobby-Vermiculit-3-6-mm-Beutel-2.jpg\" \/>\n\t<meta property=\"og:image:width\" content=\"820\" \/>\n\t<meta property=\"og:image:height\" content=\"820\" \/>\n\t<meta property=\"og:image:type\" content=\"image\/jpeg\" \/>\n<meta name=\"twitter:card\" content=\"summary_large_image\" \/>\n<meta name=\"twitter:label1\" content=\"Tempo di lettura stimato\" \/>\n\t<meta name=\"twitter:data1\" content=\"2 minuto\" \/>\n<script type=\"application\/ld+json\" class=\"yoast-schema-graph\">{\"@context\":\"https:\\\/\\\/schema.org\",\"@graph\":[{\"@type\":\"WebPage\",\"@id\":\"https:\\\/\\\/insektenliebe.com\\\/it\\\/shop\\\/prodotto\\\/vermiculite-per-hobby\\\/\",\"url\":\"https:\\\/\\\/insektenliebe.com\\\/it\\\/shop\\\/prodotto\\\/vermiculite-per-hobby\\\/\",\"name\":\"Vermiculite per hobby - Insektenliebe\",\"isPartOf\":{\"@id\":\"https:\\\/\\\/insektenliebe.com\\\/it\\\/#website\"},\"primaryImageOfPage\":{\"@id\":\"https:\\\/\\\/insektenliebe.com\\\/it\\\/shop\\\/prodotto\\\/vermiculite-per-hobby\\\/#primaryimage\"},\"image\":{\"@id\":\"https:\\\/\\\/insektenliebe.com\\\/it\\\/shop\\\/prodotto\\\/vermiculite-per-hobby\\\/#primaryimage\"},\"thumbnailUrl\":\"https:\\\/\\\/insektenliebe.com\\\/wp-content\\\/uploads\\\/2025\\\/05\\\/Hobby-Vermiculit-3-6-mm-Beutel-2.jpg\",\"datePublished\":\"2021-05-20T08:54:44+00:00\",\"dateModified\":\"2026-03-05T17:23:01+00:00\",\"description\":\"Acquista la Vermiculite Hobby a basso costo direttamente online. Substrato di riproduzione di alta qualit\u00e0 per un allevamento di successo con due diverse granulometrie.\",\"breadcrumb\":{\"@id\":\"https:\\\/\\\/insektenliebe.com\\\/it\\\/shop\\\/prodotto\\\/vermiculite-per-hobby\\\/#breadcrumb\"},\"inLanguage\":\"it-IT\",\"potentialAction\":[{\"@type\":\"ReadAction\",\"target\":[\"https:\\\/\\\/insektenliebe.com\\\/it\\\/shop\\\/prodotto\\\/vermiculite-per-hobby\\\/\"]}]},{\"@type\":\"ImageObject\",\"inLanguage\":\"it-IT\",\"@id\":\"https:\\\/\\\/insektenliebe.com\\\/it\\\/shop\\\/prodotto\\\/vermiculite-per-hobby\\\/#primaryimage\",\"url\":\"https:\\\/\\\/insektenliebe.com\\\/wp-content\\\/uploads\\\/2025\\\/05\\\/Hobby-Vermiculit-3-6-mm-Beutel-2.jpg\",\"contentUrl\":\"https:\\\/\\\/insektenliebe.com\\\/wp-content\\\/uploads\\\/2025\\\/05\\\/Hobby-Vermiculit-3-6-mm-Beutel-2.jpg\",\"width\":820,\"height\":820,\"caption\":\"Hobby-vermiculite-3-6-mm-bag-2.jpg\"},{\"@type\":\"BreadcrumbList\",\"@id\":\"https:\\\/\\\/insektenliebe.com\\\/it\\\/shop\\\/prodotto\\\/vermiculite-per-hobby\\\/#breadcrumb\",\"itemListElement\":[{\"@type\":\"ListItem\",\"position\":1,\"name\":\"Startseite\",\"item\":\"https:\\\/\\\/insektenliebe.com\\\/it\\\/\"},{\"@type\":\"ListItem\",\"position\":2,\"name\":\"Negozio\",\"item\":\"https:\\\/\\\/insektenliebe.com\\\/it\\\/negozio\\\/\"},{\"@type\":\"ListItem\",\"position\":3,\"name\":\"Vermiculite per hobby\"}]},{\"@type\":\"WebSite\",\"@id\":\"https:\\\/\\\/insektenliebe.com\\\/it\\\/#website\",\"url\":\"https:\\\/\\\/insektenliebe.com\\\/it\\\/\",\"name\":\"Insektenliebe\",\"description\":\"Dein Zuhause f\u00fcr die kleinen Lebewesen\",\"publisher\":{\"@id\":\"https:\\\/\\\/insektenliebe.com\\\/it\\\/#organization\"},\"potentialAction\":[{\"@type\":\"SearchAction\",\"target\":{\"@type\":\"EntryPoint\",\"urlTemplate\":\"https:\\\/\\\/insektenliebe.com\\\/it\\\/?s={search_term_string}\"},\"query-input\":{\"@type\":\"PropertyValueSpecification\",\"valueRequired\":true,\"valueName\":\"search_term_string\"}}],\"inLanguage\":\"it-IT\"},{\"@type\":\"Organization\",\"@id\":\"https:\\\/\\\/insektenliebe.com\\\/it\\\/#organization\",\"name\":\"Insektenliebe\",\"url\":\"https:\\\/\\\/insektenliebe.com\\\/it\\\/\",\"logo\":{\"@type\":\"ImageObject\",\"inLanguage\":\"it-IT\",\"@id\":\"https:\\\/\\\/insektenliebe.com\\\/it\\\/#\\\/schema\\\/logo\\\/image\\\/\",\"url\":\"https:\\\/\\\/insektenliebe.com\\\/wp-content\\\/uploads\\\/2025\\\/03\\\/logo-white.png\",\"contentUrl\":\"https:\\\/\\\/insektenliebe.com\\\/wp-content\\\/uploads\\\/2025\\\/03\\\/logo-white.png\",\"width\":288,\"height\":188,\"caption\":\"Insektenliebe\"},\"image\":{\"@id\":\"https:\\\/\\\/insektenliebe.com\\\/it\\\/#\\\/schema\\\/logo\\\/image\\\/\"}}]}<\/script>\n<!-- \/ Yoast SEO plugin. -->","yoast_head_json":{"title":"Vermiculite per hobby - Insektenliebe","description":"Acquista la Vermiculite Hobby a basso costo direttamente online. Substrato di riproduzione di alta qualit\u00e0 per un allevamento di successo con due diverse granulometrie.","robots":{"index":"index","follow":"follow","max-snippet":"max-snippet:-1","max-image-preview":"max-image-preview:large","max-video-preview":"max-video-preview:-1"},"canonical":"https:\/\/insektenliebe.com\/it\/shop\/prodotto\/vermiculite-per-hobby\/","og_locale":"it_IT","og_type":"article","og_title":"Vermiculite per hobby - Insektenliebe","og_description":"Acquista la Vermiculite Hobby a basso costo direttamente online. Substrato di riproduzione di alta qualit\u00e0 per un allevamento di successo con due diverse granulometrie.","og_url":"https:\/\/insektenliebe.com\/it\/shop\/prodotto\/vermiculite-per-hobby\/","og_site_name":"Insektenliebe","article_modified_time":"2026-03-05T17:23:01+00:00","og_image":[{"width":820,"height":820,"url":"https:\/\/insektenliebe.com\/wp-content\/uploads\/2025\/05\/Hobby-Vermiculit-3-6-mm-Beutel-2.jpg","type":"image\/jpeg"}],"twitter_card":"summary_large_image","twitter_misc":{"Tempo di lettura stimato":"2 minuto"},"schema":{"@context":"https:\/\/schema.org","@graph":[{"@type":"WebPage","@id":"https:\/\/insektenliebe.com\/it\/shop\/prodotto\/vermiculite-per-hobby\/","url":"https:\/\/insektenliebe.com\/it\/shop\/prodotto\/vermiculite-per-hobby\/","name":"Vermiculite per hobby - Insektenliebe","isPartOf":{"@id":"https:\/\/insektenliebe.com\/it\/#website"},"primaryImageOfPage":{"@id":"https:\/\/insektenliebe.com\/it\/shop\/prodotto\/vermiculite-per-hobby\/#primaryimage"},"image":{"@id":"https:\/\/insektenliebe.com\/it\/shop\/prodotto\/vermiculite-per-hobby\/#primaryimage"},"thumbnailUrl":"https:\/\/insektenliebe.com\/wp-content\/uploads\/2025\/05\/Hobby-Vermiculit-3-6-mm-Beutel-2.jpg","datePublished":"2021-05-20T08:54:44+00:00","dateModified":"2026-03-05T17:23:01+00:00","description":"Acquista la Vermiculite Hobby a basso costo direttamente online. Substrato di riproduzione di alta qualit\u00e0 per un allevamento di successo con due diverse granulometrie.","breadcrumb":{"@id":"https:\/\/insektenliebe.com\/it\/shop\/prodotto\/vermiculite-per-hobby\/#breadcrumb"},"inLanguage":"it-IT","potentialAction":[{"@type":"ReadAction","target":["https:\/\/insektenliebe.com\/it\/shop\/prodotto\/vermiculite-per-hobby\/"]}]},{"@type":"ImageObject","inLanguage":"it-IT","@id":"https:\/\/insektenliebe.com\/it\/shop\/prodotto\/vermiculite-per-hobby\/#primaryimage","url":"https:\/\/insektenliebe.com\/wp-content\/uploads\/2025\/05\/Hobby-Vermiculit-3-6-mm-Beutel-2.jpg","contentUrl":"https:\/\/insektenliebe.com\/wp-content\/uploads\/2025\/05\/Hobby-Vermiculit-3-6-mm-Beutel-2.jpg","width":820,"height":820,"caption":"Hobby-vermiculite-3-6-mm-bag-2.jpg"},{"@type":"BreadcrumbList","@id":"https:\/\/insektenliebe.com\/it\/shop\/prodotto\/vermiculite-per-hobby\/#breadcrumb","itemListElement":[{"@type":"ListItem","position":1,"name":"Startseite","item":"https:\/\/insektenliebe.com\/it\/"},{"@type":"ListItem","position":2,"name":"Negozio","item":"https:\/\/insektenliebe.com\/it\/negozio\/"},{"@type":"ListItem","position":3,"name":"Vermiculite per hobby"}]},{"@type":"WebSite","@id":"https:\/\/insektenliebe.com\/it\/#website","url":"https:\/\/insektenliebe.com\/it\/","name":"Insektenliebe","description":"Dein Zuhause f\u00fcr die kleinen Lebewesen","publisher":{"@id":"https:\/\/insektenliebe.com\/it\/#organization"},"potentialAction":[{"@type":"SearchAction","target":{"@type":"EntryPoint","urlTemplate":"https:\/\/insektenliebe.com\/it\/?s={search_term_string}"},"query-input":{"@type":"PropertyValueSpecification","valueRequired":true,"valueName":"search_term_string"}}],"inLanguage":"it-IT"},{"@type":"Organization","@id":"https:\/\/insektenliebe.com\/it\/#organization","name":"Insektenliebe","url":"https:\/\/insektenliebe.com\/it\/","logo":{"@type":"ImageObject","inLanguage":"it-IT","@id":"https:\/\/insektenliebe.com\/it\/#\/schema\/logo\/image\/","url":"https:\/\/insektenliebe.com\/wp-content\/uploads\/2025\/03\/logo-white.png","contentUrl":"https:\/\/insektenliebe.com\/wp-content\/uploads\/2025\/03\/logo-white.png","width":288,"height":188,"caption":"Insektenliebe"},"image":{"@id":"https:\/\/insektenliebe.com\/it\/#\/schema\/logo\/image\/"}}]}},"_links":{"self":[{"href":"https:\/\/insektenliebe.com\/it\/wp-json\/wp\/v2\/product\/185810","targetHints":{"allow":["GET"]}}],"collection":[{"href":"https:\/\/insektenliebe.com\/it\/wp-json\/wp\/v2\/product"}],"about":[{"href":"https:\/\/insektenliebe.com\/it\/wp-json\/wp\/v2\/types\/product"}],"wp:featuredmedia":[{"embeddable":true,"href":"https:\/\/insektenliebe.com\/it\/wp-json\/wp\/v2\/media\/185811"}],"wp:attachment":[{"href":"https:\/\/insektenliebe.com\/it\/wp-json\/wp\/v2\/media?parent=185810"}],"wp:term":[{"taxonomy":"product-supplier","embeddable":true,"href":"https:\/\/insektenliebe.com\/it\/wp-json\/wp\/v2\/product-supplier?post=185810"},{"taxonomy":"product_brand","embeddable":true,"href":"https:\/\/insektenliebe.com\/it\/wp-json\/wp\/v2\/product_brand?post=185810"},{"taxonomy":"product_cat","embeddable":true,"href":"https:\/\/insektenliebe.com\/it\/wp-json\/wp\/v2\/product_cat?post=185810"},{"taxonomy":"product_tag","embeddable":true,"href":"https:\/\/insektenliebe.com\/it\/wp-json\/wp\/v2\/product_tag?post=185810"},{"taxonomy":"lce-checkout-addons","embeddable":true,"href":"https:\/\/insektenliebe.com\/it\/wp-json\/wp\/v2\/lce-checkout-addons?post=185810"}],"curies":[{"name":"wp","href":"https:\/\/api.w.org\/{rel}","templated":true}]}}