{"id":185802,"date":"2023-03-08T15:48:52","date_gmt":"2023-03-08T13:48:52","guid":{"rendered":"https:\/\/insektenliebe.com\/shop\/produkt\/eresus-walckenaeri\/"},"modified":"2026-04-06T05:36:10","modified_gmt":"2026-04-06T03:36:10","slug":"eresus-walckenaeri","status":"publish","type":"product","link":"https:\/\/insektenliebe.com\/it\/shop\/prodotto\/eresus-walckenaeri\/","title":{"rendered":"Eresus walckenaeri"},"content":{"rendered":"<h3 class=\"p1\"><span style=\"color: #99cc33\"><strong><span class=\"s1\">Tranquillo e senza pericoli: perch\u00e9 l&#8217;Eresus walckenaeri \u00e8 interessante anche per i principianti<\/span><\/strong><\/span><\/h3>\n<div>\n<p>Il ragno tubo greco, noto anche come <strong>Eresus walckenaeri<\/strong>, \u00e8 un animale incredibilmente affascinante e simpatico che sta guadagnando sempre pi\u00f9 riconoscimento e popolarit\u00e0 tra gli appassionati di ragni. Ha una struttura e un aspetto unici che lo rendono un&#8217;aggiunta speciale a qualsiasi terrario. <\/p>\n<p>Le femmine hanno un colore di base grigio-nero poco appariscente. I maschi, invece, sono di un colore arancione brillante e solo le zampe e la testa sono nere. A causa della loro zona d&#8217;origine in Grecia, richiedono un habitat pi\u00f9 secco e caldo con una temperatura di 20-28\u00b0C. La flessibilit\u00e0 delle temperature rende il ragno tubo greco una specie facile da gestire sia per i principianti che per gli esperti. Che si tratti di una temperatura di 20\u00b0C o di una pi\u00f9 calda di 28\u00b0C, l&#8217;allevamento non rappresenta un problema per gli animali. Questo ti permette di concentrarti completamente sulla progettazione del terrario e sull&#8217;alimentazione.     <\/p>\n<p>Il ragno tubiforme ricava il suo fabbisogno di liquidi principalmente dagli animali di cui si nutre. Tuttavia, \u00e8 consigliabile inumidire di tanto in tanto il pavimento del terrario per garantire un certo livello di umidit\u00e0. Tuttavia, questa operazione deve essere fatta con parsimonia perch\u00e9 il ragno tubiforme preferisce un habitat piuttosto asciutto.  <\/p>\n<\/div>\n<div>\n<p>L<strong>&#8216;Eresus walckenaeri<\/strong> \u00e8 una specie condizionatamente comune che pu\u00f2 essere tenuta in gruppo purch\u00e9 ci sia spazio sufficiente e cibo a disposizione. Tuttavia, si consiglia di separarli una volta raggiunta una dimensione di circa 1 cm. <\/p>\n<p>Una caratteristica particolare dell&#8217;<strong>Eresus walckenaeri<\/strong> greca \u00e8 che le femmine spesso muoiono a causa della matrifagia dopo la cura del bozzolo e la schiusa dei piccoli. Per questo motivo, spesso costruiscono un solo bozzolo dal quale si schiudono molti giovani ragni. La matrifagia \u00e8 un fenomeno per cui la madre viene mangiata dalla sua prole dopo il parto o la schiusa. Si verifica in alcune specie di ragni, insetti e altri animali e pu\u00f2 avere diverse cause, come l&#8217;ottimizzazione dell&#8217;uso delle risorse o il rafforzamento della prole grazie al cibo supplementare.   <\/p>\n<p>Un terrario di 15 x 15 x 20 cm \u00e8 sufficiente per un animale adulto. La corteccia di sughero e i tubi di sughero sono materiali d&#8217;arredo perfetti per il ragno tubo greco. L <strong>&#8216;Eresus walckenaeri<\/strong> ama utilizzare i tubi di sughero come tana e costruisce la sua tela tubolare anche su pezzi di sughero, pietre strette o fessure di sughero. Anche una radice di fiume pu\u00f2 essere un&#8217;ottima aggiunta e offre ulteriori nascondigli al ragno.  <\/p>\n<p>La Drosophila hydei \u00e8 adatta come cibo all&#8217;inizio. In seguito potrai passare ad animali pi\u00f9 grandi, che dovrebbero avere le stesse dimensioni del ragno. Il ragno tubo arancione mangia questo tipo di animali circa una volta alla settimana, ma smette di mangiare qualche giorno prima e dopo la muta.  <\/p>\n<p><strong>Dimensioni attuali:<br \/>\n<\/strong>Cibo: Drosophila hydei<br \/>\nAlloggiamento: Gli animali vengono inviati in scatole di allevamento perforate<\/p>\n<\/div>\n","protected":false},"excerpt":{"rendered":"<p>Tranquillo e senza pericoli: perch\u00e9 l&#8217;Eresus walckenaeri \u00e8 interessante anche per i principianti Il ragno tubo greco, noto anche come Eresus walckenaeri, \u00e8 un animale incredibilmente affascinante e simpatico che sta guadagnando sempre pi\u00f9 riconoscimento e popolarit\u00e0 tra gli appassionati di ragni. Ha una struttura e un aspetto unici che lo rendono un&#8217;aggiunta speciale a [&hellip;]<\/p>\n","protected":false},"featured_media":184809,"template":"","meta":{"_acf_changed":false},"product-supplier":[],"product_brand":[],"product_cat":[2999,2809],"product_tag":[],"lce-checkout-addons":[2746],"class_list":{"0":"post-185802","1":"product","2":"type-product","3":"status-publish","4":"has-post-thumbnail","6":"product_cat-altri-ragni","7":"product_cat-ragni","8":"product_shipping_class-spedizione-di-animali","9":"pa_herkunft-grecia","10":"pa_kontinent-europa","11":"lce-checkout-addons-imballaggio-invernale","13":"first","14":"outofstock","15":"taxable","16":"shipping-taxable","17":"purchasable","18":"product-type-variable"},"acf":[],"yoast_head":"<!-- This site is optimized with the Yoast SEO Premium plugin v26.8 (Yoast SEO v27.3) - https:\/\/yoast.com\/product\/yoast-seo-premium-wordpress\/ -->\n<title>Eresus walckenaeri - Insektenliebe<\/title>\n<meta name=\"description\" content=\"Acquista a basso costo Eresus walckenaeri direttamente online! Un ragno tubiforme proveniente dalla Grecia molto facile da tenere. Acquista direttamente online!\" \/>\n<meta name=\"robots\" content=\"index, follow, max-snippet:-1, max-image-preview:large, max-video-preview:-1\" \/>\n<link rel=\"canonical\" href=\"https:\/\/insektenliebe.com\/it\/shop\/prodotto\/eresus-walckenaeri\/\" \/>\n<meta property=\"og:locale\" content=\"it_IT\" \/>\n<meta property=\"og:type\" content=\"article\" \/>\n<meta property=\"og:title\" content=\"Eresus walckenaeri\" \/>\n<meta property=\"og:description\" content=\"Acquista a basso costo Eresus walckenaeri direttamente online! Un ragno tubiforme proveniente dalla Grecia molto facile da tenere. Acquista direttamente online!\" \/>\n<meta property=\"og:url\" content=\"https:\/\/insektenliebe.com\/it\/shop\/prodotto\/eresus-walckenaeri\/\" \/>\n<meta property=\"og:site_name\" content=\"Insektenliebe\" \/>\n<meta property=\"article:modified_time\" content=\"2026-04-06T03:36:10+00:00\" \/>\n<meta property=\"og:image\" content=\"https:\/\/insektenliebe.com\/wp-content\/uploads\/2025\/05\/Eresus-walckenaeri-Kork-2.jpg\" \/>\n\t<meta property=\"og:image:width\" content=\"820\" \/>\n\t<meta property=\"og:image:height\" content=\"820\" \/>\n\t<meta property=\"og:image:type\" content=\"image\/jpeg\" \/>\n<meta name=\"twitter:card\" content=\"summary_large_image\" \/>\n<meta name=\"twitter:label1\" content=\"Disponibilit\u00e0\" \/>\n\t<meta name=\"twitter:data1\" content=\"Esaurito\" \/>\n<script type=\"application\/ld+json\" class=\"yoast-schema-graph\">{\"@context\":\"https:\\\/\\\/schema.org\",\"@graph\":[{\"@type\":\"WebPage\",\"@id\":\"https:\\\/\\\/insektenliebe.com\\\/it\\\/shop\\\/prodotto\\\/eresus-walckenaeri\\\/\",\"url\":\"https:\\\/\\\/insektenliebe.com\\\/it\\\/shop\\\/prodotto\\\/eresus-walckenaeri\\\/\",\"name\":\"Eresus walckenaeri - Insektenliebe\",\"isPartOf\":{\"@id\":\"https:\\\/\\\/insektenliebe.com\\\/it\\\/#website\"},\"primaryImageOfPage\":{\"@id\":\"https:\\\/\\\/insektenliebe.com\\\/it\\\/shop\\\/prodotto\\\/eresus-walckenaeri\\\/#primaryimage\"},\"image\":{\"@id\":\"https:\\\/\\\/insektenliebe.com\\\/it\\\/shop\\\/prodotto\\\/eresus-walckenaeri\\\/#primaryimage\"},\"thumbnailUrl\":\"https:\\\/\\\/insektenliebe.com\\\/wp-content\\\/uploads\\\/2025\\\/05\\\/Eresus-walckenaeri-Kork-2.jpg\",\"datePublished\":\"2023-03-08T13:48:52+00:00\",\"dateModified\":\"2026-04-06T03:36:10+00:00\",\"description\":\"Acquista a basso costo Eresus walckenaeri direttamente online! Un ragno tubiforme proveniente dalla Grecia molto facile da tenere. Acquista direttamente online!\",\"breadcrumb\":{\"@id\":\"https:\\\/\\\/insektenliebe.com\\\/it\\\/shop\\\/prodotto\\\/eresus-walckenaeri\\\/#breadcrumb\"},\"inLanguage\":\"it-IT\",\"potentialAction\":[{\"@type\":\"ReadAction\",\"target\":[\"https:\\\/\\\/insektenliebe.com\\\/it\\\/shop\\\/prodotto\\\/eresus-walckenaeri\\\/\"]}]},{\"@type\":\"ImageObject\",\"inLanguage\":\"it-IT\",\"@id\":\"https:\\\/\\\/insektenliebe.com\\\/it\\\/shop\\\/prodotto\\\/eresus-walckenaeri\\\/#primaryimage\",\"url\":\"https:\\\/\\\/insektenliebe.com\\\/wp-content\\\/uploads\\\/2025\\\/05\\\/Eresus-walckenaeri-Kork-2.jpg\",\"contentUrl\":\"https:\\\/\\\/insektenliebe.com\\\/wp-content\\\/uploads\\\/2025\\\/05\\\/Eresus-walckenaeri-Kork-2.jpg\",\"width\":820,\"height\":820,\"caption\":\"Eresus-walckenaeri-sughero-2.jpg\"},{\"@type\":\"BreadcrumbList\",\"@id\":\"https:\\\/\\\/insektenliebe.com\\\/it\\\/shop\\\/prodotto\\\/eresus-walckenaeri\\\/#breadcrumb\",\"itemListElement\":[{\"@type\":\"ListItem\",\"position\":1,\"name\":\"Startseite\",\"item\":\"https:\\\/\\\/insektenliebe.com\\\/it\\\/\"},{\"@type\":\"ListItem\",\"position\":2,\"name\":\"Negozio\",\"item\":\"https:\\\/\\\/insektenliebe.com\\\/it\\\/negozio\\\/\"},{\"@type\":\"ListItem\",\"position\":3,\"name\":\"Eresus walckenaeri\"}]},{\"@type\":\"WebSite\",\"@id\":\"https:\\\/\\\/insektenliebe.com\\\/it\\\/#website\",\"url\":\"https:\\\/\\\/insektenliebe.com\\\/it\\\/\",\"name\":\"Insektenliebe\",\"description\":\"Dein Zuhause f\u00fcr die kleinen Lebewesen\",\"publisher\":{\"@id\":\"https:\\\/\\\/insektenliebe.com\\\/it\\\/#organization\"},\"potentialAction\":[{\"@type\":\"SearchAction\",\"target\":{\"@type\":\"EntryPoint\",\"urlTemplate\":\"https:\\\/\\\/insektenliebe.com\\\/it\\\/?s={search_term_string}\"},\"query-input\":{\"@type\":\"PropertyValueSpecification\",\"valueRequired\":true,\"valueName\":\"search_term_string\"}}],\"inLanguage\":\"it-IT\"},{\"@type\":\"Organization\",\"@id\":\"https:\\\/\\\/insektenliebe.com\\\/it\\\/#organization\",\"name\":\"Insektenliebe\",\"url\":\"https:\\\/\\\/insektenliebe.com\\\/it\\\/\",\"logo\":{\"@type\":\"ImageObject\",\"inLanguage\":\"it-IT\",\"@id\":\"https:\\\/\\\/insektenliebe.com\\\/it\\\/#\\\/schema\\\/logo\\\/image\\\/\",\"url\":\"https:\\\/\\\/insektenliebe.com\\\/wp-content\\\/uploads\\\/2025\\\/03\\\/logo-white.png\",\"contentUrl\":\"https:\\\/\\\/insektenliebe.com\\\/wp-content\\\/uploads\\\/2025\\\/03\\\/logo-white.png\",\"width\":288,\"height\":188,\"caption\":\"Insektenliebe\"},\"image\":{\"@id\":\"https:\\\/\\\/insektenliebe.com\\\/it\\\/#\\\/schema\\\/logo\\\/image\\\/\"}}]}<\/script>\n<meta property=\"og:availability\" content=\"out of stock\" \/>\n<meta property=\"product:availability\" content=\"out of stock\" \/>\n<meta property=\"product:retailer_item_id\" content=\"462\" \/>\n<meta property=\"product:condition\" content=\"new\" \/>\n<!-- \/ Yoast SEO Premium plugin. -->","yoast_head_json":{"title":"Eresus walckenaeri - Insektenliebe","description":"Acquista a basso costo Eresus walckenaeri direttamente online! Un ragno tubiforme proveniente dalla Grecia molto facile da tenere. Acquista direttamente online!","robots":{"index":"index","follow":"follow","max-snippet":"max-snippet:-1","max-image-preview":"max-image-preview:large","max-video-preview":"max-video-preview:-1"},"canonical":"https:\/\/insektenliebe.com\/it\/shop\/prodotto\/eresus-walckenaeri\/","og_locale":"it_IT","og_type":"article","og_title":"Eresus walckenaeri","og_description":"Acquista a basso costo Eresus walckenaeri direttamente online! Un ragno tubiforme proveniente dalla Grecia molto facile da tenere. Acquista direttamente online!","og_url":"https:\/\/insektenliebe.com\/it\/shop\/prodotto\/eresus-walckenaeri\/","og_site_name":"Insektenliebe","article_modified_time":"2026-04-06T03:36:10+00:00","og_image":[{"width":820,"height":820,"url":"https:\/\/insektenliebe.com\/wp-content\/uploads\/2025\/05\/Eresus-walckenaeri-Kork-2.jpg","type":"image\/jpeg"}],"twitter_card":"summary_large_image","twitter_misc":{"Disponibilit\u00e0":"Esaurito"},"schema":{"@context":"https:\/\/schema.org","@graph":[{"@type":"WebPage","@id":"https:\/\/insektenliebe.com\/it\/shop\/prodotto\/eresus-walckenaeri\/","url":"https:\/\/insektenliebe.com\/it\/shop\/prodotto\/eresus-walckenaeri\/","name":"Eresus walckenaeri - Insektenliebe","isPartOf":{"@id":"https:\/\/insektenliebe.com\/it\/#website"},"primaryImageOfPage":{"@id":"https:\/\/insektenliebe.com\/it\/shop\/prodotto\/eresus-walckenaeri\/#primaryimage"},"image":{"@id":"https:\/\/insektenliebe.com\/it\/shop\/prodotto\/eresus-walckenaeri\/#primaryimage"},"thumbnailUrl":"https:\/\/insektenliebe.com\/wp-content\/uploads\/2025\/05\/Eresus-walckenaeri-Kork-2.jpg","datePublished":"2023-03-08T13:48:52+00:00","dateModified":"2026-04-06T03:36:10+00:00","description":"Acquista a basso costo Eresus walckenaeri direttamente online! Un ragno tubiforme proveniente dalla Grecia molto facile da tenere. Acquista direttamente online!","breadcrumb":{"@id":"https:\/\/insektenliebe.com\/it\/shop\/prodotto\/eresus-walckenaeri\/#breadcrumb"},"inLanguage":"it-IT","potentialAction":[{"@type":"ReadAction","target":["https:\/\/insektenliebe.com\/it\/shop\/prodotto\/eresus-walckenaeri\/"]}]},{"@type":"ImageObject","inLanguage":"it-IT","@id":"https:\/\/insektenliebe.com\/it\/shop\/prodotto\/eresus-walckenaeri\/#primaryimage","url":"https:\/\/insektenliebe.com\/wp-content\/uploads\/2025\/05\/Eresus-walckenaeri-Kork-2.jpg","contentUrl":"https:\/\/insektenliebe.com\/wp-content\/uploads\/2025\/05\/Eresus-walckenaeri-Kork-2.jpg","width":820,"height":820,"caption":"Eresus-walckenaeri-sughero-2.jpg"},{"@type":"BreadcrumbList","@id":"https:\/\/insektenliebe.com\/it\/shop\/prodotto\/eresus-walckenaeri\/#breadcrumb","itemListElement":[{"@type":"ListItem","position":1,"name":"Startseite","item":"https:\/\/insektenliebe.com\/it\/"},{"@type":"ListItem","position":2,"name":"Negozio","item":"https:\/\/insektenliebe.com\/it\/negozio\/"},{"@type":"ListItem","position":3,"name":"Eresus walckenaeri"}]},{"@type":"WebSite","@id":"https:\/\/insektenliebe.com\/it\/#website","url":"https:\/\/insektenliebe.com\/it\/","name":"Insektenliebe","description":"Dein Zuhause f\u00fcr die kleinen Lebewesen","publisher":{"@id":"https:\/\/insektenliebe.com\/it\/#organization"},"potentialAction":[{"@type":"SearchAction","target":{"@type":"EntryPoint","urlTemplate":"https:\/\/insektenliebe.com\/it\/?s={search_term_string}"},"query-input":{"@type":"PropertyValueSpecification","valueRequired":true,"valueName":"search_term_string"}}],"inLanguage":"it-IT"},{"@type":"Organization","@id":"https:\/\/insektenliebe.com\/it\/#organization","name":"Insektenliebe","url":"https:\/\/insektenliebe.com\/it\/","logo":{"@type":"ImageObject","inLanguage":"it-IT","@id":"https:\/\/insektenliebe.com\/it\/#\/schema\/logo\/image\/","url":"https:\/\/insektenliebe.com\/wp-content\/uploads\/2025\/03\/logo-white.png","contentUrl":"https:\/\/insektenliebe.com\/wp-content\/uploads\/2025\/03\/logo-white.png","width":288,"height":188,"caption":"Insektenliebe"},"image":{"@id":"https:\/\/insektenliebe.com\/it\/#\/schema\/logo\/image\/"}}]},"og_availability":"out of stock","product_availability":"out of stock","product_retailer_item_id":"462","product_condition":"new"},"_links":{"self":[{"href":"https:\/\/insektenliebe.com\/it\/wp-json\/wp\/v2\/product\/185802","targetHints":{"allow":["GET"]}}],"collection":[{"href":"https:\/\/insektenliebe.com\/it\/wp-json\/wp\/v2\/product"}],"about":[{"href":"https:\/\/insektenliebe.com\/it\/wp-json\/wp\/v2\/types\/product"}],"wp:featuredmedia":[{"embeddable":true,"href":"https:\/\/insektenliebe.com\/it\/wp-json\/wp\/v2\/media\/184809"}],"wp:attachment":[{"href":"https:\/\/insektenliebe.com\/it\/wp-json\/wp\/v2\/media?parent=185802"}],"wp:term":[{"taxonomy":"product-supplier","embeddable":true,"href":"https:\/\/insektenliebe.com\/it\/wp-json\/wp\/v2\/product-supplier?post=185802"},{"taxonomy":"product_brand","embeddable":true,"href":"https:\/\/insektenliebe.com\/it\/wp-json\/wp\/v2\/product_brand?post=185802"},{"taxonomy":"product_cat","embeddable":true,"href":"https:\/\/insektenliebe.com\/it\/wp-json\/wp\/v2\/product_cat?post=185802"},{"taxonomy":"product_tag","embeddable":true,"href":"https:\/\/insektenliebe.com\/it\/wp-json\/wp\/v2\/product_tag?post=185802"},{"taxonomy":"lce-checkout-addons","embeddable":true,"href":"https:\/\/insektenliebe.com\/it\/wp-json\/wp\/v2\/lce-checkout-addons?post=185802"}],"curies":[{"name":"wp","href":"https:\/\/api.w.org\/{rel}","templated":true}]}}