{"id":185748,"date":"2023-09-13T14:46:38","date_gmt":"2023-09-13T12:46:38","guid":{"rendered":"https:\/\/insektenliebe.com\/shop\/produkt\/terrario-reptiplanet\/"},"modified":"2023-09-13T14:46:38","modified_gmt":"2023-09-13T12:46:38","slug":"terrario-reptiplanet","status":"publish","type":"product","link":"https:\/\/insektenliebe.com\/it\/shop\/prodotto\/terrario-reptiplanet\/","title":{"rendered":"Terrario ReptiPlanet"},"content":{"rendered":"<h3><span style=\"color: #99cc33\">Terrario ReptiPlanet - La casa per i tuoi animali esotici:<\/span><\/h3>\n<p>Immagina di poter portare un pezzo di natura incontaminata direttamente a casa tua e di offrire agli animali esotici una casa sicura e confortevole. Il <strong>terrario ReptiPlanet<\/strong> rende possibile proprio questo. Che tu sia alle prime armi con il mondo dei terrari o che tu sia gi\u00e0 un esperto, questo terrario soddisfa tutte le tue esigenze.  <\/p>\n<p>Questo <strong>terrario<\/strong> di alta qualit\u00e0 di <strong>ReptiPlanet<\/strong> \u00e8 ideale per una grande variet\u00e0 di animali. Tarantole, scorpioni, millepiedi e isopodi che vivono al suolo si sentono particolarmente a casa. Ma non solo: il design e la funzionalit\u00e0 sono stati studiati per offrire una casa accogliente a molti altri abitanti esotici.  <\/p>\n<p>Una caratteristica speciale \u00e8 il coperchio in garza, che pu\u00f2 essere facilmente aperto. Ti piacer\u00e0 il pratico sportello di alimentazione, che ti permette di nutrire i tuoi animali in modo rapido e senza stress o di spruzzare l&#8217;interno del terrario. Questo riduce al minimo il disturbo e mantiene le condizioni ottimali per i tuoi piccoli animali.  <\/p>\n<p>Grazie allo speciale design del <strong>terrario ReptiPlanet<\/strong>, che non richiede botole o porte scorrevoli, puoi personalizzare l&#8217;altezza del substrato in base alle tue esigenze. Le specie scavatrici traggono enormi vantaggi da questa libert\u00e0. Hanno la possibilit\u00e0 di scavare pi\u00f9 a fondo nel substrato e possono quindi soddisfare meglio il loro istinto di scavare.  <\/p>\n<p>Anche gli animali che si muovono principalmente sul substrato o al suo interno traggono vantaggio da questo design aperto. Permette loro di comportarsi in modo del tutto naturale, il che non solo aumenta il loro benessere. Per te, questo apre la finestra su un mondo affascinante in cui puoi osservare da vicino il comportamento naturale dei tuoi animali.  <\/p>\n<p>Ma il design sofisticato non si ferma qui. Grazie ai piedini su cui poggia il <strong>terrario ReptiPlanet<\/strong>, puoi facilmente posizionare un tappetino riscaldante al di sotto. In questo modo potrai controllare con precisione la temperatura in base alle esigenze dei tuoi animali e creare un ambiente ideale.  <\/p>\n<p>In sintesi, il <strong>terrario ReptiPlanet<\/strong> non solo ti offre un modo visivamente accattivante di presentare i tuoi animali esotici, ma anche una soluzione tecnicamente sofisticata e adatta alle esigenze del proprietario e dell&#8217;animale. Investi nella qualit\u00e0 e nella funzionalit\u00e0: con il <strong>terrario ReptiPlanet<\/strong> stai facendo le cose per bene. <\/p>\n","protected":false},"excerpt":{"rendered":"<p>Terrario ReptiPlanet - La casa per i tuoi animali esotici: Immagina di poter portare un pezzo di natura incontaminata direttamente a casa tua e di offrire agli animali esotici una casa sicura e confortevole. Il terrario ReptiPlanet rende possibile proprio questo. Che tu sia alle prime armi con il mondo dei terrari o che tu [&hellip;]<\/p>\n","protected":false},"featured_media":185753,"template":"","meta":{"_acf_changed":false},"product-supplier":[],"product_brand":[],"product_cat":[2760],"product_tag":[],"lce-checkout-addons":[],"class_list":{"0":"post-185748","1":"product","2":"type-product","3":"status-publish","4":"has-post-thumbnail","6":"product_cat-terrari-e-contenitori","7":"product_shipping_class-equipment-shipping","9":"first","10":"instock","11":"taxable","12":"shipping-taxable","13":"purchasable","14":"product-type-variable","15":"has-default-attributes"},"acf":[],"yoast_head":"<!-- This site is optimized with the Yoast SEO plugin v27.3 - https:\/\/yoast.com\/product\/yoast-seo-wordpress\/ -->\n<title>Terrario ReptiPlanet - Insektenliebe<\/title>\n<meta name=\"description\" content=\"Qui puoi acquistare un terrario ReptiPlanet direttamente online. Questo terrario di alta qualit\u00e0 \u00e8 ideale per una grande variet\u00e0 di animali.\" \/>\n<meta name=\"robots\" content=\"index, follow, max-snippet:-1, max-image-preview:large, max-video-preview:-1\" \/>\n<link rel=\"canonical\" href=\"https:\/\/insektenliebe.com\/it\/shop\/prodotto\/terrario-reptiplanet\/\" \/>\n<meta property=\"og:locale\" content=\"it_IT\" \/>\n<meta property=\"og:type\" content=\"article\" \/>\n<meta property=\"og:title\" content=\"Terrario ReptiPlanet - Insektenliebe\" \/>\n<meta property=\"og:description\" content=\"Qui puoi acquistare un terrario ReptiPlanet direttamente online. Questo terrario di alta qualit\u00e0 \u00e8 ideale per una grande variet\u00e0 di animali.\" \/>\n<meta property=\"og:url\" content=\"https:\/\/insektenliebe.com\/it\/shop\/prodotto\/terrario-reptiplanet\/\" \/>\n<meta property=\"og:site_name\" content=\"Insektenliebe\" \/>\n<meta property=\"og:image\" content=\"https:\/\/insektenliebe.com\/wp-content\/uploads\/2025\/05\/ReptiPlanet-Glasterrarium-1-2.jpg\" \/>\n\t<meta property=\"og:image:width\" content=\"820\" \/>\n\t<meta property=\"og:image:height\" content=\"820\" \/>\n\t<meta property=\"og:image:type\" content=\"image\/jpeg\" \/>\n<meta name=\"twitter:card\" content=\"summary_large_image\" \/>\n<meta name=\"twitter:label1\" content=\"Tempo di lettura stimato\" \/>\n\t<meta name=\"twitter:data1\" content=\"2 minuto\" \/>\n<script type=\"application\/ld+json\" class=\"yoast-schema-graph\">{\"@context\":\"https:\\\/\\\/schema.org\",\"@graph\":[{\"@type\":\"WebPage\",\"@id\":\"https:\\\/\\\/insektenliebe.com\\\/it\\\/shop\\\/prodotto\\\/terrario-reptiplanet\\\/\",\"url\":\"https:\\\/\\\/insektenliebe.com\\\/it\\\/shop\\\/prodotto\\\/terrario-reptiplanet\\\/\",\"name\":\"Terrario ReptiPlanet - Insektenliebe\",\"isPartOf\":{\"@id\":\"https:\\\/\\\/insektenliebe.com\\\/it\\\/#website\"},\"primaryImageOfPage\":{\"@id\":\"https:\\\/\\\/insektenliebe.com\\\/it\\\/shop\\\/prodotto\\\/terrario-reptiplanet\\\/#primaryimage\"},\"image\":{\"@id\":\"https:\\\/\\\/insektenliebe.com\\\/it\\\/shop\\\/prodotto\\\/terrario-reptiplanet\\\/#primaryimage\"},\"thumbnailUrl\":\"https:\\\/\\\/insektenliebe.com\\\/wp-content\\\/uploads\\\/2025\\\/05\\\/ReptiPlanet-Glasterrarium-1-2.jpg\",\"datePublished\":\"2023-09-13T12:46:38+00:00\",\"description\":\"Qui puoi acquistare un terrario ReptiPlanet direttamente online. Questo terrario di alta qualit\u00e0 \u00e8 ideale per una grande variet\u00e0 di animali.\",\"breadcrumb\":{\"@id\":\"https:\\\/\\\/insektenliebe.com\\\/it\\\/shop\\\/prodotto\\\/terrario-reptiplanet\\\/#breadcrumb\"},\"inLanguage\":\"it-IT\",\"potentialAction\":[{\"@type\":\"ReadAction\",\"target\":[\"https:\\\/\\\/insektenliebe.com\\\/it\\\/shop\\\/prodotto\\\/terrario-reptiplanet\\\/\"]}]},{\"@type\":\"ImageObject\",\"inLanguage\":\"it-IT\",\"@id\":\"https:\\\/\\\/insektenliebe.com\\\/it\\\/shop\\\/prodotto\\\/terrario-reptiplanet\\\/#primaryimage\",\"url\":\"https:\\\/\\\/insektenliebe.com\\\/wp-content\\\/uploads\\\/2025\\\/05\\\/ReptiPlanet-Glasterrarium-1-2.jpg\",\"contentUrl\":\"https:\\\/\\\/insektenliebe.com\\\/wp-content\\\/uploads\\\/2025\\\/05\\\/ReptiPlanet-Glasterrarium-1-2.jpg\",\"width\":820,\"height\":820,\"caption\":\"ReptiPlanet-Terrario di vetro-1-2.jpg\"},{\"@type\":\"BreadcrumbList\",\"@id\":\"https:\\\/\\\/insektenliebe.com\\\/it\\\/shop\\\/prodotto\\\/terrario-reptiplanet\\\/#breadcrumb\",\"itemListElement\":[{\"@type\":\"ListItem\",\"position\":1,\"name\":\"Startseite\",\"item\":\"https:\\\/\\\/insektenliebe.com\\\/it\\\/\"},{\"@type\":\"ListItem\",\"position\":2,\"name\":\"Negozio\",\"item\":\"https:\\\/\\\/insektenliebe.com\\\/it\\\/negozio\\\/\"},{\"@type\":\"ListItem\",\"position\":3,\"name\":\"Terrario ReptiPlanet\"}]},{\"@type\":\"WebSite\",\"@id\":\"https:\\\/\\\/insektenliebe.com\\\/it\\\/#website\",\"url\":\"https:\\\/\\\/insektenliebe.com\\\/it\\\/\",\"name\":\"Insektenliebe\",\"description\":\"Dein Zuhause f\u00fcr die kleinen Lebewesen\",\"publisher\":{\"@id\":\"https:\\\/\\\/insektenliebe.com\\\/it\\\/#organization\"},\"potentialAction\":[{\"@type\":\"SearchAction\",\"target\":{\"@type\":\"EntryPoint\",\"urlTemplate\":\"https:\\\/\\\/insektenliebe.com\\\/it\\\/?s={search_term_string}\"},\"query-input\":{\"@type\":\"PropertyValueSpecification\",\"valueRequired\":true,\"valueName\":\"search_term_string\"}}],\"inLanguage\":\"it-IT\"},{\"@type\":\"Organization\",\"@id\":\"https:\\\/\\\/insektenliebe.com\\\/it\\\/#organization\",\"name\":\"Insektenliebe\",\"url\":\"https:\\\/\\\/insektenliebe.com\\\/it\\\/\",\"logo\":{\"@type\":\"ImageObject\",\"inLanguage\":\"it-IT\",\"@id\":\"https:\\\/\\\/insektenliebe.com\\\/it\\\/#\\\/schema\\\/logo\\\/image\\\/\",\"url\":\"https:\\\/\\\/insektenliebe.com\\\/wp-content\\\/uploads\\\/2025\\\/03\\\/logo-white.png\",\"contentUrl\":\"https:\\\/\\\/insektenliebe.com\\\/wp-content\\\/uploads\\\/2025\\\/03\\\/logo-white.png\",\"width\":288,\"height\":188,\"caption\":\"Insektenliebe\"},\"image\":{\"@id\":\"https:\\\/\\\/insektenliebe.com\\\/it\\\/#\\\/schema\\\/logo\\\/image\\\/\"}}]}<\/script>\n<!-- \/ Yoast SEO plugin. -->","yoast_head_json":{"title":"Terrario ReptiPlanet - Insektenliebe","description":"Qui puoi acquistare un terrario ReptiPlanet direttamente online. Questo terrario di alta qualit\u00e0 \u00e8 ideale per una grande variet\u00e0 di animali.","robots":{"index":"index","follow":"follow","max-snippet":"max-snippet:-1","max-image-preview":"max-image-preview:large","max-video-preview":"max-video-preview:-1"},"canonical":"https:\/\/insektenliebe.com\/it\/shop\/prodotto\/terrario-reptiplanet\/","og_locale":"it_IT","og_type":"article","og_title":"Terrario ReptiPlanet - Insektenliebe","og_description":"Qui puoi acquistare un terrario ReptiPlanet direttamente online. Questo terrario di alta qualit\u00e0 \u00e8 ideale per una grande variet\u00e0 di animali.","og_url":"https:\/\/insektenliebe.com\/it\/shop\/prodotto\/terrario-reptiplanet\/","og_site_name":"Insektenliebe","og_image":[{"width":820,"height":820,"url":"https:\/\/insektenliebe.com\/wp-content\/uploads\/2025\/05\/ReptiPlanet-Glasterrarium-1-2.jpg","type":"image\/jpeg"}],"twitter_card":"summary_large_image","twitter_misc":{"Tempo di lettura stimato":"2 minuto"},"schema":{"@context":"https:\/\/schema.org","@graph":[{"@type":"WebPage","@id":"https:\/\/insektenliebe.com\/it\/shop\/prodotto\/terrario-reptiplanet\/","url":"https:\/\/insektenliebe.com\/it\/shop\/prodotto\/terrario-reptiplanet\/","name":"Terrario ReptiPlanet - Insektenliebe","isPartOf":{"@id":"https:\/\/insektenliebe.com\/it\/#website"},"primaryImageOfPage":{"@id":"https:\/\/insektenliebe.com\/it\/shop\/prodotto\/terrario-reptiplanet\/#primaryimage"},"image":{"@id":"https:\/\/insektenliebe.com\/it\/shop\/prodotto\/terrario-reptiplanet\/#primaryimage"},"thumbnailUrl":"https:\/\/insektenliebe.com\/wp-content\/uploads\/2025\/05\/ReptiPlanet-Glasterrarium-1-2.jpg","datePublished":"2023-09-13T12:46:38+00:00","description":"Qui puoi acquistare un terrario ReptiPlanet direttamente online. Questo terrario di alta qualit\u00e0 \u00e8 ideale per una grande variet\u00e0 di animali.","breadcrumb":{"@id":"https:\/\/insektenliebe.com\/it\/shop\/prodotto\/terrario-reptiplanet\/#breadcrumb"},"inLanguage":"it-IT","potentialAction":[{"@type":"ReadAction","target":["https:\/\/insektenliebe.com\/it\/shop\/prodotto\/terrario-reptiplanet\/"]}]},{"@type":"ImageObject","inLanguage":"it-IT","@id":"https:\/\/insektenliebe.com\/it\/shop\/prodotto\/terrario-reptiplanet\/#primaryimage","url":"https:\/\/insektenliebe.com\/wp-content\/uploads\/2025\/05\/ReptiPlanet-Glasterrarium-1-2.jpg","contentUrl":"https:\/\/insektenliebe.com\/wp-content\/uploads\/2025\/05\/ReptiPlanet-Glasterrarium-1-2.jpg","width":820,"height":820,"caption":"ReptiPlanet-Terrario di vetro-1-2.jpg"},{"@type":"BreadcrumbList","@id":"https:\/\/insektenliebe.com\/it\/shop\/prodotto\/terrario-reptiplanet\/#breadcrumb","itemListElement":[{"@type":"ListItem","position":1,"name":"Startseite","item":"https:\/\/insektenliebe.com\/it\/"},{"@type":"ListItem","position":2,"name":"Negozio","item":"https:\/\/insektenliebe.com\/it\/negozio\/"},{"@type":"ListItem","position":3,"name":"Terrario ReptiPlanet"}]},{"@type":"WebSite","@id":"https:\/\/insektenliebe.com\/it\/#website","url":"https:\/\/insektenliebe.com\/it\/","name":"Insektenliebe","description":"Dein Zuhause f\u00fcr die kleinen Lebewesen","publisher":{"@id":"https:\/\/insektenliebe.com\/it\/#organization"},"potentialAction":[{"@type":"SearchAction","target":{"@type":"EntryPoint","urlTemplate":"https:\/\/insektenliebe.com\/it\/?s={search_term_string}"},"query-input":{"@type":"PropertyValueSpecification","valueRequired":true,"valueName":"search_term_string"}}],"inLanguage":"it-IT"},{"@type":"Organization","@id":"https:\/\/insektenliebe.com\/it\/#organization","name":"Insektenliebe","url":"https:\/\/insektenliebe.com\/it\/","logo":{"@type":"ImageObject","inLanguage":"it-IT","@id":"https:\/\/insektenliebe.com\/it\/#\/schema\/logo\/image\/","url":"https:\/\/insektenliebe.com\/wp-content\/uploads\/2025\/03\/logo-white.png","contentUrl":"https:\/\/insektenliebe.com\/wp-content\/uploads\/2025\/03\/logo-white.png","width":288,"height":188,"caption":"Insektenliebe"},"image":{"@id":"https:\/\/insektenliebe.com\/it\/#\/schema\/logo\/image\/"}}]}},"_links":{"self":[{"href":"https:\/\/insektenliebe.com\/it\/wp-json\/wp\/v2\/product\/185748","targetHints":{"allow":["GET"]}}],"collection":[{"href":"https:\/\/insektenliebe.com\/it\/wp-json\/wp\/v2\/product"}],"about":[{"href":"https:\/\/insektenliebe.com\/it\/wp-json\/wp\/v2\/types\/product"}],"wp:featuredmedia":[{"embeddable":true,"href":"https:\/\/insektenliebe.com\/it\/wp-json\/wp\/v2\/media\/185753"}],"wp:attachment":[{"href":"https:\/\/insektenliebe.com\/it\/wp-json\/wp\/v2\/media?parent=185748"}],"wp:term":[{"taxonomy":"product-supplier","embeddable":true,"href":"https:\/\/insektenliebe.com\/it\/wp-json\/wp\/v2\/product-supplier?post=185748"},{"taxonomy":"product_brand","embeddable":true,"href":"https:\/\/insektenliebe.com\/it\/wp-json\/wp\/v2\/product_brand?post=185748"},{"taxonomy":"product_cat","embeddable":true,"href":"https:\/\/insektenliebe.com\/it\/wp-json\/wp\/v2\/product_cat?post=185748"},{"taxonomy":"product_tag","embeddable":true,"href":"https:\/\/insektenliebe.com\/it\/wp-json\/wp\/v2\/product_tag?post=185748"},{"taxonomy":"lce-checkout-addons","embeddable":true,"href":"https:\/\/insektenliebe.com\/it\/wp-json\/wp\/v2\/lce-checkout-addons?post=185748"}],"curies":[{"name":"wp","href":"https:\/\/api.w.org\/{rel}","templated":true}]}}