{"id":185747,"date":"2020-10-17T07:35:18","date_gmt":"2020-10-17T07:35:18","guid":{"rendered":"https:\/\/insektenliebe.com\/shop\/produkt\/spirostreptus-spec-8-fata-verde\/"},"modified":"2020-10-17T07:35:18","modified_gmt":"2020-10-17T05:35:18","slug":"spirostreptus-spec-8-fata-verde","status":"publish","type":"product","link":"https:\/\/insektenliebe.com\/it\/shop\/prodotto\/spirostreptus-spec-8-fata-verde\/","title":{"rendered":"Spirostreptus spec. 8 \"Fata verde\""},"content":{"rendered":"<h3><span style=\"color: #99cc33\">Breve descrizione:<\/span><\/h3>\n<p>Lo Spirostreptus spec. 8 \u00e8 una grande specie di diplopode originaria del Camerun. Pu\u00f2 raggiungere una lunghezza di 26 cm. Nel suo paese natale, questa specie preferisce vivere in foreste umide e ombreggiate. Si tratta di animali facili da tenere ma non da allevare, per questo li abbiamo classificati come \"medi\" in termini di difficolt\u00e0. Purtroppo questa bellissima specie di grandi dimensioni viene offerta raramente in Germania. A volte la specie si trova anche con il nome di \"millepiedi a strisce verdi\".      <\/p>\n<p class=\"font_8\">Lo Spirostreptus spec. 8 ha il corpo ad anelli verdi e neri. Ci\u00f2 ha fatto guadagnare a questa specie il soprannome di \"favola verde\". Le zampe sono leggermente anellate. Le antenne di questi diplopodi sono scure e gli occhi sono di colore nero. Nei maschi, il settimo segmento \u00e8 ispessito. Gli Spirostreptus spec. 8 sviluppano il colore verde con l&#8217;aumentare dell&#8217;et\u00e0. Quando sono ancora giovani, gli animali sono solitamente di colore marrone.        <\/p>\n<p>La vasca per lo Spirostreptus spec. 8 non deve essere lunga meno di 60 cm. Il substrato deve essere alto almeno 10-15 cm. Quando sono giovani, gli animali sono difficilmente visibili in superficie, ma a partire da una lunghezza di circa 5 cm possono essere osservati. La temperatura nel terrario deve essere compresa tra 23\u00b0C e 26\u00b0C e deve essere sempre introdotta nel terrario dall&#8217;alto. L&#8217;umidit\u00e0 dovrebbe essere intorno all&#8217;80%. Lo Spirostreptus spec. 8, come la maggior parte delle altre specie, \u00e8 crepuscolare e notturno, per cui non \u00e8 necessaria un&#8217;illuminazione supplementare. Il substrato pu\u00f2 essere protetto dall&#8217;essiccazione con fogliame, corteccia di sughero e muschi. Questa specie non \u00e8 particolarmente brava ad arrampicarsi, ma \u00e8 comunque possibile vederla seduta sui rami. Per questo motivo, \u00e8 consigliabile offrirgliene sempre qualcuno. Il cibo supplementare sotto forma di cibo per millepiedi, pellet e polline viene consumato volentieri. Se ci sono animali giovani nel terrario, assicurati che ci sia sempre abbastanza legno bianco marcio e foglie a disposizione. Questa specie rilascia secrezioni di difesa solo raramente e in misura molto ridotta. La corteccia di sughero o i gusci di noce sono facilmente accettati come riparo.              <\/p>\n","protected":false},"excerpt":{"rendered":"<p>Breve descrizione: Lo Spirostreptus spec. 8 \u00e8 una grande specie di diplopode originaria del Camerun. Pu\u00f2 raggiungere una lunghezza di 26 cm. Nel suo paese natale, questa specie preferisce vivere in foreste umide e ombreggiate. Si tratta di animali facili da tenere ma non da allevare, per questo li abbiamo classificati come \"medi\" in termini [&hellip;]<\/p>\n","protected":false},"featured_media":185749,"template":"","meta":{"_acf_changed":false},"product-supplier":[],"product_brand":[],"product_cat":[2870],"product_tag":[],"lce-checkout-addons":[2746],"class_list":{"0":"post-185747","1":"product","2":"type-product","3":"status-publish","4":"has-post-thumbnail","6":"product_cat-millipede","7":"product_shipping_class-spedizione-di-animali","8":"pa_geschlecht-donna","9":"pa_geschlecht-indeterminato","10":"pa_geschlecht-uomo","11":"pa_herkunft-nigeria","12":"pa_kontinent-africa","13":"lce-checkout-addons-imballaggio-invernale","15":"first","16":"instock","17":"taxable","18":"shipping-taxable","19":"purchasable","20":"product-type-variable"},"acf":[],"yoast_head":"<!-- This site is optimized with the Yoast SEO Premium plugin v26.8 (Yoast SEO v27.3) - https:\/\/yoast.com\/product\/yoast-seo-premium-wordpress\/ -->\n<title>Spirostreptus spec. 8 &quot;Fata verde&quot; - Insektenliebe<\/title>\n<meta name=\"description\" content=\"Acquista online lo Spirostreptus spec. 8 &quot;Green Fairy&quot;. Una specie di millepiedi grande e straordinariamente verde.\" \/>\n<meta name=\"robots\" content=\"index, follow, max-snippet:-1, max-image-preview:large, max-video-preview:-1\" \/>\n<link rel=\"canonical\" href=\"https:\/\/insektenliebe.com\/it\/shop\/prodotto\/spirostreptus-spec-8-fata-verde\/\" \/>\n<meta property=\"og:locale\" content=\"it_IT\" \/>\n<meta property=\"og:type\" content=\"article\" \/>\n<meta property=\"og:title\" content=\"Spirostreptus spec. 8 &quot;Fata verde&quot;\" \/>\n<meta property=\"og:description\" content=\"Acquista online lo Spirostreptus spec. 8 &quot;Green Fairy&quot;. Una specie di millepiedi grande e straordinariamente verde.\" \/>\n<meta property=\"og:url\" content=\"https:\/\/insektenliebe.com\/it\/shop\/prodotto\/spirostreptus-spec-8-fata-verde\/\" \/>\n<meta property=\"og:site_name\" content=\"Insektenliebe\" \/>\n<meta property=\"og:image\" content=\"https:\/\/insektenliebe.com\/wp-content\/uploads\/2025\/05\/Spirostreptus-spec.-8-2.jpg\" \/>\n\t<meta property=\"og:image:width\" content=\"820\" \/>\n\t<meta property=\"og:image:height\" content=\"820\" \/>\n\t<meta property=\"og:image:type\" content=\"image\/jpeg\" \/>\n<meta name=\"twitter:card\" content=\"summary_large_image\" \/>\n<meta name=\"twitter:label1\" content=\"Disponibilit\u00e0\" \/>\n\t<meta name=\"twitter:data1\" content=\"In stock\" \/>\n<script type=\"application\/ld+json\" class=\"yoast-schema-graph\">{\"@context\":\"https:\\\/\\\/schema.org\",\"@graph\":[{\"@type\":\"WebPage\",\"@id\":\"https:\\\/\\\/insektenliebe.com\\\/it\\\/shop\\\/prodotto\\\/spirostreptus-spec-8-fata-verde\\\/\",\"url\":\"https:\\\/\\\/insektenliebe.com\\\/it\\\/shop\\\/prodotto\\\/spirostreptus-spec-8-fata-verde\\\/\",\"name\":\"Spirostreptus spec. 8 \\\"Fata verde\\\" - Insektenliebe\",\"isPartOf\":{\"@id\":\"https:\\\/\\\/insektenliebe.com\\\/it\\\/#website\"},\"primaryImageOfPage\":{\"@id\":\"https:\\\/\\\/insektenliebe.com\\\/it\\\/shop\\\/prodotto\\\/spirostreptus-spec-8-fata-verde\\\/#primaryimage\"},\"image\":{\"@id\":\"https:\\\/\\\/insektenliebe.com\\\/it\\\/shop\\\/prodotto\\\/spirostreptus-spec-8-fata-verde\\\/#primaryimage\"},\"thumbnailUrl\":\"https:\\\/\\\/insektenliebe.com\\\/wp-content\\\/uploads\\\/2025\\\/05\\\/Spirostreptus-spec.-8-2.jpg\",\"datePublished\":\"2020-10-17T07:35:18+00:00\",\"description\":\"Acquista online lo Spirostreptus spec. 8 \\\"Green Fairy\\\". Una specie di millepiedi grande e straordinariamente verde.\",\"breadcrumb\":{\"@id\":\"https:\\\/\\\/insektenliebe.com\\\/it\\\/shop\\\/prodotto\\\/spirostreptus-spec-8-fata-verde\\\/#breadcrumb\"},\"inLanguage\":\"it-IT\",\"potentialAction\":[{\"@type\":\"ReadAction\",\"target\":[\"https:\\\/\\\/insektenliebe.com\\\/it\\\/shop\\\/prodotto\\\/spirostreptus-spec-8-fata-verde\\\/\"]}]},{\"@type\":\"ImageObject\",\"inLanguage\":\"it-IT\",\"@id\":\"https:\\\/\\\/insektenliebe.com\\\/it\\\/shop\\\/prodotto\\\/spirostreptus-spec-8-fata-verde\\\/#primaryimage\",\"url\":\"https:\\\/\\\/insektenliebe.com\\\/wp-content\\\/uploads\\\/2025\\\/05\\\/Spirostreptus-spec.-8-2.jpg\",\"contentUrl\":\"https:\\\/\\\/insektenliebe.com\\\/wp-content\\\/uploads\\\/2025\\\/05\\\/Spirostreptus-spec.-8-2.jpg\",\"width\":820,\"height\":820,\"caption\":\"Spirostreptus-spec.-8-2.jpg\"},{\"@type\":\"BreadcrumbList\",\"@id\":\"https:\\\/\\\/insektenliebe.com\\\/it\\\/shop\\\/prodotto\\\/spirostreptus-spec-8-fata-verde\\\/#breadcrumb\",\"itemListElement\":[{\"@type\":\"ListItem\",\"position\":1,\"name\":\"Startseite\",\"item\":\"https:\\\/\\\/insektenliebe.com\\\/it\\\/\"},{\"@type\":\"ListItem\",\"position\":2,\"name\":\"Negozio\",\"item\":\"https:\\\/\\\/insektenliebe.com\\\/it\\\/negozio\\\/\"},{\"@type\":\"ListItem\",\"position\":3,\"name\":\"Spirostreptus spec. 8 &#8220;Fata verde&#8221;\"}]},{\"@type\":\"WebSite\",\"@id\":\"https:\\\/\\\/insektenliebe.com\\\/it\\\/#website\",\"url\":\"https:\\\/\\\/insektenliebe.com\\\/it\\\/\",\"name\":\"Insektenliebe\",\"description\":\"Dein Zuhause f\u00fcr die kleinen Lebewesen\",\"publisher\":{\"@id\":\"https:\\\/\\\/insektenliebe.com\\\/it\\\/#organization\"},\"potentialAction\":[{\"@type\":\"SearchAction\",\"target\":{\"@type\":\"EntryPoint\",\"urlTemplate\":\"https:\\\/\\\/insektenliebe.com\\\/it\\\/?s={search_term_string}\"},\"query-input\":{\"@type\":\"PropertyValueSpecification\",\"valueRequired\":true,\"valueName\":\"search_term_string\"}}],\"inLanguage\":\"it-IT\"},{\"@type\":\"Organization\",\"@id\":\"https:\\\/\\\/insektenliebe.com\\\/it\\\/#organization\",\"name\":\"Insektenliebe\",\"url\":\"https:\\\/\\\/insektenliebe.com\\\/it\\\/\",\"logo\":{\"@type\":\"ImageObject\",\"inLanguage\":\"it-IT\",\"@id\":\"https:\\\/\\\/insektenliebe.com\\\/it\\\/#\\\/schema\\\/logo\\\/image\\\/\",\"url\":\"https:\\\/\\\/insektenliebe.com\\\/wp-content\\\/uploads\\\/2025\\\/03\\\/logo-white.png\",\"contentUrl\":\"https:\\\/\\\/insektenliebe.com\\\/wp-content\\\/uploads\\\/2025\\\/03\\\/logo-white.png\",\"width\":288,\"height\":188,\"caption\":\"Insektenliebe\"},\"image\":{\"@id\":\"https:\\\/\\\/insektenliebe.com\\\/it\\\/#\\\/schema\\\/logo\\\/image\\\/\"}}]}<\/script>\n<meta property=\"og:availability\" content=\"instock\" \/>\n<meta property=\"product:availability\" content=\"instock\" \/>\n<meta property=\"product:retailer_item_id\" content=\"223\" \/>\n<meta property=\"product:condition\" content=\"new\" \/>\n<!-- \/ Yoast SEO Premium plugin. -->","yoast_head_json":{"title":"Spirostreptus spec. 8 \"Fata verde\" - Insektenliebe","description":"Acquista online lo Spirostreptus spec. 8 \"Green Fairy\". Una specie di millepiedi grande e straordinariamente verde.","robots":{"index":"index","follow":"follow","max-snippet":"max-snippet:-1","max-image-preview":"max-image-preview:large","max-video-preview":"max-video-preview:-1"},"canonical":"https:\/\/insektenliebe.com\/it\/shop\/prodotto\/spirostreptus-spec-8-fata-verde\/","og_locale":"it_IT","og_type":"article","og_title":"Spirostreptus spec. 8 \"Fata verde\"","og_description":"Acquista online lo Spirostreptus spec. 8 \"Green Fairy\". Una specie di millepiedi grande e straordinariamente verde.","og_url":"https:\/\/insektenliebe.com\/it\/shop\/prodotto\/spirostreptus-spec-8-fata-verde\/","og_site_name":"Insektenliebe","og_image":[{"width":820,"height":820,"url":"https:\/\/insektenliebe.com\/wp-content\/uploads\/2025\/05\/Spirostreptus-spec.-8-2.jpg","type":"image\/jpeg"}],"twitter_card":"summary_large_image","twitter_misc":{"Disponibilit\u00e0":"In stock"},"schema":{"@context":"https:\/\/schema.org","@graph":[{"@type":"WebPage","@id":"https:\/\/insektenliebe.com\/it\/shop\/prodotto\/spirostreptus-spec-8-fata-verde\/","url":"https:\/\/insektenliebe.com\/it\/shop\/prodotto\/spirostreptus-spec-8-fata-verde\/","name":"Spirostreptus spec. 8 \"Fata verde\" - Insektenliebe","isPartOf":{"@id":"https:\/\/insektenliebe.com\/it\/#website"},"primaryImageOfPage":{"@id":"https:\/\/insektenliebe.com\/it\/shop\/prodotto\/spirostreptus-spec-8-fata-verde\/#primaryimage"},"image":{"@id":"https:\/\/insektenliebe.com\/it\/shop\/prodotto\/spirostreptus-spec-8-fata-verde\/#primaryimage"},"thumbnailUrl":"https:\/\/insektenliebe.com\/wp-content\/uploads\/2025\/05\/Spirostreptus-spec.-8-2.jpg","datePublished":"2020-10-17T07:35:18+00:00","description":"Acquista online lo Spirostreptus spec. 8 \"Green Fairy\". Una specie di millepiedi grande e straordinariamente verde.","breadcrumb":{"@id":"https:\/\/insektenliebe.com\/it\/shop\/prodotto\/spirostreptus-spec-8-fata-verde\/#breadcrumb"},"inLanguage":"it-IT","potentialAction":[{"@type":"ReadAction","target":["https:\/\/insektenliebe.com\/it\/shop\/prodotto\/spirostreptus-spec-8-fata-verde\/"]}]},{"@type":"ImageObject","inLanguage":"it-IT","@id":"https:\/\/insektenliebe.com\/it\/shop\/prodotto\/spirostreptus-spec-8-fata-verde\/#primaryimage","url":"https:\/\/insektenliebe.com\/wp-content\/uploads\/2025\/05\/Spirostreptus-spec.-8-2.jpg","contentUrl":"https:\/\/insektenliebe.com\/wp-content\/uploads\/2025\/05\/Spirostreptus-spec.-8-2.jpg","width":820,"height":820,"caption":"Spirostreptus-spec.-8-2.jpg"},{"@type":"BreadcrumbList","@id":"https:\/\/insektenliebe.com\/it\/shop\/prodotto\/spirostreptus-spec-8-fata-verde\/#breadcrumb","itemListElement":[{"@type":"ListItem","position":1,"name":"Startseite","item":"https:\/\/insektenliebe.com\/it\/"},{"@type":"ListItem","position":2,"name":"Negozio","item":"https:\/\/insektenliebe.com\/it\/negozio\/"},{"@type":"ListItem","position":3,"name":"Spirostreptus spec. 8 &#8220;Fata verde&#8221;"}]},{"@type":"WebSite","@id":"https:\/\/insektenliebe.com\/it\/#website","url":"https:\/\/insektenliebe.com\/it\/","name":"Insektenliebe","description":"Dein Zuhause f\u00fcr die kleinen Lebewesen","publisher":{"@id":"https:\/\/insektenliebe.com\/it\/#organization"},"potentialAction":[{"@type":"SearchAction","target":{"@type":"EntryPoint","urlTemplate":"https:\/\/insektenliebe.com\/it\/?s={search_term_string}"},"query-input":{"@type":"PropertyValueSpecification","valueRequired":true,"valueName":"search_term_string"}}],"inLanguage":"it-IT"},{"@type":"Organization","@id":"https:\/\/insektenliebe.com\/it\/#organization","name":"Insektenliebe","url":"https:\/\/insektenliebe.com\/it\/","logo":{"@type":"ImageObject","inLanguage":"it-IT","@id":"https:\/\/insektenliebe.com\/it\/#\/schema\/logo\/image\/","url":"https:\/\/insektenliebe.com\/wp-content\/uploads\/2025\/03\/logo-white.png","contentUrl":"https:\/\/insektenliebe.com\/wp-content\/uploads\/2025\/03\/logo-white.png","width":288,"height":188,"caption":"Insektenliebe"},"image":{"@id":"https:\/\/insektenliebe.com\/it\/#\/schema\/logo\/image\/"}}]},"og_availability":"instock","product_availability":"instock","product_retailer_item_id":"223","product_condition":"new"},"_links":{"self":[{"href":"https:\/\/insektenliebe.com\/it\/wp-json\/wp\/v2\/product\/185747","targetHints":{"allow":["GET"]}}],"collection":[{"href":"https:\/\/insektenliebe.com\/it\/wp-json\/wp\/v2\/product"}],"about":[{"href":"https:\/\/insektenliebe.com\/it\/wp-json\/wp\/v2\/types\/product"}],"wp:featuredmedia":[{"embeddable":true,"href":"https:\/\/insektenliebe.com\/it\/wp-json\/wp\/v2\/media\/185749"}],"wp:attachment":[{"href":"https:\/\/insektenliebe.com\/it\/wp-json\/wp\/v2\/media?parent=185747"}],"wp:term":[{"taxonomy":"product-supplier","embeddable":true,"href":"https:\/\/insektenliebe.com\/it\/wp-json\/wp\/v2\/product-supplier?post=185747"},{"taxonomy":"product_brand","embeddable":true,"href":"https:\/\/insektenliebe.com\/it\/wp-json\/wp\/v2\/product_brand?post=185747"},{"taxonomy":"product_cat","embeddable":true,"href":"https:\/\/insektenliebe.com\/it\/wp-json\/wp\/v2\/product_cat?post=185747"},{"taxonomy":"product_tag","embeddable":true,"href":"https:\/\/insektenliebe.com\/it\/wp-json\/wp\/v2\/product_tag?post=185747"},{"taxonomy":"lce-checkout-addons","embeddable":true,"href":"https:\/\/insektenliebe.com\/it\/wp-json\/wp\/v2\/lce-checkout-addons?post=185747"}],"curies":[{"name":"wp","href":"https:\/\/api.w.org\/{rel}","templated":true}]}}