{"id":185708,"date":"2020-10-02T09:45:28","date_gmt":"2020-10-02T09:45:28","guid":{"rendered":"https:\/\/insektenliebe.com\/shop\/produkt\/merulanella-spec-tricolore\/"},"modified":"2026-04-10T12:21:46","modified_gmt":"2026-04-10T10:21:46","slug":"merulanella-spec-tricolore","status":"publish","type":"product","link":"https:\/\/insektenliebe.com\/it\/shop\/prodotto\/merulanella-spec-tricolore\/","title":{"rendered":"Merulanella spec. \"Tricolore\""},"content":{"rendered":"<h3><span class=\"s1\" style=\"color: #99cc33;\">Merulanella spec. \"Tricolore\": tre colori, un&#8217;unica evidenza<\/span><\/h3>\n<p class=\"p1\"><strong><span class=\"s1\">Merulanella spec. \"Tricolore\"<\/span><\/strong> <span class=\"s2\"> \u00e8 una delle <\/span><span class=\"s1\">specie di isopodi pi\u00f9 spettacolari<\/span><span class=\"s2\">che sono attualmente disponibili nel commercio dei terrari. A prima vista \u00e8 chiaro perch\u00e9 questa specie \u00e8 cos\u00ec popolare. <\/span><\/p>\n<p class=\"p1\"><span class=\"s2\">Gli animali mostrano uno <\/span><span class=\"s1\">straordinario tricolore<\/span><span class=\"s2\">in cui <\/span><span class=\"s1\">forti contrasti di rosso, arancione e scuro<\/span><span class=\"s2\">  con gli altri. A seconda dell&#8217;animale e della luce, i colori hanno intensit\u00e0 diverse, dando a ogni gruppo un aspetto generale unico. <\/span><\/p>\n<p class=\"p1\"><span class=\"s2\">Questa combinazione in particolare rende la specie un vero e proprio <\/span><span class=\"s1\">un vero e proprio richiamo visivo nel terrario<\/span><span class=\"s2\">che si distingue chiaramente dai classici isopodi.<\/span><\/p>\n<p class=\"p1\"><span class=\"s2\">Ma questa specie non \u00e8 solo visivamente impressionante. Anche il suo comportamento mostra  <\/span><span class=\"s1\"><strong>Merulanella spec. \"Tricolore\"<\/strong>  Sorprendentemente attivo<\/span><span class=\"s2\">. Gli animali si muovono regolarmente nel terrario e sono facili da osservare.<\/span><\/p>\n<p class=\"p1\"><span class=\"s2\">Esplorano l&#8217;ambiente, cercano attivamente il cibo e mostrano un comportamento vivace che molti proprietari apprezzano particolarmente.<\/span><\/p>\n<p class=\"p1\"><span class=\"s2\">Per mantenere questa specie \u00e8 necessario un <\/span><span class=\"s1\">un allestimento tropicale ben regolato<\/span><span class=\"s2\">. Una miscela di  <\/span><span class=\"s1\">substrato fine, foglie e legno bianco marcio<\/span><span class=\"s2\"> costituisce la base.<\/span><\/p>\n<p class=\"p1\"><span class=\"s2\">Importante \u00e8 un <\/span><span class=\"s1\">un&#8217;umidit\u00e0 uniforme e pi\u00f9 elevata<\/span><span class=\"s2\">poich\u00e9 le specie di Merulanella non tollerano bene le condizioni di siccit\u00e0. Allo stesso tempo, il terrario deve essere ben ventilato per creare un clima stabile. <\/span><\/p>\n<p class=\"p1\"><span class=\"s2\">Anche la struttura gioca un ruolo fondamentale. I nascondigli fatti di corteccia, muschio e foglie fanno s\u00ec che gli animali si sentano al sicuro e mostrino il loro comportamento naturale. <\/span><\/p>\n<p class=\"p1\"><span class=\"s2\">Sono anche versatili per quanto riguarda l&#8217;alimentazione. Accettano   <\/span><span class=\"s1\">foglie, verdure e cibo per isopodi di alta qualit\u00e0<\/span><span class=\"s2\"> e rimanere attivi.<\/span><\/p>\n<p class=\"p1\"><span class=\"s2\">Grazie alla loro <\/span><span class=\"s1\">colorazione intensa, la sua attivit\u00e0 e la sua rarit\u00e0<\/span><span class=\"s2\"> \u00e8 diretta <\/span> <strong><span class=\"s1\">Merulanella spec. \"Tricolore\"<\/span><\/strong><span class=\"s2\">  Questo \u00e8 pi\u00f9 adatto a chi ha gi\u00e0 acquisito una certa esperienza e vuole portare il proprio terrario a un livello superiore.<\/span><\/p>\n<p class=\"p1\"><span class=\"s2\">Con questa specie si ottiene una <\/span><span class=\"s1\">una vera e propria cocciniglia di prima qualit\u00e0<\/span><span class=\"s2\"> nel tuo terrario: straordinaria nei colori, vivace nel comportamento e sicuramente un punto di forza in ogni collezione.<\/span><\/p>\n","protected":false},"excerpt":{"rendered":"<p>Ora si fa colorato!<\/p>\n","protected":false},"featured_media":185710,"template":"","meta":{"_acf_changed":false},"product-supplier":[],"product_brand":[],"product_cat":[2850,2788],"product_tag":[],"lce-checkout-addons":[2746],"class_list":{"0":"post-185708","1":"product","2":"type-product","3":"status-publish","4":"has-post-thumbnail","6":"product_cat-altri-isopodi-merulanella-ecc","7":"product_cat-woodlice","8":"product_shipping_class-spedizione-di-animali","9":"pa_herkunft-vietnam","10":"pa_kontinent-asia","11":"lce-checkout-addons-imballaggio-invernale","13":"first","14":"outofstock","15":"sale","16":"taxable","17":"shipping-taxable","18":"purchasable","19":"product-type-variable","20":"has-default-attributes"},"acf":[],"yoast_head":"<!-- This site is optimized with the Yoast SEO Premium plugin v26.8 (Yoast SEO v27.3) - https:\/\/yoast.com\/product\/yoast-seo-premium-wordpress\/ -->\n<title>Merulanella spec. &quot;Tricolore&quot; - Insektenliebe<\/title>\n<meta name=\"description\" content=\"Merulanella spec. &quot;Tricolore&quot; - raro isopode colorato con tre contrasti di colore. Attivo, esotico e un vero punto di forza.\" \/>\n<meta name=\"robots\" content=\"index, follow, max-snippet:-1, max-image-preview:large, max-video-preview:-1\" \/>\n<link rel=\"canonical\" href=\"https:\/\/insektenliebe.com\/it\/shop\/prodotto\/merulanella-spec-tricolore\/\" \/>\n<meta property=\"og:locale\" content=\"it_IT\" \/>\n<meta property=\"og:type\" content=\"article\" \/>\n<meta property=\"og:title\" content=\"Merulanella spec. &quot;Tricolore&quot;\" \/>\n<meta property=\"og:description\" content=\"Merulanella spec. &quot;Tricolore&quot; - raro isopode colorato con tre contrasti di colore. Attivo, esotico e un vero punto di forza.\" \/>\n<meta property=\"og:url\" content=\"https:\/\/insektenliebe.com\/it\/shop\/prodotto\/merulanella-spec-tricolore\/\" \/>\n<meta property=\"og:site_name\" content=\"Insektenliebe\" \/>\n<meta property=\"article:modified_time\" content=\"2026-04-10T10:21:46+00:00\" \/>\n<meta property=\"og:image\" content=\"https:\/\/insektenliebe.com\/wp-content\/uploads\/2025\/05\/Merulanella-spec.-_Tricolour_-2.jpg\" \/>\n\t<meta property=\"og:image:width\" content=\"820\" \/>\n\t<meta property=\"og:image:height\" content=\"820\" \/>\n\t<meta property=\"og:image:type\" content=\"image\/jpeg\" \/>\n<meta name=\"twitter:card\" content=\"summary_large_image\" \/>\n<meta name=\"twitter:label1\" content=\"Disponibilit\u00e0\" \/>\n\t<meta name=\"twitter:data1\" content=\"Esaurito\" \/>\n<script type=\"application\/ld+json\" class=\"yoast-schema-graph\">{\"@context\":\"https:\\\/\\\/schema.org\",\"@graph\":[{\"@type\":\"WebPage\",\"@id\":\"https:\\\/\\\/insektenliebe.com\\\/it\\\/shop\\\/prodotto\\\/merulanella-spec-tricolore\\\/\",\"url\":\"https:\\\/\\\/insektenliebe.com\\\/it\\\/shop\\\/prodotto\\\/merulanella-spec-tricolore\\\/\",\"name\":\"Merulanella spec. \\\"Tricolore\\\" - Insektenliebe\",\"isPartOf\":{\"@id\":\"https:\\\/\\\/insektenliebe.com\\\/it\\\/#website\"},\"primaryImageOfPage\":{\"@id\":\"https:\\\/\\\/insektenliebe.com\\\/it\\\/shop\\\/prodotto\\\/merulanella-spec-tricolore\\\/#primaryimage\"},\"image\":{\"@id\":\"https:\\\/\\\/insektenliebe.com\\\/it\\\/shop\\\/prodotto\\\/merulanella-spec-tricolore\\\/#primaryimage\"},\"thumbnailUrl\":\"https:\\\/\\\/insektenliebe.com\\\/wp-content\\\/uploads\\\/2025\\\/05\\\/Merulanella-spec.-_Tricolour_-2.jpg\",\"datePublished\":\"2020-10-02T09:45:28+00:00\",\"dateModified\":\"2026-04-10T10:21:46+00:00\",\"description\":\"Merulanella spec. \\\"Tricolore\\\" - raro isopode colorato con tre contrasti di colore. Attivo, esotico e un vero punto di forza.\",\"breadcrumb\":{\"@id\":\"https:\\\/\\\/insektenliebe.com\\\/it\\\/shop\\\/prodotto\\\/merulanella-spec-tricolore\\\/#breadcrumb\"},\"inLanguage\":\"it-IT\",\"potentialAction\":[{\"@type\":\"ReadAction\",\"target\":[\"https:\\\/\\\/insektenliebe.com\\\/it\\\/shop\\\/prodotto\\\/merulanella-spec-tricolore\\\/\"]}]},{\"@type\":\"ImageObject\",\"inLanguage\":\"it-IT\",\"@id\":\"https:\\\/\\\/insektenliebe.com\\\/it\\\/shop\\\/prodotto\\\/merulanella-spec-tricolore\\\/#primaryimage\",\"url\":\"https:\\\/\\\/insektenliebe.com\\\/wp-content\\\/uploads\\\/2025\\\/05\\\/Merulanella-spec.-_Tricolour_-2.jpg\",\"contentUrl\":\"https:\\\/\\\/insektenliebe.com\\\/wp-content\\\/uploads\\\/2025\\\/05\\\/Merulanella-spec.-_Tricolour_-2.jpg\",\"width\":820,\"height\":820,\"caption\":\"Merulanella-spec.-_Tricolore_-2.jpg\"},{\"@type\":\"BreadcrumbList\",\"@id\":\"https:\\\/\\\/insektenliebe.com\\\/it\\\/shop\\\/prodotto\\\/merulanella-spec-tricolore\\\/#breadcrumb\",\"itemListElement\":[{\"@type\":\"ListItem\",\"position\":1,\"name\":\"Startseite\",\"item\":\"https:\\\/\\\/insektenliebe.com\\\/it\\\/\"},{\"@type\":\"ListItem\",\"position\":2,\"name\":\"Negozio\",\"item\":\"https:\\\/\\\/insektenliebe.com\\\/it\\\/negozio\\\/\"},{\"@type\":\"ListItem\",\"position\":3,\"name\":\"Merulanella spec. \\\"Tricolore\\\"\"}]},{\"@type\":\"WebSite\",\"@id\":\"https:\\\/\\\/insektenliebe.com\\\/it\\\/#website\",\"url\":\"https:\\\/\\\/insektenliebe.com\\\/it\\\/\",\"name\":\"Insektenliebe\",\"description\":\"Dein Zuhause f\u00fcr die kleinen Lebewesen\",\"publisher\":{\"@id\":\"https:\\\/\\\/insektenliebe.com\\\/it\\\/#organization\"},\"potentialAction\":[{\"@type\":\"SearchAction\",\"target\":{\"@type\":\"EntryPoint\",\"urlTemplate\":\"https:\\\/\\\/insektenliebe.com\\\/it\\\/?s={search_term_string}\"},\"query-input\":{\"@type\":\"PropertyValueSpecification\",\"valueRequired\":true,\"valueName\":\"search_term_string\"}}],\"inLanguage\":\"it-IT\"},{\"@type\":\"Organization\",\"@id\":\"https:\\\/\\\/insektenliebe.com\\\/it\\\/#organization\",\"name\":\"Insektenliebe\",\"url\":\"https:\\\/\\\/insektenliebe.com\\\/it\\\/\",\"logo\":{\"@type\":\"ImageObject\",\"inLanguage\":\"it-IT\",\"@id\":\"https:\\\/\\\/insektenliebe.com\\\/it\\\/#\\\/schema\\\/logo\\\/image\\\/\",\"url\":\"https:\\\/\\\/insektenliebe.com\\\/wp-content\\\/uploads\\\/2025\\\/03\\\/logo-white.png\",\"contentUrl\":\"https:\\\/\\\/insektenliebe.com\\\/wp-content\\\/uploads\\\/2025\\\/03\\\/logo-white.png\",\"width\":288,\"height\":188,\"caption\":\"Insektenliebe\"},\"image\":{\"@id\":\"https:\\\/\\\/insektenliebe.com\\\/it\\\/#\\\/schema\\\/logo\\\/image\\\/\"}}]}<\/script>\n<meta property=\"og:availability\" content=\"out of stock\" \/>\n<meta property=\"product:availability\" content=\"out of stock\" \/>\n<meta property=\"product:retailer_item_id\" content=\"239\" \/>\n<meta property=\"product:condition\" content=\"new\" \/>\n<!-- \/ Yoast SEO Premium plugin. -->","yoast_head_json":{"title":"Merulanella spec. \"Tricolore\" - Insektenliebe","description":"Merulanella spec. \"Tricolore\" - raro isopode colorato con tre contrasti di colore. Attivo, esotico e un vero punto di forza.","robots":{"index":"index","follow":"follow","max-snippet":"max-snippet:-1","max-image-preview":"max-image-preview:large","max-video-preview":"max-video-preview:-1"},"canonical":"https:\/\/insektenliebe.com\/it\/shop\/prodotto\/merulanella-spec-tricolore\/","og_locale":"it_IT","og_type":"article","og_title":"Merulanella spec. \"Tricolore\"","og_description":"Merulanella spec. \"Tricolore\" - raro isopode colorato con tre contrasti di colore. Attivo, esotico e un vero punto di forza.","og_url":"https:\/\/insektenliebe.com\/it\/shop\/prodotto\/merulanella-spec-tricolore\/","og_site_name":"Insektenliebe","article_modified_time":"2026-04-10T10:21:46+00:00","og_image":[{"width":820,"height":820,"url":"https:\/\/insektenliebe.com\/wp-content\/uploads\/2025\/05\/Merulanella-spec.-_Tricolour_-2.jpg","type":"image\/jpeg"}],"twitter_card":"summary_large_image","twitter_misc":{"Disponibilit\u00e0":"Esaurito"},"schema":{"@context":"https:\/\/schema.org","@graph":[{"@type":"WebPage","@id":"https:\/\/insektenliebe.com\/it\/shop\/prodotto\/merulanella-spec-tricolore\/","url":"https:\/\/insektenliebe.com\/it\/shop\/prodotto\/merulanella-spec-tricolore\/","name":"Merulanella spec. \"Tricolore\" - Insektenliebe","isPartOf":{"@id":"https:\/\/insektenliebe.com\/it\/#website"},"primaryImageOfPage":{"@id":"https:\/\/insektenliebe.com\/it\/shop\/prodotto\/merulanella-spec-tricolore\/#primaryimage"},"image":{"@id":"https:\/\/insektenliebe.com\/it\/shop\/prodotto\/merulanella-spec-tricolore\/#primaryimage"},"thumbnailUrl":"https:\/\/insektenliebe.com\/wp-content\/uploads\/2025\/05\/Merulanella-spec.-_Tricolour_-2.jpg","datePublished":"2020-10-02T09:45:28+00:00","dateModified":"2026-04-10T10:21:46+00:00","description":"Merulanella spec. \"Tricolore\" - raro isopode colorato con tre contrasti di colore. Attivo, esotico e un vero punto di forza.","breadcrumb":{"@id":"https:\/\/insektenliebe.com\/it\/shop\/prodotto\/merulanella-spec-tricolore\/#breadcrumb"},"inLanguage":"it-IT","potentialAction":[{"@type":"ReadAction","target":["https:\/\/insektenliebe.com\/it\/shop\/prodotto\/merulanella-spec-tricolore\/"]}]},{"@type":"ImageObject","inLanguage":"it-IT","@id":"https:\/\/insektenliebe.com\/it\/shop\/prodotto\/merulanella-spec-tricolore\/#primaryimage","url":"https:\/\/insektenliebe.com\/wp-content\/uploads\/2025\/05\/Merulanella-spec.-_Tricolour_-2.jpg","contentUrl":"https:\/\/insektenliebe.com\/wp-content\/uploads\/2025\/05\/Merulanella-spec.-_Tricolour_-2.jpg","width":820,"height":820,"caption":"Merulanella-spec.-_Tricolore_-2.jpg"},{"@type":"BreadcrumbList","@id":"https:\/\/insektenliebe.com\/it\/shop\/prodotto\/merulanella-spec-tricolore\/#breadcrumb","itemListElement":[{"@type":"ListItem","position":1,"name":"Startseite","item":"https:\/\/insektenliebe.com\/it\/"},{"@type":"ListItem","position":2,"name":"Negozio","item":"https:\/\/insektenliebe.com\/it\/negozio\/"},{"@type":"ListItem","position":3,"name":"Merulanella spec. \"Tricolore\""}]},{"@type":"WebSite","@id":"https:\/\/insektenliebe.com\/it\/#website","url":"https:\/\/insektenliebe.com\/it\/","name":"Insektenliebe","description":"Dein Zuhause f\u00fcr die kleinen Lebewesen","publisher":{"@id":"https:\/\/insektenliebe.com\/it\/#organization"},"potentialAction":[{"@type":"SearchAction","target":{"@type":"EntryPoint","urlTemplate":"https:\/\/insektenliebe.com\/it\/?s={search_term_string}"},"query-input":{"@type":"PropertyValueSpecification","valueRequired":true,"valueName":"search_term_string"}}],"inLanguage":"it-IT"},{"@type":"Organization","@id":"https:\/\/insektenliebe.com\/it\/#organization","name":"Insektenliebe","url":"https:\/\/insektenliebe.com\/it\/","logo":{"@type":"ImageObject","inLanguage":"it-IT","@id":"https:\/\/insektenliebe.com\/it\/#\/schema\/logo\/image\/","url":"https:\/\/insektenliebe.com\/wp-content\/uploads\/2025\/03\/logo-white.png","contentUrl":"https:\/\/insektenliebe.com\/wp-content\/uploads\/2025\/03\/logo-white.png","width":288,"height":188,"caption":"Insektenliebe"},"image":{"@id":"https:\/\/insektenliebe.com\/it\/#\/schema\/logo\/image\/"}}]},"og_availability":"out of stock","product_availability":"out of stock","product_retailer_item_id":"239","product_condition":"new"},"_links":{"self":[{"href":"https:\/\/insektenliebe.com\/it\/wp-json\/wp\/v2\/product\/185708","targetHints":{"allow":["GET"]}}],"collection":[{"href":"https:\/\/insektenliebe.com\/it\/wp-json\/wp\/v2\/product"}],"about":[{"href":"https:\/\/insektenliebe.com\/it\/wp-json\/wp\/v2\/types\/product"}],"wp:featuredmedia":[{"embeddable":true,"href":"https:\/\/insektenliebe.com\/it\/wp-json\/wp\/v2\/media\/185710"}],"wp:attachment":[{"href":"https:\/\/insektenliebe.com\/it\/wp-json\/wp\/v2\/media?parent=185708"}],"wp:term":[{"taxonomy":"product-supplier","embeddable":true,"href":"https:\/\/insektenliebe.com\/it\/wp-json\/wp\/v2\/product-supplier?post=185708"},{"taxonomy":"product_brand","embeddable":true,"href":"https:\/\/insektenliebe.com\/it\/wp-json\/wp\/v2\/product_brand?post=185708"},{"taxonomy":"product_cat","embeddable":true,"href":"https:\/\/insektenliebe.com\/it\/wp-json\/wp\/v2\/product_cat?post=185708"},{"taxonomy":"product_tag","embeddable":true,"href":"https:\/\/insektenliebe.com\/it\/wp-json\/wp\/v2\/product_tag?post=185708"},{"taxonomy":"lce-checkout-addons","embeddable":true,"href":"https:\/\/insektenliebe.com\/it\/wp-json\/wp\/v2\/lce-checkout-addons?post=185708"}],"curies":[{"name":"wp","href":"https:\/\/api.w.org\/{rel}","templated":true}]}}