{"id":185700,"date":"2021-05-20T12:15:56","date_gmt":"2021-05-20T10:15:56","guid":{"rendered":"https:\/\/insektenliebe.com\/shop\/produkt\/hobby-aqua-pearls-calcio\/"},"modified":"2026-03-05T18:19:23","modified_gmt":"2026-03-05T17:19:23","slug":"hobby-aqua-pearls-calcio","status":"publish","type":"product","link":"https:\/\/insektenliebe.com\/it\/shop\/prodotto\/hobby-aqua-pearls-calcio\/","title":{"rendered":"Hobby Aqua Pearls Calcio"},"content":{"rendered":"<h3><span class=\"s1\" style=\"color: #99cc33;\">Hobby Aqua Pearls Calcium - acqua e calcio in una pratica soluzione<\/span><\/h3>\n<p class=\"p1\"><span class=\"s1\">Il <\/span><strong><span class=\"s2\">Hobby Aqua Pearls Calcium<\/span><\/strong><span class=\"s1\"> offrono un&#8217;opzione semplice e sicura, <\/span><span class=\"s2\">aracnidi, insetti e animali da reddito<\/span><span class=\"s1\">  con l&#8217;acqua. Allo stesso tempo, le speciali perle d&#8217;acqua forniscono un&#8217;ulteriore quantit\u00e0 di acqua.   <\/span><span class=\"s2\">Calcio prezioso<\/span><span class=\"s1\">. Questo favorisce l&#8217;equilibrio minerale dei tuoi animali e allo stesso tempo garantisce un approvvigionamento idrico affidabile.<\/span><\/p>\n<p class=\"p1\"><span class=\"s1\">Molti allevatori di terrari conoscono il problema delle ciotole d&#8217;acqua aperte. I piccoli animali contaminano rapidamente l&#8217;acqua o vi scivolano dentro. C&#8217;\u00e8 anche il rischio di annegare, soprattutto con le specie pi\u00f9 piccole. \u00c8 proprio in questo caso che il     <\/span><span class=\"s2\">Aqua Pearls Calcio<\/span><span class=\"s1\"> una soluzione pratica.<\/span><\/p>\n<p class=\"p1\"><span class=\"s1\">Le piccole perle di gel immagazzinano l&#8217;acqua per un lungo periodo di tempo. Allo stesso tempo, rilasciano lentamente l&#8217;umidit\u00e0. In questo modo si crea un    <\/span><span class=\"s2\">una fonte d&#8217;acqua permanente<\/span><span class=\"s1\">che i tuoi animali possono utilizzare in qualsiasi momento.<\/span><\/p>\n<p class=\"p1\"><span class=\"s1\">Un grande vantaggio \u00e8 l&#8217;elevato livello di sicurezza <\/span><span class=\"s2\">l&#8217;elevato livello di sicurezza per i piccoli abitanti del terrario<\/span><span class=\"s1\">. L&#8217;acqua rimane legata al gel. Pertanto, ragni, scorpioni o insetti non possono annegarvi. Questa propriet\u00e0 \u00e8 particolarmente utile per gli animali giovani o di piccola taglia.  <\/span><\/p>\n<p class=\"p1\"><span class=\"s1\">Le perle d&#8217;acqua contengono anche <\/span><span class=\"s2\">calcio<\/span><span class=\"s1\">che serve a molti invertebrati per costruire il loro esoscheletro. Anche gli insetti nutritori ne traggono beneficio. Se fornisci agli animali da pasto acqua ricca di calcio, aumenti anche il loro valore nutrizionale per gli animali del terrario.  <\/span><\/p>\n<p class=\"p1\"><span class=\"s1\">\u00c8 particolarmente facile da usare. Basta aggiungere una piccola quantit\u00e0   <\/span><span class=\"s2\">Aqua Pearls Calcium in una ciotola per alimenti o un piatto poco profondo<\/span><span class=\"s1\">. I tuoi animali possono cos\u00ec assorbire direttamente l&#8217;umidit\u00e0. Non appena le perle diventano pi\u00f9 piccole o si seccano, puoi facilmente sostituirle con altre nuove. <\/span><\/p>\n<p class=\"p1\"><span class=\"s1\">Le perle d&#8217;acqua sono ideali anche per <\/span><span class=\"s2\">Scatole per la riproduzione, contenitori per l&#8217;allevamento o scatole da trasporto<\/span><span class=\"s1\">. In questo modo mantengono l&#8217;ambiente leggermente umido e allo stesso tempo impediscono agli animali di seccarsi.<\/span><\/p>\n<p class=\"p1\"><span class=\"s1\">Con il <strong><span class=\"s2\">Hobby Aqua Pearls Calcium<\/span><\/strong><\/span><span class=\"s1\">  ottieni una soluzione igienica, sicura e pratica per fornire acqua a ragni, scorpioni, insetti e animali da cibo. Allo stesso tempo, supporterai il fabbisogno di calcio dei tuoi animali e faciliterai la cura quotidiana del terrario. <\/span><\/p>\n","protected":false},"excerpt":{"rendered":"<p>Hobby Aqua Pearls Calcium - acqua e calcio in una pratica soluzione Il Hobby Aqua Pearls Calcium offrono un&#8217;opzione semplice e sicura, aracnidi, insetti e animali da reddito con l&#8217;acqua. Allo stesso tempo, le speciali perle d&#8217;acqua forniscono un&#8217;ulteriore quantit\u00e0 di acqua. Calcio prezioso. Questo favorisce l&#8217;equilibrio minerale dei tuoi animali e allo stesso tempo [&hellip;]<\/p>\n","protected":false},"featured_media":185701,"template":"","meta":{"_acf_changed":false},"product-supplier":[2555],"product_brand":[2739],"product_cat":[2815],"product_tag":[],"lce-checkout-addons":[],"class_list":{"0":"post-185700","1":"product","2":"type-product","3":"status-publish","4":"has-post-thumbnail","6":"product_brand-hobby-terraristica","7":"product_cat-cibo-e-calcio","8":"product_shipping_class-equipment-shipping","10":"first","11":"instock","12":"sale","13":"taxable","14":"shipping-taxable","15":"purchasable","16":"product-type-variable"},"acf":[],"yoast_head":"<!-- This site is optimized with the Yoast SEO plugin v27.3 - https:\/\/yoast.com\/product\/yoast-seo-wordpress\/ -->\n<title>Hobby Aqua Pearls Calcio - Insektenliebe<\/title>\n<meta name=\"description\" content=\"Hobby Aqua Pearls Calcium - perle d&#039;acqua con calcio per ragni, scorpioni e insetti. Un rifornimento d&#039;acqua a lungo termine senza il rischio di annegare.\" \/>\n<meta name=\"robots\" content=\"index, follow, max-snippet:-1, max-image-preview:large, max-video-preview:-1\" \/>\n<link rel=\"canonical\" href=\"https:\/\/insektenliebe.com\/it\/shop\/prodotto\/hobby-aqua-pearls-calcio\/\" \/>\n<meta property=\"og:locale\" content=\"it_IT\" \/>\n<meta property=\"og:type\" content=\"article\" \/>\n<meta property=\"og:title\" content=\"Hobby Aqua Pearls Calcio - Insektenliebe\" \/>\n<meta property=\"og:description\" content=\"Hobby Aqua Pearls Calcium - perle d&#039;acqua con calcio per ragni, scorpioni e insetti. Un rifornimento d&#039;acqua a lungo termine senza il rischio di annegare.\" \/>\n<meta property=\"og:url\" content=\"https:\/\/insektenliebe.com\/it\/shop\/prodotto\/hobby-aqua-pearls-calcio\/\" \/>\n<meta property=\"og:site_name\" content=\"Insektenliebe\" \/>\n<meta property=\"article:modified_time\" content=\"2026-03-05T17:19:23+00:00\" \/>\n<meta property=\"og:image\" content=\"https:\/\/insektenliebe.com\/wp-content\/uploads\/2025\/05\/Hobby-Aqua-Pearls-Calcium-2.jpg\" \/>\n\t<meta property=\"og:image:width\" content=\"820\" \/>\n\t<meta property=\"og:image:height\" content=\"820\" \/>\n\t<meta property=\"og:image:type\" content=\"image\/jpeg\" \/>\n<meta name=\"twitter:card\" content=\"summary_large_image\" \/>\n<meta name=\"twitter:label1\" content=\"Tempo di lettura stimato\" \/>\n\t<meta name=\"twitter:data1\" content=\"2 minuto\" \/>\n<script type=\"application\/ld+json\" class=\"yoast-schema-graph\">{\"@context\":\"https:\\\/\\\/schema.org\",\"@graph\":[{\"@type\":\"WebPage\",\"@id\":\"https:\\\/\\\/insektenliebe.com\\\/it\\\/shop\\\/prodotto\\\/hobby-aqua-pearls-calcio\\\/\",\"url\":\"https:\\\/\\\/insektenliebe.com\\\/it\\\/shop\\\/prodotto\\\/hobby-aqua-pearls-calcio\\\/\",\"name\":\"Hobby Aqua Pearls Calcio - Insektenliebe\",\"isPartOf\":{\"@id\":\"https:\\\/\\\/insektenliebe.com\\\/it\\\/#website\"},\"primaryImageOfPage\":{\"@id\":\"https:\\\/\\\/insektenliebe.com\\\/it\\\/shop\\\/prodotto\\\/hobby-aqua-pearls-calcio\\\/#primaryimage\"},\"image\":{\"@id\":\"https:\\\/\\\/insektenliebe.com\\\/it\\\/shop\\\/prodotto\\\/hobby-aqua-pearls-calcio\\\/#primaryimage\"},\"thumbnailUrl\":\"https:\\\/\\\/insektenliebe.com\\\/wp-content\\\/uploads\\\/2025\\\/05\\\/Hobby-Aqua-Pearls-Calcium-2.jpg\",\"datePublished\":\"2021-05-20T10:15:56+00:00\",\"dateModified\":\"2026-03-05T17:19:23+00:00\",\"description\":\"Hobby Aqua Pearls Calcium - perle d'acqua con calcio per ragni, scorpioni e insetti. Un rifornimento d'acqua a lungo termine senza il rischio di annegare.\",\"breadcrumb\":{\"@id\":\"https:\\\/\\\/insektenliebe.com\\\/it\\\/shop\\\/prodotto\\\/hobby-aqua-pearls-calcio\\\/#breadcrumb\"},\"inLanguage\":\"it-IT\",\"potentialAction\":[{\"@type\":\"ReadAction\",\"target\":[\"https:\\\/\\\/insektenliebe.com\\\/it\\\/shop\\\/prodotto\\\/hobby-aqua-pearls-calcio\\\/\"]}]},{\"@type\":\"ImageObject\",\"inLanguage\":\"it-IT\",\"@id\":\"https:\\\/\\\/insektenliebe.com\\\/it\\\/shop\\\/prodotto\\\/hobby-aqua-pearls-calcio\\\/#primaryimage\",\"url\":\"https:\\\/\\\/insektenliebe.com\\\/wp-content\\\/uploads\\\/2025\\\/05\\\/Hobby-Aqua-Pearls-Calcium-2.jpg\",\"contentUrl\":\"https:\\\/\\\/insektenliebe.com\\\/wp-content\\\/uploads\\\/2025\\\/05\\\/Hobby-Aqua-Pearls-Calcium-2.jpg\",\"width\":820,\"height\":820,\"caption\":\"Hobby-Acqua-Perle-Calcio-2.jpg\"},{\"@type\":\"BreadcrumbList\",\"@id\":\"https:\\\/\\\/insektenliebe.com\\\/it\\\/shop\\\/prodotto\\\/hobby-aqua-pearls-calcio\\\/#breadcrumb\",\"itemListElement\":[{\"@type\":\"ListItem\",\"position\":1,\"name\":\"Startseite\",\"item\":\"https:\\\/\\\/insektenliebe.com\\\/it\\\/\"},{\"@type\":\"ListItem\",\"position\":2,\"name\":\"Negozio\",\"item\":\"https:\\\/\\\/insektenliebe.com\\\/it\\\/negozio\\\/\"},{\"@type\":\"ListItem\",\"position\":3,\"name\":\"Hobby Aqua Pearls Calcio\"}]},{\"@type\":\"WebSite\",\"@id\":\"https:\\\/\\\/insektenliebe.com\\\/it\\\/#website\",\"url\":\"https:\\\/\\\/insektenliebe.com\\\/it\\\/\",\"name\":\"Insektenliebe\",\"description\":\"Dein Zuhause f\u00fcr die kleinen Lebewesen\",\"publisher\":{\"@id\":\"https:\\\/\\\/insektenliebe.com\\\/it\\\/#organization\"},\"potentialAction\":[{\"@type\":\"SearchAction\",\"target\":{\"@type\":\"EntryPoint\",\"urlTemplate\":\"https:\\\/\\\/insektenliebe.com\\\/it\\\/?s={search_term_string}\"},\"query-input\":{\"@type\":\"PropertyValueSpecification\",\"valueRequired\":true,\"valueName\":\"search_term_string\"}}],\"inLanguage\":\"it-IT\"},{\"@type\":\"Organization\",\"@id\":\"https:\\\/\\\/insektenliebe.com\\\/it\\\/#organization\",\"name\":\"Insektenliebe\",\"url\":\"https:\\\/\\\/insektenliebe.com\\\/it\\\/\",\"logo\":{\"@type\":\"ImageObject\",\"inLanguage\":\"it-IT\",\"@id\":\"https:\\\/\\\/insektenliebe.com\\\/it\\\/#\\\/schema\\\/logo\\\/image\\\/\",\"url\":\"https:\\\/\\\/insektenliebe.com\\\/wp-content\\\/uploads\\\/2025\\\/03\\\/logo-white.png\",\"contentUrl\":\"https:\\\/\\\/insektenliebe.com\\\/wp-content\\\/uploads\\\/2025\\\/03\\\/logo-white.png\",\"width\":288,\"height\":188,\"caption\":\"Insektenliebe\"},\"image\":{\"@id\":\"https:\\\/\\\/insektenliebe.com\\\/it\\\/#\\\/schema\\\/logo\\\/image\\\/\"}}]}<\/script>\n<!-- \/ Yoast SEO plugin. -->","yoast_head_json":{"title":"Hobby Aqua Pearls Calcio - Insektenliebe","description":"Hobby Aqua Pearls Calcium - perle d'acqua con calcio per ragni, scorpioni e insetti. Un rifornimento d'acqua a lungo termine senza il rischio di annegare.","robots":{"index":"index","follow":"follow","max-snippet":"max-snippet:-1","max-image-preview":"max-image-preview:large","max-video-preview":"max-video-preview:-1"},"canonical":"https:\/\/insektenliebe.com\/it\/shop\/prodotto\/hobby-aqua-pearls-calcio\/","og_locale":"it_IT","og_type":"article","og_title":"Hobby Aqua Pearls Calcio - Insektenliebe","og_description":"Hobby Aqua Pearls Calcium - perle d'acqua con calcio per ragni, scorpioni e insetti. Un rifornimento d'acqua a lungo termine senza il rischio di annegare.","og_url":"https:\/\/insektenliebe.com\/it\/shop\/prodotto\/hobby-aqua-pearls-calcio\/","og_site_name":"Insektenliebe","article_modified_time":"2026-03-05T17:19:23+00:00","og_image":[{"width":820,"height":820,"url":"https:\/\/insektenliebe.com\/wp-content\/uploads\/2025\/05\/Hobby-Aqua-Pearls-Calcium-2.jpg","type":"image\/jpeg"}],"twitter_card":"summary_large_image","twitter_misc":{"Tempo di lettura stimato":"2 minuto"},"schema":{"@context":"https:\/\/schema.org","@graph":[{"@type":"WebPage","@id":"https:\/\/insektenliebe.com\/it\/shop\/prodotto\/hobby-aqua-pearls-calcio\/","url":"https:\/\/insektenliebe.com\/it\/shop\/prodotto\/hobby-aqua-pearls-calcio\/","name":"Hobby Aqua Pearls Calcio - Insektenliebe","isPartOf":{"@id":"https:\/\/insektenliebe.com\/it\/#website"},"primaryImageOfPage":{"@id":"https:\/\/insektenliebe.com\/it\/shop\/prodotto\/hobby-aqua-pearls-calcio\/#primaryimage"},"image":{"@id":"https:\/\/insektenliebe.com\/it\/shop\/prodotto\/hobby-aqua-pearls-calcio\/#primaryimage"},"thumbnailUrl":"https:\/\/insektenliebe.com\/wp-content\/uploads\/2025\/05\/Hobby-Aqua-Pearls-Calcium-2.jpg","datePublished":"2021-05-20T10:15:56+00:00","dateModified":"2026-03-05T17:19:23+00:00","description":"Hobby Aqua Pearls Calcium - perle d'acqua con calcio per ragni, scorpioni e insetti. Un rifornimento d'acqua a lungo termine senza il rischio di annegare.","breadcrumb":{"@id":"https:\/\/insektenliebe.com\/it\/shop\/prodotto\/hobby-aqua-pearls-calcio\/#breadcrumb"},"inLanguage":"it-IT","potentialAction":[{"@type":"ReadAction","target":["https:\/\/insektenliebe.com\/it\/shop\/prodotto\/hobby-aqua-pearls-calcio\/"]}]},{"@type":"ImageObject","inLanguage":"it-IT","@id":"https:\/\/insektenliebe.com\/it\/shop\/prodotto\/hobby-aqua-pearls-calcio\/#primaryimage","url":"https:\/\/insektenliebe.com\/wp-content\/uploads\/2025\/05\/Hobby-Aqua-Pearls-Calcium-2.jpg","contentUrl":"https:\/\/insektenliebe.com\/wp-content\/uploads\/2025\/05\/Hobby-Aqua-Pearls-Calcium-2.jpg","width":820,"height":820,"caption":"Hobby-Acqua-Perle-Calcio-2.jpg"},{"@type":"BreadcrumbList","@id":"https:\/\/insektenliebe.com\/it\/shop\/prodotto\/hobby-aqua-pearls-calcio\/#breadcrumb","itemListElement":[{"@type":"ListItem","position":1,"name":"Startseite","item":"https:\/\/insektenliebe.com\/it\/"},{"@type":"ListItem","position":2,"name":"Negozio","item":"https:\/\/insektenliebe.com\/it\/negozio\/"},{"@type":"ListItem","position":3,"name":"Hobby Aqua Pearls Calcio"}]},{"@type":"WebSite","@id":"https:\/\/insektenliebe.com\/it\/#website","url":"https:\/\/insektenliebe.com\/it\/","name":"Insektenliebe","description":"Dein Zuhause f\u00fcr die kleinen Lebewesen","publisher":{"@id":"https:\/\/insektenliebe.com\/it\/#organization"},"potentialAction":[{"@type":"SearchAction","target":{"@type":"EntryPoint","urlTemplate":"https:\/\/insektenliebe.com\/it\/?s={search_term_string}"},"query-input":{"@type":"PropertyValueSpecification","valueRequired":true,"valueName":"search_term_string"}}],"inLanguage":"it-IT"},{"@type":"Organization","@id":"https:\/\/insektenliebe.com\/it\/#organization","name":"Insektenliebe","url":"https:\/\/insektenliebe.com\/it\/","logo":{"@type":"ImageObject","inLanguage":"it-IT","@id":"https:\/\/insektenliebe.com\/it\/#\/schema\/logo\/image\/","url":"https:\/\/insektenliebe.com\/wp-content\/uploads\/2025\/03\/logo-white.png","contentUrl":"https:\/\/insektenliebe.com\/wp-content\/uploads\/2025\/03\/logo-white.png","width":288,"height":188,"caption":"Insektenliebe"},"image":{"@id":"https:\/\/insektenliebe.com\/it\/#\/schema\/logo\/image\/"}}]}},"_links":{"self":[{"href":"https:\/\/insektenliebe.com\/it\/wp-json\/wp\/v2\/product\/185700","targetHints":{"allow":["GET"]}}],"collection":[{"href":"https:\/\/insektenliebe.com\/it\/wp-json\/wp\/v2\/product"}],"about":[{"href":"https:\/\/insektenliebe.com\/it\/wp-json\/wp\/v2\/types\/product"}],"wp:featuredmedia":[{"embeddable":true,"href":"https:\/\/insektenliebe.com\/it\/wp-json\/wp\/v2\/media\/185701"}],"wp:attachment":[{"href":"https:\/\/insektenliebe.com\/it\/wp-json\/wp\/v2\/media?parent=185700"}],"wp:term":[{"taxonomy":"product-supplier","embeddable":true,"href":"https:\/\/insektenliebe.com\/it\/wp-json\/wp\/v2\/product-supplier?post=185700"},{"taxonomy":"product_brand","embeddable":true,"href":"https:\/\/insektenliebe.com\/it\/wp-json\/wp\/v2\/product_brand?post=185700"},{"taxonomy":"product_cat","embeddable":true,"href":"https:\/\/insektenliebe.com\/it\/wp-json\/wp\/v2\/product_cat?post=185700"},{"taxonomy":"product_tag","embeddable":true,"href":"https:\/\/insektenliebe.com\/it\/wp-json\/wp\/v2\/product_tag?post=185700"},{"taxonomy":"lce-checkout-addons","embeddable":true,"href":"https:\/\/insektenliebe.com\/it\/wp-json\/wp\/v2\/lce-checkout-addons?post=185700"}],"curies":[{"name":"wp","href":"https:\/\/api.w.org\/{rel}","templated":true}]}}