{"id":185635,"date":"2020-07-04T09:39:07","date_gmt":"2020-07-04T09:39:07","guid":{"rendered":"https:\/\/insektenliebe.com\/shop\/produkt\/brachypelma-emilia\/"},"modified":"2026-04-19T07:31:42","modified_gmt":"2026-04-19T05:31:42","slug":"brachypelma-emilia","status":"publish","type":"product","link":"https:\/\/insektenliebe.com\/it\/shop\/prodotto\/brachypelma-emilia\/","title":{"rendered":"Brachypelma emilia"},"content":{"rendered":"<h3 class=\"p1\"><span style=\"color: #99cc33;\"><strong><span class=\"s1\">Brachypelma emilia - La bellezza delicata con il sorprendente motivo triangolare<\/span><\/strong><\/span><\/h3>\n<p class=\"p1\">La <strong>Brachypelma emilia<\/strong>, nota anche come tarantola dalle zampe arancioni, affascina con la sua colorazione nero-arancione mozzafiato, che la rende una delle specie di tarantola pi\u00f9 belle al mondo. Con una lunghezza del corpo di circa 5-6 cm, questo ragno si presenta in tutto il suo splendore. La parte anteriore del corpo e l&#8217;addome sono colorati con una combinazione unica di nero e arancione, che le conferisce un aspetto inconfondibile. I colori intensi e i contrasti rendono la <strong>Brachypelma emilia<\/strong> un vero e proprio richiamo visivo in qualsiasi terrario.   <\/p>\n<p class=\"p1\">Sebbene il <strong>Brachypelma emilia<\/strong> sia generalmente calmo e pacifico, \u00e8 uno dei ragni bombardieri che pu\u00f2 utilizzare i suoi meccanismi di difesa, come l&#8217;espulsione di peli urticanti, in caso di pericolo. \u00c8 quindi importante maneggiare questa specie con cura ed evitare possibili irritazioni. La tarantola emiliana \u00e8 originaria del Messico e abita principalmente paesaggi stepposi e aree agricole. Le loro tane si trovano spesso a diversi metri di profondit\u00e0, il che le aiuta a sopravvivere agli incendi boschivi.   <\/p>\n<p class=\"p1\">A causa del suo meccanismo di difesa, \u00e8 consigliabile avere esperienza nell&#8217;affrontare un ragno bombardiere, poich\u00e9 pu\u00f2 utilizzare i suoi peli urticanti se solo leggermente irritato. Questi peli urticanti possono causare prurito e difficolt\u00e0 respiratorie. <\/p>\n<p>Per una <strong>Brachypelma emilia <\/strong>\u00e8 importante creare un terrario che si avvicini il pi\u00f9 possibile al suo habitat naturale. Il substrato gioca un ruolo decisivo in questo senso. Dovrebbe avere un&#8217;altezza di riempimento sufficiente, di almeno 15 cm, per fornire al ragno sufficienti opportunit\u00e0 di scavare. \u00c8 particolarmente importante che il substrato abbia un contenuto di argilla per soddisfare le esigenze degli animali. Per una composizione ottimale, utilizziamo una miscela di humus forestale e sabbia del deserto in un rapporto di 1:1. Il contenuto di argilla nel substrato offre al ragno l&#8217;opportunit\u00e0 di formare le sue tane e i suoi tunnel, il che corrisponde al suo comportamento naturale. Utilizzando questa speciale miscela di substrato, creiamo le condizioni di vita ideali per la tarantola dalle zampe arancioni e le permettiamo di scavare e nascondersi nel terrario in modo adeguato alla specie.      <\/p>\n<p>Oltre a un substrato adatto, si consiglia di inserire nel terrario diversi nascondigli e piante. Questi creano un ambiente quasi naturale e offrono al <strong>Brachypelma emilia<\/strong> condizioni ottimali. Vari nascondigli come grotte o radici permettono al ragno di ritirarsi e sentirsi al sicuro. La presenza di piante nel terrario contribuisce all&#8217;umidit\u00e0 e fornisce ulteriore protezione e ombra. Per quanto riguarda le dimensioni del terrario, un cubo di 30 x 30 x 30 cm \u00e8 solitamente sufficiente per un <strong>Brachypelma emilia<\/strong> adulto. Offre spazio sufficiente al ragno per muoversi e mostrare il suo comportamento naturale. Con un terrario di dimensioni adeguate e un design quasi naturale, puoi creare condizioni di vita ottimali per la tua tarantola.      <\/p>\n<p class=\"p1\">La temperatura del terrario deve essere compresa tra i 22 \u00b0C e i 27 \u00b0C durante il giorno, mentre pu\u00f2 essere leggermente abbassata di notte. Un&#8217;illuminazione di 8-10 ore al giorno garantisce una temperatura costante. L&#8217;umidit\u00e0 nel terrario deve essere compresa tra il 60% e il 70% per garantire il benessere della <strong>Brachypelma emilia<\/strong>.  <\/p>\n<p class=\"p1\">Il <strong>Brachypelma emilia<\/strong> predilige una dieta variegata composta da grilli, grillini e scarafaggi. Questi alimenti forniscono un apporto bilanciato di nutrienti e coprono il fabbisogno di proteine e altri importanti nutrienti. Un intervallo di alimentazione di circa quindici giorni \u00e8 di solito sufficiente a mantenere il ragno rifornito. Tuttavia, \u00e8 importante assicurarsi che gli animali non mangiati vengano rapidamente rimossi dal terrario. Controllare regolarmente l&#8217;assunzione di cibo e rimuovere gli animali non mangiati non solo \u00e8 importante per garantire un ambiente pulito e igienico nel terrario, ma serve anche a proteggere la tarantola durante il processo di muta. Se gli animali non mangiati rimangono nel terrario, c&#8217;\u00e8 il rischio che possano rosicchiare il ragno durante il processo di muta e causare lesioni.     <\/p>\n<p class=\"p1\">In generale, <strong>Brachypelma emilia<\/strong> \u00e8 una specie di tarantola tranquilla che pu\u00f2 essere maneggiata in modo simile a Brachypelma hamorii. Quando la si maneggia nel terrario, \u00e8 importante mantenere la calma per non irritare il ragno ed evitare attacchi. <\/p>\n<p class=\"p1\"><strong>Nota sull&#8217;obbligo di rendicontazione:<\/strong><b><\/b><\/p>\n<p class=\"p1\">Questa specie di tarantola \u00e8 soggetta a registrazione obbligatoria. La legge richiede una prova di origine per questo animale. Se ordini da noi una specie soggetta a registrazione, riceverai automaticamente un link per scaricare il relativo certificato con la conferma dell&#8217;ordine. In questo modo avrai subito a portata di mano tutti i documenti necessari e potrai conservarli in formato digitale o stampato.   <\/p>\n","protected":false},"excerpt":{"rendered":"<p>Brachypelma emilia - La bellezza delicata con il sorprendente motivo triangolare La Brachypelma emilia, nota anche come tarantola dalle zampe arancioni, affascina con la sua colorazione nero-arancione mozzafiato, che la rende una delle specie di tarantola pi\u00f9 belle al mondo. Con una lunghezza del corpo di circa 5-6 cm, questo ragno si presenta in tutto [&hellip;]<\/p>\n","protected":false},"featured_media":184787,"template":"","meta":{"_acf_changed":false},"product-supplier":[],"product_brand":[],"product_cat":[2809,3004],"product_tag":[],"lce-checkout-addons":[2746],"class_list":{"0":"post-185635","1":"product","2":"type-product","3":"status-publish","4":"has-post-thumbnail","6":"product_cat-ragni","7":"product_cat-tarantole","8":"product_shipping_class-spedizione-di-animali","9":"pa_geschlecht-donna","10":"pa_geschlecht-indeterminato","11":"pa_geschlecht-uomo","12":"pa_herkunft-messico","13":"pa_kontinent-nord-america","14":"lce-checkout-addons-imballaggio-invernale","16":"first","17":"instock","18":"sale","19":"taxable","20":"shipping-taxable","21":"purchasable","22":"product-type-variable"},"acf":[],"yoast_head":"<!-- This site is optimized with the Yoast SEO plugin v27.3 - https:\/\/yoast.com\/product\/yoast-seo-wordpress\/ -->\n<title>Brachypelma emilia - Insektenliebe<\/title>\n<meta name=\"description\" content=\"Acquista a buon mercato la Brachypelma emilia direttamente online. La famosa tarantola pu\u00f2 essere acquistata qui direttamente dall&#039;allevatore. Adatta anche ai principianti!\" \/>\n<meta name=\"robots\" content=\"index, follow, max-snippet:-1, max-image-preview:large, max-video-preview:-1\" \/>\n<link rel=\"canonical\" href=\"https:\/\/insektenliebe.com\/it\/shop\/prodotto\/brachypelma-emilia\/\" \/>\n<meta property=\"og:locale\" content=\"it_IT\" \/>\n<meta property=\"og:type\" content=\"article\" \/>\n<meta property=\"og:title\" content=\"Brachypelma emilia - Insektenliebe\" \/>\n<meta property=\"og:description\" content=\"Acquista a buon mercato la Brachypelma emilia direttamente online. La famosa tarantola pu\u00f2 essere acquistata qui direttamente dall&#039;allevatore. Adatta anche ai principianti!\" \/>\n<meta property=\"og:url\" content=\"https:\/\/insektenliebe.com\/it\/shop\/prodotto\/brachypelma-emilia\/\" \/>\n<meta property=\"og:site_name\" content=\"Insektenliebe\" \/>\n<meta property=\"article:modified_time\" content=\"2026-04-19T05:31:42+00:00\" \/>\n<meta property=\"og:image\" content=\"https:\/\/insektenliebe.com\/wp-content\/uploads\/2020\/07\/Brachypelma-emilia-3.jpg\" \/>\n\t<meta property=\"og:image:width\" content=\"820\" \/>\n\t<meta property=\"og:image:height\" content=\"820\" \/>\n\t<meta property=\"og:image:type\" content=\"image\/jpeg\" \/>\n<meta name=\"twitter:card\" content=\"summary_large_image\" \/>\n<meta name=\"twitter:label1\" content=\"Tempo di lettura stimato\" \/>\n\t<meta name=\"twitter:data1\" content=\"4 minuto\" \/>\n<script type=\"application\/ld+json\" class=\"yoast-schema-graph\">{\"@context\":\"https:\\\/\\\/schema.org\",\"@graph\":[{\"@type\":\"WebPage\",\"@id\":\"https:\\\/\\\/insektenliebe.com\\\/it\\\/shop\\\/prodotto\\\/brachypelma-emilia\\\/\",\"url\":\"https:\\\/\\\/insektenliebe.com\\\/it\\\/shop\\\/prodotto\\\/brachypelma-emilia\\\/\",\"name\":\"Brachypelma emilia - Insektenliebe\",\"isPartOf\":{\"@id\":\"https:\\\/\\\/insektenliebe.com\\\/it\\\/#website\"},\"primaryImageOfPage\":{\"@id\":\"https:\\\/\\\/insektenliebe.com\\\/it\\\/shop\\\/prodotto\\\/brachypelma-emilia\\\/#primaryimage\"},\"image\":{\"@id\":\"https:\\\/\\\/insektenliebe.com\\\/it\\\/shop\\\/prodotto\\\/brachypelma-emilia\\\/#primaryimage\"},\"thumbnailUrl\":\"https:\\\/\\\/insektenliebe.com\\\/wp-content\\\/uploads\\\/2020\\\/07\\\/Brachypelma-emilia-3.jpg\",\"datePublished\":\"2020-07-04T09:39:07+00:00\",\"dateModified\":\"2026-04-19T05:31:42+00:00\",\"description\":\"Acquista a buon mercato la Brachypelma emilia direttamente online. La famosa tarantola pu\u00f2 essere acquistata qui direttamente dall'allevatore. Adatta anche ai principianti!\",\"breadcrumb\":{\"@id\":\"https:\\\/\\\/insektenliebe.com\\\/it\\\/shop\\\/prodotto\\\/brachypelma-emilia\\\/#breadcrumb\"},\"inLanguage\":\"it-IT\",\"potentialAction\":[{\"@type\":\"ReadAction\",\"target\":[\"https:\\\/\\\/insektenliebe.com\\\/it\\\/shop\\\/prodotto\\\/brachypelma-emilia\\\/\"]}]},{\"@type\":\"ImageObject\",\"inLanguage\":\"it-IT\",\"@id\":\"https:\\\/\\\/insektenliebe.com\\\/it\\\/shop\\\/prodotto\\\/brachypelma-emilia\\\/#primaryimage\",\"url\":\"https:\\\/\\\/insektenliebe.com\\\/wp-content\\\/uploads\\\/2020\\\/07\\\/Brachypelma-emilia-3.jpg\",\"contentUrl\":\"https:\\\/\\\/insektenliebe.com\\\/wp-content\\\/uploads\\\/2020\\\/07\\\/Brachypelma-emilia-3.jpg\",\"width\":820,\"height\":820,\"caption\":\"Brachypelma emilia\"},{\"@type\":\"BreadcrumbList\",\"@id\":\"https:\\\/\\\/insektenliebe.com\\\/it\\\/shop\\\/prodotto\\\/brachypelma-emilia\\\/#breadcrumb\",\"itemListElement\":[{\"@type\":\"ListItem\",\"position\":1,\"name\":\"Startseite\",\"item\":\"https:\\\/\\\/insektenliebe.com\\\/it\\\/\"},{\"@type\":\"ListItem\",\"position\":2,\"name\":\"Negozio\",\"item\":\"https:\\\/\\\/insektenliebe.com\\\/it\\\/negozio\\\/\"},{\"@type\":\"ListItem\",\"position\":3,\"name\":\"Brachypelma emilia\"}]},{\"@type\":\"WebSite\",\"@id\":\"https:\\\/\\\/insektenliebe.com\\\/it\\\/#website\",\"url\":\"https:\\\/\\\/insektenliebe.com\\\/it\\\/\",\"name\":\"Insektenliebe\",\"description\":\"Dein Zuhause f\u00fcr die kleinen Lebewesen\",\"publisher\":{\"@id\":\"https:\\\/\\\/insektenliebe.com\\\/it\\\/#organization\"},\"potentialAction\":[{\"@type\":\"SearchAction\",\"target\":{\"@type\":\"EntryPoint\",\"urlTemplate\":\"https:\\\/\\\/insektenliebe.com\\\/it\\\/?s={search_term_string}\"},\"query-input\":{\"@type\":\"PropertyValueSpecification\",\"valueRequired\":true,\"valueName\":\"search_term_string\"}}],\"inLanguage\":\"it-IT\"},{\"@type\":\"Organization\",\"@id\":\"https:\\\/\\\/insektenliebe.com\\\/it\\\/#organization\",\"name\":\"Insektenliebe\",\"url\":\"https:\\\/\\\/insektenliebe.com\\\/it\\\/\",\"logo\":{\"@type\":\"ImageObject\",\"inLanguage\":\"it-IT\",\"@id\":\"https:\\\/\\\/insektenliebe.com\\\/it\\\/#\\\/schema\\\/logo\\\/image\\\/\",\"url\":\"https:\\\/\\\/insektenliebe.com\\\/wp-content\\\/uploads\\\/2025\\\/03\\\/logo-white.png\",\"contentUrl\":\"https:\\\/\\\/insektenliebe.com\\\/wp-content\\\/uploads\\\/2025\\\/03\\\/logo-white.png\",\"width\":288,\"height\":188,\"caption\":\"Insektenliebe\"},\"image\":{\"@id\":\"https:\\\/\\\/insektenliebe.com\\\/it\\\/#\\\/schema\\\/logo\\\/image\\\/\"}}]}<\/script>\n<!-- \/ Yoast SEO plugin. -->","yoast_head_json":{"title":"Brachypelma emilia - Insektenliebe","description":"Acquista a buon mercato la Brachypelma emilia direttamente online. La famosa tarantola pu\u00f2 essere acquistata qui direttamente dall'allevatore. Adatta anche ai principianti!","robots":{"index":"index","follow":"follow","max-snippet":"max-snippet:-1","max-image-preview":"max-image-preview:large","max-video-preview":"max-video-preview:-1"},"canonical":"https:\/\/insektenliebe.com\/it\/shop\/prodotto\/brachypelma-emilia\/","og_locale":"it_IT","og_type":"article","og_title":"Brachypelma emilia - Insektenliebe","og_description":"Acquista a buon mercato la Brachypelma emilia direttamente online. La famosa tarantola pu\u00f2 essere acquistata qui direttamente dall'allevatore. Adatta anche ai principianti!","og_url":"https:\/\/insektenliebe.com\/it\/shop\/prodotto\/brachypelma-emilia\/","og_site_name":"Insektenliebe","article_modified_time":"2026-04-19T05:31:42+00:00","og_image":[{"width":820,"height":820,"url":"https:\/\/insektenliebe.com\/wp-content\/uploads\/2020\/07\/Brachypelma-emilia-3.jpg","type":"image\/jpeg"}],"twitter_card":"summary_large_image","twitter_misc":{"Tempo di lettura stimato":"4 minuto"},"schema":{"@context":"https:\/\/schema.org","@graph":[{"@type":"WebPage","@id":"https:\/\/insektenliebe.com\/it\/shop\/prodotto\/brachypelma-emilia\/","url":"https:\/\/insektenliebe.com\/it\/shop\/prodotto\/brachypelma-emilia\/","name":"Brachypelma emilia - Insektenliebe","isPartOf":{"@id":"https:\/\/insektenliebe.com\/it\/#website"},"primaryImageOfPage":{"@id":"https:\/\/insektenliebe.com\/it\/shop\/prodotto\/brachypelma-emilia\/#primaryimage"},"image":{"@id":"https:\/\/insektenliebe.com\/it\/shop\/prodotto\/brachypelma-emilia\/#primaryimage"},"thumbnailUrl":"https:\/\/insektenliebe.com\/wp-content\/uploads\/2020\/07\/Brachypelma-emilia-3.jpg","datePublished":"2020-07-04T09:39:07+00:00","dateModified":"2026-04-19T05:31:42+00:00","description":"Acquista a buon mercato la Brachypelma emilia direttamente online. La famosa tarantola pu\u00f2 essere acquistata qui direttamente dall'allevatore. Adatta anche ai principianti!","breadcrumb":{"@id":"https:\/\/insektenliebe.com\/it\/shop\/prodotto\/brachypelma-emilia\/#breadcrumb"},"inLanguage":"it-IT","potentialAction":[{"@type":"ReadAction","target":["https:\/\/insektenliebe.com\/it\/shop\/prodotto\/brachypelma-emilia\/"]}]},{"@type":"ImageObject","inLanguage":"it-IT","@id":"https:\/\/insektenliebe.com\/it\/shop\/prodotto\/brachypelma-emilia\/#primaryimage","url":"https:\/\/insektenliebe.com\/wp-content\/uploads\/2020\/07\/Brachypelma-emilia-3.jpg","contentUrl":"https:\/\/insektenliebe.com\/wp-content\/uploads\/2020\/07\/Brachypelma-emilia-3.jpg","width":820,"height":820,"caption":"Brachypelma emilia"},{"@type":"BreadcrumbList","@id":"https:\/\/insektenliebe.com\/it\/shop\/prodotto\/brachypelma-emilia\/#breadcrumb","itemListElement":[{"@type":"ListItem","position":1,"name":"Startseite","item":"https:\/\/insektenliebe.com\/it\/"},{"@type":"ListItem","position":2,"name":"Negozio","item":"https:\/\/insektenliebe.com\/it\/negozio\/"},{"@type":"ListItem","position":3,"name":"Brachypelma emilia"}]},{"@type":"WebSite","@id":"https:\/\/insektenliebe.com\/it\/#website","url":"https:\/\/insektenliebe.com\/it\/","name":"Insektenliebe","description":"Dein Zuhause f\u00fcr die kleinen Lebewesen","publisher":{"@id":"https:\/\/insektenliebe.com\/it\/#organization"},"potentialAction":[{"@type":"SearchAction","target":{"@type":"EntryPoint","urlTemplate":"https:\/\/insektenliebe.com\/it\/?s={search_term_string}"},"query-input":{"@type":"PropertyValueSpecification","valueRequired":true,"valueName":"search_term_string"}}],"inLanguage":"it-IT"},{"@type":"Organization","@id":"https:\/\/insektenliebe.com\/it\/#organization","name":"Insektenliebe","url":"https:\/\/insektenliebe.com\/it\/","logo":{"@type":"ImageObject","inLanguage":"it-IT","@id":"https:\/\/insektenliebe.com\/it\/#\/schema\/logo\/image\/","url":"https:\/\/insektenliebe.com\/wp-content\/uploads\/2025\/03\/logo-white.png","contentUrl":"https:\/\/insektenliebe.com\/wp-content\/uploads\/2025\/03\/logo-white.png","width":288,"height":188,"caption":"Insektenliebe"},"image":{"@id":"https:\/\/insektenliebe.com\/it\/#\/schema\/logo\/image\/"}}]}},"_links":{"self":[{"href":"https:\/\/insektenliebe.com\/it\/wp-json\/wp\/v2\/product\/185635","targetHints":{"allow":["GET"]}}],"collection":[{"href":"https:\/\/insektenliebe.com\/it\/wp-json\/wp\/v2\/product"}],"about":[{"href":"https:\/\/insektenliebe.com\/it\/wp-json\/wp\/v2\/types\/product"}],"wp:featuredmedia":[{"embeddable":true,"href":"https:\/\/insektenliebe.com\/it\/wp-json\/wp\/v2\/media\/184787"}],"wp:attachment":[{"href":"https:\/\/insektenliebe.com\/it\/wp-json\/wp\/v2\/media?parent=185635"}],"wp:term":[{"taxonomy":"product-supplier","embeddable":true,"href":"https:\/\/insektenliebe.com\/it\/wp-json\/wp\/v2\/product-supplier?post=185635"},{"taxonomy":"product_brand","embeddable":true,"href":"https:\/\/insektenliebe.com\/it\/wp-json\/wp\/v2\/product_brand?post=185635"},{"taxonomy":"product_cat","embeddable":true,"href":"https:\/\/insektenliebe.com\/it\/wp-json\/wp\/v2\/product_cat?post=185635"},{"taxonomy":"product_tag","embeddable":true,"href":"https:\/\/insektenliebe.com\/it\/wp-json\/wp\/v2\/product_tag?post=185635"},{"taxonomy":"lce-checkout-addons","embeddable":true,"href":"https:\/\/insektenliebe.com\/it\/wp-json\/wp\/v2\/lce-checkout-addons?post=185635"}],"curies":[{"name":"wp","href":"https:\/\/api.w.org\/{rel}","templated":true}]}}