{"id":185630,"date":"2020-07-24T10:00:35","date_gmt":"2020-07-24T10:00:35","guid":{"rendered":"https:\/\/insektenliebe.com\/shop\/produkt\/sungaya-inexpectata-cavalletta-fantasma-delle-filippine\/"},"modified":"2020-07-24T10:00:35","modified_gmt":"2020-07-24T08:00:35","slug":"sungaya-inexpectata-cavalletta-fantasma-delle-filippine","status":"publish","type":"product","link":"https:\/\/insektenliebe.com\/it\/shop\/prodotto\/sungaya-inexpectata-cavalletta-fantasma-delle-filippine\/","title":{"rendered":"Sungaya inexpectata \"Cavalletta fantasma delle Filippine\""},"content":{"rendered":"<p>Breve descrizione dell&#8217;insetto fantasma delle Filippine:<\/p>\n<p>Gli animali hanno bisogno di temperature comprese tra i 22 e i 28 \u00b0C e di un&#8217;umidit\u00e0 compresa tra il 60 e l&#8217;80%. Questo risultato pu\u00f2 essere ottenuto spruzzando il terrario ogni due giorni. La quantit\u00e0 di acqua dipende dalle dimensioni del terrario e dalle aree di ventilazione. La Sungaya inexpectata \"Philippine Ghost Grasshopper Lowland\" ama stare nascosta durante il giorno su parti di piante preferibilmente di colore simile a quello degli animali stessi. Puoi quindi offrire loro dei rami secchi di legno duro marrone nel terrario. A loro piace mangiare le foglie di mora, che sono facili da ottenere durante tutto l&#8217;anno, il che li rende molto semplici da tenere in terrario. Le piante da mangiare vanno collocate nel terrario sotto forma di rami frondosi, preferibilmente in vasi dal collo stretto. Le uova vengono semplicemente lasciate cadere a terra dalle femmine. Si schiudono dopo circa 4-6 mesi, a seconda della temperatura. Gli animali hanno bisogno di circa 3-4 mesi per raggiungere la maturit\u00e0 sessuale.         <\/p>\n<p><strong>Umidit\u00e0: <\/strong>60-80%<\/p>\n<p><strong>Cibo:  <\/strong><\/p>\n<ul>\n<li>Foglie di mora<\/li>\n<li>Foglie di lampone<\/li>\n<li>Foglie di quercia<\/li>\n<li>Foglie di nocciola<\/li>\n<li>Foglie di cespuglio di rose<\/li>\n<\/ul>\n","protected":false},"excerpt":{"rendered":"<p>Specie di insetti fantasma poco impegnative e adatte anche ai bambini.<\/p>\n","protected":false},"featured_media":185632,"template":"","meta":{"_acf_changed":false},"product-supplier":[],"product_brand":[],"product_cat":[2829],"product_tag":[],"lce-checkout-addons":[2746],"class_list":{"0":"post-185630","1":"product","2":"type-product","3":"status-publish","4":"has-post-thumbnail","6":"product_cat-altri-invertebrati","7":"product_shipping_class-spedizione-di-animali","8":"pa_herkunft-filippine","9":"pa_kontinent-asia","10":"lce-checkout-addons-imballaggio-invernale","12":"first","13":"outofstock","14":"taxable","15":"shipping-taxable","16":"product-type-variable"},"acf":[],"yoast_head":"<!-- This site is optimized with the Yoast SEO plugin v27.3 - https:\/\/yoast.com\/product\/yoast-seo-wordpress\/ -->\n<title>Sungaya inexpectata &quot;Cavalletta fantasma delle Filippine&quot; - Insektenliebe<\/title>\n<meta name=\"description\" content=\"Acquista a buon mercato Sungaya inexpectata &quot;Cavalletta fantasma filippina di pianura&quot; direttamente online. Nel nostro negozio offriamo esemplari di questa specie di insetto fantasma allevati in cattivit\u00e0.\" \/>\n<meta name=\"robots\" content=\"index, follow, max-snippet:-1, max-image-preview:large, max-video-preview:-1\" \/>\n<link rel=\"canonical\" href=\"https:\/\/insektenliebe.com\/it\/shop\/prodotto\/sungaya-inexpectata-cavalletta-fantasma-delle-filippine\/\" \/>\n<meta property=\"og:locale\" content=\"it_IT\" \/>\n<meta property=\"og:type\" content=\"article\" \/>\n<meta property=\"og:title\" content=\"Sungaya inexpectata &quot;Cavalletta fantasma delle Filippine&quot; - Insektenliebe\" \/>\n<meta property=\"og:description\" content=\"Acquista a buon mercato Sungaya inexpectata &quot;Cavalletta fantasma filippina di pianura&quot; direttamente online. Nel nostro negozio offriamo esemplari di questa specie di insetto fantasma allevati in cattivit\u00e0.\" \/>\n<meta property=\"og:url\" content=\"https:\/\/insektenliebe.com\/it\/shop\/prodotto\/sungaya-inexpectata-cavalletta-fantasma-delle-filippine\/\" \/>\n<meta property=\"og:site_name\" content=\"Insektenliebe\" \/>\n<meta property=\"og:image\" content=\"https:\/\/insektenliebe.com\/wp-content\/uploads\/2025\/05\/Sungaya-inexpectata-scaled-3.jpg\" \/>\n\t<meta property=\"og:image:width\" content=\"2560\" \/>\n\t<meta property=\"og:image:height\" content=\"1707\" \/>\n\t<meta property=\"og:image:type\" content=\"image\/jpeg\" \/>\n<meta name=\"twitter:card\" content=\"summary_large_image\" \/>\n<meta name=\"twitter:label1\" content=\"Tempo di lettura stimato\" \/>\n\t<meta name=\"twitter:data1\" content=\"1 minuto\" \/>\n<script type=\"application\/ld+json\" class=\"yoast-schema-graph\">{\"@context\":\"https:\\\/\\\/schema.org\",\"@graph\":[{\"@type\":\"WebPage\",\"@id\":\"https:\\\/\\\/insektenliebe.com\\\/it\\\/shop\\\/prodotto\\\/sungaya-inexpectata-cavalletta-fantasma-delle-filippine\\\/\",\"url\":\"https:\\\/\\\/insektenliebe.com\\\/it\\\/shop\\\/prodotto\\\/sungaya-inexpectata-cavalletta-fantasma-delle-filippine\\\/\",\"name\":\"Sungaya inexpectata \\\"Cavalletta fantasma delle Filippine\\\" - Insektenliebe\",\"isPartOf\":{\"@id\":\"https:\\\/\\\/insektenliebe.com\\\/it\\\/#website\"},\"primaryImageOfPage\":{\"@id\":\"https:\\\/\\\/insektenliebe.com\\\/it\\\/shop\\\/prodotto\\\/sungaya-inexpectata-cavalletta-fantasma-delle-filippine\\\/#primaryimage\"},\"image\":{\"@id\":\"https:\\\/\\\/insektenliebe.com\\\/it\\\/shop\\\/prodotto\\\/sungaya-inexpectata-cavalletta-fantasma-delle-filippine\\\/#primaryimage\"},\"thumbnailUrl\":\"https:\\\/\\\/insektenliebe.com\\\/wp-content\\\/uploads\\\/2025\\\/05\\\/Sungaya-inexpectata-scaled-3.jpg\",\"datePublished\":\"2020-07-24T10:00:35+00:00\",\"description\":\"Acquista a buon mercato Sungaya inexpectata \\\"Cavalletta fantasma filippina di pianura\\\" direttamente online. Nel nostro negozio offriamo esemplari di questa specie di insetto fantasma allevati in cattivit\u00e0.\",\"breadcrumb\":{\"@id\":\"https:\\\/\\\/insektenliebe.com\\\/it\\\/shop\\\/prodotto\\\/sungaya-inexpectata-cavalletta-fantasma-delle-filippine\\\/#breadcrumb\"},\"inLanguage\":\"it-IT\",\"potentialAction\":[{\"@type\":\"ReadAction\",\"target\":[\"https:\\\/\\\/insektenliebe.com\\\/it\\\/shop\\\/prodotto\\\/sungaya-inexpectata-cavalletta-fantasma-delle-filippine\\\/\"]}]},{\"@type\":\"ImageObject\",\"inLanguage\":\"it-IT\",\"@id\":\"https:\\\/\\\/insektenliebe.com\\\/it\\\/shop\\\/prodotto\\\/sungaya-inexpectata-cavalletta-fantasma-delle-filippine\\\/#primaryimage\",\"url\":\"https:\\\/\\\/insektenliebe.com\\\/wp-content\\\/uploads\\\/2025\\\/05\\\/Sungaya-inexpectata-scaled-3.jpg\",\"contentUrl\":\"https:\\\/\\\/insektenliebe.com\\\/wp-content\\\/uploads\\\/2025\\\/05\\\/Sungaya-inexpectata-scaled-3.jpg\",\"width\":2560,\"height\":1707,\"caption\":\"Sungaya-inexpectata-scaled-3.jpg\"},{\"@type\":\"BreadcrumbList\",\"@id\":\"https:\\\/\\\/insektenliebe.com\\\/it\\\/shop\\\/prodotto\\\/sungaya-inexpectata-cavalletta-fantasma-delle-filippine\\\/#breadcrumb\",\"itemListElement\":[{\"@type\":\"ListItem\",\"position\":1,\"name\":\"Startseite\",\"item\":\"https:\\\/\\\/insektenliebe.com\\\/it\\\/\"},{\"@type\":\"ListItem\",\"position\":2,\"name\":\"Negozio\",\"item\":\"https:\\\/\\\/insektenliebe.com\\\/it\\\/negozio\\\/\"},{\"@type\":\"ListItem\",\"position\":3,\"name\":\"Sungaya inexpectata &#8220;Cavalletta fantasma delle Filippine&#8221;\"}]},{\"@type\":\"WebSite\",\"@id\":\"https:\\\/\\\/insektenliebe.com\\\/it\\\/#website\",\"url\":\"https:\\\/\\\/insektenliebe.com\\\/it\\\/\",\"name\":\"Insektenliebe\",\"description\":\"Dein Zuhause f\u00fcr die kleinen Lebewesen\",\"publisher\":{\"@id\":\"https:\\\/\\\/insektenliebe.com\\\/it\\\/#organization\"},\"potentialAction\":[{\"@type\":\"SearchAction\",\"target\":{\"@type\":\"EntryPoint\",\"urlTemplate\":\"https:\\\/\\\/insektenliebe.com\\\/it\\\/?s={search_term_string}\"},\"query-input\":{\"@type\":\"PropertyValueSpecification\",\"valueRequired\":true,\"valueName\":\"search_term_string\"}}],\"inLanguage\":\"it-IT\"},{\"@type\":\"Organization\",\"@id\":\"https:\\\/\\\/insektenliebe.com\\\/it\\\/#organization\",\"name\":\"Insektenliebe\",\"url\":\"https:\\\/\\\/insektenliebe.com\\\/it\\\/\",\"logo\":{\"@type\":\"ImageObject\",\"inLanguage\":\"it-IT\",\"@id\":\"https:\\\/\\\/insektenliebe.com\\\/it\\\/#\\\/schema\\\/logo\\\/image\\\/\",\"url\":\"https:\\\/\\\/insektenliebe.com\\\/wp-content\\\/uploads\\\/2025\\\/03\\\/logo-white.png\",\"contentUrl\":\"https:\\\/\\\/insektenliebe.com\\\/wp-content\\\/uploads\\\/2025\\\/03\\\/logo-white.png\",\"width\":288,\"height\":188,\"caption\":\"Insektenliebe\"},\"image\":{\"@id\":\"https:\\\/\\\/insektenliebe.com\\\/it\\\/#\\\/schema\\\/logo\\\/image\\\/\"}}]}<\/script>\n<!-- \/ Yoast SEO plugin. -->","yoast_head_json":{"title":"Sungaya inexpectata \"Cavalletta fantasma delle Filippine\" - Insektenliebe","description":"Acquista a buon mercato Sungaya inexpectata \"Cavalletta fantasma filippina di pianura\" direttamente online. Nel nostro negozio offriamo esemplari di questa specie di insetto fantasma allevati in cattivit\u00e0.","robots":{"index":"index","follow":"follow","max-snippet":"max-snippet:-1","max-image-preview":"max-image-preview:large","max-video-preview":"max-video-preview:-1"},"canonical":"https:\/\/insektenliebe.com\/it\/shop\/prodotto\/sungaya-inexpectata-cavalletta-fantasma-delle-filippine\/","og_locale":"it_IT","og_type":"article","og_title":"Sungaya inexpectata \"Cavalletta fantasma delle Filippine\" - Insektenliebe","og_description":"Acquista a buon mercato Sungaya inexpectata \"Cavalletta fantasma filippina di pianura\" direttamente online. Nel nostro negozio offriamo esemplari di questa specie di insetto fantasma allevati in cattivit\u00e0.","og_url":"https:\/\/insektenliebe.com\/it\/shop\/prodotto\/sungaya-inexpectata-cavalletta-fantasma-delle-filippine\/","og_site_name":"Insektenliebe","og_image":[{"width":2560,"height":1707,"url":"https:\/\/insektenliebe.com\/wp-content\/uploads\/2025\/05\/Sungaya-inexpectata-scaled-3.jpg","type":"image\/jpeg"}],"twitter_card":"summary_large_image","twitter_misc":{"Tempo di lettura stimato":"1 minuto"},"schema":{"@context":"https:\/\/schema.org","@graph":[{"@type":"WebPage","@id":"https:\/\/insektenliebe.com\/it\/shop\/prodotto\/sungaya-inexpectata-cavalletta-fantasma-delle-filippine\/","url":"https:\/\/insektenliebe.com\/it\/shop\/prodotto\/sungaya-inexpectata-cavalletta-fantasma-delle-filippine\/","name":"Sungaya inexpectata \"Cavalletta fantasma delle Filippine\" - Insektenliebe","isPartOf":{"@id":"https:\/\/insektenliebe.com\/it\/#website"},"primaryImageOfPage":{"@id":"https:\/\/insektenliebe.com\/it\/shop\/prodotto\/sungaya-inexpectata-cavalletta-fantasma-delle-filippine\/#primaryimage"},"image":{"@id":"https:\/\/insektenliebe.com\/it\/shop\/prodotto\/sungaya-inexpectata-cavalletta-fantasma-delle-filippine\/#primaryimage"},"thumbnailUrl":"https:\/\/insektenliebe.com\/wp-content\/uploads\/2025\/05\/Sungaya-inexpectata-scaled-3.jpg","datePublished":"2020-07-24T10:00:35+00:00","description":"Acquista a buon mercato Sungaya inexpectata \"Cavalletta fantasma filippina di pianura\" direttamente online. Nel nostro negozio offriamo esemplari di questa specie di insetto fantasma allevati in cattivit\u00e0.","breadcrumb":{"@id":"https:\/\/insektenliebe.com\/it\/shop\/prodotto\/sungaya-inexpectata-cavalletta-fantasma-delle-filippine\/#breadcrumb"},"inLanguage":"it-IT","potentialAction":[{"@type":"ReadAction","target":["https:\/\/insektenliebe.com\/it\/shop\/prodotto\/sungaya-inexpectata-cavalletta-fantasma-delle-filippine\/"]}]},{"@type":"ImageObject","inLanguage":"it-IT","@id":"https:\/\/insektenliebe.com\/it\/shop\/prodotto\/sungaya-inexpectata-cavalletta-fantasma-delle-filippine\/#primaryimage","url":"https:\/\/insektenliebe.com\/wp-content\/uploads\/2025\/05\/Sungaya-inexpectata-scaled-3.jpg","contentUrl":"https:\/\/insektenliebe.com\/wp-content\/uploads\/2025\/05\/Sungaya-inexpectata-scaled-3.jpg","width":2560,"height":1707,"caption":"Sungaya-inexpectata-scaled-3.jpg"},{"@type":"BreadcrumbList","@id":"https:\/\/insektenliebe.com\/it\/shop\/prodotto\/sungaya-inexpectata-cavalletta-fantasma-delle-filippine\/#breadcrumb","itemListElement":[{"@type":"ListItem","position":1,"name":"Startseite","item":"https:\/\/insektenliebe.com\/it\/"},{"@type":"ListItem","position":2,"name":"Negozio","item":"https:\/\/insektenliebe.com\/it\/negozio\/"},{"@type":"ListItem","position":3,"name":"Sungaya inexpectata &#8220;Cavalletta fantasma delle Filippine&#8221;"}]},{"@type":"WebSite","@id":"https:\/\/insektenliebe.com\/it\/#website","url":"https:\/\/insektenliebe.com\/it\/","name":"Insektenliebe","description":"Dein Zuhause f\u00fcr die kleinen Lebewesen","publisher":{"@id":"https:\/\/insektenliebe.com\/it\/#organization"},"potentialAction":[{"@type":"SearchAction","target":{"@type":"EntryPoint","urlTemplate":"https:\/\/insektenliebe.com\/it\/?s={search_term_string}"},"query-input":{"@type":"PropertyValueSpecification","valueRequired":true,"valueName":"search_term_string"}}],"inLanguage":"it-IT"},{"@type":"Organization","@id":"https:\/\/insektenliebe.com\/it\/#organization","name":"Insektenliebe","url":"https:\/\/insektenliebe.com\/it\/","logo":{"@type":"ImageObject","inLanguage":"it-IT","@id":"https:\/\/insektenliebe.com\/it\/#\/schema\/logo\/image\/","url":"https:\/\/insektenliebe.com\/wp-content\/uploads\/2025\/03\/logo-white.png","contentUrl":"https:\/\/insektenliebe.com\/wp-content\/uploads\/2025\/03\/logo-white.png","width":288,"height":188,"caption":"Insektenliebe"},"image":{"@id":"https:\/\/insektenliebe.com\/it\/#\/schema\/logo\/image\/"}}]}},"_links":{"self":[{"href":"https:\/\/insektenliebe.com\/it\/wp-json\/wp\/v2\/product\/185630","targetHints":{"allow":["GET"]}}],"collection":[{"href":"https:\/\/insektenliebe.com\/it\/wp-json\/wp\/v2\/product"}],"about":[{"href":"https:\/\/insektenliebe.com\/it\/wp-json\/wp\/v2\/types\/product"}],"wp:featuredmedia":[{"embeddable":true,"href":"https:\/\/insektenliebe.com\/it\/wp-json\/wp\/v2\/media\/185632"}],"wp:attachment":[{"href":"https:\/\/insektenliebe.com\/it\/wp-json\/wp\/v2\/media?parent=185630"}],"wp:term":[{"taxonomy":"product-supplier","embeddable":true,"href":"https:\/\/insektenliebe.com\/it\/wp-json\/wp\/v2\/product-supplier?post=185630"},{"taxonomy":"product_brand","embeddable":true,"href":"https:\/\/insektenliebe.com\/it\/wp-json\/wp\/v2\/product_brand?post=185630"},{"taxonomy":"product_cat","embeddable":true,"href":"https:\/\/insektenliebe.com\/it\/wp-json\/wp\/v2\/product_cat?post=185630"},{"taxonomy":"product_tag","embeddable":true,"href":"https:\/\/insektenliebe.com\/it\/wp-json\/wp\/v2\/product_tag?post=185630"},{"taxonomy":"lce-checkout-addons","embeddable":true,"href":"https:\/\/insektenliebe.com\/it\/wp-json\/wp\/v2\/lce-checkout-addons?post=185630"}],"curies":[{"name":"wp","href":"https:\/\/api.w.org\/{rel}","templated":true}]}}