{"id":185627,"date":"2020-08-27T13:56:00","date_gmt":"2020-08-27T11:56:00","guid":{"rendered":"https:\/\/insektenliebe.com\/shop\/produkt\/miscela-istantanea-di-drosophila\/"},"modified":"2020-08-27T13:56:00","modified_gmt":"2020-08-27T11:56:00","slug":"miscela-istantanea-di-drosophila","status":"publish","type":"product","link":"https:\/\/insektenliebe.com\/it\/shop\/prodotto\/miscela-istantanea-di-drosophila\/","title":{"rendered":"Miscela istantanea di Drosophila"},"content":{"rendered":"<h3><span style=\"color: #99cc33\"><strong>Drosophila instant mix: ottimizza il tuo allevamento in modo efficace<\/strong><\/span><\/h3>\n<p>Il <strong>mix istantaneo Drosophila<\/strong> \u00e8 il tuo partner ideale per portare le attivit\u00e0 di allevamento dei moscerini della frutta a un nuovo livello e fornire agli animali del tuo terrario una dieta varia e nutriente. Questo mix istantaneo \u00e8 stato sviluppato appositamente per soddisfare le esigenze dei moscerini della frutta dallo stadio larvale fino alla piena maturit\u00e0. Ogni fase di sviluppo dei moscerini \u00e8 supportata in modo ottimale dalla composizione bilanciata del mix istantaneo per garantire uno sviluppo sano e una riproduzione efficace.  <\/p>\n<p>Una delle caratteristiche principali del nostro <strong>mix istantaneo per Drosophila<\/strong> \u00e8 il suo gradevole odore di banana, che non solo rende pi\u00f9 attraenti le attivit\u00e0 di riproduzione per le mosche, ma permette anche di collocare il lotto di riproduzione nella zona giorno senza doversi preoccupare di odori sgradevoli. Il mix istantaneo \u00e8 quindi ideale per l&#8217;allevamento domestico, assicurandoti di avere sempre a disposizione fonti di cibo fresco per i tuoi animali del terrario. <\/p>\n<p>L&#8217;utilizzo della nostra <strong>miscela istantanea di Drosophila<\/strong> \u00e8 estremamente semplice ed efficace. Mescolando la polvere con l&#8217;acqua si crea un substrato riproduttivo ottimale che offre ai moscerini della frutta le condizioni ideali per deporre le uova e svilupparsi. Questo permette di avere una fornitura continua di Drosophila fresca per i tuoi animali da terrario, il che \u00e8 particolarmente importante per una dieta equilibrata per i tuoi cuccioli.  <\/p>\n<p>La <strong>miscela istantanea<\/strong> di <strong>Drosophila<\/strong> \u00e8 disponibile in una pratica busta stand-up da 1000 ml, progettata per un uso prolungato e per numerosi lotti di riproduzione. Questo ti permette di fornire regolarmente e in modo affidabile mosche fresche per rifornire in modo ottimale gli animali del tuo terrario. <\/p>\n<p>Convinciti della qualit\u00e0 e dell&#8217;efficacia del nostro <strong>mix istantaneo di Drosophila<\/strong> e facilita i tuoi sforzi di allevamento. I tuoi animali da terrario beneficeranno del costante apporto di moscerini della frutta e ti mostreranno la loro salute e vitalit\u00e0. Un prodotto di cui nessun terrario dovrebbe fare a meno!  <\/p>\n<p><strong>Resa:<\/strong><br \/>\n1000 ml di Drosophila-Instantmix sono sufficienti per 32 lotti di riproduzione di Drosophila!<\/p>\n<h3 data-start=\"0\" data-end=\"61\"><strong data-start=\"4\" data-end=\"59\">Istruzioni per la preparazione di un preparato di Drosophila<\/strong><\/h3>\n<p data-start=\"63\" data-end=\"174\">Con questo semplice metodo, puoi creare un lotto di Drosophila di successo direttamente nel contenitore di riproduzione.<\/p>\n<h4 data-start=\"176\" data-end=\"195\"><strong data-start=\"181\" data-end=\"193\">Ingredienti:<\/strong><\/h4>\n<ul data-start=\"196\" data-end=\"347\">\n<li data-start=\"196\" data-end=\"212\">90 ml di acqua<\/li>\n<li data-start=\"213\" data-end=\"241\">10 ml di aceto (qualsiasi tipo)<\/li>\n<li data-start=\"242\" data-end=\"272\">23 g di miscela istantanea Drosophila<\/li>\n<li data-start=\"273\" data-end=\"347\">Opzionale: carta da cucina asciutta o lana di legno come ausilio per l&#8217;arrampicata.<\/li>\n<\/ul>\n<h4 data-start=\"349\" data-end=\"390\"><\/h4>\n<ol data-start=\"392\" data-end=\"1454\">\n<li data-start=\"392\" data-end=\"531\">\n<p data-start=\"395\" data-end=\"531\"><strong data-start=\"395\" data-end=\"425\">Prepara il contenitore per l&#8217;allevamento:<\/strong><br data-start=\"425\" data-end=\"428\">Usa un contenitore adatto con ventilazione (ad esempio, fori d&#8217;aria sottili o una rete nel coperchio).<\/p>\n<\/li>\n<li data-start=\"533\" data-end=\"631\">\n<p data-start=\"536\" data-end=\"631\"><strong data-start=\"536\" data-end=\"561\">Aggiungere la miscela istantanea:<\/strong><br data-start=\"561\" data-end=\"564\">Versare 23 g di miscela istantanea Drosophila direttamente nel contenitore di riproduzione.<\/p>\n<\/li>\n<li data-start=\"633\" data-end=\"899\">\n<p data-start=\"636\" data-end=\"899\"><strong data-start=\"636\" data-end=\"673\">Aggiungi liquidi e mescola:<\/strong><br data-start=\"673\" data-end=\"676\">Versa 90 ml di acqua e 10 ml di aceto nel contenitore e mescola bene il tutto fino a ottenere un composto simile a una pasta. Se la consistenza \u00e8 troppo solida o troppo grassa, puoi regolarla con un po&#8217; d&#8217;acqua o di miscela istantanea. <\/p>\n<\/li>\n<li data-start=\"901\" data-end=\"1073\">\n<p data-start=\"904\" data-end=\"1073\"><strong data-start=\"904\" data-end=\"930\">Inserisci un aiuto per l&#8217;arrampicata:<\/strong><br data-start=\"930\" data-end=\"933\">Inserisci nel contenitore alcuni pezzi di carta da cucina asciutta o di lana di legno. Questi aiutano le mosche a muoversi e a deporre le uova. <\/p>\n<\/li>\n<li data-start=\"1075\" data-end=\"1213\">\n<p data-start=\"1078\" data-end=\"1213\"><strong data-start=\"1078\" data-end=\"1100\">Inserire le mosche:<\/strong><br data-start=\"1100\" data-end=\"1103\">Aggiungi alcune mosche adulte di Drosophila nel contenitore appena preparato in modo che possano deporre le uova.<\/p>\n<\/li>\n<li data-start=\"1215\" data-end=\"1454\">\n<p data-start=\"1218\" data-end=\"1255\"><strong data-start=\"1218\" data-end=\"1253\">Metti il coperchio e conserva al caldo:<\/strong><\/p>\n<ul data-start=\"1259\" data-end=\"1454\">\n<li data-start=\"1259\" data-end=\"1329\">Chiudi il contenitore con un coperchio che abbia la possibilit\u00e0 di essere ventilato.<\/li>\n<li data-start=\"1333\" data-end=\"1386\">Posiziona il lotto in un luogo caldo (20-25 \u00b0C).<\/li>\n<li data-start=\"1390\" data-end=\"1454\">Dopo circa 10-14 giorni, le nuove mosche sono pronte per essere nutrite.<\/li>\n<\/ul>\n<\/li>\n<\/ol>\n<h3 data-start=\"1456\" data-end=\"1500\"><strong data-start=\"1460\" data-end=\"1498\">Consigli per un allevamento di successo:<\/strong><\/h3>\n<p data-start=\"1501\" data-end=\"1758\">\u2705 <strong data-start=\"1503\" data-end=\"1539\">Mescola il pastone direttamente nel contenitore<\/strong>: risparmierai tempo ed eviterai inutili pasticci.<br data-start=\"1585\" data-end=\"1588\">\u2705 <strong data-start=\"1590\" data-end=\"1615\">Non dimenticare l&#8217;aceto<\/strong>: manterr\u00e0 il pastone fresco pi\u00f9 a lungo e ridurr\u00e0 la muffa.<br data-start=\"1671\" data-end=\"1674\">\u2705 <strong data-start=\"1676\" data-end=\"1711\">Prepara regolarmente nuovi pastoni<\/strong> in modo da avere una scorta continua di mosche alimentari.<\/p>\n","protected":false},"excerpt":{"rendered":"<p>Drosophila instant mix: ottimizza il tuo allevamento in modo efficace Il mix istantaneo Drosophila \u00e8 il tuo partner ideale per portare le attivit\u00e0 di allevamento dei moscerini della frutta a un nuovo livello e fornire agli animali del tuo terrario una dieta varia e nutriente. Questo mix istantaneo \u00e8 stato sviluppato appositamente per soddisfare le [&hellip;]<\/p>\n","protected":false},"featured_media":185629,"template":"","meta":{"_acf_changed":false},"product-supplier":[],"product_brand":[],"product_cat":[2815],"product_tag":[],"lce-checkout-addons":[],"class_list":{"0":"post-185627","1":"product","2":"type-product","3":"status-publish","4":"has-post-thumbnail","6":"product_cat-cibo-e-calcio","7":"product_shipping_class-equipment-shipping","9":"first","10":"instock","11":"taxable","12":"shipping-taxable","13":"purchasable","14":"product-type-simple"},"acf":[],"yoast_head":"<!-- This site is optimized with the Yoast SEO plugin v27.3 - https:\/\/yoast.com\/product\/yoast-seo-wordpress\/ -->\n<title>Miscela istantanea di Drosophila - Insektenliebe<\/title>\n<meta name=\"description\" content=\"Acquista la miscela istantanea di Drosophila a basso costo e direttamente online: Una soluzione semplice e di alta qualit\u00e0 per l&#039;allevamento della Drosophila.\" \/>\n<meta name=\"robots\" content=\"index, follow, max-snippet:-1, max-image-preview:large, max-video-preview:-1\" \/>\n<link rel=\"canonical\" href=\"https:\/\/insektenliebe.com\/it\/shop\/prodotto\/miscela-istantanea-di-drosophila\/\" \/>\n<meta property=\"og:locale\" content=\"it_IT\" \/>\n<meta property=\"og:type\" content=\"article\" \/>\n<meta property=\"og:title\" content=\"Miscela istantanea di Drosophila - Insektenliebe\" \/>\n<meta property=\"og:description\" content=\"Acquista la miscela istantanea di Drosophila a basso costo e direttamente online: Una soluzione semplice e di alta qualit\u00e0 per l&#039;allevamento della Drosophila.\" \/>\n<meta property=\"og:url\" content=\"https:\/\/insektenliebe.com\/it\/shop\/prodotto\/miscela-istantanea-di-drosophila\/\" \/>\n<meta property=\"og:site_name\" content=\"Insektenliebe\" \/>\n<meta property=\"og:image\" content=\"https:\/\/insektenliebe.com\/wp-content\/uploads\/2025\/05\/Drosophila-Instantmix-1-2.jpg\" \/>\n\t<meta property=\"og:image:width\" content=\"820\" \/>\n\t<meta property=\"og:image:height\" content=\"820\" \/>\n\t<meta property=\"og:image:type\" content=\"image\/jpeg\" \/>\n<meta name=\"twitter:card\" content=\"summary_large_image\" \/>\n<meta name=\"twitter:label1\" content=\"Tempo di lettura stimato\" \/>\n\t<meta name=\"twitter:data1\" content=\"3 minuto\" \/>\n<script type=\"application\/ld+json\" class=\"yoast-schema-graph\">{\"@context\":\"https:\\\/\\\/schema.org\",\"@graph\":[{\"@type\":\"WebPage\",\"@id\":\"https:\\\/\\\/insektenliebe.com\\\/it\\\/shop\\\/prodotto\\\/miscela-istantanea-di-drosophila\\\/\",\"url\":\"https:\\\/\\\/insektenliebe.com\\\/it\\\/shop\\\/prodotto\\\/miscela-istantanea-di-drosophila\\\/\",\"name\":\"Miscela istantanea di Drosophila - Insektenliebe\",\"isPartOf\":{\"@id\":\"https:\\\/\\\/insektenliebe.com\\\/it\\\/#website\"},\"primaryImageOfPage\":{\"@id\":\"https:\\\/\\\/insektenliebe.com\\\/it\\\/shop\\\/prodotto\\\/miscela-istantanea-di-drosophila\\\/#primaryimage\"},\"image\":{\"@id\":\"https:\\\/\\\/insektenliebe.com\\\/it\\\/shop\\\/prodotto\\\/miscela-istantanea-di-drosophila\\\/#primaryimage\"},\"thumbnailUrl\":\"https:\\\/\\\/insektenliebe.com\\\/wp-content\\\/uploads\\\/2025\\\/05\\\/Drosophila-Instantmix-1-2.jpg\",\"datePublished\":\"2020-08-27T11:56:00+00:00\",\"description\":\"Acquista la miscela istantanea di Drosophila a basso costo e direttamente online: Una soluzione semplice e di alta qualit\u00e0 per l'allevamento della Drosophila.\",\"breadcrumb\":{\"@id\":\"https:\\\/\\\/insektenliebe.com\\\/it\\\/shop\\\/prodotto\\\/miscela-istantanea-di-drosophila\\\/#breadcrumb\"},\"inLanguage\":\"it-IT\",\"potentialAction\":[{\"@type\":\"ReadAction\",\"target\":[\"https:\\\/\\\/insektenliebe.com\\\/it\\\/shop\\\/prodotto\\\/miscela-istantanea-di-drosophila\\\/\"]}]},{\"@type\":\"ImageObject\",\"inLanguage\":\"it-IT\",\"@id\":\"https:\\\/\\\/insektenliebe.com\\\/it\\\/shop\\\/prodotto\\\/miscela-istantanea-di-drosophila\\\/#primaryimage\",\"url\":\"https:\\\/\\\/insektenliebe.com\\\/wp-content\\\/uploads\\\/2025\\\/05\\\/Drosophila-Instantmix-1-2.jpg\",\"contentUrl\":\"https:\\\/\\\/insektenliebe.com\\\/wp-content\\\/uploads\\\/2025\\\/05\\\/Drosophila-Instantmix-1-2.jpg\",\"width\":820,\"height\":820,\"caption\":\"Drosophila-Instantmix-1-2.jpg\"},{\"@type\":\"BreadcrumbList\",\"@id\":\"https:\\\/\\\/insektenliebe.com\\\/it\\\/shop\\\/prodotto\\\/miscela-istantanea-di-drosophila\\\/#breadcrumb\",\"itemListElement\":[{\"@type\":\"ListItem\",\"position\":1,\"name\":\"Startseite\",\"item\":\"https:\\\/\\\/insektenliebe.com\\\/it\\\/\"},{\"@type\":\"ListItem\",\"position\":2,\"name\":\"Negozio\",\"item\":\"https:\\\/\\\/insektenliebe.com\\\/it\\\/negozio\\\/\"},{\"@type\":\"ListItem\",\"position\":3,\"name\":\"Miscela istantanea di Drosophila\"}]},{\"@type\":\"WebSite\",\"@id\":\"https:\\\/\\\/insektenliebe.com\\\/it\\\/#website\",\"url\":\"https:\\\/\\\/insektenliebe.com\\\/it\\\/\",\"name\":\"Insektenliebe\",\"description\":\"Dein Zuhause f\u00fcr die kleinen Lebewesen\",\"publisher\":{\"@id\":\"https:\\\/\\\/insektenliebe.com\\\/it\\\/#organization\"},\"potentialAction\":[{\"@type\":\"SearchAction\",\"target\":{\"@type\":\"EntryPoint\",\"urlTemplate\":\"https:\\\/\\\/insektenliebe.com\\\/it\\\/?s={search_term_string}\"},\"query-input\":{\"@type\":\"PropertyValueSpecification\",\"valueRequired\":true,\"valueName\":\"search_term_string\"}}],\"inLanguage\":\"it-IT\"},{\"@type\":\"Organization\",\"@id\":\"https:\\\/\\\/insektenliebe.com\\\/it\\\/#organization\",\"name\":\"Insektenliebe\",\"url\":\"https:\\\/\\\/insektenliebe.com\\\/it\\\/\",\"logo\":{\"@type\":\"ImageObject\",\"inLanguage\":\"it-IT\",\"@id\":\"https:\\\/\\\/insektenliebe.com\\\/it\\\/#\\\/schema\\\/logo\\\/image\\\/\",\"url\":\"https:\\\/\\\/insektenliebe.com\\\/wp-content\\\/uploads\\\/2025\\\/03\\\/logo-white.png\",\"contentUrl\":\"https:\\\/\\\/insektenliebe.com\\\/wp-content\\\/uploads\\\/2025\\\/03\\\/logo-white.png\",\"width\":288,\"height\":188,\"caption\":\"Insektenliebe\"},\"image\":{\"@id\":\"https:\\\/\\\/insektenliebe.com\\\/it\\\/#\\\/schema\\\/logo\\\/image\\\/\"}}]}<\/script>\n<!-- \/ Yoast SEO plugin. -->","yoast_head_json":{"title":"Miscela istantanea di Drosophila - Insektenliebe","description":"Acquista la miscela istantanea di Drosophila a basso costo e direttamente online: Una soluzione semplice e di alta qualit\u00e0 per l'allevamento della Drosophila.","robots":{"index":"index","follow":"follow","max-snippet":"max-snippet:-1","max-image-preview":"max-image-preview:large","max-video-preview":"max-video-preview:-1"},"canonical":"https:\/\/insektenliebe.com\/it\/shop\/prodotto\/miscela-istantanea-di-drosophila\/","og_locale":"it_IT","og_type":"article","og_title":"Miscela istantanea di Drosophila - Insektenliebe","og_description":"Acquista la miscela istantanea di Drosophila a basso costo e direttamente online: Una soluzione semplice e di alta qualit\u00e0 per l'allevamento della Drosophila.","og_url":"https:\/\/insektenliebe.com\/it\/shop\/prodotto\/miscela-istantanea-di-drosophila\/","og_site_name":"Insektenliebe","og_image":[{"width":820,"height":820,"url":"https:\/\/insektenliebe.com\/wp-content\/uploads\/2025\/05\/Drosophila-Instantmix-1-2.jpg","type":"image\/jpeg"}],"twitter_card":"summary_large_image","twitter_misc":{"Tempo di lettura stimato":"3 minuto"},"schema":{"@context":"https:\/\/schema.org","@graph":[{"@type":"WebPage","@id":"https:\/\/insektenliebe.com\/it\/shop\/prodotto\/miscela-istantanea-di-drosophila\/","url":"https:\/\/insektenliebe.com\/it\/shop\/prodotto\/miscela-istantanea-di-drosophila\/","name":"Miscela istantanea di Drosophila - Insektenliebe","isPartOf":{"@id":"https:\/\/insektenliebe.com\/it\/#website"},"primaryImageOfPage":{"@id":"https:\/\/insektenliebe.com\/it\/shop\/prodotto\/miscela-istantanea-di-drosophila\/#primaryimage"},"image":{"@id":"https:\/\/insektenliebe.com\/it\/shop\/prodotto\/miscela-istantanea-di-drosophila\/#primaryimage"},"thumbnailUrl":"https:\/\/insektenliebe.com\/wp-content\/uploads\/2025\/05\/Drosophila-Instantmix-1-2.jpg","datePublished":"2020-08-27T11:56:00+00:00","description":"Acquista la miscela istantanea di Drosophila a basso costo e direttamente online: Una soluzione semplice e di alta qualit\u00e0 per l'allevamento della Drosophila.","breadcrumb":{"@id":"https:\/\/insektenliebe.com\/it\/shop\/prodotto\/miscela-istantanea-di-drosophila\/#breadcrumb"},"inLanguage":"it-IT","potentialAction":[{"@type":"ReadAction","target":["https:\/\/insektenliebe.com\/it\/shop\/prodotto\/miscela-istantanea-di-drosophila\/"]}]},{"@type":"ImageObject","inLanguage":"it-IT","@id":"https:\/\/insektenliebe.com\/it\/shop\/prodotto\/miscela-istantanea-di-drosophila\/#primaryimage","url":"https:\/\/insektenliebe.com\/wp-content\/uploads\/2025\/05\/Drosophila-Instantmix-1-2.jpg","contentUrl":"https:\/\/insektenliebe.com\/wp-content\/uploads\/2025\/05\/Drosophila-Instantmix-1-2.jpg","width":820,"height":820,"caption":"Drosophila-Instantmix-1-2.jpg"},{"@type":"BreadcrumbList","@id":"https:\/\/insektenliebe.com\/it\/shop\/prodotto\/miscela-istantanea-di-drosophila\/#breadcrumb","itemListElement":[{"@type":"ListItem","position":1,"name":"Startseite","item":"https:\/\/insektenliebe.com\/it\/"},{"@type":"ListItem","position":2,"name":"Negozio","item":"https:\/\/insektenliebe.com\/it\/negozio\/"},{"@type":"ListItem","position":3,"name":"Miscela istantanea di Drosophila"}]},{"@type":"WebSite","@id":"https:\/\/insektenliebe.com\/it\/#website","url":"https:\/\/insektenliebe.com\/it\/","name":"Insektenliebe","description":"Dein Zuhause f\u00fcr die kleinen Lebewesen","publisher":{"@id":"https:\/\/insektenliebe.com\/it\/#organization"},"potentialAction":[{"@type":"SearchAction","target":{"@type":"EntryPoint","urlTemplate":"https:\/\/insektenliebe.com\/it\/?s={search_term_string}"},"query-input":{"@type":"PropertyValueSpecification","valueRequired":true,"valueName":"search_term_string"}}],"inLanguage":"it-IT"},{"@type":"Organization","@id":"https:\/\/insektenliebe.com\/it\/#organization","name":"Insektenliebe","url":"https:\/\/insektenliebe.com\/it\/","logo":{"@type":"ImageObject","inLanguage":"it-IT","@id":"https:\/\/insektenliebe.com\/it\/#\/schema\/logo\/image\/","url":"https:\/\/insektenliebe.com\/wp-content\/uploads\/2025\/03\/logo-white.png","contentUrl":"https:\/\/insektenliebe.com\/wp-content\/uploads\/2025\/03\/logo-white.png","width":288,"height":188,"caption":"Insektenliebe"},"image":{"@id":"https:\/\/insektenliebe.com\/it\/#\/schema\/logo\/image\/"}}]}},"_links":{"self":[{"href":"https:\/\/insektenliebe.com\/it\/wp-json\/wp\/v2\/product\/185627","targetHints":{"allow":["GET"]}}],"collection":[{"href":"https:\/\/insektenliebe.com\/it\/wp-json\/wp\/v2\/product"}],"about":[{"href":"https:\/\/insektenliebe.com\/it\/wp-json\/wp\/v2\/types\/product"}],"wp:featuredmedia":[{"embeddable":true,"href":"https:\/\/insektenliebe.com\/it\/wp-json\/wp\/v2\/media\/185629"}],"wp:attachment":[{"href":"https:\/\/insektenliebe.com\/it\/wp-json\/wp\/v2\/media?parent=185627"}],"wp:term":[{"taxonomy":"product-supplier","embeddable":true,"href":"https:\/\/insektenliebe.com\/it\/wp-json\/wp\/v2\/product-supplier?post=185627"},{"taxonomy":"product_brand","embeddable":true,"href":"https:\/\/insektenliebe.com\/it\/wp-json\/wp\/v2\/product_brand?post=185627"},{"taxonomy":"product_cat","embeddable":true,"href":"https:\/\/insektenliebe.com\/it\/wp-json\/wp\/v2\/product_cat?post=185627"},{"taxonomy":"product_tag","embeddable":true,"href":"https:\/\/insektenliebe.com\/it\/wp-json\/wp\/v2\/product_tag?post=185627"},{"taxonomy":"lce-checkout-addons","embeddable":true,"href":"https:\/\/insektenliebe.com\/it\/wp-json\/wp\/v2\/lce-checkout-addons?post=185627"}],"curies":[{"name":"wp","href":"https:\/\/api.w.org\/{rel}","templated":true}]}}