{"id":185617,"date":"2023-12-14T20:40:31","date_gmt":"2023-12-14T18:40:31","guid":{"rendered":"https:\/\/insektenliebe.com\/shop\/produkt\/heterometrus-spinifer-scorpione-blu-gigante\/"},"modified":"2026-04-23T18:31:45","modified_gmt":"2026-04-23T16:31:45","slug":"heterometrus-spinifer-scorpione-blu-gigante","status":"publish","type":"product","link":"https:\/\/insektenliebe.com\/it\/shop\/prodotto\/heterometrus-spinifer-scorpione-blu-gigante\/","title":{"rendered":"Heterometrus spinifer \"Malaysia"},"content":{"rendered":"<h3><span class=\"s1\" style=\"color: #99cc33;\">Heterometrus - Grande, tranquillo ed emozionante<\/span><\/h3>\n<p class=\"p1\"><strong><span class=\"s1\">Heterometrus spinifer<\/span><\/strong><span class=\"s2\">  \u00e8 uno degli scorpioni pi\u00f9 noti e impressionanti nell&#8217;hobby del terrario. Gli animali sono originari della   <\/span><span class=\"s1\">umide foreste pluviali tropicali della Malesia<\/span><span class=\"s2\">ed \u00e8 proprio per questo che hanno bisogno di un clima stabile e caldo.<\/span><\/p>\n<p class=\"p1\"><span class=\"s2\">Con una dimensione fino a <\/span><span class=\"s1\">17 cm<\/span><span class=\"s2\">  questa specie \u00e8 uno dei rappresentanti pi\u00f9 grandi del suo genere. Allo stesso tempo, il   <\/span><span class=\"s1\">colorazione blu-nera<\/span><span class=\"s2\">  per una forte impressione visiva. In questo modo \u00e8 facile distinguere questa specie da altre specie di Heterometrus. <\/span><\/p>\n<p class=\"p1\"><span class=\"s2\">Il comportamento degli animali \u00e8 prevalentemente calmo. Si ritirano durante il giorno, ma diventano attivi di notte. Allora vanno a caccia di prede o iniziano a scavare. Questo significa che puoi fare regolarmente delle osservazioni interessanti.   <\/span><\/p>\n<h3><span class=\"s1\" style=\"color: #99cc33;\">Clima e allevamento<\/span><\/h3>\n<p class=\"p1\"><span class=\"s2\">Per la conservazione, \u00e8 necessario mantenere un <\/span><span class=\"s1\">Umidit\u00e0 di circa 70-80%<\/span><span class=\"s2\">  da mantenere. Allo stesso tempo, di notte la temperatura scende fino a   <\/span><span class=\"s1\">22-24 \u00b0C<\/span><span class=\"s2\">che automaticamente aumenta leggermente l&#8217;umidit\u00e0.<\/span><\/p>\n<p class=\"p1\"><span class=\"s2\">\u00c8 particolarmente importante un substrato adatto a scavare. Dovresti avere almeno   <\/span><span class=\"s1\">Substrato di 10 cm<\/span><span class=\"s2\">  in modo che gli animali possano creare tane stabili. Il nostro substrato per tarantole \u00e8 ideale perch\u00e9 trattiene l&#8217;umidit\u00e0 e mantiene la sua forma. <\/span><\/p>\n<p class=\"p1\"><span class=\"s2\">Inoltre, uno <\/span><span class=\"s1\">strato di foglie<\/span><span class=\"s2\">per trattenere l&#8217;umidit\u00e0. Allo stesso tempo, protegge il substrato dall&#8217;essiccazione e garantisce un aspetto naturale.<\/span><\/p>\n<p class=\"p1\"><span class=\"s2\">Un terrario di dimensioni <\/span><span class=\"s1\">30 \u00d7 30 \u00d7 30 cm<\/span><span class=\"s2\">  \u00e8 sufficiente per tenerli. Tuttavia, vasche pi\u00f9 grandi offrono una maggiore struttura e riducono notevolmente lo stress. <\/span><\/p>\n<h3><span class=\"s1\" style=\"color: #99cc33;\">Punti importanti da conservare<\/span><\/h3>\n<ul>\n<li>\n<p class=\"p1\"><span class=\"s1\">Mantenere l&#8217;umidit\u00e0 costante al <\/span><span class=\"s2\">70-80 %<\/span><\/p>\n<\/li>\n<li>\n<p class=\"p1\"><span class=\"s1\">Caldo durante il giorno, leggermente pi\u00f9 fresco di notte<\/span><\/p>\n<\/li>\n<li>\n<p class=\"p1\"><span class=\"s1\">Almeno <\/span><span class=\"s2\">10 cm di substrato interrabile<\/span><span class=\"s1\"> Utilizzare<\/span><\/p>\n<\/li>\n<li>\n<p class=\"p1\"><span class=\"s1\">Offrire nascondigli e strutture<\/span><\/p>\n<\/li>\n<li>\n<p class=\"p1\"><span class=\"s1\">Fornisci sempre una ciotola per l&#8217;acqua<\/span><\/p>\n<\/li>\n<\/ul>\n<p class=\"p1\"><span class=\"s2\">Gli animali utilizzano la ciotola dell&#8217;acqua soprattutto di notte. In questo modo si garantisce un rifornimento d&#8217;acqua costante. <\/span><\/p>\n<h3><span class=\"s1\" style=\"color: #99cc33;\">Allevamento e comportamento<\/span><\/h3>\n<p class=\"p1\"><span class=\"s2\">Se si tengono diversi animali insieme, spesso si arriva alla <\/span><span class=\"s1\">prole<\/span><span class=\"s2\">. Inizialmente i piccoli rimangono sulla schiena della madre. L\u00ec sono ben protetti e continuano a svilupparsi in modo sicuro. <\/span><\/p>\n<p class=\"p1\"><span class=\"s2\">Solo quando si staccheranno dal dorso dovrai spostarli. A quel punto potrai continuare ad allevarli singolarmente o in piccoli gruppi. <\/span><\/p>\n<h3><span class=\"s1\" style=\"color: #99cc33;\">Nota sulla determinazione<\/span><\/h3>\n<p class=\"p1\"><span class=\"s2\">Il nostro <\/span><strong><span class=\"s1\">Heterometrus spinifer<\/span><\/strong><span class=\"s2\"> provengono da una linea accuratamente testata e sono stati chiaramente identificati da uno specialista esperto.<\/span><\/p>\n<p class=\"p1\"><span class=\"s2\">All&#8217;interno di questo genere, in particolare, si crea spesso confusione, poich\u00e9 molte specie sono molto simili nell&#8217;aspetto. Prestiamo quindi particolare attenzione a   <\/span><span class=\"s1\">Classificazione corretta<\/span><span class=\"s2\">.<\/span><\/p>\n<p class=\"p1\"><span class=\"s2\">Cos\u00ec potrai essere sicuro di avere davvero <\/span><strong><span class=\"s1\">Heterometrus spinifer<\/span><\/strong><span class=\"s2\"> - chiaramente identificato e non solo \"dall&#8217;aspetto simile\".<\/span><\/p>\n<p class=\"p1\"><span class=\"s2\">Grazie alle loro <\/span><span class=\"s1\">dimensioni, la loro natura calma e il loro comportamento eccitante<\/span><span class=\"s2\"> questa specie \u00e8 ideale per chi cerca uno scorpione imponente ma resistente.<\/span><\/p>\n","protected":false},"excerpt":{"rendered":"<p>Heterometrus - Grande, tranquillo ed emozionante Heterometrus spinifer \u00e8 uno degli scorpioni pi\u00f9 noti e impressionanti nell&#8217;hobby del terrario. Gli animali sono originari della umide foreste pluviali tropicali della Malesiaed \u00e8 proprio per questo che hanno bisogno di un clima stabile e caldo. Con una dimensione fino a 17 cm questa specie \u00e8 uno dei [&hellip;]<\/p>\n","protected":false},"featured_media":185622,"template":"","meta":{"_acf_changed":false},"product-supplier":[],"product_brand":[],"product_cat":[3116],"product_tag":[],"lce-checkout-addons":[2746],"class_list":{"0":"post-185617","1":"product","2":"type-product","3":"status-publish","4":"has-post-thumbnail","6":"product_cat-scorpioni","7":"product_shipping_class-spedizione-di-animali","8":"pa_geschlecht-donna","9":"pa_geschlecht-indeterminato","10":"pa_geschlecht-uomo","11":"pa_herkunft-malesia","12":"pa_kontinent-asia","13":"lce-checkout-addons-imballaggio-invernale","15":"first","16":"instock","17":"taxable","18":"shipping-taxable","19":"purchasable","20":"product-type-variable"},"acf":[],"yoast_head":"<!-- This site is optimized with the Yoast SEO Premium plugin v26.8 (Yoast SEO v27.5) - https:\/\/yoast.com\/product\/yoast-seo-premium-wordpress\/ -->\n<title>Heterometrus spinifer &quot;Malaysia - Insektenliebe<\/title>\n<meta name=\"description\" content=\"Heterometrus spinifer - scorpione gigante blu-nero della Malesia. Grande, tranquillo e ideale per i terrari tropicali. Adatto anche ai principianti!\" \/>\n<meta name=\"robots\" content=\"index, follow, max-snippet:-1, max-image-preview:large, max-video-preview:-1\" \/>\n<link rel=\"canonical\" href=\"https:\/\/insektenliebe.com\/it\/shop\/prodotto\/heterometrus-spinifer-scorpione-blu-gigante\/\" \/>\n<meta property=\"og:locale\" content=\"it_IT\" \/>\n<meta property=\"og:type\" content=\"article\" \/>\n<meta property=\"og:title\" content=\"Heterometrus spinifer &quot;Malaysia\" \/>\n<meta property=\"og:description\" content=\"Heterometrus spinifer - scorpione gigante blu-nero della Malesia. Grande, tranquillo e ideale per i terrari tropicali. Adatto anche ai principianti!\" \/>\n<meta property=\"og:url\" content=\"https:\/\/insektenliebe.com\/it\/shop\/prodotto\/heterometrus-spinifer-scorpione-blu-gigante\/\" \/>\n<meta property=\"og:site_name\" content=\"Insektenliebe\" \/>\n<meta property=\"article:modified_time\" content=\"2026-04-23T16:31:45+00:00\" \/>\n<meta property=\"og:image\" content=\"https:\/\/insektenliebe.com\/wp-content\/uploads\/2025\/05\/Heterometrus-spinifer-2.jpg\" \/>\n\t<meta property=\"og:image:width\" content=\"820\" \/>\n\t<meta property=\"og:image:height\" content=\"820\" \/>\n\t<meta property=\"og:image:type\" content=\"image\/jpeg\" \/>\n<meta name=\"twitter:card\" content=\"summary_large_image\" \/>\n<meta name=\"twitter:label1\" content=\"Disponibilit\u00e0\" \/>\n\t<meta name=\"twitter:data1\" content=\"In stock\" \/>\n<script type=\"application\/ld+json\" class=\"yoast-schema-graph\">{\"@context\":\"https:\\\/\\\/schema.org\",\"@graph\":[{\"@type\":\"WebPage\",\"@id\":\"https:\\\/\\\/insektenliebe.com\\\/it\\\/shop\\\/prodotto\\\/heterometrus-spinifer-scorpione-blu-gigante\\\/\",\"url\":\"https:\\\/\\\/insektenliebe.com\\\/it\\\/shop\\\/prodotto\\\/heterometrus-spinifer-scorpione-blu-gigante\\\/\",\"name\":\"Heterometrus spinifer \\\"Malaysia - Insektenliebe\",\"isPartOf\":{\"@id\":\"https:\\\/\\\/insektenliebe.com\\\/it\\\/#website\"},\"primaryImageOfPage\":{\"@id\":\"https:\\\/\\\/insektenliebe.com\\\/it\\\/shop\\\/prodotto\\\/heterometrus-spinifer-scorpione-blu-gigante\\\/#primaryimage\"},\"image\":{\"@id\":\"https:\\\/\\\/insektenliebe.com\\\/it\\\/shop\\\/prodotto\\\/heterometrus-spinifer-scorpione-blu-gigante\\\/#primaryimage\"},\"thumbnailUrl\":\"https:\\\/\\\/insektenliebe.com\\\/wp-content\\\/uploads\\\/2025\\\/05\\\/Heterometrus-spinifer-2.jpg\",\"datePublished\":\"2023-12-14T18:40:31+00:00\",\"dateModified\":\"2026-04-23T16:31:45+00:00\",\"description\":\"Heterometrus spinifer - scorpione gigante blu-nero della Malesia. Grande, tranquillo e ideale per i terrari tropicali. Adatto anche ai principianti!\",\"breadcrumb\":{\"@id\":\"https:\\\/\\\/insektenliebe.com\\\/it\\\/shop\\\/prodotto\\\/heterometrus-spinifer-scorpione-blu-gigante\\\/#breadcrumb\"},\"inLanguage\":\"it-IT\",\"potentialAction\":[{\"@type\":\"ReadAction\",\"target\":[\"https:\\\/\\\/insektenliebe.com\\\/it\\\/shop\\\/prodotto\\\/heterometrus-spinifer-scorpione-blu-gigante\\\/\"]}]},{\"@type\":\"ImageObject\",\"inLanguage\":\"it-IT\",\"@id\":\"https:\\\/\\\/insektenliebe.com\\\/it\\\/shop\\\/prodotto\\\/heterometrus-spinifer-scorpione-blu-gigante\\\/#primaryimage\",\"url\":\"https:\\\/\\\/insektenliebe.com\\\/wp-content\\\/uploads\\\/2025\\\/05\\\/Heterometrus-spinifer-2.jpg\",\"contentUrl\":\"https:\\\/\\\/insektenliebe.com\\\/wp-content\\\/uploads\\\/2025\\\/05\\\/Heterometrus-spinifer-2.jpg\",\"width\":820,\"height\":820,\"caption\":\"Heterometrus-spinifer-2.jpg\"},{\"@type\":\"BreadcrumbList\",\"@id\":\"https:\\\/\\\/insektenliebe.com\\\/it\\\/shop\\\/prodotto\\\/heterometrus-spinifer-scorpione-blu-gigante\\\/#breadcrumb\",\"itemListElement\":[{\"@type\":\"ListItem\",\"position\":1,\"name\":\"Startseite\",\"item\":\"https:\\\/\\\/insektenliebe.com\\\/it\\\/\"},{\"@type\":\"ListItem\",\"position\":2,\"name\":\"Negozio\",\"item\":\"https:\\\/\\\/insektenliebe.com\\\/it\\\/negozio\\\/\"},{\"@type\":\"ListItem\",\"position\":3,\"name\":\"Heterometrus spinifer \\\"Malaysia\"}]},{\"@type\":\"WebSite\",\"@id\":\"https:\\\/\\\/insektenliebe.com\\\/it\\\/#website\",\"url\":\"https:\\\/\\\/insektenliebe.com\\\/it\\\/\",\"name\":\"Insektenliebe\",\"description\":\"Dein Zuhause f\u00fcr die kleinen Lebewesen\",\"publisher\":{\"@id\":\"https:\\\/\\\/insektenliebe.com\\\/it\\\/#organization\"},\"potentialAction\":[{\"@type\":\"SearchAction\",\"target\":{\"@type\":\"EntryPoint\",\"urlTemplate\":\"https:\\\/\\\/insektenliebe.com\\\/it\\\/?s={search_term_string}\"},\"query-input\":{\"@type\":\"PropertyValueSpecification\",\"valueRequired\":true,\"valueName\":\"search_term_string\"}}],\"inLanguage\":\"it-IT\"},{\"@type\":\"Organization\",\"@id\":\"https:\\\/\\\/insektenliebe.com\\\/it\\\/#organization\",\"name\":\"Insektenliebe\",\"url\":\"https:\\\/\\\/insektenliebe.com\\\/it\\\/\",\"logo\":{\"@type\":\"ImageObject\",\"inLanguage\":\"it-IT\",\"@id\":\"https:\\\/\\\/insektenliebe.com\\\/it\\\/#\\\/schema\\\/logo\\\/image\\\/\",\"url\":\"https:\\\/\\\/insektenliebe.com\\\/wp-content\\\/uploads\\\/2025\\\/03\\\/logo-white.png\",\"contentUrl\":\"https:\\\/\\\/insektenliebe.com\\\/wp-content\\\/uploads\\\/2025\\\/03\\\/logo-white.png\",\"width\":288,\"height\":188,\"caption\":\"Insektenliebe\"},\"image\":{\"@id\":\"https:\\\/\\\/insektenliebe.com\\\/it\\\/#\\\/schema\\\/logo\\\/image\\\/\"}}]}<\/script>\n<meta property=\"og:availability\" content=\"instock\" \/>\n<meta property=\"product:availability\" content=\"instock\" \/>\n<meta property=\"product:retailer_item_id\" content=\"297\" \/>\n<meta property=\"product:condition\" content=\"new\" \/>\n<!-- \/ Yoast SEO Premium plugin. -->","yoast_head_json":{"title":"Heterometrus spinifer \"Malaysia - Insektenliebe","description":"Heterometrus spinifer - scorpione gigante blu-nero della Malesia. Grande, tranquillo e ideale per i terrari tropicali. Adatto anche ai principianti!","robots":{"index":"index","follow":"follow","max-snippet":"max-snippet:-1","max-image-preview":"max-image-preview:large","max-video-preview":"max-video-preview:-1"},"canonical":"https:\/\/insektenliebe.com\/it\/shop\/prodotto\/heterometrus-spinifer-scorpione-blu-gigante\/","og_locale":"it_IT","og_type":"article","og_title":"Heterometrus spinifer \"Malaysia","og_description":"Heterometrus spinifer - scorpione gigante blu-nero della Malesia. Grande, tranquillo e ideale per i terrari tropicali. Adatto anche ai principianti!","og_url":"https:\/\/insektenliebe.com\/it\/shop\/prodotto\/heterometrus-spinifer-scorpione-blu-gigante\/","og_site_name":"Insektenliebe","article_modified_time":"2026-04-23T16:31:45+00:00","og_image":[{"width":820,"height":820,"url":"https:\/\/insektenliebe.com\/wp-content\/uploads\/2025\/05\/Heterometrus-spinifer-2.jpg","type":"image\/jpeg"}],"twitter_card":"summary_large_image","twitter_misc":{"Disponibilit\u00e0":"In stock"},"schema":{"@context":"https:\/\/schema.org","@graph":[{"@type":"WebPage","@id":"https:\/\/insektenliebe.com\/it\/shop\/prodotto\/heterometrus-spinifer-scorpione-blu-gigante\/","url":"https:\/\/insektenliebe.com\/it\/shop\/prodotto\/heterometrus-spinifer-scorpione-blu-gigante\/","name":"Heterometrus spinifer \"Malaysia - Insektenliebe","isPartOf":{"@id":"https:\/\/insektenliebe.com\/it\/#website"},"primaryImageOfPage":{"@id":"https:\/\/insektenliebe.com\/it\/shop\/prodotto\/heterometrus-spinifer-scorpione-blu-gigante\/#primaryimage"},"image":{"@id":"https:\/\/insektenliebe.com\/it\/shop\/prodotto\/heterometrus-spinifer-scorpione-blu-gigante\/#primaryimage"},"thumbnailUrl":"https:\/\/insektenliebe.com\/wp-content\/uploads\/2025\/05\/Heterometrus-spinifer-2.jpg","datePublished":"2023-12-14T18:40:31+00:00","dateModified":"2026-04-23T16:31:45+00:00","description":"Heterometrus spinifer - scorpione gigante blu-nero della Malesia. Grande, tranquillo e ideale per i terrari tropicali. Adatto anche ai principianti!","breadcrumb":{"@id":"https:\/\/insektenliebe.com\/it\/shop\/prodotto\/heterometrus-spinifer-scorpione-blu-gigante\/#breadcrumb"},"inLanguage":"it-IT","potentialAction":[{"@type":"ReadAction","target":["https:\/\/insektenliebe.com\/it\/shop\/prodotto\/heterometrus-spinifer-scorpione-blu-gigante\/"]}]},{"@type":"ImageObject","inLanguage":"it-IT","@id":"https:\/\/insektenliebe.com\/it\/shop\/prodotto\/heterometrus-spinifer-scorpione-blu-gigante\/#primaryimage","url":"https:\/\/insektenliebe.com\/wp-content\/uploads\/2025\/05\/Heterometrus-spinifer-2.jpg","contentUrl":"https:\/\/insektenliebe.com\/wp-content\/uploads\/2025\/05\/Heterometrus-spinifer-2.jpg","width":820,"height":820,"caption":"Heterometrus-spinifer-2.jpg"},{"@type":"BreadcrumbList","@id":"https:\/\/insektenliebe.com\/it\/shop\/prodotto\/heterometrus-spinifer-scorpione-blu-gigante\/#breadcrumb","itemListElement":[{"@type":"ListItem","position":1,"name":"Startseite","item":"https:\/\/insektenliebe.com\/it\/"},{"@type":"ListItem","position":2,"name":"Negozio","item":"https:\/\/insektenliebe.com\/it\/negozio\/"},{"@type":"ListItem","position":3,"name":"Heterometrus spinifer \"Malaysia"}]},{"@type":"WebSite","@id":"https:\/\/insektenliebe.com\/it\/#website","url":"https:\/\/insektenliebe.com\/it\/","name":"Insektenliebe","description":"Dein Zuhause f\u00fcr die kleinen Lebewesen","publisher":{"@id":"https:\/\/insektenliebe.com\/it\/#organization"},"potentialAction":[{"@type":"SearchAction","target":{"@type":"EntryPoint","urlTemplate":"https:\/\/insektenliebe.com\/it\/?s={search_term_string}"},"query-input":{"@type":"PropertyValueSpecification","valueRequired":true,"valueName":"search_term_string"}}],"inLanguage":"it-IT"},{"@type":"Organization","@id":"https:\/\/insektenliebe.com\/it\/#organization","name":"Insektenliebe","url":"https:\/\/insektenliebe.com\/it\/","logo":{"@type":"ImageObject","inLanguage":"it-IT","@id":"https:\/\/insektenliebe.com\/it\/#\/schema\/logo\/image\/","url":"https:\/\/insektenliebe.com\/wp-content\/uploads\/2025\/03\/logo-white.png","contentUrl":"https:\/\/insektenliebe.com\/wp-content\/uploads\/2025\/03\/logo-white.png","width":288,"height":188,"caption":"Insektenliebe"},"image":{"@id":"https:\/\/insektenliebe.com\/it\/#\/schema\/logo\/image\/"}}]},"og_availability":"instock","product_availability":"instock","product_retailer_item_id":"297","product_condition":"new"},"_links":{"self":[{"href":"https:\/\/insektenliebe.com\/it\/wp-json\/wp\/v2\/product\/185617","targetHints":{"allow":["GET"]}}],"collection":[{"href":"https:\/\/insektenliebe.com\/it\/wp-json\/wp\/v2\/product"}],"about":[{"href":"https:\/\/insektenliebe.com\/it\/wp-json\/wp\/v2\/types\/product"}],"wp:featuredmedia":[{"embeddable":true,"href":"https:\/\/insektenliebe.com\/it\/wp-json\/wp\/v2\/media\/185622"}],"wp:attachment":[{"href":"https:\/\/insektenliebe.com\/it\/wp-json\/wp\/v2\/media?parent=185617"}],"wp:term":[{"taxonomy":"product-supplier","embeddable":true,"href":"https:\/\/insektenliebe.com\/it\/wp-json\/wp\/v2\/product-supplier?post=185617"},{"taxonomy":"product_brand","embeddable":true,"href":"https:\/\/insektenliebe.com\/it\/wp-json\/wp\/v2\/product_brand?post=185617"},{"taxonomy":"product_cat","embeddable":true,"href":"https:\/\/insektenliebe.com\/it\/wp-json\/wp\/v2\/product_cat?post=185617"},{"taxonomy":"product_tag","embeddable":true,"href":"https:\/\/insektenliebe.com\/it\/wp-json\/wp\/v2\/product_tag?post=185617"},{"taxonomy":"lce-checkout-addons","embeddable":true,"href":"https:\/\/insektenliebe.com\/it\/wp-json\/wp\/v2\/lce-checkout-addons?post=185617"}],"curies":[{"name":"wp","href":"https:\/\/api.w.org\/{rel}","templated":true}]}}