{"id":185589,"date":"2022-12-16T10:51:55","date_gmt":"2022-12-16T08:51:55","guid":{"rendered":"https:\/\/insektenliebe.com\/shop\/produkt\/insektenliebe-set-completo-di-scarafaggi-da-mangiare\/"},"modified":"2026-04-01T14:08:52","modified_gmt":"2026-04-01T12:08:52","slug":"insektenliebe-set-completo-di-scarafaggi-da-mangiare","status":"publish","type":"product","link":"https:\/\/insektenliebe.com\/it\/shop\/prodotto\/insektenliebe-set-completo-di-scarafaggi-da-mangiare\/","title":{"rendered":"Insektenliebe set completo di scarafaggi da mangiare"},"content":{"rendered":"<h3><span class=\"s1\" style=\"color: #99cc33;\">Set completo per l&#8217;alimentazione degli scarafaggi - Soluzione di allevamento pulita ed efficiente<\/span><\/h3>\n<p class=\"p1\"><span class=\"s1\">Il <\/span><strong><span class=\"s2\">Insektenliebe set completo di scarafaggi da mangiare<\/span><\/strong><span class=\"s1\">  ti offre una soluzione pratica e ben studiata per mantenere e allevare i tuoi scarafaggi. La robusta scatola di plastica garantisce stabilit\u00e0, mentre il sistema funziona in modo semplice ed efficiente. <\/span><\/p>\n<p class=\"p1\"><span class=\"s1\">I cartoni delle uova inclusi <\/span><span class=\"s2\">I cartoni delle uova in dotazione creano immediatamente pi\u00f9 spazio per camminare<\/span><span class=\"s1\">In questo modo i tuoi animali potranno sfruttare al meglio lo spazio disponibile. Allo stesso tempo, offrono numerosi nascondigli in modo che gli scarafaggi si sentano al sicuro e diventino pi\u00f9 attivi. Questo ti permette di tenere pi\u00f9 animali nello stesso spazio.  <\/span><\/p>\n<p class=\"p1\"><span class=\"s1\">I cartoni delle uova possono anche essere utilizzati in modo flessibile. Puoi utilizzarle non solo come struttura, ma anche direttamente come   <\/span><span class=\"s2\">Usa la ciotola per l&#8217;alimentazione<\/span><span class=\"s1\">. In questo modo l&#8217;alimentazione \u00e8 molto pi\u00f9 semplice e allo stesso tempo il contenitore rimane in ordine.<\/span><\/p>\n<p class=\"p1\"><span class=\"s1\">\u00c8 meglio regolare la quantit\u00e0 di cibo in base all&#8217;appetito dei tuoi animali. L&#8217;ideale \u00e8 che gli scarafaggi mangino il cibo che gli viene offerto entro   <\/span><span class=\"s2\">due giorni completamente<\/span><span class=\"s1\">. Puoi anche fare una pausa di un giorno in modo da utilizzare tutti gli avanzi e non lasciare nulla.<\/span><\/p>\n<p class=\"p1\"><span class=\"s1\">La giusta postura \u00e8 importante in questo caso. Utilizza   <\/span><span class=\"s2\">nessun cibo come substrato<\/span><span class=\"s1\">anche se spesso viene raccomandato. In questo modo, si formano rapidamente gli acari, che si moltiplicano rapidamente e possono mettere a repentaglio l&#8217;intero programma di allevamento. <\/span><\/p>\n<p class=\"p1\"><span class=\"s1\">L&#8217;alimentazione dell&#8217;acqua avviene tramite l&#8217;abbeveratoio magnetico integrato <\/span><span class=\"s2\">abbeveratoio magnetico<\/span><span class=\"s1\">che rifornisce i tuoi animali di acqua in modo affidabile. Assicurati che nella bottiglia ci sia sempre acqua a sufficienza. Allo stesso tempo, dovresti pulire regolarmente l&#8217;abbeveratoio per assicurarti che rimanga igienico.  <\/span><\/p>\n<p class=\"p1\"><span class=\"s1\">La <\/span><span class=\"s2\">doppia ventilazione<\/span><span class=\"s1\">  garantisce una buona circolazione dell&#8217;aria ed evita il ristagno dell&#8217;aria. In questo modo si crea un clima stabile che ha un effetto positivo sullo sviluppo degli scarafaggi. <\/span><\/p>\n<p class=\"p1\"><span class=\"s1\">Un altro vantaggio \u00e8 la <\/span><span class=\"s2\">la costruzione impilabile<\/span><span class=\"s1\">. Puoi posizionare pi\u00f9 scatole una sopra l&#8217;altra per risparmiare spazio e tenere diverse specie in parallelo.<\/span><\/p>\n<p class=\"p1\"><span class=\"s1\">Opzionalmente puoi aggiungere un <\/span><span class=\"s2\">termometro e igrometro<\/span><span class=\"s1\">  per controllare meglio le condizioni. A seconda della temperatura dell&#8217;ambiente, un ulteriore   <\/span><span class=\"s2\">Tappeto riscaldante<\/span><span class=\"s1\">in modo che il tuo allevamento funzioni costantemente.<\/span><\/p>\n<p class=\"p1\"><span class=\"s1\">Il <\/span><strong><span class=\"s2\">Insektenliebe set completo di scarafaggi da mangiare<\/span><\/strong><span class=\"s1\">  colpisce per la sua semplicit\u00e0 d&#8217;uso, la struttura chiara e l&#8217;elevata efficienza. Ti fa risparmiare tempo, riduce i problemi e porta in modo affidabile il tuo allevamento di scarafaggi a un nuovo livello. <\/span><\/p>\n<p><strong>Ambito di consegna:<br \/>\n<\/strong><span style=\"font-family: 'Arial',sans-serif; color: #111111; letter-spacing: .25pt;\">1x contenitore 39 x 28 x 14 cm \/ 11L<br \/>\n2x griglia di ventilazione in plastica \u00d8 5 cm<br \/>\n4x clip di chiusura<br \/>\n6x cartoni delle uova dimezzati<br \/>\n1x cibo per scarafaggi<br \/>\n1x beverino magnetico da 50ml<br \/>\n1x adesivo \"Nome della specie\"<\/span><\/p>\n","protected":false},"excerpt":{"rendered":"<p>Set completo per l&#8217;alimentazione degli scarafaggi - Soluzione di allevamento pulita ed efficiente Il Insektenliebe set completo di scarafaggi da mangiare ti offre una soluzione pratica e ben studiata per mantenere e allevare i tuoi scarafaggi. La robusta scatola di plastica garantisce stabilit\u00e0, mentre il sistema funziona in modo semplice ed efficiente. I cartoni delle [&hellip;]<\/p>\n","protected":false},"featured_media":197111,"template":"","meta":{"_acf_changed":false},"product-supplier":[],"product_brand":[2853],"product_cat":[2854],"product_tag":[],"lce-checkout-addons":[],"class_list":{"0":"post-185589","1":"product","2":"type-product","3":"status-publish","4":"has-post-thumbnail","6":"product_brand-insektenliebe","7":"product_cat-set-completo","8":"product_shipping_class-equipment-shipping","10":"first","11":"instock","12":"taxable","13":"shipping-taxable","14":"purchasable","15":"product-type-simple"},"acf":[],"yoast_head":"<!-- This site is optimized with the Yoast SEO plugin v27.3 - https:\/\/yoast.com\/product\/yoast-seo-wordpress\/ -->\n<title>Insektenliebe set completo di scarafaggi da mangiare - Insektenliebe<\/title>\n<meta name=\"description\" content=\"Set completo di alimentazione per scarafaggi Insektenliebe - pratica scatola di allevamento con accessori per un allevamento pulito, semplice ed efficiente degli scarafaggi.\" \/>\n<meta name=\"robots\" content=\"index, follow, max-snippet:-1, max-image-preview:large, max-video-preview:-1\" \/>\n<link rel=\"canonical\" href=\"https:\/\/insektenliebe.com\/it\/shop\/prodotto\/insektenliebe-set-completo-di-scarafaggi-da-mangiare\/\" \/>\n<meta property=\"og:locale\" content=\"it_IT\" \/>\n<meta property=\"og:type\" content=\"article\" \/>\n<meta property=\"og:title\" content=\"Insektenliebe set completo di scarafaggi da mangiare - Insektenliebe\" \/>\n<meta property=\"og:description\" content=\"Set completo di alimentazione per scarafaggi Insektenliebe - pratica scatola di allevamento con accessori per un allevamento pulito, semplice ed efficiente degli scarafaggi.\" \/>\n<meta property=\"og:url\" content=\"https:\/\/insektenliebe.com\/it\/shop\/prodotto\/insektenliebe-set-completo-di-scarafaggi-da-mangiare\/\" \/>\n<meta property=\"og:site_name\" content=\"Insektenliebe\" \/>\n<meta property=\"article:modified_time\" content=\"2026-04-01T12:08:52+00:00\" \/>\n<meta property=\"og:image\" content=\"https:\/\/insektenliebe.com\/wp-content\/uploads\/2022\/12\/Insektenliebe-Futterschaben-Komplettset-3.jpg\" \/>\n\t<meta property=\"og:image:width\" content=\"820\" \/>\n\t<meta property=\"og:image:height\" content=\"820\" \/>\n\t<meta property=\"og:image:type\" content=\"image\/jpeg\" \/>\n<meta name=\"twitter:card\" content=\"summary_large_image\" \/>\n<meta name=\"twitter:label1\" content=\"Tempo di lettura stimato\" \/>\n\t<meta name=\"twitter:data1\" content=\"2 minuto\" \/>\n<script type=\"application\/ld+json\" class=\"yoast-schema-graph\">{\"@context\":\"https:\\\/\\\/schema.org\",\"@graph\":[{\"@type\":\"WebPage\",\"@id\":\"https:\\\/\\\/insektenliebe.com\\\/it\\\/shop\\\/prodotto\\\/insektenliebe-set-completo-di-scarafaggi-da-mangiare\\\/\",\"url\":\"https:\\\/\\\/insektenliebe.com\\\/it\\\/shop\\\/prodotto\\\/insektenliebe-set-completo-di-scarafaggi-da-mangiare\\\/\",\"name\":\"Insektenliebe set completo di scarafaggi da mangiare - Insektenliebe\",\"isPartOf\":{\"@id\":\"https:\\\/\\\/insektenliebe.com\\\/it\\\/#website\"},\"primaryImageOfPage\":{\"@id\":\"https:\\\/\\\/insektenliebe.com\\\/it\\\/shop\\\/prodotto\\\/insektenliebe-set-completo-di-scarafaggi-da-mangiare\\\/#primaryimage\"},\"image\":{\"@id\":\"https:\\\/\\\/insektenliebe.com\\\/it\\\/shop\\\/prodotto\\\/insektenliebe-set-completo-di-scarafaggi-da-mangiare\\\/#primaryimage\"},\"thumbnailUrl\":\"https:\\\/\\\/insektenliebe.com\\\/wp-content\\\/uploads\\\/2022\\\/12\\\/Insektenliebe-Futterschaben-Komplettset-3.jpg\",\"datePublished\":\"2022-12-16T08:51:55+00:00\",\"dateModified\":\"2026-04-01T12:08:52+00:00\",\"description\":\"Set completo di alimentazione per scarafaggi Insektenliebe - pratica scatola di allevamento con accessori per un allevamento pulito, semplice ed efficiente degli scarafaggi.\",\"breadcrumb\":{\"@id\":\"https:\\\/\\\/insektenliebe.com\\\/it\\\/shop\\\/prodotto\\\/insektenliebe-set-completo-di-scarafaggi-da-mangiare\\\/#breadcrumb\"},\"inLanguage\":\"it-IT\",\"potentialAction\":[{\"@type\":\"ReadAction\",\"target\":[\"https:\\\/\\\/insektenliebe.com\\\/it\\\/shop\\\/prodotto\\\/insektenliebe-set-completo-di-scarafaggi-da-mangiare\\\/\"]}]},{\"@type\":\"ImageObject\",\"inLanguage\":\"it-IT\",\"@id\":\"https:\\\/\\\/insektenliebe.com\\\/it\\\/shop\\\/prodotto\\\/insektenliebe-set-completo-di-scarafaggi-da-mangiare\\\/#primaryimage\",\"url\":\"https:\\\/\\\/insektenliebe.com\\\/wp-content\\\/uploads\\\/2022\\\/12\\\/Insektenliebe-Futterschaben-Komplettset-3.jpg\",\"contentUrl\":\"https:\\\/\\\/insektenliebe.com\\\/wp-content\\\/uploads\\\/2022\\\/12\\\/Insektenliebe-Futterschaben-Komplettset-3.jpg\",\"width\":820,\"height\":820,\"caption\":\"Insektenliebe set completo di scarafaggi da mangiare\"},{\"@type\":\"BreadcrumbList\",\"@id\":\"https:\\\/\\\/insektenliebe.com\\\/it\\\/shop\\\/prodotto\\\/insektenliebe-set-completo-di-scarafaggi-da-mangiare\\\/#breadcrumb\",\"itemListElement\":[{\"@type\":\"ListItem\",\"position\":1,\"name\":\"Startseite\",\"item\":\"https:\\\/\\\/insektenliebe.com\\\/it\\\/\"},{\"@type\":\"ListItem\",\"position\":2,\"name\":\"Negozio\",\"item\":\"https:\\\/\\\/insektenliebe.com\\\/it\\\/negozio\\\/\"},{\"@type\":\"ListItem\",\"position\":3,\"name\":\"Insektenliebe set completo di scarafaggi da mangiare\"}]},{\"@type\":\"WebSite\",\"@id\":\"https:\\\/\\\/insektenliebe.com\\\/it\\\/#website\",\"url\":\"https:\\\/\\\/insektenliebe.com\\\/it\\\/\",\"name\":\"Insektenliebe\",\"description\":\"Dein Zuhause f\u00fcr die kleinen Lebewesen\",\"publisher\":{\"@id\":\"https:\\\/\\\/insektenliebe.com\\\/it\\\/#organization\"},\"potentialAction\":[{\"@type\":\"SearchAction\",\"target\":{\"@type\":\"EntryPoint\",\"urlTemplate\":\"https:\\\/\\\/insektenliebe.com\\\/it\\\/?s={search_term_string}\"},\"query-input\":{\"@type\":\"PropertyValueSpecification\",\"valueRequired\":true,\"valueName\":\"search_term_string\"}}],\"inLanguage\":\"it-IT\"},{\"@type\":\"Organization\",\"@id\":\"https:\\\/\\\/insektenliebe.com\\\/it\\\/#organization\",\"name\":\"Insektenliebe\",\"url\":\"https:\\\/\\\/insektenliebe.com\\\/it\\\/\",\"logo\":{\"@type\":\"ImageObject\",\"inLanguage\":\"it-IT\",\"@id\":\"https:\\\/\\\/insektenliebe.com\\\/it\\\/#\\\/schema\\\/logo\\\/image\\\/\",\"url\":\"https:\\\/\\\/insektenliebe.com\\\/wp-content\\\/uploads\\\/2025\\\/03\\\/logo-white.png\",\"contentUrl\":\"https:\\\/\\\/insektenliebe.com\\\/wp-content\\\/uploads\\\/2025\\\/03\\\/logo-white.png\",\"width\":288,\"height\":188,\"caption\":\"Insektenliebe\"},\"image\":{\"@id\":\"https:\\\/\\\/insektenliebe.com\\\/it\\\/#\\\/schema\\\/logo\\\/image\\\/\"}}]}<\/script>\n<!-- \/ Yoast SEO plugin. -->","yoast_head_json":{"title":"Insektenliebe set completo di scarafaggi da mangiare - Insektenliebe","description":"Set completo di alimentazione per scarafaggi Insektenliebe - pratica scatola di allevamento con accessori per un allevamento pulito, semplice ed efficiente degli scarafaggi.","robots":{"index":"index","follow":"follow","max-snippet":"max-snippet:-1","max-image-preview":"max-image-preview:large","max-video-preview":"max-video-preview:-1"},"canonical":"https:\/\/insektenliebe.com\/it\/shop\/prodotto\/insektenliebe-set-completo-di-scarafaggi-da-mangiare\/","og_locale":"it_IT","og_type":"article","og_title":"Insektenliebe set completo di scarafaggi da mangiare - Insektenliebe","og_description":"Set completo di alimentazione per scarafaggi Insektenliebe - pratica scatola di allevamento con accessori per un allevamento pulito, semplice ed efficiente degli scarafaggi.","og_url":"https:\/\/insektenliebe.com\/it\/shop\/prodotto\/insektenliebe-set-completo-di-scarafaggi-da-mangiare\/","og_site_name":"Insektenliebe","article_modified_time":"2026-04-01T12:08:52+00:00","og_image":[{"width":820,"height":820,"url":"https:\/\/insektenliebe.com\/wp-content\/uploads\/2022\/12\/Insektenliebe-Futterschaben-Komplettset-3.jpg","type":"image\/jpeg"}],"twitter_card":"summary_large_image","twitter_misc":{"Tempo di lettura stimato":"2 minuto"},"schema":{"@context":"https:\/\/schema.org","@graph":[{"@type":"WebPage","@id":"https:\/\/insektenliebe.com\/it\/shop\/prodotto\/insektenliebe-set-completo-di-scarafaggi-da-mangiare\/","url":"https:\/\/insektenliebe.com\/it\/shop\/prodotto\/insektenliebe-set-completo-di-scarafaggi-da-mangiare\/","name":"Insektenliebe set completo di scarafaggi da mangiare - Insektenliebe","isPartOf":{"@id":"https:\/\/insektenliebe.com\/it\/#website"},"primaryImageOfPage":{"@id":"https:\/\/insektenliebe.com\/it\/shop\/prodotto\/insektenliebe-set-completo-di-scarafaggi-da-mangiare\/#primaryimage"},"image":{"@id":"https:\/\/insektenliebe.com\/it\/shop\/prodotto\/insektenliebe-set-completo-di-scarafaggi-da-mangiare\/#primaryimage"},"thumbnailUrl":"https:\/\/insektenliebe.com\/wp-content\/uploads\/2022\/12\/Insektenliebe-Futterschaben-Komplettset-3.jpg","datePublished":"2022-12-16T08:51:55+00:00","dateModified":"2026-04-01T12:08:52+00:00","description":"Set completo di alimentazione per scarafaggi Insektenliebe - pratica scatola di allevamento con accessori per un allevamento pulito, semplice ed efficiente degli scarafaggi.","breadcrumb":{"@id":"https:\/\/insektenliebe.com\/it\/shop\/prodotto\/insektenliebe-set-completo-di-scarafaggi-da-mangiare\/#breadcrumb"},"inLanguage":"it-IT","potentialAction":[{"@type":"ReadAction","target":["https:\/\/insektenliebe.com\/it\/shop\/prodotto\/insektenliebe-set-completo-di-scarafaggi-da-mangiare\/"]}]},{"@type":"ImageObject","inLanguage":"it-IT","@id":"https:\/\/insektenliebe.com\/it\/shop\/prodotto\/insektenliebe-set-completo-di-scarafaggi-da-mangiare\/#primaryimage","url":"https:\/\/insektenliebe.com\/wp-content\/uploads\/2022\/12\/Insektenliebe-Futterschaben-Komplettset-3.jpg","contentUrl":"https:\/\/insektenliebe.com\/wp-content\/uploads\/2022\/12\/Insektenliebe-Futterschaben-Komplettset-3.jpg","width":820,"height":820,"caption":"Insektenliebe set completo di scarafaggi da mangiare"},{"@type":"BreadcrumbList","@id":"https:\/\/insektenliebe.com\/it\/shop\/prodotto\/insektenliebe-set-completo-di-scarafaggi-da-mangiare\/#breadcrumb","itemListElement":[{"@type":"ListItem","position":1,"name":"Startseite","item":"https:\/\/insektenliebe.com\/it\/"},{"@type":"ListItem","position":2,"name":"Negozio","item":"https:\/\/insektenliebe.com\/it\/negozio\/"},{"@type":"ListItem","position":3,"name":"Insektenliebe set completo di scarafaggi da mangiare"}]},{"@type":"WebSite","@id":"https:\/\/insektenliebe.com\/it\/#website","url":"https:\/\/insektenliebe.com\/it\/","name":"Insektenliebe","description":"Dein Zuhause f\u00fcr die kleinen Lebewesen","publisher":{"@id":"https:\/\/insektenliebe.com\/it\/#organization"},"potentialAction":[{"@type":"SearchAction","target":{"@type":"EntryPoint","urlTemplate":"https:\/\/insektenliebe.com\/it\/?s={search_term_string}"},"query-input":{"@type":"PropertyValueSpecification","valueRequired":true,"valueName":"search_term_string"}}],"inLanguage":"it-IT"},{"@type":"Organization","@id":"https:\/\/insektenliebe.com\/it\/#organization","name":"Insektenliebe","url":"https:\/\/insektenliebe.com\/it\/","logo":{"@type":"ImageObject","inLanguage":"it-IT","@id":"https:\/\/insektenliebe.com\/it\/#\/schema\/logo\/image\/","url":"https:\/\/insektenliebe.com\/wp-content\/uploads\/2025\/03\/logo-white.png","contentUrl":"https:\/\/insektenliebe.com\/wp-content\/uploads\/2025\/03\/logo-white.png","width":288,"height":188,"caption":"Insektenliebe"},"image":{"@id":"https:\/\/insektenliebe.com\/it\/#\/schema\/logo\/image\/"}}]}},"_links":{"self":[{"href":"https:\/\/insektenliebe.com\/it\/wp-json\/wp\/v2\/product\/185589","targetHints":{"allow":["GET"]}}],"collection":[{"href":"https:\/\/insektenliebe.com\/it\/wp-json\/wp\/v2\/product"}],"about":[{"href":"https:\/\/insektenliebe.com\/it\/wp-json\/wp\/v2\/types\/product"}],"wp:featuredmedia":[{"embeddable":true,"href":"https:\/\/insektenliebe.com\/it\/wp-json\/wp\/v2\/media\/197111"}],"wp:attachment":[{"href":"https:\/\/insektenliebe.com\/it\/wp-json\/wp\/v2\/media?parent=185589"}],"wp:term":[{"taxonomy":"product-supplier","embeddable":true,"href":"https:\/\/insektenliebe.com\/it\/wp-json\/wp\/v2\/product-supplier?post=185589"},{"taxonomy":"product_brand","embeddable":true,"href":"https:\/\/insektenliebe.com\/it\/wp-json\/wp\/v2\/product_brand?post=185589"},{"taxonomy":"product_cat","embeddable":true,"href":"https:\/\/insektenliebe.com\/it\/wp-json\/wp\/v2\/product_cat?post=185589"},{"taxonomy":"product_tag","embeddable":true,"href":"https:\/\/insektenliebe.com\/it\/wp-json\/wp\/v2\/product_tag?post=185589"},{"taxonomy":"lce-checkout-addons","embeddable":true,"href":"https:\/\/insektenliebe.com\/it\/wp-json\/wp\/v2\/lce-checkout-addons?post=185589"}],"curies":[{"name":"wp","href":"https:\/\/api.w.org\/{rel}","templated":true}]}}