{"id":185588,"date":"2021-05-14T13:46:00","date_gmt":"2021-05-14T11:46:00","guid":{"rendered":"https:\/\/insektenliebe.com\/shop\/produkt\/hobby-neodymium-daylight-eco\/"},"modified":"2026-03-05T19:17:35","modified_gmt":"2026-03-05T18:17:35","slug":"hobby-neodymium-daylight-eco","status":"publish","type":"product","link":"https:\/\/insektenliebe.com\/it\/shop\/prodotto\/hobby-neodymium-daylight-eco\/","title":{"rendered":"Hobby Neodymium Daylight Eco"},"content":{"rendered":"<h3><span style=\"color: #99cc33;\"><span class=\"s1\">Hobby Luce diurna al neodimio Eco - <\/span><span class=\"s1\">Luce colorata grazie al vetro al neodimio<\/span><\/span><\/h3>\n<p class=\"p1\"><span class=\"s1\">Il <\/span><strong><span class=\"s2\">Hobby Neodymium Daylight Eco<\/span><\/strong><span class=\"s1\">  \u00e8 un moderno faretto a luce naturale ad ampio spettro per terrari. Combina   <\/span><span class=\"s2\">Calore e luce<\/span><span class=\"s1\"> in un&#8217;unica fonte di luce ed \u00e8 modellato sulle condizioni di illuminazione naturale di molti habitat.<\/span><\/p>\n<p class=\"p1\"><span class=\"s1\">Il faretto ha un <\/span><span class=\"s2\">rivestimento al neodimio<\/span><span class=\"s1\">che migliora notevolmente lo spettro luminoso. In questo modo i colori nel terrario appaiono pi\u00f9 intensi e naturali. Anche le piante traggono beneficio da questo speciale spettro di luce perch\u00e9 ne favorisce la crescita.  <\/span><\/p>\n<p class=\"p1\"><span class=\"s1\">La <\/span><span class=\"s2\">superficie lattiginosa del radiatore<\/span><span class=\"s1\">  garantisce anche una delicata diffusione della luce. In questo modo la luce viene distribuita in modo uniforme nel terrario. Allo stesso tempo, si crea un clima di illuminazione piacevole e naturale.  <\/span><\/p>\n<p class=\"p1\"><span class=\"s1\">Il <\/span><span class=\"s2\">fascio di luce ampio<\/span><span class=\"s1\">  \u00e8 particolarmente indicato per i terrari in cui si vogliono illuminare aree pi\u00f9 ampie. In questo modo si crea una combinazione naturale di zone luminose e zone pi\u00f9 calde. <\/span><\/p>\n<p class=\"p1\"><span class=\"s1\">Oltre alla luce, il faretto fornisce anche <\/span><span class=\"s2\">calore<\/span><span class=\"s1\">in modo che i tuoi animali possano regolare attivamente la loro temperatura corporea. I rettili utilizzano queste aree calde per riscaldarsi e poi tornare in aree pi\u00f9 fresche.  Questi  <\/span><span class=\"s2\">Regolazione naturale del calore<\/span><span class=\"s1\"> favorisce il benessere e l&#8217;attivit\u00e0 degli animali.<\/span><\/p>\n<p class=\"p1\"><span class=\"s1\">La lampada contiene anche un componente <\/span><span class=\"s2\">componente UV-A<\/span><span class=\"s1\">. Questa luce stimola il comportamento naturale di molti animali del terrario. Mostrano una maggiore attivit\u00e0 e utilizzano pi\u00f9 intensamente le aree di crogiolamento. <\/span><\/p>\n<p class=\"p1\"><span class=\"s1\">Un altro vantaggio \u00e8 il <\/span><span class=\"s2\">il basso consumo energetico<\/span><span class=\"s1\">. Il <strong>Neodymium Daylight Eco di Hobby<\/strong> richiede circa un&#8217;ora e mezza di tempo.  <\/span><span class=\"s2\">30 % di energia in meno rispetto alle lampadine tradizionali<\/span><span class=\"s1\">. In questo modo si risparmia energia elettrica e si riducono allo stesso tempo i costi di gestione del terrario.<\/span><\/p>\n<p class=\"p1\"><span class=\"s1\">Con una <\/span><span class=\"s2\">durata di circa 2.000 ore di funzionamento<\/span><span class=\"s1\"> il faretto offre un&#8217;illuminazione affidabile anche per l&#8217;uso quotidiano.<\/span><\/p>\n<p class=\"p1\"><span class=\"s1\">Il <\/span><strong><span class=\"s2\">Hobby Neodymium Daylight Eco<\/span><\/strong><span class=\"s1\"> \u00e8 quindi una soluzione di illuminazione per terrari efficiente dal punto di vista energetico e quasi naturale, che favorisce il benessere degli animali e la crescita delle piante.<\/span><\/p>\n<p><strong>Specifiche tecniche:<\/strong><\/p>\n<p>Temperatura colore 2.636 Kelvin<br \/>\nResa cromatica 87,3 Ra<br \/>\nFlusso luminoso 223,59 lm<br \/>\nCorrisponde alla classe di efficienza energetica C<br \/>\nFaretto speciale per terrari in conformit\u00e0 al Regolamento UE 1194\/2012.<br \/>\nNon adatto all&#8217;illuminazione di ambienti.<br \/>\nNon soggetto a etichettatura.<\/p>\n<p><strong>Specifiche tecniche:<\/strong><\/p>\n<p>Temperatura colore 2.636 Kelvin<br \/>\nResa cromatica 87,3 Ra<br \/>\nFlusso luminoso 223,59 lm<br \/>\nCorrisponde alla classe di efficienza energetica C<br \/>\nFaretto speciale per terrari in conformit\u00e0 al Regolamento UE 1194\/2012.<br \/>\nNon adatto all&#8217;illuminazione di ambienti.<br \/>\nNon soggetto a etichettatura.<\/p>\n","protected":false},"excerpt":{"rendered":"<p>Hobby Luce diurna al neodimio Eco - Luce colorata grazie al vetro al neodimio Il Hobby Neodymium Daylight Eco \u00e8 un moderno faretto a luce naturale ad ampio spettro per terrari. Combina Calore e luce in un&#8217;unica fonte di luce ed \u00e8 modellato sulle condizioni di illuminazione naturale di molti habitat. Il faretto ha un [&hellip;]<\/p>\n","protected":false},"featured_media":185590,"template":"","meta":{"_acf_changed":false},"product-supplier":[2555],"product_brand":[2739],"product_cat":[2741],"product_tag":[],"lce-checkout-addons":[],"class_list":{"0":"post-185588","1":"product","2":"type-product","3":"status-publish","4":"has-post-thumbnail","6":"product_brand-hobby-terraristica","7":"product_cat-illuminazione-e-clima","8":"product_shipping_class-equipment-shipping","10":"first","11":"instock","12":"sale","13":"taxable","14":"shipping-taxable","15":"purchasable","16":"product-type-variable"},"acf":[],"yoast_head":"<!-- This site is optimized with the Yoast SEO plugin v27.3 - https:\/\/yoast.com\/product\/yoast-seo-wordpress\/ -->\n<title>Hobby Neodymium Daylight Eco - Insektenliebe<\/title>\n<meta name=\"description\" content=\"Hobby Neodymium Daylight Eco - faretto alogeno a risparmio energetico con componente UV-A. Luce naturale per terrari e piante.\" \/>\n<meta name=\"robots\" content=\"index, follow, max-snippet:-1, max-image-preview:large, max-video-preview:-1\" \/>\n<link rel=\"canonical\" href=\"https:\/\/insektenliebe.com\/it\/shop\/prodotto\/hobby-neodymium-daylight-eco\/\" \/>\n<meta property=\"og:locale\" content=\"it_IT\" \/>\n<meta property=\"og:type\" content=\"article\" \/>\n<meta property=\"og:title\" content=\"Hobby Neodymium Daylight Eco - Insektenliebe\" \/>\n<meta property=\"og:description\" content=\"Hobby Neodymium Daylight Eco - faretto alogeno a risparmio energetico con componente UV-A. Luce naturale per terrari e piante.\" \/>\n<meta property=\"og:url\" content=\"https:\/\/insektenliebe.com\/it\/shop\/prodotto\/hobby-neodymium-daylight-eco\/\" \/>\n<meta property=\"og:site_name\" content=\"Insektenliebe\" \/>\n<meta property=\"article:modified_time\" content=\"2026-03-05T18:17:35+00:00\" \/>\n<meta property=\"og:image\" content=\"https:\/\/insektenliebe.com\/wp-content\/uploads\/2025\/05\/Hobby-Neodymium-Daylight-Eco-2.jpg\" \/>\n\t<meta property=\"og:image:width\" content=\"820\" \/>\n\t<meta property=\"og:image:height\" content=\"820\" \/>\n\t<meta property=\"og:image:type\" content=\"image\/jpeg\" \/>\n<meta name=\"twitter:card\" content=\"summary_large_image\" \/>\n<meta name=\"twitter:label1\" content=\"Tempo di lettura stimato\" \/>\n\t<meta name=\"twitter:data1\" content=\"2 minuto\" \/>\n<script type=\"application\/ld+json\" class=\"yoast-schema-graph\">{\"@context\":\"https:\\\/\\\/schema.org\",\"@graph\":[{\"@type\":\"WebPage\",\"@id\":\"https:\\\/\\\/insektenliebe.com\\\/it\\\/shop\\\/prodotto\\\/hobby-neodymium-daylight-eco\\\/\",\"url\":\"https:\\\/\\\/insektenliebe.com\\\/it\\\/shop\\\/prodotto\\\/hobby-neodymium-daylight-eco\\\/\",\"name\":\"Hobby Neodymium Daylight Eco - Insektenliebe\",\"isPartOf\":{\"@id\":\"https:\\\/\\\/insektenliebe.com\\\/it\\\/#website\"},\"primaryImageOfPage\":{\"@id\":\"https:\\\/\\\/insektenliebe.com\\\/it\\\/shop\\\/prodotto\\\/hobby-neodymium-daylight-eco\\\/#primaryimage\"},\"image\":{\"@id\":\"https:\\\/\\\/insektenliebe.com\\\/it\\\/shop\\\/prodotto\\\/hobby-neodymium-daylight-eco\\\/#primaryimage\"},\"thumbnailUrl\":\"https:\\\/\\\/insektenliebe.com\\\/wp-content\\\/uploads\\\/2025\\\/05\\\/Hobby-Neodymium-Daylight-Eco-2.jpg\",\"datePublished\":\"2021-05-14T11:46:00+00:00\",\"dateModified\":\"2026-03-05T18:17:35+00:00\",\"description\":\"Hobby Neodymium Daylight Eco - faretto alogeno a risparmio energetico con componente UV-A. Luce naturale per terrari e piante.\",\"breadcrumb\":{\"@id\":\"https:\\\/\\\/insektenliebe.com\\\/it\\\/shop\\\/prodotto\\\/hobby-neodymium-daylight-eco\\\/#breadcrumb\"},\"inLanguage\":\"it-IT\",\"potentialAction\":[{\"@type\":\"ReadAction\",\"target\":[\"https:\\\/\\\/insektenliebe.com\\\/it\\\/shop\\\/prodotto\\\/hobby-neodymium-daylight-eco\\\/\"]}]},{\"@type\":\"ImageObject\",\"inLanguage\":\"it-IT\",\"@id\":\"https:\\\/\\\/insektenliebe.com\\\/it\\\/shop\\\/prodotto\\\/hobby-neodymium-daylight-eco\\\/#primaryimage\",\"url\":\"https:\\\/\\\/insektenliebe.com\\\/wp-content\\\/uploads\\\/2025\\\/05\\\/Hobby-Neodymium-Daylight-Eco-2.jpg\",\"contentUrl\":\"https:\\\/\\\/insektenliebe.com\\\/wp-content\\\/uploads\\\/2025\\\/05\\\/Hobby-Neodymium-Daylight-Eco-2.jpg\",\"width\":820,\"height\":820,\"caption\":\"Hobby-Neodimio-Luce diurna-Eco-2.jpg\"},{\"@type\":\"BreadcrumbList\",\"@id\":\"https:\\\/\\\/insektenliebe.com\\\/it\\\/shop\\\/prodotto\\\/hobby-neodymium-daylight-eco\\\/#breadcrumb\",\"itemListElement\":[{\"@type\":\"ListItem\",\"position\":1,\"name\":\"Startseite\",\"item\":\"https:\\\/\\\/insektenliebe.com\\\/it\\\/\"},{\"@type\":\"ListItem\",\"position\":2,\"name\":\"Negozio\",\"item\":\"https:\\\/\\\/insektenliebe.com\\\/it\\\/negozio\\\/\"},{\"@type\":\"ListItem\",\"position\":3,\"name\":\"Hobby Neodymium Daylight Eco\"}]},{\"@type\":\"WebSite\",\"@id\":\"https:\\\/\\\/insektenliebe.com\\\/it\\\/#website\",\"url\":\"https:\\\/\\\/insektenliebe.com\\\/it\\\/\",\"name\":\"Insektenliebe\",\"description\":\"Dein Zuhause f\u00fcr die kleinen Lebewesen\",\"publisher\":{\"@id\":\"https:\\\/\\\/insektenliebe.com\\\/it\\\/#organization\"},\"potentialAction\":[{\"@type\":\"SearchAction\",\"target\":{\"@type\":\"EntryPoint\",\"urlTemplate\":\"https:\\\/\\\/insektenliebe.com\\\/it\\\/?s={search_term_string}\"},\"query-input\":{\"@type\":\"PropertyValueSpecification\",\"valueRequired\":true,\"valueName\":\"search_term_string\"}}],\"inLanguage\":\"it-IT\"},{\"@type\":\"Organization\",\"@id\":\"https:\\\/\\\/insektenliebe.com\\\/it\\\/#organization\",\"name\":\"Insektenliebe\",\"url\":\"https:\\\/\\\/insektenliebe.com\\\/it\\\/\",\"logo\":{\"@type\":\"ImageObject\",\"inLanguage\":\"it-IT\",\"@id\":\"https:\\\/\\\/insektenliebe.com\\\/it\\\/#\\\/schema\\\/logo\\\/image\\\/\",\"url\":\"https:\\\/\\\/insektenliebe.com\\\/wp-content\\\/uploads\\\/2025\\\/03\\\/logo-white.png\",\"contentUrl\":\"https:\\\/\\\/insektenliebe.com\\\/wp-content\\\/uploads\\\/2025\\\/03\\\/logo-white.png\",\"width\":288,\"height\":188,\"caption\":\"Insektenliebe\"},\"image\":{\"@id\":\"https:\\\/\\\/insektenliebe.com\\\/it\\\/#\\\/schema\\\/logo\\\/image\\\/\"}}]}<\/script>\n<!-- \/ Yoast SEO plugin. -->","yoast_head_json":{"title":"Hobby Neodymium Daylight Eco - Insektenliebe","description":"Hobby Neodymium Daylight Eco - faretto alogeno a risparmio energetico con componente UV-A. Luce naturale per terrari e piante.","robots":{"index":"index","follow":"follow","max-snippet":"max-snippet:-1","max-image-preview":"max-image-preview:large","max-video-preview":"max-video-preview:-1"},"canonical":"https:\/\/insektenliebe.com\/it\/shop\/prodotto\/hobby-neodymium-daylight-eco\/","og_locale":"it_IT","og_type":"article","og_title":"Hobby Neodymium Daylight Eco - Insektenliebe","og_description":"Hobby Neodymium Daylight Eco - faretto alogeno a risparmio energetico con componente UV-A. Luce naturale per terrari e piante.","og_url":"https:\/\/insektenliebe.com\/it\/shop\/prodotto\/hobby-neodymium-daylight-eco\/","og_site_name":"Insektenliebe","article_modified_time":"2026-03-05T18:17:35+00:00","og_image":[{"width":820,"height":820,"url":"https:\/\/insektenliebe.com\/wp-content\/uploads\/2025\/05\/Hobby-Neodymium-Daylight-Eco-2.jpg","type":"image\/jpeg"}],"twitter_card":"summary_large_image","twitter_misc":{"Tempo di lettura stimato":"2 minuto"},"schema":{"@context":"https:\/\/schema.org","@graph":[{"@type":"WebPage","@id":"https:\/\/insektenliebe.com\/it\/shop\/prodotto\/hobby-neodymium-daylight-eco\/","url":"https:\/\/insektenliebe.com\/it\/shop\/prodotto\/hobby-neodymium-daylight-eco\/","name":"Hobby Neodymium Daylight Eco - Insektenliebe","isPartOf":{"@id":"https:\/\/insektenliebe.com\/it\/#website"},"primaryImageOfPage":{"@id":"https:\/\/insektenliebe.com\/it\/shop\/prodotto\/hobby-neodymium-daylight-eco\/#primaryimage"},"image":{"@id":"https:\/\/insektenliebe.com\/it\/shop\/prodotto\/hobby-neodymium-daylight-eco\/#primaryimage"},"thumbnailUrl":"https:\/\/insektenliebe.com\/wp-content\/uploads\/2025\/05\/Hobby-Neodymium-Daylight-Eco-2.jpg","datePublished":"2021-05-14T11:46:00+00:00","dateModified":"2026-03-05T18:17:35+00:00","description":"Hobby Neodymium Daylight Eco - faretto alogeno a risparmio energetico con componente UV-A. Luce naturale per terrari e piante.","breadcrumb":{"@id":"https:\/\/insektenliebe.com\/it\/shop\/prodotto\/hobby-neodymium-daylight-eco\/#breadcrumb"},"inLanguage":"it-IT","potentialAction":[{"@type":"ReadAction","target":["https:\/\/insektenliebe.com\/it\/shop\/prodotto\/hobby-neodymium-daylight-eco\/"]}]},{"@type":"ImageObject","inLanguage":"it-IT","@id":"https:\/\/insektenliebe.com\/it\/shop\/prodotto\/hobby-neodymium-daylight-eco\/#primaryimage","url":"https:\/\/insektenliebe.com\/wp-content\/uploads\/2025\/05\/Hobby-Neodymium-Daylight-Eco-2.jpg","contentUrl":"https:\/\/insektenliebe.com\/wp-content\/uploads\/2025\/05\/Hobby-Neodymium-Daylight-Eco-2.jpg","width":820,"height":820,"caption":"Hobby-Neodimio-Luce diurna-Eco-2.jpg"},{"@type":"BreadcrumbList","@id":"https:\/\/insektenliebe.com\/it\/shop\/prodotto\/hobby-neodymium-daylight-eco\/#breadcrumb","itemListElement":[{"@type":"ListItem","position":1,"name":"Startseite","item":"https:\/\/insektenliebe.com\/it\/"},{"@type":"ListItem","position":2,"name":"Negozio","item":"https:\/\/insektenliebe.com\/it\/negozio\/"},{"@type":"ListItem","position":3,"name":"Hobby Neodymium Daylight Eco"}]},{"@type":"WebSite","@id":"https:\/\/insektenliebe.com\/it\/#website","url":"https:\/\/insektenliebe.com\/it\/","name":"Insektenliebe","description":"Dein Zuhause f\u00fcr die kleinen Lebewesen","publisher":{"@id":"https:\/\/insektenliebe.com\/it\/#organization"},"potentialAction":[{"@type":"SearchAction","target":{"@type":"EntryPoint","urlTemplate":"https:\/\/insektenliebe.com\/it\/?s={search_term_string}"},"query-input":{"@type":"PropertyValueSpecification","valueRequired":true,"valueName":"search_term_string"}}],"inLanguage":"it-IT"},{"@type":"Organization","@id":"https:\/\/insektenliebe.com\/it\/#organization","name":"Insektenliebe","url":"https:\/\/insektenliebe.com\/it\/","logo":{"@type":"ImageObject","inLanguage":"it-IT","@id":"https:\/\/insektenliebe.com\/it\/#\/schema\/logo\/image\/","url":"https:\/\/insektenliebe.com\/wp-content\/uploads\/2025\/03\/logo-white.png","contentUrl":"https:\/\/insektenliebe.com\/wp-content\/uploads\/2025\/03\/logo-white.png","width":288,"height":188,"caption":"Insektenliebe"},"image":{"@id":"https:\/\/insektenliebe.com\/it\/#\/schema\/logo\/image\/"}}]}},"_links":{"self":[{"href":"https:\/\/insektenliebe.com\/it\/wp-json\/wp\/v2\/product\/185588","targetHints":{"allow":["GET"]}}],"collection":[{"href":"https:\/\/insektenliebe.com\/it\/wp-json\/wp\/v2\/product"}],"about":[{"href":"https:\/\/insektenliebe.com\/it\/wp-json\/wp\/v2\/types\/product"}],"wp:featuredmedia":[{"embeddable":true,"href":"https:\/\/insektenliebe.com\/it\/wp-json\/wp\/v2\/media\/185590"}],"wp:attachment":[{"href":"https:\/\/insektenliebe.com\/it\/wp-json\/wp\/v2\/media?parent=185588"}],"wp:term":[{"taxonomy":"product-supplier","embeddable":true,"href":"https:\/\/insektenliebe.com\/it\/wp-json\/wp\/v2\/product-supplier?post=185588"},{"taxonomy":"product_brand","embeddable":true,"href":"https:\/\/insektenliebe.com\/it\/wp-json\/wp\/v2\/product_brand?post=185588"},{"taxonomy":"product_cat","embeddable":true,"href":"https:\/\/insektenliebe.com\/it\/wp-json\/wp\/v2\/product_cat?post=185588"},{"taxonomy":"product_tag","embeddable":true,"href":"https:\/\/insektenliebe.com\/it\/wp-json\/wp\/v2\/product_tag?post=185588"},{"taxonomy":"lce-checkout-addons","embeddable":true,"href":"https:\/\/insektenliebe.com\/it\/wp-json\/wp\/v2\/lce-checkout-addons?post=185588"}],"curies":[{"name":"wp","href":"https:\/\/api.w.org\/{rel}","templated":true}]}}