{"id":185579,"date":"2023-01-20T14:13:26","date_gmt":"2023-01-20T12:13:26","guid":{"rendered":"https:\/\/insektenliebe.com\/shop\/produkt\/avicularia-huriana\/"},"modified":"2026-03-06T18:35:34","modified_gmt":"2026-03-06T17:35:34","slug":"avicularia-huriana","status":"publish","type":"product","link":"https:\/\/insektenliebe.com\/it\/shop\/prodotto\/avicularia-huriana\/","title":{"rendered":"Avicularia huriana"},"content":{"rendered":"<h3>Media<\/h3>\n<h3>Per\u00f9, Ecuador e Brasile<\/h3>\n<h3>8 CM<\/h3>\n<h3>25-29 \u00b0C<\/h3>\n<h3><span style=\"color: #99cc33;\">Breve descrizione Avicularia huriana:<\/span><\/h3>\n<div><strong><span class=\"hiddenSpellError\">Avicularia<\/span> <span class=\"hiddenSpellError\">huriana<\/span><\/strong> \u00e8 il rappresentante pi\u00f9 grande della <span class=\"hiddenSpellError\">specie Avicularia<\/span>. Sembra che pi\u00f9 una <span class=\"hiddenSpellError\">specie di Avicularia<\/span> \u00e8 grande, pi\u00f9 il suo carattere diventa calmo. Raramente abbiamo visto una tarantola cos\u00ec calma!<br \/>\nIl suo aspetto fa battere il cuore. \u00c8 molto peloso e le punte bianche all&#8217;estremit\u00e0 lo fanno sembrare quasi <span class=\"hiddenSpellError\">un riccio<\/span>. <\/div>\n<div>\n<p>Come tutte le <span class=\"hiddenSpellError\">specie di Avicularia<\/span>, l&#8217;Avicularia <strong><span class=\"hiddenSpellError\">Avicularia<\/span> <span class=\"hiddenSpellError\">huriana<\/span><\/strong> appartiene anch&#8217;essa alla specie arborea. Date le sue dimensioni, \u00e8 opportuno scegliere un terrario di 30 \u00d7 30 \u00d7 40 cm. L&#8217;<span class=\"hiddenSpellError\">altezza del substrato<\/span> deve essere di almeno 5 cm. In questo modo si mantiene l&#8217;umidit\u00e0, che \u00e8 ottimizzata a circa il 75%. Un tubo di sughero verticale \u00e8 molto apprezzato come nascondiglio. Dato che gli animali amano <span class=\"hiddenSpellError\">arrampicarsi<\/span>, sono molto adatte delle radici di fiume aggiuntive. Le condizioni climatiche e visive possono essere migliorate con piante vere o artificiali. Gli animali adulti possono essere facilmente nutriti con <span class=\"hiddenSpellError\">scarafaggi della foresta<\/span> argentina subadulti o <span class=\"hiddenSpellError\">scarafaggi del cioccolato<\/span> adulti.       <\/p>\n<\/div>\n<div><\/div>\n<h3><span style=\"color: #99cc33;\"><strong>Prodotti per Avicularia huriana!<\/strong><\/span><\/h3>\n<p><img decoding=\"async\" src=\"https:\/\/insektenliebe.com\/wp-content\/uploads\/2023\/01\/Avicularia-huriana-auf-Korkroehre.jpg\" alt=\"Avicularia huriana su tubo di sughero\"><\/p>\n","protected":false},"excerpt":{"rendered":"<p>Media Per\u00f9, Ecuador e Brasile 8 CM 25-29 \u00b0C Breve descrizione Avicularia huriana: Avicularia huriana \u00e8 il rappresentante pi\u00f9 grande della specie Avicularia. Sembra che pi\u00f9 una specie di Avicularia \u00e8 grande, pi\u00f9 il suo carattere diventa calmo. Raramente abbiamo visto una tarantola cos\u00ec calma! Il suo aspetto fa battere il cuore. \u00c8 molto peloso [&hellip;]<\/p>\n","protected":false},"featured_media":185584,"template":"","meta":{"_acf_changed":false},"product-supplier":[],"product_brand":[],"product_cat":[2809,3004],"product_tag":[],"lce-checkout-addons":[2746],"class_list":{"0":"post-185579","1":"product","2":"type-product","3":"status-publish","4":"has-post-thumbnail","6":"product_cat-ragni","7":"product_cat-tarantole","8":"product_shipping_class-spedizione-di-animali","9":"pa_geschlecht-donna","10":"pa_geschlecht-uomo","11":"lce-checkout-addons-imballaggio-invernale","13":"first","14":"outofstock","15":"taxable","16":"shipping-taxable","17":"product-type-variable","18":"has-default-attributes"},"acf":[],"yoast_head":"<!-- This site is optimized with the Yoast SEO plugin v27.3 - https:\/\/yoast.com\/product\/yoast-seo-wordpress\/ -->\n<title>Avicularia huriana - Insektenliebe<\/title>\n<meta name=\"description\" content=\"Acquista la Avicularia huriana a basso costo direttamente online! Bellissima tarantola che vive sugli alberi ed \u00e8 una delle pi\u00f9 grandi del suo genere.\" \/>\n<meta name=\"robots\" content=\"index, follow, max-snippet:-1, max-image-preview:large, max-video-preview:-1\" \/>\n<link rel=\"canonical\" href=\"https:\/\/insektenliebe.com\/it\/shop\/prodotto\/avicularia-huriana\/\" \/>\n<meta property=\"og:locale\" content=\"it_IT\" \/>\n<meta property=\"og:type\" content=\"article\" \/>\n<meta property=\"og:title\" content=\"Avicularia huriana - Insektenliebe\" \/>\n<meta property=\"og:description\" content=\"Acquista la Avicularia huriana a basso costo direttamente online! Bellissima tarantola che vive sugli alberi ed \u00e8 una delle pi\u00f9 grandi del suo genere.\" \/>\n<meta property=\"og:url\" content=\"https:\/\/insektenliebe.com\/it\/shop\/prodotto\/avicularia-huriana\/\" \/>\n<meta property=\"og:site_name\" content=\"Insektenliebe\" \/>\n<meta property=\"article:modified_time\" content=\"2026-03-06T17:35:34+00:00\" \/>\n<meta property=\"og:image\" content=\"https:\/\/insektenliebe.com\/wp-content\/uploads\/2025\/05\/Avicularia-huriana-2.jpg\" \/>\n\t<meta property=\"og:image:width\" content=\"820\" \/>\n\t<meta property=\"og:image:height\" content=\"820\" \/>\n\t<meta property=\"og:image:type\" content=\"image\/jpeg\" \/>\n<meta name=\"twitter:card\" content=\"summary_large_image\" \/>\n<meta name=\"twitter:label1\" content=\"Tempo di lettura stimato\" \/>\n\t<meta name=\"twitter:data1\" content=\"1 minuto\" \/>\n<script type=\"application\/ld+json\" class=\"yoast-schema-graph\">{\"@context\":\"https:\\\/\\\/schema.org\",\"@graph\":[{\"@type\":\"WebPage\",\"@id\":\"https:\\\/\\\/insektenliebe.com\\\/it\\\/shop\\\/prodotto\\\/avicularia-huriana\\\/\",\"url\":\"https:\\\/\\\/insektenliebe.com\\\/it\\\/shop\\\/prodotto\\\/avicularia-huriana\\\/\",\"name\":\"Avicularia huriana - Insektenliebe\",\"isPartOf\":{\"@id\":\"https:\\\/\\\/insektenliebe.com\\\/it\\\/#website\"},\"primaryImageOfPage\":{\"@id\":\"https:\\\/\\\/insektenliebe.com\\\/it\\\/shop\\\/prodotto\\\/avicularia-huriana\\\/#primaryimage\"},\"image\":{\"@id\":\"https:\\\/\\\/insektenliebe.com\\\/it\\\/shop\\\/prodotto\\\/avicularia-huriana\\\/#primaryimage\"},\"thumbnailUrl\":\"https:\\\/\\\/insektenliebe.com\\\/wp-content\\\/uploads\\\/2025\\\/05\\\/Avicularia-huriana-2.jpg\",\"datePublished\":\"2023-01-20T12:13:26+00:00\",\"dateModified\":\"2026-03-06T17:35:34+00:00\",\"description\":\"Acquista la Avicularia huriana a basso costo direttamente online! Bellissima tarantola che vive sugli alberi ed \u00e8 una delle pi\u00f9 grandi del suo genere.\",\"breadcrumb\":{\"@id\":\"https:\\\/\\\/insektenliebe.com\\\/it\\\/shop\\\/prodotto\\\/avicularia-huriana\\\/#breadcrumb\"},\"inLanguage\":\"it-IT\",\"potentialAction\":[{\"@type\":\"ReadAction\",\"target\":[\"https:\\\/\\\/insektenliebe.com\\\/it\\\/shop\\\/prodotto\\\/avicularia-huriana\\\/\"]}]},{\"@type\":\"ImageObject\",\"inLanguage\":\"it-IT\",\"@id\":\"https:\\\/\\\/insektenliebe.com\\\/it\\\/shop\\\/prodotto\\\/avicularia-huriana\\\/#primaryimage\",\"url\":\"https:\\\/\\\/insektenliebe.com\\\/wp-content\\\/uploads\\\/2025\\\/05\\\/Avicularia-huriana-2.jpg\",\"contentUrl\":\"https:\\\/\\\/insektenliebe.com\\\/wp-content\\\/uploads\\\/2025\\\/05\\\/Avicularia-huriana-2.jpg\",\"width\":820,\"height\":820,\"caption\":\"Avicularia-huriana-2.jpg\"},{\"@type\":\"BreadcrumbList\",\"@id\":\"https:\\\/\\\/insektenliebe.com\\\/it\\\/shop\\\/prodotto\\\/avicularia-huriana\\\/#breadcrumb\",\"itemListElement\":[{\"@type\":\"ListItem\",\"position\":1,\"name\":\"Startseite\",\"item\":\"https:\\\/\\\/insektenliebe.com\\\/it\\\/\"},{\"@type\":\"ListItem\",\"position\":2,\"name\":\"Negozio\",\"item\":\"https:\\\/\\\/insektenliebe.com\\\/it\\\/negozio\\\/\"},{\"@type\":\"ListItem\",\"position\":3,\"name\":\"Avicularia huriana\"}]},{\"@type\":\"WebSite\",\"@id\":\"https:\\\/\\\/insektenliebe.com\\\/it\\\/#website\",\"url\":\"https:\\\/\\\/insektenliebe.com\\\/it\\\/\",\"name\":\"Insektenliebe\",\"description\":\"Dein Zuhause f\u00fcr die kleinen Lebewesen\",\"publisher\":{\"@id\":\"https:\\\/\\\/insektenliebe.com\\\/it\\\/#organization\"},\"potentialAction\":[{\"@type\":\"SearchAction\",\"target\":{\"@type\":\"EntryPoint\",\"urlTemplate\":\"https:\\\/\\\/insektenliebe.com\\\/it\\\/?s={search_term_string}\"},\"query-input\":{\"@type\":\"PropertyValueSpecification\",\"valueRequired\":true,\"valueName\":\"search_term_string\"}}],\"inLanguage\":\"it-IT\"},{\"@type\":\"Organization\",\"@id\":\"https:\\\/\\\/insektenliebe.com\\\/it\\\/#organization\",\"name\":\"Insektenliebe\",\"url\":\"https:\\\/\\\/insektenliebe.com\\\/it\\\/\",\"logo\":{\"@type\":\"ImageObject\",\"inLanguage\":\"it-IT\",\"@id\":\"https:\\\/\\\/insektenliebe.com\\\/it\\\/#\\\/schema\\\/logo\\\/image\\\/\",\"url\":\"https:\\\/\\\/insektenliebe.com\\\/wp-content\\\/uploads\\\/2025\\\/03\\\/logo-white.png\",\"contentUrl\":\"https:\\\/\\\/insektenliebe.com\\\/wp-content\\\/uploads\\\/2025\\\/03\\\/logo-white.png\",\"width\":288,\"height\":188,\"caption\":\"Insektenliebe\"},\"image\":{\"@id\":\"https:\\\/\\\/insektenliebe.com\\\/it\\\/#\\\/schema\\\/logo\\\/image\\\/\"}}]}<\/script>\n<!-- \/ Yoast SEO plugin. -->","yoast_head_json":{"title":"Avicularia huriana - Insektenliebe","description":"Acquista la Avicularia huriana a basso costo direttamente online! Bellissima tarantola che vive sugli alberi ed \u00e8 una delle pi\u00f9 grandi del suo genere.","robots":{"index":"index","follow":"follow","max-snippet":"max-snippet:-1","max-image-preview":"max-image-preview:large","max-video-preview":"max-video-preview:-1"},"canonical":"https:\/\/insektenliebe.com\/it\/shop\/prodotto\/avicularia-huriana\/","og_locale":"it_IT","og_type":"article","og_title":"Avicularia huriana - Insektenliebe","og_description":"Acquista la Avicularia huriana a basso costo direttamente online! Bellissima tarantola che vive sugli alberi ed \u00e8 una delle pi\u00f9 grandi del suo genere.","og_url":"https:\/\/insektenliebe.com\/it\/shop\/prodotto\/avicularia-huriana\/","og_site_name":"Insektenliebe","article_modified_time":"2026-03-06T17:35:34+00:00","og_image":[{"width":820,"height":820,"url":"https:\/\/insektenliebe.com\/wp-content\/uploads\/2025\/05\/Avicularia-huriana-2.jpg","type":"image\/jpeg"}],"twitter_card":"summary_large_image","twitter_misc":{"Tempo di lettura stimato":"1 minuto"},"schema":{"@context":"https:\/\/schema.org","@graph":[{"@type":"WebPage","@id":"https:\/\/insektenliebe.com\/it\/shop\/prodotto\/avicularia-huriana\/","url":"https:\/\/insektenliebe.com\/it\/shop\/prodotto\/avicularia-huriana\/","name":"Avicularia huriana - Insektenliebe","isPartOf":{"@id":"https:\/\/insektenliebe.com\/it\/#website"},"primaryImageOfPage":{"@id":"https:\/\/insektenliebe.com\/it\/shop\/prodotto\/avicularia-huriana\/#primaryimage"},"image":{"@id":"https:\/\/insektenliebe.com\/it\/shop\/prodotto\/avicularia-huriana\/#primaryimage"},"thumbnailUrl":"https:\/\/insektenliebe.com\/wp-content\/uploads\/2025\/05\/Avicularia-huriana-2.jpg","datePublished":"2023-01-20T12:13:26+00:00","dateModified":"2026-03-06T17:35:34+00:00","description":"Acquista la Avicularia huriana a basso costo direttamente online! Bellissima tarantola che vive sugli alberi ed \u00e8 una delle pi\u00f9 grandi del suo genere.","breadcrumb":{"@id":"https:\/\/insektenliebe.com\/it\/shop\/prodotto\/avicularia-huriana\/#breadcrumb"},"inLanguage":"it-IT","potentialAction":[{"@type":"ReadAction","target":["https:\/\/insektenliebe.com\/it\/shop\/prodotto\/avicularia-huriana\/"]}]},{"@type":"ImageObject","inLanguage":"it-IT","@id":"https:\/\/insektenliebe.com\/it\/shop\/prodotto\/avicularia-huriana\/#primaryimage","url":"https:\/\/insektenliebe.com\/wp-content\/uploads\/2025\/05\/Avicularia-huriana-2.jpg","contentUrl":"https:\/\/insektenliebe.com\/wp-content\/uploads\/2025\/05\/Avicularia-huriana-2.jpg","width":820,"height":820,"caption":"Avicularia-huriana-2.jpg"},{"@type":"BreadcrumbList","@id":"https:\/\/insektenliebe.com\/it\/shop\/prodotto\/avicularia-huriana\/#breadcrumb","itemListElement":[{"@type":"ListItem","position":1,"name":"Startseite","item":"https:\/\/insektenliebe.com\/it\/"},{"@type":"ListItem","position":2,"name":"Negozio","item":"https:\/\/insektenliebe.com\/it\/negozio\/"},{"@type":"ListItem","position":3,"name":"Avicularia huriana"}]},{"@type":"WebSite","@id":"https:\/\/insektenliebe.com\/it\/#website","url":"https:\/\/insektenliebe.com\/it\/","name":"Insektenliebe","description":"Dein Zuhause f\u00fcr die kleinen Lebewesen","publisher":{"@id":"https:\/\/insektenliebe.com\/it\/#organization"},"potentialAction":[{"@type":"SearchAction","target":{"@type":"EntryPoint","urlTemplate":"https:\/\/insektenliebe.com\/it\/?s={search_term_string}"},"query-input":{"@type":"PropertyValueSpecification","valueRequired":true,"valueName":"search_term_string"}}],"inLanguage":"it-IT"},{"@type":"Organization","@id":"https:\/\/insektenliebe.com\/it\/#organization","name":"Insektenliebe","url":"https:\/\/insektenliebe.com\/it\/","logo":{"@type":"ImageObject","inLanguage":"it-IT","@id":"https:\/\/insektenliebe.com\/it\/#\/schema\/logo\/image\/","url":"https:\/\/insektenliebe.com\/wp-content\/uploads\/2025\/03\/logo-white.png","contentUrl":"https:\/\/insektenliebe.com\/wp-content\/uploads\/2025\/03\/logo-white.png","width":288,"height":188,"caption":"Insektenliebe"},"image":{"@id":"https:\/\/insektenliebe.com\/it\/#\/schema\/logo\/image\/"}}]}},"_links":{"self":[{"href":"https:\/\/insektenliebe.com\/it\/wp-json\/wp\/v2\/product\/185579","targetHints":{"allow":["GET"]}}],"collection":[{"href":"https:\/\/insektenliebe.com\/it\/wp-json\/wp\/v2\/product"}],"about":[{"href":"https:\/\/insektenliebe.com\/it\/wp-json\/wp\/v2\/types\/product"}],"wp:featuredmedia":[{"embeddable":true,"href":"https:\/\/insektenliebe.com\/it\/wp-json\/wp\/v2\/media\/185584"}],"wp:attachment":[{"href":"https:\/\/insektenliebe.com\/it\/wp-json\/wp\/v2\/media?parent=185579"}],"wp:term":[{"taxonomy":"product-supplier","embeddable":true,"href":"https:\/\/insektenliebe.com\/it\/wp-json\/wp\/v2\/product-supplier?post=185579"},{"taxonomy":"product_brand","embeddable":true,"href":"https:\/\/insektenliebe.com\/it\/wp-json\/wp\/v2\/product_brand?post=185579"},{"taxonomy":"product_cat","embeddable":true,"href":"https:\/\/insektenliebe.com\/it\/wp-json\/wp\/v2\/product_cat?post=185579"},{"taxonomy":"product_tag","embeddable":true,"href":"https:\/\/insektenliebe.com\/it\/wp-json\/wp\/v2\/product_tag?post=185579"},{"taxonomy":"lce-checkout-addons","embeddable":true,"href":"https:\/\/insektenliebe.com\/it\/wp-json\/wp\/v2\/lce-checkout-addons?post=185579"}],"curies":[{"name":"wp","href":"https:\/\/api.w.org\/{rel}","templated":true}]}}