{"id":185578,"date":"2021-11-05T10:00:55","date_gmt":"2021-11-05T08:00:55","guid":{"rendered":"https:\/\/insektenliebe.com\/shop\/produkt\/ornithoctoninae-spec-ho-chi-minh\/"},"modified":"2026-03-06T18:42:51","modified_gmt":"2026-03-06T17:42:51","slug":"ornithoctoninae-spec-ho-chi-minh","status":"publish","type":"product","link":"https:\/\/insektenliebe.com\/it\/shop\/prodotto\/ornithoctoninae-spec-ho-chi-minh\/","title":{"rendered":"Ornithoctoninae spec. \"Ho Chi Minh\""},"content":{"rendered":"<h3>Semplice<\/h3>\n<h3>Vietnam<\/h3>\n<h3>15 CM<\/h3>\n<h3>27-29 \u00b0C<\/h3>\n<h3><span style=\"color: #99cc33;\">Breve descrizione Ornithoctoninae spec. \"Ho Chi Minh\": <\/span><\/h3>\n<p>L&#8217;area di distribuzione dell&#8217;Ornithoctoninae spec. \"Ho Chi Minh\" si estende dal Vietnam centrale al nord. In questa regione si trovano due diverse varianti di colore locali. Il confine \u00e8 tra gli animali trovati nel nord e quelli del Vietnam centrale. La differenza sta nella colorazione di base degli animali: quelli del Vietnam centrale hanno un aspetto pi\u00f9 scuro rispetto a quelli del nord. Gli animali proposti qui provengono dal Vietnam centrale. Purtroppo il nome Ho Chi Minh non ci fornisce informazioni pi\u00f9 precise sull&#8217;origine, ma si tratta di un politico rivoluzionario e comunista vietnamita. Cosa abbia a che fare con il nome di una tarantola non ci \u00e8 chiaro.       <\/p>\n<p>Ornithoctoninae spec. \"Ho Chi Minh\" vive in natura sotto pezzi di corteccia o in tane. In questo modo, intreccia il suo spazio vitale e lo stabilizza ulteriormente. L&#8217;umidit\u00e0 del substrato non deve essere eccessiva. \u00c8 meglio offrirgli due diverse zone di umidit\u00e0 e posizionare un pezzo di corteccia su di esse. In questo modo pu\u00f2 scegliere il luogo pi\u00f9 adatto.    <\/p>\n<p>Gli animali amano assumere una posizione di attacco e allungarsi verso l&#8217;alto. Tuttavia, rimangono relativamente calmi e non scappano. Questo li rende relativamente facili da gestire.  <\/p>\n<p><strong>Dimensioni e sesso attuali: femmine adulte<\/strong><\/p>\n<h3><span style=\"color: #99cc33;\"><strong>Prodotti per Ornithoctoninae spec. \"Ho Chi Minh\"! <\/strong><\/span><\/h3>\n<p><img decoding=\"async\" src=\"https:\/\/insektenliebe.com\/wp-content\/uploads\/2021\/11\/Ornithoctoninae-sp.-Ho-Chi-Minh-2.jpg\" alt=\"Ornithoctoninae sp. \"Ho Chi Minh\" 2\"><\/p>\n","protected":false},"excerpt":{"rendered":"<p>Semplice Vietnam 15 CM 27-29 \u00b0C Breve descrizione Ornithoctoninae spec. \"Ho Chi Minh\": L&#8217;area di distribuzione dell&#8217;Ornithoctoninae spec. \"Ho Chi Minh\" si estende dal Vietnam centrale al nord. In questa regione si trovano due diverse varianti di colore locali. Il confine \u00e8 tra gli animali trovati nel nord e quelli del Vietnam centrale. La differenza [&hellip;]<\/p>\n","protected":false},"featured_media":185580,"template":"","meta":{"_acf_changed":false},"product-supplier":[],"product_brand":[],"product_cat":[2809,3004],"product_tag":[],"lce-checkout-addons":[2746],"class_list":{"0":"post-185578","1":"product","2":"type-product","3":"status-publish","4":"has-post-thumbnail","6":"product_cat-ragni","7":"product_cat-tarantole","8":"product_shipping_class-spedizione-di-animali","9":"lce-checkout-addons-imballaggio-invernale","11":"first","12":"outofstock","13":"taxable","14":"shipping-taxable","15":"purchasable","16":"product-type-simple"},"acf":[],"yoast_head":"<!-- This site is optimized with the Yoast SEO Premium plugin v26.8 (Yoast SEO v27.3) - https:\/\/yoast.com\/product\/yoast-seo-premium-wordpress\/ -->\n<title>Ornithoctoninae spec. &quot;Ho Chi Minh&quot; - Insektenliebe<\/title>\n<meta name=\"description\" content=\"Acquista a buon mercato Ornithoctoninae spec. &quot;Ho Chi Minh&quot; direttamente online! Una delle tarantole pi\u00f9 belle del mondo! Compra direttamente dall&#039;allevatore!\" \/>\n<meta name=\"robots\" content=\"index, follow, max-snippet:-1, max-image-preview:large, max-video-preview:-1\" \/>\n<link rel=\"canonical\" href=\"https:\/\/insektenliebe.com\/it\/shop\/prodotto\/ornithoctoninae-spec-ho-chi-minh\/\" \/>\n<meta property=\"og:locale\" content=\"it_IT\" \/>\n<meta property=\"og:type\" content=\"article\" \/>\n<meta property=\"og:title\" content=\"Ornithoctoninae spec. &quot;Ho Chi Minh&quot;\" \/>\n<meta property=\"og:description\" content=\"Acquista a buon mercato Ornithoctoninae spec. &quot;Ho Chi Minh&quot; direttamente online! Una delle tarantole pi\u00f9 belle del mondo! Compra direttamente dall&#039;allevatore!\" \/>\n<meta property=\"og:url\" content=\"https:\/\/insektenliebe.com\/it\/shop\/prodotto\/ornithoctoninae-spec-ho-chi-minh\/\" \/>\n<meta property=\"og:site_name\" content=\"Insektenliebe\" \/>\n<meta property=\"article:modified_time\" content=\"2026-03-06T17:42:51+00:00\" \/>\n<meta property=\"og:image\" content=\"https:\/\/insektenliebe.com\/wp-content\/uploads\/2025\/05\/Ornithoctoninae-spec.-Ho-Chi-Minh-2.jpg\" \/>\n\t<meta property=\"og:image:width\" content=\"820\" \/>\n\t<meta property=\"og:image:height\" content=\"820\" \/>\n\t<meta property=\"og:image:type\" content=\"image\/jpeg\" \/>\n<meta name=\"twitter:card\" content=\"summary_large_image\" \/>\n<meta name=\"twitter:label1\" content=\"Prezzo\" \/>\n\t<meta name=\"twitter:data1\" content=\"240,00&nbsp;&euro; IVA incl., + spese di sped.\" \/>\n\t<meta name=\"twitter:label2\" content=\"Disponibilit\u00e0\" \/>\n\t<meta name=\"twitter:data2\" content=\"Esaurito\" \/>\n<script type=\"application\/ld+json\" class=\"yoast-schema-graph\">{\"@context\":\"https:\\\/\\\/schema.org\",\"@graph\":[{\"@type\":\"WebPage\",\"@id\":\"https:\\\/\\\/insektenliebe.com\\\/it\\\/shop\\\/prodotto\\\/ornithoctoninae-spec-ho-chi-minh\\\/\",\"url\":\"https:\\\/\\\/insektenliebe.com\\\/it\\\/shop\\\/prodotto\\\/ornithoctoninae-spec-ho-chi-minh\\\/\",\"name\":\"Ornithoctoninae spec. \\\"Ho Chi Minh\\\" - Insektenliebe\",\"isPartOf\":{\"@id\":\"https:\\\/\\\/insektenliebe.com\\\/it\\\/#website\"},\"primaryImageOfPage\":{\"@id\":\"https:\\\/\\\/insektenliebe.com\\\/it\\\/shop\\\/prodotto\\\/ornithoctoninae-spec-ho-chi-minh\\\/#primaryimage\"},\"image\":{\"@id\":\"https:\\\/\\\/insektenliebe.com\\\/it\\\/shop\\\/prodotto\\\/ornithoctoninae-spec-ho-chi-minh\\\/#primaryimage\"},\"thumbnailUrl\":\"https:\\\/\\\/insektenliebe.com\\\/wp-content\\\/uploads\\\/2025\\\/05\\\/Ornithoctoninae-spec.-Ho-Chi-Minh-2.jpg\",\"datePublished\":\"2021-11-05T08:00:55+00:00\",\"dateModified\":\"2026-03-06T17:42:51+00:00\",\"description\":\"Acquista a buon mercato Ornithoctoninae spec. \\\"Ho Chi Minh\\\" direttamente online! Una delle tarantole pi\u00f9 belle del mondo! Compra direttamente dall'allevatore!\",\"breadcrumb\":{\"@id\":\"https:\\\/\\\/insektenliebe.com\\\/it\\\/shop\\\/prodotto\\\/ornithoctoninae-spec-ho-chi-minh\\\/#breadcrumb\"},\"inLanguage\":\"it-IT\",\"potentialAction\":[{\"@type\":\"ReadAction\",\"target\":[\"https:\\\/\\\/insektenliebe.com\\\/it\\\/shop\\\/prodotto\\\/ornithoctoninae-spec-ho-chi-minh\\\/\"]}]},{\"@type\":\"ImageObject\",\"inLanguage\":\"it-IT\",\"@id\":\"https:\\\/\\\/insektenliebe.com\\\/it\\\/shop\\\/prodotto\\\/ornithoctoninae-spec-ho-chi-minh\\\/#primaryimage\",\"url\":\"https:\\\/\\\/insektenliebe.com\\\/wp-content\\\/uploads\\\/2025\\\/05\\\/Ornithoctoninae-spec.-Ho-Chi-Minh-2.jpg\",\"contentUrl\":\"https:\\\/\\\/insektenliebe.com\\\/wp-content\\\/uploads\\\/2025\\\/05\\\/Ornithoctoninae-spec.-Ho-Chi-Minh-2.jpg\",\"width\":820,\"height\":820,\"caption\":\"Ornithoctoninae-spec.-Ho-Chi-Minh-2.jpg\"},{\"@type\":\"BreadcrumbList\",\"@id\":\"https:\\\/\\\/insektenliebe.com\\\/it\\\/shop\\\/prodotto\\\/ornithoctoninae-spec-ho-chi-minh\\\/#breadcrumb\",\"itemListElement\":[{\"@type\":\"ListItem\",\"position\":1,\"name\":\"Startseite\",\"item\":\"https:\\\/\\\/insektenliebe.com\\\/it\\\/\"},{\"@type\":\"ListItem\",\"position\":2,\"name\":\"Negozio\",\"item\":\"https:\\\/\\\/insektenliebe.com\\\/it\\\/negozio\\\/\"},{\"@type\":\"ListItem\",\"position\":3,\"name\":\"Ornithoctoninae spec. \\\"Ho Chi Minh\\\"\"}]},{\"@type\":\"WebSite\",\"@id\":\"https:\\\/\\\/insektenliebe.com\\\/it\\\/#website\",\"url\":\"https:\\\/\\\/insektenliebe.com\\\/it\\\/\",\"name\":\"Insektenliebe\",\"description\":\"Dein Zuhause f\u00fcr die kleinen Lebewesen\",\"publisher\":{\"@id\":\"https:\\\/\\\/insektenliebe.com\\\/it\\\/#organization\"},\"potentialAction\":[{\"@type\":\"SearchAction\",\"target\":{\"@type\":\"EntryPoint\",\"urlTemplate\":\"https:\\\/\\\/insektenliebe.com\\\/it\\\/?s={search_term_string}\"},\"query-input\":{\"@type\":\"PropertyValueSpecification\",\"valueRequired\":true,\"valueName\":\"search_term_string\"}}],\"inLanguage\":\"it-IT\"},{\"@type\":\"Organization\",\"@id\":\"https:\\\/\\\/insektenliebe.com\\\/it\\\/#organization\",\"name\":\"Insektenliebe\",\"url\":\"https:\\\/\\\/insektenliebe.com\\\/it\\\/\",\"logo\":{\"@type\":\"ImageObject\",\"inLanguage\":\"it-IT\",\"@id\":\"https:\\\/\\\/insektenliebe.com\\\/it\\\/#\\\/schema\\\/logo\\\/image\\\/\",\"url\":\"https:\\\/\\\/insektenliebe.com\\\/wp-content\\\/uploads\\\/2025\\\/03\\\/logo-white.png\",\"contentUrl\":\"https:\\\/\\\/insektenliebe.com\\\/wp-content\\\/uploads\\\/2025\\\/03\\\/logo-white.png\",\"width\":288,\"height\":188,\"caption\":\"Insektenliebe\"},\"image\":{\"@id\":\"https:\\\/\\\/insektenliebe.com\\\/it\\\/#\\\/schema\\\/logo\\\/image\\\/\"}}]}<\/script>\n<meta property=\"product:price:amount\" content=\"240.00\" \/>\n<meta property=\"product:price:currency\" content=\"EUR\" \/>\n<meta property=\"og:availability\" content=\"out of stock\" \/>\n<meta property=\"product:availability\" content=\"out of stock\" \/>\n<meta property=\"product:retailer_item_id\" content=\"375\" \/>\n<meta property=\"product:condition\" content=\"new\" \/>\n<!-- \/ Yoast SEO Premium plugin. -->","yoast_head_json":{"title":"Ornithoctoninae spec. \"Ho Chi Minh\" - Insektenliebe","description":"Acquista a buon mercato Ornithoctoninae spec. \"Ho Chi Minh\" direttamente online! Una delle tarantole pi\u00f9 belle del mondo! Compra direttamente dall'allevatore!","robots":{"index":"index","follow":"follow","max-snippet":"max-snippet:-1","max-image-preview":"max-image-preview:large","max-video-preview":"max-video-preview:-1"},"canonical":"https:\/\/insektenliebe.com\/it\/shop\/prodotto\/ornithoctoninae-spec-ho-chi-minh\/","og_locale":"it_IT","og_type":"article","og_title":"Ornithoctoninae spec. \"Ho Chi Minh\"","og_description":"Acquista a buon mercato Ornithoctoninae spec. \"Ho Chi Minh\" direttamente online! Una delle tarantole pi\u00f9 belle del mondo! Compra direttamente dall'allevatore!","og_url":"https:\/\/insektenliebe.com\/it\/shop\/prodotto\/ornithoctoninae-spec-ho-chi-minh\/","og_site_name":"Insektenliebe","article_modified_time":"2026-03-06T17:42:51+00:00","og_image":[{"width":820,"height":820,"url":"https:\/\/insektenliebe.com\/wp-content\/uploads\/2025\/05\/Ornithoctoninae-spec.-Ho-Chi-Minh-2.jpg","type":"image\/jpeg"}],"twitter_card":"summary_large_image","twitter_misc":{"Prezzo":"240,00&nbsp;&euro; IVA incl., + spese di sped.","Disponibilit\u00e0":"Esaurito"},"schema":{"@context":"https:\/\/schema.org","@graph":[{"@type":"WebPage","@id":"https:\/\/insektenliebe.com\/it\/shop\/prodotto\/ornithoctoninae-spec-ho-chi-minh\/","url":"https:\/\/insektenliebe.com\/it\/shop\/prodotto\/ornithoctoninae-spec-ho-chi-minh\/","name":"Ornithoctoninae spec. \"Ho Chi Minh\" - Insektenliebe","isPartOf":{"@id":"https:\/\/insektenliebe.com\/it\/#website"},"primaryImageOfPage":{"@id":"https:\/\/insektenliebe.com\/it\/shop\/prodotto\/ornithoctoninae-spec-ho-chi-minh\/#primaryimage"},"image":{"@id":"https:\/\/insektenliebe.com\/it\/shop\/prodotto\/ornithoctoninae-spec-ho-chi-minh\/#primaryimage"},"thumbnailUrl":"https:\/\/insektenliebe.com\/wp-content\/uploads\/2025\/05\/Ornithoctoninae-spec.-Ho-Chi-Minh-2.jpg","datePublished":"2021-11-05T08:00:55+00:00","dateModified":"2026-03-06T17:42:51+00:00","description":"Acquista a buon mercato Ornithoctoninae spec. \"Ho Chi Minh\" direttamente online! Una delle tarantole pi\u00f9 belle del mondo! Compra direttamente dall'allevatore!","breadcrumb":{"@id":"https:\/\/insektenliebe.com\/it\/shop\/prodotto\/ornithoctoninae-spec-ho-chi-minh\/#breadcrumb"},"inLanguage":"it-IT","potentialAction":[{"@type":"ReadAction","target":["https:\/\/insektenliebe.com\/it\/shop\/prodotto\/ornithoctoninae-spec-ho-chi-minh\/"]}]},{"@type":"ImageObject","inLanguage":"it-IT","@id":"https:\/\/insektenliebe.com\/it\/shop\/prodotto\/ornithoctoninae-spec-ho-chi-minh\/#primaryimage","url":"https:\/\/insektenliebe.com\/wp-content\/uploads\/2025\/05\/Ornithoctoninae-spec.-Ho-Chi-Minh-2.jpg","contentUrl":"https:\/\/insektenliebe.com\/wp-content\/uploads\/2025\/05\/Ornithoctoninae-spec.-Ho-Chi-Minh-2.jpg","width":820,"height":820,"caption":"Ornithoctoninae-spec.-Ho-Chi-Minh-2.jpg"},{"@type":"BreadcrumbList","@id":"https:\/\/insektenliebe.com\/it\/shop\/prodotto\/ornithoctoninae-spec-ho-chi-minh\/#breadcrumb","itemListElement":[{"@type":"ListItem","position":1,"name":"Startseite","item":"https:\/\/insektenliebe.com\/it\/"},{"@type":"ListItem","position":2,"name":"Negozio","item":"https:\/\/insektenliebe.com\/it\/negozio\/"},{"@type":"ListItem","position":3,"name":"Ornithoctoninae spec. \"Ho Chi Minh\""}]},{"@type":"WebSite","@id":"https:\/\/insektenliebe.com\/it\/#website","url":"https:\/\/insektenliebe.com\/it\/","name":"Insektenliebe","description":"Dein Zuhause f\u00fcr die kleinen Lebewesen","publisher":{"@id":"https:\/\/insektenliebe.com\/it\/#organization"},"potentialAction":[{"@type":"SearchAction","target":{"@type":"EntryPoint","urlTemplate":"https:\/\/insektenliebe.com\/it\/?s={search_term_string}"},"query-input":{"@type":"PropertyValueSpecification","valueRequired":true,"valueName":"search_term_string"}}],"inLanguage":"it-IT"},{"@type":"Organization","@id":"https:\/\/insektenliebe.com\/it\/#organization","name":"Insektenliebe","url":"https:\/\/insektenliebe.com\/it\/","logo":{"@type":"ImageObject","inLanguage":"it-IT","@id":"https:\/\/insektenliebe.com\/it\/#\/schema\/logo\/image\/","url":"https:\/\/insektenliebe.com\/wp-content\/uploads\/2025\/03\/logo-white.png","contentUrl":"https:\/\/insektenliebe.com\/wp-content\/uploads\/2025\/03\/logo-white.png","width":288,"height":188,"caption":"Insektenliebe"},"image":{"@id":"https:\/\/insektenliebe.com\/it\/#\/schema\/logo\/image\/"}}]},"product_price_amount":"240.00","product_price_currency":"EUR","og_availability":"out of stock","product_availability":"out of stock","product_retailer_item_id":"375","product_condition":"new"},"_links":{"self":[{"href":"https:\/\/insektenliebe.com\/it\/wp-json\/wp\/v2\/product\/185578","targetHints":{"allow":["GET"]}}],"collection":[{"href":"https:\/\/insektenliebe.com\/it\/wp-json\/wp\/v2\/product"}],"about":[{"href":"https:\/\/insektenliebe.com\/it\/wp-json\/wp\/v2\/types\/product"}],"wp:featuredmedia":[{"embeddable":true,"href":"https:\/\/insektenliebe.com\/it\/wp-json\/wp\/v2\/media\/185580"}],"wp:attachment":[{"href":"https:\/\/insektenliebe.com\/it\/wp-json\/wp\/v2\/media?parent=185578"}],"wp:term":[{"taxonomy":"product-supplier","embeddable":true,"href":"https:\/\/insektenliebe.com\/it\/wp-json\/wp\/v2\/product-supplier?post=185578"},{"taxonomy":"product_brand","embeddable":true,"href":"https:\/\/insektenliebe.com\/it\/wp-json\/wp\/v2\/product_brand?post=185578"},{"taxonomy":"product_cat","embeddable":true,"href":"https:\/\/insektenliebe.com\/it\/wp-json\/wp\/v2\/product_cat?post=185578"},{"taxonomy":"product_tag","embeddable":true,"href":"https:\/\/insektenliebe.com\/it\/wp-json\/wp\/v2\/product_tag?post=185578"},{"taxonomy":"lce-checkout-addons","embeddable":true,"href":"https:\/\/insektenliebe.com\/it\/wp-json\/wp\/v2\/lce-checkout-addons?post=185578"}],"curies":[{"name":"wp","href":"https:\/\/api.w.org\/{rel}","templated":true}]}}