{"id":185567,"date":"2020-03-12T10:16:19","date_gmt":"2020-03-12T10:16:19","guid":{"rendered":"https:\/\/insektenliebe.com\/shop\/produkt\/lissachatina-fulica\/"},"modified":"2020-03-12T10:16:19","modified_gmt":"2020-03-12T09:16:19","slug":"lissachatina-fulica","status":"publish","type":"product","link":"https:\/\/insektenliebe.com\/it\/shop\/prodotto\/lissachatina-fulica\/","title":{"rendered":"Lissachatina fulica"},"content":{"rendered":"<h3><span style=\"color: #99cc33\">Breve descrizione Lissachatina fulica:<\/span><\/h3>\n<p class=\"product-title product_title entry-title\"><strong><span class=\"hiddenSpellError\">Lissachatina<\/span> <span class=\"hiddenSpellError\">fulica<\/span><\/strong> \u00e8 una delle specie di lumache pi\u00f9 popolari nell&#8217;hobby. Da un lato, questa specie \u00e8 adatta ai principianti e perdona uno o due errori di allevamento. Il fattore pi\u00f9 popolare, tuttavia, \u00e8 la sua natura curiosa.  <\/p>\n<p>La variante di colore \"Giada Bianca\" indica che gli animali hanno un <span class=\"hiddenSpellError\">guscio<\/span> <span class=\"hiddenSpellError\">di colore selvatico<\/span> e un corpo bianco.<\/p>\n<p>Questi animali sono originari dell&#8217;Africa orientale e colonizzano soprattutto le zone in cui l&#8217;umidit\u00e0 \u00e8 molto elevata. Gli animali si sentono molto a loro agio nel terrario all&#8217;80-90%. <strong><span class=\"hiddenSpellError\">Lissachatina<\/span> <span class=\"hiddenSpellError\">fulica<\/span><\/strong> sono crepuscolari e notturni, ma possono essere osservati anche di giorno. <\/p>\n<p>Questa specie non dovrebbe essere tenuta da sola, poich\u00e9 si tratta di animali molto socievoli e sociali. \u00c8 quindi consigliabile tenere almeno tre animali. Le <span class=\"hiddenSpellError\">dimensioni del terrario<\/span> per tre esemplari adulti di <strong><span class=\"hiddenSpellError\">Lissachatina<\/span> <span class=\"hiddenSpellError\">fulica<\/span><\/strong> \u00e8 di 80 \u00d7 50 \u00d7 50 cm. Anche gli acquari dismessi sono molto adatti all&#8217;<span class=\"hiddenSpellError\">allevamento delle lumache<\/span>. L&#8217;<span class=\"hiddenSpellError\">altezza del substrato<\/span> deve essere di 20 cm e il substrato deve essere ben <span class=\"hiddenSpellError\">calcificato<\/span>. Per costruire i <span class=\"hiddenSpellError\">gusci delle lumache<\/span> \u00e8 necessario offrire sempre dei <span class=\"hiddenSpellError\">gusci di osso di seppia<\/span>.    <\/p>\n<p>Le lumache amano correre sui dischi e a volte cadono. Per questo motivo devi assicurarti di non utilizzare pietre o legno quando allestisci il terrario. Uno <span class=\"hiddenSpellError\">strato di<\/span> foglie e <span class=\"hiddenSpellError\">muschio<\/span> viene spesso utilizzato come nascondiglio e rende il terrario ancora pi\u00f9 attraente.  <\/p>\n<p><strong><span class=\"hiddenSpellError\">Lissachatina<\/span> <span class=\"hiddenSpellError\">fulica<\/span><\/strong> non \u00e8 schizzinosa quando si tratta di cibo. Cetrioli, tarassaco o frutta troppo matura sono accettati molto volentieri e si trovano occasionalmente anche in casa. \u00c8 opportuno offrire agli animali anche delle proteine. <span class=\"hiddenSpellError\">Gammarus<\/span>, snack di <span class=\"hiddenSpellError\">Algea<\/span> e il nostro <span class=\"hiddenSpellError\">cibo per scarafaggi<\/span> sono ideali per questo scopo.   <\/p>\n<p>L&#8217;allevamento di <strong><span class=\"hiddenSpellError\">Lissachatina<\/span> <span class=\"hiddenSpellError\">fulica<\/span><\/strong> avviene quasi da sola. Gli animali sono sessualmente maturi dopo soli 5-6 mesi e depongono le uova di 4-5 mm dopo poche settimane. A seconda delle dimensioni dei genitori, possono esserci dalle 50 alle 500 uova per frizione. Dovresti quindi valutare in anticipo se ha senso allevarli. Se non vuoi avere una prole, devi cercare le uova ogni settimana, rimuoverle dal terrario e congelarle.    <\/p>\n<p>L&#8217;aspettativa di vita di <strong><span class=\"hiddenSpellError\">Lissachatina<\/span> <span class=\"hiddenSpellError\">fulica<\/span><\/strong> \u00e8 di circa 5-7 anni.<\/p>\n","protected":false},"excerpt":{"rendered":"<p>Breve descrizione Lissachatina fulica: Lissachatina fulica \u00e8 una delle specie di lumache pi\u00f9 popolari nell&#8217;hobby. Da un lato, questa specie \u00e8 adatta ai principianti e perdona uno o due errori di allevamento. Il fattore pi\u00f9 popolare, tuttavia, \u00e8 la sua natura curiosa. La variante di colore \"Giada Bianca\" indica che gli animali hanno un guscio [&hellip;]<\/p>\n","protected":false},"featured_media":185572,"template":"","meta":{"_acf_changed":false},"product-supplier":[],"product_brand":[],"product_cat":[3086],"product_tag":[],"lce-checkout-addons":[2746],"class_list":{"0":"post-185567","1":"product","2":"type-product","3":"status-publish","4":"has-post-thumbnail","6":"product_cat-lumache","7":"product_shipping_class-spedizione-di-animali","8":"pa_herkunft-kenya","9":"pa_kontinent-africa","10":"lce-checkout-addons-imballaggio-invernale","12":"first","13":"outofstock","14":"taxable","15":"shipping-taxable","16":"product-type-variable"},"acf":[],"yoast_head":"<!-- This site is optimized with the Yoast SEO plugin v27.3 - https:\/\/yoast.com\/product\/yoast-seo-wordpress\/ -->\n<title>Lissachatina fulica - Insektenliebe<\/title>\n<meta name=\"description\" content=\"Acquista online la Lissachatina fulica a basso costo. Si tratta di bellissimi esemplari che puoi acquistare direttamente dall&#039;allevatore.\" \/>\n<meta name=\"robots\" content=\"index, follow, max-snippet:-1, max-image-preview:large, max-video-preview:-1\" \/>\n<link rel=\"canonical\" href=\"https:\/\/insektenliebe.com\/it\/shop\/prodotto\/lissachatina-fulica\/\" \/>\n<meta property=\"og:locale\" content=\"it_IT\" \/>\n<meta property=\"og:type\" content=\"article\" \/>\n<meta property=\"og:title\" content=\"Lissachatina fulica - Insektenliebe\" \/>\n<meta property=\"og:description\" content=\"Acquista online la Lissachatina fulica a basso costo. Si tratta di bellissimi esemplari che puoi acquistare direttamente dall&#039;allevatore.\" \/>\n<meta property=\"og:url\" content=\"https:\/\/insektenliebe.com\/it\/shop\/prodotto\/lissachatina-fulica\/\" \/>\n<meta property=\"og:site_name\" content=\"Insektenliebe\" \/>\n<meta property=\"og:image\" content=\"https:\/\/insektenliebe.com\/wp-content\/uploads\/2025\/05\/Lissachatina-fulica-1-2.jpg\" \/>\n\t<meta property=\"og:image:width\" content=\"820\" \/>\n\t<meta property=\"og:image:height\" content=\"820\" \/>\n\t<meta property=\"og:image:type\" content=\"image\/jpeg\" \/>\n<meta name=\"twitter:card\" content=\"summary_large_image\" \/>\n<meta name=\"twitter:label1\" content=\"Tempo di lettura stimato\" \/>\n\t<meta name=\"twitter:data1\" content=\"2 minuto\" \/>\n<script type=\"application\/ld+json\" class=\"yoast-schema-graph\">{\"@context\":\"https:\\\/\\\/schema.org\",\"@graph\":[{\"@type\":\"WebPage\",\"@id\":\"https:\\\/\\\/insektenliebe.com\\\/it\\\/shop\\\/prodotto\\\/lissachatina-fulica\\\/\",\"url\":\"https:\\\/\\\/insektenliebe.com\\\/it\\\/shop\\\/prodotto\\\/lissachatina-fulica\\\/\",\"name\":\"Lissachatina fulica - Insektenliebe\",\"isPartOf\":{\"@id\":\"https:\\\/\\\/insektenliebe.com\\\/it\\\/#website\"},\"primaryImageOfPage\":{\"@id\":\"https:\\\/\\\/insektenliebe.com\\\/it\\\/shop\\\/prodotto\\\/lissachatina-fulica\\\/#primaryimage\"},\"image\":{\"@id\":\"https:\\\/\\\/insektenliebe.com\\\/it\\\/shop\\\/prodotto\\\/lissachatina-fulica\\\/#primaryimage\"},\"thumbnailUrl\":\"https:\\\/\\\/insektenliebe.com\\\/wp-content\\\/uploads\\\/2025\\\/05\\\/Lissachatina-fulica-1-2.jpg\",\"datePublished\":\"2020-03-12T10:16:19+00:00\",\"description\":\"Acquista online la Lissachatina fulica a basso costo. Si tratta di bellissimi esemplari che puoi acquistare direttamente dall'allevatore.\",\"breadcrumb\":{\"@id\":\"https:\\\/\\\/insektenliebe.com\\\/it\\\/shop\\\/prodotto\\\/lissachatina-fulica\\\/#breadcrumb\"},\"inLanguage\":\"it-IT\",\"potentialAction\":[{\"@type\":\"ReadAction\",\"target\":[\"https:\\\/\\\/insektenliebe.com\\\/it\\\/shop\\\/prodotto\\\/lissachatina-fulica\\\/\"]}]},{\"@type\":\"ImageObject\",\"inLanguage\":\"it-IT\",\"@id\":\"https:\\\/\\\/insektenliebe.com\\\/it\\\/shop\\\/prodotto\\\/lissachatina-fulica\\\/#primaryimage\",\"url\":\"https:\\\/\\\/insektenliebe.com\\\/wp-content\\\/uploads\\\/2025\\\/05\\\/Lissachatina-fulica-1-2.jpg\",\"contentUrl\":\"https:\\\/\\\/insektenliebe.com\\\/wp-content\\\/uploads\\\/2025\\\/05\\\/Lissachatina-fulica-1-2.jpg\",\"width\":820,\"height\":820,\"caption\":\"Lissachatina-fulica-1-2.jpg\"},{\"@type\":\"BreadcrumbList\",\"@id\":\"https:\\\/\\\/insektenliebe.com\\\/it\\\/shop\\\/prodotto\\\/lissachatina-fulica\\\/#breadcrumb\",\"itemListElement\":[{\"@type\":\"ListItem\",\"position\":1,\"name\":\"Startseite\",\"item\":\"https:\\\/\\\/insektenliebe.com\\\/it\\\/\"},{\"@type\":\"ListItem\",\"position\":2,\"name\":\"Negozio\",\"item\":\"https:\\\/\\\/insektenliebe.com\\\/it\\\/negozio\\\/\"},{\"@type\":\"ListItem\",\"position\":3,\"name\":\"Lissachatina fulica\"}]},{\"@type\":\"WebSite\",\"@id\":\"https:\\\/\\\/insektenliebe.com\\\/it\\\/#website\",\"url\":\"https:\\\/\\\/insektenliebe.com\\\/it\\\/\",\"name\":\"Insektenliebe\",\"description\":\"Dein Zuhause f\u00fcr die kleinen Lebewesen\",\"publisher\":{\"@id\":\"https:\\\/\\\/insektenliebe.com\\\/it\\\/#organization\"},\"potentialAction\":[{\"@type\":\"SearchAction\",\"target\":{\"@type\":\"EntryPoint\",\"urlTemplate\":\"https:\\\/\\\/insektenliebe.com\\\/it\\\/?s={search_term_string}\"},\"query-input\":{\"@type\":\"PropertyValueSpecification\",\"valueRequired\":true,\"valueName\":\"search_term_string\"}}],\"inLanguage\":\"it-IT\"},{\"@type\":\"Organization\",\"@id\":\"https:\\\/\\\/insektenliebe.com\\\/it\\\/#organization\",\"name\":\"Insektenliebe\",\"url\":\"https:\\\/\\\/insektenliebe.com\\\/it\\\/\",\"logo\":{\"@type\":\"ImageObject\",\"inLanguage\":\"it-IT\",\"@id\":\"https:\\\/\\\/insektenliebe.com\\\/it\\\/#\\\/schema\\\/logo\\\/image\\\/\",\"url\":\"https:\\\/\\\/insektenliebe.com\\\/wp-content\\\/uploads\\\/2025\\\/03\\\/logo-white.png\",\"contentUrl\":\"https:\\\/\\\/insektenliebe.com\\\/wp-content\\\/uploads\\\/2025\\\/03\\\/logo-white.png\",\"width\":288,\"height\":188,\"caption\":\"Insektenliebe\"},\"image\":{\"@id\":\"https:\\\/\\\/insektenliebe.com\\\/it\\\/#\\\/schema\\\/logo\\\/image\\\/\"}}]}<\/script>\n<!-- \/ Yoast SEO plugin. -->","yoast_head_json":{"title":"Lissachatina fulica - Insektenliebe","description":"Acquista online la Lissachatina fulica a basso costo. Si tratta di bellissimi esemplari che puoi acquistare direttamente dall'allevatore.","robots":{"index":"index","follow":"follow","max-snippet":"max-snippet:-1","max-image-preview":"max-image-preview:large","max-video-preview":"max-video-preview:-1"},"canonical":"https:\/\/insektenliebe.com\/it\/shop\/prodotto\/lissachatina-fulica\/","og_locale":"it_IT","og_type":"article","og_title":"Lissachatina fulica - Insektenliebe","og_description":"Acquista online la Lissachatina fulica a basso costo. Si tratta di bellissimi esemplari che puoi acquistare direttamente dall'allevatore.","og_url":"https:\/\/insektenliebe.com\/it\/shop\/prodotto\/lissachatina-fulica\/","og_site_name":"Insektenliebe","og_image":[{"width":820,"height":820,"url":"https:\/\/insektenliebe.com\/wp-content\/uploads\/2025\/05\/Lissachatina-fulica-1-2.jpg","type":"image\/jpeg"}],"twitter_card":"summary_large_image","twitter_misc":{"Tempo di lettura stimato":"2 minuto"},"schema":{"@context":"https:\/\/schema.org","@graph":[{"@type":"WebPage","@id":"https:\/\/insektenliebe.com\/it\/shop\/prodotto\/lissachatina-fulica\/","url":"https:\/\/insektenliebe.com\/it\/shop\/prodotto\/lissachatina-fulica\/","name":"Lissachatina fulica - Insektenliebe","isPartOf":{"@id":"https:\/\/insektenliebe.com\/it\/#website"},"primaryImageOfPage":{"@id":"https:\/\/insektenliebe.com\/it\/shop\/prodotto\/lissachatina-fulica\/#primaryimage"},"image":{"@id":"https:\/\/insektenliebe.com\/it\/shop\/prodotto\/lissachatina-fulica\/#primaryimage"},"thumbnailUrl":"https:\/\/insektenliebe.com\/wp-content\/uploads\/2025\/05\/Lissachatina-fulica-1-2.jpg","datePublished":"2020-03-12T10:16:19+00:00","description":"Acquista online la Lissachatina fulica a basso costo. Si tratta di bellissimi esemplari che puoi acquistare direttamente dall'allevatore.","breadcrumb":{"@id":"https:\/\/insektenliebe.com\/it\/shop\/prodotto\/lissachatina-fulica\/#breadcrumb"},"inLanguage":"it-IT","potentialAction":[{"@type":"ReadAction","target":["https:\/\/insektenliebe.com\/it\/shop\/prodotto\/lissachatina-fulica\/"]}]},{"@type":"ImageObject","inLanguage":"it-IT","@id":"https:\/\/insektenliebe.com\/it\/shop\/prodotto\/lissachatina-fulica\/#primaryimage","url":"https:\/\/insektenliebe.com\/wp-content\/uploads\/2025\/05\/Lissachatina-fulica-1-2.jpg","contentUrl":"https:\/\/insektenliebe.com\/wp-content\/uploads\/2025\/05\/Lissachatina-fulica-1-2.jpg","width":820,"height":820,"caption":"Lissachatina-fulica-1-2.jpg"},{"@type":"BreadcrumbList","@id":"https:\/\/insektenliebe.com\/it\/shop\/prodotto\/lissachatina-fulica\/#breadcrumb","itemListElement":[{"@type":"ListItem","position":1,"name":"Startseite","item":"https:\/\/insektenliebe.com\/it\/"},{"@type":"ListItem","position":2,"name":"Negozio","item":"https:\/\/insektenliebe.com\/it\/negozio\/"},{"@type":"ListItem","position":3,"name":"Lissachatina fulica"}]},{"@type":"WebSite","@id":"https:\/\/insektenliebe.com\/it\/#website","url":"https:\/\/insektenliebe.com\/it\/","name":"Insektenliebe","description":"Dein Zuhause f\u00fcr die kleinen Lebewesen","publisher":{"@id":"https:\/\/insektenliebe.com\/it\/#organization"},"potentialAction":[{"@type":"SearchAction","target":{"@type":"EntryPoint","urlTemplate":"https:\/\/insektenliebe.com\/it\/?s={search_term_string}"},"query-input":{"@type":"PropertyValueSpecification","valueRequired":true,"valueName":"search_term_string"}}],"inLanguage":"it-IT"},{"@type":"Organization","@id":"https:\/\/insektenliebe.com\/it\/#organization","name":"Insektenliebe","url":"https:\/\/insektenliebe.com\/it\/","logo":{"@type":"ImageObject","inLanguage":"it-IT","@id":"https:\/\/insektenliebe.com\/it\/#\/schema\/logo\/image\/","url":"https:\/\/insektenliebe.com\/wp-content\/uploads\/2025\/03\/logo-white.png","contentUrl":"https:\/\/insektenliebe.com\/wp-content\/uploads\/2025\/03\/logo-white.png","width":288,"height":188,"caption":"Insektenliebe"},"image":{"@id":"https:\/\/insektenliebe.com\/it\/#\/schema\/logo\/image\/"}}]}},"_links":{"self":[{"href":"https:\/\/insektenliebe.com\/it\/wp-json\/wp\/v2\/product\/185567","targetHints":{"allow":["GET"]}}],"collection":[{"href":"https:\/\/insektenliebe.com\/it\/wp-json\/wp\/v2\/product"}],"about":[{"href":"https:\/\/insektenliebe.com\/it\/wp-json\/wp\/v2\/types\/product"}],"wp:featuredmedia":[{"embeddable":true,"href":"https:\/\/insektenliebe.com\/it\/wp-json\/wp\/v2\/media\/185572"}],"wp:attachment":[{"href":"https:\/\/insektenliebe.com\/it\/wp-json\/wp\/v2\/media?parent=185567"}],"wp:term":[{"taxonomy":"product-supplier","embeddable":true,"href":"https:\/\/insektenliebe.com\/it\/wp-json\/wp\/v2\/product-supplier?post=185567"},{"taxonomy":"product_brand","embeddable":true,"href":"https:\/\/insektenliebe.com\/it\/wp-json\/wp\/v2\/product_brand?post=185567"},{"taxonomy":"product_cat","embeddable":true,"href":"https:\/\/insektenliebe.com\/it\/wp-json\/wp\/v2\/product_cat?post=185567"},{"taxonomy":"product_tag","embeddable":true,"href":"https:\/\/insektenliebe.com\/it\/wp-json\/wp\/v2\/product_tag?post=185567"},{"taxonomy":"lce-checkout-addons","embeddable":true,"href":"https:\/\/insektenliebe.com\/it\/wp-json\/wp\/v2\/lce-checkout-addons?post=185567"}],"curies":[{"name":"wp","href":"https:\/\/api.w.org\/{rel}","templated":true}]}}