{"id":185562,"date":"2020-02-20T14:35:00","date_gmt":"2020-02-20T13:35:00","guid":{"rendered":"https:\/\/insektenliebe.com\/shop\/produkt\/spec-di-porcellio-caramello-di-siviglia\/"},"modified":"2026-03-11T19:10:17","modified_gmt":"2026-03-11T18:10:17","slug":"spec-di-porcellio-caramello-di-siviglia","status":"publish","type":"product","link":"https:\/\/insektenliebe.com\/it\/shop\/prodotto\/spec-di-porcellio-caramello-di-siviglia\/","title":{"rendered":"Spec. di Porcellio \"Caramello di Siviglia"},"content":{"rendered":"<h3><span class=\"s1\" style=\"color: #99cc33;\">Porcellio spec. \"Sevilla Caramel\" - L&#8217;isopode gigante color caramello <\/span><\/h3>\n<p class=\"p1\"><strong><span class=\"s1\">Spec. di Porcellio \"Caramello di Siviglia <\/span><\/strong> <span class=\"s2\"> \u00e8 un isopode particolarmente appariscente proveniente da <\/span><span class=\"s1\">Spagna meridionale<\/span><span class=\"s2\">pi\u00f9 precisamente dalla regione intorno a <\/span><span class=\"s1\">Siviglia<\/span><span class=\"s2\">. Questa specie \u00e8 una delle pi\u00f9 grandi specie di Porcellio della regione mediterranea ed \u00e8 particolarmente apprezzata per la sua  <\/span><span class=\"s1\">colorazione marrone caramello caldo<\/span><span class=\"s2\"> molto popolare tra gli amanti dei terrari.<\/span><\/p>\n<p class=\"p1\"><span class=\"s2\">Gli animali hanno una <\/span><span class=\"s1\">colorazione di base che va dal marrone al caramello.<\/span><span class=\"s2\">che pu\u00f2 variare leggermente a seconda dell&#8217;animale. Alcuni esemplari appaiono di colore pi\u00f9 chiaro, mentre altri presentano marcature leggermente pi\u00f9 scure. Questo crea un aspetto molto naturale e vario all&#8217;interno di un gruppo.  <\/span><\/p>\n<p class=\"p1\"><span class=\"s2\">Con una dimensione del corpo di circa <\/span><span class=\"s1\">2-2,5 cm<\/span><span class=\"s2\"> appartiene a <\/span> <strong><span class=\"s1\">Spec. di Porcellio \"Caramello di Siviglia <\/span><\/strong><span class=\"s2\">  \u00e8 una delle specie di isopodi pi\u00f9 grandi presenti nell&#8217;hobby. Allo stesso tempo, gli animali sono relativamente attivi e possono essere osservati regolarmente nel terrario. Se si sentono disturbati, fuggono rapidamente sotto la corteccia o il fogliame.  <\/span><\/p>\n<p class=\"p1\"><span class=\"s2\">Uno spazio adatto \u00e8 <\/span><span class=\"s1\">un terrario per isopodi ben ventilato<\/span><span class=\"s2\">  o una scatola di plastica robusta. Un contenitore da circa   <\/span><span class=\"s1\">Da 5 a 10 litri di volume<\/span><span class=\"s2\"> \u00e8 sufficiente per un gruppo pi\u00f9 piccolo, ma le colonie pi\u00f9 grandi si sviluppano meglio in contenitori pi\u00f9 spaziosi.<\/span><\/p>\n<p class=\"p1\"><span class=\"s2\">Il substrato consigliato \u00e8 <\/span><span class=\"s1\">substrato ricco di sostanze nutritive<\/span><span class=\"s2\">  da humus forestale, foglie e legno bianco marcio. Inoltre, uno spesso   <\/span><span class=\"s1\">Strato fogliare<\/span><span class=\"s2\">  che giace sul substrato. Da un lato serve come cibo, dall&#8217;altro offre molti nascondigli. <\/span><\/p>\n<p class=\"p1\"><span class=\"s2\">Poich\u00e9 gli animali provengono da <\/span><span class=\"s1\">regioni pi\u00f9 calde e piuttosto secche, il terrario<\/span><span class=\"s2\"> regioni, il terrario non dovrebbe <\/span><span class=\"s1\">non essere permanentemente troppo umido<\/span><span class=\"s2\">  essere. Idealmente, un   <\/span><span class=\"s1\">angolo del muschio umido<\/span><span class=\"s2\">  mentre il resto dell&#8217;area tende a rimanere asciutto. In questo modo gli isopodi possono scegliere un luogo adatto a loro. <\/span><\/p>\n<p class=\"p1\"><span class=\"s2\">Le temperature possono variare tra i 18<\/span><span class=\"s1\"> e 24 \u00b0C<\/span><span class=\"s2\">  mentire. Allo stesso tempo, gli animali beneficiano di una  <\/span><span class=\"s1\">una buona ventilazione<\/span><span class=\"s2\">perch\u00e9 l&#8217;aria viziata e umida \u00e8 mal tollerata.<\/span><\/p>\n<p class=\"p1\"><span class=\"s2\">Come molte specie di isopodi  <\/span><strong><span class=\"s1\">Spec. di Porcellio \"Caramello di Siviglia <\/span><\/strong> <span class=\"s2\"> a <\/span><span class=\"s1\">fonte di calcio<\/span><span class=\"s2\">. Pertanto, \u00e8 sempre necessario  <\/span><span class=\"s1\">seppie o guscio d&#8217;uovo schiacciato<\/span><span class=\"s2\"> nel terrario.<\/span><\/p>\n<p class=\"p1\"><span class=\"s2\">Le principali fonti di cibo sono <\/span><span class=\"s1\">foglie marce e legno bianco marcio<\/span><span class=\"s2\">ma gli animali amano anche mangiare verdure <\/span><span class=\"s1\">verdure, fiori o cibo speciale per isopodi<\/span><span class=\"s2\">  a. Questo ti permette di diversificare la tua dieta. <\/span><\/p>\n<p class=\"p1\"><span class=\"s2\">A causa della loro <\/span><span class=\"s1\">colorazione vistosa<\/span><span class=\"s2\">il loro <\/span><span class=\"s1\">stile di vita attivo<\/span><span class=\"s2\"> e il loro <\/span><span class=\"s1\">comportamento robusto<\/span><span class=\"s2\"> appartiene <\/span> <strong><span class=\"s1\">Spec. di Porcellio \"Caramello di Siviglia <\/span><\/strong><span class=\"s2\">  \u00e8 uno degli isopodi pi\u00f9 popolari per i terrari e gli allestimenti bioattivi ed \u00e8 un vero e proprio richiamo visivo nella vasca degli isopodi.<\/span><\/p>\n","protected":false},"excerpt":{"rendered":"<p>Una bellissima variante di colore che ha un&#8217;incantevole tonalit\u00e0 caramello-arancione.<\/p>\n","protected":false},"featured_media":193378,"template":"","meta":{"_acf_changed":false},"product-supplier":[],"product_brand":[],"product_cat":[2787,2788],"product_tag":[],"lce-checkout-addons":[2746],"class_list":{"0":"post-185562","1":"product","2":"type-product","3":"status-publish","4":"has-post-thumbnail","6":"product_cat-porcellino-di-legno-porcellio","7":"product_cat-woodlice","8":"product_shipping_class-spedizione-di-animali","9":"pa_herkunft-spagna","10":"pa_kontinent-europa","11":"lce-checkout-addons-imballaggio-invernale","13":"first","14":"outofstock","15":"sale","16":"taxable","17":"shipping-taxable","18":"purchasable","19":"product-type-simple"},"acf":[],"yoast_head":"<!-- This site is optimized with the Yoast SEO plugin v27.3 - https:\/\/yoast.com\/product\/yoast-seo-wordpress\/ -->\n<title>Spec. di Porcellio &quot;Caramello di Siviglia - Insektenliebe<\/title>\n<meta name=\"description\" content=\"Porcellio spec. &quot;Sevilla Caramel&quot; - grande isopode spagnolo con colorazione marrone caramello. Informazioni su allevamento, terrario, clima, alimentazione e riproduzione.\" \/>\n<meta name=\"robots\" content=\"index, follow, max-snippet:-1, max-image-preview:large, max-video-preview:-1\" \/>\n<link rel=\"canonical\" href=\"https:\/\/insektenliebe.com\/it\/shop\/prodotto\/spec-di-porcellio-caramello-di-siviglia\/\" \/>\n<meta property=\"og:locale\" content=\"it_IT\" \/>\n<meta property=\"og:type\" content=\"article\" \/>\n<meta property=\"og:title\" content=\"Spec. di Porcellio &quot;Caramello di Siviglia - Insektenliebe\" \/>\n<meta property=\"og:description\" content=\"Porcellio spec. &quot;Sevilla Caramel&quot; - grande isopode spagnolo con colorazione marrone caramello. Informazioni su allevamento, terrario, clima, alimentazione e riproduzione.\" \/>\n<meta property=\"og:url\" content=\"https:\/\/insektenliebe.com\/it\/shop\/prodotto\/spec-di-porcellio-caramello-di-siviglia\/\" \/>\n<meta property=\"og:site_name\" content=\"Insektenliebe\" \/>\n<meta property=\"article:modified_time\" content=\"2026-03-11T18:10:17+00:00\" \/>\n<meta property=\"og:image\" content=\"https:\/\/insektenliebe.com\/wp-content\/uploads\/2020\/02\/Porcellio-spec.-22Sevilla-Karamell22.jpg\" \/>\n\t<meta property=\"og:image:width\" content=\"820\" \/>\n\t<meta property=\"og:image:height\" content=\"820\" \/>\n\t<meta property=\"og:image:type\" content=\"image\/jpeg\" \/>\n<meta name=\"twitter:card\" content=\"summary_large_image\" \/>\n<meta name=\"twitter:label1\" content=\"Tempo di lettura stimato\" \/>\n\t<meta name=\"twitter:data1\" content=\"2 minuto\" \/>\n<script type=\"application\/ld+json\" class=\"yoast-schema-graph\">{\"@context\":\"https:\\\/\\\/schema.org\",\"@graph\":[{\"@type\":\"WebPage\",\"@id\":\"https:\\\/\\\/insektenliebe.com\\\/it\\\/shop\\\/prodotto\\\/spec-di-porcellio-caramello-di-siviglia\\\/\",\"url\":\"https:\\\/\\\/insektenliebe.com\\\/it\\\/shop\\\/prodotto\\\/spec-di-porcellio-caramello-di-siviglia\\\/\",\"name\":\"Spec. di Porcellio \\\"Caramello di Siviglia - Insektenliebe\",\"isPartOf\":{\"@id\":\"https:\\\/\\\/insektenliebe.com\\\/it\\\/#website\"},\"primaryImageOfPage\":{\"@id\":\"https:\\\/\\\/insektenliebe.com\\\/it\\\/shop\\\/prodotto\\\/spec-di-porcellio-caramello-di-siviglia\\\/#primaryimage\"},\"image\":{\"@id\":\"https:\\\/\\\/insektenliebe.com\\\/it\\\/shop\\\/prodotto\\\/spec-di-porcellio-caramello-di-siviglia\\\/#primaryimage\"},\"thumbnailUrl\":\"https:\\\/\\\/insektenliebe.com\\\/wp-content\\\/uploads\\\/2020\\\/02\\\/Porcellio-spec.-22Sevilla-Karamell22.jpg\",\"datePublished\":\"2020-02-20T13:35:00+00:00\",\"dateModified\":\"2026-03-11T18:10:17+00:00\",\"description\":\"Porcellio spec. \\\"Sevilla Caramel\\\" - grande isopode spagnolo con colorazione marrone caramello. Informazioni su allevamento, terrario, clima, alimentazione e riproduzione.\",\"breadcrumb\":{\"@id\":\"https:\\\/\\\/insektenliebe.com\\\/it\\\/shop\\\/prodotto\\\/spec-di-porcellio-caramello-di-siviglia\\\/#breadcrumb\"},\"inLanguage\":\"it-IT\",\"potentialAction\":[{\"@type\":\"ReadAction\",\"target\":[\"https:\\\/\\\/insektenliebe.com\\\/it\\\/shop\\\/prodotto\\\/spec-di-porcellio-caramello-di-siviglia\\\/\"]}]},{\"@type\":\"ImageObject\",\"inLanguage\":\"it-IT\",\"@id\":\"https:\\\/\\\/insektenliebe.com\\\/it\\\/shop\\\/prodotto\\\/spec-di-porcellio-caramello-di-siviglia\\\/#primaryimage\",\"url\":\"https:\\\/\\\/insektenliebe.com\\\/wp-content\\\/uploads\\\/2020\\\/02\\\/Porcellio-spec.-22Sevilla-Karamell22.jpg\",\"contentUrl\":\"https:\\\/\\\/insektenliebe.com\\\/wp-content\\\/uploads\\\/2020\\\/02\\\/Porcellio-spec.-22Sevilla-Karamell22.jpg\",\"width\":820,\"height\":820,\"caption\":\"Spec. di Porcellio \\\"Caramello di Siviglia\"},{\"@type\":\"BreadcrumbList\",\"@id\":\"https:\\\/\\\/insektenliebe.com\\\/it\\\/shop\\\/prodotto\\\/spec-di-porcellio-caramello-di-siviglia\\\/#breadcrumb\",\"itemListElement\":[{\"@type\":\"ListItem\",\"position\":1,\"name\":\"Startseite\",\"item\":\"https:\\\/\\\/insektenliebe.com\\\/it\\\/\"},{\"@type\":\"ListItem\",\"position\":2,\"name\":\"Negozio\",\"item\":\"https:\\\/\\\/insektenliebe.com\\\/it\\\/negozio\\\/\"},{\"@type\":\"ListItem\",\"position\":3,\"name\":\"Spec. di Porcellio \\\"Caramello di Siviglia\"}]},{\"@type\":\"WebSite\",\"@id\":\"https:\\\/\\\/insektenliebe.com\\\/it\\\/#website\",\"url\":\"https:\\\/\\\/insektenliebe.com\\\/it\\\/\",\"name\":\"Insektenliebe\",\"description\":\"Dein Zuhause f\u00fcr die kleinen Lebewesen\",\"publisher\":{\"@id\":\"https:\\\/\\\/insektenliebe.com\\\/it\\\/#organization\"},\"potentialAction\":[{\"@type\":\"SearchAction\",\"target\":{\"@type\":\"EntryPoint\",\"urlTemplate\":\"https:\\\/\\\/insektenliebe.com\\\/it\\\/?s={search_term_string}\"},\"query-input\":{\"@type\":\"PropertyValueSpecification\",\"valueRequired\":true,\"valueName\":\"search_term_string\"}}],\"inLanguage\":\"it-IT\"},{\"@type\":\"Organization\",\"@id\":\"https:\\\/\\\/insektenliebe.com\\\/it\\\/#organization\",\"name\":\"Insektenliebe\",\"url\":\"https:\\\/\\\/insektenliebe.com\\\/it\\\/\",\"logo\":{\"@type\":\"ImageObject\",\"inLanguage\":\"it-IT\",\"@id\":\"https:\\\/\\\/insektenliebe.com\\\/it\\\/#\\\/schema\\\/logo\\\/image\\\/\",\"url\":\"https:\\\/\\\/insektenliebe.com\\\/wp-content\\\/uploads\\\/2025\\\/03\\\/logo-white.png\",\"contentUrl\":\"https:\\\/\\\/insektenliebe.com\\\/wp-content\\\/uploads\\\/2025\\\/03\\\/logo-white.png\",\"width\":288,\"height\":188,\"caption\":\"Insektenliebe\"},\"image\":{\"@id\":\"https:\\\/\\\/insektenliebe.com\\\/it\\\/#\\\/schema\\\/logo\\\/image\\\/\"}}]}<\/script>\n<!-- \/ Yoast SEO plugin. -->","yoast_head_json":{"title":"Spec. di Porcellio \"Caramello di Siviglia - Insektenliebe","description":"Porcellio spec. \"Sevilla Caramel\" - grande isopode spagnolo con colorazione marrone caramello. Informazioni su allevamento, terrario, clima, alimentazione e riproduzione.","robots":{"index":"index","follow":"follow","max-snippet":"max-snippet:-1","max-image-preview":"max-image-preview:large","max-video-preview":"max-video-preview:-1"},"canonical":"https:\/\/insektenliebe.com\/it\/shop\/prodotto\/spec-di-porcellio-caramello-di-siviglia\/","og_locale":"it_IT","og_type":"article","og_title":"Spec. di Porcellio \"Caramello di Siviglia - Insektenliebe","og_description":"Porcellio spec. \"Sevilla Caramel\" - grande isopode spagnolo con colorazione marrone caramello. Informazioni su allevamento, terrario, clima, alimentazione e riproduzione.","og_url":"https:\/\/insektenliebe.com\/it\/shop\/prodotto\/spec-di-porcellio-caramello-di-siviglia\/","og_site_name":"Insektenliebe","article_modified_time":"2026-03-11T18:10:17+00:00","og_image":[{"width":820,"height":820,"url":"https:\/\/insektenliebe.com\/wp-content\/uploads\/2020\/02\/Porcellio-spec.-22Sevilla-Karamell22.jpg","type":"image\/jpeg"}],"twitter_card":"summary_large_image","twitter_misc":{"Tempo di lettura stimato":"2 minuto"},"schema":{"@context":"https:\/\/schema.org","@graph":[{"@type":"WebPage","@id":"https:\/\/insektenliebe.com\/it\/shop\/prodotto\/spec-di-porcellio-caramello-di-siviglia\/","url":"https:\/\/insektenliebe.com\/it\/shop\/prodotto\/spec-di-porcellio-caramello-di-siviglia\/","name":"Spec. di Porcellio \"Caramello di Siviglia - Insektenliebe","isPartOf":{"@id":"https:\/\/insektenliebe.com\/it\/#website"},"primaryImageOfPage":{"@id":"https:\/\/insektenliebe.com\/it\/shop\/prodotto\/spec-di-porcellio-caramello-di-siviglia\/#primaryimage"},"image":{"@id":"https:\/\/insektenliebe.com\/it\/shop\/prodotto\/spec-di-porcellio-caramello-di-siviglia\/#primaryimage"},"thumbnailUrl":"https:\/\/insektenliebe.com\/wp-content\/uploads\/2020\/02\/Porcellio-spec.-22Sevilla-Karamell22.jpg","datePublished":"2020-02-20T13:35:00+00:00","dateModified":"2026-03-11T18:10:17+00:00","description":"Porcellio spec. \"Sevilla Caramel\" - grande isopode spagnolo con colorazione marrone caramello. Informazioni su allevamento, terrario, clima, alimentazione e riproduzione.","breadcrumb":{"@id":"https:\/\/insektenliebe.com\/it\/shop\/prodotto\/spec-di-porcellio-caramello-di-siviglia\/#breadcrumb"},"inLanguage":"it-IT","potentialAction":[{"@type":"ReadAction","target":["https:\/\/insektenliebe.com\/it\/shop\/prodotto\/spec-di-porcellio-caramello-di-siviglia\/"]}]},{"@type":"ImageObject","inLanguage":"it-IT","@id":"https:\/\/insektenliebe.com\/it\/shop\/prodotto\/spec-di-porcellio-caramello-di-siviglia\/#primaryimage","url":"https:\/\/insektenliebe.com\/wp-content\/uploads\/2020\/02\/Porcellio-spec.-22Sevilla-Karamell22.jpg","contentUrl":"https:\/\/insektenliebe.com\/wp-content\/uploads\/2020\/02\/Porcellio-spec.-22Sevilla-Karamell22.jpg","width":820,"height":820,"caption":"Spec. di Porcellio \"Caramello di Siviglia"},{"@type":"BreadcrumbList","@id":"https:\/\/insektenliebe.com\/it\/shop\/prodotto\/spec-di-porcellio-caramello-di-siviglia\/#breadcrumb","itemListElement":[{"@type":"ListItem","position":1,"name":"Startseite","item":"https:\/\/insektenliebe.com\/it\/"},{"@type":"ListItem","position":2,"name":"Negozio","item":"https:\/\/insektenliebe.com\/it\/negozio\/"},{"@type":"ListItem","position":3,"name":"Spec. di Porcellio \"Caramello di Siviglia"}]},{"@type":"WebSite","@id":"https:\/\/insektenliebe.com\/it\/#website","url":"https:\/\/insektenliebe.com\/it\/","name":"Insektenliebe","description":"Dein Zuhause f\u00fcr die kleinen Lebewesen","publisher":{"@id":"https:\/\/insektenliebe.com\/it\/#organization"},"potentialAction":[{"@type":"SearchAction","target":{"@type":"EntryPoint","urlTemplate":"https:\/\/insektenliebe.com\/it\/?s={search_term_string}"},"query-input":{"@type":"PropertyValueSpecification","valueRequired":true,"valueName":"search_term_string"}}],"inLanguage":"it-IT"},{"@type":"Organization","@id":"https:\/\/insektenliebe.com\/it\/#organization","name":"Insektenliebe","url":"https:\/\/insektenliebe.com\/it\/","logo":{"@type":"ImageObject","inLanguage":"it-IT","@id":"https:\/\/insektenliebe.com\/it\/#\/schema\/logo\/image\/","url":"https:\/\/insektenliebe.com\/wp-content\/uploads\/2025\/03\/logo-white.png","contentUrl":"https:\/\/insektenliebe.com\/wp-content\/uploads\/2025\/03\/logo-white.png","width":288,"height":188,"caption":"Insektenliebe"},"image":{"@id":"https:\/\/insektenliebe.com\/it\/#\/schema\/logo\/image\/"}}]}},"_links":{"self":[{"href":"https:\/\/insektenliebe.com\/it\/wp-json\/wp\/v2\/product\/185562","targetHints":{"allow":["GET"]}}],"collection":[{"href":"https:\/\/insektenliebe.com\/it\/wp-json\/wp\/v2\/product"}],"about":[{"href":"https:\/\/insektenliebe.com\/it\/wp-json\/wp\/v2\/types\/product"}],"wp:featuredmedia":[{"embeddable":true,"href":"https:\/\/insektenliebe.com\/it\/wp-json\/wp\/v2\/media\/193378"}],"wp:attachment":[{"href":"https:\/\/insektenliebe.com\/it\/wp-json\/wp\/v2\/media?parent=185562"}],"wp:term":[{"taxonomy":"product-supplier","embeddable":true,"href":"https:\/\/insektenliebe.com\/it\/wp-json\/wp\/v2\/product-supplier?post=185562"},{"taxonomy":"product_brand","embeddable":true,"href":"https:\/\/insektenliebe.com\/it\/wp-json\/wp\/v2\/product_brand?post=185562"},{"taxonomy":"product_cat","embeddable":true,"href":"https:\/\/insektenliebe.com\/it\/wp-json\/wp\/v2\/product_cat?post=185562"},{"taxonomy":"product_tag","embeddable":true,"href":"https:\/\/insektenliebe.com\/it\/wp-json\/wp\/v2\/product_tag?post=185562"},{"taxonomy":"lce-checkout-addons","embeddable":true,"href":"https:\/\/insektenliebe.com\/it\/wp-json\/wp\/v2\/lce-checkout-addons?post=185562"}],"curies":[{"name":"wp","href":"https:\/\/api.w.org\/{rel}","templated":true}]}}