{"id":185560,"date":"2020-03-19T14:47:17","date_gmt":"2020-03-19T14:47:17","guid":{"rendered":"https:\/\/insektenliebe.com\/shop\/produkt\/aphistogoniulus-polleni-spirostreptidae-spec-6\/"},"modified":"2020-03-19T14:47:17","modified_gmt":"2020-03-19T13:47:17","slug":"aphistogoniulus-polleni-spirostreptidae-spec-6","status":"publish","type":"product","link":"https:\/\/insektenliebe.com\/it\/shop\/prodotto\/aphistogoniulus-polleni-spirostreptidae-spec-6\/","title":{"rendered":"Aphistogoniulus polleni \"Spirostreptidae spec. 6&#8243;"},"content":{"rendered":"<h3 class=\"p1\"><span style=\"color: #99cc33\"><strong><span class=\"s1\">Aphistogoniulus polleni - la meraviglia colorata del Madagascar<\/span><\/strong><\/span><\/h3>\n<p class=\"p1\"><span class=\"s1\">Immergiti nel colorato mondo del Madagascar con <\/span><strong><span class=\"s2\">Aphistogoniulus polleni<\/span><\/strong><span class=\"s1\">conosciuto anche con il nome di riproduzione <\/span><span class=\"s2\">Spirostreptidae spec. 6<\/span><span class=\"s1\">. Quasi nessun altro millepiedi combina cos\u00ec tanto esotismo, splendore colorato e natura gentile in un unico corpo: questo abitante della foresta pluviale del Madagascar \u00e8 un vero tesoro per ogni terrario.<\/span><\/p>\n<p class=\"p1\"><span class=\"s1\">A seconda dell&#8217;incidenza della luce, il corpo di questo straordinario diplopode brilla di un rosso castagna intenso fino al nero, intervallato da zampe nere e brillanti. <\/span><span class=\"s2\">zampe nere e brillanti<\/span><span class=\"s1\">. Quando \u00e8 completamente cresciuto, l&#8217;<strong>Aphistogoniulus polleni<\/strong> raggiunge una lunghezza di  <\/span><span class=\"s2\">circa 15-18 cm<\/span><span class=\"s1\">ma rimane pi\u00f9 aggraziato e agile rispetto ai suoi parenti pi\u00f9 grandi, ed \u00e8 ancora un vero e proprio richiamo visivo.<\/span><\/p>\n<p class=\"p1\"><span class=\"s1\">Questa specie ama un <\/span><span class=\"s2\">terrario umido e ben ventilato<\/span><span class=\"s1\">  con una profondit\u00e0 sufficiente del suolo. Un substrato di humus di foglie, legno decomposto e foglie non solo offre opportunit\u00e0 ideali per scavare, ma fornisce anche un&#8217;importante fonte di cibo.   <\/span><span class=\"s2\">80-90 % di umidit\u00e0<\/span><span class=\"s1\"> e temperature tra <\/span><span class=\"s2\">22-26 \u00b0C<\/span><span class=\"s1\">  creare le condizioni ottimali per un allevamento adeguato alla specie. Muschio, pannelli di sughero e alcuni rami robusti proteggono l&#8217;animale e ti danno la possibilit\u00e0 di osservare le sue attivit\u00e0 notturne. <\/span><\/p>\n<p class=\"p1\"><span class=\"s1\">Foglie, verdure (ad esempio cetrioli, patate dolci), cibo per pesci, integratori di calcio e varie miscele speciali sono particolarmente indicate per l&#8217;alimentazione. L <strong>&#8216;Aphistogoniulus polleni<\/strong> \u00e8 un mangiatore silenzioso ma molto efficiente e garantisce anche un microclima stabile nel terrario.<\/span><\/p>\n<p class=\"p1\"><span class=\"s1\">Questa specie \u00e8 considerata <\/span><span class=\"s2\">relativamente facile da allevare<\/span><span class=\"s1\">Tuttavia, richiede un po&#8217; di pazienza. Lo sviluppo dei giovani animali \u00e8 lento ma costante: un processo gratificante per chi vuole conoscere da vicino l&#8217;affascinante mondo dei diplopodi. <\/span><\/p>\n<p class=\"p1\"><span class=\"s1\">L<strong>&#8216;Aphistogoniulus polleni<\/strong> \u00e8 pi\u00f9 di un semplice animale da terrario: \u00e8 un&#8217;opera d&#8217;arte vivente proveniente dal tesoro del Madagascar. Ideale per gli appassionati che cercano qualcosa di speciale e vogliono trasformare il loro terrario in una colorata oasi di benessere. <\/span><\/p>\n","protected":false},"excerpt":{"rendered":"<p>Millepiedi ad alto contrasto che amano anche l&#8217;umidit\u00e0.<\/p>\n","protected":false},"featured_media":185561,"template":"","meta":{"_acf_changed":false},"product-supplier":[],"product_brand":[],"product_cat":[2870],"product_tag":[],"lce-checkout-addons":[2746],"class_list":{"0":"post-185560","1":"product","2":"type-product","3":"status-publish","4":"has-post-thumbnail","6":"product_cat-millipede","7":"product_shipping_class-spedizione-di-animali","8":"pa_herkunft-madagascar","9":"pa_kontinent-africa","10":"lce-checkout-addons-imballaggio-invernale","12":"first","13":"outofstock","14":"taxable","15":"shipping-taxable","16":"purchasable","17":"product-type-simple"},"acf":[],"yoast_head":"<!-- This site is optimized with the Yoast SEO plugin v27.3 - https:\/\/yoast.com\/product\/yoast-seo-wordpress\/ -->\n<title>Aphistogoniulus polleni &quot;Spirostreptidae spec. 6&quot; - Insektenliebe<\/title>\n<meta name=\"description\" content=\"Acquista online l&#039;Aphistogoniulus polleni &quot;Spirostreptidae spec. 6&quot;. Questi esemplari sono bellissimi. Acquista direttamente dall&#039;allevatore!\" \/>\n<meta name=\"robots\" content=\"index, follow, max-snippet:-1, max-image-preview:large, max-video-preview:-1\" \/>\n<link rel=\"canonical\" href=\"https:\/\/insektenliebe.com\/it\/shop\/prodotto\/aphistogoniulus-polleni-spirostreptidae-spec-6\/\" \/>\n<meta property=\"og:locale\" content=\"it_IT\" \/>\n<meta property=\"og:type\" content=\"article\" \/>\n<meta property=\"og:title\" content=\"Aphistogoniulus polleni &quot;Spirostreptidae spec. 6&quot; - Insektenliebe\" \/>\n<meta property=\"og:description\" content=\"Acquista online l&#039;Aphistogoniulus polleni &quot;Spirostreptidae spec. 6&quot;. Questi esemplari sono bellissimi. Acquista direttamente dall&#039;allevatore!\" \/>\n<meta property=\"og:url\" content=\"https:\/\/insektenliebe.com\/it\/shop\/prodotto\/aphistogoniulus-polleni-spirostreptidae-spec-6\/\" \/>\n<meta property=\"og:site_name\" content=\"Insektenliebe\" \/>\n<meta property=\"og:image\" content=\"https:\/\/insektenliebe.com\/wp-content\/uploads\/2025\/05\/Aphistogoniulus-polleni-22Spirostreptidae-spec.-622-scaled-3.jpg\" \/>\n\t<meta property=\"og:image:width\" content=\"2560\" \/>\n\t<meta property=\"og:image:height\" content=\"1707\" \/>\n\t<meta property=\"og:image:type\" content=\"image\/jpeg\" \/>\n<meta name=\"twitter:card\" content=\"summary_large_image\" \/>\n<meta name=\"twitter:label1\" content=\"Tempo di lettura stimato\" \/>\n\t<meta name=\"twitter:data1\" content=\"2 minuto\" \/>\n<script type=\"application\/ld+json\" class=\"yoast-schema-graph\">{\"@context\":\"https:\\\/\\\/schema.org\",\"@graph\":[{\"@type\":\"WebPage\",\"@id\":\"https:\\\/\\\/insektenliebe.com\\\/it\\\/shop\\\/prodotto\\\/aphistogoniulus-polleni-spirostreptidae-spec-6\\\/\",\"url\":\"https:\\\/\\\/insektenliebe.com\\\/it\\\/shop\\\/prodotto\\\/aphistogoniulus-polleni-spirostreptidae-spec-6\\\/\",\"name\":\"Aphistogoniulus polleni \\\"Spirostreptidae spec. 6\\\" - Insektenliebe\",\"isPartOf\":{\"@id\":\"https:\\\/\\\/insektenliebe.com\\\/it\\\/#website\"},\"primaryImageOfPage\":{\"@id\":\"https:\\\/\\\/insektenliebe.com\\\/it\\\/shop\\\/prodotto\\\/aphistogoniulus-polleni-spirostreptidae-spec-6\\\/#primaryimage\"},\"image\":{\"@id\":\"https:\\\/\\\/insektenliebe.com\\\/it\\\/shop\\\/prodotto\\\/aphistogoniulus-polleni-spirostreptidae-spec-6\\\/#primaryimage\"},\"thumbnailUrl\":\"https:\\\/\\\/insektenliebe.com\\\/wp-content\\\/uploads\\\/2025\\\/05\\\/Aphistogoniulus-polleni-22Spirostreptidae-spec.-622-scaled-3.jpg\",\"datePublished\":\"2020-03-19T14:47:17+00:00\",\"description\":\"Acquista online l'Aphistogoniulus polleni \\\"Spirostreptidae spec. 6\\\". Questi esemplari sono bellissimi. Acquista direttamente dall'allevatore!\",\"breadcrumb\":{\"@id\":\"https:\\\/\\\/insektenliebe.com\\\/it\\\/shop\\\/prodotto\\\/aphistogoniulus-polleni-spirostreptidae-spec-6\\\/#breadcrumb\"},\"inLanguage\":\"it-IT\",\"potentialAction\":[{\"@type\":\"ReadAction\",\"target\":[\"https:\\\/\\\/insektenliebe.com\\\/it\\\/shop\\\/prodotto\\\/aphistogoniulus-polleni-spirostreptidae-spec-6\\\/\"]}]},{\"@type\":\"ImageObject\",\"inLanguage\":\"it-IT\",\"@id\":\"https:\\\/\\\/insektenliebe.com\\\/it\\\/shop\\\/prodotto\\\/aphistogoniulus-polleni-spirostreptidae-spec-6\\\/#primaryimage\",\"url\":\"https:\\\/\\\/insektenliebe.com\\\/wp-content\\\/uploads\\\/2025\\\/05\\\/Aphistogoniulus-polleni-22Spirostreptidae-spec.-622-scaled-3.jpg\",\"contentUrl\":\"https:\\\/\\\/insektenliebe.com\\\/wp-content\\\/uploads\\\/2025\\\/05\\\/Aphistogoniulus-polleni-22Spirostreptidae-spec.-622-scaled-3.jpg\",\"width\":2560,\"height\":1707,\"caption\":\"Aphistogoniulus-polleni-22Spirostreptidae-spec.-622-scaled-3.jpg\"},{\"@type\":\"BreadcrumbList\",\"@id\":\"https:\\\/\\\/insektenliebe.com\\\/it\\\/shop\\\/prodotto\\\/aphistogoniulus-polleni-spirostreptidae-spec-6\\\/#breadcrumb\",\"itemListElement\":[{\"@type\":\"ListItem\",\"position\":1,\"name\":\"Startseite\",\"item\":\"https:\\\/\\\/insektenliebe.com\\\/it\\\/\"},{\"@type\":\"ListItem\",\"position\":2,\"name\":\"Negozio\",\"item\":\"https:\\\/\\\/insektenliebe.com\\\/it\\\/negozio\\\/\"},{\"@type\":\"ListItem\",\"position\":3,\"name\":\"Aphistogoniulus polleni &#8220;Spirostreptidae spec. 6&#8221;\"}]},{\"@type\":\"WebSite\",\"@id\":\"https:\\\/\\\/insektenliebe.com\\\/it\\\/#website\",\"url\":\"https:\\\/\\\/insektenliebe.com\\\/it\\\/\",\"name\":\"Insektenliebe\",\"description\":\"Dein Zuhause f\u00fcr die kleinen Lebewesen\",\"publisher\":{\"@id\":\"https:\\\/\\\/insektenliebe.com\\\/it\\\/#organization\"},\"potentialAction\":[{\"@type\":\"SearchAction\",\"target\":{\"@type\":\"EntryPoint\",\"urlTemplate\":\"https:\\\/\\\/insektenliebe.com\\\/it\\\/?s={search_term_string}\"},\"query-input\":{\"@type\":\"PropertyValueSpecification\",\"valueRequired\":true,\"valueName\":\"search_term_string\"}}],\"inLanguage\":\"it-IT\"},{\"@type\":\"Organization\",\"@id\":\"https:\\\/\\\/insektenliebe.com\\\/it\\\/#organization\",\"name\":\"Insektenliebe\",\"url\":\"https:\\\/\\\/insektenliebe.com\\\/it\\\/\",\"logo\":{\"@type\":\"ImageObject\",\"inLanguage\":\"it-IT\",\"@id\":\"https:\\\/\\\/insektenliebe.com\\\/it\\\/#\\\/schema\\\/logo\\\/image\\\/\",\"url\":\"https:\\\/\\\/insektenliebe.com\\\/wp-content\\\/uploads\\\/2025\\\/03\\\/logo-white.png\",\"contentUrl\":\"https:\\\/\\\/insektenliebe.com\\\/wp-content\\\/uploads\\\/2025\\\/03\\\/logo-white.png\",\"width\":288,\"height\":188,\"caption\":\"Insektenliebe\"},\"image\":{\"@id\":\"https:\\\/\\\/insektenliebe.com\\\/it\\\/#\\\/schema\\\/logo\\\/image\\\/\"}}]}<\/script>\n<!-- \/ Yoast SEO plugin. -->","yoast_head_json":{"title":"Aphistogoniulus polleni \"Spirostreptidae spec. 6\" - Insektenliebe","description":"Acquista online l'Aphistogoniulus polleni \"Spirostreptidae spec. 6\". Questi esemplari sono bellissimi. Acquista direttamente dall'allevatore!","robots":{"index":"index","follow":"follow","max-snippet":"max-snippet:-1","max-image-preview":"max-image-preview:large","max-video-preview":"max-video-preview:-1"},"canonical":"https:\/\/insektenliebe.com\/it\/shop\/prodotto\/aphistogoniulus-polleni-spirostreptidae-spec-6\/","og_locale":"it_IT","og_type":"article","og_title":"Aphistogoniulus polleni \"Spirostreptidae spec. 6\" - Insektenliebe","og_description":"Acquista online l'Aphistogoniulus polleni \"Spirostreptidae spec. 6\". Questi esemplari sono bellissimi. Acquista direttamente dall'allevatore!","og_url":"https:\/\/insektenliebe.com\/it\/shop\/prodotto\/aphistogoniulus-polleni-spirostreptidae-spec-6\/","og_site_name":"Insektenliebe","og_image":[{"width":2560,"height":1707,"url":"https:\/\/insektenliebe.com\/wp-content\/uploads\/2025\/05\/Aphistogoniulus-polleni-22Spirostreptidae-spec.-622-scaled-3.jpg","type":"image\/jpeg"}],"twitter_card":"summary_large_image","twitter_misc":{"Tempo di lettura stimato":"2 minuto"},"schema":{"@context":"https:\/\/schema.org","@graph":[{"@type":"WebPage","@id":"https:\/\/insektenliebe.com\/it\/shop\/prodotto\/aphistogoniulus-polleni-spirostreptidae-spec-6\/","url":"https:\/\/insektenliebe.com\/it\/shop\/prodotto\/aphistogoniulus-polleni-spirostreptidae-spec-6\/","name":"Aphistogoniulus polleni \"Spirostreptidae spec. 6\" - Insektenliebe","isPartOf":{"@id":"https:\/\/insektenliebe.com\/it\/#website"},"primaryImageOfPage":{"@id":"https:\/\/insektenliebe.com\/it\/shop\/prodotto\/aphistogoniulus-polleni-spirostreptidae-spec-6\/#primaryimage"},"image":{"@id":"https:\/\/insektenliebe.com\/it\/shop\/prodotto\/aphistogoniulus-polleni-spirostreptidae-spec-6\/#primaryimage"},"thumbnailUrl":"https:\/\/insektenliebe.com\/wp-content\/uploads\/2025\/05\/Aphistogoniulus-polleni-22Spirostreptidae-spec.-622-scaled-3.jpg","datePublished":"2020-03-19T14:47:17+00:00","description":"Acquista online l'Aphistogoniulus polleni \"Spirostreptidae spec. 6\". Questi esemplari sono bellissimi. Acquista direttamente dall'allevatore!","breadcrumb":{"@id":"https:\/\/insektenliebe.com\/it\/shop\/prodotto\/aphistogoniulus-polleni-spirostreptidae-spec-6\/#breadcrumb"},"inLanguage":"it-IT","potentialAction":[{"@type":"ReadAction","target":["https:\/\/insektenliebe.com\/it\/shop\/prodotto\/aphistogoniulus-polleni-spirostreptidae-spec-6\/"]}]},{"@type":"ImageObject","inLanguage":"it-IT","@id":"https:\/\/insektenliebe.com\/it\/shop\/prodotto\/aphistogoniulus-polleni-spirostreptidae-spec-6\/#primaryimage","url":"https:\/\/insektenliebe.com\/wp-content\/uploads\/2025\/05\/Aphistogoniulus-polleni-22Spirostreptidae-spec.-622-scaled-3.jpg","contentUrl":"https:\/\/insektenliebe.com\/wp-content\/uploads\/2025\/05\/Aphistogoniulus-polleni-22Spirostreptidae-spec.-622-scaled-3.jpg","width":2560,"height":1707,"caption":"Aphistogoniulus-polleni-22Spirostreptidae-spec.-622-scaled-3.jpg"},{"@type":"BreadcrumbList","@id":"https:\/\/insektenliebe.com\/it\/shop\/prodotto\/aphistogoniulus-polleni-spirostreptidae-spec-6\/#breadcrumb","itemListElement":[{"@type":"ListItem","position":1,"name":"Startseite","item":"https:\/\/insektenliebe.com\/it\/"},{"@type":"ListItem","position":2,"name":"Negozio","item":"https:\/\/insektenliebe.com\/it\/negozio\/"},{"@type":"ListItem","position":3,"name":"Aphistogoniulus polleni &#8220;Spirostreptidae spec. 6&#8221;"}]},{"@type":"WebSite","@id":"https:\/\/insektenliebe.com\/it\/#website","url":"https:\/\/insektenliebe.com\/it\/","name":"Insektenliebe","description":"Dein Zuhause f\u00fcr die kleinen Lebewesen","publisher":{"@id":"https:\/\/insektenliebe.com\/it\/#organization"},"potentialAction":[{"@type":"SearchAction","target":{"@type":"EntryPoint","urlTemplate":"https:\/\/insektenliebe.com\/it\/?s={search_term_string}"},"query-input":{"@type":"PropertyValueSpecification","valueRequired":true,"valueName":"search_term_string"}}],"inLanguage":"it-IT"},{"@type":"Organization","@id":"https:\/\/insektenliebe.com\/it\/#organization","name":"Insektenliebe","url":"https:\/\/insektenliebe.com\/it\/","logo":{"@type":"ImageObject","inLanguage":"it-IT","@id":"https:\/\/insektenliebe.com\/it\/#\/schema\/logo\/image\/","url":"https:\/\/insektenliebe.com\/wp-content\/uploads\/2025\/03\/logo-white.png","contentUrl":"https:\/\/insektenliebe.com\/wp-content\/uploads\/2025\/03\/logo-white.png","width":288,"height":188,"caption":"Insektenliebe"},"image":{"@id":"https:\/\/insektenliebe.com\/it\/#\/schema\/logo\/image\/"}}]}},"_links":{"self":[{"href":"https:\/\/insektenliebe.com\/it\/wp-json\/wp\/v2\/product\/185560","targetHints":{"allow":["GET"]}}],"collection":[{"href":"https:\/\/insektenliebe.com\/it\/wp-json\/wp\/v2\/product"}],"about":[{"href":"https:\/\/insektenliebe.com\/it\/wp-json\/wp\/v2\/types\/product"}],"wp:featuredmedia":[{"embeddable":true,"href":"https:\/\/insektenliebe.com\/it\/wp-json\/wp\/v2\/media\/185561"}],"wp:attachment":[{"href":"https:\/\/insektenliebe.com\/it\/wp-json\/wp\/v2\/media?parent=185560"}],"wp:term":[{"taxonomy":"product-supplier","embeddable":true,"href":"https:\/\/insektenliebe.com\/it\/wp-json\/wp\/v2\/product-supplier?post=185560"},{"taxonomy":"product_brand","embeddable":true,"href":"https:\/\/insektenliebe.com\/it\/wp-json\/wp\/v2\/product_brand?post=185560"},{"taxonomy":"product_cat","embeddable":true,"href":"https:\/\/insektenliebe.com\/it\/wp-json\/wp\/v2\/product_cat?post=185560"},{"taxonomy":"product_tag","embeddable":true,"href":"https:\/\/insektenliebe.com\/it\/wp-json\/wp\/v2\/product_tag?post=185560"},{"taxonomy":"lce-checkout-addons","embeddable":true,"href":"https:\/\/insektenliebe.com\/it\/wp-json\/wp\/v2\/lce-checkout-addons?post=185560"}],"curies":[{"name":"wp","href":"https:\/\/api.w.org\/{rel}","templated":true}]}}