{"id":185558,"date":"2020-01-26T15:54:00","date_gmt":"2020-01-26T14:54:00","guid":{"rendered":"https:\/\/insektenliebe.com\/shop\/produkt\/armadillidium-peraccae\/"},"modified":"2026-03-05T10:39:57","modified_gmt":"2026-03-05T09:39:57","slug":"armadillidium-peraccae","status":"publish","type":"product","link":"https:\/\/insektenliebe.com\/it\/shop\/prodotto\/armadillidium-peraccae\/","title":{"rendered":"Armadillidium peraccae"},"content":{"rendered":"<h3><span class=\"s1\" style=\"color: #99cc33;\">Emozionante da osservare e facile da curare<\/span><\/h3>\n<p class=\"p1\"><strong><span class=\"s1\">Armadillidium peraccae<\/span><\/strong><span class=\"s2\">  \u00e8 una cocciniglia attraente e robusta proveniente dall&#8217;Europa meridionale. Gli animali sono originari delle regioni intorno al Mediterraneo e possono essere trovati nella lettiera di foglie, sotto le pietre o nel terreno sciolto. Grazie alla sua adattabilit\u00e0, questa specie si \u00e8 dimostrata particolarmente facile da curare in terrario.  <\/span><\/p>\n<p class=\"p1\"><span class=\"s2\">Gli animali hanno una <\/span><span class=\"s1\">discreta colorazione di base grigio-marrone<\/span><span class=\"s2\">che conferisce loro un aspetto naturale e discreto. Questo permette loro di inserirsi armoniosamente in paesaggi di terrari quasi naturali. Come tutti i rappresentanti del genere    <\/span><span class=\"s3\">Armadillidium<\/span><span class=\"s2\">  gli animali possono raggomitolarsi completamente in una palla in caso di pericolo. Questo tipico comportamento serve a proteggersi dai predatori e li rende anche interessanti da osservare. <\/span><\/p>\n<p class=\"p1\"><span class=\"s2\">Con una dimensione di circa <\/span><span class=\"s1\">1,5-2 cm<\/span><span class=\"s2\">  L <strong>&#8216;Armadillidium peraccae<\/strong> \u00e8 una delle cocciniglie di medie dimensioni. Sono relativamente attive e appaiono spesso in superficie quando le condizioni sono favorevoli. Gli animali possono essere osservati regolarmente, soprattutto in terrari ben strutturati con fogliame e nascondigli sufficienti.  <\/span><\/p>\n<p class=\"p1\"><span class=\"s2\">L&#8217;allevamento \u00e8 considerato poco complicato ed \u00e8 quindi adatto anche ai <\/span><span class=\"s1\">principianti nell&#8217;allevamento di isopodi<\/span><span class=\"s2\">. Come substrato si consiglia una miscela di humus di foreste decidue, pezzi di legno bianco marcio e uno spesso strato di foglie. Questi materiali servono sia come cibo che come habitat. Inoltre, \u00e8 opportuno offrire muschio, pezzi di corteccia o piccoli pezzi di sughero come riparo.  <\/span><\/p>\n<p class=\"p1\"><span class=\"s2\">Un angolo permanentemente <\/span><span class=\"s1\">un angolo leggermente umido<\/span><span class=\"s2\">  nel terrario \u00e8 importante, mentre altre aree possono rimanere un po&#8217; pi\u00f9 asciutte. In questo modo gli animali possono scegliere da soli l&#8217;umidit\u00e0 di cui hanno bisogno. Tuttavia, i ristagni d&#8217;acqua devono essere evitati a tutti i costi.  <\/span><\/p>\n<p class=\"p1\"><span class=\"s2\">La temperatura ottimale \u00e8 solitamente compresa tra <\/span><span class=\"s1\">20 e 26 \u00b0C<\/span><span class=\"s2\">. In queste condizioni, gli animali si sviluppano bene e si riproducono in modo affidabile. Come molte altre cocciniglie, hanno bisogno di un   <\/span><span class=\"s1\">Fonte di calcio<\/span><span class=\"s2\">  per la struttura del loro carapace. L&#8217;osso di seppia, il calcare o i gusci d&#8217;uovo frantumati sono ideali per questo scopo. <\/span><\/p>\n<p class=\"p1\"><span class=\"s2\">La dieta consiste principalmente in <\/span><span class=\"s1\">Fogliame e legno bianco marcio<\/span><span class=\"s2\">. Inoltre, puoi offrire occasionalmente verdure, frutta, fiori o cibo speciale per isopodi. Anche gli integratori ad alto contenuto proteico sono facilmente accettati e favoriscono la crescita della colonia. <\/span><\/p>\n<p class=\"p1\"><span class=\"s2\">La loro natura robusta, l&#8217;allevamento non complicato e la riproduzione affidabile rendono l&#8217; <\/span><strong><span class=\"s1\">Armadillidium peraccae<\/span><\/strong><span class=\"s2\"> \u00e8 la scelta ideale per le cassette di isopodi naturali, i terrari bioattivi o come introduzione all&#8217;affascinante mondo degli isopodi.<\/span><\/p>\n","protected":false},"excerpt":{"rendered":"<p>Emozionante da osservare e facile da curare Armadillidium peraccae \u00e8 una cocciniglia attraente e robusta proveniente dall&#8217;Europa meridionale. Gli animali sono originari delle regioni intorno al Mediterraneo e possono essere trovati nella lettiera di foglie, sotto le pietre o nel terreno sciolto. Grazie alla sua adattabilit\u00e0, questa specie si \u00e8 dimostrata particolarmente facile da curare [&hellip;]<\/p>\n","protected":false},"featured_media":192107,"template":"","meta":{"_acf_changed":false},"product-supplier":[],"product_brand":[],"product_cat":[2871,2788],"product_tag":[],"lce-checkout-addons":[2746],"class_list":{"0":"post-185558","1":"product","2":"type-product","3":"status-publish","4":"has-post-thumbnail","6":"product_cat-cocciniglia-armadillidium","7":"product_cat-woodlice","8":"product_shipping_class-spedizione-di-animali","9":"pa_herkunft-grecia","10":"pa_kontinent-europa","11":"lce-checkout-addons-imballaggio-invernale","13":"first","14":"instock","15":"taxable","16":"shipping-taxable","17":"purchasable","18":"product-type-simple"},"acf":[],"yoast_head":"<!-- This site is optimized with the Yoast SEO plugin v27.3 - https:\/\/yoast.com\/product\/yoast-seo-wordpress\/ -->\n<title>Armadillidium peraccae - Insektenliebe<\/title>\n<meta name=\"description\" content=\"Acquista Armadillidium peraccae online a un prezzo vantaggioso. Acquista una specie di cocciniglia leggermente spinosa e facile da mantenere direttamente dall&#039;allevatore.\" \/>\n<meta name=\"robots\" content=\"index, follow, max-snippet:-1, max-image-preview:large, max-video-preview:-1\" \/>\n<link rel=\"canonical\" href=\"https:\/\/insektenliebe.com\/it\/shop\/prodotto\/armadillidium-peraccae\/\" \/>\n<meta property=\"og:locale\" content=\"it_IT\" \/>\n<meta property=\"og:type\" content=\"article\" \/>\n<meta property=\"og:title\" content=\"Armadillidium peraccae - Insektenliebe\" \/>\n<meta property=\"og:description\" content=\"Acquista Armadillidium peraccae online a un prezzo vantaggioso. Acquista una specie di cocciniglia leggermente spinosa e facile da mantenere direttamente dall&#039;allevatore.\" \/>\n<meta property=\"og:url\" content=\"https:\/\/insektenliebe.com\/it\/shop\/prodotto\/armadillidium-peraccae\/\" \/>\n<meta property=\"og:site_name\" content=\"Insektenliebe\" \/>\n<meta property=\"article:modified_time\" content=\"2026-03-05T09:39:57+00:00\" \/>\n<meta property=\"og:image\" content=\"https:\/\/insektenliebe.com\/wp-content\/uploads\/2025\/05\/Armadillidium-peraccae-scaled-3.jpg\" \/>\n\t<meta property=\"og:image:width\" content=\"2560\" \/>\n\t<meta property=\"og:image:height\" content=\"1707\" \/>\n\t<meta property=\"og:image:type\" content=\"image\/jpeg\" \/>\n<meta name=\"twitter:card\" content=\"summary_large_image\" \/>\n<meta name=\"twitter:label1\" content=\"Tempo di lettura stimato\" \/>\n\t<meta name=\"twitter:data1\" content=\"2 minuto\" \/>\n<script type=\"application\/ld+json\" class=\"yoast-schema-graph\">{\"@context\":\"https:\\\/\\\/schema.org\",\"@graph\":[{\"@type\":\"WebPage\",\"@id\":\"https:\\\/\\\/insektenliebe.com\\\/it\\\/shop\\\/prodotto\\\/armadillidium-peraccae\\\/\",\"url\":\"https:\\\/\\\/insektenliebe.com\\\/it\\\/shop\\\/prodotto\\\/armadillidium-peraccae\\\/\",\"name\":\"Armadillidium peraccae - Insektenliebe\",\"isPartOf\":{\"@id\":\"https:\\\/\\\/insektenliebe.com\\\/it\\\/#website\"},\"primaryImageOfPage\":{\"@id\":\"https:\\\/\\\/insektenliebe.com\\\/it\\\/shop\\\/prodotto\\\/armadillidium-peraccae\\\/#primaryimage\"},\"image\":{\"@id\":\"https:\\\/\\\/insektenliebe.com\\\/it\\\/shop\\\/prodotto\\\/armadillidium-peraccae\\\/#primaryimage\"},\"thumbnailUrl\":\"https:\\\/\\\/insektenliebe.com\\\/wp-content\\\/uploads\\\/2020\\\/01\\\/Armadillidium-peraccae-Flechten.jpg\",\"datePublished\":\"2020-01-26T14:54:00+00:00\",\"dateModified\":\"2026-03-05T09:39:57+00:00\",\"description\":\"Acquista Armadillidium peraccae online a un prezzo vantaggioso. Acquista una specie di cocciniglia leggermente spinosa e facile da mantenere direttamente dall'allevatore.\",\"breadcrumb\":{\"@id\":\"https:\\\/\\\/insektenliebe.com\\\/it\\\/shop\\\/prodotto\\\/armadillidium-peraccae\\\/#breadcrumb\"},\"inLanguage\":\"it-IT\",\"potentialAction\":[{\"@type\":\"ReadAction\",\"target\":[\"https:\\\/\\\/insektenliebe.com\\\/it\\\/shop\\\/prodotto\\\/armadillidium-peraccae\\\/\"]}]},{\"@type\":\"ImageObject\",\"inLanguage\":\"it-IT\",\"@id\":\"https:\\\/\\\/insektenliebe.com\\\/it\\\/shop\\\/prodotto\\\/armadillidium-peraccae\\\/#primaryimage\",\"url\":\"https:\\\/\\\/insektenliebe.com\\\/wp-content\\\/uploads\\\/2020\\\/01\\\/Armadillidium-peraccae-Flechten.jpg\",\"contentUrl\":\"https:\\\/\\\/insektenliebe.com\\\/wp-content\\\/uploads\\\/2020\\\/01\\\/Armadillidium-peraccae-Flechten.jpg\",\"width\":820,\"height\":820,\"caption\":\"Armadillidium peraccae- Flechten\"},{\"@type\":\"BreadcrumbList\",\"@id\":\"https:\\\/\\\/insektenliebe.com\\\/it\\\/shop\\\/prodotto\\\/armadillidium-peraccae\\\/#breadcrumb\",\"itemListElement\":[{\"@type\":\"ListItem\",\"position\":1,\"name\":\"Startseite\",\"item\":\"https:\\\/\\\/insektenliebe.com\\\/it\\\/\"},{\"@type\":\"ListItem\",\"position\":2,\"name\":\"Negozio\",\"item\":\"https:\\\/\\\/insektenliebe.com\\\/it\\\/negozio\\\/\"},{\"@type\":\"ListItem\",\"position\":3,\"name\":\"Armadillidium peraccae\"}]},{\"@type\":\"WebSite\",\"@id\":\"https:\\\/\\\/insektenliebe.com\\\/it\\\/#website\",\"url\":\"https:\\\/\\\/insektenliebe.com\\\/it\\\/\",\"name\":\"Insektenliebe\",\"description\":\"Dein Zuhause f\u00fcr die kleinen Lebewesen\",\"publisher\":{\"@id\":\"https:\\\/\\\/insektenliebe.com\\\/it\\\/#organization\"},\"potentialAction\":[{\"@type\":\"SearchAction\",\"target\":{\"@type\":\"EntryPoint\",\"urlTemplate\":\"https:\\\/\\\/insektenliebe.com\\\/it\\\/?s={search_term_string}\"},\"query-input\":{\"@type\":\"PropertyValueSpecification\",\"valueRequired\":true,\"valueName\":\"search_term_string\"}}],\"inLanguage\":\"it-IT\"},{\"@type\":\"Organization\",\"@id\":\"https:\\\/\\\/insektenliebe.com\\\/it\\\/#organization\",\"name\":\"Insektenliebe\",\"url\":\"https:\\\/\\\/insektenliebe.com\\\/it\\\/\",\"logo\":{\"@type\":\"ImageObject\",\"inLanguage\":\"it-IT\",\"@id\":\"https:\\\/\\\/insektenliebe.com\\\/it\\\/#\\\/schema\\\/logo\\\/image\\\/\",\"url\":\"https:\\\/\\\/insektenliebe.com\\\/wp-content\\\/uploads\\\/2025\\\/03\\\/logo-white.png\",\"contentUrl\":\"https:\\\/\\\/insektenliebe.com\\\/wp-content\\\/uploads\\\/2025\\\/03\\\/logo-white.png\",\"width\":288,\"height\":188,\"caption\":\"Insektenliebe\"},\"image\":{\"@id\":\"https:\\\/\\\/insektenliebe.com\\\/it\\\/#\\\/schema\\\/logo\\\/image\\\/\"}}]}<\/script>\n<!-- \/ Yoast SEO plugin. -->","yoast_head_json":{"title":"Armadillidium peraccae - Insektenliebe","description":"Acquista Armadillidium peraccae online a un prezzo vantaggioso. Acquista una specie di cocciniglia leggermente spinosa e facile da mantenere direttamente dall'allevatore.","robots":{"index":"index","follow":"follow","max-snippet":"max-snippet:-1","max-image-preview":"max-image-preview:large","max-video-preview":"max-video-preview:-1"},"canonical":"https:\/\/insektenliebe.com\/it\/shop\/prodotto\/armadillidium-peraccae\/","og_locale":"it_IT","og_type":"article","og_title":"Armadillidium peraccae - Insektenliebe","og_description":"Acquista Armadillidium peraccae online a un prezzo vantaggioso. Acquista una specie di cocciniglia leggermente spinosa e facile da mantenere direttamente dall'allevatore.","og_url":"https:\/\/insektenliebe.com\/it\/shop\/prodotto\/armadillidium-peraccae\/","og_site_name":"Insektenliebe","article_modified_time":"2026-03-05T09:39:57+00:00","og_image":[{"width":2560,"height":1707,"url":"https:\/\/insektenliebe.com\/wp-content\/uploads\/2025\/05\/Armadillidium-peraccae-scaled-3.jpg","type":"image\/jpeg"}],"twitter_card":"summary_large_image","twitter_misc":{"Tempo di lettura stimato":"2 minuto"},"schema":{"@context":"https:\/\/schema.org","@graph":[{"@type":"WebPage","@id":"https:\/\/insektenliebe.com\/it\/shop\/prodotto\/armadillidium-peraccae\/","url":"https:\/\/insektenliebe.com\/it\/shop\/prodotto\/armadillidium-peraccae\/","name":"Armadillidium peraccae - Insektenliebe","isPartOf":{"@id":"https:\/\/insektenliebe.com\/it\/#website"},"primaryImageOfPage":{"@id":"https:\/\/insektenliebe.com\/it\/shop\/prodotto\/armadillidium-peraccae\/#primaryimage"},"image":{"@id":"https:\/\/insektenliebe.com\/it\/shop\/prodotto\/armadillidium-peraccae\/#primaryimage"},"thumbnailUrl":"https:\/\/insektenliebe.com\/wp-content\/uploads\/2020\/01\/Armadillidium-peraccae-Flechten.jpg","datePublished":"2020-01-26T14:54:00+00:00","dateModified":"2026-03-05T09:39:57+00:00","description":"Acquista Armadillidium peraccae online a un prezzo vantaggioso. Acquista una specie di cocciniglia leggermente spinosa e facile da mantenere direttamente dall'allevatore.","breadcrumb":{"@id":"https:\/\/insektenliebe.com\/it\/shop\/prodotto\/armadillidium-peraccae\/#breadcrumb"},"inLanguage":"it-IT","potentialAction":[{"@type":"ReadAction","target":["https:\/\/insektenliebe.com\/it\/shop\/prodotto\/armadillidium-peraccae\/"]}]},{"@type":"ImageObject","inLanguage":"it-IT","@id":"https:\/\/insektenliebe.com\/it\/shop\/prodotto\/armadillidium-peraccae\/#primaryimage","url":"https:\/\/insektenliebe.com\/wp-content\/uploads\/2020\/01\/Armadillidium-peraccae-Flechten.jpg","contentUrl":"https:\/\/insektenliebe.com\/wp-content\/uploads\/2020\/01\/Armadillidium-peraccae-Flechten.jpg","width":820,"height":820,"caption":"Armadillidium peraccae- Flechten"},{"@type":"BreadcrumbList","@id":"https:\/\/insektenliebe.com\/it\/shop\/prodotto\/armadillidium-peraccae\/#breadcrumb","itemListElement":[{"@type":"ListItem","position":1,"name":"Startseite","item":"https:\/\/insektenliebe.com\/it\/"},{"@type":"ListItem","position":2,"name":"Negozio","item":"https:\/\/insektenliebe.com\/it\/negozio\/"},{"@type":"ListItem","position":3,"name":"Armadillidium peraccae"}]},{"@type":"WebSite","@id":"https:\/\/insektenliebe.com\/it\/#website","url":"https:\/\/insektenliebe.com\/it\/","name":"Insektenliebe","description":"Dein Zuhause f\u00fcr die kleinen Lebewesen","publisher":{"@id":"https:\/\/insektenliebe.com\/it\/#organization"},"potentialAction":[{"@type":"SearchAction","target":{"@type":"EntryPoint","urlTemplate":"https:\/\/insektenliebe.com\/it\/?s={search_term_string}"},"query-input":{"@type":"PropertyValueSpecification","valueRequired":true,"valueName":"search_term_string"}}],"inLanguage":"it-IT"},{"@type":"Organization","@id":"https:\/\/insektenliebe.com\/it\/#organization","name":"Insektenliebe","url":"https:\/\/insektenliebe.com\/it\/","logo":{"@type":"ImageObject","inLanguage":"it-IT","@id":"https:\/\/insektenliebe.com\/it\/#\/schema\/logo\/image\/","url":"https:\/\/insektenliebe.com\/wp-content\/uploads\/2025\/03\/logo-white.png","contentUrl":"https:\/\/insektenliebe.com\/wp-content\/uploads\/2025\/03\/logo-white.png","width":288,"height":188,"caption":"Insektenliebe"},"image":{"@id":"https:\/\/insektenliebe.com\/it\/#\/schema\/logo\/image\/"}}]}},"_links":{"self":[{"href":"https:\/\/insektenliebe.com\/it\/wp-json\/wp\/v2\/product\/185558","targetHints":{"allow":["GET"]}}],"collection":[{"href":"https:\/\/insektenliebe.com\/it\/wp-json\/wp\/v2\/product"}],"about":[{"href":"https:\/\/insektenliebe.com\/it\/wp-json\/wp\/v2\/types\/product"}],"wp:featuredmedia":[{"embeddable":true,"href":"https:\/\/insektenliebe.com\/it\/wp-json\/wp\/v2\/media\/192107"}],"wp:attachment":[{"href":"https:\/\/insektenliebe.com\/it\/wp-json\/wp\/v2\/media?parent=185558"}],"wp:term":[{"taxonomy":"product-supplier","embeddable":true,"href":"https:\/\/insektenliebe.com\/it\/wp-json\/wp\/v2\/product-supplier?post=185558"},{"taxonomy":"product_brand","embeddable":true,"href":"https:\/\/insektenliebe.com\/it\/wp-json\/wp\/v2\/product_brand?post=185558"},{"taxonomy":"product_cat","embeddable":true,"href":"https:\/\/insektenliebe.com\/it\/wp-json\/wp\/v2\/product_cat?post=185558"},{"taxonomy":"product_tag","embeddable":true,"href":"https:\/\/insektenliebe.com\/it\/wp-json\/wp\/v2\/product_tag?post=185558"},{"taxonomy":"lce-checkout-addons","embeddable":true,"href":"https:\/\/insektenliebe.com\/it\/wp-json\/wp\/v2\/lce-checkout-addons?post=185558"}],"curies":[{"name":"wp","href":"https:\/\/api.w.org\/{rel}","templated":true}]}}