{"id":185556,"date":"2020-03-19T16:36:00","date_gmt":"2020-03-19T15:36:00","guid":{"rendered":"https:\/\/insektenliebe.com\/shop\/produkt\/coromus-diaphorus-piede-a-bande-dorate\/"},"modified":"2020-03-19T16:36:00","modified_gmt":"2020-03-19T15:36:00","slug":"coromus-diaphorus-piede-a-bande-dorate","status":"publish","type":"product","link":"https:\/\/insektenliebe.com\/it\/shop\/prodotto\/coromus-diaphorus-piede-a-bande-dorate\/","title":{"rendered":"Coromus diaphorus \"piede a bande dorate\"."},"content":{"rendered":"<h3><span style=\"color: #99cc33\">Breve descrizione:<\/span><\/h3>\n<p class=\"font_8\">Il Coromus diaphorus \u00e8 una specie di polidemide che cresce fino a 6 cm di lunghezza e proviene da Nigeria, Togo e Ghana. Qui la specie abita principalmente foreste umide e ombrose. Mantenere il Coromus diaphorus \u00e8 abbastanza facile, solo allevare questi bellissimi animali \u00e8 una piccola sfida. Questi animali si trovano spesso in commercio con il nome banale di Goldrand-Bandf\u00fc\u00dfer.   <\/p>\n<p class=\"font_8\">Il Coromus diaphorus \u00e8 all&#8217;altezza del suo nome banale tedesco. Ha bordi che vanno dal beige al dorato su un colore di base marrone piuttosto scuro. Come tutti i polidesmidi, il corpo \u00e8 piuttosto piatto. Questa specie ha 17 segmenti. Le zampe e le antenne di C. diaphorus sono di colore marrone rossastro.    <\/p>\n<p class=\"font_8\">A causa delle dimensioni relativamente ridotte di questa specie, pu\u00f2 essere tenuta in terrari con un bordo lungo almeno 30 cm. Tuttavia, bisogna assicurarsi che ci sia spazio sufficiente per un substrato sufficientemente alto. L&#8217;altezza del substrato per questa specie non dovrebbe essere inferiore a 8 cm! Il substrato serve sia come habitat che come cibo per gli animali.   <\/p>\n<p class=\"font_8\">Le temperature diurne di 18-24\u00b0C si sono dimostrate adatte all&#8217;allevamento di questa specie. Questi pesci dalle zampe a fascia amano il fresco e non tollerano temperature molto elevate. Gli animali sono attivi soprattutto al crepuscolo e di notte, per questo motivo puoi fare a meno di una fonte di luce aggiuntiva. Quando si raggiungono le temperature nel terrario, \u00e8 importante posizionare la fonte di calore sempre dall&#8217;alto e mai dal basso! Il substrato deve essere sempre mantenuto semi-umido. Un livello di umidit\u00e0 del 60-70% si \u00e8 rivelato efficace. Il substrato pu\u00f2 anche essere coperto con foglie, pezzi di corteccia o muschio. Questo aiuta a proteggerlo dall&#8217;essiccazione. Tutte le specie di tenia prediligono i terrari forestali, in quanto corrispondono maggiormente al loro habitat naturale. I rami che si arrampicano sono molto apprezzati da questa specie e gli adulti in particolare possono essere visti spesso in superficie.         <\/p>\n<p class=\"font_8\">Il cibo principale \u00e8 il materiale organico contenuto nel substrato, come foglie e legno bianco marcio. Tuttavia, occasionalmente vengono accettati anche verdure, frutta e cibo per millepiedi come cibo supplementare. <\/p>\n","protected":false},"excerpt":{"rendered":"<p>Si tratta di una progenie stabile proveniente dalla nostra sala d&#8217;allevamento.<\/p>\n","protected":false},"featured_media":185557,"template":"","meta":{"_acf_changed":false},"product-supplier":[],"product_brand":[],"product_cat":[2870],"product_tag":[],"lce-checkout-addons":[2746],"class_list":{"0":"post-185556","1":"product","2":"type-product","3":"status-publish","4":"has-post-thumbnail","6":"product_cat-millipede","7":"product_shipping_class-spedizione-di-animali","8":"pa_herkunft-nigeria","9":"pa_kontinent-africa","10":"lce-checkout-addons-imballaggio-invernale","12":"first","13":"outofstock","14":"taxable","15":"shipping-taxable","16":"purchasable","17":"product-type-simple"},"acf":[],"yoast_head":"<!-- This site is optimized with the Yoast SEO plugin v27.3 - https:\/\/yoast.com\/product\/yoast-seo-wordpress\/ -->\n<title>Coromus diaphorus &quot;piede a bande dorate&quot;. - Insektenliebe<\/title>\n<meta name=\"description\" content=\"Acquista online i bellissimi Coromus diaphorus &quot;zampe a bande dorate&quot;. Offriamo i nostri esemplari allevati in cattivit\u00e0 di questa bellissima specie. Acquista direttamente dall&#039;allevatore.\" \/>\n<meta name=\"robots\" content=\"index, follow, max-snippet:-1, max-image-preview:large, max-video-preview:-1\" \/>\n<link rel=\"canonical\" href=\"https:\/\/insektenliebe.com\/it\/shop\/prodotto\/coromus-diaphorus-piede-a-bande-dorate\/\" \/>\n<meta property=\"og:locale\" content=\"it_IT\" \/>\n<meta property=\"og:type\" content=\"article\" \/>\n<meta property=\"og:title\" content=\"Coromus diaphorus &quot;piede a bande dorate&quot;. - Insektenliebe\" \/>\n<meta property=\"og:description\" content=\"Acquista online i bellissimi Coromus diaphorus &quot;zampe a bande dorate&quot;. Offriamo i nostri esemplari allevati in cattivit\u00e0 di questa bellissima specie. Acquista direttamente dall&#039;allevatore.\" \/>\n<meta property=\"og:url\" content=\"https:\/\/insektenliebe.com\/it\/shop\/prodotto\/coromus-diaphorus-piede-a-bande-dorate\/\" \/>\n<meta property=\"og:site_name\" content=\"Insektenliebe\" \/>\n<meta property=\"og:image\" content=\"https:\/\/insektenliebe.com\/wp-content\/uploads\/2025\/05\/Coromus-diaphorus-2.jpg\" \/>\n\t<meta property=\"og:image:width\" content=\"820\" \/>\n\t<meta property=\"og:image:height\" content=\"820\" \/>\n\t<meta property=\"og:image:type\" content=\"image\/jpeg\" \/>\n<meta name=\"twitter:card\" content=\"summary_large_image\" \/>\n<meta name=\"twitter:label1\" content=\"Tempo di lettura stimato\" \/>\n\t<meta name=\"twitter:data1\" content=\"2 minuto\" \/>\n<script type=\"application\/ld+json\" class=\"yoast-schema-graph\">{\"@context\":\"https:\\\/\\\/schema.org\",\"@graph\":[{\"@type\":\"WebPage\",\"@id\":\"https:\\\/\\\/insektenliebe.com\\\/it\\\/shop\\\/prodotto\\\/coromus-diaphorus-piede-a-bande-dorate\\\/\",\"url\":\"https:\\\/\\\/insektenliebe.com\\\/it\\\/shop\\\/prodotto\\\/coromus-diaphorus-piede-a-bande-dorate\\\/\",\"name\":\"Coromus diaphorus \\\"piede a bande dorate\\\". - Insektenliebe\",\"isPartOf\":{\"@id\":\"https:\\\/\\\/insektenliebe.com\\\/it\\\/#website\"},\"primaryImageOfPage\":{\"@id\":\"https:\\\/\\\/insektenliebe.com\\\/it\\\/shop\\\/prodotto\\\/coromus-diaphorus-piede-a-bande-dorate\\\/#primaryimage\"},\"image\":{\"@id\":\"https:\\\/\\\/insektenliebe.com\\\/it\\\/shop\\\/prodotto\\\/coromus-diaphorus-piede-a-bande-dorate\\\/#primaryimage\"},\"thumbnailUrl\":\"https:\\\/\\\/insektenliebe.com\\\/wp-content\\\/uploads\\\/2025\\\/05\\\/Coromus-diaphorus-2.jpg\",\"datePublished\":\"2020-03-19T15:36:00+00:00\",\"description\":\"Acquista online i bellissimi Coromus diaphorus \\\"zampe a bande dorate\\\". Offriamo i nostri esemplari allevati in cattivit\u00e0 di questa bellissima specie. Acquista direttamente dall'allevatore.\",\"breadcrumb\":{\"@id\":\"https:\\\/\\\/insektenliebe.com\\\/it\\\/shop\\\/prodotto\\\/coromus-diaphorus-piede-a-bande-dorate\\\/#breadcrumb\"},\"inLanguage\":\"it-IT\",\"potentialAction\":[{\"@type\":\"ReadAction\",\"target\":[\"https:\\\/\\\/insektenliebe.com\\\/it\\\/shop\\\/prodotto\\\/coromus-diaphorus-piede-a-bande-dorate\\\/\"]}]},{\"@type\":\"ImageObject\",\"inLanguage\":\"it-IT\",\"@id\":\"https:\\\/\\\/insektenliebe.com\\\/it\\\/shop\\\/prodotto\\\/coromus-diaphorus-piede-a-bande-dorate\\\/#primaryimage\",\"url\":\"https:\\\/\\\/insektenliebe.com\\\/wp-content\\\/uploads\\\/2025\\\/05\\\/Coromus-diaphorus-2.jpg\",\"contentUrl\":\"https:\\\/\\\/insektenliebe.com\\\/wp-content\\\/uploads\\\/2025\\\/05\\\/Coromus-diaphorus-2.jpg\",\"width\":820,\"height\":820,\"caption\":\"Coromus-diaphorus-2.jpg\"},{\"@type\":\"BreadcrumbList\",\"@id\":\"https:\\\/\\\/insektenliebe.com\\\/it\\\/shop\\\/prodotto\\\/coromus-diaphorus-piede-a-bande-dorate\\\/#breadcrumb\",\"itemListElement\":[{\"@type\":\"ListItem\",\"position\":1,\"name\":\"Startseite\",\"item\":\"https:\\\/\\\/insektenliebe.com\\\/it\\\/\"},{\"@type\":\"ListItem\",\"position\":2,\"name\":\"Negozio\",\"item\":\"https:\\\/\\\/insektenliebe.com\\\/it\\\/negozio\\\/\"},{\"@type\":\"ListItem\",\"position\":3,\"name\":\"Coromus diaphorus &#8220;piede a bande dorate&#8221;.\"}]},{\"@type\":\"WebSite\",\"@id\":\"https:\\\/\\\/insektenliebe.com\\\/it\\\/#website\",\"url\":\"https:\\\/\\\/insektenliebe.com\\\/it\\\/\",\"name\":\"Insektenliebe\",\"description\":\"Dein Zuhause f\u00fcr die kleinen Lebewesen\",\"publisher\":{\"@id\":\"https:\\\/\\\/insektenliebe.com\\\/it\\\/#organization\"},\"potentialAction\":[{\"@type\":\"SearchAction\",\"target\":{\"@type\":\"EntryPoint\",\"urlTemplate\":\"https:\\\/\\\/insektenliebe.com\\\/it\\\/?s={search_term_string}\"},\"query-input\":{\"@type\":\"PropertyValueSpecification\",\"valueRequired\":true,\"valueName\":\"search_term_string\"}}],\"inLanguage\":\"it-IT\"},{\"@type\":\"Organization\",\"@id\":\"https:\\\/\\\/insektenliebe.com\\\/it\\\/#organization\",\"name\":\"Insektenliebe\",\"url\":\"https:\\\/\\\/insektenliebe.com\\\/it\\\/\",\"logo\":{\"@type\":\"ImageObject\",\"inLanguage\":\"it-IT\",\"@id\":\"https:\\\/\\\/insektenliebe.com\\\/it\\\/#\\\/schema\\\/logo\\\/image\\\/\",\"url\":\"https:\\\/\\\/insektenliebe.com\\\/wp-content\\\/uploads\\\/2025\\\/03\\\/logo-white.png\",\"contentUrl\":\"https:\\\/\\\/insektenliebe.com\\\/wp-content\\\/uploads\\\/2025\\\/03\\\/logo-white.png\",\"width\":288,\"height\":188,\"caption\":\"Insektenliebe\"},\"image\":{\"@id\":\"https:\\\/\\\/insektenliebe.com\\\/it\\\/#\\\/schema\\\/logo\\\/image\\\/\"}}]}<\/script>\n<!-- \/ Yoast SEO plugin. -->","yoast_head_json":{"title":"Coromus diaphorus \"piede a bande dorate\". - Insektenliebe","description":"Acquista online i bellissimi Coromus diaphorus \"zampe a bande dorate\". Offriamo i nostri esemplari allevati in cattivit\u00e0 di questa bellissima specie. Acquista direttamente dall'allevatore.","robots":{"index":"index","follow":"follow","max-snippet":"max-snippet:-1","max-image-preview":"max-image-preview:large","max-video-preview":"max-video-preview:-1"},"canonical":"https:\/\/insektenliebe.com\/it\/shop\/prodotto\/coromus-diaphorus-piede-a-bande-dorate\/","og_locale":"it_IT","og_type":"article","og_title":"Coromus diaphorus \"piede a bande dorate\". - Insektenliebe","og_description":"Acquista online i bellissimi Coromus diaphorus \"zampe a bande dorate\". Offriamo i nostri esemplari allevati in cattivit\u00e0 di questa bellissima specie. Acquista direttamente dall'allevatore.","og_url":"https:\/\/insektenliebe.com\/it\/shop\/prodotto\/coromus-diaphorus-piede-a-bande-dorate\/","og_site_name":"Insektenliebe","og_image":[{"width":820,"height":820,"url":"https:\/\/insektenliebe.com\/wp-content\/uploads\/2025\/05\/Coromus-diaphorus-2.jpg","type":"image\/jpeg"}],"twitter_card":"summary_large_image","twitter_misc":{"Tempo di lettura stimato":"2 minuto"},"schema":{"@context":"https:\/\/schema.org","@graph":[{"@type":"WebPage","@id":"https:\/\/insektenliebe.com\/it\/shop\/prodotto\/coromus-diaphorus-piede-a-bande-dorate\/","url":"https:\/\/insektenliebe.com\/it\/shop\/prodotto\/coromus-diaphorus-piede-a-bande-dorate\/","name":"Coromus diaphorus \"piede a bande dorate\". - Insektenliebe","isPartOf":{"@id":"https:\/\/insektenliebe.com\/it\/#website"},"primaryImageOfPage":{"@id":"https:\/\/insektenliebe.com\/it\/shop\/prodotto\/coromus-diaphorus-piede-a-bande-dorate\/#primaryimage"},"image":{"@id":"https:\/\/insektenliebe.com\/it\/shop\/prodotto\/coromus-diaphorus-piede-a-bande-dorate\/#primaryimage"},"thumbnailUrl":"https:\/\/insektenliebe.com\/wp-content\/uploads\/2025\/05\/Coromus-diaphorus-2.jpg","datePublished":"2020-03-19T15:36:00+00:00","description":"Acquista online i bellissimi Coromus diaphorus \"zampe a bande dorate\". Offriamo i nostri esemplari allevati in cattivit\u00e0 di questa bellissima specie. Acquista direttamente dall'allevatore.","breadcrumb":{"@id":"https:\/\/insektenliebe.com\/it\/shop\/prodotto\/coromus-diaphorus-piede-a-bande-dorate\/#breadcrumb"},"inLanguage":"it-IT","potentialAction":[{"@type":"ReadAction","target":["https:\/\/insektenliebe.com\/it\/shop\/prodotto\/coromus-diaphorus-piede-a-bande-dorate\/"]}]},{"@type":"ImageObject","inLanguage":"it-IT","@id":"https:\/\/insektenliebe.com\/it\/shop\/prodotto\/coromus-diaphorus-piede-a-bande-dorate\/#primaryimage","url":"https:\/\/insektenliebe.com\/wp-content\/uploads\/2025\/05\/Coromus-diaphorus-2.jpg","contentUrl":"https:\/\/insektenliebe.com\/wp-content\/uploads\/2025\/05\/Coromus-diaphorus-2.jpg","width":820,"height":820,"caption":"Coromus-diaphorus-2.jpg"},{"@type":"BreadcrumbList","@id":"https:\/\/insektenliebe.com\/it\/shop\/prodotto\/coromus-diaphorus-piede-a-bande-dorate\/#breadcrumb","itemListElement":[{"@type":"ListItem","position":1,"name":"Startseite","item":"https:\/\/insektenliebe.com\/it\/"},{"@type":"ListItem","position":2,"name":"Negozio","item":"https:\/\/insektenliebe.com\/it\/negozio\/"},{"@type":"ListItem","position":3,"name":"Coromus diaphorus &#8220;piede a bande dorate&#8221;."}]},{"@type":"WebSite","@id":"https:\/\/insektenliebe.com\/it\/#website","url":"https:\/\/insektenliebe.com\/it\/","name":"Insektenliebe","description":"Dein Zuhause f\u00fcr die kleinen Lebewesen","publisher":{"@id":"https:\/\/insektenliebe.com\/it\/#organization"},"potentialAction":[{"@type":"SearchAction","target":{"@type":"EntryPoint","urlTemplate":"https:\/\/insektenliebe.com\/it\/?s={search_term_string}"},"query-input":{"@type":"PropertyValueSpecification","valueRequired":true,"valueName":"search_term_string"}}],"inLanguage":"it-IT"},{"@type":"Organization","@id":"https:\/\/insektenliebe.com\/it\/#organization","name":"Insektenliebe","url":"https:\/\/insektenliebe.com\/it\/","logo":{"@type":"ImageObject","inLanguage":"it-IT","@id":"https:\/\/insektenliebe.com\/it\/#\/schema\/logo\/image\/","url":"https:\/\/insektenliebe.com\/wp-content\/uploads\/2025\/03\/logo-white.png","contentUrl":"https:\/\/insektenliebe.com\/wp-content\/uploads\/2025\/03\/logo-white.png","width":288,"height":188,"caption":"Insektenliebe"},"image":{"@id":"https:\/\/insektenliebe.com\/it\/#\/schema\/logo\/image\/"}}]}},"_links":{"self":[{"href":"https:\/\/insektenliebe.com\/it\/wp-json\/wp\/v2\/product\/185556","targetHints":{"allow":["GET"]}}],"collection":[{"href":"https:\/\/insektenliebe.com\/it\/wp-json\/wp\/v2\/product"}],"about":[{"href":"https:\/\/insektenliebe.com\/it\/wp-json\/wp\/v2\/types\/product"}],"wp:featuredmedia":[{"embeddable":true,"href":"https:\/\/insektenliebe.com\/it\/wp-json\/wp\/v2\/media\/185557"}],"wp:attachment":[{"href":"https:\/\/insektenliebe.com\/it\/wp-json\/wp\/v2\/media?parent=185556"}],"wp:term":[{"taxonomy":"product-supplier","embeddable":true,"href":"https:\/\/insektenliebe.com\/it\/wp-json\/wp\/v2\/product-supplier?post=185556"},{"taxonomy":"product_brand","embeddable":true,"href":"https:\/\/insektenliebe.com\/it\/wp-json\/wp\/v2\/product_brand?post=185556"},{"taxonomy":"product_cat","embeddable":true,"href":"https:\/\/insektenliebe.com\/it\/wp-json\/wp\/v2\/product_cat?post=185556"},{"taxonomy":"product_tag","embeddable":true,"href":"https:\/\/insektenliebe.com\/it\/wp-json\/wp\/v2\/product_tag?post=185556"},{"taxonomy":"lce-checkout-addons","embeddable":true,"href":"https:\/\/insektenliebe.com\/it\/wp-json\/wp\/v2\/lce-checkout-addons?post=185556"}],"curies":[{"name":"wp","href":"https:\/\/api.w.org\/{rel}","templated":true}]}}