{"id":185493,"date":"2023-09-22T11:00:23","date_gmt":"2023-09-22T09:00:23","guid":{"rendered":"https:\/\/insektenliebe.com\/shop\/produkt\/thermobia-domestica-pesce-da-forno\/"},"modified":"2023-09-22T11:00:23","modified_gmt":"2023-09-22T09:00:23","slug":"thermobia-domestica-pesce-da-forno","status":"publish","type":"product","link":"https:\/\/insektenliebe.com\/it\/shop\/prodotto\/thermobia-domestica-pesce-da-forno\/","title":{"rendered":"Thermobia domestica \"Pesce da forno"},"content":{"rendered":"<h3><span style=\"color: #99cc33\">Gustosi e salutari: ecco perch\u00e9 i pesci da forno sono molto apprezzati da molti allevatori!<\/span><\/h3>\n<p>Naturali, nutrienti e facili da digerire: i <strong>pesciolini da forno<\/strong> sono una vera delizia per i tuoi anfibi, mantidi, scorpioni, tarantole, ragni saltatori e rettili. Questi animaletti poco appariscenti non rappresentano assolutamente un pericolo per i tuoi animali e, grazie al loro corpo morbido, non solo sono gustosi ma anche particolarmente digeribili. <\/p>\n<p>Con una dimensione del corpo fino a 12 mm, i <strong>pesci forno<\/strong> sono lo spuntino perfetto per riempire il vuoto tra l&#8217;alimentazione della Drosophila hydei e quella delle mosche dorate. Sono quindi un&#8217;aggiunta preziosa alla dieta dei tuoi abitanti del terrario, fornendo un&#8217;alimentazione equilibrata e varia. <\/p>\n<p>Una caratteristica eccezionale dei <strong>pesci forno<\/strong> \u00e8 la loro vitalit\u00e0. Possono sopravvivere per diverse settimane nel terrario e quindi offrono la possibilit\u00e0 di alimentarli in stock. Questo non solo rende flessibile l&#8217;alimentazione, ma garantisce anche che i tuoi animali abbiano sempre accesso a cibo fresco.  <\/p>\n<p>Per molti allevatori, i <strong>pesci da forno<\/strong> sono uno degli animali pi\u00f9 importanti da mangiare dopo le Drosophile. Il loro valore nutrizionale e la loro popolarit\u00e0 tra gli animali domestici li rendono una fonte di cibo indispensabile. Sia come pasto principale che come gustoso spuntino tra un pasto e l&#8217;altro, i <strong>pesci da forno<\/strong> sono sempre un&#8217;ottima scelta.  <\/p>\n<p>L&#8217;utilizzo di <strong>pesci da forno<\/strong> come fonte di cibo offre anche il vantaggio di garantire una dieta naturale che favorisce il benessere e la salute degli abitanti del terrario. La loro maneggevolezza e la possibilit\u00e0 di farne scorta rendono l&#8217;alimentazione priva di stress e senza complicazioni. <\/p>\n<p>In definitiva, i <strong>pesci da forno<\/strong> sono un&#8217;eccellente alternativa alimentare che pu\u00f2 essere consigliata a tutti gli allevatori che desiderano il meglio per i propri animali. Sono una garanzia di animali felici e sani e contribuiscono a una dieta ottimale e adeguata alla specie. <\/p>\n<p>Alle istruzioni per l&#8217;allevamento:<br \/>\n<a href=\"https:\/\/insektenliebe.com\/haltungsberichte\/futtertiere\/thermobia-domestica-ofenfischchen-zuechten\/\">Pesce Forno (Thermobia domestica)<\/a><\/p>\n","protected":false},"excerpt":{"rendered":"<p>Gustosi e salutari: ecco perch\u00e9 i pesci da forno sono molto apprezzati da molti allevatori! Naturali, nutrienti e facili da digerire: i pesciolini da forno sono una vera delizia per i tuoi anfibi, mantidi, scorpioni, tarantole, ragni saltatori e rettili. Questi animaletti poco appariscenti non rappresentano assolutamente un pericolo per i tuoi animali e, grazie [&hellip;]<\/p>\n","protected":false},"featured_media":185508,"template":"","meta":{"_acf_changed":false},"product-supplier":[],"product_brand":[],"product_cat":[2817],"product_tag":[],"lce-checkout-addons":[2746],"class_list":{"0":"post-185493","1":"product","2":"type-product","3":"status-publish","4":"has-post-thumbnail","6":"product_cat-animali-da-mangiare","7":"product_shipping_class-spedizione-di-animali","8":"pa_herkunft-cosmopolitan","9":"lce-checkout-addons-imballaggio-invernale","11":"first","12":"instock","13":"taxable","14":"shipping-taxable","15":"purchasable","16":"product-type-simple"},"acf":[],"yoast_head":"<!-- This site is optimized with the Yoast SEO plugin v27.3 - https:\/\/yoast.com\/product\/yoast-seo-wordpress\/ -->\n<title>Thermobia domestica &quot;Pesce da forno - Insektenliebe<\/title>\n<meta name=\"description\" content=\"Acquista i pesci da forno a basso costo direttamente online! Cibo ideale per anfibi, mantidi, scorpioni, tarantole e rettili. Compra direttamente dall&#039;allevatore!\" \/>\n<meta name=\"robots\" content=\"index, follow, max-snippet:-1, max-image-preview:large, max-video-preview:-1\" \/>\n<link rel=\"canonical\" href=\"https:\/\/insektenliebe.com\/it\/shop\/prodotto\/thermobia-domestica-pesce-da-forno\/\" \/>\n<meta property=\"og:locale\" content=\"it_IT\" \/>\n<meta property=\"og:type\" content=\"article\" \/>\n<meta property=\"og:title\" content=\"Thermobia domestica &quot;Pesce da forno - Insektenliebe\" \/>\n<meta property=\"og:description\" content=\"Acquista i pesci da forno a basso costo direttamente online! Cibo ideale per anfibi, mantidi, scorpioni, tarantole e rettili. Compra direttamente dall&#039;allevatore!\" \/>\n<meta property=\"og:url\" content=\"https:\/\/insektenliebe.com\/it\/shop\/prodotto\/thermobia-domestica-pesce-da-forno\/\" \/>\n<meta property=\"og:site_name\" content=\"Insektenliebe\" \/>\n<meta property=\"og:image\" content=\"https:\/\/insektenliebe.com\/wp-content\/uploads\/2025\/05\/Ofenfischchen-1-2.jpg\" \/>\n\t<meta property=\"og:image:width\" content=\"820\" \/>\n\t<meta property=\"og:image:height\" content=\"820\" \/>\n\t<meta property=\"og:image:type\" content=\"image\/jpeg\" \/>\n<meta name=\"twitter:card\" content=\"summary_large_image\" \/>\n<meta name=\"twitter:label1\" content=\"Tempo di lettura stimato\" \/>\n\t<meta name=\"twitter:data1\" content=\"2 minuto\" \/>\n<script type=\"application\/ld+json\" class=\"yoast-schema-graph\">{\"@context\":\"https:\\\/\\\/schema.org\",\"@graph\":[{\"@type\":\"WebPage\",\"@id\":\"https:\\\/\\\/insektenliebe.com\\\/it\\\/shop\\\/prodotto\\\/thermobia-domestica-pesce-da-forno\\\/\",\"url\":\"https:\\\/\\\/insektenliebe.com\\\/it\\\/shop\\\/prodotto\\\/thermobia-domestica-pesce-da-forno\\\/\",\"name\":\"Thermobia domestica \\\"Pesce da forno - Insektenliebe\",\"isPartOf\":{\"@id\":\"https:\\\/\\\/insektenliebe.com\\\/it\\\/#website\"},\"primaryImageOfPage\":{\"@id\":\"https:\\\/\\\/insektenliebe.com\\\/it\\\/shop\\\/prodotto\\\/thermobia-domestica-pesce-da-forno\\\/#primaryimage\"},\"image\":{\"@id\":\"https:\\\/\\\/insektenliebe.com\\\/it\\\/shop\\\/prodotto\\\/thermobia-domestica-pesce-da-forno\\\/#primaryimage\"},\"thumbnailUrl\":\"https:\\\/\\\/insektenliebe.com\\\/wp-content\\\/uploads\\\/2025\\\/05\\\/Ofenfischchen-1-2.jpg\",\"datePublished\":\"2023-09-22T09:00:23+00:00\",\"description\":\"Acquista i pesci da forno a basso costo direttamente online! Cibo ideale per anfibi, mantidi, scorpioni, tarantole e rettili. Compra direttamente dall'allevatore!\",\"breadcrumb\":{\"@id\":\"https:\\\/\\\/insektenliebe.com\\\/it\\\/shop\\\/prodotto\\\/thermobia-domestica-pesce-da-forno\\\/#breadcrumb\"},\"inLanguage\":\"it-IT\",\"potentialAction\":[{\"@type\":\"ReadAction\",\"target\":[\"https:\\\/\\\/insektenliebe.com\\\/it\\\/shop\\\/prodotto\\\/thermobia-domestica-pesce-da-forno\\\/\"]}]},{\"@type\":\"ImageObject\",\"inLanguage\":\"it-IT\",\"@id\":\"https:\\\/\\\/insektenliebe.com\\\/it\\\/shop\\\/prodotto\\\/thermobia-domestica-pesce-da-forno\\\/#primaryimage\",\"url\":\"https:\\\/\\\/insektenliebe.com\\\/wp-content\\\/uploads\\\/2025\\\/05\\\/Ofenfischchen-1-2.jpg\",\"contentUrl\":\"https:\\\/\\\/insektenliebe.com\\\/wp-content\\\/uploads\\\/2025\\\/05\\\/Ofenfischchen-1-2.jpg\",\"width\":820,\"height\":820,\"caption\":\"Pesce da forno-1-2.jpg\"},{\"@type\":\"BreadcrumbList\",\"@id\":\"https:\\\/\\\/insektenliebe.com\\\/it\\\/shop\\\/prodotto\\\/thermobia-domestica-pesce-da-forno\\\/#breadcrumb\",\"itemListElement\":[{\"@type\":\"ListItem\",\"position\":1,\"name\":\"Startseite\",\"item\":\"https:\\\/\\\/insektenliebe.com\\\/it\\\/\"},{\"@type\":\"ListItem\",\"position\":2,\"name\":\"Negozio\",\"item\":\"https:\\\/\\\/insektenliebe.com\\\/it\\\/negozio\\\/\"},{\"@type\":\"ListItem\",\"position\":3,\"name\":\"Thermobia domestica &#8220;Pesce da forno\"}]},{\"@type\":\"WebSite\",\"@id\":\"https:\\\/\\\/insektenliebe.com\\\/it\\\/#website\",\"url\":\"https:\\\/\\\/insektenliebe.com\\\/it\\\/\",\"name\":\"Insektenliebe\",\"description\":\"Dein Zuhause f\u00fcr die kleinen Lebewesen\",\"publisher\":{\"@id\":\"https:\\\/\\\/insektenliebe.com\\\/it\\\/#organization\"},\"potentialAction\":[{\"@type\":\"SearchAction\",\"target\":{\"@type\":\"EntryPoint\",\"urlTemplate\":\"https:\\\/\\\/insektenliebe.com\\\/it\\\/?s={search_term_string}\"},\"query-input\":{\"@type\":\"PropertyValueSpecification\",\"valueRequired\":true,\"valueName\":\"search_term_string\"}}],\"inLanguage\":\"it-IT\"},{\"@type\":\"Organization\",\"@id\":\"https:\\\/\\\/insektenliebe.com\\\/it\\\/#organization\",\"name\":\"Insektenliebe\",\"url\":\"https:\\\/\\\/insektenliebe.com\\\/it\\\/\",\"logo\":{\"@type\":\"ImageObject\",\"inLanguage\":\"it-IT\",\"@id\":\"https:\\\/\\\/insektenliebe.com\\\/it\\\/#\\\/schema\\\/logo\\\/image\\\/\",\"url\":\"https:\\\/\\\/insektenliebe.com\\\/wp-content\\\/uploads\\\/2025\\\/03\\\/logo-white.png\",\"contentUrl\":\"https:\\\/\\\/insektenliebe.com\\\/wp-content\\\/uploads\\\/2025\\\/03\\\/logo-white.png\",\"width\":288,\"height\":188,\"caption\":\"Insektenliebe\"},\"image\":{\"@id\":\"https:\\\/\\\/insektenliebe.com\\\/it\\\/#\\\/schema\\\/logo\\\/image\\\/\"}}]}<\/script>\n<!-- \/ Yoast SEO plugin. -->","yoast_head_json":{"title":"Thermobia domestica \"Pesce da forno - Insektenliebe","description":"Acquista i pesci da forno a basso costo direttamente online! Cibo ideale per anfibi, mantidi, scorpioni, tarantole e rettili. Compra direttamente dall'allevatore!","robots":{"index":"index","follow":"follow","max-snippet":"max-snippet:-1","max-image-preview":"max-image-preview:large","max-video-preview":"max-video-preview:-1"},"canonical":"https:\/\/insektenliebe.com\/it\/shop\/prodotto\/thermobia-domestica-pesce-da-forno\/","og_locale":"it_IT","og_type":"article","og_title":"Thermobia domestica \"Pesce da forno - Insektenliebe","og_description":"Acquista i pesci da forno a basso costo direttamente online! Cibo ideale per anfibi, mantidi, scorpioni, tarantole e rettili. Compra direttamente dall'allevatore!","og_url":"https:\/\/insektenliebe.com\/it\/shop\/prodotto\/thermobia-domestica-pesce-da-forno\/","og_site_name":"Insektenliebe","og_image":[{"width":820,"height":820,"url":"https:\/\/insektenliebe.com\/wp-content\/uploads\/2025\/05\/Ofenfischchen-1-2.jpg","type":"image\/jpeg"}],"twitter_card":"summary_large_image","twitter_misc":{"Tempo di lettura stimato":"2 minuto"},"schema":{"@context":"https:\/\/schema.org","@graph":[{"@type":"WebPage","@id":"https:\/\/insektenliebe.com\/it\/shop\/prodotto\/thermobia-domestica-pesce-da-forno\/","url":"https:\/\/insektenliebe.com\/it\/shop\/prodotto\/thermobia-domestica-pesce-da-forno\/","name":"Thermobia domestica \"Pesce da forno - Insektenliebe","isPartOf":{"@id":"https:\/\/insektenliebe.com\/it\/#website"},"primaryImageOfPage":{"@id":"https:\/\/insektenliebe.com\/it\/shop\/prodotto\/thermobia-domestica-pesce-da-forno\/#primaryimage"},"image":{"@id":"https:\/\/insektenliebe.com\/it\/shop\/prodotto\/thermobia-domestica-pesce-da-forno\/#primaryimage"},"thumbnailUrl":"https:\/\/insektenliebe.com\/wp-content\/uploads\/2025\/05\/Ofenfischchen-1-2.jpg","datePublished":"2023-09-22T09:00:23+00:00","description":"Acquista i pesci da forno a basso costo direttamente online! Cibo ideale per anfibi, mantidi, scorpioni, tarantole e rettili. Compra direttamente dall'allevatore!","breadcrumb":{"@id":"https:\/\/insektenliebe.com\/it\/shop\/prodotto\/thermobia-domestica-pesce-da-forno\/#breadcrumb"},"inLanguage":"it-IT","potentialAction":[{"@type":"ReadAction","target":["https:\/\/insektenliebe.com\/it\/shop\/prodotto\/thermobia-domestica-pesce-da-forno\/"]}]},{"@type":"ImageObject","inLanguage":"it-IT","@id":"https:\/\/insektenliebe.com\/it\/shop\/prodotto\/thermobia-domestica-pesce-da-forno\/#primaryimage","url":"https:\/\/insektenliebe.com\/wp-content\/uploads\/2025\/05\/Ofenfischchen-1-2.jpg","contentUrl":"https:\/\/insektenliebe.com\/wp-content\/uploads\/2025\/05\/Ofenfischchen-1-2.jpg","width":820,"height":820,"caption":"Pesce da forno-1-2.jpg"},{"@type":"BreadcrumbList","@id":"https:\/\/insektenliebe.com\/it\/shop\/prodotto\/thermobia-domestica-pesce-da-forno\/#breadcrumb","itemListElement":[{"@type":"ListItem","position":1,"name":"Startseite","item":"https:\/\/insektenliebe.com\/it\/"},{"@type":"ListItem","position":2,"name":"Negozio","item":"https:\/\/insektenliebe.com\/it\/negozio\/"},{"@type":"ListItem","position":3,"name":"Thermobia domestica &#8220;Pesce da forno"}]},{"@type":"WebSite","@id":"https:\/\/insektenliebe.com\/it\/#website","url":"https:\/\/insektenliebe.com\/it\/","name":"Insektenliebe","description":"Dein Zuhause f\u00fcr die kleinen Lebewesen","publisher":{"@id":"https:\/\/insektenliebe.com\/it\/#organization"},"potentialAction":[{"@type":"SearchAction","target":{"@type":"EntryPoint","urlTemplate":"https:\/\/insektenliebe.com\/it\/?s={search_term_string}"},"query-input":{"@type":"PropertyValueSpecification","valueRequired":true,"valueName":"search_term_string"}}],"inLanguage":"it-IT"},{"@type":"Organization","@id":"https:\/\/insektenliebe.com\/it\/#organization","name":"Insektenliebe","url":"https:\/\/insektenliebe.com\/it\/","logo":{"@type":"ImageObject","inLanguage":"it-IT","@id":"https:\/\/insektenliebe.com\/it\/#\/schema\/logo\/image\/","url":"https:\/\/insektenliebe.com\/wp-content\/uploads\/2025\/03\/logo-white.png","contentUrl":"https:\/\/insektenliebe.com\/wp-content\/uploads\/2025\/03\/logo-white.png","width":288,"height":188,"caption":"Insektenliebe"},"image":{"@id":"https:\/\/insektenliebe.com\/it\/#\/schema\/logo\/image\/"}}]}},"_links":{"self":[{"href":"https:\/\/insektenliebe.com\/it\/wp-json\/wp\/v2\/product\/185493","targetHints":{"allow":["GET"]}}],"collection":[{"href":"https:\/\/insektenliebe.com\/it\/wp-json\/wp\/v2\/product"}],"about":[{"href":"https:\/\/insektenliebe.com\/it\/wp-json\/wp\/v2\/types\/product"}],"wp:featuredmedia":[{"embeddable":true,"href":"https:\/\/insektenliebe.com\/it\/wp-json\/wp\/v2\/media\/185508"}],"wp:attachment":[{"href":"https:\/\/insektenliebe.com\/it\/wp-json\/wp\/v2\/media?parent=185493"}],"wp:term":[{"taxonomy":"product-supplier","embeddable":true,"href":"https:\/\/insektenliebe.com\/it\/wp-json\/wp\/v2\/product-supplier?post=185493"},{"taxonomy":"product_brand","embeddable":true,"href":"https:\/\/insektenliebe.com\/it\/wp-json\/wp\/v2\/product_brand?post=185493"},{"taxonomy":"product_cat","embeddable":true,"href":"https:\/\/insektenliebe.com\/it\/wp-json\/wp\/v2\/product_cat?post=185493"},{"taxonomy":"product_tag","embeddable":true,"href":"https:\/\/insektenliebe.com\/it\/wp-json\/wp\/v2\/product_tag?post=185493"},{"taxonomy":"lce-checkout-addons","embeddable":true,"href":"https:\/\/insektenliebe.com\/it\/wp-json\/wp\/v2\/lce-checkout-addons?post=185493"}],"curies":[{"name":"wp","href":"https:\/\/api.w.org\/{rel}","templated":true}]}}