{"id":185480,"date":"2020-04-11T11:51:03","date_gmt":"2020-04-11T11:51:03","guid":{"rendered":"https:\/\/insektenliebe.com\/shop\/produkt\/typopeltis-spec-java-scorpione-flagellato\/"},"modified":"2020-04-11T11:51:03","modified_gmt":"2020-04-11T09:51:03","slug":"typopeltis-spec-java-scorpione-flagellato","status":"publish","type":"product","link":"https:\/\/insektenliebe.com\/it\/shop\/prodotto\/typopeltis-spec-java-scorpione-flagellato\/","title":{"rendered":"Typopeltis spec. Java \"scorpione flagellato\""},"content":{"rendered":"<h3 class=\"p1\"><span style=\"color: #99cc33\"><strong><span class=\"s1\">Odore di aceto invece che di veleno - L&#8217;affascinante Typopeltis spec. java \"scorpione flagello\" <\/span><\/strong><\/span><\/h3>\n<p class=\"p1\"><span class=\"s1\">Typopeltis spec. Java - meglio conosciuto come scorpione flagellato - \u00e8 un affascinante fenomeno del misterioso mondo degli Amblypygi. Questi animali appartengono alla famiglia degli aracnidi, ma non sono n\u00e9 veri scorpioni n\u00e9 ragni. Con il loro corpo piatto, i tentacoli lunghissimi e il modo unico di muoversi, sembrano provenire da un&#8217;altra epoca, quasi extraterrestre. Questi animali sono originari dell&#8217;isola indonesiana di Giava, dove vivono in habitat umidi e bui come grotte, sotto la corteccia degli alberi o tra strati di foglie. Di conseguenza, hanno bisogno di un microclima caldo e umido, con molti nascondigli nel terrario.     <\/span><\/p>\n<p class=\"p1\"><span class=\"s1\"><strong>Typopeltis spec. Java \"scorpione flagellato\" <\/strong>  sono crepuscolari e notturni. Durante il giorno amano nascondersi in strette fessure, pezzi di sughero o sotto il fogliame, mentre di notte vanno alla ricerca di cibo. Le loro prede preferite sono piccoli insetti come grilli o scarafaggi. Nonostante il loro aspetto temibile, gli scorpioni flagellati sono assolutamente innocui: non hanno ghiandole velenifere n\u00e9 pungiglioni e sono completamente innocui per l&#8217;uomo. Tuttavia, se minacciati, possono rilasciare una secrezione che sa leggermente di aceto da una ghiandola sull&#8217;addome. Questa secrezione contiene acido acetico, tra le altre cose, e serve come deterrente per i predatori: \u00e8 innocua per gli esseri umani, ma sicuramente percepibile.     <\/span><\/p>\n<p class=\"p1\"><span class=\"s1\">L&#8217;atteggiamento di T<strong>ypopeltis spec. Java \"scorpione flagellato\" <\/strong>  \u00e8 possibile anche per i principianti ambiziosi del mondo degli Amblypygi, purch\u00e9 si presti attenzione alle loro esigenze. Un terrario di 30\u00d730\u00d730 cm \u00e8 sufficiente per un solo animale, ma deve offrire strutture verticali per arrampicarsi. L&#8217;umidit\u00e0 deve essere mantenuta costantemente alta, idealmente tra il 75 e il 90%, con temperature comprese tra i 22 e i 26\u00b0C. L&#8217;humus umido \u00e8 adatto come substrato, integrato con muschio, tubi di sughero e pezzi di corteccia.   <\/span><\/p>\n<p class=\"p1\"><span class=\"s1\">Chiunque sia alla ricerca di un abitante del terrario insolito e misterioso apprezzer\u00e0 Typopeltis spec. java. Il loro movimento elegante, l&#8217;interessante comportamento sociale durante l&#8217;accoppiamento, l&#8217;aspetto primordiale e la particolare strategia di difesa li rendono un vero e proprio richiamo visivo: un arricchimento entusiasmante per gli amanti degli aracnidi rari.  <\/span><\/p>\n<div style=\"width: 1920px;\" class=\"wp-video\"><video class=\"wp-video-shortcode\" id=\"video-185480-1\" width=\"1920\" height=\"1080\" preload=\"metadata\" controls=\"controls\"><source type=\"video\/mp4\" src=\"https:\/\/insektenliebe.com\/wp-content\/uploads\/2020\/04\/Typopeltis-spec..mp4?_=1\" \/><a href=\"https:\/\/insektenliebe.com\/wp-content\/uploads\/2020\/04\/Typopeltis-spec..mp4\">https:\/\/insektenliebe.com\/wp-content\/uploads\/2020\/04\/Typopeltis-spec..mp4<\/a><\/video><\/div>\n","protected":false},"excerpt":{"rendered":"<p>Odore di aceto invece che di veleno - L&#8217;affascinante Typopeltis spec. java \"scorpione flagello\" Typopeltis spec. Java - meglio conosciuto come scorpione flagellato - \u00e8 un affascinante fenomeno del misterioso mondo degli Amblypygi. Questi animali appartengono alla famiglia degli aracnidi, ma non sono n\u00e9 veri scorpioni n\u00e9 ragni. Con il loro corpo piatto, i tentacoli [&hellip;]<\/p>\n","protected":false},"featured_media":185482,"template":"","meta":{"_acf_changed":false},"product-supplier":[],"product_brand":[],"product_cat":[2999,3116],"product_tag":[],"lce-checkout-addons":[2746],"class_list":{"0":"post-185480","1":"product","2":"type-product","3":"status-publish","4":"has-post-thumbnail","6":"product_cat-altri-ragni","7":"product_cat-scorpioni","8":"product_shipping_class-spedizione-di-animali","9":"pa_herkunft-indonesia","10":"pa_kontinent-asia","11":"lce-checkout-addons-imballaggio-invernale","13":"first","14":"outofstock","15":"taxable","16":"shipping-taxable","17":"product-type-variable","18":"has-default-attributes"},"acf":[],"yoast_head":"<!-- This site is optimized with the Yoast SEO plugin v27.3 - https:\/\/yoast.com\/product\/yoast-seo-wordpress\/ -->\n<title>Typopeltis spec. Java &quot;scorpione flagellato&quot; - Insektenliebe<\/title>\n<meta name=\"description\" content=\"Acquista a buon mercato Typopeltis spec. java &quot;scorpione flagellato&quot; direttamente online. Questi bizzarri animali non hanno un pungiglione velenoso come gli altri scorpioni.\" \/>\n<meta name=\"robots\" content=\"index, follow, max-snippet:-1, max-image-preview:large, max-video-preview:-1\" \/>\n<link rel=\"canonical\" href=\"https:\/\/insektenliebe.com\/it\/shop\/prodotto\/typopeltis-spec-java-scorpione-flagellato\/\" \/>\n<meta property=\"og:locale\" content=\"it_IT\" \/>\n<meta property=\"og:type\" content=\"article\" \/>\n<meta property=\"og:title\" content=\"Typopeltis spec. Java &quot;scorpione flagellato&quot; - Insektenliebe\" \/>\n<meta property=\"og:description\" content=\"Acquista a buon mercato Typopeltis spec. java &quot;scorpione flagellato&quot; direttamente online. Questi bizzarri animali non hanno un pungiglione velenoso come gli altri scorpioni.\" \/>\n<meta property=\"og:url\" content=\"https:\/\/insektenliebe.com\/it\/shop\/prodotto\/typopeltis-spec-java-scorpione-flagellato\/\" \/>\n<meta property=\"og:site_name\" content=\"Insektenliebe\" \/>\n<meta property=\"og:image\" content=\"https:\/\/insektenliebe.com\/wp-content\/uploads\/2025\/05\/Typopeltis-spec_-2-scaled-3.jpg\" \/>\n\t<meta property=\"og:image:width\" content=\"2560\" \/>\n\t<meta property=\"og:image:height\" content=\"1438\" \/>\n\t<meta property=\"og:image:type\" content=\"image\/jpeg\" \/>\n<meta name=\"twitter:card\" content=\"summary_large_image\" \/>\n<meta name=\"twitter:label1\" content=\"Tempo di lettura stimato\" \/>\n\t<meta name=\"twitter:data1\" content=\"2 minuto\" \/>\n<script type=\"application\/ld+json\" class=\"yoast-schema-graph\">{\"@context\":\"https:\\\/\\\/schema.org\",\"@graph\":[{\"@type\":\"WebPage\",\"@id\":\"https:\\\/\\\/insektenliebe.com\\\/it\\\/shop\\\/prodotto\\\/typopeltis-spec-java-scorpione-flagellato\\\/\",\"url\":\"https:\\\/\\\/insektenliebe.com\\\/it\\\/shop\\\/prodotto\\\/typopeltis-spec-java-scorpione-flagellato\\\/\",\"name\":\"Typopeltis spec. Java \\\"scorpione flagellato\\\" - Insektenliebe\",\"isPartOf\":{\"@id\":\"https:\\\/\\\/insektenliebe.com\\\/it\\\/#website\"},\"primaryImageOfPage\":{\"@id\":\"https:\\\/\\\/insektenliebe.com\\\/it\\\/shop\\\/prodotto\\\/typopeltis-spec-java-scorpione-flagellato\\\/#primaryimage\"},\"image\":{\"@id\":\"https:\\\/\\\/insektenliebe.com\\\/it\\\/shop\\\/prodotto\\\/typopeltis-spec-java-scorpione-flagellato\\\/#primaryimage\"},\"thumbnailUrl\":\"https:\\\/\\\/insektenliebe.com\\\/wp-content\\\/uploads\\\/2025\\\/05\\\/Typopeltis-spec_-2-scaled-3.jpg\",\"datePublished\":\"2020-04-11T11:51:03+00:00\",\"description\":\"Acquista a buon mercato Typopeltis spec. java \\\"scorpione flagellato\\\" direttamente online. Questi bizzarri animali non hanno un pungiglione velenoso come gli altri scorpioni.\",\"breadcrumb\":{\"@id\":\"https:\\\/\\\/insektenliebe.com\\\/it\\\/shop\\\/prodotto\\\/typopeltis-spec-java-scorpione-flagellato\\\/#breadcrumb\"},\"inLanguage\":\"it-IT\",\"potentialAction\":[{\"@type\":\"ReadAction\",\"target\":[\"https:\\\/\\\/insektenliebe.com\\\/it\\\/shop\\\/prodotto\\\/typopeltis-spec-java-scorpione-flagellato\\\/\"]}]},{\"@type\":\"ImageObject\",\"inLanguage\":\"it-IT\",\"@id\":\"https:\\\/\\\/insektenliebe.com\\\/it\\\/shop\\\/prodotto\\\/typopeltis-spec-java-scorpione-flagellato\\\/#primaryimage\",\"url\":\"https:\\\/\\\/insektenliebe.com\\\/wp-content\\\/uploads\\\/2025\\\/05\\\/Typopeltis-spec_-2-scaled-3.jpg\",\"contentUrl\":\"https:\\\/\\\/insektenliebe.com\\\/wp-content\\\/uploads\\\/2025\\\/05\\\/Typopeltis-spec_-2-scaled-3.jpg\",\"width\":2560,\"height\":1438,\"caption\":\"Typopeltis-spec_-2-scaled-3.jpg\"},{\"@type\":\"BreadcrumbList\",\"@id\":\"https:\\\/\\\/insektenliebe.com\\\/it\\\/shop\\\/prodotto\\\/typopeltis-spec-java-scorpione-flagellato\\\/#breadcrumb\",\"itemListElement\":[{\"@type\":\"ListItem\",\"position\":1,\"name\":\"Startseite\",\"item\":\"https:\\\/\\\/insektenliebe.com\\\/it\\\/\"},{\"@type\":\"ListItem\",\"position\":2,\"name\":\"Negozio\",\"item\":\"https:\\\/\\\/insektenliebe.com\\\/it\\\/negozio\\\/\"},{\"@type\":\"ListItem\",\"position\":3,\"name\":\"Typopeltis spec. Java &#8220;scorpione flagellato&#8221;\"}]},{\"@type\":\"WebSite\",\"@id\":\"https:\\\/\\\/insektenliebe.com\\\/it\\\/#website\",\"url\":\"https:\\\/\\\/insektenliebe.com\\\/it\\\/\",\"name\":\"Insektenliebe\",\"description\":\"Dein Zuhause f\u00fcr die kleinen Lebewesen\",\"publisher\":{\"@id\":\"https:\\\/\\\/insektenliebe.com\\\/it\\\/#organization\"},\"potentialAction\":[{\"@type\":\"SearchAction\",\"target\":{\"@type\":\"EntryPoint\",\"urlTemplate\":\"https:\\\/\\\/insektenliebe.com\\\/it\\\/?s={search_term_string}\"},\"query-input\":{\"@type\":\"PropertyValueSpecification\",\"valueRequired\":true,\"valueName\":\"search_term_string\"}}],\"inLanguage\":\"it-IT\"},{\"@type\":\"Organization\",\"@id\":\"https:\\\/\\\/insektenliebe.com\\\/it\\\/#organization\",\"name\":\"Insektenliebe\",\"url\":\"https:\\\/\\\/insektenliebe.com\\\/it\\\/\",\"logo\":{\"@type\":\"ImageObject\",\"inLanguage\":\"it-IT\",\"@id\":\"https:\\\/\\\/insektenliebe.com\\\/it\\\/#\\\/schema\\\/logo\\\/image\\\/\",\"url\":\"https:\\\/\\\/insektenliebe.com\\\/wp-content\\\/uploads\\\/2025\\\/03\\\/logo-white.png\",\"contentUrl\":\"https:\\\/\\\/insektenliebe.com\\\/wp-content\\\/uploads\\\/2025\\\/03\\\/logo-white.png\",\"width\":288,\"height\":188,\"caption\":\"Insektenliebe\"},\"image\":{\"@id\":\"https:\\\/\\\/insektenliebe.com\\\/it\\\/#\\\/schema\\\/logo\\\/image\\\/\"}}]}<\/script>\n<!-- \/ Yoast SEO plugin. -->","yoast_head_json":{"title":"Typopeltis spec. Java \"scorpione flagellato\" - Insektenliebe","description":"Acquista a buon mercato Typopeltis spec. java \"scorpione flagellato\" direttamente online. Questi bizzarri animali non hanno un pungiglione velenoso come gli altri scorpioni.","robots":{"index":"index","follow":"follow","max-snippet":"max-snippet:-1","max-image-preview":"max-image-preview:large","max-video-preview":"max-video-preview:-1"},"canonical":"https:\/\/insektenliebe.com\/it\/shop\/prodotto\/typopeltis-spec-java-scorpione-flagellato\/","og_locale":"it_IT","og_type":"article","og_title":"Typopeltis spec. Java \"scorpione flagellato\" - Insektenliebe","og_description":"Acquista a buon mercato Typopeltis spec. java \"scorpione flagellato\" direttamente online. Questi bizzarri animali non hanno un pungiglione velenoso come gli altri scorpioni.","og_url":"https:\/\/insektenliebe.com\/it\/shop\/prodotto\/typopeltis-spec-java-scorpione-flagellato\/","og_site_name":"Insektenliebe","og_image":[{"width":2560,"height":1438,"url":"https:\/\/insektenliebe.com\/wp-content\/uploads\/2025\/05\/Typopeltis-spec_-2-scaled-3.jpg","type":"image\/jpeg"}],"twitter_card":"summary_large_image","twitter_misc":{"Tempo di lettura stimato":"2 minuto"},"schema":{"@context":"https:\/\/schema.org","@graph":[{"@type":"WebPage","@id":"https:\/\/insektenliebe.com\/it\/shop\/prodotto\/typopeltis-spec-java-scorpione-flagellato\/","url":"https:\/\/insektenliebe.com\/it\/shop\/prodotto\/typopeltis-spec-java-scorpione-flagellato\/","name":"Typopeltis spec. Java \"scorpione flagellato\" - Insektenliebe","isPartOf":{"@id":"https:\/\/insektenliebe.com\/it\/#website"},"primaryImageOfPage":{"@id":"https:\/\/insektenliebe.com\/it\/shop\/prodotto\/typopeltis-spec-java-scorpione-flagellato\/#primaryimage"},"image":{"@id":"https:\/\/insektenliebe.com\/it\/shop\/prodotto\/typopeltis-spec-java-scorpione-flagellato\/#primaryimage"},"thumbnailUrl":"https:\/\/insektenliebe.com\/wp-content\/uploads\/2025\/05\/Typopeltis-spec_-2-scaled-3.jpg","datePublished":"2020-04-11T11:51:03+00:00","description":"Acquista a buon mercato Typopeltis spec. java \"scorpione flagellato\" direttamente online. Questi bizzarri animali non hanno un pungiglione velenoso come gli altri scorpioni.","breadcrumb":{"@id":"https:\/\/insektenliebe.com\/it\/shop\/prodotto\/typopeltis-spec-java-scorpione-flagellato\/#breadcrumb"},"inLanguage":"it-IT","potentialAction":[{"@type":"ReadAction","target":["https:\/\/insektenliebe.com\/it\/shop\/prodotto\/typopeltis-spec-java-scorpione-flagellato\/"]}]},{"@type":"ImageObject","inLanguage":"it-IT","@id":"https:\/\/insektenliebe.com\/it\/shop\/prodotto\/typopeltis-spec-java-scorpione-flagellato\/#primaryimage","url":"https:\/\/insektenliebe.com\/wp-content\/uploads\/2025\/05\/Typopeltis-spec_-2-scaled-3.jpg","contentUrl":"https:\/\/insektenliebe.com\/wp-content\/uploads\/2025\/05\/Typopeltis-spec_-2-scaled-3.jpg","width":2560,"height":1438,"caption":"Typopeltis-spec_-2-scaled-3.jpg"},{"@type":"BreadcrumbList","@id":"https:\/\/insektenliebe.com\/it\/shop\/prodotto\/typopeltis-spec-java-scorpione-flagellato\/#breadcrumb","itemListElement":[{"@type":"ListItem","position":1,"name":"Startseite","item":"https:\/\/insektenliebe.com\/it\/"},{"@type":"ListItem","position":2,"name":"Negozio","item":"https:\/\/insektenliebe.com\/it\/negozio\/"},{"@type":"ListItem","position":3,"name":"Typopeltis spec. Java &#8220;scorpione flagellato&#8221;"}]},{"@type":"WebSite","@id":"https:\/\/insektenliebe.com\/it\/#website","url":"https:\/\/insektenliebe.com\/it\/","name":"Insektenliebe","description":"Dein Zuhause f\u00fcr die kleinen Lebewesen","publisher":{"@id":"https:\/\/insektenliebe.com\/it\/#organization"},"potentialAction":[{"@type":"SearchAction","target":{"@type":"EntryPoint","urlTemplate":"https:\/\/insektenliebe.com\/it\/?s={search_term_string}"},"query-input":{"@type":"PropertyValueSpecification","valueRequired":true,"valueName":"search_term_string"}}],"inLanguage":"it-IT"},{"@type":"Organization","@id":"https:\/\/insektenliebe.com\/it\/#organization","name":"Insektenliebe","url":"https:\/\/insektenliebe.com\/it\/","logo":{"@type":"ImageObject","inLanguage":"it-IT","@id":"https:\/\/insektenliebe.com\/it\/#\/schema\/logo\/image\/","url":"https:\/\/insektenliebe.com\/wp-content\/uploads\/2025\/03\/logo-white.png","contentUrl":"https:\/\/insektenliebe.com\/wp-content\/uploads\/2025\/03\/logo-white.png","width":288,"height":188,"caption":"Insektenliebe"},"image":{"@id":"https:\/\/insektenliebe.com\/it\/#\/schema\/logo\/image\/"}}]}},"_links":{"self":[{"href":"https:\/\/insektenliebe.com\/it\/wp-json\/wp\/v2\/product\/185480","targetHints":{"allow":["GET"]}}],"collection":[{"href":"https:\/\/insektenliebe.com\/it\/wp-json\/wp\/v2\/product"}],"about":[{"href":"https:\/\/insektenliebe.com\/it\/wp-json\/wp\/v2\/types\/product"}],"wp:featuredmedia":[{"embeddable":true,"href":"https:\/\/insektenliebe.com\/it\/wp-json\/wp\/v2\/media\/185482"}],"wp:attachment":[{"href":"https:\/\/insektenliebe.com\/it\/wp-json\/wp\/v2\/media?parent=185480"}],"wp:term":[{"taxonomy":"product-supplier","embeddable":true,"href":"https:\/\/insektenliebe.com\/it\/wp-json\/wp\/v2\/product-supplier?post=185480"},{"taxonomy":"product_brand","embeddable":true,"href":"https:\/\/insektenliebe.com\/it\/wp-json\/wp\/v2\/product_brand?post=185480"},{"taxonomy":"product_cat","embeddable":true,"href":"https:\/\/insektenliebe.com\/it\/wp-json\/wp\/v2\/product_cat?post=185480"},{"taxonomy":"product_tag","embeddable":true,"href":"https:\/\/insektenliebe.com\/it\/wp-json\/wp\/v2\/product_tag?post=185480"},{"taxonomy":"lce-checkout-addons","embeddable":true,"href":"https:\/\/insektenliebe.com\/it\/wp-json\/wp\/v2\/lce-checkout-addons?post=185480"}],"curies":[{"name":"wp","href":"https:\/\/api.w.org\/{rel}","templated":true}]}}