{"id":185464,"date":"2020-06-05T08:29:00","date_gmt":"2020-06-05T06:29:00","guid":{"rendered":"https:\/\/insektenliebe.com\/shop\/produkt\/pelmatojulus-ligulatus-millepiedi-dalle-bande-gialle\/"},"modified":"2020-06-05T08:29:00","modified_gmt":"2020-06-05T06:29:00","slug":"pelmatojulus-ligulatus-millepiedi-dalle-bande-gialle","status":"publish","type":"product","link":"https:\/\/insektenliebe.com\/it\/shop\/prodotto\/pelmatojulus-ligulatus-millepiedi-dalle-bande-gialle\/","title":{"rendered":"Pelmatojulus ligulatus \"Millepiedi dalle bande gialle\""},"content":{"rendered":"<h3><span style=\"color: #99cc33\">Breve descrizione:<\/span><\/h3>\n<p class=\"font_8\">Con una lunghezza che pu\u00f2 raggiungere i 14 cm, il Pelmatojulus ligulatus fa parte delle specie di medie dimensioni. La sua area di distribuzione si estende dal Benin alla Nigeria passando per il Togo. Qui abita principalmente le foreste pluviali secondarie. Il Pelmatojulus ligulatus \u00e8 adatto ai principianti solo in misura limitata, poich\u00e9 un po&#8217; di esperienza nell&#8217;allevamento \u00e8 un vantaggio. \u00c8 necessario fornire sempre una quantit\u00e0 sufficiente di legno bianco marcio e fogliame. Se riesci ad assicurarti di averne sempre a sufficienza, sarai molto soddisfatto di questa specie. Spesso siamo riusciti ad allevarli. Gli animali sono sessualmente maturi a circa 2 anni di et\u00e0.       <\/p>\n<p class=\"font_8\">Il Pelmatojulus ligulatus \u00e8 una specie abbastanza robusta con una larghezza di 15 mm. La sezione anteriore dei doppi segmenti \u00e8 colorata di giallo o giallo-arancio sopra le ghiandole di sbarramento, mentre la sezione posteriore \u00e8 di colore marrone scuro o quasi nero. L&#8217;intero corpo \u00e8 vistosamente lucido. La testa e i segmenti anali sono di colore marrone scuro. Le antenne del P. ligulatus sono di colore rosso e le zampe sono di colore marrone rossastro e piuttosto corte. Nei maschi adulti si possono riconoscere i cuscinetti plantari sui tarsi.    <\/p>\n<p class=\"font_8\">Il Pelmatojulus ligulatus pu\u00f2 essere tenuto in una vasca con una superficie minima di 30 x 40 cm.<\/p>\n<p class=\"font_8\">Il substrato deve essere riempito per almeno 10 cm di altezza e ricoperto da uno strato di foglie. Il fogliame e il legno bianco marcio costituiscono la dieta principale del P. ligulatus, anche se il cibo aggiuntivo sotto forma di fiori, verdure e proteine viene accettato meno frequentemente. La temperatura del terrario deve essere di circa 25-28\u00b0C e l&#8217;umidit\u00e0 deve essere sempre intorno al 90%. Si pu\u00f2 fare a meno di strutture per arrampicarsi, dato che la specie non si arrampica quasi mai. Si possono offrire grotte sotto forma di pezzi di corteccia, gusci di cocco o di noci e simili, che vengono prontamente utilizzati. Questi animali sono crepuscolari e notturni, per cui si pu\u00f2 fare a meno di un&#8217;illuminazione supplementare.     <\/p>\n","protected":false},"excerpt":{"rendered":"<p>Un sorprendente millepiedi dalle bande gialle!<\/p>\n","protected":false},"featured_media":185466,"template":"","meta":{"_acf_changed":false},"product-supplier":[],"product_brand":[],"product_cat":[2870],"product_tag":[],"lce-checkout-addons":[2746],"class_list":{"0":"post-185464","1":"product","2":"type-product","3":"status-publish","4":"has-post-thumbnail","6":"product_cat-millipede","7":"product_shipping_class-spedizione-di-animali","8":"pa_herkunft-nigeria","9":"pa_kontinent-africa","10":"lce-checkout-addons-imballaggio-invernale","12":"first","13":"outofstock","14":"taxable","15":"shipping-taxable","16":"purchasable","17":"product-type-simple"},"acf":[],"yoast_head":"<!-- This site is optimized with the Yoast SEO plugin v27.3 - https:\/\/yoast.com\/product\/yoast-seo-wordpress\/ -->\n<title>Pelmatojulus ligulatus &quot;Millepiedi dalle bande gialle&quot; - Insektenliebe<\/title>\n<meta name=\"description\" content=\"Acquista online il Pelmatojulus ligulatus a basso costo. Un bellissimo millepiedi dalle bande gialle che puoi acquistare qui direttamente dall&#039;allevatore.\" \/>\n<meta name=\"robots\" content=\"index, follow, max-snippet:-1, max-image-preview:large, max-video-preview:-1\" \/>\n<link rel=\"canonical\" href=\"https:\/\/insektenliebe.com\/it\/shop\/prodotto\/pelmatojulus-ligulatus-millepiedi-dalle-bande-gialle\/\" \/>\n<meta property=\"og:locale\" content=\"it_IT\" \/>\n<meta property=\"og:type\" content=\"article\" \/>\n<meta property=\"og:title\" content=\"Pelmatojulus ligulatus &quot;Millepiedi dalle bande gialle&quot; - Insektenliebe\" \/>\n<meta property=\"og:description\" content=\"Acquista online il Pelmatojulus ligulatus a basso costo. Un bellissimo millepiedi dalle bande gialle che puoi acquistare qui direttamente dall&#039;allevatore.\" \/>\n<meta property=\"og:url\" content=\"https:\/\/insektenliebe.com\/it\/shop\/prodotto\/pelmatojulus-ligulatus-millepiedi-dalle-bande-gialle\/\" \/>\n<meta property=\"og:site_name\" content=\"Insektenliebe\" \/>\n<meta property=\"og:image\" content=\"https:\/\/insektenliebe.com\/wp-content\/uploads\/2025\/05\/Pelmatojulus-ligulatus-3-2.jpg\" \/>\n\t<meta property=\"og:image:width\" content=\"820\" \/>\n\t<meta property=\"og:image:height\" content=\"820\" \/>\n\t<meta property=\"og:image:type\" content=\"image\/jpeg\" \/>\n<meta name=\"twitter:card\" content=\"summary_large_image\" \/>\n<meta name=\"twitter:label1\" content=\"Tempo di lettura stimato\" \/>\n\t<meta name=\"twitter:data1\" content=\"2 minuto\" \/>\n<script type=\"application\/ld+json\" class=\"yoast-schema-graph\">{\"@context\":\"https:\\\/\\\/schema.org\",\"@graph\":[{\"@type\":\"WebPage\",\"@id\":\"https:\\\/\\\/insektenliebe.com\\\/it\\\/shop\\\/prodotto\\\/pelmatojulus-ligulatus-millepiedi-dalle-bande-gialle\\\/\",\"url\":\"https:\\\/\\\/insektenliebe.com\\\/it\\\/shop\\\/prodotto\\\/pelmatojulus-ligulatus-millepiedi-dalle-bande-gialle\\\/\",\"name\":\"Pelmatojulus ligulatus \\\"Millepiedi dalle bande gialle\\\" - Insektenliebe\",\"isPartOf\":{\"@id\":\"https:\\\/\\\/insektenliebe.com\\\/it\\\/#website\"},\"primaryImageOfPage\":{\"@id\":\"https:\\\/\\\/insektenliebe.com\\\/it\\\/shop\\\/prodotto\\\/pelmatojulus-ligulatus-millepiedi-dalle-bande-gialle\\\/#primaryimage\"},\"image\":{\"@id\":\"https:\\\/\\\/insektenliebe.com\\\/it\\\/shop\\\/prodotto\\\/pelmatojulus-ligulatus-millepiedi-dalle-bande-gialle\\\/#primaryimage\"},\"thumbnailUrl\":\"https:\\\/\\\/insektenliebe.com\\\/wp-content\\\/uploads\\\/2025\\\/05\\\/Pelmatojulus-ligulatus-3-2.jpg\",\"datePublished\":\"2020-06-05T06:29:00+00:00\",\"description\":\"Acquista online il Pelmatojulus ligulatus a basso costo. Un bellissimo millepiedi dalle bande gialle che puoi acquistare qui direttamente dall'allevatore.\",\"breadcrumb\":{\"@id\":\"https:\\\/\\\/insektenliebe.com\\\/it\\\/shop\\\/prodotto\\\/pelmatojulus-ligulatus-millepiedi-dalle-bande-gialle\\\/#breadcrumb\"},\"inLanguage\":\"it-IT\",\"potentialAction\":[{\"@type\":\"ReadAction\",\"target\":[\"https:\\\/\\\/insektenliebe.com\\\/it\\\/shop\\\/prodotto\\\/pelmatojulus-ligulatus-millepiedi-dalle-bande-gialle\\\/\"]}]},{\"@type\":\"ImageObject\",\"inLanguage\":\"it-IT\",\"@id\":\"https:\\\/\\\/insektenliebe.com\\\/it\\\/shop\\\/prodotto\\\/pelmatojulus-ligulatus-millepiedi-dalle-bande-gialle\\\/#primaryimage\",\"url\":\"https:\\\/\\\/insektenliebe.com\\\/wp-content\\\/uploads\\\/2025\\\/05\\\/Pelmatojulus-ligulatus-3-2.jpg\",\"contentUrl\":\"https:\\\/\\\/insektenliebe.com\\\/wp-content\\\/uploads\\\/2025\\\/05\\\/Pelmatojulus-ligulatus-3-2.jpg\",\"width\":820,\"height\":820,\"caption\":\"Pelmatojulus-ligulatus-3-2.jpg\"},{\"@type\":\"BreadcrumbList\",\"@id\":\"https:\\\/\\\/insektenliebe.com\\\/it\\\/shop\\\/prodotto\\\/pelmatojulus-ligulatus-millepiedi-dalle-bande-gialle\\\/#breadcrumb\",\"itemListElement\":[{\"@type\":\"ListItem\",\"position\":1,\"name\":\"Startseite\",\"item\":\"https:\\\/\\\/insektenliebe.com\\\/it\\\/\"},{\"@type\":\"ListItem\",\"position\":2,\"name\":\"Negozio\",\"item\":\"https:\\\/\\\/insektenliebe.com\\\/it\\\/negozio\\\/\"},{\"@type\":\"ListItem\",\"position\":3,\"name\":\"Pelmatojulus ligulatus &#8220;Millepiedi dalle bande gialle&#8221;\"}]},{\"@type\":\"WebSite\",\"@id\":\"https:\\\/\\\/insektenliebe.com\\\/it\\\/#website\",\"url\":\"https:\\\/\\\/insektenliebe.com\\\/it\\\/\",\"name\":\"Insektenliebe\",\"description\":\"Dein Zuhause f\u00fcr die kleinen Lebewesen\",\"publisher\":{\"@id\":\"https:\\\/\\\/insektenliebe.com\\\/it\\\/#organization\"},\"potentialAction\":[{\"@type\":\"SearchAction\",\"target\":{\"@type\":\"EntryPoint\",\"urlTemplate\":\"https:\\\/\\\/insektenliebe.com\\\/it\\\/?s={search_term_string}\"},\"query-input\":{\"@type\":\"PropertyValueSpecification\",\"valueRequired\":true,\"valueName\":\"search_term_string\"}}],\"inLanguage\":\"it-IT\"},{\"@type\":\"Organization\",\"@id\":\"https:\\\/\\\/insektenliebe.com\\\/it\\\/#organization\",\"name\":\"Insektenliebe\",\"url\":\"https:\\\/\\\/insektenliebe.com\\\/it\\\/\",\"logo\":{\"@type\":\"ImageObject\",\"inLanguage\":\"it-IT\",\"@id\":\"https:\\\/\\\/insektenliebe.com\\\/it\\\/#\\\/schema\\\/logo\\\/image\\\/\",\"url\":\"https:\\\/\\\/insektenliebe.com\\\/wp-content\\\/uploads\\\/2025\\\/03\\\/logo-white.png\",\"contentUrl\":\"https:\\\/\\\/insektenliebe.com\\\/wp-content\\\/uploads\\\/2025\\\/03\\\/logo-white.png\",\"width\":288,\"height\":188,\"caption\":\"Insektenliebe\"},\"image\":{\"@id\":\"https:\\\/\\\/insektenliebe.com\\\/it\\\/#\\\/schema\\\/logo\\\/image\\\/\"}}]}<\/script>\n<!-- \/ Yoast SEO plugin. -->","yoast_head_json":{"title":"Pelmatojulus ligulatus \"Millepiedi dalle bande gialle\" - Insektenliebe","description":"Acquista online il Pelmatojulus ligulatus a basso costo. Un bellissimo millepiedi dalle bande gialle che puoi acquistare qui direttamente dall'allevatore.","robots":{"index":"index","follow":"follow","max-snippet":"max-snippet:-1","max-image-preview":"max-image-preview:large","max-video-preview":"max-video-preview:-1"},"canonical":"https:\/\/insektenliebe.com\/it\/shop\/prodotto\/pelmatojulus-ligulatus-millepiedi-dalle-bande-gialle\/","og_locale":"it_IT","og_type":"article","og_title":"Pelmatojulus ligulatus \"Millepiedi dalle bande gialle\" - Insektenliebe","og_description":"Acquista online il Pelmatojulus ligulatus a basso costo. Un bellissimo millepiedi dalle bande gialle che puoi acquistare qui direttamente dall'allevatore.","og_url":"https:\/\/insektenliebe.com\/it\/shop\/prodotto\/pelmatojulus-ligulatus-millepiedi-dalle-bande-gialle\/","og_site_name":"Insektenliebe","og_image":[{"width":820,"height":820,"url":"https:\/\/insektenliebe.com\/wp-content\/uploads\/2025\/05\/Pelmatojulus-ligulatus-3-2.jpg","type":"image\/jpeg"}],"twitter_card":"summary_large_image","twitter_misc":{"Tempo di lettura stimato":"2 minuto"},"schema":{"@context":"https:\/\/schema.org","@graph":[{"@type":"WebPage","@id":"https:\/\/insektenliebe.com\/it\/shop\/prodotto\/pelmatojulus-ligulatus-millepiedi-dalle-bande-gialle\/","url":"https:\/\/insektenliebe.com\/it\/shop\/prodotto\/pelmatojulus-ligulatus-millepiedi-dalle-bande-gialle\/","name":"Pelmatojulus ligulatus \"Millepiedi dalle bande gialle\" - Insektenliebe","isPartOf":{"@id":"https:\/\/insektenliebe.com\/it\/#website"},"primaryImageOfPage":{"@id":"https:\/\/insektenliebe.com\/it\/shop\/prodotto\/pelmatojulus-ligulatus-millepiedi-dalle-bande-gialle\/#primaryimage"},"image":{"@id":"https:\/\/insektenliebe.com\/it\/shop\/prodotto\/pelmatojulus-ligulatus-millepiedi-dalle-bande-gialle\/#primaryimage"},"thumbnailUrl":"https:\/\/insektenliebe.com\/wp-content\/uploads\/2025\/05\/Pelmatojulus-ligulatus-3-2.jpg","datePublished":"2020-06-05T06:29:00+00:00","description":"Acquista online il Pelmatojulus ligulatus a basso costo. Un bellissimo millepiedi dalle bande gialle che puoi acquistare qui direttamente dall'allevatore.","breadcrumb":{"@id":"https:\/\/insektenliebe.com\/it\/shop\/prodotto\/pelmatojulus-ligulatus-millepiedi-dalle-bande-gialle\/#breadcrumb"},"inLanguage":"it-IT","potentialAction":[{"@type":"ReadAction","target":["https:\/\/insektenliebe.com\/it\/shop\/prodotto\/pelmatojulus-ligulatus-millepiedi-dalle-bande-gialle\/"]}]},{"@type":"ImageObject","inLanguage":"it-IT","@id":"https:\/\/insektenliebe.com\/it\/shop\/prodotto\/pelmatojulus-ligulatus-millepiedi-dalle-bande-gialle\/#primaryimage","url":"https:\/\/insektenliebe.com\/wp-content\/uploads\/2025\/05\/Pelmatojulus-ligulatus-3-2.jpg","contentUrl":"https:\/\/insektenliebe.com\/wp-content\/uploads\/2025\/05\/Pelmatojulus-ligulatus-3-2.jpg","width":820,"height":820,"caption":"Pelmatojulus-ligulatus-3-2.jpg"},{"@type":"BreadcrumbList","@id":"https:\/\/insektenliebe.com\/it\/shop\/prodotto\/pelmatojulus-ligulatus-millepiedi-dalle-bande-gialle\/#breadcrumb","itemListElement":[{"@type":"ListItem","position":1,"name":"Startseite","item":"https:\/\/insektenliebe.com\/it\/"},{"@type":"ListItem","position":2,"name":"Negozio","item":"https:\/\/insektenliebe.com\/it\/negozio\/"},{"@type":"ListItem","position":3,"name":"Pelmatojulus ligulatus &#8220;Millepiedi dalle bande gialle&#8221;"}]},{"@type":"WebSite","@id":"https:\/\/insektenliebe.com\/it\/#website","url":"https:\/\/insektenliebe.com\/it\/","name":"Insektenliebe","description":"Dein Zuhause f\u00fcr die kleinen Lebewesen","publisher":{"@id":"https:\/\/insektenliebe.com\/it\/#organization"},"potentialAction":[{"@type":"SearchAction","target":{"@type":"EntryPoint","urlTemplate":"https:\/\/insektenliebe.com\/it\/?s={search_term_string}"},"query-input":{"@type":"PropertyValueSpecification","valueRequired":true,"valueName":"search_term_string"}}],"inLanguage":"it-IT"},{"@type":"Organization","@id":"https:\/\/insektenliebe.com\/it\/#organization","name":"Insektenliebe","url":"https:\/\/insektenliebe.com\/it\/","logo":{"@type":"ImageObject","inLanguage":"it-IT","@id":"https:\/\/insektenliebe.com\/it\/#\/schema\/logo\/image\/","url":"https:\/\/insektenliebe.com\/wp-content\/uploads\/2025\/03\/logo-white.png","contentUrl":"https:\/\/insektenliebe.com\/wp-content\/uploads\/2025\/03\/logo-white.png","width":288,"height":188,"caption":"Insektenliebe"},"image":{"@id":"https:\/\/insektenliebe.com\/it\/#\/schema\/logo\/image\/"}}]}},"_links":{"self":[{"href":"https:\/\/insektenliebe.com\/it\/wp-json\/wp\/v2\/product\/185464","targetHints":{"allow":["GET"]}}],"collection":[{"href":"https:\/\/insektenliebe.com\/it\/wp-json\/wp\/v2\/product"}],"about":[{"href":"https:\/\/insektenliebe.com\/it\/wp-json\/wp\/v2\/types\/product"}],"wp:featuredmedia":[{"embeddable":true,"href":"https:\/\/insektenliebe.com\/it\/wp-json\/wp\/v2\/media\/185466"}],"wp:attachment":[{"href":"https:\/\/insektenliebe.com\/it\/wp-json\/wp\/v2\/media?parent=185464"}],"wp:term":[{"taxonomy":"product-supplier","embeddable":true,"href":"https:\/\/insektenliebe.com\/it\/wp-json\/wp\/v2\/product-supplier?post=185464"},{"taxonomy":"product_brand","embeddable":true,"href":"https:\/\/insektenliebe.com\/it\/wp-json\/wp\/v2\/product_brand?post=185464"},{"taxonomy":"product_cat","embeddable":true,"href":"https:\/\/insektenliebe.com\/it\/wp-json\/wp\/v2\/product_cat?post=185464"},{"taxonomy":"product_tag","embeddable":true,"href":"https:\/\/insektenliebe.com\/it\/wp-json\/wp\/v2\/product_tag?post=185464"},{"taxonomy":"lce-checkout-addons","embeddable":true,"href":"https:\/\/insektenliebe.com\/it\/wp-json\/wp\/v2\/lce-checkout-addons?post=185464"}],"curies":[{"name":"wp","href":"https:\/\/api.w.org\/{rel}","templated":true}]}}