{"id":185457,"date":"2020-05-28T13:03:54","date_gmt":"2020-05-28T13:03:54","guid":{"rendered":"https:\/\/insektenliebe.com\/shop\/produkt\/psytalla-horrida-cimice-predatrice\/"},"modified":"2026-03-15T09:54:20","modified_gmt":"2026-03-15T08:54:20","slug":"psytalla-horrida-cimice-predatrice","status":"publish","type":"product","link":"https:\/\/insektenliebe.com\/it\/shop\/prodotto\/psytalla-horrida-cimice-predatrice\/","title":{"rendered":"Psytalla horrida \"cimice predatrice\""},"content":{"rendered":"<h3><span class=\"s1\" style=\"color: #99cc33;\">Psytalla horrida - Eccitante predatore del mondo degli insetti<\/span><\/h3>\n<p class=\"p1\"><strong><span class=\"s1\">Psytalla horrida<\/span><\/strong><span class=\"s2\"> \u00e8 una delle specie pi\u00f9 grandi del suo genere ed \u00e8 un insetto predatore particolarmente affascinante <\/span><span class=\"s1\">insetto predatore<\/span><span class=\"s2\">che impressiona per il suo entusiasmante comportamento di caccia. Con il loro fisico robusto e le lunghe zampe, questi animali hanno un aspetto molto imponente e sono anche abitanti del terrario estremamente interessanti. <\/span><\/p>\n<p class=\"p1\"><span class=\"s2\">Nonostante il loro stile di vita predatorio <\/span><strong><span class=\"s1\">Psytalla horrida<\/span><\/strong><span class=\"s2\"> sono considerati relativamente <\/span><span class=\"s1\">relativamente poco esigenti<\/span><span class=\"s2\">  e possono essere allevati con successo con poco sforzo. Proprio per questo motivo stanno diventando sempre pi\u00f9 popolari tra i terrariofili che vogliono osservare insetti insoliti. <\/span><\/p>\n<p class=\"p1\"><span class=\"s2\">Ad esempio, sono adatti alla conservazione i seguenti esemplari <\/span><span class=\"s1\">Set completo di isopodi Insektenliebe L<\/span><span class=\"s2\">che offre spazio sufficiente per un gruppo di fino a <\/span><span class=\"s1\">10 animali<\/span><span class=\"s2\">  offerte. \u00c8 importante fornire un ambiente strutturato in modo che gli animali possano ritirarsi. <\/span><\/p>\n<p class=\"p1\"><span class=\"s2\">A <\/span><span class=\"s1\">un grosso pezzo di corteccia<\/span><span class=\"s2\">  serve come nascondiglio ed \u00e8 molto apprezzata dagli animali. Inoltre, dovrebbe essere sempre presente un   <\/span><span class=\"s1\">recipiente per l&#8217;abbeveraggio<\/span><span class=\"s2\"> deve essere disponibile in modo che gli animali possano bere una quantit\u00e0 sufficiente di liquidi.<\/span><\/p>\n<p class=\"p1\"><span class=\"s2\">Il terrario pu\u00f2 essere tenuto piuttosto <\/span><span class=\"s1\">essere mantenuto asciutto<\/span><span class=\"s2\">. \u00c8 del tutto sufficiente che l&#8217;area intorno al  <\/span><span class=\"s1\">Bacinella leggermente umida<\/span><span class=\"s2\">  rimane. \u00c8 proprio questo il punto che le femmine utilizzano spesso per l&#8217;accoppiamento.   <\/span><span class=\"s1\">ovodeposizione<\/span><span class=\"s2\"> utilizzato.<\/span><\/p>\n<p class=\"p1\"><span class=\"s2\">Per il resto, l&#8217;arredamento pu\u00f2 rimanere molto semplice. Alcuni   <\/span><span class=\"s1\">Pezzi di corteccia, rami o nascondigli<\/span><span class=\"s2\"> creano un ambiente naturale e permettono agli animali di mostrare il loro comportamento tipico.<\/span><\/p>\n<p class=\"p1\"><span class=\"s2\">Ricevuto come cibo <\/span><strong><span class=\"s1\">Psytalla horrida<\/span><\/strong><span class=\"s2\"> regolarmente <\/span><span class=\"s1\">insetti vivi<\/span><span class=\"s2\">. Diamo da mangiare ai nostri animali circa  <\/span><span class=\"s1\">ogni una o due settimane<\/span><span class=\"s2\">  con diversi animali da pasto di dimensioni adeguate. Particolarmente adatti sono, ad esempio   <\/span><span class=\"s1\">grilli, scarafaggi o altri insetti<\/span><span class=\"s2\">che possono essere cacciati attivamente.<\/span><\/p>\n<p class=\"p1\"><span class=\"s2\">In particolare il <\/span><span class=\"s1\">comportamento di caccia<\/span><span class=\"s2\">  \u00e8 ci\u00f2 che rende questa specie cos\u00ec eccitante. Gli animali sono in attesa della loro preda e attaccano alla velocit\u00e0 della luce non appena si avvicina un animale adatto al cibo. Questo rende le osservazioni nel terrario sempre affascinanti.  <\/span><\/p>\n<p class=\"p1\"><span class=\"s2\">Grazie al loro <\/span><span class=\"s1\">comportamento robusto<\/span><span class=\"s2\">il loro <\/span><span class=\"s1\">aspetto imponente<\/span><span class=\"s2\"> e il loro <\/span><span class=\"s1\">entusiasmante comportamento predatorio<\/span><span class=\"s2\"> \u00e8 <\/span><strong><span class=\"s1\">Psytalla horrida<\/span><\/strong><span class=\"s2\"> \u00e8 una specie eccezionale per gli appassionati di terrari che vogliono osservare un insetto speciale nel terrario.<\/span><\/p>\n<div style=\"width: 1920px;\" class=\"wp-video\"><video class=\"wp-video-shortcode\" id=\"video-185457-1\" width=\"1920\" height=\"1080\" preload=\"metadata\" controls=\"controls\"><source type=\"video\/mp4\" src=\"https:\/\/insektenliebe.com\/wp-content\/uploads\/2020\/05\/Psytalla-horrida-1.mp4?_=1\" \/><a href=\"https:\/\/insektenliebe.com\/wp-content\/uploads\/2020\/05\/Psytalla-horrida-1.mp4\">https:\/\/insektenliebe.com\/wp-content\/uploads\/2020\/05\/Psytalla-horrida-1.mp4<\/a><\/video><\/div>\n","protected":false},"excerpt":{"rendered":"<p>Psytalla horrida - Eccitante predatore del mondo degli insetti Psytalla horrida \u00e8 una delle specie pi\u00f9 grandi del suo genere ed \u00e8 un insetto predatore particolarmente affascinante insetto predatoreche impressiona per il suo entusiasmante comportamento di caccia. Con il loro fisico robusto e le lunghe zampe, questi animali hanno un aspetto molto imponente e sono [&hellip;]<\/p>\n","protected":false},"featured_media":193935,"template":"","meta":{"_acf_changed":false},"product-supplier":[],"product_brand":[],"product_cat":[2829],"product_tag":[],"lce-checkout-addons":[2746],"class_list":{"0":"post-185457","1":"product","2":"type-product","3":"status-publish","4":"has-post-thumbnail","6":"product_cat-altri-invertebrati","7":"product_shipping_class-spedizione-di-animali","8":"pa_herkunft-sahara","9":"pa_kontinent-africa","10":"lce-checkout-addons-imballaggio-invernale","12":"first","13":"instock","14":"taxable","15":"shipping-taxable","16":"purchasable","17":"product-type-variable"},"acf":[],"yoast_head":"<!-- This site is optimized with the Yoast SEO plugin v27.3 - https:\/\/yoast.com\/product\/yoast-seo-wordpress\/ -->\n<title>Psytalla horrida &quot;cimice predatrice&quot; - Insektenliebe<\/title>\n<meta name=\"description\" content=\"Psytalla horrida - impressionante insetto predatore per il terrario. Informazioni su allevamento, terrario, alimentazione e cura di questi affascinanti insetti cacciatori.\" \/>\n<meta name=\"robots\" content=\"index, follow, max-snippet:-1, max-image-preview:large, max-video-preview:-1\" \/>\n<link rel=\"canonical\" href=\"https:\/\/insektenliebe.com\/it\/shop\/prodotto\/psytalla-horrida-cimice-predatrice\/\" \/>\n<meta property=\"og:locale\" content=\"it_IT\" \/>\n<meta property=\"og:type\" content=\"article\" \/>\n<meta property=\"og:title\" content=\"Psytalla horrida &quot;cimice predatrice&quot; - Insektenliebe\" \/>\n<meta property=\"og:description\" content=\"Psytalla horrida - impressionante insetto predatore per il terrario. Informazioni su allevamento, terrario, alimentazione e cura di questi affascinanti insetti cacciatori.\" \/>\n<meta property=\"og:url\" content=\"https:\/\/insektenliebe.com\/it\/shop\/prodotto\/psytalla-horrida-cimice-predatrice\/\" \/>\n<meta property=\"og:site_name\" content=\"Insektenliebe\" \/>\n<meta property=\"article:modified_time\" content=\"2026-03-15T08:54:20+00:00\" \/>\n<meta property=\"og:image\" content=\"https:\/\/insektenliebe.com\/wp-content\/uploads\/2020\/05\/Psytalla-horrida-22Raubwanze22.jpg\" \/>\n\t<meta property=\"og:image:width\" content=\"820\" \/>\n\t<meta property=\"og:image:height\" content=\"820\" \/>\n\t<meta property=\"og:image:type\" content=\"image\/jpeg\" \/>\n<meta name=\"twitter:card\" content=\"summary_large_image\" \/>\n<meta name=\"twitter:label1\" content=\"Tempo di lettura stimato\" \/>\n\t<meta name=\"twitter:data1\" content=\"2 minuto\" \/>\n<script type=\"application\/ld+json\" class=\"yoast-schema-graph\">{\"@context\":\"https:\\\/\\\/schema.org\",\"@graph\":[{\"@type\":\"WebPage\",\"@id\":\"https:\\\/\\\/insektenliebe.com\\\/it\\\/shop\\\/prodotto\\\/psytalla-horrida-cimice-predatrice\\\/\",\"url\":\"https:\\\/\\\/insektenliebe.com\\\/it\\\/shop\\\/prodotto\\\/psytalla-horrida-cimice-predatrice\\\/\",\"name\":\"Psytalla horrida \\\"cimice predatrice\\\" - Insektenliebe\",\"isPartOf\":{\"@id\":\"https:\\\/\\\/insektenliebe.com\\\/it\\\/#website\"},\"primaryImageOfPage\":{\"@id\":\"https:\\\/\\\/insektenliebe.com\\\/it\\\/shop\\\/prodotto\\\/psytalla-horrida-cimice-predatrice\\\/#primaryimage\"},\"image\":{\"@id\":\"https:\\\/\\\/insektenliebe.com\\\/it\\\/shop\\\/prodotto\\\/psytalla-horrida-cimice-predatrice\\\/#primaryimage\"},\"thumbnailUrl\":\"https:\\\/\\\/insektenliebe.com\\\/wp-content\\\/uploads\\\/2020\\\/05\\\/Psytalla-horrida-22Raubwanze22.jpg\",\"datePublished\":\"2020-05-28T13:03:54+00:00\",\"dateModified\":\"2026-03-15T08:54:20+00:00\",\"description\":\"Psytalla horrida - impressionante insetto predatore per il terrario. Informazioni su allevamento, terrario, alimentazione e cura di questi affascinanti insetti cacciatori.\",\"breadcrumb\":{\"@id\":\"https:\\\/\\\/insektenliebe.com\\\/it\\\/shop\\\/prodotto\\\/psytalla-horrida-cimice-predatrice\\\/#breadcrumb\"},\"inLanguage\":\"it-IT\",\"potentialAction\":[{\"@type\":\"ReadAction\",\"target\":[\"https:\\\/\\\/insektenliebe.com\\\/it\\\/shop\\\/prodotto\\\/psytalla-horrida-cimice-predatrice\\\/\"]}]},{\"@type\":\"ImageObject\",\"inLanguage\":\"it-IT\",\"@id\":\"https:\\\/\\\/insektenliebe.com\\\/it\\\/shop\\\/prodotto\\\/psytalla-horrida-cimice-predatrice\\\/#primaryimage\",\"url\":\"https:\\\/\\\/insektenliebe.com\\\/wp-content\\\/uploads\\\/2020\\\/05\\\/Psytalla-horrida-22Raubwanze22.jpg\",\"contentUrl\":\"https:\\\/\\\/insektenliebe.com\\\/wp-content\\\/uploads\\\/2020\\\/05\\\/Psytalla-horrida-22Raubwanze22.jpg\",\"width\":820,\"height\":820,\"caption\":\"Psytalla horrida \\\"cimice predatrice\\\"\"},{\"@type\":\"BreadcrumbList\",\"@id\":\"https:\\\/\\\/insektenliebe.com\\\/it\\\/shop\\\/prodotto\\\/psytalla-horrida-cimice-predatrice\\\/#breadcrumb\",\"itemListElement\":[{\"@type\":\"ListItem\",\"position\":1,\"name\":\"Startseite\",\"item\":\"https:\\\/\\\/insektenliebe.com\\\/it\\\/\"},{\"@type\":\"ListItem\",\"position\":2,\"name\":\"Negozio\",\"item\":\"https:\\\/\\\/insektenliebe.com\\\/it\\\/negozio\\\/\"},{\"@type\":\"ListItem\",\"position\":3,\"name\":\"Psytalla horrida \\\"cimice predatrice\\\"\"}]},{\"@type\":\"WebSite\",\"@id\":\"https:\\\/\\\/insektenliebe.com\\\/it\\\/#website\",\"url\":\"https:\\\/\\\/insektenliebe.com\\\/it\\\/\",\"name\":\"Insektenliebe\",\"description\":\"Dein Zuhause f\u00fcr die kleinen Lebewesen\",\"publisher\":{\"@id\":\"https:\\\/\\\/insektenliebe.com\\\/it\\\/#organization\"},\"potentialAction\":[{\"@type\":\"SearchAction\",\"target\":{\"@type\":\"EntryPoint\",\"urlTemplate\":\"https:\\\/\\\/insektenliebe.com\\\/it\\\/?s={search_term_string}\"},\"query-input\":{\"@type\":\"PropertyValueSpecification\",\"valueRequired\":true,\"valueName\":\"search_term_string\"}}],\"inLanguage\":\"it-IT\"},{\"@type\":\"Organization\",\"@id\":\"https:\\\/\\\/insektenliebe.com\\\/it\\\/#organization\",\"name\":\"Insektenliebe\",\"url\":\"https:\\\/\\\/insektenliebe.com\\\/it\\\/\",\"logo\":{\"@type\":\"ImageObject\",\"inLanguage\":\"it-IT\",\"@id\":\"https:\\\/\\\/insektenliebe.com\\\/it\\\/#\\\/schema\\\/logo\\\/image\\\/\",\"url\":\"https:\\\/\\\/insektenliebe.com\\\/wp-content\\\/uploads\\\/2025\\\/03\\\/logo-white.png\",\"contentUrl\":\"https:\\\/\\\/insektenliebe.com\\\/wp-content\\\/uploads\\\/2025\\\/03\\\/logo-white.png\",\"width\":288,\"height\":188,\"caption\":\"Insektenliebe\"},\"image\":{\"@id\":\"https:\\\/\\\/insektenliebe.com\\\/it\\\/#\\\/schema\\\/logo\\\/image\\\/\"}}]}<\/script>\n<!-- \/ Yoast SEO plugin. -->","yoast_head_json":{"title":"Psytalla horrida \"cimice predatrice\" - Insektenliebe","description":"Psytalla horrida - impressionante insetto predatore per il terrario. Informazioni su allevamento, terrario, alimentazione e cura di questi affascinanti insetti cacciatori.","robots":{"index":"index","follow":"follow","max-snippet":"max-snippet:-1","max-image-preview":"max-image-preview:large","max-video-preview":"max-video-preview:-1"},"canonical":"https:\/\/insektenliebe.com\/it\/shop\/prodotto\/psytalla-horrida-cimice-predatrice\/","og_locale":"it_IT","og_type":"article","og_title":"Psytalla horrida \"cimice predatrice\" - Insektenliebe","og_description":"Psytalla horrida - impressionante insetto predatore per il terrario. Informazioni su allevamento, terrario, alimentazione e cura di questi affascinanti insetti cacciatori.","og_url":"https:\/\/insektenliebe.com\/it\/shop\/prodotto\/psytalla-horrida-cimice-predatrice\/","og_site_name":"Insektenliebe","article_modified_time":"2026-03-15T08:54:20+00:00","og_image":[{"width":820,"height":820,"url":"https:\/\/insektenliebe.com\/wp-content\/uploads\/2020\/05\/Psytalla-horrida-22Raubwanze22.jpg","type":"image\/jpeg"}],"twitter_card":"summary_large_image","twitter_misc":{"Tempo di lettura stimato":"2 minuto"},"schema":{"@context":"https:\/\/schema.org","@graph":[{"@type":"WebPage","@id":"https:\/\/insektenliebe.com\/it\/shop\/prodotto\/psytalla-horrida-cimice-predatrice\/","url":"https:\/\/insektenliebe.com\/it\/shop\/prodotto\/psytalla-horrida-cimice-predatrice\/","name":"Psytalla horrida \"cimice predatrice\" - Insektenliebe","isPartOf":{"@id":"https:\/\/insektenliebe.com\/it\/#website"},"primaryImageOfPage":{"@id":"https:\/\/insektenliebe.com\/it\/shop\/prodotto\/psytalla-horrida-cimice-predatrice\/#primaryimage"},"image":{"@id":"https:\/\/insektenliebe.com\/it\/shop\/prodotto\/psytalla-horrida-cimice-predatrice\/#primaryimage"},"thumbnailUrl":"https:\/\/insektenliebe.com\/wp-content\/uploads\/2020\/05\/Psytalla-horrida-22Raubwanze22.jpg","datePublished":"2020-05-28T13:03:54+00:00","dateModified":"2026-03-15T08:54:20+00:00","description":"Psytalla horrida - impressionante insetto predatore per il terrario. Informazioni su allevamento, terrario, alimentazione e cura di questi affascinanti insetti cacciatori.","breadcrumb":{"@id":"https:\/\/insektenliebe.com\/it\/shop\/prodotto\/psytalla-horrida-cimice-predatrice\/#breadcrumb"},"inLanguage":"it-IT","potentialAction":[{"@type":"ReadAction","target":["https:\/\/insektenliebe.com\/it\/shop\/prodotto\/psytalla-horrida-cimice-predatrice\/"]}]},{"@type":"ImageObject","inLanguage":"it-IT","@id":"https:\/\/insektenliebe.com\/it\/shop\/prodotto\/psytalla-horrida-cimice-predatrice\/#primaryimage","url":"https:\/\/insektenliebe.com\/wp-content\/uploads\/2020\/05\/Psytalla-horrida-22Raubwanze22.jpg","contentUrl":"https:\/\/insektenliebe.com\/wp-content\/uploads\/2020\/05\/Psytalla-horrida-22Raubwanze22.jpg","width":820,"height":820,"caption":"Psytalla horrida \"cimice predatrice\""},{"@type":"BreadcrumbList","@id":"https:\/\/insektenliebe.com\/it\/shop\/prodotto\/psytalla-horrida-cimice-predatrice\/#breadcrumb","itemListElement":[{"@type":"ListItem","position":1,"name":"Startseite","item":"https:\/\/insektenliebe.com\/it\/"},{"@type":"ListItem","position":2,"name":"Negozio","item":"https:\/\/insektenliebe.com\/it\/negozio\/"},{"@type":"ListItem","position":3,"name":"Psytalla horrida \"cimice predatrice\""}]},{"@type":"WebSite","@id":"https:\/\/insektenliebe.com\/it\/#website","url":"https:\/\/insektenliebe.com\/it\/","name":"Insektenliebe","description":"Dein Zuhause f\u00fcr die kleinen Lebewesen","publisher":{"@id":"https:\/\/insektenliebe.com\/it\/#organization"},"potentialAction":[{"@type":"SearchAction","target":{"@type":"EntryPoint","urlTemplate":"https:\/\/insektenliebe.com\/it\/?s={search_term_string}"},"query-input":{"@type":"PropertyValueSpecification","valueRequired":true,"valueName":"search_term_string"}}],"inLanguage":"it-IT"},{"@type":"Organization","@id":"https:\/\/insektenliebe.com\/it\/#organization","name":"Insektenliebe","url":"https:\/\/insektenliebe.com\/it\/","logo":{"@type":"ImageObject","inLanguage":"it-IT","@id":"https:\/\/insektenliebe.com\/it\/#\/schema\/logo\/image\/","url":"https:\/\/insektenliebe.com\/wp-content\/uploads\/2025\/03\/logo-white.png","contentUrl":"https:\/\/insektenliebe.com\/wp-content\/uploads\/2025\/03\/logo-white.png","width":288,"height":188,"caption":"Insektenliebe"},"image":{"@id":"https:\/\/insektenliebe.com\/it\/#\/schema\/logo\/image\/"}}]}},"_links":{"self":[{"href":"https:\/\/insektenliebe.com\/it\/wp-json\/wp\/v2\/product\/185457","targetHints":{"allow":["GET"]}}],"collection":[{"href":"https:\/\/insektenliebe.com\/it\/wp-json\/wp\/v2\/product"}],"about":[{"href":"https:\/\/insektenliebe.com\/it\/wp-json\/wp\/v2\/types\/product"}],"wp:featuredmedia":[{"embeddable":true,"href":"https:\/\/insektenliebe.com\/it\/wp-json\/wp\/v2\/media\/193935"}],"wp:attachment":[{"href":"https:\/\/insektenliebe.com\/it\/wp-json\/wp\/v2\/media?parent=185457"}],"wp:term":[{"taxonomy":"product-supplier","embeddable":true,"href":"https:\/\/insektenliebe.com\/it\/wp-json\/wp\/v2\/product-supplier?post=185457"},{"taxonomy":"product_brand","embeddable":true,"href":"https:\/\/insektenliebe.com\/it\/wp-json\/wp\/v2\/product_brand?post=185457"},{"taxonomy":"product_cat","embeddable":true,"href":"https:\/\/insektenliebe.com\/it\/wp-json\/wp\/v2\/product_cat?post=185457"},{"taxonomy":"product_tag","embeddable":true,"href":"https:\/\/insektenliebe.com\/it\/wp-json\/wp\/v2\/product_tag?post=185457"},{"taxonomy":"lce-checkout-addons","embeddable":true,"href":"https:\/\/insektenliebe.com\/it\/wp-json\/wp\/v2\/lce-checkout-addons?post=185457"}],"curies":[{"name":"wp","href":"https:\/\/api.w.org\/{rel}","templated":true}]}}