{"id":185442,"date":"2021-04-16T09:58:31","date_gmt":"2021-04-16T07:58:31","guid":{"rendered":"https:\/\/insektenliebe.com\/shop\/produkt\/therea-bernhardti\/"},"modified":"2026-03-02T13:34:06","modified_gmt":"2026-03-02T12:34:06","slug":"therea-bernhardti","status":"publish","type":"product","link":"https:\/\/insektenliebe.com\/it\/shop\/prodotto\/therea-bernhardti\/","title":{"rendered":"Therea bernhardti"},"content":{"rendered":"<h3><span class=\"s1\" style=\"color: #99cc33;\">Therea bernhardti - Contrasto tra bellezza e fantasia<\/span><\/h3>\n<p class=\"p1\"><strong><span class=\"s1\">Therea bernhardti<\/span><\/strong><span class=\"s2\">  appartiene ai cosiddetti scarafaggi domino e colpisce per le sue marcature bianche e nere ad alto contrasto. L&#8217;appariscente motivo che ricorda le tessere del domino rende questa specie un vero e proprio richiamo visivo nel terrario. Allo stesso tempo, ha un aspetto elegante e tranquillo, che la rende ideale per le vasche da esposizione e le vasche di specie. <\/span><\/p>\n<p class=\"p1\"><span class=\"s2\">La specie \u00e8 originaria dell&#8217;India, dove vive in regioni calde e piuttosto secche o stagionalmente umide. Nel terrario, quindi, preferisce un ambiente moderatamente umido con zone di ritiro pi\u00f9 secche. Una miscela di humus forestale, foglie e legno marcio offre le condizioni ideali. Inoltre, pezzi di corteccia o pietre piatte forniscono nascondigli sicuri, poich\u00e9 gli animali amano ritirarsi durante il giorno.   <\/span><\/p>\n<p class=\"p1\"><span class=\"s2\">La <strong>Therea bernhardti<\/strong> \u00e8 principalmente notturna. Non appena fa buio, gli animali escono dai loro nascondigli e vanno in cerca di cibo. Si muovono in modo silenzioso e mirato. Questo li rende facili da osservare senza apparire frenetici. Questo li rende particolarmente interessanti per i proprietari che apprezzano un comportamento rilassato.    <\/span><\/p>\n<p class=\"p1\"><span class=\"s2\">La loro dieta \u00e8 semplice. Gli animali mangiano foglie, resti di piante e cibo di alta qualit\u00e0 per scarafaggi o isopodi. Puoi anche offrire verdure o un po&#8217; di polline. \u00c8 importante un apporto proteico equilibrato, ma senza esagerare. Una piccola ciotola d&#8217;acqua o una spruzzatura regolare di un angolo copriranno il loro fabbisogno di umidit\u00e0.    <\/span><\/p>\n<p class=\"p1\"><span class=\"s2\">Con una lunghezza del corpo di circa 3 cm, gli adulti rimangono compatti. Si riproducono moderatamente, a patto che la temperatura e l&#8217;umidit\u00e0 siano adeguate. Le temperature ideali sono quelle comprese tra 22 e 27 \u00b0C. La buona ventilazione \u00e8 utile per evitare il ristagno di umidit\u00e0.   <\/span><\/p>\n<p class=\"p1\"><span class=\"s2\"><strong>La Therea bernhardti<\/strong> \u00e8 adatta sia ai principianti che agli allevatori esperti. Questa specie \u00e8 robusta, decorativa e relativamente poco esigente. Allo stesso tempo, con i suoi disegni e il suo comportamento, conferisce un&#8217;estetica speciale al terrario. Chi \u00e8 alla ricerca di una specie di scarafaggio insolita ma facile da curare trover\u00e0 qui una combinazione armoniosa di eleganza e funzionalit\u00e0.   <\/span><\/p>\n","protected":false},"excerpt":{"rendered":"<p>Therea bernhardti - Contrasto tra bellezza e fantasia Therea bernhardti appartiene ai cosiddetti scarafaggi domino e colpisce per le sue marcature bianche e nere ad alto contrasto. L&#8217;appariscente motivo che ricorda le tessere del domino rende questa specie un vero e proprio richiamo visivo nel terrario. Allo stesso tempo, ha un aspetto elegante e tranquillo, [&hellip;]<\/p>\n","protected":false},"featured_media":185456,"template":"","meta":{"_acf_changed":false},"product-supplier":[],"product_brand":[],"product_cat":[2785],"product_tag":[],"lce-checkout-addons":[2746],"class_list":{"0":"post-185442","1":"product","2":"type-product","3":"status-publish","4":"has-post-thumbnail","6":"product_cat-scarafaggi","7":"product_shipping_class-spedizione-di-animali","8":"pa_geschlecht-indeterminato","9":"pa_herkunft-india","10":"lce-checkout-addons-imballaggio-invernale","12":"first","13":"instock","14":"taxable","15":"shipping-taxable","16":"purchasable","17":"product-type-variable"},"acf":[],"yoast_head":"<!-- This site is optimized with the Yoast SEO plugin v27.3 - https:\/\/yoast.com\/product\/yoast-seo-wordpress\/ -->\n<title>Therea bernhardti - Insektenliebe<\/title>\n<meta name=\"description\" content=\"Therea bernhardti, l&#039;elegante scarafaggio domino dell&#039;India. Facile da curare, silenzioso e ideale per i terrari tropicali.\" \/>\n<meta name=\"robots\" content=\"index, follow, max-snippet:-1, max-image-preview:large, max-video-preview:-1\" \/>\n<link rel=\"canonical\" href=\"https:\/\/insektenliebe.com\/it\/shop\/prodotto\/therea-bernhardti\/\" \/>\n<meta property=\"og:locale\" content=\"it_IT\" \/>\n<meta property=\"og:type\" content=\"article\" \/>\n<meta property=\"og:title\" content=\"Therea bernhardti - Insektenliebe\" \/>\n<meta property=\"og:description\" content=\"Therea bernhardti, l&#039;elegante scarafaggio domino dell&#039;India. Facile da curare, silenzioso e ideale per i terrari tropicali.\" \/>\n<meta property=\"og:url\" content=\"https:\/\/insektenliebe.com\/it\/shop\/prodotto\/therea-bernhardti\/\" \/>\n<meta property=\"og:site_name\" content=\"Insektenliebe\" \/>\n<meta property=\"article:modified_time\" content=\"2026-03-02T12:34:06+00:00\" \/>\n<meta property=\"og:image\" content=\"https:\/\/insektenliebe.com\/wp-content\/uploads\/2025\/05\/Therea-bernhardti-2.jpg\" \/>\n\t<meta property=\"og:image:width\" content=\"820\" \/>\n\t<meta property=\"og:image:height\" content=\"820\" \/>\n\t<meta property=\"og:image:type\" content=\"image\/jpeg\" \/>\n<meta name=\"twitter:card\" content=\"summary_large_image\" \/>\n<meta name=\"twitter:label1\" content=\"Tempo di lettura stimato\" \/>\n\t<meta name=\"twitter:data1\" content=\"2 minuto\" \/>\n<script type=\"application\/ld+json\" class=\"yoast-schema-graph\">{\"@context\":\"https:\\\/\\\/schema.org\",\"@graph\":[{\"@type\":\"WebPage\",\"@id\":\"https:\\\/\\\/insektenliebe.com\\\/it\\\/shop\\\/prodotto\\\/therea-bernhardti\\\/\",\"url\":\"https:\\\/\\\/insektenliebe.com\\\/it\\\/shop\\\/prodotto\\\/therea-bernhardti\\\/\",\"name\":\"Therea bernhardti - Insektenliebe\",\"isPartOf\":{\"@id\":\"https:\\\/\\\/insektenliebe.com\\\/it\\\/#website\"},\"primaryImageOfPage\":{\"@id\":\"https:\\\/\\\/insektenliebe.com\\\/it\\\/shop\\\/prodotto\\\/therea-bernhardti\\\/#primaryimage\"},\"image\":{\"@id\":\"https:\\\/\\\/insektenliebe.com\\\/it\\\/shop\\\/prodotto\\\/therea-bernhardti\\\/#primaryimage\"},\"thumbnailUrl\":\"https:\\\/\\\/insektenliebe.com\\\/wp-content\\\/uploads\\\/2025\\\/05\\\/Therea-bernhardti-2.jpg\",\"datePublished\":\"2021-04-16T07:58:31+00:00\",\"dateModified\":\"2026-03-02T12:34:06+00:00\",\"description\":\"Therea bernhardti, l'elegante scarafaggio domino dell'India. Facile da curare, silenzioso e ideale per i terrari tropicali.\",\"breadcrumb\":{\"@id\":\"https:\\\/\\\/insektenliebe.com\\\/it\\\/shop\\\/prodotto\\\/therea-bernhardti\\\/#breadcrumb\"},\"inLanguage\":\"it-IT\",\"potentialAction\":[{\"@type\":\"ReadAction\",\"target\":[\"https:\\\/\\\/insektenliebe.com\\\/it\\\/shop\\\/prodotto\\\/therea-bernhardti\\\/\"]}]},{\"@type\":\"ImageObject\",\"inLanguage\":\"it-IT\",\"@id\":\"https:\\\/\\\/insektenliebe.com\\\/it\\\/shop\\\/prodotto\\\/therea-bernhardti\\\/#primaryimage\",\"url\":\"https:\\\/\\\/insektenliebe.com\\\/wp-content\\\/uploads\\\/2025\\\/05\\\/Therea-bernhardti-2.jpg\",\"contentUrl\":\"https:\\\/\\\/insektenliebe.com\\\/wp-content\\\/uploads\\\/2025\\\/05\\\/Therea-bernhardti-2.jpg\",\"width\":820,\"height\":820,\"caption\":\"Therea-bernhardti-2.jpg\"},{\"@type\":\"BreadcrumbList\",\"@id\":\"https:\\\/\\\/insektenliebe.com\\\/it\\\/shop\\\/prodotto\\\/therea-bernhardti\\\/#breadcrumb\",\"itemListElement\":[{\"@type\":\"ListItem\",\"position\":1,\"name\":\"Startseite\",\"item\":\"https:\\\/\\\/insektenliebe.com\\\/it\\\/\"},{\"@type\":\"ListItem\",\"position\":2,\"name\":\"Negozio\",\"item\":\"https:\\\/\\\/insektenliebe.com\\\/it\\\/negozio\\\/\"},{\"@type\":\"ListItem\",\"position\":3,\"name\":\"Therea bernhardti\"}]},{\"@type\":\"WebSite\",\"@id\":\"https:\\\/\\\/insektenliebe.com\\\/it\\\/#website\",\"url\":\"https:\\\/\\\/insektenliebe.com\\\/it\\\/\",\"name\":\"Insektenliebe\",\"description\":\"Dein Zuhause f\u00fcr die kleinen Lebewesen\",\"publisher\":{\"@id\":\"https:\\\/\\\/insektenliebe.com\\\/it\\\/#organization\"},\"potentialAction\":[{\"@type\":\"SearchAction\",\"target\":{\"@type\":\"EntryPoint\",\"urlTemplate\":\"https:\\\/\\\/insektenliebe.com\\\/it\\\/?s={search_term_string}\"},\"query-input\":{\"@type\":\"PropertyValueSpecification\",\"valueRequired\":true,\"valueName\":\"search_term_string\"}}],\"inLanguage\":\"it-IT\"},{\"@type\":\"Organization\",\"@id\":\"https:\\\/\\\/insektenliebe.com\\\/it\\\/#organization\",\"name\":\"Insektenliebe\",\"url\":\"https:\\\/\\\/insektenliebe.com\\\/it\\\/\",\"logo\":{\"@type\":\"ImageObject\",\"inLanguage\":\"it-IT\",\"@id\":\"https:\\\/\\\/insektenliebe.com\\\/it\\\/#\\\/schema\\\/logo\\\/image\\\/\",\"url\":\"https:\\\/\\\/insektenliebe.com\\\/wp-content\\\/uploads\\\/2025\\\/03\\\/logo-white.png\",\"contentUrl\":\"https:\\\/\\\/insektenliebe.com\\\/wp-content\\\/uploads\\\/2025\\\/03\\\/logo-white.png\",\"width\":288,\"height\":188,\"caption\":\"Insektenliebe\"},\"image\":{\"@id\":\"https:\\\/\\\/insektenliebe.com\\\/it\\\/#\\\/schema\\\/logo\\\/image\\\/\"}}]}<\/script>\n<!-- \/ Yoast SEO plugin. -->","yoast_head_json":{"title":"Therea bernhardti - Insektenliebe","description":"Therea bernhardti, l'elegante scarafaggio domino dell'India. Facile da curare, silenzioso e ideale per i terrari tropicali.","robots":{"index":"index","follow":"follow","max-snippet":"max-snippet:-1","max-image-preview":"max-image-preview:large","max-video-preview":"max-video-preview:-1"},"canonical":"https:\/\/insektenliebe.com\/it\/shop\/prodotto\/therea-bernhardti\/","og_locale":"it_IT","og_type":"article","og_title":"Therea bernhardti - Insektenliebe","og_description":"Therea bernhardti, l'elegante scarafaggio domino dell'India. Facile da curare, silenzioso e ideale per i terrari tropicali.","og_url":"https:\/\/insektenliebe.com\/it\/shop\/prodotto\/therea-bernhardti\/","og_site_name":"Insektenliebe","article_modified_time":"2026-03-02T12:34:06+00:00","og_image":[{"width":820,"height":820,"url":"https:\/\/insektenliebe.com\/wp-content\/uploads\/2025\/05\/Therea-bernhardti-2.jpg","type":"image\/jpeg"}],"twitter_card":"summary_large_image","twitter_misc":{"Tempo di lettura stimato":"2 minuto"},"schema":{"@context":"https:\/\/schema.org","@graph":[{"@type":"WebPage","@id":"https:\/\/insektenliebe.com\/it\/shop\/prodotto\/therea-bernhardti\/","url":"https:\/\/insektenliebe.com\/it\/shop\/prodotto\/therea-bernhardti\/","name":"Therea bernhardti - Insektenliebe","isPartOf":{"@id":"https:\/\/insektenliebe.com\/it\/#website"},"primaryImageOfPage":{"@id":"https:\/\/insektenliebe.com\/it\/shop\/prodotto\/therea-bernhardti\/#primaryimage"},"image":{"@id":"https:\/\/insektenliebe.com\/it\/shop\/prodotto\/therea-bernhardti\/#primaryimage"},"thumbnailUrl":"https:\/\/insektenliebe.com\/wp-content\/uploads\/2025\/05\/Therea-bernhardti-2.jpg","datePublished":"2021-04-16T07:58:31+00:00","dateModified":"2026-03-02T12:34:06+00:00","description":"Therea bernhardti, l'elegante scarafaggio domino dell'India. Facile da curare, silenzioso e ideale per i terrari tropicali.","breadcrumb":{"@id":"https:\/\/insektenliebe.com\/it\/shop\/prodotto\/therea-bernhardti\/#breadcrumb"},"inLanguage":"it-IT","potentialAction":[{"@type":"ReadAction","target":["https:\/\/insektenliebe.com\/it\/shop\/prodotto\/therea-bernhardti\/"]}]},{"@type":"ImageObject","inLanguage":"it-IT","@id":"https:\/\/insektenliebe.com\/it\/shop\/prodotto\/therea-bernhardti\/#primaryimage","url":"https:\/\/insektenliebe.com\/wp-content\/uploads\/2025\/05\/Therea-bernhardti-2.jpg","contentUrl":"https:\/\/insektenliebe.com\/wp-content\/uploads\/2025\/05\/Therea-bernhardti-2.jpg","width":820,"height":820,"caption":"Therea-bernhardti-2.jpg"},{"@type":"BreadcrumbList","@id":"https:\/\/insektenliebe.com\/it\/shop\/prodotto\/therea-bernhardti\/#breadcrumb","itemListElement":[{"@type":"ListItem","position":1,"name":"Startseite","item":"https:\/\/insektenliebe.com\/it\/"},{"@type":"ListItem","position":2,"name":"Negozio","item":"https:\/\/insektenliebe.com\/it\/negozio\/"},{"@type":"ListItem","position":3,"name":"Therea bernhardti"}]},{"@type":"WebSite","@id":"https:\/\/insektenliebe.com\/it\/#website","url":"https:\/\/insektenliebe.com\/it\/","name":"Insektenliebe","description":"Dein Zuhause f\u00fcr die kleinen Lebewesen","publisher":{"@id":"https:\/\/insektenliebe.com\/it\/#organization"},"potentialAction":[{"@type":"SearchAction","target":{"@type":"EntryPoint","urlTemplate":"https:\/\/insektenliebe.com\/it\/?s={search_term_string}"},"query-input":{"@type":"PropertyValueSpecification","valueRequired":true,"valueName":"search_term_string"}}],"inLanguage":"it-IT"},{"@type":"Organization","@id":"https:\/\/insektenliebe.com\/it\/#organization","name":"Insektenliebe","url":"https:\/\/insektenliebe.com\/it\/","logo":{"@type":"ImageObject","inLanguage":"it-IT","@id":"https:\/\/insektenliebe.com\/it\/#\/schema\/logo\/image\/","url":"https:\/\/insektenliebe.com\/wp-content\/uploads\/2025\/03\/logo-white.png","contentUrl":"https:\/\/insektenliebe.com\/wp-content\/uploads\/2025\/03\/logo-white.png","width":288,"height":188,"caption":"Insektenliebe"},"image":{"@id":"https:\/\/insektenliebe.com\/it\/#\/schema\/logo\/image\/"}}]}},"_links":{"self":[{"href":"https:\/\/insektenliebe.com\/it\/wp-json\/wp\/v2\/product\/185442","targetHints":{"allow":["GET"]}}],"collection":[{"href":"https:\/\/insektenliebe.com\/it\/wp-json\/wp\/v2\/product"}],"about":[{"href":"https:\/\/insektenliebe.com\/it\/wp-json\/wp\/v2\/types\/product"}],"wp:featuredmedia":[{"embeddable":true,"href":"https:\/\/insektenliebe.com\/it\/wp-json\/wp\/v2\/media\/185456"}],"wp:attachment":[{"href":"https:\/\/insektenliebe.com\/it\/wp-json\/wp\/v2\/media?parent=185442"}],"wp:term":[{"taxonomy":"product-supplier","embeddable":true,"href":"https:\/\/insektenliebe.com\/it\/wp-json\/wp\/v2\/product-supplier?post=185442"},{"taxonomy":"product_brand","embeddable":true,"href":"https:\/\/insektenliebe.com\/it\/wp-json\/wp\/v2\/product_brand?post=185442"},{"taxonomy":"product_cat","embeddable":true,"href":"https:\/\/insektenliebe.com\/it\/wp-json\/wp\/v2\/product_cat?post=185442"},{"taxonomy":"product_tag","embeddable":true,"href":"https:\/\/insektenliebe.com\/it\/wp-json\/wp\/v2\/product_tag?post=185442"},{"taxonomy":"lce-checkout-addons","embeddable":true,"href":"https:\/\/insektenliebe.com\/it\/wp-json\/wp\/v2\/lce-checkout-addons?post=185442"}],"curies":[{"name":"wp","href":"https:\/\/api.w.org\/{rel}","templated":true}]}}