{"id":185420,"date":"2020-05-29T14:04:00","date_gmt":"2020-05-29T12:04:00","guid":{"rendered":"https:\/\/insektenliebe.com\/shop\/produkt\/analocostreptus-servatius\/"},"modified":"2020-05-29T14:04:00","modified_gmt":"2020-05-29T12:04:00","slug":"analocostreptus-servatius","status":"publish","type":"product","link":"https:\/\/insektenliebe.com\/it\/shop\/prodotto\/analocostreptus-servatius\/","title":{"rendered":"Analocostreptus servatius"},"content":{"rendered":"<h3 class=\"p1\"><span style=\"color: #99cc33;\"><strong><span class=\"s1\">Analocostreptus servatius - perch\u00e9 \u00e8 ideale per i principianti<\/span><\/strong><\/span><\/h3>\n<p class=\"p1\"><strong><span class=\"s1\">Analocostreptus servatius<\/span><\/strong><span class=\"s2\">precedentemente conosciuto come <\/span><span class=\"s1\">Spirostreptus servatius<\/span><span class=\"s2\">\u00e8 una straordinaria specie di millepiedi proveniente dall&#8217;Africa occidentale e centrale. Con i suoi 20 cm di lunghezza, \u00e8 una delle specie pi\u00f9 grandi presenti nell&#8217;hobby. La testa arancione \u00e8 particolarmente appariscente e spicca nettamente sul corpo scuro: un contrasto cromatico impressionante che cattura immediatamente l&#8217;attenzione nel terrario.  <\/span><\/p>\n<p class=\"p1\"><span class=\"s2\">Questa specie \u00e8 ideale per i principianti perch\u00e9 \u00e8 facile da curare e robusta. A differenza di molti altri millepiedi, questa specie   <\/span><span class=\"s1\">A. servatius<\/span><span class=\"s2\">  pi\u00f9 spesso durante il giorno. Questo li rende particolarmente facili da osservare, il che li rende interessanti per i proprietari interessati alla natura. <\/span><\/p>\n<p class=\"p1\"><span class=\"s2\">Un terrario di medie dimensioni con almeno 15 cm di substrato scavabile \u00e8 sufficiente per tenerle. Un mix di humus di bosco, foglie, legno bianco marcio e un po&#8217; di calce \u00e8 l&#8217;ideale. Il substrato deve essere sciolto e leggermente umido. Le temperature ideali sono 25-28 \u00b0C e un&#8217;umidit\u00e0 compresa tra il 70 e l&#8217;80%. Corteccia, muschio e fogliame offrono all&#8217;animale dei nascondigli e favoriscono il suo comportamento naturale.    <\/span><\/p>\n<p class=\"p1\"><span class=\"s2\">La loro dieta consiste principalmente in materiale organico come foglie e legno decomposti. Puoi anche offrire verdure, frutta o cibo speciale per millepiedi. Particolarmente pratico:    <\/span><span class=\"s1\">A. servatius<\/span><span class=\"s2\"> aiuta a decomporre il materiale morto grazie alla sua attivit\u00e0 di alimentazione: un vero e proprio protettore del suolo nel mini-ecosistema del tuo terrario.<\/span><\/p>\n<p class=\"p1\"><span class=\"s2\">Da quando <strong><span class=\"s1\">Analocostreptus servatius<\/span><\/strong><\/span><span class=\"s2\">  non \u00e8 un animale da tana o da volo nel senso classico del termine, \u00e8 facile da osservare senza stressarsi. \u00c8 calmo, pacifico e mostra un comportamento interessante, soprattutto durante il foraggiamento. <\/span><\/p>\n<p class=\"p1\"><span class=\"s2\">Se stai cercando un animale da terrario colorato e facile da tenere, questa specie africana fa al caso tuo.<\/span><\/p>\n","protected":false},"excerpt":{"rendered":"<p>Analocostreptus servatius - perch\u00e9 \u00e8 ideale per i principianti Analocostreptus servatiusprecedentemente conosciuto come Spirostreptus servatius\u00e8 una straordinaria specie di millepiedi proveniente dall&#8217;Africa occidentale e centrale. Con i suoi 20 cm di lunghezza, \u00e8 una delle specie pi\u00f9 grandi presenti nell&#8217;hobby. La testa arancione \u00e8 particolarmente appariscente e spicca nettamente sul corpo scuro: un contrasto cromatico [&hellip;]<\/p>\n","protected":false},"featured_media":185436,"template":"","meta":{"_acf_changed":false},"product-supplier":[],"product_brand":[],"product_cat":[2870],"product_tag":[],"lce-checkout-addons":[2746],"class_list":{"0":"post-185420","1":"product","2":"type-product","3":"status-publish","4":"has-post-thumbnail","6":"product_cat-millipede","7":"product_shipping_class-spedizione-di-animali","8":"pa_geschlecht-donna","9":"pa_geschlecht-indeterminato","10":"pa_geschlecht-uomo","11":"pa_herkunft-nigeria","12":"pa_kontinent-africa","13":"lce-checkout-addons-imballaggio-invernale","15":"first","16":"instock","17":"taxable","18":"shipping-taxable","19":"purchasable","20":"product-type-variable"},"acf":[],"yoast_head":"<!-- This site is optimized with the Yoast SEO plugin v27.3 - https:\/\/yoast.com\/product\/yoast-seo-wordpress\/ -->\n<title>Analocostreptus servatius - Insektenliebe<\/title>\n<meta name=\"description\" content=\"Analocostreptus servatius - coloratissimo millepiedi gigante africano, ex Spirostreptus servatius. Acquista subito online su Insektenliebe!\" \/>\n<meta name=\"robots\" content=\"index, follow, max-snippet:-1, max-image-preview:large, max-video-preview:-1\" \/>\n<link rel=\"canonical\" href=\"https:\/\/insektenliebe.com\/it\/shop\/prodotto\/analocostreptus-servatius\/\" \/>\n<meta property=\"og:locale\" content=\"it_IT\" \/>\n<meta property=\"og:type\" content=\"article\" \/>\n<meta property=\"og:title\" content=\"Analocostreptus servatius - Insektenliebe\" \/>\n<meta property=\"og:description\" content=\"Analocostreptus servatius - coloratissimo millepiedi gigante africano, ex Spirostreptus servatius. Acquista subito online su Insektenliebe!\" \/>\n<meta property=\"og:url\" content=\"https:\/\/insektenliebe.com\/it\/shop\/prodotto\/analocostreptus-servatius\/\" \/>\n<meta property=\"og:site_name\" content=\"Insektenliebe\" \/>\n<meta property=\"og:image\" content=\"https:\/\/insektenliebe.com\/wp-content\/uploads\/2020\/05\/Analocostreptus-servatius.jpg\" \/>\n\t<meta property=\"og:image:width\" content=\"820\" \/>\n\t<meta property=\"og:image:height\" content=\"820\" \/>\n\t<meta property=\"og:image:type\" content=\"image\/jpeg\" \/>\n<meta name=\"twitter:card\" content=\"summary_large_image\" \/>\n<meta name=\"twitter:label1\" content=\"Tempo di lettura stimato\" \/>\n\t<meta name=\"twitter:data1\" content=\"1 minuto\" \/>\n<script type=\"application\/ld+json\" class=\"yoast-schema-graph\">{\"@context\":\"https:\\\/\\\/schema.org\",\"@graph\":[{\"@type\":\"WebPage\",\"@id\":\"https:\\\/\\\/insektenliebe.com\\\/it\\\/shop\\\/prodotto\\\/analocostreptus-servatius\\\/\",\"url\":\"https:\\\/\\\/insektenliebe.com\\\/it\\\/shop\\\/prodotto\\\/analocostreptus-servatius\\\/\",\"name\":\"Analocostreptus servatius - Insektenliebe\",\"isPartOf\":{\"@id\":\"https:\\\/\\\/insektenliebe.com\\\/it\\\/#website\"},\"primaryImageOfPage\":{\"@id\":\"https:\\\/\\\/insektenliebe.com\\\/it\\\/shop\\\/prodotto\\\/analocostreptus-servatius\\\/#primaryimage\"},\"image\":{\"@id\":\"https:\\\/\\\/insektenliebe.com\\\/it\\\/shop\\\/prodotto\\\/analocostreptus-servatius\\\/#primaryimage\"},\"thumbnailUrl\":\"https:\\\/\\\/insektenliebe.com\\\/wp-content\\\/uploads\\\/2020\\\/05\\\/Analocostreptus-servatius.jpg\",\"datePublished\":\"2020-05-29T12:04:00+00:00\",\"description\":\"Analocostreptus servatius - coloratissimo millepiedi gigante africano, ex Spirostreptus servatius. Acquista subito online su Insektenliebe!\",\"breadcrumb\":{\"@id\":\"https:\\\/\\\/insektenliebe.com\\\/it\\\/shop\\\/prodotto\\\/analocostreptus-servatius\\\/#breadcrumb\"},\"inLanguage\":\"it-IT\",\"potentialAction\":[{\"@type\":\"ReadAction\",\"target\":[\"https:\\\/\\\/insektenliebe.com\\\/it\\\/shop\\\/prodotto\\\/analocostreptus-servatius\\\/\"]}]},{\"@type\":\"ImageObject\",\"inLanguage\":\"it-IT\",\"@id\":\"https:\\\/\\\/insektenliebe.com\\\/it\\\/shop\\\/prodotto\\\/analocostreptus-servatius\\\/#primaryimage\",\"url\":\"https:\\\/\\\/insektenliebe.com\\\/wp-content\\\/uploads\\\/2020\\\/05\\\/Analocostreptus-servatius.jpg\",\"contentUrl\":\"https:\\\/\\\/insektenliebe.com\\\/wp-content\\\/uploads\\\/2020\\\/05\\\/Analocostreptus-servatius.jpg\",\"width\":820,\"height\":820,\"caption\":\"Analocostreptus servatius\"},{\"@type\":\"BreadcrumbList\",\"@id\":\"https:\\\/\\\/insektenliebe.com\\\/it\\\/shop\\\/prodotto\\\/analocostreptus-servatius\\\/#breadcrumb\",\"itemListElement\":[{\"@type\":\"ListItem\",\"position\":1,\"name\":\"Startseite\",\"item\":\"https:\\\/\\\/insektenliebe.com\\\/it\\\/\"},{\"@type\":\"ListItem\",\"position\":2,\"name\":\"Negozio\",\"item\":\"https:\\\/\\\/insektenliebe.com\\\/it\\\/negozio\\\/\"},{\"@type\":\"ListItem\",\"position\":3,\"name\":\"Analocostreptus servatius\"}]},{\"@type\":\"WebSite\",\"@id\":\"https:\\\/\\\/insektenliebe.com\\\/it\\\/#website\",\"url\":\"https:\\\/\\\/insektenliebe.com\\\/it\\\/\",\"name\":\"Insektenliebe\",\"description\":\"Dein Zuhause f\u00fcr die kleinen Lebewesen\",\"publisher\":{\"@id\":\"https:\\\/\\\/insektenliebe.com\\\/it\\\/#organization\"},\"potentialAction\":[{\"@type\":\"SearchAction\",\"target\":{\"@type\":\"EntryPoint\",\"urlTemplate\":\"https:\\\/\\\/insektenliebe.com\\\/it\\\/?s={search_term_string}\"},\"query-input\":{\"@type\":\"PropertyValueSpecification\",\"valueRequired\":true,\"valueName\":\"search_term_string\"}}],\"inLanguage\":\"it-IT\"},{\"@type\":\"Organization\",\"@id\":\"https:\\\/\\\/insektenliebe.com\\\/it\\\/#organization\",\"name\":\"Insektenliebe\",\"url\":\"https:\\\/\\\/insektenliebe.com\\\/it\\\/\",\"logo\":{\"@type\":\"ImageObject\",\"inLanguage\":\"it-IT\",\"@id\":\"https:\\\/\\\/insektenliebe.com\\\/it\\\/#\\\/schema\\\/logo\\\/image\\\/\",\"url\":\"https:\\\/\\\/insektenliebe.com\\\/wp-content\\\/uploads\\\/2025\\\/03\\\/logo-white.png\",\"contentUrl\":\"https:\\\/\\\/insektenliebe.com\\\/wp-content\\\/uploads\\\/2025\\\/03\\\/logo-white.png\",\"width\":288,\"height\":188,\"caption\":\"Insektenliebe\"},\"image\":{\"@id\":\"https:\\\/\\\/insektenliebe.com\\\/it\\\/#\\\/schema\\\/logo\\\/image\\\/\"}}]}<\/script>\n<!-- \/ Yoast SEO plugin. -->","yoast_head_json":{"title":"Analocostreptus servatius - Insektenliebe","description":"Analocostreptus servatius - coloratissimo millepiedi gigante africano, ex Spirostreptus servatius. Acquista subito online su Insektenliebe!","robots":{"index":"index","follow":"follow","max-snippet":"max-snippet:-1","max-image-preview":"max-image-preview:large","max-video-preview":"max-video-preview:-1"},"canonical":"https:\/\/insektenliebe.com\/it\/shop\/prodotto\/analocostreptus-servatius\/","og_locale":"it_IT","og_type":"article","og_title":"Analocostreptus servatius - Insektenliebe","og_description":"Analocostreptus servatius - coloratissimo millepiedi gigante africano, ex Spirostreptus servatius. Acquista subito online su Insektenliebe!","og_url":"https:\/\/insektenliebe.com\/it\/shop\/prodotto\/analocostreptus-servatius\/","og_site_name":"Insektenliebe","og_image":[{"width":820,"height":820,"url":"https:\/\/insektenliebe.com\/wp-content\/uploads\/2020\/05\/Analocostreptus-servatius.jpg","type":"image\/jpeg"}],"twitter_card":"summary_large_image","twitter_misc":{"Tempo di lettura stimato":"1 minuto"},"schema":{"@context":"https:\/\/schema.org","@graph":[{"@type":"WebPage","@id":"https:\/\/insektenliebe.com\/it\/shop\/prodotto\/analocostreptus-servatius\/","url":"https:\/\/insektenliebe.com\/it\/shop\/prodotto\/analocostreptus-servatius\/","name":"Analocostreptus servatius - Insektenliebe","isPartOf":{"@id":"https:\/\/insektenliebe.com\/it\/#website"},"primaryImageOfPage":{"@id":"https:\/\/insektenliebe.com\/it\/shop\/prodotto\/analocostreptus-servatius\/#primaryimage"},"image":{"@id":"https:\/\/insektenliebe.com\/it\/shop\/prodotto\/analocostreptus-servatius\/#primaryimage"},"thumbnailUrl":"https:\/\/insektenliebe.com\/wp-content\/uploads\/2020\/05\/Analocostreptus-servatius.jpg","datePublished":"2020-05-29T12:04:00+00:00","description":"Analocostreptus servatius - coloratissimo millepiedi gigante africano, ex Spirostreptus servatius. Acquista subito online su Insektenliebe!","breadcrumb":{"@id":"https:\/\/insektenliebe.com\/it\/shop\/prodotto\/analocostreptus-servatius\/#breadcrumb"},"inLanguage":"it-IT","potentialAction":[{"@type":"ReadAction","target":["https:\/\/insektenliebe.com\/it\/shop\/prodotto\/analocostreptus-servatius\/"]}]},{"@type":"ImageObject","inLanguage":"it-IT","@id":"https:\/\/insektenliebe.com\/it\/shop\/prodotto\/analocostreptus-servatius\/#primaryimage","url":"https:\/\/insektenliebe.com\/wp-content\/uploads\/2020\/05\/Analocostreptus-servatius.jpg","contentUrl":"https:\/\/insektenliebe.com\/wp-content\/uploads\/2020\/05\/Analocostreptus-servatius.jpg","width":820,"height":820,"caption":"Analocostreptus servatius"},{"@type":"BreadcrumbList","@id":"https:\/\/insektenliebe.com\/it\/shop\/prodotto\/analocostreptus-servatius\/#breadcrumb","itemListElement":[{"@type":"ListItem","position":1,"name":"Startseite","item":"https:\/\/insektenliebe.com\/it\/"},{"@type":"ListItem","position":2,"name":"Negozio","item":"https:\/\/insektenliebe.com\/it\/negozio\/"},{"@type":"ListItem","position":3,"name":"Analocostreptus servatius"}]},{"@type":"WebSite","@id":"https:\/\/insektenliebe.com\/it\/#website","url":"https:\/\/insektenliebe.com\/it\/","name":"Insektenliebe","description":"Dein Zuhause f\u00fcr die kleinen Lebewesen","publisher":{"@id":"https:\/\/insektenliebe.com\/it\/#organization"},"potentialAction":[{"@type":"SearchAction","target":{"@type":"EntryPoint","urlTemplate":"https:\/\/insektenliebe.com\/it\/?s={search_term_string}"},"query-input":{"@type":"PropertyValueSpecification","valueRequired":true,"valueName":"search_term_string"}}],"inLanguage":"it-IT"},{"@type":"Organization","@id":"https:\/\/insektenliebe.com\/it\/#organization","name":"Insektenliebe","url":"https:\/\/insektenliebe.com\/it\/","logo":{"@type":"ImageObject","inLanguage":"it-IT","@id":"https:\/\/insektenliebe.com\/it\/#\/schema\/logo\/image\/","url":"https:\/\/insektenliebe.com\/wp-content\/uploads\/2025\/03\/logo-white.png","contentUrl":"https:\/\/insektenliebe.com\/wp-content\/uploads\/2025\/03\/logo-white.png","width":288,"height":188,"caption":"Insektenliebe"},"image":{"@id":"https:\/\/insektenliebe.com\/it\/#\/schema\/logo\/image\/"}}]}},"_links":{"self":[{"href":"https:\/\/insektenliebe.com\/it\/wp-json\/wp\/v2\/product\/185420","targetHints":{"allow":["GET"]}}],"collection":[{"href":"https:\/\/insektenliebe.com\/it\/wp-json\/wp\/v2\/product"}],"about":[{"href":"https:\/\/insektenliebe.com\/it\/wp-json\/wp\/v2\/types\/product"}],"wp:featuredmedia":[{"embeddable":true,"href":"https:\/\/insektenliebe.com\/it\/wp-json\/wp\/v2\/media\/185436"}],"wp:attachment":[{"href":"https:\/\/insektenliebe.com\/it\/wp-json\/wp\/v2\/media?parent=185420"}],"wp:term":[{"taxonomy":"product-supplier","embeddable":true,"href":"https:\/\/insektenliebe.com\/it\/wp-json\/wp\/v2\/product-supplier?post=185420"},{"taxonomy":"product_brand","embeddable":true,"href":"https:\/\/insektenliebe.com\/it\/wp-json\/wp\/v2\/product_brand?post=185420"},{"taxonomy":"product_cat","embeddable":true,"href":"https:\/\/insektenliebe.com\/it\/wp-json\/wp\/v2\/product_cat?post=185420"},{"taxonomy":"product_tag","embeddable":true,"href":"https:\/\/insektenliebe.com\/it\/wp-json\/wp\/v2\/product_tag?post=185420"},{"taxonomy":"lce-checkout-addons","embeddable":true,"href":"https:\/\/insektenliebe.com\/it\/wp-json\/wp\/v2\/lce-checkout-addons?post=185420"}],"curies":[{"name":"wp","href":"https:\/\/api.w.org\/{rel}","templated":true}]}}