{"id":185419,"date":"2023-09-12T10:08:00","date_gmt":"2023-09-12T08:08:00","guid":{"rendered":"https:\/\/insektenliebe.com\/shop\/produkt\/set-completo-di-terrario-per-pidocchi\/"},"modified":"2023-09-12T10:08:00","modified_gmt":"2023-09-12T08:08:00","slug":"set-completo-di-terrario-per-pidocchi","status":"publish","type":"product","link":"https:\/\/insektenliebe.com\/it\/shop\/prodotto\/set-completo-di-terrario-per-pidocchi\/","title":{"rendered":"Set completo di terrario per pidocchi"},"content":{"rendered":"<h3><span style=\"color: #99cc33;\">Il set completo di terrari per isopodi: la tua introduzione ideale al mondo degli isopodi!<\/span><\/h3>\n<p>Vuoi immergerti nell&#8217;affascinante mondo delle cocciniglie? Con il nostro <strong>set completo di terrario per isopodi<\/strong> sei perfettamente attrezzato. \u00c8 adatto a tutte le specie di isopodi e ti fornisce la base perfetta per offrire alle tue piccole creature striscianti una casa accogliente.  <\/p>\n<p>Il <strong>set completo di terrario per isopodi<\/strong>, che misura 30 x 30 x 30 cm, ti offre spazio sufficiente per progettare in modo creativo il tuo piccolo mondo di isopodi. L&#8217;innovativo coperchio in garza rende super pratica l&#8217;apertura del terrario dall&#8217;alto. Questo \u00e8 particolarmente utile se vuoi aggiungere del cibo o semplicemente controllare i tuoi animali senza disturbarli. Grazie al coperchio di garza, puoi anche personalizzare l&#8217;altezza del substrato e garantire allo stesso tempo una ventilazione ottimale. Sei preoccupato per l&#8217;eccessiva evaporazione? Nessun problema! Basta coprire con un foglio di perspex o di pellicola trasparente per trattenere l&#8217;umidit\u00e0.      <\/p>\n<p>Con il nostro humus forestale sterilizzato, puoi creare la base ideale per il tuo Asselheim. 6 litri di questo substrato di alta qualit\u00e0 riempiono idealmente il livello di riempimento. Poich\u00e9 le cocciniglie hanno bisogno di calcare per il loro esoscheletro, abbiamo incluso un barattolo di graniglia di conchiglia. Mescolalo all&#8217;humus forestale per creare un substrato calcareo perfetto.   <\/p>\n<p>Offriamo ai tuoi isopodi 1 litro di legno marcio bianco e 1 litro di foglie da mangiare. Un pasto delizioso che puoi continuare ad aggiungere in un posto fisso nel terrario. Inoltre, l&#8217;osso di seppia non \u00e8 solo un&#8217;ulteriore fonte di calcio, ma \u00e8 anche particolarmente apprezzato dagli isopodi perch\u00e9 \u00e8 molto morbido.  <\/p>\n<p>Il muschio naturale di Hobby \u00e8 il rifugio perfetto. Basta immergerlo nell&#8217;acqua per creare un angolo umido nel <strong>terrario completo per isopodi<\/strong>. Un luogo sicuro, soprattutto quando gli isopodi fanno la muta.  <\/p>\n<p>La nostra pietra calcarea Hobby non \u00e8 solo una gioia per gli occhi: con i suoi numerosi buchi e nascondigli \u00e8 anche lo spazio perfetto per gli isopodi per nascondersi e giocare. Il buddahnut, un guscio di noce naturale, diventer\u00e0 presto il luogo preferito dei tuoi isopodi. Un nascondiglio buio e accogliente che si integra perfettamente con il design naturale del tuo <strong>terrario per isopodi completo<\/strong>.  <\/p>\n<p>Trasforma la tua casa in un paradiso per le cocciniglie. Inizia senza problemi con il nostro <strong>set completo di terrari per isopodi<\/strong>! <\/p>\n","protected":false},"excerpt":{"rendered":"<p>Il set completo di terrari per isopodi: la tua introduzione ideale al mondo degli isopodi! Vuoi immergerti nell&#8217;affascinante mondo delle cocciniglie? Con il nostro set completo di terrario per isopodi sei perfettamente attrezzato. \u00c8 adatto a tutte le specie di isopodi e ti fornisce la base perfetta per offrire alle tue piccole creature striscianti una [&hellip;]<\/p>\n","protected":false},"featured_media":185421,"template":"","meta":{"_acf_changed":false},"product-supplier":[],"product_brand":[],"product_cat":[2854],"product_tag":[],"lce-checkout-addons":[],"class_list":{"0":"post-185419","1":"product","2":"type-product","3":"status-publish","4":"has-post-thumbnail","6":"product_cat-set-completo","7":"product_shipping_class-equipment-shipping","9":"first","10":"instock","11":"sale","12":"taxable","13":"shipping-taxable","14":"purchasable","15":"product-type-bundle"},"acf":[],"yoast_head":"<!-- This site is optimized with the Yoast SEO plugin v27.3 - https:\/\/yoast.com\/product\/yoast-seo-wordpress\/ -->\n<title>Set completo di terrario per pidocchi - Insektenliebe<\/title>\n<meta name=\"description\" content=\"Qui puoi acquistare direttamente online un set completo di terrari per isopodi. Il nostro set completo di terrari per isopodi \u00e8 adatto a tutte le specie di isopodi.\" \/>\n<meta name=\"robots\" content=\"index, follow, max-snippet:-1, max-image-preview:large, max-video-preview:-1\" \/>\n<link rel=\"canonical\" href=\"https:\/\/insektenliebe.com\/it\/shop\/prodotto\/set-completo-di-terrario-per-pidocchi\/\" \/>\n<meta property=\"og:locale\" content=\"it_IT\" \/>\n<meta property=\"og:type\" content=\"article\" \/>\n<meta property=\"og:title\" content=\"Set completo di terrario per pidocchi - Insektenliebe\" \/>\n<meta property=\"og:description\" content=\"Qui puoi acquistare direttamente online un set completo di terrari per isopodi. Il nostro set completo di terrari per isopodi \u00e8 adatto a tutte le specie di isopodi.\" \/>\n<meta property=\"og:url\" content=\"https:\/\/insektenliebe.com\/it\/shop\/prodotto\/set-completo-di-terrario-per-pidocchi\/\" \/>\n<meta property=\"og:site_name\" content=\"Insektenliebe\" \/>\n<meta property=\"og:image\" content=\"https:\/\/insektenliebe.com\/wp-content\/uploads\/2025\/05\/Assel-Terrarium-Komplettset-eingerichtet-2.jpg\" \/>\n\t<meta property=\"og:image:width\" content=\"820\" \/>\n\t<meta property=\"og:image:height\" content=\"820\" \/>\n\t<meta property=\"og:image:type\" content=\"image\/jpeg\" \/>\n<meta name=\"twitter:card\" content=\"summary_large_image\" \/>\n<meta name=\"twitter:label1\" content=\"Tempo di lettura stimato\" \/>\n\t<meta name=\"twitter:data1\" content=\"2 minuto\" \/>\n<script type=\"application\/ld+json\" class=\"yoast-schema-graph\">{\"@context\":\"https:\\\/\\\/schema.org\",\"@graph\":[{\"@type\":\"WebPage\",\"@id\":\"https:\\\/\\\/insektenliebe.com\\\/it\\\/shop\\\/prodotto\\\/set-completo-di-terrario-per-pidocchi\\\/\",\"url\":\"https:\\\/\\\/insektenliebe.com\\\/it\\\/shop\\\/prodotto\\\/set-completo-di-terrario-per-pidocchi\\\/\",\"name\":\"Set completo di terrario per pidocchi - Insektenliebe\",\"isPartOf\":{\"@id\":\"https:\\\/\\\/insektenliebe.com\\\/it\\\/#website\"},\"primaryImageOfPage\":{\"@id\":\"https:\\\/\\\/insektenliebe.com\\\/it\\\/shop\\\/prodotto\\\/set-completo-di-terrario-per-pidocchi\\\/#primaryimage\"},\"image\":{\"@id\":\"https:\\\/\\\/insektenliebe.com\\\/it\\\/shop\\\/prodotto\\\/set-completo-di-terrario-per-pidocchi\\\/#primaryimage\"},\"thumbnailUrl\":\"https:\\\/\\\/insektenliebe.com\\\/wp-content\\\/uploads\\\/2025\\\/05\\\/Assel-Terrarium-Komplettset-eingerichtet-2.jpg\",\"datePublished\":\"2023-09-12T08:08:00+00:00\",\"description\":\"Qui puoi acquistare direttamente online un set completo di terrari per isopodi. Il nostro set completo di terrari per isopodi \u00e8 adatto a tutte le specie di isopodi.\",\"breadcrumb\":{\"@id\":\"https:\\\/\\\/insektenliebe.com\\\/it\\\/shop\\\/prodotto\\\/set-completo-di-terrario-per-pidocchi\\\/#breadcrumb\"},\"inLanguage\":\"it-IT\",\"potentialAction\":[{\"@type\":\"ReadAction\",\"target\":[\"https:\\\/\\\/insektenliebe.com\\\/it\\\/shop\\\/prodotto\\\/set-completo-di-terrario-per-pidocchi\\\/\"]}]},{\"@type\":\"ImageObject\",\"inLanguage\":\"it-IT\",\"@id\":\"https:\\\/\\\/insektenliebe.com\\\/it\\\/shop\\\/prodotto\\\/set-completo-di-terrario-per-pidocchi\\\/#primaryimage\",\"url\":\"https:\\\/\\\/insektenliebe.com\\\/wp-content\\\/uploads\\\/2025\\\/05\\\/Assel-Terrarium-Komplettset-eingerichtet-2.jpg\",\"contentUrl\":\"https:\\\/\\\/insektenliebe.com\\\/wp-content\\\/uploads\\\/2025\\\/05\\\/Assel-Terrarium-Komplettset-eingerichtet-2.jpg\",\"width\":820,\"height\":820,\"caption\":\"isopod-terrarium-set completo-attrezzato-2.jpg\"},{\"@type\":\"BreadcrumbList\",\"@id\":\"https:\\\/\\\/insektenliebe.com\\\/it\\\/shop\\\/prodotto\\\/set-completo-di-terrario-per-pidocchi\\\/#breadcrumb\",\"itemListElement\":[{\"@type\":\"ListItem\",\"position\":1,\"name\":\"Startseite\",\"item\":\"https:\\\/\\\/insektenliebe.com\\\/it\\\/\"},{\"@type\":\"ListItem\",\"position\":2,\"name\":\"Negozio\",\"item\":\"https:\\\/\\\/insektenliebe.com\\\/it\\\/negozio\\\/\"},{\"@type\":\"ListItem\",\"position\":3,\"name\":\"Set completo di terrario per pidocchi\"}]},{\"@type\":\"WebSite\",\"@id\":\"https:\\\/\\\/insektenliebe.com\\\/it\\\/#website\",\"url\":\"https:\\\/\\\/insektenliebe.com\\\/it\\\/\",\"name\":\"Insektenliebe\",\"description\":\"Dein Zuhause f\u00fcr die kleinen Lebewesen\",\"publisher\":{\"@id\":\"https:\\\/\\\/insektenliebe.com\\\/it\\\/#organization\"},\"potentialAction\":[{\"@type\":\"SearchAction\",\"target\":{\"@type\":\"EntryPoint\",\"urlTemplate\":\"https:\\\/\\\/insektenliebe.com\\\/it\\\/?s={search_term_string}\"},\"query-input\":{\"@type\":\"PropertyValueSpecification\",\"valueRequired\":true,\"valueName\":\"search_term_string\"}}],\"inLanguage\":\"it-IT\"},{\"@type\":\"Organization\",\"@id\":\"https:\\\/\\\/insektenliebe.com\\\/it\\\/#organization\",\"name\":\"Insektenliebe\",\"url\":\"https:\\\/\\\/insektenliebe.com\\\/it\\\/\",\"logo\":{\"@type\":\"ImageObject\",\"inLanguage\":\"it-IT\",\"@id\":\"https:\\\/\\\/insektenliebe.com\\\/it\\\/#\\\/schema\\\/logo\\\/image\\\/\",\"url\":\"https:\\\/\\\/insektenliebe.com\\\/wp-content\\\/uploads\\\/2025\\\/03\\\/logo-white.png\",\"contentUrl\":\"https:\\\/\\\/insektenliebe.com\\\/wp-content\\\/uploads\\\/2025\\\/03\\\/logo-white.png\",\"width\":288,\"height\":188,\"caption\":\"Insektenliebe\"},\"image\":{\"@id\":\"https:\\\/\\\/insektenliebe.com\\\/it\\\/#\\\/schema\\\/logo\\\/image\\\/\"}}]}<\/script>\n<!-- \/ Yoast SEO plugin. -->","yoast_head_json":{"title":"Set completo di terrario per pidocchi - Insektenliebe","description":"Qui puoi acquistare direttamente online un set completo di terrari per isopodi. Il nostro set completo di terrari per isopodi \u00e8 adatto a tutte le specie di isopodi.","robots":{"index":"index","follow":"follow","max-snippet":"max-snippet:-1","max-image-preview":"max-image-preview:large","max-video-preview":"max-video-preview:-1"},"canonical":"https:\/\/insektenliebe.com\/it\/shop\/prodotto\/set-completo-di-terrario-per-pidocchi\/","og_locale":"it_IT","og_type":"article","og_title":"Set completo di terrario per pidocchi - Insektenliebe","og_description":"Qui puoi acquistare direttamente online un set completo di terrari per isopodi. Il nostro set completo di terrari per isopodi \u00e8 adatto a tutte le specie di isopodi.","og_url":"https:\/\/insektenliebe.com\/it\/shop\/prodotto\/set-completo-di-terrario-per-pidocchi\/","og_site_name":"Insektenliebe","og_image":[{"width":820,"height":820,"url":"https:\/\/insektenliebe.com\/wp-content\/uploads\/2025\/05\/Assel-Terrarium-Komplettset-eingerichtet-2.jpg","type":"image\/jpeg"}],"twitter_card":"summary_large_image","twitter_misc":{"Tempo di lettura stimato":"2 minuto"},"schema":{"@context":"https:\/\/schema.org","@graph":[{"@type":"WebPage","@id":"https:\/\/insektenliebe.com\/it\/shop\/prodotto\/set-completo-di-terrario-per-pidocchi\/","url":"https:\/\/insektenliebe.com\/it\/shop\/prodotto\/set-completo-di-terrario-per-pidocchi\/","name":"Set completo di terrario per pidocchi - Insektenliebe","isPartOf":{"@id":"https:\/\/insektenliebe.com\/it\/#website"},"primaryImageOfPage":{"@id":"https:\/\/insektenliebe.com\/it\/shop\/prodotto\/set-completo-di-terrario-per-pidocchi\/#primaryimage"},"image":{"@id":"https:\/\/insektenliebe.com\/it\/shop\/prodotto\/set-completo-di-terrario-per-pidocchi\/#primaryimage"},"thumbnailUrl":"https:\/\/insektenliebe.com\/wp-content\/uploads\/2025\/05\/Assel-Terrarium-Komplettset-eingerichtet-2.jpg","datePublished":"2023-09-12T08:08:00+00:00","description":"Qui puoi acquistare direttamente online un set completo di terrari per isopodi. Il nostro set completo di terrari per isopodi \u00e8 adatto a tutte le specie di isopodi.","breadcrumb":{"@id":"https:\/\/insektenliebe.com\/it\/shop\/prodotto\/set-completo-di-terrario-per-pidocchi\/#breadcrumb"},"inLanguage":"it-IT","potentialAction":[{"@type":"ReadAction","target":["https:\/\/insektenliebe.com\/it\/shop\/prodotto\/set-completo-di-terrario-per-pidocchi\/"]}]},{"@type":"ImageObject","inLanguage":"it-IT","@id":"https:\/\/insektenliebe.com\/it\/shop\/prodotto\/set-completo-di-terrario-per-pidocchi\/#primaryimage","url":"https:\/\/insektenliebe.com\/wp-content\/uploads\/2025\/05\/Assel-Terrarium-Komplettset-eingerichtet-2.jpg","contentUrl":"https:\/\/insektenliebe.com\/wp-content\/uploads\/2025\/05\/Assel-Terrarium-Komplettset-eingerichtet-2.jpg","width":820,"height":820,"caption":"isopod-terrarium-set completo-attrezzato-2.jpg"},{"@type":"BreadcrumbList","@id":"https:\/\/insektenliebe.com\/it\/shop\/prodotto\/set-completo-di-terrario-per-pidocchi\/#breadcrumb","itemListElement":[{"@type":"ListItem","position":1,"name":"Startseite","item":"https:\/\/insektenliebe.com\/it\/"},{"@type":"ListItem","position":2,"name":"Negozio","item":"https:\/\/insektenliebe.com\/it\/negozio\/"},{"@type":"ListItem","position":3,"name":"Set completo di terrario per pidocchi"}]},{"@type":"WebSite","@id":"https:\/\/insektenliebe.com\/it\/#website","url":"https:\/\/insektenliebe.com\/it\/","name":"Insektenliebe","description":"Dein Zuhause f\u00fcr die kleinen Lebewesen","publisher":{"@id":"https:\/\/insektenliebe.com\/it\/#organization"},"potentialAction":[{"@type":"SearchAction","target":{"@type":"EntryPoint","urlTemplate":"https:\/\/insektenliebe.com\/it\/?s={search_term_string}"},"query-input":{"@type":"PropertyValueSpecification","valueRequired":true,"valueName":"search_term_string"}}],"inLanguage":"it-IT"},{"@type":"Organization","@id":"https:\/\/insektenliebe.com\/it\/#organization","name":"Insektenliebe","url":"https:\/\/insektenliebe.com\/it\/","logo":{"@type":"ImageObject","inLanguage":"it-IT","@id":"https:\/\/insektenliebe.com\/it\/#\/schema\/logo\/image\/","url":"https:\/\/insektenliebe.com\/wp-content\/uploads\/2025\/03\/logo-white.png","contentUrl":"https:\/\/insektenliebe.com\/wp-content\/uploads\/2025\/03\/logo-white.png","width":288,"height":188,"caption":"Insektenliebe"},"image":{"@id":"https:\/\/insektenliebe.com\/it\/#\/schema\/logo\/image\/"}}]}},"_links":{"self":[{"href":"https:\/\/insektenliebe.com\/it\/wp-json\/wp\/v2\/product\/185419","targetHints":{"allow":["GET"]}}],"collection":[{"href":"https:\/\/insektenliebe.com\/it\/wp-json\/wp\/v2\/product"}],"about":[{"href":"https:\/\/insektenliebe.com\/it\/wp-json\/wp\/v2\/types\/product"}],"wp:featuredmedia":[{"embeddable":true,"href":"https:\/\/insektenliebe.com\/it\/wp-json\/wp\/v2\/media\/185421"}],"wp:attachment":[{"href":"https:\/\/insektenliebe.com\/it\/wp-json\/wp\/v2\/media?parent=185419"}],"wp:term":[{"taxonomy":"product-supplier","embeddable":true,"href":"https:\/\/insektenliebe.com\/it\/wp-json\/wp\/v2\/product-supplier?post=185419"},{"taxonomy":"product_brand","embeddable":true,"href":"https:\/\/insektenliebe.com\/it\/wp-json\/wp\/v2\/product_brand?post=185419"},{"taxonomy":"product_cat","embeddable":true,"href":"https:\/\/insektenliebe.com\/it\/wp-json\/wp\/v2\/product_cat?post=185419"},{"taxonomy":"product_tag","embeddable":true,"href":"https:\/\/insektenliebe.com\/it\/wp-json\/wp\/v2\/product_tag?post=185419"},{"taxonomy":"lce-checkout-addons","embeddable":true,"href":"https:\/\/insektenliebe.com\/it\/wp-json\/wp\/v2\/lce-checkout-addons?post=185419"}],"curies":[{"name":"wp","href":"https:\/\/api.w.org\/{rel}","templated":true}]}}