{"id":185404,"date":"2020-07-10T08:16:30","date_gmt":"2020-07-10T08:16:30","guid":{"rendered":"https:\/\/insektenliebe.com\/shop\/produkt\/haplopelma-minax\/"},"modified":"2026-03-15T11:44:10","modified_gmt":"2026-03-15T10:44:10","slug":"haplopelma-minax","status":"publish","type":"product","link":"https:\/\/insektenliebe.com\/it\/shop\/prodotto\/haplopelma-minax\/","title":{"rendered":"Cyriopagopus minax"},"content":{"rendered":"<h3><span class=\"s1\" style=\"color: #99cc33;\">Cyriopagopus minax - Il cacciatore sotterraneo nel terrario<\/span><\/h3>\n<p class=\"p1\"><span class=\"s2\">Il<strong>Cyriopagopus minax<\/strong> \u00e8 un&#8217;imponente tarantola a tubo <\/span><span class=\"s1\">tarantola tubiforme del sud-est asiatico<\/span><span class=\"s2\">che \u00e8 nota soprattutto per il suo forte comportamento di scavatore. In natura, questa specie vive principalmente sottoterra, dove crea profonde tane in cui trascorre la maggior parte della sua vita. <\/span><\/p>\n<p class=\"p1\"><span class=\"s2\">Il ragno ha una <\/span><span class=\"s1\">colorazione di base che va dal marrone scuro al nero<\/span><span class=\"s2\">che gli conferisce un&#8217;eccellente mimetizzazione nel substrato. La sua corporatura robusta e le sue lunghe zampe le conferiscono un aspetto molto imponente. <\/span><\/p>\n<p class=\"p1\"><span class=\"s2\">Con un&#8217;apertura delle gambe di circa <\/span><span class=\"s1\">12-15 cm<\/span><span class=\"s2\"> appartiene alla specie <strong>Cyriopagopus minax<\/strong><\/span><span class=\"s2\">  alle tarantole di medie e grandi dimensioni. Allo stesso tempo, questa specie \u00e8 nota per i suoi   <\/span><span class=\"s1\">comportamento difensivo<\/span><span class=\"s2\"> comportamento difensivo e quindi dovrebbero essere <\/span><span class=\"s1\">proprietari esperti<\/span><span class=\"s2\"> dovrebbero essere accuditi.<\/span><\/p>\n<p class=\"p1\"><span class=\"s2\">Il terrario adatto per la conservazione \u00e8 un <\/span><span class=\"s1\">Terrario di circa 30 \u00d7 30 \u00d7 30 cm<\/span><span class=\"s2\">. Particolarmente importante \u00e8 un  <\/span><span class=\"s1\">substrato profondo<\/span><span class=\"s2\">poich\u00e9 gli animali amano scavare e creare le proprie tane.<\/span><\/p>\n<p class=\"p1\"><span class=\"s2\">Un substrato adatto \u00e8 <\/span><span class=\"s1\">substrato scavabile<\/span><span class=\"s2\">ad esempio una miscela di humus forestale o il nostro substrato per tarantole. Lo strato di substrato deve   <\/span><span class=\"s1\">essere alto almeno 15-20 cm<\/span><span class=\"s2\"> in modo che il ragno abbia spazio sufficiente per scavare.<\/span><\/p>\n<p class=\"p1\"><span class=\"s2\">Inoltre, una <\/span><span class=\"s1\">corteccia o radice di sughero<\/span><span class=\"s2\">  sono offerti come ingresso per un tubo vivente. Il ragno spesso inizia a costruire i suoi tunnel sotterranei da l\u00ec. <\/span><\/p>\n<p class=\"p1\"><span class=\"s2\">Le temperature devono essere comprese tra <\/span><span class=\"s1\">24 e 28 \u00b0C<\/span><span class=\"s2\">  mentire. Allo stesso tempo, la specie preferisce una  <\/span><span class=\"s1\">Umidit\u00e0 relativamente alta, intorno al 70-80%<\/span><span class=\"s2\">. Il substrato deve quindi essere mantenuto leggermente umido, ma senza ristagni d&#8217;acqua.<\/span><\/p>\n<p class=\"p1\"><span class=\"s2\">Il cibo adatto \u00e8 <\/span><span class=\"s1\">Grilli, scarafaggi o altri insetti adatti all&#8217;alimentazione<\/span><span class=\"s2\">. Il ragno di solito si apposta all&#8217;ingresso del suo tubo e afferra la preda alla velocit\u00e0 della luce non appena la raggiunge.<\/span><\/p>\n<p class=\"p1\"><span class=\"s2\">Grazie al loro <\/span><span class=\"s1\">entusiasmante comportamento di scavo<\/span><span class=\"s2\">il loro <\/span><span class=\"s1\">aspetto possente<\/span><span class=\"s2\"> e il loro <\/span><span class=\"s1\">tipico comportamento di caccia in agguato<\/span><span class=\"s2\"> appartiene alla famiglia <strong>Cyriopagopus minax<\/strong><\/span><span class=\"s2\">  \u00e8 una delle tarantole asiatiche pi\u00f9 affascinanti. Per i detentori esperti, questa specie \u00e8 un abitante impressionante del terrario. <\/span><\/p>\n","protected":false},"excerpt":{"rendered":"<p>Cyriopagopus minax - Il cacciatore sotterraneo nel terrario IlCyriopagopus minax \u00e8 un&#8217;imponente tarantola a tubo tarantola tubiforme del sud-est asiaticoche \u00e8 nota soprattutto per il suo forte comportamento di scavatore. In natura, questa specie vive principalmente sottoterra, dove crea profonde tane in cui trascorre la maggior parte della sua vita. Il ragno ha una colorazione [&hellip;]<\/p>\n","protected":false},"featured_media":193986,"template":"","meta":{"_acf_changed":false},"product-supplier":[],"product_brand":[],"product_cat":[2809,3004],"product_tag":[],"lce-checkout-addons":[2746],"class_list":{"0":"post-185404","1":"product","2":"type-product","3":"status-publish","4":"has-post-thumbnail","6":"product_cat-ragni","7":"product_cat-tarantole","8":"product_shipping_class-spedizione-di-animali","9":"pa_geschlecht-donna","10":"pa_geschlecht-indeterminato","11":"pa_geschlecht-uomo","12":"pa_herkunft-thailandia","13":"pa_kontinent-asia","14":"lce-checkout-addons-imballaggio-invernale","16":"first","17":"outofstock","18":"taxable","19":"shipping-taxable","20":"purchasable","21":"product-type-variable"},"acf":[],"yoast_head":"<!-- This site is optimized with the Yoast SEO Premium plugin v26.8 (Yoast SEO v27.3) - https:\/\/yoast.com\/product\/yoast-seo-premium-wordpress\/ -->\n<title>Cyriopagopus minax - Insektenliebe<\/title>\n<meta name=\"description\" content=\"Cyriopagopus minax - tarantola tenebrosa del Sud-Est asiatico. Informazioni su allevamento, terrario, clima, comportamento e cura di questa impressionante specie.\" \/>\n<meta name=\"robots\" content=\"index, follow, max-snippet:-1, max-image-preview:large, max-video-preview:-1\" \/>\n<link rel=\"canonical\" href=\"https:\/\/insektenliebe.com\/it\/shop\/prodotto\/haplopelma-minax\/\" \/>\n<meta property=\"og:locale\" content=\"it_IT\" \/>\n<meta property=\"og:type\" content=\"article\" \/>\n<meta property=\"og:title\" content=\"Cyriopagopus minax\" \/>\n<meta property=\"og:description\" content=\"Cyriopagopus minax - tarantola tenebrosa del Sud-Est asiatico. Informazioni su allevamento, terrario, clima, comportamento e cura di questa impressionante specie.\" \/>\n<meta property=\"og:url\" content=\"https:\/\/insektenliebe.com\/it\/shop\/prodotto\/haplopelma-minax\/\" \/>\n<meta property=\"og:site_name\" content=\"Insektenliebe\" \/>\n<meta property=\"article:modified_time\" content=\"2026-03-15T10:44:10+00:00\" \/>\n<meta property=\"og:image\" content=\"https:\/\/insektenliebe.com\/wp-content\/uploads\/2020\/07\/Cyriopagopus-minax.jpg\" \/>\n\t<meta property=\"og:image:width\" content=\"820\" \/>\n\t<meta property=\"og:image:height\" content=\"820\" \/>\n\t<meta property=\"og:image:type\" content=\"image\/jpeg\" \/>\n<meta name=\"twitter:card\" content=\"summary_large_image\" \/>\n<meta name=\"twitter:label1\" content=\"Disponibilit\u00e0\" \/>\n\t<meta name=\"twitter:data1\" content=\"Esaurito\" \/>\n<script type=\"application\/ld+json\" class=\"yoast-schema-graph\">{\"@context\":\"https:\\\/\\\/schema.org\",\"@graph\":[{\"@type\":\"WebPage\",\"@id\":\"https:\\\/\\\/insektenliebe.com\\\/it\\\/shop\\\/prodotto\\\/haplopelma-minax\\\/\",\"url\":\"https:\\\/\\\/insektenliebe.com\\\/it\\\/shop\\\/prodotto\\\/haplopelma-minax\\\/\",\"name\":\"Cyriopagopus minax - Insektenliebe\",\"isPartOf\":{\"@id\":\"https:\\\/\\\/insektenliebe.com\\\/it\\\/#website\"},\"primaryImageOfPage\":{\"@id\":\"https:\\\/\\\/insektenliebe.com\\\/it\\\/shop\\\/prodotto\\\/haplopelma-minax\\\/#primaryimage\"},\"image\":{\"@id\":\"https:\\\/\\\/insektenliebe.com\\\/it\\\/shop\\\/prodotto\\\/haplopelma-minax\\\/#primaryimage\"},\"thumbnailUrl\":\"https:\\\/\\\/insektenliebe.com\\\/wp-content\\\/uploads\\\/2020\\\/07\\\/Cyriopagopus-minax.jpg\",\"datePublished\":\"2020-07-10T08:16:30+00:00\",\"dateModified\":\"2026-03-15T10:44:10+00:00\",\"description\":\"Cyriopagopus minax - tarantola tenebrosa del Sud-Est asiatico. Informazioni su allevamento, terrario, clima, comportamento e cura di questa impressionante specie.\",\"breadcrumb\":{\"@id\":\"https:\\\/\\\/insektenliebe.com\\\/it\\\/shop\\\/prodotto\\\/haplopelma-minax\\\/#breadcrumb\"},\"inLanguage\":\"it-IT\",\"potentialAction\":[{\"@type\":\"ReadAction\",\"target\":[\"https:\\\/\\\/insektenliebe.com\\\/it\\\/shop\\\/prodotto\\\/haplopelma-minax\\\/\"]}]},{\"@type\":\"ImageObject\",\"inLanguage\":\"it-IT\",\"@id\":\"https:\\\/\\\/insektenliebe.com\\\/it\\\/shop\\\/prodotto\\\/haplopelma-minax\\\/#primaryimage\",\"url\":\"https:\\\/\\\/insektenliebe.com\\\/wp-content\\\/uploads\\\/2020\\\/07\\\/Cyriopagopus-minax.jpg\",\"contentUrl\":\"https:\\\/\\\/insektenliebe.com\\\/wp-content\\\/uploads\\\/2020\\\/07\\\/Cyriopagopus-minax.jpg\",\"width\":820,\"height\":820,\"caption\":\"Cyriopagopus minax\"},{\"@type\":\"BreadcrumbList\",\"@id\":\"https:\\\/\\\/insektenliebe.com\\\/it\\\/shop\\\/prodotto\\\/haplopelma-minax\\\/#breadcrumb\",\"itemListElement\":[{\"@type\":\"ListItem\",\"position\":1,\"name\":\"Startseite\",\"item\":\"https:\\\/\\\/insektenliebe.com\\\/it\\\/\"},{\"@type\":\"ListItem\",\"position\":2,\"name\":\"Negozio\",\"item\":\"https:\\\/\\\/insektenliebe.com\\\/it\\\/negozio\\\/\"},{\"@type\":\"ListItem\",\"position\":3,\"name\":\"Cyriopagopus minax\"}]},{\"@type\":\"WebSite\",\"@id\":\"https:\\\/\\\/insektenliebe.com\\\/it\\\/#website\",\"url\":\"https:\\\/\\\/insektenliebe.com\\\/it\\\/\",\"name\":\"Insektenliebe\",\"description\":\"Dein Zuhause f\u00fcr die kleinen Lebewesen\",\"publisher\":{\"@id\":\"https:\\\/\\\/insektenliebe.com\\\/it\\\/#organization\"},\"potentialAction\":[{\"@type\":\"SearchAction\",\"target\":{\"@type\":\"EntryPoint\",\"urlTemplate\":\"https:\\\/\\\/insektenliebe.com\\\/it\\\/?s={search_term_string}\"},\"query-input\":{\"@type\":\"PropertyValueSpecification\",\"valueRequired\":true,\"valueName\":\"search_term_string\"}}],\"inLanguage\":\"it-IT\"},{\"@type\":\"Organization\",\"@id\":\"https:\\\/\\\/insektenliebe.com\\\/it\\\/#organization\",\"name\":\"Insektenliebe\",\"url\":\"https:\\\/\\\/insektenliebe.com\\\/it\\\/\",\"logo\":{\"@type\":\"ImageObject\",\"inLanguage\":\"it-IT\",\"@id\":\"https:\\\/\\\/insektenliebe.com\\\/it\\\/#\\\/schema\\\/logo\\\/image\\\/\",\"url\":\"https:\\\/\\\/insektenliebe.com\\\/wp-content\\\/uploads\\\/2025\\\/03\\\/logo-white.png\",\"contentUrl\":\"https:\\\/\\\/insektenliebe.com\\\/wp-content\\\/uploads\\\/2025\\\/03\\\/logo-white.png\",\"width\":288,\"height\":188,\"caption\":\"Insektenliebe\"},\"image\":{\"@id\":\"https:\\\/\\\/insektenliebe.com\\\/it\\\/#\\\/schema\\\/logo\\\/image\\\/\"}}]}<\/script>\n<meta property=\"og:availability\" content=\"out of stock\" \/>\n<meta property=\"product:availability\" content=\"out of stock\" \/>\n<meta property=\"product:retailer_item_id\" content=\"546\" \/>\n<meta property=\"product:condition\" content=\"new\" \/>\n<!-- \/ Yoast SEO Premium plugin. -->","yoast_head_json":{"title":"Cyriopagopus minax - Insektenliebe","description":"Cyriopagopus minax - tarantola tenebrosa del Sud-Est asiatico. Informazioni su allevamento, terrario, clima, comportamento e cura di questa impressionante specie.","robots":{"index":"index","follow":"follow","max-snippet":"max-snippet:-1","max-image-preview":"max-image-preview:large","max-video-preview":"max-video-preview:-1"},"canonical":"https:\/\/insektenliebe.com\/it\/shop\/prodotto\/haplopelma-minax\/","og_locale":"it_IT","og_type":"article","og_title":"Cyriopagopus minax","og_description":"Cyriopagopus minax - tarantola tenebrosa del Sud-Est asiatico. Informazioni su allevamento, terrario, clima, comportamento e cura di questa impressionante specie.","og_url":"https:\/\/insektenliebe.com\/it\/shop\/prodotto\/haplopelma-minax\/","og_site_name":"Insektenliebe","article_modified_time":"2026-03-15T10:44:10+00:00","og_image":[{"width":820,"height":820,"url":"https:\/\/insektenliebe.com\/wp-content\/uploads\/2020\/07\/Cyriopagopus-minax.jpg","type":"image\/jpeg"}],"twitter_card":"summary_large_image","twitter_misc":{"Disponibilit\u00e0":"Esaurito"},"schema":{"@context":"https:\/\/schema.org","@graph":[{"@type":"WebPage","@id":"https:\/\/insektenliebe.com\/it\/shop\/prodotto\/haplopelma-minax\/","url":"https:\/\/insektenliebe.com\/it\/shop\/prodotto\/haplopelma-minax\/","name":"Cyriopagopus minax - Insektenliebe","isPartOf":{"@id":"https:\/\/insektenliebe.com\/it\/#website"},"primaryImageOfPage":{"@id":"https:\/\/insektenliebe.com\/it\/shop\/prodotto\/haplopelma-minax\/#primaryimage"},"image":{"@id":"https:\/\/insektenliebe.com\/it\/shop\/prodotto\/haplopelma-minax\/#primaryimage"},"thumbnailUrl":"https:\/\/insektenliebe.com\/wp-content\/uploads\/2020\/07\/Cyriopagopus-minax.jpg","datePublished":"2020-07-10T08:16:30+00:00","dateModified":"2026-03-15T10:44:10+00:00","description":"Cyriopagopus minax - tarantola tenebrosa del Sud-Est asiatico. Informazioni su allevamento, terrario, clima, comportamento e cura di questa impressionante specie.","breadcrumb":{"@id":"https:\/\/insektenliebe.com\/it\/shop\/prodotto\/haplopelma-minax\/#breadcrumb"},"inLanguage":"it-IT","potentialAction":[{"@type":"ReadAction","target":["https:\/\/insektenliebe.com\/it\/shop\/prodotto\/haplopelma-minax\/"]}]},{"@type":"ImageObject","inLanguage":"it-IT","@id":"https:\/\/insektenliebe.com\/it\/shop\/prodotto\/haplopelma-minax\/#primaryimage","url":"https:\/\/insektenliebe.com\/wp-content\/uploads\/2020\/07\/Cyriopagopus-minax.jpg","contentUrl":"https:\/\/insektenliebe.com\/wp-content\/uploads\/2020\/07\/Cyriopagopus-minax.jpg","width":820,"height":820,"caption":"Cyriopagopus minax"},{"@type":"BreadcrumbList","@id":"https:\/\/insektenliebe.com\/it\/shop\/prodotto\/haplopelma-minax\/#breadcrumb","itemListElement":[{"@type":"ListItem","position":1,"name":"Startseite","item":"https:\/\/insektenliebe.com\/it\/"},{"@type":"ListItem","position":2,"name":"Negozio","item":"https:\/\/insektenliebe.com\/it\/negozio\/"},{"@type":"ListItem","position":3,"name":"Cyriopagopus minax"}]},{"@type":"WebSite","@id":"https:\/\/insektenliebe.com\/it\/#website","url":"https:\/\/insektenliebe.com\/it\/","name":"Insektenliebe","description":"Dein Zuhause f\u00fcr die kleinen Lebewesen","publisher":{"@id":"https:\/\/insektenliebe.com\/it\/#organization"},"potentialAction":[{"@type":"SearchAction","target":{"@type":"EntryPoint","urlTemplate":"https:\/\/insektenliebe.com\/it\/?s={search_term_string}"},"query-input":{"@type":"PropertyValueSpecification","valueRequired":true,"valueName":"search_term_string"}}],"inLanguage":"it-IT"},{"@type":"Organization","@id":"https:\/\/insektenliebe.com\/it\/#organization","name":"Insektenliebe","url":"https:\/\/insektenliebe.com\/it\/","logo":{"@type":"ImageObject","inLanguage":"it-IT","@id":"https:\/\/insektenliebe.com\/it\/#\/schema\/logo\/image\/","url":"https:\/\/insektenliebe.com\/wp-content\/uploads\/2025\/03\/logo-white.png","contentUrl":"https:\/\/insektenliebe.com\/wp-content\/uploads\/2025\/03\/logo-white.png","width":288,"height":188,"caption":"Insektenliebe"},"image":{"@id":"https:\/\/insektenliebe.com\/it\/#\/schema\/logo\/image\/"}}]},"og_availability":"out of stock","product_availability":"out of stock","product_retailer_item_id":"546","product_condition":"new"},"_links":{"self":[{"href":"https:\/\/insektenliebe.com\/it\/wp-json\/wp\/v2\/product\/185404","targetHints":{"allow":["GET"]}}],"collection":[{"href":"https:\/\/insektenliebe.com\/it\/wp-json\/wp\/v2\/product"}],"about":[{"href":"https:\/\/insektenliebe.com\/it\/wp-json\/wp\/v2\/types\/product"}],"wp:featuredmedia":[{"embeddable":true,"href":"https:\/\/insektenliebe.com\/it\/wp-json\/wp\/v2\/media\/193986"}],"wp:attachment":[{"href":"https:\/\/insektenliebe.com\/it\/wp-json\/wp\/v2\/media?parent=185404"}],"wp:term":[{"taxonomy":"product-supplier","embeddable":true,"href":"https:\/\/insektenliebe.com\/it\/wp-json\/wp\/v2\/product-supplier?post=185404"},{"taxonomy":"product_brand","embeddable":true,"href":"https:\/\/insektenliebe.com\/it\/wp-json\/wp\/v2\/product_brand?post=185404"},{"taxonomy":"product_cat","embeddable":true,"href":"https:\/\/insektenliebe.com\/it\/wp-json\/wp\/v2\/product_cat?post=185404"},{"taxonomy":"product_tag","embeddable":true,"href":"https:\/\/insektenliebe.com\/it\/wp-json\/wp\/v2\/product_tag?post=185404"},{"taxonomy":"lce-checkout-addons","embeddable":true,"href":"https:\/\/insektenliebe.com\/it\/wp-json\/wp\/v2\/lce-checkout-addons?post=185404"}],"curies":[{"name":"wp","href":"https:\/\/api.w.org\/{rel}","templated":true}]}}