{"id":185398,"date":"2020-07-20T15:43:38","date_gmt":"2020-07-20T15:43:38","guid":{"rendered":"https:\/\/insektenliebe.com\/shop\/produkt\/cubaris-spec-lemon-blue\/"},"modified":"2020-07-20T15:43:38","modified_gmt":"2020-07-20T13:43:38","slug":"cubaris-spec-lemon-blue","status":"publish","type":"product","link":"https:\/\/insektenliebe.com\/it\/shop\/prodotto\/cubaris-spec-lemon-blue\/","title":{"rendered":"Cubaris spec. \"Lemon Blue\""},"content":{"rendered":"<h3 class=\"p1\"><span style=\"color: #99cc33\"><strong><span class=\"s1\">Cubaris spec. \"Lemon Blue\": un contrasto di colori che non ha eguali. <\/span><\/strong><\/span><\/h3>\n<p class=\"p1\"><span class=\"s1\"><strong>Cubaris spec. \"Lemon Blue\" <\/strong>  \u00e8 uno degli isopodi pi\u00f9 spettacolari in termini di colori. La sua combinazione di segmenti del corpo di colore giallo brillante e di piastre del carapace di colore dal blu intenso al grigio acciaio sembra quasi surreale, come se fosse scaturita da una barriera corallina tropicale. Questo forte contrasto li rende un&#8217;attrazione assoluta in qualsiasi allevamento di isopodi e uno dei preferiti dai collezionisti.  <\/span><\/p>\n<p class=\"p1\"><span class=\"s1\">Quando viene tenuto in casa, il \"Lemon Blue\" preferisce temperature comprese tra i 22 e i 26 \u00b0C con un&#8217;umidit\u00e0 elevata, intorno al 70-80%. Come per molte specie di Cubaris, \u00e8 importante che la zona umida\/asciutta del terrario sia bilanciata, in modo da fornire condizioni ottimali per la muta e luoghi in cui ritirarsi. Zone di muschio, tubi di sughero e pezzi di corteccia sono prontamente accettati come nascondigli, mentre un denso strato di foglie e legno bianco marcio servono come cibo e habitat.  <\/span><\/p>\n<p class=\"p1\"><span class=\"s1\">Il substrato deve essere sciolto e ricco di humus, preferibilmente una miscela di terreno forestale, humus di foglie, granuli di sughero e calce aggiunta. Oltre al cibo naturale del substrato, amano mangiare verdure, foglie secche e cibo proteico. Un osso di seppia dovrebbe essere sempre disponibile come fonte di calcio per sostenere il robusto carapace.  <\/span><\/p>\n<p class=\"p1\"><span class=\"s1\">Il \"Lemon Blue\" \u00e8 una specie piuttosto tranquilla, ma pu\u00f2 essere osservata abbastanza attiva in buone condizioni. I suoi piccoli sono inizialmente di colore pi\u00f9 chiaro e sviluppano tutto il loro splendore solo con l&#8217;et\u00e0, il che li rende particolarmente interessanti per gli allevatori. <\/span><\/p>\n<p class=\"p1\"><span class=\"s1\">La riproduzione richiede condizioni stabili e pazienza, perch\u00e9 come molte specie di Cubaris, anche i Lemon Blues si riproducono moderatamente. La gioia \u00e8 ancora pi\u00f9 grande quando i primi giovani colorati appaiono nel muschio. <\/span><\/p>\n<p class=\"p1\"><span class=\"s1\">Con il loro singolare gioco di colori, il loro comportamento pacifico e il loro utile ruolo di polizia del terreno, i  <strong>Cubaris spec. \"Lemon Blue\" <\/strong>  una scelta perfetta per chi vuole combinare esotismo e funzionalit\u00e0 nel proprio terrario.<\/span><\/p>\n","protected":false},"excerpt":{"rendered":"<p>Una delle specie di Cubaris pi\u00f9 belle e rare dell&#8217;hobby!<\/p>\n","protected":false},"featured_media":185400,"template":"","meta":{"_acf_changed":false},"product-supplier":[],"product_brand":[],"product_cat":[2841,2788],"product_tag":[],"lce-checkout-addons":[2746],"class_list":{"0":"post-185398","1":"product","2":"type-product","3":"status-publish","4":"has-post-thumbnail","6":"product_cat-isopodi-colorati-tropicali-cubaris","7":"product_cat-woodlice","8":"product_shipping_class-spedizione-di-animali","9":"pa_herkunft-thailandia","10":"pa_kontinent-asia","11":"lce-checkout-addons-imballaggio-invernale","13":"first","14":"outofstock","15":"sale","16":"taxable","17":"shipping-taxable","18":"purchasable","19":"product-type-variable","20":"has-default-attributes"},"acf":[],"yoast_head":"<!-- This site is optimized with the Yoast SEO plugin v27.3 - https:\/\/yoast.com\/product\/yoast-seo-wordpress\/ -->\n<title>Cubaris spec. &quot;Lemon Blue&quot; - Insektenliebe<\/title>\n<meta name=\"description\" content=\"Acquista online il Cubris spec. &quot;Lemon Blue&quot;. Una delle specie di lucertola terrestre pi\u00f9 belle al mondo che puoi acquistare direttamente dall&#039;allevatore!\" \/>\n<meta name=\"robots\" content=\"index, follow, max-snippet:-1, max-image-preview:large, max-video-preview:-1\" \/>\n<link rel=\"canonical\" href=\"https:\/\/insektenliebe.com\/it\/shop\/prodotto\/cubaris-spec-lemon-blue\/\" \/>\n<meta property=\"og:locale\" content=\"it_IT\" \/>\n<meta property=\"og:type\" content=\"article\" \/>\n<meta property=\"og:title\" content=\"Cubaris spec. &quot;Lemon Blue&quot; - Insektenliebe\" \/>\n<meta property=\"og:description\" content=\"Acquista online il Cubris spec. &quot;Lemon Blue&quot;. Una delle specie di lucertola terrestre pi\u00f9 belle al mondo che puoi acquistare direttamente dall&#039;allevatore!\" \/>\n<meta property=\"og:url\" content=\"https:\/\/insektenliebe.com\/it\/shop\/prodotto\/cubaris-spec-lemon-blue\/\" \/>\n<meta property=\"og:site_name\" content=\"Insektenliebe\" \/>\n<meta property=\"og:image\" content=\"https:\/\/insektenliebe.com\/wp-content\/uploads\/2025\/05\/Cubris-spec.-Lemon-Blue-scaled-3.jpg\" \/>\n\t<meta property=\"og:image:width\" content=\"2560\" \/>\n\t<meta property=\"og:image:height\" content=\"1707\" \/>\n\t<meta property=\"og:image:type\" content=\"image\/jpeg\" \/>\n<meta name=\"twitter:card\" content=\"summary_large_image\" \/>\n<meta name=\"twitter:label1\" content=\"Tempo di lettura stimato\" \/>\n\t<meta name=\"twitter:data1\" content=\"2 minuto\" \/>\n<script type=\"application\/ld+json\" class=\"yoast-schema-graph\">{\"@context\":\"https:\\\/\\\/schema.org\",\"@graph\":[{\"@type\":\"WebPage\",\"@id\":\"https:\\\/\\\/insektenliebe.com\\\/it\\\/shop\\\/prodotto\\\/cubaris-spec-lemon-blue\\\/\",\"url\":\"https:\\\/\\\/insektenliebe.com\\\/it\\\/shop\\\/prodotto\\\/cubaris-spec-lemon-blue\\\/\",\"name\":\"Cubaris spec. \\\"Lemon Blue\\\" - Insektenliebe\",\"isPartOf\":{\"@id\":\"https:\\\/\\\/insektenliebe.com\\\/it\\\/#website\"},\"primaryImageOfPage\":{\"@id\":\"https:\\\/\\\/insektenliebe.com\\\/it\\\/shop\\\/prodotto\\\/cubaris-spec-lemon-blue\\\/#primaryimage\"},\"image\":{\"@id\":\"https:\\\/\\\/insektenliebe.com\\\/it\\\/shop\\\/prodotto\\\/cubaris-spec-lemon-blue\\\/#primaryimage\"},\"thumbnailUrl\":\"https:\\\/\\\/insektenliebe.com\\\/wp-content\\\/uploads\\\/2025\\\/05\\\/Cubris-spec.-Lemon-Blue-scaled-3.jpg\",\"datePublished\":\"2020-07-20T15:43:38+00:00\",\"description\":\"Acquista online il Cubris spec. \\\"Lemon Blue\\\". Una delle specie di lucertola terrestre pi\u00f9 belle al mondo che puoi acquistare direttamente dall'allevatore!\",\"breadcrumb\":{\"@id\":\"https:\\\/\\\/insektenliebe.com\\\/it\\\/shop\\\/prodotto\\\/cubaris-spec-lemon-blue\\\/#breadcrumb\"},\"inLanguage\":\"it-IT\",\"potentialAction\":[{\"@type\":\"ReadAction\",\"target\":[\"https:\\\/\\\/insektenliebe.com\\\/it\\\/shop\\\/prodotto\\\/cubaris-spec-lemon-blue\\\/\"]}]},{\"@type\":\"ImageObject\",\"inLanguage\":\"it-IT\",\"@id\":\"https:\\\/\\\/insektenliebe.com\\\/it\\\/shop\\\/prodotto\\\/cubaris-spec-lemon-blue\\\/#primaryimage\",\"url\":\"https:\\\/\\\/insektenliebe.com\\\/wp-content\\\/uploads\\\/2025\\\/05\\\/Cubris-spec.-Lemon-Blue-scaled-3.jpg\",\"contentUrl\":\"https:\\\/\\\/insektenliebe.com\\\/wp-content\\\/uploads\\\/2025\\\/05\\\/Cubris-spec.-Lemon-Blue-scaled-3.jpg\",\"width\":2560,\"height\":1707,\"caption\":\"Cubris-spec.-Lemon-Blue-scaled-3.jpg\"},{\"@type\":\"BreadcrumbList\",\"@id\":\"https:\\\/\\\/insektenliebe.com\\\/it\\\/shop\\\/prodotto\\\/cubaris-spec-lemon-blue\\\/#breadcrumb\",\"itemListElement\":[{\"@type\":\"ListItem\",\"position\":1,\"name\":\"Startseite\",\"item\":\"https:\\\/\\\/insektenliebe.com\\\/it\\\/\"},{\"@type\":\"ListItem\",\"position\":2,\"name\":\"Negozio\",\"item\":\"https:\\\/\\\/insektenliebe.com\\\/it\\\/negozio\\\/\"},{\"@type\":\"ListItem\",\"position\":3,\"name\":\"Cubaris spec. &#8220;Lemon Blue&#8221;\"}]},{\"@type\":\"WebSite\",\"@id\":\"https:\\\/\\\/insektenliebe.com\\\/it\\\/#website\",\"url\":\"https:\\\/\\\/insektenliebe.com\\\/it\\\/\",\"name\":\"Insektenliebe\",\"description\":\"Dein Zuhause f\u00fcr die kleinen Lebewesen\",\"publisher\":{\"@id\":\"https:\\\/\\\/insektenliebe.com\\\/it\\\/#organization\"},\"potentialAction\":[{\"@type\":\"SearchAction\",\"target\":{\"@type\":\"EntryPoint\",\"urlTemplate\":\"https:\\\/\\\/insektenliebe.com\\\/it\\\/?s={search_term_string}\"},\"query-input\":{\"@type\":\"PropertyValueSpecification\",\"valueRequired\":true,\"valueName\":\"search_term_string\"}}],\"inLanguage\":\"it-IT\"},{\"@type\":\"Organization\",\"@id\":\"https:\\\/\\\/insektenliebe.com\\\/it\\\/#organization\",\"name\":\"Insektenliebe\",\"url\":\"https:\\\/\\\/insektenliebe.com\\\/it\\\/\",\"logo\":{\"@type\":\"ImageObject\",\"inLanguage\":\"it-IT\",\"@id\":\"https:\\\/\\\/insektenliebe.com\\\/it\\\/#\\\/schema\\\/logo\\\/image\\\/\",\"url\":\"https:\\\/\\\/insektenliebe.com\\\/wp-content\\\/uploads\\\/2025\\\/03\\\/logo-white.png\",\"contentUrl\":\"https:\\\/\\\/insektenliebe.com\\\/wp-content\\\/uploads\\\/2025\\\/03\\\/logo-white.png\",\"width\":288,\"height\":188,\"caption\":\"Insektenliebe\"},\"image\":{\"@id\":\"https:\\\/\\\/insektenliebe.com\\\/it\\\/#\\\/schema\\\/logo\\\/image\\\/\"}}]}<\/script>\n<!-- \/ Yoast SEO plugin. -->","yoast_head_json":{"title":"Cubaris spec. \"Lemon Blue\" - Insektenliebe","description":"Acquista online il Cubris spec. \"Lemon Blue\". Una delle specie di lucertola terrestre pi\u00f9 belle al mondo che puoi acquistare direttamente dall'allevatore!","robots":{"index":"index","follow":"follow","max-snippet":"max-snippet:-1","max-image-preview":"max-image-preview:large","max-video-preview":"max-video-preview:-1"},"canonical":"https:\/\/insektenliebe.com\/it\/shop\/prodotto\/cubaris-spec-lemon-blue\/","og_locale":"it_IT","og_type":"article","og_title":"Cubaris spec. \"Lemon Blue\" - Insektenliebe","og_description":"Acquista online il Cubris spec. \"Lemon Blue\". Una delle specie di lucertola terrestre pi\u00f9 belle al mondo che puoi acquistare direttamente dall'allevatore!","og_url":"https:\/\/insektenliebe.com\/it\/shop\/prodotto\/cubaris-spec-lemon-blue\/","og_site_name":"Insektenliebe","og_image":[{"width":2560,"height":1707,"url":"https:\/\/insektenliebe.com\/wp-content\/uploads\/2025\/05\/Cubris-spec.-Lemon-Blue-scaled-3.jpg","type":"image\/jpeg"}],"twitter_card":"summary_large_image","twitter_misc":{"Tempo di lettura stimato":"2 minuto"},"schema":{"@context":"https:\/\/schema.org","@graph":[{"@type":"WebPage","@id":"https:\/\/insektenliebe.com\/it\/shop\/prodotto\/cubaris-spec-lemon-blue\/","url":"https:\/\/insektenliebe.com\/it\/shop\/prodotto\/cubaris-spec-lemon-blue\/","name":"Cubaris spec. \"Lemon Blue\" - Insektenliebe","isPartOf":{"@id":"https:\/\/insektenliebe.com\/it\/#website"},"primaryImageOfPage":{"@id":"https:\/\/insektenliebe.com\/it\/shop\/prodotto\/cubaris-spec-lemon-blue\/#primaryimage"},"image":{"@id":"https:\/\/insektenliebe.com\/it\/shop\/prodotto\/cubaris-spec-lemon-blue\/#primaryimage"},"thumbnailUrl":"https:\/\/insektenliebe.com\/wp-content\/uploads\/2025\/05\/Cubris-spec.-Lemon-Blue-scaled-3.jpg","datePublished":"2020-07-20T15:43:38+00:00","description":"Acquista online il Cubris spec. \"Lemon Blue\". Una delle specie di lucertola terrestre pi\u00f9 belle al mondo che puoi acquistare direttamente dall'allevatore!","breadcrumb":{"@id":"https:\/\/insektenliebe.com\/it\/shop\/prodotto\/cubaris-spec-lemon-blue\/#breadcrumb"},"inLanguage":"it-IT","potentialAction":[{"@type":"ReadAction","target":["https:\/\/insektenliebe.com\/it\/shop\/prodotto\/cubaris-spec-lemon-blue\/"]}]},{"@type":"ImageObject","inLanguage":"it-IT","@id":"https:\/\/insektenliebe.com\/it\/shop\/prodotto\/cubaris-spec-lemon-blue\/#primaryimage","url":"https:\/\/insektenliebe.com\/wp-content\/uploads\/2025\/05\/Cubris-spec.-Lemon-Blue-scaled-3.jpg","contentUrl":"https:\/\/insektenliebe.com\/wp-content\/uploads\/2025\/05\/Cubris-spec.-Lemon-Blue-scaled-3.jpg","width":2560,"height":1707,"caption":"Cubris-spec.-Lemon-Blue-scaled-3.jpg"},{"@type":"BreadcrumbList","@id":"https:\/\/insektenliebe.com\/it\/shop\/prodotto\/cubaris-spec-lemon-blue\/#breadcrumb","itemListElement":[{"@type":"ListItem","position":1,"name":"Startseite","item":"https:\/\/insektenliebe.com\/it\/"},{"@type":"ListItem","position":2,"name":"Negozio","item":"https:\/\/insektenliebe.com\/it\/negozio\/"},{"@type":"ListItem","position":3,"name":"Cubaris spec. &#8220;Lemon Blue&#8221;"}]},{"@type":"WebSite","@id":"https:\/\/insektenliebe.com\/it\/#website","url":"https:\/\/insektenliebe.com\/it\/","name":"Insektenliebe","description":"Dein Zuhause f\u00fcr die kleinen Lebewesen","publisher":{"@id":"https:\/\/insektenliebe.com\/it\/#organization"},"potentialAction":[{"@type":"SearchAction","target":{"@type":"EntryPoint","urlTemplate":"https:\/\/insektenliebe.com\/it\/?s={search_term_string}"},"query-input":{"@type":"PropertyValueSpecification","valueRequired":true,"valueName":"search_term_string"}}],"inLanguage":"it-IT"},{"@type":"Organization","@id":"https:\/\/insektenliebe.com\/it\/#organization","name":"Insektenliebe","url":"https:\/\/insektenliebe.com\/it\/","logo":{"@type":"ImageObject","inLanguage":"it-IT","@id":"https:\/\/insektenliebe.com\/it\/#\/schema\/logo\/image\/","url":"https:\/\/insektenliebe.com\/wp-content\/uploads\/2025\/03\/logo-white.png","contentUrl":"https:\/\/insektenliebe.com\/wp-content\/uploads\/2025\/03\/logo-white.png","width":288,"height":188,"caption":"Insektenliebe"},"image":{"@id":"https:\/\/insektenliebe.com\/it\/#\/schema\/logo\/image\/"}}]}},"_links":{"self":[{"href":"https:\/\/insektenliebe.com\/it\/wp-json\/wp\/v2\/product\/185398","targetHints":{"allow":["GET"]}}],"collection":[{"href":"https:\/\/insektenliebe.com\/it\/wp-json\/wp\/v2\/product"}],"about":[{"href":"https:\/\/insektenliebe.com\/it\/wp-json\/wp\/v2\/types\/product"}],"wp:featuredmedia":[{"embeddable":true,"href":"https:\/\/insektenliebe.com\/it\/wp-json\/wp\/v2\/media\/185400"}],"wp:attachment":[{"href":"https:\/\/insektenliebe.com\/it\/wp-json\/wp\/v2\/media?parent=185398"}],"wp:term":[{"taxonomy":"product-supplier","embeddable":true,"href":"https:\/\/insektenliebe.com\/it\/wp-json\/wp\/v2\/product-supplier?post=185398"},{"taxonomy":"product_brand","embeddable":true,"href":"https:\/\/insektenliebe.com\/it\/wp-json\/wp\/v2\/product_brand?post=185398"},{"taxonomy":"product_cat","embeddable":true,"href":"https:\/\/insektenliebe.com\/it\/wp-json\/wp\/v2\/product_cat?post=185398"},{"taxonomy":"product_tag","embeddable":true,"href":"https:\/\/insektenliebe.com\/it\/wp-json\/wp\/v2\/product_tag?post=185398"},{"taxonomy":"lce-checkout-addons","embeddable":true,"href":"https:\/\/insektenliebe.com\/it\/wp-json\/wp\/v2\/lce-checkout-addons?post=185398"}],"curies":[{"name":"wp","href":"https:\/\/api.w.org\/{rel}","templated":true}]}}