{"id":185397,"date":"2020-08-14T06:38:43","date_gmt":"2020-08-14T06:38:43","guid":{"rendered":"https:\/\/insektenliebe.com\/shop\/produkt\/radice-del-fiume\/"},"modified":"2026-03-08T16:51:03","modified_gmt":"2026-03-08T15:51:03","slug":"radice-del-fiume","status":"publish","type":"product","link":"https:\/\/insektenliebe.com\/it\/shop\/prodotto\/radice-del-fiume\/","title":{"rendered":"Radice del fiume"},"content":{"rendered":"<h3><span class=\"s1\" style=\"color: #99cc33;\">Modellata dall&#8217;acqua - la radice di fiume \u00e8 un richiamo naturale per il terrario<\/span><\/h3>\n<p class=\"p1\"><span class=\"s1\">Il <\/span><strong><span class=\"s2\">radice del fiume<\/span><\/strong><span class=\"s1\">  \u00e8 un legno naturale particolarmente decorativo ed \u00e8 uno degli elementi di design pi\u00f9 popolari nella terraristica. Questi sono   <\/span><span class=\"s2\">Il vero legno di deriva<\/span><span class=\"s1\">che \u00e8 stato modellato dall&#8217;acqua per un lungo periodo di tempo, conferendogli la sua caratteristica struttura naturale.<\/span><\/p>\n<p class=\"p1\"><span class=\"s1\">\u00c8 proprio questa forma unica che rende ogni <strong>radice di fiume<\/strong> un <\/span><span class=\"s2\">un&#8217;attrazione speciale per il terrario.<\/span><span class=\"s1\">. Le linee curve e le ramificazioni naturali conferiscono struttura e dinamismo a qualsiasi terrario.<\/span><\/p>\n<p class=\"p1\"><span class=\"s1\">Oltre al suo effetto decorativo, la <strong>radice di fiume<\/strong> svolge anche un&#8217;importante funzione <\/span><span class=\"s2\">ruolo funzionale nel terrario<\/span><span class=\"s1\">. Molti animali del terrario amano utilizzare queste strutture come  <\/span><span class=\"s2\">Arrampicarsi o nascondersi<\/span><span class=\"s1\">. Ragni, rettili e invertebrati vari beneficiano in particolare di livelli e rifugi aggiuntivi.<\/span><\/p>\n<p class=\"p1\"><span class=\"s1\">La loro forma naturale crea <\/span><span class=\"s2\">fessure, grotte e piccoli spazi vuoti<\/span><span class=\"s1\">che offrono agli animali protezione e sicurezza. Allo stesso tempo, la radice amplia lo spazio utilizzabile nel terrario e crea nuove aree di movimento. <\/span><\/p>\n<p class=\"p1\"><span class=\"s1\">Anche per la progettazione di un <\/span><span class=\"s2\">terrario naturale<\/span><span class=\"s1\">  la <strong>radice di fiume<\/strong> \u00e8 l&#8217;ideale. Pu\u00f2 essere combinata perfettamente con piante, muschi, pietre o fogliame e si integra armoniosamente in diversi tipi di terrario. <\/span><\/p>\n<p class=\"p1\"><span class=\"s1\">Puoi anche posizionare la <strong>radice di fiume<\/strong> in modo flessibile nel terrario. Non importa se   <\/span><span class=\"s2\">sdraiato, ad angolo o in piedi<\/span><span class=\"s1\">Fornisce sempre una struttura interessante e ulteriori dislivelli nell&#8217;allestimento.<\/span><\/p>\n<p class=\"p1\"><span class=\"s1\">Essendo un prodotto <\/span><span class=\"s2\">prodotto naturale<\/span><span class=\"s1\">  le singole radici differiscono notevolmente per forma, dimensione e colore. Sono proprio queste differenze a rendere unica ogni <strong>radice di fiume<\/strong>e a dare al tuo terrario un aspetto particolarmente naturale. <\/span><\/p>\n<p class=\"p1\"><span class=\"s1\">Con una <\/span><strong><span class=\"s2\">radice di fiume<\/span><\/strong><span class=\"s1\"> porti un pezzo di natura nel tuo terrario e allo stesso tempo crei una struttura decorativa che giova sia agli animali che alla disposizione del terrario.<\/span><\/p>\n","protected":false},"excerpt":{"rendered":"<p>Modellata dall&#8217;acqua - la radice di fiume \u00e8 un richiamo naturale per il terrario Il radice del fiume \u00e8 un legno naturale particolarmente decorativo ed \u00e8 uno degli elementi di design pi\u00f9 popolari nella terraristica. Questi sono Il vero legno di derivache \u00e8 stato modellato dall&#8217;acqua per un lungo periodo di tempo, conferendogli la sua [&hellip;]<\/p>\n","protected":false},"featured_media":185399,"template":"","meta":{"_acf_changed":false},"product-supplier":[],"product_brand":[],"product_cat":[2740],"product_tag":[],"lce-checkout-addons":[],"class_list":{"0":"post-185397","1":"product","2":"type-product","3":"status-publish","4":"has-post-thumbnail","6":"product_cat-arredamento-e-decorazione","7":"product_shipping_class-equipment-shipping","9":"first","10":"instock","11":"sale","12":"taxable","13":"shipping-taxable","14":"purchasable","15":"product-type-simple"},"acf":[],"yoast_head":"<!-- This site is optimized with the Yoast SEO plugin v27.3 - https:\/\/yoast.com\/product\/yoast-seo-wordpress\/ -->\n<title>Radice del fiume - Insektenliebe<\/title>\n<meta name=\"description\" content=\"Radice di fiume per terrari - legno secco naturale come decorazione, struttura per arrampicarsi e nascondiglio per ragni, rettili e invertebrati.\" \/>\n<meta name=\"robots\" content=\"index, follow, max-snippet:-1, max-image-preview:large, max-video-preview:-1\" \/>\n<link rel=\"canonical\" href=\"https:\/\/insektenliebe.com\/it\/shop\/prodotto\/radice-del-fiume\/\" \/>\n<meta property=\"og:locale\" content=\"it_IT\" \/>\n<meta property=\"og:type\" content=\"article\" \/>\n<meta property=\"og:title\" content=\"Radice del fiume - Insektenliebe\" \/>\n<meta property=\"og:description\" content=\"Radice di fiume per terrari - legno secco naturale come decorazione, struttura per arrampicarsi e nascondiglio per ragni, rettili e invertebrati.\" \/>\n<meta property=\"og:url\" content=\"https:\/\/insektenliebe.com\/it\/shop\/prodotto\/radice-del-fiume\/\" \/>\n<meta property=\"og:site_name\" content=\"Insektenliebe\" \/>\n<meta property=\"article:modified_time\" content=\"2026-03-08T15:51:03+00:00\" \/>\n<meta property=\"og:image\" content=\"https:\/\/insektenliebe.com\/wp-content\/uploads\/2025\/05\/Flusswurzel-2.jpg\" \/>\n\t<meta property=\"og:image:width\" content=\"820\" \/>\n\t<meta property=\"og:image:height\" content=\"820\" \/>\n\t<meta property=\"og:image:type\" content=\"image\/jpeg\" \/>\n<meta name=\"twitter:card\" content=\"summary_large_image\" \/>\n<meta name=\"twitter:label1\" content=\"Tempo di lettura stimato\" \/>\n\t<meta name=\"twitter:data1\" content=\"1 minuto\" \/>\n<script type=\"application\/ld+json\" class=\"yoast-schema-graph\">{\"@context\":\"https:\\\/\\\/schema.org\",\"@graph\":[{\"@type\":\"WebPage\",\"@id\":\"https:\\\/\\\/insektenliebe.com\\\/it\\\/shop\\\/prodotto\\\/radice-del-fiume\\\/\",\"url\":\"https:\\\/\\\/insektenliebe.com\\\/it\\\/shop\\\/prodotto\\\/radice-del-fiume\\\/\",\"name\":\"Radice del fiume - Insektenliebe\",\"isPartOf\":{\"@id\":\"https:\\\/\\\/insektenliebe.com\\\/it\\\/#website\"},\"primaryImageOfPage\":{\"@id\":\"https:\\\/\\\/insektenliebe.com\\\/it\\\/shop\\\/prodotto\\\/radice-del-fiume\\\/#primaryimage\"},\"image\":{\"@id\":\"https:\\\/\\\/insektenliebe.com\\\/it\\\/shop\\\/prodotto\\\/radice-del-fiume\\\/#primaryimage\"},\"thumbnailUrl\":\"https:\\\/\\\/insektenliebe.com\\\/wp-content\\\/uploads\\\/2025\\\/05\\\/Flusswurzel-2.jpg\",\"datePublished\":\"2020-08-14T06:38:43+00:00\",\"dateModified\":\"2026-03-08T15:51:03+00:00\",\"description\":\"Radice di fiume per terrari - legno secco naturale come decorazione, struttura per arrampicarsi e nascondiglio per ragni, rettili e invertebrati.\",\"breadcrumb\":{\"@id\":\"https:\\\/\\\/insektenliebe.com\\\/it\\\/shop\\\/prodotto\\\/radice-del-fiume\\\/#breadcrumb\"},\"inLanguage\":\"it-IT\",\"potentialAction\":[{\"@type\":\"ReadAction\",\"target\":[\"https:\\\/\\\/insektenliebe.com\\\/it\\\/shop\\\/prodotto\\\/radice-del-fiume\\\/\"]}]},{\"@type\":\"ImageObject\",\"inLanguage\":\"it-IT\",\"@id\":\"https:\\\/\\\/insektenliebe.com\\\/it\\\/shop\\\/prodotto\\\/radice-del-fiume\\\/#primaryimage\",\"url\":\"https:\\\/\\\/insektenliebe.com\\\/wp-content\\\/uploads\\\/2025\\\/05\\\/Flusswurzel-2.jpg\",\"contentUrl\":\"https:\\\/\\\/insektenliebe.com\\\/wp-content\\\/uploads\\\/2025\\\/05\\\/Flusswurzel-2.jpg\",\"width\":820,\"height\":820,\"caption\":\"Riverroot-2.jpg\"},{\"@type\":\"BreadcrumbList\",\"@id\":\"https:\\\/\\\/insektenliebe.com\\\/it\\\/shop\\\/prodotto\\\/radice-del-fiume\\\/#breadcrumb\",\"itemListElement\":[{\"@type\":\"ListItem\",\"position\":1,\"name\":\"Startseite\",\"item\":\"https:\\\/\\\/insektenliebe.com\\\/it\\\/\"},{\"@type\":\"ListItem\",\"position\":2,\"name\":\"Negozio\",\"item\":\"https:\\\/\\\/insektenliebe.com\\\/it\\\/negozio\\\/\"},{\"@type\":\"ListItem\",\"position\":3,\"name\":\"Radice del fiume\"}]},{\"@type\":\"WebSite\",\"@id\":\"https:\\\/\\\/insektenliebe.com\\\/it\\\/#website\",\"url\":\"https:\\\/\\\/insektenliebe.com\\\/it\\\/\",\"name\":\"Insektenliebe\",\"description\":\"Dein Zuhause f\u00fcr die kleinen Lebewesen\",\"publisher\":{\"@id\":\"https:\\\/\\\/insektenliebe.com\\\/it\\\/#organization\"},\"potentialAction\":[{\"@type\":\"SearchAction\",\"target\":{\"@type\":\"EntryPoint\",\"urlTemplate\":\"https:\\\/\\\/insektenliebe.com\\\/it\\\/?s={search_term_string}\"},\"query-input\":{\"@type\":\"PropertyValueSpecification\",\"valueRequired\":true,\"valueName\":\"search_term_string\"}}],\"inLanguage\":\"it-IT\"},{\"@type\":\"Organization\",\"@id\":\"https:\\\/\\\/insektenliebe.com\\\/it\\\/#organization\",\"name\":\"Insektenliebe\",\"url\":\"https:\\\/\\\/insektenliebe.com\\\/it\\\/\",\"logo\":{\"@type\":\"ImageObject\",\"inLanguage\":\"it-IT\",\"@id\":\"https:\\\/\\\/insektenliebe.com\\\/it\\\/#\\\/schema\\\/logo\\\/image\\\/\",\"url\":\"https:\\\/\\\/insektenliebe.com\\\/wp-content\\\/uploads\\\/2025\\\/03\\\/logo-white.png\",\"contentUrl\":\"https:\\\/\\\/insektenliebe.com\\\/wp-content\\\/uploads\\\/2025\\\/03\\\/logo-white.png\",\"width\":288,\"height\":188,\"caption\":\"Insektenliebe\"},\"image\":{\"@id\":\"https:\\\/\\\/insektenliebe.com\\\/it\\\/#\\\/schema\\\/logo\\\/image\\\/\"}}]}<\/script>\n<!-- \/ Yoast SEO plugin. -->","yoast_head_json":{"title":"Radice del fiume - Insektenliebe","description":"Radice di fiume per terrari - legno secco naturale come decorazione, struttura per arrampicarsi e nascondiglio per ragni, rettili e invertebrati.","robots":{"index":"index","follow":"follow","max-snippet":"max-snippet:-1","max-image-preview":"max-image-preview:large","max-video-preview":"max-video-preview:-1"},"canonical":"https:\/\/insektenliebe.com\/it\/shop\/prodotto\/radice-del-fiume\/","og_locale":"it_IT","og_type":"article","og_title":"Radice del fiume - Insektenliebe","og_description":"Radice di fiume per terrari - legno secco naturale come decorazione, struttura per arrampicarsi e nascondiglio per ragni, rettili e invertebrati.","og_url":"https:\/\/insektenliebe.com\/it\/shop\/prodotto\/radice-del-fiume\/","og_site_name":"Insektenliebe","article_modified_time":"2026-03-08T15:51:03+00:00","og_image":[{"width":820,"height":820,"url":"https:\/\/insektenliebe.com\/wp-content\/uploads\/2025\/05\/Flusswurzel-2.jpg","type":"image\/jpeg"}],"twitter_card":"summary_large_image","twitter_misc":{"Tempo di lettura stimato":"1 minuto"},"schema":{"@context":"https:\/\/schema.org","@graph":[{"@type":"WebPage","@id":"https:\/\/insektenliebe.com\/it\/shop\/prodotto\/radice-del-fiume\/","url":"https:\/\/insektenliebe.com\/it\/shop\/prodotto\/radice-del-fiume\/","name":"Radice del fiume - Insektenliebe","isPartOf":{"@id":"https:\/\/insektenliebe.com\/it\/#website"},"primaryImageOfPage":{"@id":"https:\/\/insektenliebe.com\/it\/shop\/prodotto\/radice-del-fiume\/#primaryimage"},"image":{"@id":"https:\/\/insektenliebe.com\/it\/shop\/prodotto\/radice-del-fiume\/#primaryimage"},"thumbnailUrl":"https:\/\/insektenliebe.com\/wp-content\/uploads\/2025\/05\/Flusswurzel-2.jpg","datePublished":"2020-08-14T06:38:43+00:00","dateModified":"2026-03-08T15:51:03+00:00","description":"Radice di fiume per terrari - legno secco naturale come decorazione, struttura per arrampicarsi e nascondiglio per ragni, rettili e invertebrati.","breadcrumb":{"@id":"https:\/\/insektenliebe.com\/it\/shop\/prodotto\/radice-del-fiume\/#breadcrumb"},"inLanguage":"it-IT","potentialAction":[{"@type":"ReadAction","target":["https:\/\/insektenliebe.com\/it\/shop\/prodotto\/radice-del-fiume\/"]}]},{"@type":"ImageObject","inLanguage":"it-IT","@id":"https:\/\/insektenliebe.com\/it\/shop\/prodotto\/radice-del-fiume\/#primaryimage","url":"https:\/\/insektenliebe.com\/wp-content\/uploads\/2025\/05\/Flusswurzel-2.jpg","contentUrl":"https:\/\/insektenliebe.com\/wp-content\/uploads\/2025\/05\/Flusswurzel-2.jpg","width":820,"height":820,"caption":"Riverroot-2.jpg"},{"@type":"BreadcrumbList","@id":"https:\/\/insektenliebe.com\/it\/shop\/prodotto\/radice-del-fiume\/#breadcrumb","itemListElement":[{"@type":"ListItem","position":1,"name":"Startseite","item":"https:\/\/insektenliebe.com\/it\/"},{"@type":"ListItem","position":2,"name":"Negozio","item":"https:\/\/insektenliebe.com\/it\/negozio\/"},{"@type":"ListItem","position":3,"name":"Radice del fiume"}]},{"@type":"WebSite","@id":"https:\/\/insektenliebe.com\/it\/#website","url":"https:\/\/insektenliebe.com\/it\/","name":"Insektenliebe","description":"Dein Zuhause f\u00fcr die kleinen Lebewesen","publisher":{"@id":"https:\/\/insektenliebe.com\/it\/#organization"},"potentialAction":[{"@type":"SearchAction","target":{"@type":"EntryPoint","urlTemplate":"https:\/\/insektenliebe.com\/it\/?s={search_term_string}"},"query-input":{"@type":"PropertyValueSpecification","valueRequired":true,"valueName":"search_term_string"}}],"inLanguage":"it-IT"},{"@type":"Organization","@id":"https:\/\/insektenliebe.com\/it\/#organization","name":"Insektenliebe","url":"https:\/\/insektenliebe.com\/it\/","logo":{"@type":"ImageObject","inLanguage":"it-IT","@id":"https:\/\/insektenliebe.com\/it\/#\/schema\/logo\/image\/","url":"https:\/\/insektenliebe.com\/wp-content\/uploads\/2025\/03\/logo-white.png","contentUrl":"https:\/\/insektenliebe.com\/wp-content\/uploads\/2025\/03\/logo-white.png","width":288,"height":188,"caption":"Insektenliebe"},"image":{"@id":"https:\/\/insektenliebe.com\/it\/#\/schema\/logo\/image\/"}}]}},"_links":{"self":[{"href":"https:\/\/insektenliebe.com\/it\/wp-json\/wp\/v2\/product\/185397","targetHints":{"allow":["GET"]}}],"collection":[{"href":"https:\/\/insektenliebe.com\/it\/wp-json\/wp\/v2\/product"}],"about":[{"href":"https:\/\/insektenliebe.com\/it\/wp-json\/wp\/v2\/types\/product"}],"wp:featuredmedia":[{"embeddable":true,"href":"https:\/\/insektenliebe.com\/it\/wp-json\/wp\/v2\/media\/185399"}],"wp:attachment":[{"href":"https:\/\/insektenliebe.com\/it\/wp-json\/wp\/v2\/media?parent=185397"}],"wp:term":[{"taxonomy":"product-supplier","embeddable":true,"href":"https:\/\/insektenliebe.com\/it\/wp-json\/wp\/v2\/product-supplier?post=185397"},{"taxonomy":"product_brand","embeddable":true,"href":"https:\/\/insektenliebe.com\/it\/wp-json\/wp\/v2\/product_brand?post=185397"},{"taxonomy":"product_cat","embeddable":true,"href":"https:\/\/insektenliebe.com\/it\/wp-json\/wp\/v2\/product_cat?post=185397"},{"taxonomy":"product_tag","embeddable":true,"href":"https:\/\/insektenliebe.com\/it\/wp-json\/wp\/v2\/product_tag?post=185397"},{"taxonomy":"lce-checkout-addons","embeddable":true,"href":"https:\/\/insektenliebe.com\/it\/wp-json\/wp\/v2\/lce-checkout-addons?post=185397"}],"curies":[{"name":"wp","href":"https:\/\/api.w.org\/{rel}","templated":true}]}}