{"id":185389,"date":"2020-08-14T10:32:00","date_gmt":"2020-08-14T08:32:00","guid":{"rendered":"https:\/\/insektenliebe.com\/shop\/produkt\/foglie-di-cacao\/"},"modified":"2026-03-10T11:18:59","modified_gmt":"2026-03-10T10:18:59","slug":"foglie-di-cacao","status":"publish","type":"product","link":"https:\/\/insektenliebe.com\/it\/shop\/prodotto\/foglie-di-cacao\/","title":{"rendered":"Foglie di cacao"},"content":{"rendered":"<h3><span class=\"s1\" style=\"color: #99cc33;\">Il pavimento della foresta tropicale per il tuo terrario - foglie di cacao dal Sud America<\/span><\/h3>\n<p class=\"p1\"><strong><span class=\"s1\">Foglie di cacao<\/span><\/strong><span class=\"s2\">  sono un&#8217;eccellente aggiunta naturale al tuo terrario. Provengono da   <\/span><span class=\"s1\">coltivazione controllata da parte di piccoli proprietari privati in Sud America<\/span><span class=\"s2\"> e sono ovviamente <\/span><span class=\"s1\">senza pesticidi o altri additivi chimici.<\/span><span class=\"s2\">.<\/span><\/p>\n<p class=\"p1\"><span class=\"s2\">Nel terrario, le <strong>foglie di cacao<\/strong> servono principalmente come strato di rivestimento naturale <\/span><span class=\"s1\">strato di copertura naturale sul substrato di fondo<\/span><span class=\"s2\">. Questo crea un ambiente che si avvicina molto all&#8217;habitat naturale di molti animali tropicali. Soprattutto in  <\/span><span class=\"s1\">Terrari della foresta pluviale<\/span><span class=\"s2\"> le foglie offrono un design autentico e naturale.<\/span><\/p>\n<p class=\"p1\"><span class=\"s2\">Molti <\/span><span class=\"s1\">invertebrati come le cocciniglie, le code di primavera e i millepiedi<\/span><span class=\"s2\">  utilizzano il fogliame in natura sia come riparo che come fonte di cibo. Questo comportamento pu\u00f2 essere osservato anche nel terrario. Gli animali si nascondono sotto le foglie, vi trovano riparo e allo stesso tempo rovistano tra le foglie alla ricerca di cibo. <\/span><\/p>\n<p class=\"p1\"><span class=\"s2\">Un altro vantaggio delle <strong>foglie di cacao<\/strong> \u00e8 il loro naturale <\/span><span class=\"s1\">effetto naturale sul clima del terrario<\/span><span class=\"s2\">. Mentre si decompongono lentamente, emettono  <\/span><span class=\"s1\">Acidi tannici e umici<\/span><span class=\"s2\">  da. Queste sostanze possono inibire la crescita di alcuni batteri e funghi e quindi favorire un microclima stabile nel terrario.<\/span><\/p>\n<p class=\"p1\"><span class=\"s2\">Le foglie, inoltre, aiutano il substrato ad asciugarsi pi\u00f9 lentamente. <\/span><span class=\"s1\">il substrato si asciuga pi\u00f9 lentamente<\/span><span class=\"s2\">. Lo strato superiore trattiene l&#8217;umidit\u00e0 nel terreno pi\u00f9 a lungo e quindi garantisce un clima pi\u00f9 equilibrato, particolarmente importante per molti animali tropicali del terrario.<\/span><\/p>\n<p class=\"p1\"><span class=\"s2\">Visivamente, le <strong>foglie di cacao<\/strong> creano un&#8217;immagine realistica della foresta pluviale. <\/span><span class=\"s1\">immagine realistica della foresta pluviale<\/span><span class=\"s2\">. Le forme e i colori naturali conferiscono al tuo terrario una struttura particolarmente autentica del suolo della foresta.<\/span><\/p>\n<p class=\"p1\"><span class=\"s2\">Essendo un prodotto <\/span><span class=\"s1\">prodotto naturale<\/span><span class=\"s2\">  le singole foglie differiscono per dimensioni, forma e colore. Tuttavia, sono proprio queste differenze a creare un effetto particolarmente naturale nel terrario.<\/span><\/p>\n<p class=\"p1\"><span class=\"s2\">Con <\/span><strong><span class=\"s1\">foglie di cacao<\/span><\/strong><span class=\"s2\"> puoi creare uno strato superiore quasi naturale che non \u00e8 solo decorativo ma favorisce anche l&#8217;equilibrio ecologico del tuo terrario. <\/span> <\/p>\n","protected":false},"excerpt":{"rendered":"<p>Il pavimento della foresta tropicale per il tuo terrario - foglie di cacao dal Sud America Foglie di cacao sono un&#8217;eccellente aggiunta naturale al tuo terrario. Provengono da coltivazione controllata da parte di piccoli proprietari privati in Sud America e sono ovviamente senza pesticidi o altri additivi chimici.. Nel terrario, le foglie di cacao servono [&hellip;]<\/p>\n","protected":false},"featured_media":185394,"template":"","meta":{"_acf_changed":false},"product-supplier":[],"product_brand":[],"product_cat":[2740,2815],"product_tag":[],"lce-checkout-addons":[],"class_list":{"0":"post-185389","1":"product","2":"type-product","3":"status-publish","4":"has-post-thumbnail","6":"product_cat-arredamento-e-decorazione","7":"product_cat-cibo-e-calcio","8":"product_shipping_class-equipment-shipping","9":"pa_herkunft-colombia","10":"pa_herkunft-costa-rica","11":"pa_herkunft-ecuador","12":"pa_herkunft-el-salvador","13":"pa_herkunft-panama","15":"first","16":"instock","17":"taxable","18":"shipping-taxable","19":"purchasable","20":"product-type-simple"},"acf":[],"yoast_head":"<!-- This site is optimized with the Yoast SEO plugin v27.3 - https:\/\/yoast.com\/product\/yoast-seo-wordpress\/ -->\n<title>Foglie di cacao - Insektenliebe<\/title>\n<meta name=\"description\" content=\"Foglie di cacao per terrari - strato superiore naturale proveniente da coltivazioni prive di pesticidi. Ideale per i terrari della foresta pluviale e per gli invertebrati.\" \/>\n<meta name=\"robots\" content=\"index, follow, max-snippet:-1, max-image-preview:large, max-video-preview:-1\" \/>\n<link rel=\"canonical\" href=\"https:\/\/insektenliebe.com\/it\/shop\/prodotto\/foglie-di-cacao\/\" \/>\n<meta property=\"og:locale\" content=\"it_IT\" \/>\n<meta property=\"og:type\" content=\"article\" \/>\n<meta property=\"og:title\" content=\"Foglie di cacao - Insektenliebe\" \/>\n<meta property=\"og:description\" content=\"Foglie di cacao per terrari - strato superiore naturale proveniente da coltivazioni prive di pesticidi. Ideale per i terrari della foresta pluviale e per gli invertebrati.\" \/>\n<meta property=\"og:url\" content=\"https:\/\/insektenliebe.com\/it\/shop\/prodotto\/foglie-di-cacao\/\" \/>\n<meta property=\"og:site_name\" content=\"Insektenliebe\" \/>\n<meta property=\"article:modified_time\" content=\"2026-03-10T10:18:59+00:00\" \/>\n<meta property=\"og:image\" content=\"https:\/\/insektenliebe.com\/wp-content\/uploads\/2025\/05\/Kakaoblaetter-2.jpg\" \/>\n\t<meta property=\"og:image:width\" content=\"820\" \/>\n\t<meta property=\"og:image:height\" content=\"820\" \/>\n\t<meta property=\"og:image:type\" content=\"image\/jpeg\" \/>\n<meta name=\"twitter:card\" content=\"summary_large_image\" \/>\n<meta name=\"twitter:label1\" content=\"Tempo di lettura stimato\" \/>\n\t<meta name=\"twitter:data1\" content=\"2 minuto\" \/>\n<script type=\"application\/ld+json\" class=\"yoast-schema-graph\">{\"@context\":\"https:\\\/\\\/schema.org\",\"@graph\":[{\"@type\":\"WebPage\",\"@id\":\"https:\\\/\\\/insektenliebe.com\\\/it\\\/shop\\\/prodotto\\\/foglie-di-cacao\\\/\",\"url\":\"https:\\\/\\\/insektenliebe.com\\\/it\\\/shop\\\/prodotto\\\/foglie-di-cacao\\\/\",\"name\":\"Foglie di cacao - Insektenliebe\",\"isPartOf\":{\"@id\":\"https:\\\/\\\/insektenliebe.com\\\/it\\\/#website\"},\"primaryImageOfPage\":{\"@id\":\"https:\\\/\\\/insektenliebe.com\\\/it\\\/shop\\\/prodotto\\\/foglie-di-cacao\\\/#primaryimage\"},\"image\":{\"@id\":\"https:\\\/\\\/insektenliebe.com\\\/it\\\/shop\\\/prodotto\\\/foglie-di-cacao\\\/#primaryimage\"},\"thumbnailUrl\":\"https:\\\/\\\/insektenliebe.com\\\/wp-content\\\/uploads\\\/2025\\\/05\\\/Kakaoblaetter-2.jpg\",\"datePublished\":\"2020-08-14T08:32:00+00:00\",\"dateModified\":\"2026-03-10T10:18:59+00:00\",\"description\":\"Foglie di cacao per terrari - strato superiore naturale proveniente da coltivazioni prive di pesticidi. Ideale per i terrari della foresta pluviale e per gli invertebrati.\",\"breadcrumb\":{\"@id\":\"https:\\\/\\\/insektenliebe.com\\\/it\\\/shop\\\/prodotto\\\/foglie-di-cacao\\\/#breadcrumb\"},\"inLanguage\":\"it-IT\",\"potentialAction\":[{\"@type\":\"ReadAction\",\"target\":[\"https:\\\/\\\/insektenliebe.com\\\/it\\\/shop\\\/prodotto\\\/foglie-di-cacao\\\/\"]}]},{\"@type\":\"ImageObject\",\"inLanguage\":\"it-IT\",\"@id\":\"https:\\\/\\\/insektenliebe.com\\\/it\\\/shop\\\/prodotto\\\/foglie-di-cacao\\\/#primaryimage\",\"url\":\"https:\\\/\\\/insektenliebe.com\\\/wp-content\\\/uploads\\\/2025\\\/05\\\/Kakaoblaetter-2.jpg\",\"contentUrl\":\"https:\\\/\\\/insektenliebe.com\\\/wp-content\\\/uploads\\\/2025\\\/05\\\/Kakaoblaetter-2.jpg\",\"width\":820,\"height\":820,\"caption\":\"Foglie di cacao-2.jpg\"},{\"@type\":\"BreadcrumbList\",\"@id\":\"https:\\\/\\\/insektenliebe.com\\\/it\\\/shop\\\/prodotto\\\/foglie-di-cacao\\\/#breadcrumb\",\"itemListElement\":[{\"@type\":\"ListItem\",\"position\":1,\"name\":\"Startseite\",\"item\":\"https:\\\/\\\/insektenliebe.com\\\/it\\\/\"},{\"@type\":\"ListItem\",\"position\":2,\"name\":\"Negozio\",\"item\":\"https:\\\/\\\/insektenliebe.com\\\/it\\\/negozio\\\/\"},{\"@type\":\"ListItem\",\"position\":3,\"name\":\"Foglie di cacao\"}]},{\"@type\":\"WebSite\",\"@id\":\"https:\\\/\\\/insektenliebe.com\\\/it\\\/#website\",\"url\":\"https:\\\/\\\/insektenliebe.com\\\/it\\\/\",\"name\":\"Insektenliebe\",\"description\":\"Dein Zuhause f\u00fcr die kleinen Lebewesen\",\"publisher\":{\"@id\":\"https:\\\/\\\/insektenliebe.com\\\/it\\\/#organization\"},\"potentialAction\":[{\"@type\":\"SearchAction\",\"target\":{\"@type\":\"EntryPoint\",\"urlTemplate\":\"https:\\\/\\\/insektenliebe.com\\\/it\\\/?s={search_term_string}\"},\"query-input\":{\"@type\":\"PropertyValueSpecification\",\"valueRequired\":true,\"valueName\":\"search_term_string\"}}],\"inLanguage\":\"it-IT\"},{\"@type\":\"Organization\",\"@id\":\"https:\\\/\\\/insektenliebe.com\\\/it\\\/#organization\",\"name\":\"Insektenliebe\",\"url\":\"https:\\\/\\\/insektenliebe.com\\\/it\\\/\",\"logo\":{\"@type\":\"ImageObject\",\"inLanguage\":\"it-IT\",\"@id\":\"https:\\\/\\\/insektenliebe.com\\\/it\\\/#\\\/schema\\\/logo\\\/image\\\/\",\"url\":\"https:\\\/\\\/insektenliebe.com\\\/wp-content\\\/uploads\\\/2025\\\/03\\\/logo-white.png\",\"contentUrl\":\"https:\\\/\\\/insektenliebe.com\\\/wp-content\\\/uploads\\\/2025\\\/03\\\/logo-white.png\",\"width\":288,\"height\":188,\"caption\":\"Insektenliebe\"},\"image\":{\"@id\":\"https:\\\/\\\/insektenliebe.com\\\/it\\\/#\\\/schema\\\/logo\\\/image\\\/\"}}]}<\/script>\n<!-- \/ Yoast SEO plugin. -->","yoast_head_json":{"title":"Foglie di cacao - Insektenliebe","description":"Foglie di cacao per terrari - strato superiore naturale proveniente da coltivazioni prive di pesticidi. Ideale per i terrari della foresta pluviale e per gli invertebrati.","robots":{"index":"index","follow":"follow","max-snippet":"max-snippet:-1","max-image-preview":"max-image-preview:large","max-video-preview":"max-video-preview:-1"},"canonical":"https:\/\/insektenliebe.com\/it\/shop\/prodotto\/foglie-di-cacao\/","og_locale":"it_IT","og_type":"article","og_title":"Foglie di cacao - Insektenliebe","og_description":"Foglie di cacao per terrari - strato superiore naturale proveniente da coltivazioni prive di pesticidi. Ideale per i terrari della foresta pluviale e per gli invertebrati.","og_url":"https:\/\/insektenliebe.com\/it\/shop\/prodotto\/foglie-di-cacao\/","og_site_name":"Insektenliebe","article_modified_time":"2026-03-10T10:18:59+00:00","og_image":[{"width":820,"height":820,"url":"https:\/\/insektenliebe.com\/wp-content\/uploads\/2025\/05\/Kakaoblaetter-2.jpg","type":"image\/jpeg"}],"twitter_card":"summary_large_image","twitter_misc":{"Tempo di lettura stimato":"2 minuto"},"schema":{"@context":"https:\/\/schema.org","@graph":[{"@type":"WebPage","@id":"https:\/\/insektenliebe.com\/it\/shop\/prodotto\/foglie-di-cacao\/","url":"https:\/\/insektenliebe.com\/it\/shop\/prodotto\/foglie-di-cacao\/","name":"Foglie di cacao - Insektenliebe","isPartOf":{"@id":"https:\/\/insektenliebe.com\/it\/#website"},"primaryImageOfPage":{"@id":"https:\/\/insektenliebe.com\/it\/shop\/prodotto\/foglie-di-cacao\/#primaryimage"},"image":{"@id":"https:\/\/insektenliebe.com\/it\/shop\/prodotto\/foglie-di-cacao\/#primaryimage"},"thumbnailUrl":"https:\/\/insektenliebe.com\/wp-content\/uploads\/2025\/05\/Kakaoblaetter-2.jpg","datePublished":"2020-08-14T08:32:00+00:00","dateModified":"2026-03-10T10:18:59+00:00","description":"Foglie di cacao per terrari - strato superiore naturale proveniente da coltivazioni prive di pesticidi. Ideale per i terrari della foresta pluviale e per gli invertebrati.","breadcrumb":{"@id":"https:\/\/insektenliebe.com\/it\/shop\/prodotto\/foglie-di-cacao\/#breadcrumb"},"inLanguage":"it-IT","potentialAction":[{"@type":"ReadAction","target":["https:\/\/insektenliebe.com\/it\/shop\/prodotto\/foglie-di-cacao\/"]}]},{"@type":"ImageObject","inLanguage":"it-IT","@id":"https:\/\/insektenliebe.com\/it\/shop\/prodotto\/foglie-di-cacao\/#primaryimage","url":"https:\/\/insektenliebe.com\/wp-content\/uploads\/2025\/05\/Kakaoblaetter-2.jpg","contentUrl":"https:\/\/insektenliebe.com\/wp-content\/uploads\/2025\/05\/Kakaoblaetter-2.jpg","width":820,"height":820,"caption":"Foglie di cacao-2.jpg"},{"@type":"BreadcrumbList","@id":"https:\/\/insektenliebe.com\/it\/shop\/prodotto\/foglie-di-cacao\/#breadcrumb","itemListElement":[{"@type":"ListItem","position":1,"name":"Startseite","item":"https:\/\/insektenliebe.com\/it\/"},{"@type":"ListItem","position":2,"name":"Negozio","item":"https:\/\/insektenliebe.com\/it\/negozio\/"},{"@type":"ListItem","position":3,"name":"Foglie di cacao"}]},{"@type":"WebSite","@id":"https:\/\/insektenliebe.com\/it\/#website","url":"https:\/\/insektenliebe.com\/it\/","name":"Insektenliebe","description":"Dein Zuhause f\u00fcr die kleinen Lebewesen","publisher":{"@id":"https:\/\/insektenliebe.com\/it\/#organization"},"potentialAction":[{"@type":"SearchAction","target":{"@type":"EntryPoint","urlTemplate":"https:\/\/insektenliebe.com\/it\/?s={search_term_string}"},"query-input":{"@type":"PropertyValueSpecification","valueRequired":true,"valueName":"search_term_string"}}],"inLanguage":"it-IT"},{"@type":"Organization","@id":"https:\/\/insektenliebe.com\/it\/#organization","name":"Insektenliebe","url":"https:\/\/insektenliebe.com\/it\/","logo":{"@type":"ImageObject","inLanguage":"it-IT","@id":"https:\/\/insektenliebe.com\/it\/#\/schema\/logo\/image\/","url":"https:\/\/insektenliebe.com\/wp-content\/uploads\/2025\/03\/logo-white.png","contentUrl":"https:\/\/insektenliebe.com\/wp-content\/uploads\/2025\/03\/logo-white.png","width":288,"height":188,"caption":"Insektenliebe"},"image":{"@id":"https:\/\/insektenliebe.com\/it\/#\/schema\/logo\/image\/"}}]}},"_links":{"self":[{"href":"https:\/\/insektenliebe.com\/it\/wp-json\/wp\/v2\/product\/185389","targetHints":{"allow":["GET"]}}],"collection":[{"href":"https:\/\/insektenliebe.com\/it\/wp-json\/wp\/v2\/product"}],"about":[{"href":"https:\/\/insektenliebe.com\/it\/wp-json\/wp\/v2\/types\/product"}],"wp:featuredmedia":[{"embeddable":true,"href":"https:\/\/insektenliebe.com\/it\/wp-json\/wp\/v2\/media\/185394"}],"wp:attachment":[{"href":"https:\/\/insektenliebe.com\/it\/wp-json\/wp\/v2\/media?parent=185389"}],"wp:term":[{"taxonomy":"product-supplier","embeddable":true,"href":"https:\/\/insektenliebe.com\/it\/wp-json\/wp\/v2\/product-supplier?post=185389"},{"taxonomy":"product_brand","embeddable":true,"href":"https:\/\/insektenliebe.com\/it\/wp-json\/wp\/v2\/product_brand?post=185389"},{"taxonomy":"product_cat","embeddable":true,"href":"https:\/\/insektenliebe.com\/it\/wp-json\/wp\/v2\/product_cat?post=185389"},{"taxonomy":"product_tag","embeddable":true,"href":"https:\/\/insektenliebe.com\/it\/wp-json\/wp\/v2\/product_tag?post=185389"},{"taxonomy":"lce-checkout-addons","embeddable":true,"href":"https:\/\/insektenliebe.com\/it\/wp-json\/wp\/v2\/lce-checkout-addons?post=185389"}],"curies":[{"name":"wp","href":"https:\/\/api.w.org\/{rel}","templated":true}]}}