{"id":185376,"date":"2020-10-21T20:41:00","date_gmt":"2020-10-21T18:41:00","guid":{"rendered":"https:\/\/insektenliebe.com\/shop\/produkt\/cosmoderus-femoralis-grillo-dalla-testa-di-drago\/"},"modified":"2020-10-21T20:41:00","modified_gmt":"2020-10-21T18:41:00","slug":"cosmoderus-femoralis-grillo-dalla-testa-di-drago","status":"publish","type":"product","link":"https:\/\/insektenliebe.com\/it\/shop\/prodotto\/cosmoderus-femoralis-grillo-dalla-testa-di-drago\/","title":{"rendered":"Cosmoderus femoralis \"Grillo dalla testa di drago"},"content":{"rendered":"<h3 class=\"p1\"><span style=\"color: #99cc33\"><strong><span class=\"s1\">Cosmoderus femoralis - L&#8217;impressionante grillo a testa di drago dell&#8217;Africa<\/span><\/strong><\/span><\/h3>\n<p class=\"p1\"><span class=\"s1\"><strong>Il Cosmoderus femoralis<\/strong>, meglio conosciuto come grillo dalla testa di drago, \u00e8 una delle specie di grillo pi\u00f9 appariscenti e affascinanti in assoluto. Originario delle regioni aride e semi-aride della savana africana, cattura immediatamente l&#8217;attenzione con la sua testa dalla caratteristica forma \"a drago\" e la sua colorazione sorprendente. Il suo aspetto imponente non solo lo rende un animale emozionante da osservare, ma anche un vero e proprio pezzo forte in qualsiasi terrario.  <\/span><\/p>\n<p class=\"p1\"><span class=\"s1\">Il grillo testa di drago raggiunge dimensioni considerevoli e ha un esoscheletro forte e robusto che gli garantisce un&#8217;ottima protezione nel suo ambiente naturale. Nonostante il loro aspetto difensivo, questi insetti sono abitanti pacifici che possono essere facilmente tenuti in un terrario se c&#8217;\u00e8 spazio sufficiente e un arredamento adatto. Un clima secco e caldo, con temperature comprese tra i 24 e i 28 \u00b0C e un&#8217;umidit\u00e0 moderata, \u00e8 consigliato per un allevamento adeguato alla specie. Un mix di sabbia e substrato scavabile \u00e8 adatto come substrato, poich\u00e9 amano creare grotte luminose o nascondigli.   <\/span><\/p>\n<p class=\"p1\"><span class=\"s1\">I <strong>Cosmoderus femoralis \"grillo testa di drago\"<\/strong> non presentano complicazioni nella loro dieta. Accettano sia verdure e foglie fresche che alimenti ricchi di proteine. Una dieta varia non solo favorisce la loro salute, ma anche la loro colorazione. Poich\u00e9 non sono irregolari come altre specie di grilli, sono facili da osservare e sono ideali per gli allevatori che vogliono studiare il comportamento naturale di questa particolare specie.   <\/span><\/p>\n<p class=\"p1\"><span class=\"s1\">Se tieni il grillo testa di drago in un terrario, devi fornire sufficienti opportunit\u00e0 di arrampicata e strutture per soddisfare la sua voglia di muoversi e il suo istinto di esplorazione. Il suo aspetto esotico e il suo comportamento interessante rendono il <strong>Cosmoderus femoralis \"grillo testa di drago\"<\/strong> un vero tesoro esotico, perfetto per chi cerca un animale insolito ma facile da curare. <\/span><\/p>\n","protected":false},"excerpt":{"rendered":"<p>Cosmoderus femoralis - L&#8217;impressionante grillo a testa di drago dell&#8217;Africa Il Cosmoderus femoralis, meglio conosciuto come grillo dalla testa di drago, \u00e8 una delle specie di grillo pi\u00f9 appariscenti e affascinanti in assoluto. Originario delle regioni aride e semi-aride della savana africana, cattura immediatamente l&#8217;attenzione con la sua testa dalla caratteristica forma \"a drago\" e [&hellip;]<\/p>\n","protected":false},"featured_media":185387,"template":"","meta":{"_acf_changed":false},"product-supplier":[],"product_brand":[],"product_cat":[2829],"product_tag":[],"lce-checkout-addons":[2746],"class_list":{"0":"post-185376","1":"product","2":"type-product","3":"status-publish","4":"has-post-thumbnail","6":"product_cat-altri-invertebrati","7":"product_shipping_class-spedizione-di-animali","8":"pa_herkunft-camerun","9":"pa_kontinent-africa","10":"lce-checkout-addons-imballaggio-invernale","12":"first","13":"outofstock","14":"taxable","15":"shipping-taxable","16":"purchasable","17":"product-type-simple"},"acf":[],"yoast_head":"<!-- This site is optimized with the Yoast SEO Premium plugin v26.8 (Yoast SEO v27.3) - https:\/\/yoast.com\/product\/yoast-seo-premium-wordpress\/ -->\n<title>Cosmoderus femoralis &quot;Grillo dalla testa di drago - Insektenliebe<\/title>\n<meta name=\"description\" content=\"Acquista a basso costo Cosmoderus femoralis direttamente online! I grilli testa di drago hanno un aspetto stravagante e sono molto popolari nella terraristica.\" \/>\n<meta name=\"robots\" content=\"index, follow, max-snippet:-1, max-image-preview:large, max-video-preview:-1\" \/>\n<link rel=\"canonical\" href=\"https:\/\/insektenliebe.com\/it\/shop\/prodotto\/cosmoderus-femoralis-grillo-dalla-testa-di-drago\/\" \/>\n<meta property=\"og:locale\" content=\"it_IT\" \/>\n<meta property=\"og:type\" content=\"article\" \/>\n<meta property=\"og:title\" content=\"Cosmoderus femoralis &quot;Grillo dalla testa di drago\" \/>\n<meta property=\"og:description\" content=\"Acquista a basso costo Cosmoderus femoralis direttamente online! I grilli testa di drago hanno un aspetto stravagante e sono molto popolari nella terraristica.\" \/>\n<meta property=\"og:url\" content=\"https:\/\/insektenliebe.com\/it\/shop\/prodotto\/cosmoderus-femoralis-grillo-dalla-testa-di-drago\/\" \/>\n<meta property=\"og:site_name\" content=\"Insektenliebe\" \/>\n<meta property=\"og:image\" content=\"https:\/\/insektenliebe.com\/wp-content\/uploads\/2025\/05\/Cosmoderus-femoralis-1-2.jpg\" \/>\n\t<meta property=\"og:image:width\" content=\"820\" \/>\n\t<meta property=\"og:image:height\" content=\"820\" \/>\n\t<meta property=\"og:image:type\" content=\"image\/jpeg\" \/>\n<meta name=\"twitter:card\" content=\"summary_large_image\" \/>\n<meta name=\"twitter:label1\" content=\"Prezzo\" \/>\n\t<meta name=\"twitter:data1\" content=\"25,00&nbsp;&euro; IVA incl., + spese di sped.\" \/>\n\t<meta name=\"twitter:label2\" content=\"Disponibilit\u00e0\" \/>\n\t<meta name=\"twitter:data2\" content=\"Esaurito\" \/>\n<script type=\"application\/ld+json\" class=\"yoast-schema-graph\">{\"@context\":\"https:\\\/\\\/schema.org\",\"@graph\":[{\"@type\":\"WebPage\",\"@id\":\"https:\\\/\\\/insektenliebe.com\\\/it\\\/shop\\\/prodotto\\\/cosmoderus-femoralis-grillo-dalla-testa-di-drago\\\/\",\"url\":\"https:\\\/\\\/insektenliebe.com\\\/it\\\/shop\\\/prodotto\\\/cosmoderus-femoralis-grillo-dalla-testa-di-drago\\\/\",\"name\":\"Cosmoderus femoralis \\\"Grillo dalla testa di drago - Insektenliebe\",\"isPartOf\":{\"@id\":\"https:\\\/\\\/insektenliebe.com\\\/it\\\/#website\"},\"primaryImageOfPage\":{\"@id\":\"https:\\\/\\\/insektenliebe.com\\\/it\\\/shop\\\/prodotto\\\/cosmoderus-femoralis-grillo-dalla-testa-di-drago\\\/#primaryimage\"},\"image\":{\"@id\":\"https:\\\/\\\/insektenliebe.com\\\/it\\\/shop\\\/prodotto\\\/cosmoderus-femoralis-grillo-dalla-testa-di-drago\\\/#primaryimage\"},\"thumbnailUrl\":\"https:\\\/\\\/insektenliebe.com\\\/wp-content\\\/uploads\\\/2025\\\/05\\\/Cosmoderus-femoralis-1-2.jpg\",\"datePublished\":\"2020-10-21T18:41:00+00:00\",\"description\":\"Acquista a basso costo Cosmoderus femoralis direttamente online! I grilli testa di drago hanno un aspetto stravagante e sono molto popolari nella terraristica.\",\"breadcrumb\":{\"@id\":\"https:\\\/\\\/insektenliebe.com\\\/it\\\/shop\\\/prodotto\\\/cosmoderus-femoralis-grillo-dalla-testa-di-drago\\\/#breadcrumb\"},\"inLanguage\":\"it-IT\",\"potentialAction\":[{\"@type\":\"ReadAction\",\"target\":[\"https:\\\/\\\/insektenliebe.com\\\/it\\\/shop\\\/prodotto\\\/cosmoderus-femoralis-grillo-dalla-testa-di-drago\\\/\"]}]},{\"@type\":\"ImageObject\",\"inLanguage\":\"it-IT\",\"@id\":\"https:\\\/\\\/insektenliebe.com\\\/it\\\/shop\\\/prodotto\\\/cosmoderus-femoralis-grillo-dalla-testa-di-drago\\\/#primaryimage\",\"url\":\"https:\\\/\\\/insektenliebe.com\\\/wp-content\\\/uploads\\\/2025\\\/05\\\/Cosmoderus-femoralis-1-2.jpg\",\"contentUrl\":\"https:\\\/\\\/insektenliebe.com\\\/wp-content\\\/uploads\\\/2025\\\/05\\\/Cosmoderus-femoralis-1-2.jpg\",\"width\":820,\"height\":820,\"caption\":\"Cosmoderus-femoralis-1-2.jpg\"},{\"@type\":\"BreadcrumbList\",\"@id\":\"https:\\\/\\\/insektenliebe.com\\\/it\\\/shop\\\/prodotto\\\/cosmoderus-femoralis-grillo-dalla-testa-di-drago\\\/#breadcrumb\",\"itemListElement\":[{\"@type\":\"ListItem\",\"position\":1,\"name\":\"Startseite\",\"item\":\"https:\\\/\\\/insektenliebe.com\\\/it\\\/\"},{\"@type\":\"ListItem\",\"position\":2,\"name\":\"Negozio\",\"item\":\"https:\\\/\\\/insektenliebe.com\\\/it\\\/negozio\\\/\"},{\"@type\":\"ListItem\",\"position\":3,\"name\":\"Cosmoderus femoralis &#8220;Grillo dalla testa di drago\"}]},{\"@type\":\"WebSite\",\"@id\":\"https:\\\/\\\/insektenliebe.com\\\/it\\\/#website\",\"url\":\"https:\\\/\\\/insektenliebe.com\\\/it\\\/\",\"name\":\"Insektenliebe\",\"description\":\"Dein Zuhause f\u00fcr die kleinen Lebewesen\",\"publisher\":{\"@id\":\"https:\\\/\\\/insektenliebe.com\\\/it\\\/#organization\"},\"potentialAction\":[{\"@type\":\"SearchAction\",\"target\":{\"@type\":\"EntryPoint\",\"urlTemplate\":\"https:\\\/\\\/insektenliebe.com\\\/it\\\/?s={search_term_string}\"},\"query-input\":{\"@type\":\"PropertyValueSpecification\",\"valueRequired\":true,\"valueName\":\"search_term_string\"}}],\"inLanguage\":\"it-IT\"},{\"@type\":\"Organization\",\"@id\":\"https:\\\/\\\/insektenliebe.com\\\/it\\\/#organization\",\"name\":\"Insektenliebe\",\"url\":\"https:\\\/\\\/insektenliebe.com\\\/it\\\/\",\"logo\":{\"@type\":\"ImageObject\",\"inLanguage\":\"it-IT\",\"@id\":\"https:\\\/\\\/insektenliebe.com\\\/it\\\/#\\\/schema\\\/logo\\\/image\\\/\",\"url\":\"https:\\\/\\\/insektenliebe.com\\\/wp-content\\\/uploads\\\/2025\\\/03\\\/logo-white.png\",\"contentUrl\":\"https:\\\/\\\/insektenliebe.com\\\/wp-content\\\/uploads\\\/2025\\\/03\\\/logo-white.png\",\"width\":288,\"height\":188,\"caption\":\"Insektenliebe\"},\"image\":{\"@id\":\"https:\\\/\\\/insektenliebe.com\\\/it\\\/#\\\/schema\\\/logo\\\/image\\\/\"}}]}<\/script>\n<meta property=\"product:price:amount\" content=\"25.00\" \/>\n<meta property=\"product:price:currency\" content=\"EUR\" \/>\n<meta property=\"og:availability\" content=\"out of stock\" \/>\n<meta property=\"product:availability\" content=\"out of stock\" \/>\n<meta property=\"product:retailer_item_id\" content=\"449\" \/>\n<meta property=\"product:condition\" content=\"new\" \/>\n<!-- \/ Yoast SEO Premium plugin. -->","yoast_head_json":{"title":"Cosmoderus femoralis \"Grillo dalla testa di drago - Insektenliebe","description":"Acquista a basso costo Cosmoderus femoralis direttamente online! I grilli testa di drago hanno un aspetto stravagante e sono molto popolari nella terraristica.","robots":{"index":"index","follow":"follow","max-snippet":"max-snippet:-1","max-image-preview":"max-image-preview:large","max-video-preview":"max-video-preview:-1"},"canonical":"https:\/\/insektenliebe.com\/it\/shop\/prodotto\/cosmoderus-femoralis-grillo-dalla-testa-di-drago\/","og_locale":"it_IT","og_type":"article","og_title":"Cosmoderus femoralis \"Grillo dalla testa di drago","og_description":"Acquista a basso costo Cosmoderus femoralis direttamente online! I grilli testa di drago hanno un aspetto stravagante e sono molto popolari nella terraristica.","og_url":"https:\/\/insektenliebe.com\/it\/shop\/prodotto\/cosmoderus-femoralis-grillo-dalla-testa-di-drago\/","og_site_name":"Insektenliebe","og_image":[{"width":820,"height":820,"url":"https:\/\/insektenliebe.com\/wp-content\/uploads\/2025\/05\/Cosmoderus-femoralis-1-2.jpg","type":"image\/jpeg"}],"twitter_card":"summary_large_image","twitter_misc":{"Prezzo":"25,00&nbsp;&euro; IVA incl., + spese di sped.","Disponibilit\u00e0":"Esaurito"},"schema":{"@context":"https:\/\/schema.org","@graph":[{"@type":"WebPage","@id":"https:\/\/insektenliebe.com\/it\/shop\/prodotto\/cosmoderus-femoralis-grillo-dalla-testa-di-drago\/","url":"https:\/\/insektenliebe.com\/it\/shop\/prodotto\/cosmoderus-femoralis-grillo-dalla-testa-di-drago\/","name":"Cosmoderus femoralis \"Grillo dalla testa di drago - Insektenliebe","isPartOf":{"@id":"https:\/\/insektenliebe.com\/it\/#website"},"primaryImageOfPage":{"@id":"https:\/\/insektenliebe.com\/it\/shop\/prodotto\/cosmoderus-femoralis-grillo-dalla-testa-di-drago\/#primaryimage"},"image":{"@id":"https:\/\/insektenliebe.com\/it\/shop\/prodotto\/cosmoderus-femoralis-grillo-dalla-testa-di-drago\/#primaryimage"},"thumbnailUrl":"https:\/\/insektenliebe.com\/wp-content\/uploads\/2025\/05\/Cosmoderus-femoralis-1-2.jpg","datePublished":"2020-10-21T18:41:00+00:00","description":"Acquista a basso costo Cosmoderus femoralis direttamente online! I grilli testa di drago hanno un aspetto stravagante e sono molto popolari nella terraristica.","breadcrumb":{"@id":"https:\/\/insektenliebe.com\/it\/shop\/prodotto\/cosmoderus-femoralis-grillo-dalla-testa-di-drago\/#breadcrumb"},"inLanguage":"it-IT","potentialAction":[{"@type":"ReadAction","target":["https:\/\/insektenliebe.com\/it\/shop\/prodotto\/cosmoderus-femoralis-grillo-dalla-testa-di-drago\/"]}]},{"@type":"ImageObject","inLanguage":"it-IT","@id":"https:\/\/insektenliebe.com\/it\/shop\/prodotto\/cosmoderus-femoralis-grillo-dalla-testa-di-drago\/#primaryimage","url":"https:\/\/insektenliebe.com\/wp-content\/uploads\/2025\/05\/Cosmoderus-femoralis-1-2.jpg","contentUrl":"https:\/\/insektenliebe.com\/wp-content\/uploads\/2025\/05\/Cosmoderus-femoralis-1-2.jpg","width":820,"height":820,"caption":"Cosmoderus-femoralis-1-2.jpg"},{"@type":"BreadcrumbList","@id":"https:\/\/insektenliebe.com\/it\/shop\/prodotto\/cosmoderus-femoralis-grillo-dalla-testa-di-drago\/#breadcrumb","itemListElement":[{"@type":"ListItem","position":1,"name":"Startseite","item":"https:\/\/insektenliebe.com\/it\/"},{"@type":"ListItem","position":2,"name":"Negozio","item":"https:\/\/insektenliebe.com\/it\/negozio\/"},{"@type":"ListItem","position":3,"name":"Cosmoderus femoralis &#8220;Grillo dalla testa di drago"}]},{"@type":"WebSite","@id":"https:\/\/insektenliebe.com\/it\/#website","url":"https:\/\/insektenliebe.com\/it\/","name":"Insektenliebe","description":"Dein Zuhause f\u00fcr die kleinen Lebewesen","publisher":{"@id":"https:\/\/insektenliebe.com\/it\/#organization"},"potentialAction":[{"@type":"SearchAction","target":{"@type":"EntryPoint","urlTemplate":"https:\/\/insektenliebe.com\/it\/?s={search_term_string}"},"query-input":{"@type":"PropertyValueSpecification","valueRequired":true,"valueName":"search_term_string"}}],"inLanguage":"it-IT"},{"@type":"Organization","@id":"https:\/\/insektenliebe.com\/it\/#organization","name":"Insektenliebe","url":"https:\/\/insektenliebe.com\/it\/","logo":{"@type":"ImageObject","inLanguage":"it-IT","@id":"https:\/\/insektenliebe.com\/it\/#\/schema\/logo\/image\/","url":"https:\/\/insektenliebe.com\/wp-content\/uploads\/2025\/03\/logo-white.png","contentUrl":"https:\/\/insektenliebe.com\/wp-content\/uploads\/2025\/03\/logo-white.png","width":288,"height":188,"caption":"Insektenliebe"},"image":{"@id":"https:\/\/insektenliebe.com\/it\/#\/schema\/logo\/image\/"}}]},"product_price_amount":"25.00","product_price_currency":"EUR","og_availability":"out of stock","product_availability":"out of stock","product_retailer_item_id":"449","product_condition":"new"},"_links":{"self":[{"href":"https:\/\/insektenliebe.com\/it\/wp-json\/wp\/v2\/product\/185376","targetHints":{"allow":["GET"]}}],"collection":[{"href":"https:\/\/insektenliebe.com\/it\/wp-json\/wp\/v2\/product"}],"about":[{"href":"https:\/\/insektenliebe.com\/it\/wp-json\/wp\/v2\/types\/product"}],"wp:featuredmedia":[{"embeddable":true,"href":"https:\/\/insektenliebe.com\/it\/wp-json\/wp\/v2\/media\/185387"}],"wp:attachment":[{"href":"https:\/\/insektenliebe.com\/it\/wp-json\/wp\/v2\/media?parent=185376"}],"wp:term":[{"taxonomy":"product-supplier","embeddable":true,"href":"https:\/\/insektenliebe.com\/it\/wp-json\/wp\/v2\/product-supplier?post=185376"},{"taxonomy":"product_brand","embeddable":true,"href":"https:\/\/insektenliebe.com\/it\/wp-json\/wp\/v2\/product_brand?post=185376"},{"taxonomy":"product_cat","embeddable":true,"href":"https:\/\/insektenliebe.com\/it\/wp-json\/wp\/v2\/product_cat?post=185376"},{"taxonomy":"product_tag","embeddable":true,"href":"https:\/\/insektenliebe.com\/it\/wp-json\/wp\/v2\/product_tag?post=185376"},{"taxonomy":"lce-checkout-addons","embeddable":true,"href":"https:\/\/insektenliebe.com\/it\/wp-json\/wp\/v2\/lce-checkout-addons?post=185376"}],"curies":[{"name":"wp","href":"https:\/\/api.w.org\/{rel}","templated":true}]}}