{"id":185365,"date":"2020-10-25T17:21:12","date_gmt":"2020-10-25T17:21:12","guid":{"rendered":"https:\/\/insektenliebe.com\/shop\/produkt\/mardonius-spec-gamba-rossa-del-camerun\/"},"modified":"2020-10-25T17:21:12","modified_gmt":"2020-10-25T16:21:12","slug":"mardonius-spec-gamba-rossa-del-camerun","status":"publish","type":"product","link":"https:\/\/insektenliebe.com\/it\/shop\/prodotto\/mardonius-spec-gamba-rossa-del-camerun\/","title":{"rendered":"Mardonius spec. \"Gamba rossa del Camerun\""},"content":{"rendered":"<h3 data-start=\"0\" data-end=\"75\"><span style=\"color: #99cc33\"><strong data-start=\"0\" data-end=\"75\">Mardonius spec. \"Gamba rossa del Camerun\" - il classico dai colori forti <\/strong><\/span><\/h3>\n<p data-start=\"77\" data-end=\"542\">Il  <strong>Mardonius spec. \"Gamba rossa del Camerun\" <\/strong>  \u00e8 da anni uno dei preferiti dagli appassionati di terrari, e per una buona ragione. Con il suo corpo nero profondo e lucido e le sue zampe marrone rossastro, questo imponente millepiedi non \u00e8 solo un punto di forza visivo, ma anche un partner affascinante da osservare. Il suo aspetto possente e il suo comportamento calmo lo rendono ideale anche per i principianti che si avvicinano ai miriapodi africani.  <\/p>\n<p data-start=\"544\" data-end=\"1043\">Questo millepiedi gigante, originario del Camerun, raggiunge una lunghezza di 22 centimetri quando \u00e8 completamente cresciuto e si muove tranquillamente nel suo terrario. \u00c8 particolarmente attivo quando il tempo \u00e8 umido e al crepuscolo. Durante il giorno ama ritirarsi nel suo nascondiglio, per questo \u00e8 necessario uno strato di substrato sufficientemente spesso, idealmente di 10-15 centimetri. L&#8217;humus di bosco, mescolato a foglie di foraggio e legno bianco marcio, costituisce la base ideale per le sue attivit\u00e0 di scavo.   <\/p>\n<p data-start=\"1045\" data-end=\"1482\">Il terrario per  <strong>Mardonius spec. \"Gamba Rossa del Camerun\" <\/strong>  dovrebbe avere una dimensione minima di 30 \u00d7 30 \u00d7 30 cm, meglio se ancora pi\u00f9 grande se si vogliono tenere pi\u00f9 animali insieme. Una buona ventilazione \u00e8 importante quanto un livello di umidit\u00e0 di base uniforme. Il substrato deve essere leggermente nebulizzato due o tre volte alla settimana, senza creare ristagni d&#8217;acqua. Gli animali amano particolarmente essere tenuti in aree con un&#8217;umidit\u00e0 costantemente elevata.   <\/p>\n<p data-start=\"1484\" data-end=\"1860\">La dieta di questa specie \u00e8 semplice: Il menu prevede verdure fresche come carote, cetrioli, zucchine e spinaci sbollentati o patate dolci. Anche i millepiedi o i gammarus sono facilmente accettati come fonte di proteine. Gli avanzi di cibo devono essere rimossi regolarmente per evitare la formazione di acari: le code di primavera sono ottime per utilizzare gli avanzi.  <\/p>\n<p data-start=\"1862\" data-end=\"2143\" data-is-last-node=\"\" data-is-only-node=\"\"><strong>Mardonius spec. \"Gamba rossa del Camerun\" <\/strong>  non \u00e8 solo robusta e longeva, ma anche una specie interessante per chi vuole esplorare il mondo dei miriapodi. La sua natura calma, la sua colorazione sorprendente e le sue dimensioni impressionanti la rendono un vero e proprio richiamo visivo nel terrario. <\/p>\n","protected":false},"excerpt":{"rendered":"<p>Una bellissima specie di millepiedi di colore nero opaco, con zampe di colore rosso.<\/p>\n","protected":false},"featured_media":185371,"template":"","meta":{"_acf_changed":false},"product-supplier":[],"product_brand":[],"product_cat":[2870],"product_tag":[],"lce-checkout-addons":[2746],"class_list":{"0":"post-185365","1":"product","2":"type-product","3":"status-publish","4":"has-post-thumbnail","6":"product_cat-millipede","7":"product_shipping_class-spedizione-di-animali","8":"pa_geschlecht-donna","9":"pa_geschlecht-indeterminato","10":"pa_geschlecht-uomo","11":"pa_herkunft-camerun","12":"pa_kontinent-africa","13":"lce-checkout-addons-imballaggio-invernale","15":"first","16":"instock","17":"taxable","18":"shipping-taxable","19":"purchasable","20":"product-type-variable"},"acf":[],"yoast_head":"<!-- This site is optimized with the Yoast SEO plugin v27.3 - https:\/\/yoast.com\/product\/yoast-seo-wordpress\/ -->\n<title>Mardonius spec. &quot;Gamba rossa del Camerun&quot; - Insektenliebe<\/title>\n<meta name=\"description\" content=\"Acquista online il Mardonius spec. &quot;Cameroon Red Leg&quot;. Una specie di millepiedi di grandi dimensioni con zampe rosse, facile da mantenere.\" \/>\n<meta name=\"robots\" content=\"index, follow, max-snippet:-1, max-image-preview:large, max-video-preview:-1\" \/>\n<link rel=\"canonical\" href=\"https:\/\/insektenliebe.com\/it\/shop\/prodotto\/mardonius-spec-gamba-rossa-del-camerun\/\" \/>\n<meta property=\"og:locale\" content=\"it_IT\" \/>\n<meta property=\"og:type\" content=\"article\" \/>\n<meta property=\"og:title\" content=\"Mardonius spec. &quot;Gamba rossa del Camerun&quot; - Insektenliebe\" \/>\n<meta property=\"og:description\" content=\"Acquista online il Mardonius spec. &quot;Cameroon Red Leg&quot;. Una specie di millepiedi di grandi dimensioni con zampe rosse, facile da mantenere.\" \/>\n<meta property=\"og:url\" content=\"https:\/\/insektenliebe.com\/it\/shop\/prodotto\/mardonius-spec-gamba-rossa-del-camerun\/\" \/>\n<meta property=\"og:site_name\" content=\"Insektenliebe\" \/>\n<meta property=\"og:image\" content=\"https:\/\/insektenliebe.com\/wp-content\/uploads\/2025\/05\/Mardonius-spec.-CAMEROON-RED-LEG-2.jpg\" \/>\n\t<meta property=\"og:image:width\" content=\"820\" \/>\n\t<meta property=\"og:image:height\" content=\"820\" \/>\n\t<meta property=\"og:image:type\" content=\"image\/jpeg\" \/>\n<meta name=\"twitter:card\" content=\"summary_large_image\" \/>\n<meta name=\"twitter:label1\" content=\"Tempo di lettura stimato\" \/>\n\t<meta name=\"twitter:data1\" content=\"2 minuto\" \/>\n<script type=\"application\/ld+json\" class=\"yoast-schema-graph\">{\"@context\":\"https:\\\/\\\/schema.org\",\"@graph\":[{\"@type\":\"WebPage\",\"@id\":\"https:\\\/\\\/insektenliebe.com\\\/it\\\/shop\\\/prodotto\\\/mardonius-spec-gamba-rossa-del-camerun\\\/\",\"url\":\"https:\\\/\\\/insektenliebe.com\\\/it\\\/shop\\\/prodotto\\\/mardonius-spec-gamba-rossa-del-camerun\\\/\",\"name\":\"Mardonius spec. \\\"Gamba rossa del Camerun\\\" - Insektenliebe\",\"isPartOf\":{\"@id\":\"https:\\\/\\\/insektenliebe.com\\\/it\\\/#website\"},\"primaryImageOfPage\":{\"@id\":\"https:\\\/\\\/insektenliebe.com\\\/it\\\/shop\\\/prodotto\\\/mardonius-spec-gamba-rossa-del-camerun\\\/#primaryimage\"},\"image\":{\"@id\":\"https:\\\/\\\/insektenliebe.com\\\/it\\\/shop\\\/prodotto\\\/mardonius-spec-gamba-rossa-del-camerun\\\/#primaryimage\"},\"thumbnailUrl\":\"https:\\\/\\\/insektenliebe.com\\\/wp-content\\\/uploads\\\/2025\\\/05\\\/Mardonius-spec.-CAMEROON-RED-LEG-2.jpg\",\"datePublished\":\"2020-10-25T17:21:12+00:00\",\"description\":\"Acquista online il Mardonius spec. \\\"Cameroon Red Leg\\\". Una specie di millepiedi di grandi dimensioni con zampe rosse, facile da mantenere.\",\"breadcrumb\":{\"@id\":\"https:\\\/\\\/insektenliebe.com\\\/it\\\/shop\\\/prodotto\\\/mardonius-spec-gamba-rossa-del-camerun\\\/#breadcrumb\"},\"inLanguage\":\"it-IT\",\"potentialAction\":[{\"@type\":\"ReadAction\",\"target\":[\"https:\\\/\\\/insektenliebe.com\\\/it\\\/shop\\\/prodotto\\\/mardonius-spec-gamba-rossa-del-camerun\\\/\"]}]},{\"@type\":\"ImageObject\",\"inLanguage\":\"it-IT\",\"@id\":\"https:\\\/\\\/insektenliebe.com\\\/it\\\/shop\\\/prodotto\\\/mardonius-spec-gamba-rossa-del-camerun\\\/#primaryimage\",\"url\":\"https:\\\/\\\/insektenliebe.com\\\/wp-content\\\/uploads\\\/2025\\\/05\\\/Mardonius-spec.-CAMEROON-RED-LEG-2.jpg\",\"contentUrl\":\"https:\\\/\\\/insektenliebe.com\\\/wp-content\\\/uploads\\\/2025\\\/05\\\/Mardonius-spec.-CAMEROON-RED-LEG-2.jpg\",\"width\":820,\"height\":820,\"caption\":\"Mardonius-spec.-CAMEROON-RED-LEG-2.jpg\"},{\"@type\":\"BreadcrumbList\",\"@id\":\"https:\\\/\\\/insektenliebe.com\\\/it\\\/shop\\\/prodotto\\\/mardonius-spec-gamba-rossa-del-camerun\\\/#breadcrumb\",\"itemListElement\":[{\"@type\":\"ListItem\",\"position\":1,\"name\":\"Startseite\",\"item\":\"https:\\\/\\\/insektenliebe.com\\\/it\\\/\"},{\"@type\":\"ListItem\",\"position\":2,\"name\":\"Negozio\",\"item\":\"https:\\\/\\\/insektenliebe.com\\\/it\\\/negozio\\\/\"},{\"@type\":\"ListItem\",\"position\":3,\"name\":\"Mardonius spec. &#8220;Gamba rossa del Camerun&#8221;\"}]},{\"@type\":\"WebSite\",\"@id\":\"https:\\\/\\\/insektenliebe.com\\\/it\\\/#website\",\"url\":\"https:\\\/\\\/insektenliebe.com\\\/it\\\/\",\"name\":\"Insektenliebe\",\"description\":\"Dein Zuhause f\u00fcr die kleinen Lebewesen\",\"publisher\":{\"@id\":\"https:\\\/\\\/insektenliebe.com\\\/it\\\/#organization\"},\"potentialAction\":[{\"@type\":\"SearchAction\",\"target\":{\"@type\":\"EntryPoint\",\"urlTemplate\":\"https:\\\/\\\/insektenliebe.com\\\/it\\\/?s={search_term_string}\"},\"query-input\":{\"@type\":\"PropertyValueSpecification\",\"valueRequired\":true,\"valueName\":\"search_term_string\"}}],\"inLanguage\":\"it-IT\"},{\"@type\":\"Organization\",\"@id\":\"https:\\\/\\\/insektenliebe.com\\\/it\\\/#organization\",\"name\":\"Insektenliebe\",\"url\":\"https:\\\/\\\/insektenliebe.com\\\/it\\\/\",\"logo\":{\"@type\":\"ImageObject\",\"inLanguage\":\"it-IT\",\"@id\":\"https:\\\/\\\/insektenliebe.com\\\/it\\\/#\\\/schema\\\/logo\\\/image\\\/\",\"url\":\"https:\\\/\\\/insektenliebe.com\\\/wp-content\\\/uploads\\\/2025\\\/03\\\/logo-white.png\",\"contentUrl\":\"https:\\\/\\\/insektenliebe.com\\\/wp-content\\\/uploads\\\/2025\\\/03\\\/logo-white.png\",\"width\":288,\"height\":188,\"caption\":\"Insektenliebe\"},\"image\":{\"@id\":\"https:\\\/\\\/insektenliebe.com\\\/it\\\/#\\\/schema\\\/logo\\\/image\\\/\"}}]}<\/script>\n<!-- \/ Yoast SEO plugin. -->","yoast_head_json":{"title":"Mardonius spec. \"Gamba rossa del Camerun\" - Insektenliebe","description":"Acquista online il Mardonius spec. \"Cameroon Red Leg\". Una specie di millepiedi di grandi dimensioni con zampe rosse, facile da mantenere.","robots":{"index":"index","follow":"follow","max-snippet":"max-snippet:-1","max-image-preview":"max-image-preview:large","max-video-preview":"max-video-preview:-1"},"canonical":"https:\/\/insektenliebe.com\/it\/shop\/prodotto\/mardonius-spec-gamba-rossa-del-camerun\/","og_locale":"it_IT","og_type":"article","og_title":"Mardonius spec. \"Gamba rossa del Camerun\" - Insektenliebe","og_description":"Acquista online il Mardonius spec. \"Cameroon Red Leg\". Una specie di millepiedi di grandi dimensioni con zampe rosse, facile da mantenere.","og_url":"https:\/\/insektenliebe.com\/it\/shop\/prodotto\/mardonius-spec-gamba-rossa-del-camerun\/","og_site_name":"Insektenliebe","og_image":[{"width":820,"height":820,"url":"https:\/\/insektenliebe.com\/wp-content\/uploads\/2025\/05\/Mardonius-spec.-CAMEROON-RED-LEG-2.jpg","type":"image\/jpeg"}],"twitter_card":"summary_large_image","twitter_misc":{"Tempo di lettura stimato":"2 minuto"},"schema":{"@context":"https:\/\/schema.org","@graph":[{"@type":"WebPage","@id":"https:\/\/insektenliebe.com\/it\/shop\/prodotto\/mardonius-spec-gamba-rossa-del-camerun\/","url":"https:\/\/insektenliebe.com\/it\/shop\/prodotto\/mardonius-spec-gamba-rossa-del-camerun\/","name":"Mardonius spec. \"Gamba rossa del Camerun\" - Insektenliebe","isPartOf":{"@id":"https:\/\/insektenliebe.com\/it\/#website"},"primaryImageOfPage":{"@id":"https:\/\/insektenliebe.com\/it\/shop\/prodotto\/mardonius-spec-gamba-rossa-del-camerun\/#primaryimage"},"image":{"@id":"https:\/\/insektenliebe.com\/it\/shop\/prodotto\/mardonius-spec-gamba-rossa-del-camerun\/#primaryimage"},"thumbnailUrl":"https:\/\/insektenliebe.com\/wp-content\/uploads\/2025\/05\/Mardonius-spec.-CAMEROON-RED-LEG-2.jpg","datePublished":"2020-10-25T17:21:12+00:00","description":"Acquista online il Mardonius spec. \"Cameroon Red Leg\". Una specie di millepiedi di grandi dimensioni con zampe rosse, facile da mantenere.","breadcrumb":{"@id":"https:\/\/insektenliebe.com\/it\/shop\/prodotto\/mardonius-spec-gamba-rossa-del-camerun\/#breadcrumb"},"inLanguage":"it-IT","potentialAction":[{"@type":"ReadAction","target":["https:\/\/insektenliebe.com\/it\/shop\/prodotto\/mardonius-spec-gamba-rossa-del-camerun\/"]}]},{"@type":"ImageObject","inLanguage":"it-IT","@id":"https:\/\/insektenliebe.com\/it\/shop\/prodotto\/mardonius-spec-gamba-rossa-del-camerun\/#primaryimage","url":"https:\/\/insektenliebe.com\/wp-content\/uploads\/2025\/05\/Mardonius-spec.-CAMEROON-RED-LEG-2.jpg","contentUrl":"https:\/\/insektenliebe.com\/wp-content\/uploads\/2025\/05\/Mardonius-spec.-CAMEROON-RED-LEG-2.jpg","width":820,"height":820,"caption":"Mardonius-spec.-CAMEROON-RED-LEG-2.jpg"},{"@type":"BreadcrumbList","@id":"https:\/\/insektenliebe.com\/it\/shop\/prodotto\/mardonius-spec-gamba-rossa-del-camerun\/#breadcrumb","itemListElement":[{"@type":"ListItem","position":1,"name":"Startseite","item":"https:\/\/insektenliebe.com\/it\/"},{"@type":"ListItem","position":2,"name":"Negozio","item":"https:\/\/insektenliebe.com\/it\/negozio\/"},{"@type":"ListItem","position":3,"name":"Mardonius spec. &#8220;Gamba rossa del Camerun&#8221;"}]},{"@type":"WebSite","@id":"https:\/\/insektenliebe.com\/it\/#website","url":"https:\/\/insektenliebe.com\/it\/","name":"Insektenliebe","description":"Dein Zuhause f\u00fcr die kleinen Lebewesen","publisher":{"@id":"https:\/\/insektenliebe.com\/it\/#organization"},"potentialAction":[{"@type":"SearchAction","target":{"@type":"EntryPoint","urlTemplate":"https:\/\/insektenliebe.com\/it\/?s={search_term_string}"},"query-input":{"@type":"PropertyValueSpecification","valueRequired":true,"valueName":"search_term_string"}}],"inLanguage":"it-IT"},{"@type":"Organization","@id":"https:\/\/insektenliebe.com\/it\/#organization","name":"Insektenliebe","url":"https:\/\/insektenliebe.com\/it\/","logo":{"@type":"ImageObject","inLanguage":"it-IT","@id":"https:\/\/insektenliebe.com\/it\/#\/schema\/logo\/image\/","url":"https:\/\/insektenliebe.com\/wp-content\/uploads\/2025\/03\/logo-white.png","contentUrl":"https:\/\/insektenliebe.com\/wp-content\/uploads\/2025\/03\/logo-white.png","width":288,"height":188,"caption":"Insektenliebe"},"image":{"@id":"https:\/\/insektenliebe.com\/it\/#\/schema\/logo\/image\/"}}]}},"_links":{"self":[{"href":"https:\/\/insektenliebe.com\/it\/wp-json\/wp\/v2\/product\/185365","targetHints":{"allow":["GET"]}}],"collection":[{"href":"https:\/\/insektenliebe.com\/it\/wp-json\/wp\/v2\/product"}],"about":[{"href":"https:\/\/insektenliebe.com\/it\/wp-json\/wp\/v2\/types\/product"}],"wp:featuredmedia":[{"embeddable":true,"href":"https:\/\/insektenliebe.com\/it\/wp-json\/wp\/v2\/media\/185371"}],"wp:attachment":[{"href":"https:\/\/insektenliebe.com\/it\/wp-json\/wp\/v2\/media?parent=185365"}],"wp:term":[{"taxonomy":"product-supplier","embeddable":true,"href":"https:\/\/insektenliebe.com\/it\/wp-json\/wp\/v2\/product-supplier?post=185365"},{"taxonomy":"product_brand","embeddable":true,"href":"https:\/\/insektenliebe.com\/it\/wp-json\/wp\/v2\/product_brand?post=185365"},{"taxonomy":"product_cat","embeddable":true,"href":"https:\/\/insektenliebe.com\/it\/wp-json\/wp\/v2\/product_cat?post=185365"},{"taxonomy":"product_tag","embeddable":true,"href":"https:\/\/insektenliebe.com\/it\/wp-json\/wp\/v2\/product_tag?post=185365"},{"taxonomy":"lce-checkout-addons","embeddable":true,"href":"https:\/\/insektenliebe.com\/it\/wp-json\/wp\/v2\/lce-checkout-addons?post=185365"}],"curies":[{"name":"wp","href":"https:\/\/api.w.org\/{rel}","templated":true}]}}