{"id":185354,"date":"2020-10-25T17:37:19","date_gmt":"2020-10-25T17:37:19","guid":{"rendered":"https:\/\/insektenliebe.com\/shop\/produkt\/coromus-vittatus-vittatus\/"},"modified":"2020-10-25T17:37:19","modified_gmt":"2020-10-25T16:37:19","slug":"coromus-vittatus-vittatus","status":"publish","type":"product","link":"https:\/\/insektenliebe.com\/it\/shop\/prodotto\/coromus-vittatus-vittatus\/","title":{"rendered":"Coromus vittatus vittatus"},"content":{"rendered":"<h3><span style=\"color: #99cc33\">Breve descrizione:<\/span><\/h3>\n<p class=\"font_8\">Il Coromus vittatus vittatus \u00e8 una specie di pinnipede a bande piuttosto grande, che misura fino a 10 cm di lunghezza. Si trova in quasi tutta l&#8217;Africa. Si trova soprattutto in Camerun, Nigeria e Liberia. Qui vive in foreste calde e umide. Il Coromus vittatus vittatus \u00e8 una specie di pesce dai piedi a fascia relativamente conosciuta e spesso offerta in commercio. Allevare i Polydesmida \u00e8 molto semplice. Solo la riproduzione \u00e8 una sfida. L&#8217;allevamento ha avuto successo solo raramente e, quando \u00e8 successo, ha avuto un&#8217;alta percentuale di fallimenti.       <\/p>\n<p class=\"font_8\">Il corpo del Coromus vittatus vittatus \u00e8 di colore marrone scuro. Come di consueto per i pesci dai piedi a nastro, \u00e8 appiattito e diviso in arti ben visibili. Le zampe e le antenne di questa specie sono di colore bruno-rossastro. Una vistosa striscia gialla attraversa il dorso.   <\/p>\n<p class=\"font_8\">A causa delle dimensioni relativamente ridotte di questa specie, pu\u00f2 essere tenuta in terrari con un bordo lungo almeno 30 cm. Tuttavia, \u00e8 necessario assicurarsi che ci sia spazio sufficiente per un substrato sufficientemente alto. L&#8217;altezza del substrato per questa specie non dovrebbe essere inferiore a 8 cm! Il substrato serve sia come habitat che come cibo per gli animali e viene visitato regolarmente per la muta.   <\/p>\n<p class=\"font_8\">Le temperature diurne di 21-26\u00b0C si sono dimostrate adatte all&#8217;allevamento di questa specie. Gli animali sono prevalentemente crepuscolari e notturni, per questo motivo puoi fare a meno di una fonte di luce aggiuntiva. Quando si raggiungono le temperature nel terrario, \u00e8 importante installare sempre la fonte di calore dall&#8217;alto e mai dal basso! Il substrato deve essere sempre mantenuto semi-umido. Un&#8217;umidit\u00e0 del 70-100% si avvicina maggiormente alle condizioni del loro habitat naturale. Il substrato pu\u00f2 anche essere coperto con foglie, pezzi di corteccia o muschio. Questo aiuta a proteggerlo dall&#8217;essiccazione. Tutti i tipi di tenia preferiscono i terrari forestali. I rami che si arrampicano sono molto amati da questa specie e gli adulti in particolare possono essere visti spesso in superficie. Per questa specie \u00e8 importante che nel terrario ci sia un&#8217;alta percentuale di legno bianco marcio, che preferisce mangiare. Tuttavia, anche le foglie contenute nel substrato e occasionalmente verdure, frutta o cibo per millepiedi sono accettati come cibo supplementare.          <\/p>\n","protected":false},"excerpt":{"rendered":"<p>Una specie di piede nastriforme molto grande.<\/p>\n","protected":false},"featured_media":185356,"template":"","meta":{"_acf_changed":false},"product-supplier":[],"product_brand":[],"product_cat":[2870],"product_tag":[],"lce-checkout-addons":[2746],"class_list":{"0":"post-185354","1":"product","2":"type-product","3":"status-publish","4":"has-post-thumbnail","6":"product_cat-millipede","7":"product_shipping_class-spedizione-di-animali","8":"pa_herkunft-nigeria","9":"pa_kontinent-africa","10":"lce-checkout-addons-imballaggio-invernale","12":"first","13":"outofstock","14":"taxable","15":"shipping-taxable","16":"purchasable","17":"product-type-simple"},"acf":[],"yoast_head":"<!-- This site is optimized with the Yoast SEO plugin v27.3 - https:\/\/yoast.com\/product\/yoast-seo-wordpress\/ -->\n<title>Coromus vittatus vittatus - Insektenliebe<\/title>\n<meta name=\"description\" content=\"Acquista online il bellissimo Coromus vittatus vittatus. Offriamo esemplari allevati in cattivit\u00e0 di questa fantastica specie di pinnipede a bande. Acquista direttamente dall&#039;allevatore.\" \/>\n<meta name=\"robots\" content=\"index, follow, max-snippet:-1, max-image-preview:large, max-video-preview:-1\" \/>\n<link rel=\"canonical\" href=\"https:\/\/insektenliebe.com\/it\/shop\/prodotto\/coromus-vittatus-vittatus\/\" \/>\n<meta property=\"og:locale\" content=\"it_IT\" \/>\n<meta property=\"og:type\" content=\"article\" \/>\n<meta property=\"og:title\" content=\"Coromus vittatus vittatus - Insektenliebe\" \/>\n<meta property=\"og:description\" content=\"Acquista online il bellissimo Coromus vittatus vittatus. Offriamo esemplari allevati in cattivit\u00e0 di questa fantastica specie di pinnipede a bande. Acquista direttamente dall&#039;allevatore.\" \/>\n<meta property=\"og:url\" content=\"https:\/\/insektenliebe.com\/it\/shop\/prodotto\/coromus-vittatus-vittatus\/\" \/>\n<meta property=\"og:site_name\" content=\"Insektenliebe\" \/>\n<meta property=\"og:image\" content=\"https:\/\/insektenliebe.com\/wp-content\/uploads\/2025\/05\/Coromus-vittatus-vittatus-2.jpg\" \/>\n\t<meta property=\"og:image:width\" content=\"820\" \/>\n\t<meta property=\"og:image:height\" content=\"820\" \/>\n\t<meta property=\"og:image:type\" content=\"image\/jpeg\" \/>\n<meta name=\"twitter:card\" content=\"summary_large_image\" \/>\n<meta name=\"twitter:label1\" content=\"Tempo di lettura stimato\" \/>\n\t<meta name=\"twitter:data1\" content=\"2 minuto\" \/>\n<script type=\"application\/ld+json\" class=\"yoast-schema-graph\">{\"@context\":\"https:\\\/\\\/schema.org\",\"@graph\":[{\"@type\":\"WebPage\",\"@id\":\"https:\\\/\\\/insektenliebe.com\\\/it\\\/shop\\\/prodotto\\\/coromus-vittatus-vittatus\\\/\",\"url\":\"https:\\\/\\\/insektenliebe.com\\\/it\\\/shop\\\/prodotto\\\/coromus-vittatus-vittatus\\\/\",\"name\":\"Coromus vittatus vittatus - Insektenliebe\",\"isPartOf\":{\"@id\":\"https:\\\/\\\/insektenliebe.com\\\/it\\\/#website\"},\"primaryImageOfPage\":{\"@id\":\"https:\\\/\\\/insektenliebe.com\\\/it\\\/shop\\\/prodotto\\\/coromus-vittatus-vittatus\\\/#primaryimage\"},\"image\":{\"@id\":\"https:\\\/\\\/insektenliebe.com\\\/it\\\/shop\\\/prodotto\\\/coromus-vittatus-vittatus\\\/#primaryimage\"},\"thumbnailUrl\":\"https:\\\/\\\/insektenliebe.com\\\/wp-content\\\/uploads\\\/2025\\\/05\\\/Coromus-vittatus-vittatus-2.jpg\",\"datePublished\":\"2020-10-25T17:37:19+00:00\",\"description\":\"Acquista online il bellissimo Coromus vittatus vittatus. Offriamo esemplari allevati in cattivit\u00e0 di questa fantastica specie di pinnipede a bande. Acquista direttamente dall'allevatore.\",\"breadcrumb\":{\"@id\":\"https:\\\/\\\/insektenliebe.com\\\/it\\\/shop\\\/prodotto\\\/coromus-vittatus-vittatus\\\/#breadcrumb\"},\"inLanguage\":\"it-IT\",\"potentialAction\":[{\"@type\":\"ReadAction\",\"target\":[\"https:\\\/\\\/insektenliebe.com\\\/it\\\/shop\\\/prodotto\\\/coromus-vittatus-vittatus\\\/\"]}]},{\"@type\":\"ImageObject\",\"inLanguage\":\"it-IT\",\"@id\":\"https:\\\/\\\/insektenliebe.com\\\/it\\\/shop\\\/prodotto\\\/coromus-vittatus-vittatus\\\/#primaryimage\",\"url\":\"https:\\\/\\\/insektenliebe.com\\\/wp-content\\\/uploads\\\/2025\\\/05\\\/Coromus-vittatus-vittatus-2.jpg\",\"contentUrl\":\"https:\\\/\\\/insektenliebe.com\\\/wp-content\\\/uploads\\\/2025\\\/05\\\/Coromus-vittatus-vittatus-2.jpg\",\"width\":820,\"height\":820,\"caption\":\"Coromus-vittatus-vittatus-2.jpg\"},{\"@type\":\"BreadcrumbList\",\"@id\":\"https:\\\/\\\/insektenliebe.com\\\/it\\\/shop\\\/prodotto\\\/coromus-vittatus-vittatus\\\/#breadcrumb\",\"itemListElement\":[{\"@type\":\"ListItem\",\"position\":1,\"name\":\"Startseite\",\"item\":\"https:\\\/\\\/insektenliebe.com\\\/it\\\/\"},{\"@type\":\"ListItem\",\"position\":2,\"name\":\"Negozio\",\"item\":\"https:\\\/\\\/insektenliebe.com\\\/it\\\/negozio\\\/\"},{\"@type\":\"ListItem\",\"position\":3,\"name\":\"Coromus vittatus vittatus\"}]},{\"@type\":\"WebSite\",\"@id\":\"https:\\\/\\\/insektenliebe.com\\\/it\\\/#website\",\"url\":\"https:\\\/\\\/insektenliebe.com\\\/it\\\/\",\"name\":\"Insektenliebe\",\"description\":\"Dein Zuhause f\u00fcr die kleinen Lebewesen\",\"publisher\":{\"@id\":\"https:\\\/\\\/insektenliebe.com\\\/it\\\/#organization\"},\"potentialAction\":[{\"@type\":\"SearchAction\",\"target\":{\"@type\":\"EntryPoint\",\"urlTemplate\":\"https:\\\/\\\/insektenliebe.com\\\/it\\\/?s={search_term_string}\"},\"query-input\":{\"@type\":\"PropertyValueSpecification\",\"valueRequired\":true,\"valueName\":\"search_term_string\"}}],\"inLanguage\":\"it-IT\"},{\"@type\":\"Organization\",\"@id\":\"https:\\\/\\\/insektenliebe.com\\\/it\\\/#organization\",\"name\":\"Insektenliebe\",\"url\":\"https:\\\/\\\/insektenliebe.com\\\/it\\\/\",\"logo\":{\"@type\":\"ImageObject\",\"inLanguage\":\"it-IT\",\"@id\":\"https:\\\/\\\/insektenliebe.com\\\/it\\\/#\\\/schema\\\/logo\\\/image\\\/\",\"url\":\"https:\\\/\\\/insektenliebe.com\\\/wp-content\\\/uploads\\\/2025\\\/03\\\/logo-white.png\",\"contentUrl\":\"https:\\\/\\\/insektenliebe.com\\\/wp-content\\\/uploads\\\/2025\\\/03\\\/logo-white.png\",\"width\":288,\"height\":188,\"caption\":\"Insektenliebe\"},\"image\":{\"@id\":\"https:\\\/\\\/insektenliebe.com\\\/it\\\/#\\\/schema\\\/logo\\\/image\\\/\"}}]}<\/script>\n<!-- \/ Yoast SEO plugin. -->","yoast_head_json":{"title":"Coromus vittatus vittatus - Insektenliebe","description":"Acquista online il bellissimo Coromus vittatus vittatus. Offriamo esemplari allevati in cattivit\u00e0 di questa fantastica specie di pinnipede a bande. Acquista direttamente dall'allevatore.","robots":{"index":"index","follow":"follow","max-snippet":"max-snippet:-1","max-image-preview":"max-image-preview:large","max-video-preview":"max-video-preview:-1"},"canonical":"https:\/\/insektenliebe.com\/it\/shop\/prodotto\/coromus-vittatus-vittatus\/","og_locale":"it_IT","og_type":"article","og_title":"Coromus vittatus vittatus - Insektenliebe","og_description":"Acquista online il bellissimo Coromus vittatus vittatus. Offriamo esemplari allevati in cattivit\u00e0 di questa fantastica specie di pinnipede a bande. Acquista direttamente dall'allevatore.","og_url":"https:\/\/insektenliebe.com\/it\/shop\/prodotto\/coromus-vittatus-vittatus\/","og_site_name":"Insektenliebe","og_image":[{"width":820,"height":820,"url":"https:\/\/insektenliebe.com\/wp-content\/uploads\/2025\/05\/Coromus-vittatus-vittatus-2.jpg","type":"image\/jpeg"}],"twitter_card":"summary_large_image","twitter_misc":{"Tempo di lettura stimato":"2 minuto"},"schema":{"@context":"https:\/\/schema.org","@graph":[{"@type":"WebPage","@id":"https:\/\/insektenliebe.com\/it\/shop\/prodotto\/coromus-vittatus-vittatus\/","url":"https:\/\/insektenliebe.com\/it\/shop\/prodotto\/coromus-vittatus-vittatus\/","name":"Coromus vittatus vittatus - Insektenliebe","isPartOf":{"@id":"https:\/\/insektenliebe.com\/it\/#website"},"primaryImageOfPage":{"@id":"https:\/\/insektenliebe.com\/it\/shop\/prodotto\/coromus-vittatus-vittatus\/#primaryimage"},"image":{"@id":"https:\/\/insektenliebe.com\/it\/shop\/prodotto\/coromus-vittatus-vittatus\/#primaryimage"},"thumbnailUrl":"https:\/\/insektenliebe.com\/wp-content\/uploads\/2025\/05\/Coromus-vittatus-vittatus-2.jpg","datePublished":"2020-10-25T17:37:19+00:00","description":"Acquista online il bellissimo Coromus vittatus vittatus. Offriamo esemplari allevati in cattivit\u00e0 di questa fantastica specie di pinnipede a bande. Acquista direttamente dall'allevatore.","breadcrumb":{"@id":"https:\/\/insektenliebe.com\/it\/shop\/prodotto\/coromus-vittatus-vittatus\/#breadcrumb"},"inLanguage":"it-IT","potentialAction":[{"@type":"ReadAction","target":["https:\/\/insektenliebe.com\/it\/shop\/prodotto\/coromus-vittatus-vittatus\/"]}]},{"@type":"ImageObject","inLanguage":"it-IT","@id":"https:\/\/insektenliebe.com\/it\/shop\/prodotto\/coromus-vittatus-vittatus\/#primaryimage","url":"https:\/\/insektenliebe.com\/wp-content\/uploads\/2025\/05\/Coromus-vittatus-vittatus-2.jpg","contentUrl":"https:\/\/insektenliebe.com\/wp-content\/uploads\/2025\/05\/Coromus-vittatus-vittatus-2.jpg","width":820,"height":820,"caption":"Coromus-vittatus-vittatus-2.jpg"},{"@type":"BreadcrumbList","@id":"https:\/\/insektenliebe.com\/it\/shop\/prodotto\/coromus-vittatus-vittatus\/#breadcrumb","itemListElement":[{"@type":"ListItem","position":1,"name":"Startseite","item":"https:\/\/insektenliebe.com\/it\/"},{"@type":"ListItem","position":2,"name":"Negozio","item":"https:\/\/insektenliebe.com\/it\/negozio\/"},{"@type":"ListItem","position":3,"name":"Coromus vittatus vittatus"}]},{"@type":"WebSite","@id":"https:\/\/insektenliebe.com\/it\/#website","url":"https:\/\/insektenliebe.com\/it\/","name":"Insektenliebe","description":"Dein Zuhause f\u00fcr die kleinen Lebewesen","publisher":{"@id":"https:\/\/insektenliebe.com\/it\/#organization"},"potentialAction":[{"@type":"SearchAction","target":{"@type":"EntryPoint","urlTemplate":"https:\/\/insektenliebe.com\/it\/?s={search_term_string}"},"query-input":{"@type":"PropertyValueSpecification","valueRequired":true,"valueName":"search_term_string"}}],"inLanguage":"it-IT"},{"@type":"Organization","@id":"https:\/\/insektenliebe.com\/it\/#organization","name":"Insektenliebe","url":"https:\/\/insektenliebe.com\/it\/","logo":{"@type":"ImageObject","inLanguage":"it-IT","@id":"https:\/\/insektenliebe.com\/it\/#\/schema\/logo\/image\/","url":"https:\/\/insektenliebe.com\/wp-content\/uploads\/2025\/03\/logo-white.png","contentUrl":"https:\/\/insektenliebe.com\/wp-content\/uploads\/2025\/03\/logo-white.png","width":288,"height":188,"caption":"Insektenliebe"},"image":{"@id":"https:\/\/insektenliebe.com\/it\/#\/schema\/logo\/image\/"}}]}},"_links":{"self":[{"href":"https:\/\/insektenliebe.com\/it\/wp-json\/wp\/v2\/product\/185354","targetHints":{"allow":["GET"]}}],"collection":[{"href":"https:\/\/insektenliebe.com\/it\/wp-json\/wp\/v2\/product"}],"about":[{"href":"https:\/\/insektenliebe.com\/it\/wp-json\/wp\/v2\/types\/product"}],"wp:featuredmedia":[{"embeddable":true,"href":"https:\/\/insektenliebe.com\/it\/wp-json\/wp\/v2\/media\/185356"}],"wp:attachment":[{"href":"https:\/\/insektenliebe.com\/it\/wp-json\/wp\/v2\/media?parent=185354"}],"wp:term":[{"taxonomy":"product-supplier","embeddable":true,"href":"https:\/\/insektenliebe.com\/it\/wp-json\/wp\/v2\/product-supplier?post=185354"},{"taxonomy":"product_brand","embeddable":true,"href":"https:\/\/insektenliebe.com\/it\/wp-json\/wp\/v2\/product_brand?post=185354"},{"taxonomy":"product_cat","embeddable":true,"href":"https:\/\/insektenliebe.com\/it\/wp-json\/wp\/v2\/product_cat?post=185354"},{"taxonomy":"product_tag","embeddable":true,"href":"https:\/\/insektenliebe.com\/it\/wp-json\/wp\/v2\/product_tag?post=185354"},{"taxonomy":"lce-checkout-addons","embeddable":true,"href":"https:\/\/insektenliebe.com\/it\/wp-json\/wp\/v2\/lce-checkout-addons?post=185354"}],"curies":[{"name":"wp","href":"https:\/\/api.w.org\/{rel}","templated":true}]}}