{"id":185350,"date":"2020-11-20T13:53:00","date_gmt":"2020-11-20T12:53:00","guid":{"rendered":"https:\/\/insektenliebe.com\/shop\/produkt\/porcellio-werneri\/"},"modified":"2026-03-05T17:01:17","modified_gmt":"2026-03-05T16:01:17","slug":"porcellio-werneri","status":"publish","type":"product","link":"https:\/\/insektenliebe.com\/it\/shop\/prodotto\/porcellio-werneri\/","title":{"rendered":"Porcellio werneri"},"content":{"rendered":"<h3><span class=\"s1\" style=\"color: #99cc33;\">Porcellio werneri - L&#8217;affascinante isopode piatto<\/span><\/h3>\n<p class=\"p1\"><strong><span class=\"s1\">Porcellio werneri<\/span><\/strong><span class=\"s2\">  \u00e8 una delle specie di isopodi pi\u00f9 insolite nell&#8217;hobby del terrario. Una volta visti questi animali, non li dimenticherai pi\u00f9. Il tuo    <\/span><span class=\"s1\">fisico quasi rotondo ed estremamente piatto<\/span><span class=\"s2\">  li distingue chiaramente da molti altri isopodi. \u00c8 proprio questa particolare forma del corpo a rendere questa specie cos\u00ec affascinante. <\/span><\/p>\n<p class=\"p1\"><span class=\"s2\">Gli animali hanno una colorazione di base grigia <\/span><span class=\"s1\">colorazione di base grigia<\/span><span class=\"s2\">che \u00e8 circondata da un <\/span><span class=\"s1\">bordo bianco lungo le placche segmentali<\/span><span class=\"s2\">  \u00e8 incorniciato. Questo motivo crea un aspetto suggestivo e rende la specie facilmente riconoscibile. <\/span><\/p>\n<p class=\"p1\"><span class=\"s2\">Il fisico insolito ha anche uno scopo pratico.  <\/span><strong><span class=\"s1\">Porcellio werneri<\/span><\/strong><span class=\"s2\">  utilizza la sua forma piatta per aderire alle superfici. Gli animali spesso aderiscono a   <\/span><span class=\"s1\">Radici, pietre o altre strutture<\/span><span class=\"s2\">  nel terrario. Questo spesso li fa sembrare quasi parte dell&#8217;arredamento. <\/span><\/p>\n<p class=\"p1\"><span class=\"s2\">Se tuttavia gli animali vengono raccolti, mostrano un comportamento interessante. Essi   <\/span><span class=\"s1\">fingi di essere morto immediatamente<\/span><span class=\"s2\">non appena vengono disturbati. Questa strategia serve come meccanismo di difesa contro i potenziali predatori. <\/span><\/p>\n<p class=\"p1\"><span class=\"s2\">La custodia di <\/span><strong><span class=\"s1\">Porcellio werneri<\/span><\/strong><span class=\"s2\">  richiede una certa esperienza. Come molti rappresentanti del genere   <\/span><span class=\"s3\">Porcellio<\/span><span class=\"s2\"> preferiscono un <\/span><span class=\"s1\">un substrato piuttosto asciutto<\/span><span class=\"s2\">. Allo stesso tempo, per\u00f2, hanno bisogno di una  <\/span><span class=\"s1\">angolo umido di muschio<\/span><span class=\"s2\">che cercano soprattutto durante la muta.<\/span><\/p>\n<p class=\"p1\"><span class=\"s2\">\u00c8 proprio questa la sfida di questa specie. Il substrato non deve essere troppo umido, poich\u00e9 gli animali reagiscono in modo sensibile a condizioni di umidit\u00e0 permanente. Allo stesso tempo, deve essere presente un certo livello di umidit\u00e0 di base affinch\u00e9 la muta possa avvenire senza problemi. <\/span><\/p>\n<p class=\"p1\"><span class=\"s2\">Il giusto equilibrio tra <\/span><span class=\"s1\">umidit\u00e0 sufficiente e aree asciutte<\/span><span class=\"s2\">  richiede quindi un po&#8217; di sensibilit\u00e0. Tuttavia, \u00e8 possibile creare un clima stabile con un paesaggio del terrario ben strutturato. <\/span><\/p>\n<p class=\"p1\"><span class=\"s2\">Un substrato adatto \u00e8 una miscela di <\/span><span class=\"s1\">humus di foglie, componenti bianchi di legno marcio e uno spesso strato di foglie.<\/span><span class=\"s2\">. Questi materiali servono sia come habitat che come cibo. Inoltre   <\/span><span class=\"s1\">pezzi di corteccia, sughero o pietre<\/span><span class=\"s2\"> sono offerti come struttura e nascondiglio.<\/span><\/p>\n<p class=\"p1\"><span class=\"s2\">Con il suo fisico unico, il suo comportamento entusiasmante e il suo aspetto straordinario, il <\/span><strong><span class=\"s1\">Porcellio werneri<\/span><\/strong><span class=\"s2\"> \u00e8 una specie speciale di isopode particolarmente apprezzata dai terrariofili esperti.<\/span><\/p>\n","protected":false},"excerpt":{"rendered":"<p>Piatto e felice tutto sommato!<\/p>\n","protected":false},"featured_media":185352,"template":"","meta":{"_acf_changed":false},"product-supplier":[],"product_brand":[],"product_cat":[2787,2788],"product_tag":[],"lce-checkout-addons":[2746],"class_list":{"0":"post-185350","1":"product","2":"type-product","3":"status-publish","4":"has-post-thumbnail","6":"product_cat-porcellino-di-legno-porcellio","7":"product_cat-woodlice","8":"product_shipping_class-spedizione-di-animali","9":"pa_herkunft-grecia","10":"pa_kontinent-europa","11":"lce-checkout-addons-imballaggio-invernale","13":"first","14":"instock","15":"taxable","16":"shipping-taxable","17":"purchasable","18":"product-type-simple"},"acf":[],"yoast_head":"<!-- This site is optimized with the Yoast SEO plugin v27.3 - https:\/\/yoast.com\/product\/yoast-seo-wordpress\/ -->\n<title>Porcellio werneri - Insektenliebe<\/title>\n<meta name=\"description\" content=\"Acquista online Porcellio werneri a basso costo. Una specialit\u00e0 per forma e colore che puoi acquistare qui direttamente dall&#039;allevatore!\" \/>\n<meta name=\"robots\" content=\"index, follow, max-snippet:-1, max-image-preview:large, max-video-preview:-1\" \/>\n<link rel=\"canonical\" href=\"https:\/\/insektenliebe.com\/it\/shop\/prodotto\/porcellio-werneri\/\" \/>\n<meta property=\"og:locale\" content=\"it_IT\" \/>\n<meta property=\"og:type\" content=\"article\" \/>\n<meta property=\"og:title\" content=\"Porcellio werneri - Insektenliebe\" \/>\n<meta property=\"og:description\" content=\"Acquista online Porcellio werneri a basso costo. Una specialit\u00e0 per forma e colore che puoi acquistare qui direttamente dall&#039;allevatore!\" \/>\n<meta property=\"og:url\" content=\"https:\/\/insektenliebe.com\/it\/shop\/prodotto\/porcellio-werneri\/\" \/>\n<meta property=\"og:site_name\" content=\"Insektenliebe\" \/>\n<meta property=\"article:modified_time\" content=\"2026-03-05T16:01:17+00:00\" \/>\n<meta property=\"og:image\" content=\"https:\/\/insektenliebe.com\/wp-content\/uploads\/2025\/05\/Porcellio-werneri-2.jpg\" \/>\n\t<meta property=\"og:image:width\" content=\"820\" \/>\n\t<meta property=\"og:image:height\" content=\"820\" \/>\n\t<meta property=\"og:image:type\" content=\"image\/jpeg\" \/>\n<meta name=\"twitter:card\" content=\"summary_large_image\" \/>\n<meta name=\"twitter:label1\" content=\"Tempo di lettura stimato\" \/>\n\t<meta name=\"twitter:data1\" content=\"2 minuto\" \/>\n<script type=\"application\/ld+json\" class=\"yoast-schema-graph\">{\"@context\":\"https:\\\/\\\/schema.org\",\"@graph\":[{\"@type\":\"WebPage\",\"@id\":\"https:\\\/\\\/insektenliebe.com\\\/it\\\/shop\\\/prodotto\\\/porcellio-werneri\\\/\",\"url\":\"https:\\\/\\\/insektenliebe.com\\\/it\\\/shop\\\/prodotto\\\/porcellio-werneri\\\/\",\"name\":\"Porcellio werneri - Insektenliebe\",\"isPartOf\":{\"@id\":\"https:\\\/\\\/insektenliebe.com\\\/it\\\/#website\"},\"primaryImageOfPage\":{\"@id\":\"https:\\\/\\\/insektenliebe.com\\\/it\\\/shop\\\/prodotto\\\/porcellio-werneri\\\/#primaryimage\"},\"image\":{\"@id\":\"https:\\\/\\\/insektenliebe.com\\\/it\\\/shop\\\/prodotto\\\/porcellio-werneri\\\/#primaryimage\"},\"thumbnailUrl\":\"https:\\\/\\\/insektenliebe.com\\\/wp-content\\\/uploads\\\/2025\\\/05\\\/Porcellio-werneri-2.jpg\",\"datePublished\":\"2020-11-20T12:53:00+00:00\",\"dateModified\":\"2026-03-05T16:01:17+00:00\",\"description\":\"Acquista online Porcellio werneri a basso costo. Una specialit\u00e0 per forma e colore che puoi acquistare qui direttamente dall'allevatore!\",\"breadcrumb\":{\"@id\":\"https:\\\/\\\/insektenliebe.com\\\/it\\\/shop\\\/prodotto\\\/porcellio-werneri\\\/#breadcrumb\"},\"inLanguage\":\"it-IT\",\"potentialAction\":[{\"@type\":\"ReadAction\",\"target\":[\"https:\\\/\\\/insektenliebe.com\\\/it\\\/shop\\\/prodotto\\\/porcellio-werneri\\\/\"]}]},{\"@type\":\"ImageObject\",\"inLanguage\":\"it-IT\",\"@id\":\"https:\\\/\\\/insektenliebe.com\\\/it\\\/shop\\\/prodotto\\\/porcellio-werneri\\\/#primaryimage\",\"url\":\"https:\\\/\\\/insektenliebe.com\\\/wp-content\\\/uploads\\\/2025\\\/05\\\/Porcellio-werneri-2.jpg\",\"contentUrl\":\"https:\\\/\\\/insektenliebe.com\\\/wp-content\\\/uploads\\\/2025\\\/05\\\/Porcellio-werneri-2.jpg\",\"width\":820,\"height\":820,\"caption\":\"Porcellio-werneri-2.jpg\"},{\"@type\":\"BreadcrumbList\",\"@id\":\"https:\\\/\\\/insektenliebe.com\\\/it\\\/shop\\\/prodotto\\\/porcellio-werneri\\\/#breadcrumb\",\"itemListElement\":[{\"@type\":\"ListItem\",\"position\":1,\"name\":\"Startseite\",\"item\":\"https:\\\/\\\/insektenliebe.com\\\/it\\\/\"},{\"@type\":\"ListItem\",\"position\":2,\"name\":\"Negozio\",\"item\":\"https:\\\/\\\/insektenliebe.com\\\/it\\\/negozio\\\/\"},{\"@type\":\"ListItem\",\"position\":3,\"name\":\"Porcellio werneri\"}]},{\"@type\":\"WebSite\",\"@id\":\"https:\\\/\\\/insektenliebe.com\\\/it\\\/#website\",\"url\":\"https:\\\/\\\/insektenliebe.com\\\/it\\\/\",\"name\":\"Insektenliebe\",\"description\":\"Dein Zuhause f\u00fcr die kleinen Lebewesen\",\"publisher\":{\"@id\":\"https:\\\/\\\/insektenliebe.com\\\/it\\\/#organization\"},\"potentialAction\":[{\"@type\":\"SearchAction\",\"target\":{\"@type\":\"EntryPoint\",\"urlTemplate\":\"https:\\\/\\\/insektenliebe.com\\\/it\\\/?s={search_term_string}\"},\"query-input\":{\"@type\":\"PropertyValueSpecification\",\"valueRequired\":true,\"valueName\":\"search_term_string\"}}],\"inLanguage\":\"it-IT\"},{\"@type\":\"Organization\",\"@id\":\"https:\\\/\\\/insektenliebe.com\\\/it\\\/#organization\",\"name\":\"Insektenliebe\",\"url\":\"https:\\\/\\\/insektenliebe.com\\\/it\\\/\",\"logo\":{\"@type\":\"ImageObject\",\"inLanguage\":\"it-IT\",\"@id\":\"https:\\\/\\\/insektenliebe.com\\\/it\\\/#\\\/schema\\\/logo\\\/image\\\/\",\"url\":\"https:\\\/\\\/insektenliebe.com\\\/wp-content\\\/uploads\\\/2025\\\/03\\\/logo-white.png\",\"contentUrl\":\"https:\\\/\\\/insektenliebe.com\\\/wp-content\\\/uploads\\\/2025\\\/03\\\/logo-white.png\",\"width\":288,\"height\":188,\"caption\":\"Insektenliebe\"},\"image\":{\"@id\":\"https:\\\/\\\/insektenliebe.com\\\/it\\\/#\\\/schema\\\/logo\\\/image\\\/\"}}]}<\/script>\n<!-- \/ Yoast SEO plugin. -->","yoast_head_json":{"title":"Porcellio werneri - Insektenliebe","description":"Acquista online Porcellio werneri a basso costo. Una specialit\u00e0 per forma e colore che puoi acquistare qui direttamente dall'allevatore!","robots":{"index":"index","follow":"follow","max-snippet":"max-snippet:-1","max-image-preview":"max-image-preview:large","max-video-preview":"max-video-preview:-1"},"canonical":"https:\/\/insektenliebe.com\/it\/shop\/prodotto\/porcellio-werneri\/","og_locale":"it_IT","og_type":"article","og_title":"Porcellio werneri - Insektenliebe","og_description":"Acquista online Porcellio werneri a basso costo. Una specialit\u00e0 per forma e colore che puoi acquistare qui direttamente dall'allevatore!","og_url":"https:\/\/insektenliebe.com\/it\/shop\/prodotto\/porcellio-werneri\/","og_site_name":"Insektenliebe","article_modified_time":"2026-03-05T16:01:17+00:00","og_image":[{"width":820,"height":820,"url":"https:\/\/insektenliebe.com\/wp-content\/uploads\/2025\/05\/Porcellio-werneri-2.jpg","type":"image\/jpeg"}],"twitter_card":"summary_large_image","twitter_misc":{"Tempo di lettura stimato":"2 minuto"},"schema":{"@context":"https:\/\/schema.org","@graph":[{"@type":"WebPage","@id":"https:\/\/insektenliebe.com\/it\/shop\/prodotto\/porcellio-werneri\/","url":"https:\/\/insektenliebe.com\/it\/shop\/prodotto\/porcellio-werneri\/","name":"Porcellio werneri - Insektenliebe","isPartOf":{"@id":"https:\/\/insektenliebe.com\/it\/#website"},"primaryImageOfPage":{"@id":"https:\/\/insektenliebe.com\/it\/shop\/prodotto\/porcellio-werneri\/#primaryimage"},"image":{"@id":"https:\/\/insektenliebe.com\/it\/shop\/prodotto\/porcellio-werneri\/#primaryimage"},"thumbnailUrl":"https:\/\/insektenliebe.com\/wp-content\/uploads\/2025\/05\/Porcellio-werneri-2.jpg","datePublished":"2020-11-20T12:53:00+00:00","dateModified":"2026-03-05T16:01:17+00:00","description":"Acquista online Porcellio werneri a basso costo. Una specialit\u00e0 per forma e colore che puoi acquistare qui direttamente dall'allevatore!","breadcrumb":{"@id":"https:\/\/insektenliebe.com\/it\/shop\/prodotto\/porcellio-werneri\/#breadcrumb"},"inLanguage":"it-IT","potentialAction":[{"@type":"ReadAction","target":["https:\/\/insektenliebe.com\/it\/shop\/prodotto\/porcellio-werneri\/"]}]},{"@type":"ImageObject","inLanguage":"it-IT","@id":"https:\/\/insektenliebe.com\/it\/shop\/prodotto\/porcellio-werneri\/#primaryimage","url":"https:\/\/insektenliebe.com\/wp-content\/uploads\/2025\/05\/Porcellio-werneri-2.jpg","contentUrl":"https:\/\/insektenliebe.com\/wp-content\/uploads\/2025\/05\/Porcellio-werneri-2.jpg","width":820,"height":820,"caption":"Porcellio-werneri-2.jpg"},{"@type":"BreadcrumbList","@id":"https:\/\/insektenliebe.com\/it\/shop\/prodotto\/porcellio-werneri\/#breadcrumb","itemListElement":[{"@type":"ListItem","position":1,"name":"Startseite","item":"https:\/\/insektenliebe.com\/it\/"},{"@type":"ListItem","position":2,"name":"Negozio","item":"https:\/\/insektenliebe.com\/it\/negozio\/"},{"@type":"ListItem","position":3,"name":"Porcellio werneri"}]},{"@type":"WebSite","@id":"https:\/\/insektenliebe.com\/it\/#website","url":"https:\/\/insektenliebe.com\/it\/","name":"Insektenliebe","description":"Dein Zuhause f\u00fcr die kleinen Lebewesen","publisher":{"@id":"https:\/\/insektenliebe.com\/it\/#organization"},"potentialAction":[{"@type":"SearchAction","target":{"@type":"EntryPoint","urlTemplate":"https:\/\/insektenliebe.com\/it\/?s={search_term_string}"},"query-input":{"@type":"PropertyValueSpecification","valueRequired":true,"valueName":"search_term_string"}}],"inLanguage":"it-IT"},{"@type":"Organization","@id":"https:\/\/insektenliebe.com\/it\/#organization","name":"Insektenliebe","url":"https:\/\/insektenliebe.com\/it\/","logo":{"@type":"ImageObject","inLanguage":"it-IT","@id":"https:\/\/insektenliebe.com\/it\/#\/schema\/logo\/image\/","url":"https:\/\/insektenliebe.com\/wp-content\/uploads\/2025\/03\/logo-white.png","contentUrl":"https:\/\/insektenliebe.com\/wp-content\/uploads\/2025\/03\/logo-white.png","width":288,"height":188,"caption":"Insektenliebe"},"image":{"@id":"https:\/\/insektenliebe.com\/it\/#\/schema\/logo\/image\/"}}]}},"_links":{"self":[{"href":"https:\/\/insektenliebe.com\/it\/wp-json\/wp\/v2\/product\/185350","targetHints":{"allow":["GET"]}}],"collection":[{"href":"https:\/\/insektenliebe.com\/it\/wp-json\/wp\/v2\/product"}],"about":[{"href":"https:\/\/insektenliebe.com\/it\/wp-json\/wp\/v2\/types\/product"}],"wp:featuredmedia":[{"embeddable":true,"href":"https:\/\/insektenliebe.com\/it\/wp-json\/wp\/v2\/media\/185352"}],"wp:attachment":[{"href":"https:\/\/insektenliebe.com\/it\/wp-json\/wp\/v2\/media?parent=185350"}],"wp:term":[{"taxonomy":"product-supplier","embeddable":true,"href":"https:\/\/insektenliebe.com\/it\/wp-json\/wp\/v2\/product-supplier?post=185350"},{"taxonomy":"product_brand","embeddable":true,"href":"https:\/\/insektenliebe.com\/it\/wp-json\/wp\/v2\/product_brand?post=185350"},{"taxonomy":"product_cat","embeddable":true,"href":"https:\/\/insektenliebe.com\/it\/wp-json\/wp\/v2\/product_cat?post=185350"},{"taxonomy":"product_tag","embeddable":true,"href":"https:\/\/insektenliebe.com\/it\/wp-json\/wp\/v2\/product_tag?post=185350"},{"taxonomy":"lce-checkout-addons","embeddable":true,"href":"https:\/\/insektenliebe.com\/it\/wp-json\/wp\/v2\/lce-checkout-addons?post=185350"}],"curies":[{"name":"wp","href":"https:\/\/api.w.org\/{rel}","templated":true}]}}