{"id":185337,"date":"2021-01-21T11:05:47","date_gmt":"2021-01-21T09:05:47","guid":{"rendered":"https:\/\/insektenliebe.com\/shop\/produkt\/archachatina-spec-calabar\/"},"modified":"2021-01-21T11:05:47","modified_gmt":"2021-01-21T10:05:47","slug":"archachatina-spec-calabar","status":"publish","type":"product","link":"https:\/\/insektenliebe.com\/it\/shop\/prodotto\/archachatina-spec-calabar\/","title":{"rendered":"Archachatina spec. \"Calabar\""},"content":{"rendered":"<h3><span style=\"color: #99cc33\">Breve descrizione:<\/span><\/h3>\n<p class=\"font_8\">L&#8217;Archachatina spec. \"Calabar\" \u00e8 relativamente nuova per l&#8217;hobby. \u00c8 originaria della Nigeria, pi\u00f9 precisamente della citt\u00e0 di Calabar.  <\/p>\n<p>Il guscio della lumaca varia di colore. A volte \u00e8 fortemente marmorizzato, con una ricca punta di rosso. A volte i colori sono anche sbiaditi e se ne vede solo l&#8217;inizio. Il corpo della lumaca \u00e8 di colore grigio chiaro o nero.   <\/p>\n<p>\u00c8 un&#8217;ottima specie di lumaca che mangia senza problemi qualsiasi cibo le venga offerto. L&#8217;Archachatina spec. \"Calabar\" richiede un terrario forestale con un substrato alto almeno 15 cm. A volte si seppelliscono in esso e l&#8217;altezza \u00e8 molto importante per la deposizione delle uova.    <\/p>\n<p class=\"font_8\">Le temperature diurne di 25-28\u00b0C e un&#8217;umidit\u00e0 dell&#8217;80-90% si sono rivelate ideali per l&#8217;allevamento di questa specie. Gli animali sono molto attivi ed esplorano l&#8217;ambiente circostante durante il giorno. Come quasi tutte le specie di lumache, dovrebbero essere tenute in un gruppo di almeno 3 animali.   <\/p>\n","protected":false},"excerpt":{"rendered":"<p>Specie di lumache attive!<\/p>\n","protected":false},"featured_media":185343,"template":"","meta":{"_acf_changed":false},"product-supplier":[],"product_brand":[],"product_cat":[3086],"product_tag":[],"lce-checkout-addons":[2746],"class_list":{"0":"post-185337","1":"product","2":"type-product","3":"status-publish","4":"has-post-thumbnail","6":"product_cat-lumache","7":"product_shipping_class-spedizione-di-animali","8":"pa_herkunft-nigeria","9":"pa_kontinent-africa","10":"lce-checkout-addons-imballaggio-invernale","12":"first","13":"outofstock","14":"taxable","15":"shipping-taxable","16":"purchasable","17":"product-type-simple"},"acf":[],"yoast_head":"<!-- This site is optimized with the Yoast SEO plugin v27.3 - https:\/\/yoast.com\/product\/yoast-seo-wordpress\/ -->\n<title>Archachatina spec. &quot;Calabar&quot; - Insektenliebe<\/title>\n<meta name=\"description\" content=\"Acquista a basso costo Archachatina spec. &quot;Calabar&quot; direttamente online! Gli animali sono molto attivi ed esplorano l&#039;ambiente circostante durante il giorno.\" \/>\n<meta name=\"robots\" content=\"index, follow, max-snippet:-1, max-image-preview:large, max-video-preview:-1\" \/>\n<link rel=\"canonical\" href=\"https:\/\/insektenliebe.com\/it\/shop\/prodotto\/archachatina-spec-calabar\/\" \/>\n<meta property=\"og:locale\" content=\"it_IT\" \/>\n<meta property=\"og:type\" content=\"article\" \/>\n<meta property=\"og:title\" content=\"Archachatina spec. &quot;Calabar&quot; - Insektenliebe\" \/>\n<meta property=\"og:description\" content=\"Acquista a basso costo Archachatina spec. &quot;Calabar&quot; direttamente online! Gli animali sono molto attivi ed esplorano l&#039;ambiente circostante durante il giorno.\" \/>\n<meta property=\"og:url\" content=\"https:\/\/insektenliebe.com\/it\/shop\/prodotto\/archachatina-spec-calabar\/\" \/>\n<meta property=\"og:site_name\" content=\"Insektenliebe\" \/>\n<meta property=\"article:modified_time\" content=\"2021-01-21T10:05:47+00:00\" \/>\n<meta property=\"og:image\" content=\"https:\/\/insektenliebe.com\/wp-content\/uploads\/2025\/05\/Archachatina-spec.-_Calabar_-2.jpg\" \/>\n\t<meta property=\"og:image:width\" content=\"820\" \/>\n\t<meta property=\"og:image:height\" content=\"820\" \/>\n\t<meta property=\"og:image:type\" content=\"image\/jpeg\" \/>\n<meta name=\"twitter:card\" content=\"summary_large_image\" \/>\n<meta name=\"twitter:label1\" content=\"Tempo di lettura stimato\" \/>\n\t<meta name=\"twitter:data1\" content=\"1 minuto\" \/>\n<script type=\"application\/ld+json\" class=\"yoast-schema-graph\">{\"@context\":\"https:\\\/\\\/schema.org\",\"@graph\":[{\"@type\":\"WebPage\",\"@id\":\"https:\\\/\\\/insektenliebe.com\\\/it\\\/shop\\\/prodotto\\\/archachatina-spec-calabar\\\/\",\"url\":\"https:\\\/\\\/insektenliebe.com\\\/it\\\/shop\\\/prodotto\\\/archachatina-spec-calabar\\\/\",\"name\":\"Archachatina spec. \\\"Calabar\\\" - Insektenliebe\",\"isPartOf\":{\"@id\":\"https:\\\/\\\/insektenliebe.com\\\/it\\\/#website\"},\"primaryImageOfPage\":{\"@id\":\"https:\\\/\\\/insektenliebe.com\\\/it\\\/shop\\\/prodotto\\\/archachatina-spec-calabar\\\/#primaryimage\"},\"image\":{\"@id\":\"https:\\\/\\\/insektenliebe.com\\\/it\\\/shop\\\/prodotto\\\/archachatina-spec-calabar\\\/#primaryimage\"},\"thumbnailUrl\":\"https:\\\/\\\/insektenliebe.com\\\/wp-content\\\/uploads\\\/2025\\\/05\\\/Archachatina-spec.-_Calabar_-2.jpg\",\"datePublished\":\"2021-01-21T09:05:47+00:00\",\"dateModified\":\"2021-01-21T10:05:47+00:00\",\"description\":\"Acquista a basso costo Archachatina spec. \\\"Calabar\\\" direttamente online! Gli animali sono molto attivi ed esplorano l'ambiente circostante durante il giorno.\",\"breadcrumb\":{\"@id\":\"https:\\\/\\\/insektenliebe.com\\\/it\\\/shop\\\/prodotto\\\/archachatina-spec-calabar\\\/#breadcrumb\"},\"inLanguage\":\"it-IT\",\"potentialAction\":[{\"@type\":\"ReadAction\",\"target\":[\"https:\\\/\\\/insektenliebe.com\\\/it\\\/shop\\\/prodotto\\\/archachatina-spec-calabar\\\/\"]}]},{\"@type\":\"ImageObject\",\"inLanguage\":\"it-IT\",\"@id\":\"https:\\\/\\\/insektenliebe.com\\\/it\\\/shop\\\/prodotto\\\/archachatina-spec-calabar\\\/#primaryimage\",\"url\":\"https:\\\/\\\/insektenliebe.com\\\/wp-content\\\/uploads\\\/2025\\\/05\\\/Archachatina-spec.-_Calabar_-2.jpg\",\"contentUrl\":\"https:\\\/\\\/insektenliebe.com\\\/wp-content\\\/uploads\\\/2025\\\/05\\\/Archachatina-spec.-_Calabar_-2.jpg\",\"width\":820,\"height\":820,\"caption\":\"Archachatina-spec.-_Calabar_-2.jpg\"},{\"@type\":\"BreadcrumbList\",\"@id\":\"https:\\\/\\\/insektenliebe.com\\\/it\\\/shop\\\/prodotto\\\/archachatina-spec-calabar\\\/#breadcrumb\",\"itemListElement\":[{\"@type\":\"ListItem\",\"position\":1,\"name\":\"Startseite\",\"item\":\"https:\\\/\\\/insektenliebe.com\\\/it\\\/\"},{\"@type\":\"ListItem\",\"position\":2,\"name\":\"Negozio\",\"item\":\"https:\\\/\\\/insektenliebe.com\\\/it\\\/negozio\\\/\"},{\"@type\":\"ListItem\",\"position\":3,\"name\":\"Archachatina spec. &#8220;Calabar&#8221;\"}]},{\"@type\":\"WebSite\",\"@id\":\"https:\\\/\\\/insektenliebe.com\\\/it\\\/#website\",\"url\":\"https:\\\/\\\/insektenliebe.com\\\/it\\\/\",\"name\":\"Insektenliebe\",\"description\":\"Dein Zuhause f\u00fcr die kleinen Lebewesen\",\"publisher\":{\"@id\":\"https:\\\/\\\/insektenliebe.com\\\/it\\\/#organization\"},\"potentialAction\":[{\"@type\":\"SearchAction\",\"target\":{\"@type\":\"EntryPoint\",\"urlTemplate\":\"https:\\\/\\\/insektenliebe.com\\\/it\\\/?s={search_term_string}\"},\"query-input\":{\"@type\":\"PropertyValueSpecification\",\"valueRequired\":true,\"valueName\":\"search_term_string\"}}],\"inLanguage\":\"it-IT\"},{\"@type\":\"Organization\",\"@id\":\"https:\\\/\\\/insektenliebe.com\\\/it\\\/#organization\",\"name\":\"Insektenliebe\",\"url\":\"https:\\\/\\\/insektenliebe.com\\\/it\\\/\",\"logo\":{\"@type\":\"ImageObject\",\"inLanguage\":\"it-IT\",\"@id\":\"https:\\\/\\\/insektenliebe.com\\\/it\\\/#\\\/schema\\\/logo\\\/image\\\/\",\"url\":\"https:\\\/\\\/insektenliebe.com\\\/wp-content\\\/uploads\\\/2025\\\/03\\\/logo-white.png\",\"contentUrl\":\"https:\\\/\\\/insektenliebe.com\\\/wp-content\\\/uploads\\\/2025\\\/03\\\/logo-white.png\",\"width\":288,\"height\":188,\"caption\":\"Insektenliebe\"},\"image\":{\"@id\":\"https:\\\/\\\/insektenliebe.com\\\/it\\\/#\\\/schema\\\/logo\\\/image\\\/\"}}]}<\/script>\n<!-- \/ Yoast SEO plugin. -->","yoast_head_json":{"title":"Archachatina spec. \"Calabar\" - Insektenliebe","description":"Acquista a basso costo Archachatina spec. \"Calabar\" direttamente online! Gli animali sono molto attivi ed esplorano l'ambiente circostante durante il giorno.","robots":{"index":"index","follow":"follow","max-snippet":"max-snippet:-1","max-image-preview":"max-image-preview:large","max-video-preview":"max-video-preview:-1"},"canonical":"https:\/\/insektenliebe.com\/it\/shop\/prodotto\/archachatina-spec-calabar\/","og_locale":"it_IT","og_type":"article","og_title":"Archachatina spec. \"Calabar\" - Insektenliebe","og_description":"Acquista a basso costo Archachatina spec. \"Calabar\" direttamente online! Gli animali sono molto attivi ed esplorano l'ambiente circostante durante il giorno.","og_url":"https:\/\/insektenliebe.com\/it\/shop\/prodotto\/archachatina-spec-calabar\/","og_site_name":"Insektenliebe","article_modified_time":"2021-01-21T10:05:47+00:00","og_image":[{"width":820,"height":820,"url":"https:\/\/insektenliebe.com\/wp-content\/uploads\/2025\/05\/Archachatina-spec.-_Calabar_-2.jpg","type":"image\/jpeg"}],"twitter_card":"summary_large_image","twitter_misc":{"Tempo di lettura stimato":"1 minuto"},"schema":{"@context":"https:\/\/schema.org","@graph":[{"@type":"WebPage","@id":"https:\/\/insektenliebe.com\/it\/shop\/prodotto\/archachatina-spec-calabar\/","url":"https:\/\/insektenliebe.com\/it\/shop\/prodotto\/archachatina-spec-calabar\/","name":"Archachatina spec. \"Calabar\" - Insektenliebe","isPartOf":{"@id":"https:\/\/insektenliebe.com\/it\/#website"},"primaryImageOfPage":{"@id":"https:\/\/insektenliebe.com\/it\/shop\/prodotto\/archachatina-spec-calabar\/#primaryimage"},"image":{"@id":"https:\/\/insektenliebe.com\/it\/shop\/prodotto\/archachatina-spec-calabar\/#primaryimage"},"thumbnailUrl":"https:\/\/insektenliebe.com\/wp-content\/uploads\/2025\/05\/Archachatina-spec.-_Calabar_-2.jpg","datePublished":"2021-01-21T09:05:47+00:00","dateModified":"2021-01-21T10:05:47+00:00","description":"Acquista a basso costo Archachatina spec. \"Calabar\" direttamente online! Gli animali sono molto attivi ed esplorano l'ambiente circostante durante il giorno.","breadcrumb":{"@id":"https:\/\/insektenliebe.com\/it\/shop\/prodotto\/archachatina-spec-calabar\/#breadcrumb"},"inLanguage":"it-IT","potentialAction":[{"@type":"ReadAction","target":["https:\/\/insektenliebe.com\/it\/shop\/prodotto\/archachatina-spec-calabar\/"]}]},{"@type":"ImageObject","inLanguage":"it-IT","@id":"https:\/\/insektenliebe.com\/it\/shop\/prodotto\/archachatina-spec-calabar\/#primaryimage","url":"https:\/\/insektenliebe.com\/wp-content\/uploads\/2025\/05\/Archachatina-spec.-_Calabar_-2.jpg","contentUrl":"https:\/\/insektenliebe.com\/wp-content\/uploads\/2025\/05\/Archachatina-spec.-_Calabar_-2.jpg","width":820,"height":820,"caption":"Archachatina-spec.-_Calabar_-2.jpg"},{"@type":"BreadcrumbList","@id":"https:\/\/insektenliebe.com\/it\/shop\/prodotto\/archachatina-spec-calabar\/#breadcrumb","itemListElement":[{"@type":"ListItem","position":1,"name":"Startseite","item":"https:\/\/insektenliebe.com\/it\/"},{"@type":"ListItem","position":2,"name":"Negozio","item":"https:\/\/insektenliebe.com\/it\/negozio\/"},{"@type":"ListItem","position":3,"name":"Archachatina spec. &#8220;Calabar&#8221;"}]},{"@type":"WebSite","@id":"https:\/\/insektenliebe.com\/it\/#website","url":"https:\/\/insektenliebe.com\/it\/","name":"Insektenliebe","description":"Dein Zuhause f\u00fcr die kleinen Lebewesen","publisher":{"@id":"https:\/\/insektenliebe.com\/it\/#organization"},"potentialAction":[{"@type":"SearchAction","target":{"@type":"EntryPoint","urlTemplate":"https:\/\/insektenliebe.com\/it\/?s={search_term_string}"},"query-input":{"@type":"PropertyValueSpecification","valueRequired":true,"valueName":"search_term_string"}}],"inLanguage":"it-IT"},{"@type":"Organization","@id":"https:\/\/insektenliebe.com\/it\/#organization","name":"Insektenliebe","url":"https:\/\/insektenliebe.com\/it\/","logo":{"@type":"ImageObject","inLanguage":"it-IT","@id":"https:\/\/insektenliebe.com\/it\/#\/schema\/logo\/image\/","url":"https:\/\/insektenliebe.com\/wp-content\/uploads\/2025\/03\/logo-white.png","contentUrl":"https:\/\/insektenliebe.com\/wp-content\/uploads\/2025\/03\/logo-white.png","width":288,"height":188,"caption":"Insektenliebe"},"image":{"@id":"https:\/\/insektenliebe.com\/it\/#\/schema\/logo\/image\/"}}]}},"_links":{"self":[{"href":"https:\/\/insektenliebe.com\/it\/wp-json\/wp\/v2\/product\/185337","targetHints":{"allow":["GET"]}}],"collection":[{"href":"https:\/\/insektenliebe.com\/it\/wp-json\/wp\/v2\/product"}],"about":[{"href":"https:\/\/insektenliebe.com\/it\/wp-json\/wp\/v2\/types\/product"}],"wp:featuredmedia":[{"embeddable":true,"href":"https:\/\/insektenliebe.com\/it\/wp-json\/wp\/v2\/media\/185343"}],"wp:attachment":[{"href":"https:\/\/insektenliebe.com\/it\/wp-json\/wp\/v2\/media?parent=185337"}],"wp:term":[{"taxonomy":"product-supplier","embeddable":true,"href":"https:\/\/insektenliebe.com\/it\/wp-json\/wp\/v2\/product-supplier?post=185337"},{"taxonomy":"product_brand","embeddable":true,"href":"https:\/\/insektenliebe.com\/it\/wp-json\/wp\/v2\/product_brand?post=185337"},{"taxonomy":"product_cat","embeddable":true,"href":"https:\/\/insektenliebe.com\/it\/wp-json\/wp\/v2\/product_cat?post=185337"},{"taxonomy":"product_tag","embeddable":true,"href":"https:\/\/insektenliebe.com\/it\/wp-json\/wp\/v2\/product_tag?post=185337"},{"taxonomy":"lce-checkout-addons","embeddable":true,"href":"https:\/\/insektenliebe.com\/it\/wp-json\/wp\/v2\/lce-checkout-addons?post=185337"}],"curies":[{"name":"wp","href":"https:\/\/api.w.org\/{rel}","templated":true}]}}