{"id":185326,"date":"2021-01-23T11:22:00","date_gmt":"2021-01-23T10:22:00","guid":{"rendered":"https:\/\/insektenliebe.com\/shop\/produkt\/armadillidium-spec-casteldaccia\/"},"modified":"2026-03-05T10:28:27","modified_gmt":"2026-03-05T09:28:27","slug":"armadillidium-spec-casteldaccia","status":"publish","type":"product","link":"https:\/\/insektenliebe.com\/it\/shop\/prodotto\/armadillidium-spec-casteldaccia\/","title":{"rendered":"Armadillidium spec. \"Casteldaccia\""},"content":{"rendered":"<h3><span class=\"s1\" style=\"color: #99cc33;\">Si adatta a condizioni di terrario leggermente asciutte<\/span><\/h3>\n<p class=\"p1\"><span class=\"s2\"><strong>Armadillidium spec. \"Casteldaccia\" <\/strong>  \u00e8 una delle cocciniglie pi\u00f9 appariscenti nell&#8217;hobby del terrario. Questi animali colpiscono per la loro insolita colorazione. Il colore di base \u00e8 un grigio scuro che si estende alle antenne e alle zampe. Tra le singole placche dei segmenti brilla un&#8217;impressionante tonalit\u00e0 giallo ocra e oro. Questa combinazione crea un aspetto unico nel terrario.   <\/span><\/p>\n<p class=\"p1\"><span class=\"s2\">La grande variabilit\u00e0 dei colori dorati \u00e8 particolarmente interessante. Alcuni animali mostrano solo lievi accenti dorati, mentre altri hanno una colorazione decisamente pi\u00f9 intensa.  \u00c8 proprio per questo che molti proprietari stanno lavorando ai cosiddetti  <\/span><span class=\"s1\">\"Linee \"High Gold<\/span><span class=\"s2\">in cui il colore dorato \u00e8 particolarmente intenso. Chi ama i progetti di allevamento trover\u00e0 questa specie una sfida entusiasmante. <\/span><\/p>\n<p class=\"p1\"><span class=\"s2\">Il corpo appare forte e massiccio e ricorda fortemente quello di <\/span><span class=\"s1\">Armadillidium gestroi<\/span><span class=\"s2\">. Quando sono in pericolo, gli animali si raggomitolano in una palla stretta, come \u00e8 tipico delle cocciniglie. Questo significa che sono ben protetti e allo stesso tempo affascinanti da osservare. <\/span><\/p>\n<p class=\"p1\"><span class=\"s2\">L&#8217;atteggiamento di  <strong>Armadillidium spec. \"Casteldaccia\" <\/strong><\/span><span class=\"s2\">  \u00e8 considerata poco complicata e quindi adatta anche ai principianti. L&#8217;allestimento di base segue le classiche esigenze di molte cocciniglie. Una miscela di humus forestale e componenti bianchi di legno marcio \u00e8 adatta come substrato. Sopra viene posto uno strato di foglie da foraggio, che serve anche come cibo e copertura. \u00c8 opportuno prevedere anche un angolo di muschio sempre umido, in modo che gli animali possano regolare l&#8217;umidit\u00e0.   <\/span><\/p>\n<p class=\"p1\"><span class=\"s2\">Si consiglia anche una fonte di calcio come l&#8217;osso di seppia. Puoi anche offrire di tanto in tanto del cibo supplementare ricco di proteine. Questo favorir\u00e0 la crescita e la riproduzione.  <\/span><\/p>\n<p class=\"p1\"><span class=\"s2\">Gli animali provengono da <\/span><span class=\"s1\">Casteldaccia in Sicilia<\/span><span class=\"s2\">una regione in provincia di Palermo. Di solito vivono a un&#8217;altitudine di circa 450 metri sul livello del mare. Il loro habitat naturale \u00e8 caratterizzato da terreni argillosi e uliveti. Trovano rifugio sotto gli ulivi e si nutrono principalmente delle foglie che cadono.   <\/span><\/p>\n<p class=\"p1\"><span class=\"s2\">Questa origine significa che sono adattate a <\/span><span class=\"s1\">a periodi estivi secchi<\/span><span class=\"s2\">  adattato. Il terrario pu\u00f2 quindi contenere anche zone un po&#8217; pi\u00f9 secche. Un&#8217;umidit\u00e0 media di circa  <\/span><span class=\"s1\">70 %<\/span><span class=\"s2\"> ha dato prova di s\u00e9 nell&#8217;allevamento.<\/span><\/p>\n<p class=\"p1\"><span class=\"s2\">Questa specie si riproduce in modo affidabile come molte altre cocciniglie. In condizioni adeguate, la prole stabile viene prodotta rapidamente.  Questo lo rende adatto a  <strong>Armadillidium spec. \"Casteldaccia\" <\/strong><\/span><span class=\"s2\">  per i principianti e per i detentori pi\u00f9 esperti che desiderano conservare una specie di isopode speciale e di grande impatto visivo.<\/span><\/p>\n","protected":false},"excerpt":{"rendered":"<p>Una bella prole con colori contrastanti!<\/p>\n","protected":false},"featured_media":185331,"template":"","meta":{"_acf_changed":false},"product-supplier":[],"product_brand":[],"product_cat":[2871,2788],"product_tag":[],"lce-checkout-addons":[2746],"class_list":{"0":"post-185326","1":"product","2":"type-product","3":"status-publish","4":"has-post-thumbnail","6":"product_cat-cocciniglia-armadillidium","7":"product_cat-woodlice","8":"product_shipping_class-spedizione-di-animali","9":"pa_herkunft-italia","10":"pa_kontinent-europa","11":"lce-checkout-addons-imballaggio-invernale","13":"first","14":"outofstock","15":"taxable","16":"shipping-taxable","17":"purchasable","18":"product-type-simple"},"acf":[],"yoast_head":"<!-- This site is optimized with the Yoast SEO plugin v27.3 - https:\/\/yoast.com\/product\/yoast-seo-wordpress\/ -->\n<title>Armadillidium spec. &quot;Casteldaccia&quot; - Insektenliebe<\/title>\n<meta name=\"description\" content=\"Armadillidium spec. &quot;Casteldaccia&quot; - cocciniglia di colore nero-dorato proveniente dalla Sicilia, robusta, adatta ai principianti e facile da allevare.\" \/>\n<meta name=\"robots\" content=\"index, follow, max-snippet:-1, max-image-preview:large, max-video-preview:-1\" \/>\n<link rel=\"canonical\" href=\"https:\/\/insektenliebe.com\/it\/shop\/prodotto\/armadillidium-spec-casteldaccia\/\" \/>\n<meta property=\"og:locale\" content=\"it_IT\" \/>\n<meta property=\"og:type\" content=\"article\" \/>\n<meta property=\"og:title\" content=\"Armadillidium spec. &quot;Casteldaccia&quot; - Insektenliebe\" \/>\n<meta property=\"og:description\" content=\"Armadillidium spec. &quot;Casteldaccia&quot; - cocciniglia di colore nero-dorato proveniente dalla Sicilia, robusta, adatta ai principianti e facile da allevare.\" \/>\n<meta property=\"og:url\" content=\"https:\/\/insektenliebe.com\/it\/shop\/prodotto\/armadillidium-spec-casteldaccia\/\" \/>\n<meta property=\"og:site_name\" content=\"Insektenliebe\" \/>\n<meta property=\"article:modified_time\" content=\"2026-03-05T09:28:27+00:00\" \/>\n<meta property=\"og:image\" content=\"https:\/\/insektenliebe.com\/wp-content\/uploads\/2025\/05\/Armadillidium-spec.-_Casteldaccia_-2.jpg\" \/>\n\t<meta property=\"og:image:width\" content=\"820\" \/>\n\t<meta property=\"og:image:height\" content=\"820\" \/>\n\t<meta property=\"og:image:type\" content=\"image\/jpeg\" \/>\n<meta name=\"twitter:card\" content=\"summary_large_image\" \/>\n<meta name=\"twitter:label1\" content=\"Tempo di lettura stimato\" \/>\n\t<meta name=\"twitter:data1\" content=\"2 minuto\" \/>\n<script type=\"application\/ld+json\" class=\"yoast-schema-graph\">{\"@context\":\"https:\\\/\\\/schema.org\",\"@graph\":[{\"@type\":\"WebPage\",\"@id\":\"https:\\\/\\\/insektenliebe.com\\\/it\\\/shop\\\/prodotto\\\/armadillidium-spec-casteldaccia\\\/\",\"url\":\"https:\\\/\\\/insektenliebe.com\\\/it\\\/shop\\\/prodotto\\\/armadillidium-spec-casteldaccia\\\/\",\"name\":\"Armadillidium spec. \\\"Casteldaccia\\\" - Insektenliebe\",\"isPartOf\":{\"@id\":\"https:\\\/\\\/insektenliebe.com\\\/it\\\/#website\"},\"primaryImageOfPage\":{\"@id\":\"https:\\\/\\\/insektenliebe.com\\\/it\\\/shop\\\/prodotto\\\/armadillidium-spec-casteldaccia\\\/#primaryimage\"},\"image\":{\"@id\":\"https:\\\/\\\/insektenliebe.com\\\/it\\\/shop\\\/prodotto\\\/armadillidium-spec-casteldaccia\\\/#primaryimage\"},\"thumbnailUrl\":\"https:\\\/\\\/insektenliebe.com\\\/wp-content\\\/uploads\\\/2025\\\/05\\\/Armadillidium-spec.-_Casteldaccia_-2.jpg\",\"datePublished\":\"2021-01-23T10:22:00+00:00\",\"dateModified\":\"2026-03-05T09:28:27+00:00\",\"description\":\"Armadillidium spec. \\\"Casteldaccia\\\" - cocciniglia di colore nero-dorato proveniente dalla Sicilia, robusta, adatta ai principianti e facile da allevare.\",\"breadcrumb\":{\"@id\":\"https:\\\/\\\/insektenliebe.com\\\/it\\\/shop\\\/prodotto\\\/armadillidium-spec-casteldaccia\\\/#breadcrumb\"},\"inLanguage\":\"it-IT\",\"potentialAction\":[{\"@type\":\"ReadAction\",\"target\":[\"https:\\\/\\\/insektenliebe.com\\\/it\\\/shop\\\/prodotto\\\/armadillidium-spec-casteldaccia\\\/\"]}]},{\"@type\":\"ImageObject\",\"inLanguage\":\"it-IT\",\"@id\":\"https:\\\/\\\/insektenliebe.com\\\/it\\\/shop\\\/prodotto\\\/armadillidium-spec-casteldaccia\\\/#primaryimage\",\"url\":\"https:\\\/\\\/insektenliebe.com\\\/wp-content\\\/uploads\\\/2025\\\/05\\\/Armadillidium-spec.-_Casteldaccia_-2.jpg\",\"contentUrl\":\"https:\\\/\\\/insektenliebe.com\\\/wp-content\\\/uploads\\\/2025\\\/05\\\/Armadillidium-spec.-_Casteldaccia_-2.jpg\",\"width\":820,\"height\":820,\"caption\":\"Armadillidium-spec.-_Casteldaccia_-2.jpg\"},{\"@type\":\"BreadcrumbList\",\"@id\":\"https:\\\/\\\/insektenliebe.com\\\/it\\\/shop\\\/prodotto\\\/armadillidium-spec-casteldaccia\\\/#breadcrumb\",\"itemListElement\":[{\"@type\":\"ListItem\",\"position\":1,\"name\":\"Startseite\",\"item\":\"https:\\\/\\\/insektenliebe.com\\\/it\\\/\"},{\"@type\":\"ListItem\",\"position\":2,\"name\":\"Negozio\",\"item\":\"https:\\\/\\\/insektenliebe.com\\\/it\\\/negozio\\\/\"},{\"@type\":\"ListItem\",\"position\":3,\"name\":\"Armadillidium spec. \\\"Casteldaccia\\\"\"}]},{\"@type\":\"WebSite\",\"@id\":\"https:\\\/\\\/insektenliebe.com\\\/it\\\/#website\",\"url\":\"https:\\\/\\\/insektenliebe.com\\\/it\\\/\",\"name\":\"Insektenliebe\",\"description\":\"Dein Zuhause f\u00fcr die kleinen Lebewesen\",\"publisher\":{\"@id\":\"https:\\\/\\\/insektenliebe.com\\\/it\\\/#organization\"},\"potentialAction\":[{\"@type\":\"SearchAction\",\"target\":{\"@type\":\"EntryPoint\",\"urlTemplate\":\"https:\\\/\\\/insektenliebe.com\\\/it\\\/?s={search_term_string}\"},\"query-input\":{\"@type\":\"PropertyValueSpecification\",\"valueRequired\":true,\"valueName\":\"search_term_string\"}}],\"inLanguage\":\"it-IT\"},{\"@type\":\"Organization\",\"@id\":\"https:\\\/\\\/insektenliebe.com\\\/it\\\/#organization\",\"name\":\"Insektenliebe\",\"url\":\"https:\\\/\\\/insektenliebe.com\\\/it\\\/\",\"logo\":{\"@type\":\"ImageObject\",\"inLanguage\":\"it-IT\",\"@id\":\"https:\\\/\\\/insektenliebe.com\\\/it\\\/#\\\/schema\\\/logo\\\/image\\\/\",\"url\":\"https:\\\/\\\/insektenliebe.com\\\/wp-content\\\/uploads\\\/2025\\\/03\\\/logo-white.png\",\"contentUrl\":\"https:\\\/\\\/insektenliebe.com\\\/wp-content\\\/uploads\\\/2025\\\/03\\\/logo-white.png\",\"width\":288,\"height\":188,\"caption\":\"Insektenliebe\"},\"image\":{\"@id\":\"https:\\\/\\\/insektenliebe.com\\\/it\\\/#\\\/schema\\\/logo\\\/image\\\/\"}}]}<\/script>\n<!-- \/ Yoast SEO plugin. -->","yoast_head_json":{"title":"Armadillidium spec. \"Casteldaccia\" - Insektenliebe","description":"Armadillidium spec. \"Casteldaccia\" - cocciniglia di colore nero-dorato proveniente dalla Sicilia, robusta, adatta ai principianti e facile da allevare.","robots":{"index":"index","follow":"follow","max-snippet":"max-snippet:-1","max-image-preview":"max-image-preview:large","max-video-preview":"max-video-preview:-1"},"canonical":"https:\/\/insektenliebe.com\/it\/shop\/prodotto\/armadillidium-spec-casteldaccia\/","og_locale":"it_IT","og_type":"article","og_title":"Armadillidium spec. \"Casteldaccia\" - Insektenliebe","og_description":"Armadillidium spec. \"Casteldaccia\" - cocciniglia di colore nero-dorato proveniente dalla Sicilia, robusta, adatta ai principianti e facile da allevare.","og_url":"https:\/\/insektenliebe.com\/it\/shop\/prodotto\/armadillidium-spec-casteldaccia\/","og_site_name":"Insektenliebe","article_modified_time":"2026-03-05T09:28:27+00:00","og_image":[{"width":820,"height":820,"url":"https:\/\/insektenliebe.com\/wp-content\/uploads\/2025\/05\/Armadillidium-spec.-_Casteldaccia_-2.jpg","type":"image\/jpeg"}],"twitter_card":"summary_large_image","twitter_misc":{"Tempo di lettura stimato":"2 minuto"},"schema":{"@context":"https:\/\/schema.org","@graph":[{"@type":"WebPage","@id":"https:\/\/insektenliebe.com\/it\/shop\/prodotto\/armadillidium-spec-casteldaccia\/","url":"https:\/\/insektenliebe.com\/it\/shop\/prodotto\/armadillidium-spec-casteldaccia\/","name":"Armadillidium spec. \"Casteldaccia\" - Insektenliebe","isPartOf":{"@id":"https:\/\/insektenliebe.com\/it\/#website"},"primaryImageOfPage":{"@id":"https:\/\/insektenliebe.com\/it\/shop\/prodotto\/armadillidium-spec-casteldaccia\/#primaryimage"},"image":{"@id":"https:\/\/insektenliebe.com\/it\/shop\/prodotto\/armadillidium-spec-casteldaccia\/#primaryimage"},"thumbnailUrl":"https:\/\/insektenliebe.com\/wp-content\/uploads\/2025\/05\/Armadillidium-spec.-_Casteldaccia_-2.jpg","datePublished":"2021-01-23T10:22:00+00:00","dateModified":"2026-03-05T09:28:27+00:00","description":"Armadillidium spec. \"Casteldaccia\" - cocciniglia di colore nero-dorato proveniente dalla Sicilia, robusta, adatta ai principianti e facile da allevare.","breadcrumb":{"@id":"https:\/\/insektenliebe.com\/it\/shop\/prodotto\/armadillidium-spec-casteldaccia\/#breadcrumb"},"inLanguage":"it-IT","potentialAction":[{"@type":"ReadAction","target":["https:\/\/insektenliebe.com\/it\/shop\/prodotto\/armadillidium-spec-casteldaccia\/"]}]},{"@type":"ImageObject","inLanguage":"it-IT","@id":"https:\/\/insektenliebe.com\/it\/shop\/prodotto\/armadillidium-spec-casteldaccia\/#primaryimage","url":"https:\/\/insektenliebe.com\/wp-content\/uploads\/2025\/05\/Armadillidium-spec.-_Casteldaccia_-2.jpg","contentUrl":"https:\/\/insektenliebe.com\/wp-content\/uploads\/2025\/05\/Armadillidium-spec.-_Casteldaccia_-2.jpg","width":820,"height":820,"caption":"Armadillidium-spec.-_Casteldaccia_-2.jpg"},{"@type":"BreadcrumbList","@id":"https:\/\/insektenliebe.com\/it\/shop\/prodotto\/armadillidium-spec-casteldaccia\/#breadcrumb","itemListElement":[{"@type":"ListItem","position":1,"name":"Startseite","item":"https:\/\/insektenliebe.com\/it\/"},{"@type":"ListItem","position":2,"name":"Negozio","item":"https:\/\/insektenliebe.com\/it\/negozio\/"},{"@type":"ListItem","position":3,"name":"Armadillidium spec. \"Casteldaccia\""}]},{"@type":"WebSite","@id":"https:\/\/insektenliebe.com\/it\/#website","url":"https:\/\/insektenliebe.com\/it\/","name":"Insektenliebe","description":"Dein Zuhause f\u00fcr die kleinen Lebewesen","publisher":{"@id":"https:\/\/insektenliebe.com\/it\/#organization"},"potentialAction":[{"@type":"SearchAction","target":{"@type":"EntryPoint","urlTemplate":"https:\/\/insektenliebe.com\/it\/?s={search_term_string}"},"query-input":{"@type":"PropertyValueSpecification","valueRequired":true,"valueName":"search_term_string"}}],"inLanguage":"it-IT"},{"@type":"Organization","@id":"https:\/\/insektenliebe.com\/it\/#organization","name":"Insektenliebe","url":"https:\/\/insektenliebe.com\/it\/","logo":{"@type":"ImageObject","inLanguage":"it-IT","@id":"https:\/\/insektenliebe.com\/it\/#\/schema\/logo\/image\/","url":"https:\/\/insektenliebe.com\/wp-content\/uploads\/2025\/03\/logo-white.png","contentUrl":"https:\/\/insektenliebe.com\/wp-content\/uploads\/2025\/03\/logo-white.png","width":288,"height":188,"caption":"Insektenliebe"},"image":{"@id":"https:\/\/insektenliebe.com\/it\/#\/schema\/logo\/image\/"}}]}},"_links":{"self":[{"href":"https:\/\/insektenliebe.com\/it\/wp-json\/wp\/v2\/product\/185326","targetHints":{"allow":["GET"]}}],"collection":[{"href":"https:\/\/insektenliebe.com\/it\/wp-json\/wp\/v2\/product"}],"about":[{"href":"https:\/\/insektenliebe.com\/it\/wp-json\/wp\/v2\/types\/product"}],"wp:featuredmedia":[{"embeddable":true,"href":"https:\/\/insektenliebe.com\/it\/wp-json\/wp\/v2\/media\/185331"}],"wp:attachment":[{"href":"https:\/\/insektenliebe.com\/it\/wp-json\/wp\/v2\/media?parent=185326"}],"wp:term":[{"taxonomy":"product-supplier","embeddable":true,"href":"https:\/\/insektenliebe.com\/it\/wp-json\/wp\/v2\/product-supplier?post=185326"},{"taxonomy":"product_brand","embeddable":true,"href":"https:\/\/insektenliebe.com\/it\/wp-json\/wp\/v2\/product_brand?post=185326"},{"taxonomy":"product_cat","embeddable":true,"href":"https:\/\/insektenliebe.com\/it\/wp-json\/wp\/v2\/product_cat?post=185326"},{"taxonomy":"product_tag","embeddable":true,"href":"https:\/\/insektenliebe.com\/it\/wp-json\/wp\/v2\/product_tag?post=185326"},{"taxonomy":"lce-checkout-addons","embeddable":true,"href":"https:\/\/insektenliebe.com\/it\/wp-json\/wp\/v2\/lce-checkout-addons?post=185326"}],"curies":[{"name":"wp","href":"https:\/\/api.w.org\/{rel}","templated":true}]}}