{"id":185290,"date":"2021-01-21T09:04:00","date_gmt":"2021-01-21T08:04:00","guid":{"rendered":"https:\/\/insektenliebe.com\/shop\/produkt\/cibo-per-scarafaggi\/"},"modified":"2026-03-08T17:22:22","modified_gmt":"2026-03-08T16:22:22","slug":"cibo-per-scarafaggi","status":"publish","type":"product","link":"https:\/\/insektenliebe.com\/it\/shop\/prodotto\/cibo-per-scarafaggi\/","title":{"rendered":"Cibo per scarafaggi"},"content":{"rendered":"<h3><span class=\"s1\" style=\"color: #99cc33;\">Mangime concentrato per il tuo allevamento - cibo per scarafaggi per animali sani e vitali<\/span><\/h3>\n<p class=\"p1\"><span class=\"s1\">Questo <\/span><strong><span class=\"s2\">cibo per scarafaggi<\/span><\/strong><span class=\"s1\"> \u00e8 stato sviluppato appositamente per <\/span><span class=\"s2\">l&#8217;allevamento di scarafaggi<\/span><span class=\"s1\"> ed \u00e8 ideale come mangime completo <\/span><span class=\"s2\">mangime completo<\/span><span class=\"s1\">. La miscela equilibrata di ingredienti di alta qualit\u00e0 garantisce un&#8217;alimentazione ottimale ai tuoi animali.<\/span><\/p>\n<p class=\"p1\"><span class=\"s1\">Il cibo consiste in <\/span><span class=\"s2\">crostacei e cereali delicatamente essiccati<\/span><span class=\"s1\">. Di conseguenza, contiene un&#8217;elevata quantit\u00e0 di  <\/span><span class=\"s2\">proteine e importanti vitamine<\/span><span class=\"s1\">che sono fondamentali per lo sviluppo sano degli scarafaggi.<\/span><\/p>\n<p class=\"p1\"><span class=\"s1\">Utilizziamo questo alimento nel nostro programma di allevamento di <\/span><span class=\"s2\">tutte le specie di scarafaggi<\/span><span class=\"s1\">che teniamo. \u00c8 stato dimostrato pi\u00f9 volte che gli animali accettano molto bene il cibo. La miscela \u00e8    <\/span><span class=\"s2\">mangiati in modo uniforme<\/span><span class=\"s1\">in modo che non rimanga quasi nessun resto.<\/span><\/p>\n<p class=\"p1\"><span class=\"s1\">Un vantaggio importante \u00e8 che il cibo <\/span><span class=\"s2\">non rimane a lungo in giro e quindi si ammuffisce meno rapidamente.<\/span><span class=\"s1\">. Gli animali lo assorbono rapidamente e lo utilizzano in modo affidabile. In questo modo il box di allevamento rimane pi\u00f9 pulito e si riduce il rischio di formazione di muffa. <\/span><\/p>\n<p class=\"p1\"><span class=\"s1\">Il <strong>mangime per scarafaggi<\/strong> \u00e8 adatto sia per <\/span><span class=\"s2\">specie di mangime classico<\/span><span class=\"s1\">  cos\u00ec come per le colonie di riproduzione pi\u00f9 grandi. Grazie alla sua composizione equilibrata, pu\u00f2 essere facilmente   <\/span><span class=\"s2\">pu\u00f2 essere utilizzato come mangime completo<\/span><span class=\"s1\">.<\/span><\/p>\n<p class=\"p1\"><span class=\"s1\">La fodera \u00e8 fornita in un pratico astuccio <\/span><span class=\"s2\">pratico astuccio con chiusura a zip<\/span><span class=\"s1\">. In questo modo gli alimenti si mantengono freschi pi\u00f9 a lungo e sono facili da conservare e distribuire.<\/span><\/p>\n<p class=\"p1\"><span class=\"s2\">Dosaggio:<\/span><\/p>\n<p class=\"p1\"><span class=\"s1\">Aggiungine una piccola quantit\u00e0 alla scatola di allevamento ogni giorno. L&#8217;ideale sarebbe dosare l&#8217;alimento in modo che gli scarafaggi   <\/span><span class=\"s2\">mangiano tutto in un giorno<\/span><span class=\"s1\">. In questo modo il mangime rimane fresco e le condizioni di allevamento ottimali.<\/span><\/p>\n<p class=\"p1\"><span class=\"s1\">Con questo <\/span><strong><span class=\"s2\">cibo per scarafaggi<\/span><\/strong><span class=\"s1\"> puoi rifornire in modo affidabile il tuo programma di allevamento con importanti sostanze nutritive e creare una base stabile per animali sani e produttivi.<\/span><\/p>\n","protected":false},"excerpt":{"rendered":"<p>Alimento completo per tutte le specie di scarafaggi!<\/p>\n","protected":false},"featured_media":185291,"template":"","meta":{"_acf_changed":false},"product-supplier":[],"product_brand":[],"product_cat":[2815],"product_tag":[],"lce-checkout-addons":[],"class_list":{"0":"post-185290","1":"product","2":"type-product","3":"status-publish","4":"has-post-thumbnail","6":"product_cat-cibo-e-calcio","7":"product_shipping_class-equipment-shipping","9":"first","10":"instock","11":"taxable","12":"shipping-taxable","13":"purchasable","14":"product-type-simple"},"acf":[],"yoast_head":"<!-- This site is optimized with the Yoast SEO plugin v27.3 - https:\/\/yoast.com\/product\/yoast-seo-wordpress\/ -->\n<title>Cibo per scarafaggi - Insektenliebe<\/title>\n<meta name=\"description\" content=\"Mangime per scarafaggi in busta stand-up con ZIP - alimento completo ricco di proteine a base di crostacei e cereali per un allevamento di successo degli scarafaggi.\" \/>\n<meta name=\"robots\" content=\"index, follow, max-snippet:-1, max-image-preview:large, max-video-preview:-1\" \/>\n<link rel=\"canonical\" href=\"https:\/\/insektenliebe.com\/it\/shop\/prodotto\/cibo-per-scarafaggi\/\" \/>\n<meta property=\"og:locale\" content=\"it_IT\" \/>\n<meta property=\"og:type\" content=\"article\" \/>\n<meta property=\"og:title\" content=\"Cibo per scarafaggi - Insektenliebe\" \/>\n<meta property=\"og:description\" content=\"Mangime per scarafaggi in busta stand-up con ZIP - alimento completo ricco di proteine a base di crostacei e cereali per un allevamento di successo degli scarafaggi.\" \/>\n<meta property=\"og:url\" content=\"https:\/\/insektenliebe.com\/it\/shop\/prodotto\/cibo-per-scarafaggi\/\" \/>\n<meta property=\"og:site_name\" content=\"Insektenliebe\" \/>\n<meta property=\"article:modified_time\" content=\"2026-03-08T16:22:22+00:00\" \/>\n<meta property=\"og:image\" content=\"https:\/\/insektenliebe.com\/wp-content\/uploads\/2025\/05\/Schabenfutter-3-2.jpg\" \/>\n\t<meta property=\"og:image:width\" content=\"820\" \/>\n\t<meta property=\"og:image:height\" content=\"820\" \/>\n\t<meta property=\"og:image:type\" content=\"image\/jpeg\" \/>\n<meta name=\"twitter:card\" content=\"summary_large_image\" \/>\n<meta name=\"twitter:label1\" content=\"Tempo di lettura stimato\" \/>\n\t<meta name=\"twitter:data1\" content=\"1 minuto\" \/>\n<script type=\"application\/ld+json\" class=\"yoast-schema-graph\">{\"@context\":\"https:\\\/\\\/schema.org\",\"@graph\":[{\"@type\":\"WebPage\",\"@id\":\"https:\\\/\\\/insektenliebe.com\\\/it\\\/shop\\\/prodotto\\\/cibo-per-scarafaggi\\\/\",\"url\":\"https:\\\/\\\/insektenliebe.com\\\/it\\\/shop\\\/prodotto\\\/cibo-per-scarafaggi\\\/\",\"name\":\"Cibo per scarafaggi - Insektenliebe\",\"isPartOf\":{\"@id\":\"https:\\\/\\\/insektenliebe.com\\\/it\\\/#website\"},\"primaryImageOfPage\":{\"@id\":\"https:\\\/\\\/insektenliebe.com\\\/it\\\/shop\\\/prodotto\\\/cibo-per-scarafaggi\\\/#primaryimage\"},\"image\":{\"@id\":\"https:\\\/\\\/insektenliebe.com\\\/it\\\/shop\\\/prodotto\\\/cibo-per-scarafaggi\\\/#primaryimage\"},\"thumbnailUrl\":\"https:\\\/\\\/insektenliebe.com\\\/wp-content\\\/uploads\\\/2025\\\/05\\\/Schabenfutter-3-2.jpg\",\"datePublished\":\"2021-01-21T08:04:00+00:00\",\"dateModified\":\"2026-03-08T16:22:22+00:00\",\"description\":\"Mangime per scarafaggi in busta stand-up con ZIP - alimento completo ricco di proteine a base di crostacei e cereali per un allevamento di successo degli scarafaggi.\",\"breadcrumb\":{\"@id\":\"https:\\\/\\\/insektenliebe.com\\\/it\\\/shop\\\/prodotto\\\/cibo-per-scarafaggi\\\/#breadcrumb\"},\"inLanguage\":\"it-IT\",\"potentialAction\":[{\"@type\":\"ReadAction\",\"target\":[\"https:\\\/\\\/insektenliebe.com\\\/it\\\/shop\\\/prodotto\\\/cibo-per-scarafaggi\\\/\"]}]},{\"@type\":\"ImageObject\",\"inLanguage\":\"it-IT\",\"@id\":\"https:\\\/\\\/insektenliebe.com\\\/it\\\/shop\\\/prodotto\\\/cibo-per-scarafaggi\\\/#primaryimage\",\"url\":\"https:\\\/\\\/insektenliebe.com\\\/wp-content\\\/uploads\\\/2025\\\/05\\\/Schabenfutter-3-2.jpg\",\"contentUrl\":\"https:\\\/\\\/insektenliebe.com\\\/wp-content\\\/uploads\\\/2025\\\/05\\\/Schabenfutter-3-2.jpg\",\"width\":820,\"height\":820,\"caption\":\"Cibo per scarafaggi-3-2.jpg\"},{\"@type\":\"BreadcrumbList\",\"@id\":\"https:\\\/\\\/insektenliebe.com\\\/it\\\/shop\\\/prodotto\\\/cibo-per-scarafaggi\\\/#breadcrumb\",\"itemListElement\":[{\"@type\":\"ListItem\",\"position\":1,\"name\":\"Startseite\",\"item\":\"https:\\\/\\\/insektenliebe.com\\\/it\\\/\"},{\"@type\":\"ListItem\",\"position\":2,\"name\":\"Negozio\",\"item\":\"https:\\\/\\\/insektenliebe.com\\\/it\\\/negozio\\\/\"},{\"@type\":\"ListItem\",\"position\":3,\"name\":\"Cibo per scarafaggi\"}]},{\"@type\":\"WebSite\",\"@id\":\"https:\\\/\\\/insektenliebe.com\\\/it\\\/#website\",\"url\":\"https:\\\/\\\/insektenliebe.com\\\/it\\\/\",\"name\":\"Insektenliebe\",\"description\":\"Dein Zuhause f\u00fcr die kleinen Lebewesen\",\"publisher\":{\"@id\":\"https:\\\/\\\/insektenliebe.com\\\/it\\\/#organization\"},\"potentialAction\":[{\"@type\":\"SearchAction\",\"target\":{\"@type\":\"EntryPoint\",\"urlTemplate\":\"https:\\\/\\\/insektenliebe.com\\\/it\\\/?s={search_term_string}\"},\"query-input\":{\"@type\":\"PropertyValueSpecification\",\"valueRequired\":true,\"valueName\":\"search_term_string\"}}],\"inLanguage\":\"it-IT\"},{\"@type\":\"Organization\",\"@id\":\"https:\\\/\\\/insektenliebe.com\\\/it\\\/#organization\",\"name\":\"Insektenliebe\",\"url\":\"https:\\\/\\\/insektenliebe.com\\\/it\\\/\",\"logo\":{\"@type\":\"ImageObject\",\"inLanguage\":\"it-IT\",\"@id\":\"https:\\\/\\\/insektenliebe.com\\\/it\\\/#\\\/schema\\\/logo\\\/image\\\/\",\"url\":\"https:\\\/\\\/insektenliebe.com\\\/wp-content\\\/uploads\\\/2025\\\/03\\\/logo-white.png\",\"contentUrl\":\"https:\\\/\\\/insektenliebe.com\\\/wp-content\\\/uploads\\\/2025\\\/03\\\/logo-white.png\",\"width\":288,\"height\":188,\"caption\":\"Insektenliebe\"},\"image\":{\"@id\":\"https:\\\/\\\/insektenliebe.com\\\/it\\\/#\\\/schema\\\/logo\\\/image\\\/\"}}]}<\/script>\n<!-- \/ Yoast SEO plugin. -->","yoast_head_json":{"title":"Cibo per scarafaggi - Insektenliebe","description":"Mangime per scarafaggi in busta stand-up con ZIP - alimento completo ricco di proteine a base di crostacei e cereali per un allevamento di successo degli scarafaggi.","robots":{"index":"index","follow":"follow","max-snippet":"max-snippet:-1","max-image-preview":"max-image-preview:large","max-video-preview":"max-video-preview:-1"},"canonical":"https:\/\/insektenliebe.com\/it\/shop\/prodotto\/cibo-per-scarafaggi\/","og_locale":"it_IT","og_type":"article","og_title":"Cibo per scarafaggi - Insektenliebe","og_description":"Mangime per scarafaggi in busta stand-up con ZIP - alimento completo ricco di proteine a base di crostacei e cereali per un allevamento di successo degli scarafaggi.","og_url":"https:\/\/insektenliebe.com\/it\/shop\/prodotto\/cibo-per-scarafaggi\/","og_site_name":"Insektenliebe","article_modified_time":"2026-03-08T16:22:22+00:00","og_image":[{"width":820,"height":820,"url":"https:\/\/insektenliebe.com\/wp-content\/uploads\/2025\/05\/Schabenfutter-3-2.jpg","type":"image\/jpeg"}],"twitter_card":"summary_large_image","twitter_misc":{"Tempo di lettura stimato":"1 minuto"},"schema":{"@context":"https:\/\/schema.org","@graph":[{"@type":"WebPage","@id":"https:\/\/insektenliebe.com\/it\/shop\/prodotto\/cibo-per-scarafaggi\/","url":"https:\/\/insektenliebe.com\/it\/shop\/prodotto\/cibo-per-scarafaggi\/","name":"Cibo per scarafaggi - Insektenliebe","isPartOf":{"@id":"https:\/\/insektenliebe.com\/it\/#website"},"primaryImageOfPage":{"@id":"https:\/\/insektenliebe.com\/it\/shop\/prodotto\/cibo-per-scarafaggi\/#primaryimage"},"image":{"@id":"https:\/\/insektenliebe.com\/it\/shop\/prodotto\/cibo-per-scarafaggi\/#primaryimage"},"thumbnailUrl":"https:\/\/insektenliebe.com\/wp-content\/uploads\/2025\/05\/Schabenfutter-3-2.jpg","datePublished":"2021-01-21T08:04:00+00:00","dateModified":"2026-03-08T16:22:22+00:00","description":"Mangime per scarafaggi in busta stand-up con ZIP - alimento completo ricco di proteine a base di crostacei e cereali per un allevamento di successo degli scarafaggi.","breadcrumb":{"@id":"https:\/\/insektenliebe.com\/it\/shop\/prodotto\/cibo-per-scarafaggi\/#breadcrumb"},"inLanguage":"it-IT","potentialAction":[{"@type":"ReadAction","target":["https:\/\/insektenliebe.com\/it\/shop\/prodotto\/cibo-per-scarafaggi\/"]}]},{"@type":"ImageObject","inLanguage":"it-IT","@id":"https:\/\/insektenliebe.com\/it\/shop\/prodotto\/cibo-per-scarafaggi\/#primaryimage","url":"https:\/\/insektenliebe.com\/wp-content\/uploads\/2025\/05\/Schabenfutter-3-2.jpg","contentUrl":"https:\/\/insektenliebe.com\/wp-content\/uploads\/2025\/05\/Schabenfutter-3-2.jpg","width":820,"height":820,"caption":"Cibo per scarafaggi-3-2.jpg"},{"@type":"BreadcrumbList","@id":"https:\/\/insektenliebe.com\/it\/shop\/prodotto\/cibo-per-scarafaggi\/#breadcrumb","itemListElement":[{"@type":"ListItem","position":1,"name":"Startseite","item":"https:\/\/insektenliebe.com\/it\/"},{"@type":"ListItem","position":2,"name":"Negozio","item":"https:\/\/insektenliebe.com\/it\/negozio\/"},{"@type":"ListItem","position":3,"name":"Cibo per scarafaggi"}]},{"@type":"WebSite","@id":"https:\/\/insektenliebe.com\/it\/#website","url":"https:\/\/insektenliebe.com\/it\/","name":"Insektenliebe","description":"Dein Zuhause f\u00fcr die kleinen Lebewesen","publisher":{"@id":"https:\/\/insektenliebe.com\/it\/#organization"},"potentialAction":[{"@type":"SearchAction","target":{"@type":"EntryPoint","urlTemplate":"https:\/\/insektenliebe.com\/it\/?s={search_term_string}"},"query-input":{"@type":"PropertyValueSpecification","valueRequired":true,"valueName":"search_term_string"}}],"inLanguage":"it-IT"},{"@type":"Organization","@id":"https:\/\/insektenliebe.com\/it\/#organization","name":"Insektenliebe","url":"https:\/\/insektenliebe.com\/it\/","logo":{"@type":"ImageObject","inLanguage":"it-IT","@id":"https:\/\/insektenliebe.com\/it\/#\/schema\/logo\/image\/","url":"https:\/\/insektenliebe.com\/wp-content\/uploads\/2025\/03\/logo-white.png","contentUrl":"https:\/\/insektenliebe.com\/wp-content\/uploads\/2025\/03\/logo-white.png","width":288,"height":188,"caption":"Insektenliebe"},"image":{"@id":"https:\/\/insektenliebe.com\/it\/#\/schema\/logo\/image\/"}}]}},"_links":{"self":[{"href":"https:\/\/insektenliebe.com\/it\/wp-json\/wp\/v2\/product\/185290","targetHints":{"allow":["GET"]}}],"collection":[{"href":"https:\/\/insektenliebe.com\/it\/wp-json\/wp\/v2\/product"}],"about":[{"href":"https:\/\/insektenliebe.com\/it\/wp-json\/wp\/v2\/types\/product"}],"wp:featuredmedia":[{"embeddable":true,"href":"https:\/\/insektenliebe.com\/it\/wp-json\/wp\/v2\/media\/185291"}],"wp:attachment":[{"href":"https:\/\/insektenliebe.com\/it\/wp-json\/wp\/v2\/media?parent=185290"}],"wp:term":[{"taxonomy":"product-supplier","embeddable":true,"href":"https:\/\/insektenliebe.com\/it\/wp-json\/wp\/v2\/product-supplier?post=185290"},{"taxonomy":"product_brand","embeddable":true,"href":"https:\/\/insektenliebe.com\/it\/wp-json\/wp\/v2\/product_brand?post=185290"},{"taxonomy":"product_cat","embeddable":true,"href":"https:\/\/insektenliebe.com\/it\/wp-json\/wp\/v2\/product_cat?post=185290"},{"taxonomy":"product_tag","embeddable":true,"href":"https:\/\/insektenliebe.com\/it\/wp-json\/wp\/v2\/product_tag?post=185290"},{"taxonomy":"lce-checkout-addons","embeddable":true,"href":"https:\/\/insektenliebe.com\/it\/wp-json\/wp\/v2\/lce-checkout-addons?post=185290"}],"curies":[{"name":"wp","href":"https:\/\/api.w.org\/{rel}","templated":true}]}}